{"id":1760,"date":"2023-11-06T17:32:27","date_gmt":"2023-11-06T17:32:27","guid":{"rendered":"https:\/\/exceladvisor.org\/tr\/coklu-kosullar\/"},"modified":"2023-12-10T06:00:52","modified_gmt":"2023-12-10T06:00:52","slug":"coklu-kosullar","status":"publish","type":"page","link":"https:\/\/exceladvisor.org\/tr\/coklu-kosullar\/","title":{"rendered":"Excel&#39;de birden \u00e7ok ko\u015ful nas\u0131l uygulan\u0131r?"},"content":{"rendered":"<div class=\"excel-icerikten-once\" id=\"excel-2444305633\"><script type=\"text\/javascript\">\r\n\tatOptions = {\r\n\t\t'key' : 'c1158f160081d6540a8409e6925dab94',\r\n\t\t'format' : 'iframe',\r\n\t\t'height' : 250,\r\n\t\t'width' : 300,\r\n\t\t'params' : {}\r\n\t};\r\n<\/script>\r\n<script type=\"text\/javascript\" src=\"\/\/www.highperformanceformat.com\/c1158f160081d6540a8409e6925dab94\/invoke.js\"><\/script><\/div> <p>Excel&#8217;de, tek bir h\u00fccreye veya h\u00fccre aral\u0131\u011f\u0131na birden \u00e7ok ko\u015ful uygulamak i\u00e7in ko\u015fullu bi\u00e7imlendirmeyi kullanabilirsiniz. Ve bunu yapman\u0131n iki yolu var:<\/p><ul><li> Kural\u0131 iki kez uygulay\u0131n.<\/li><li> Veya iki ko\u015fulu ayn\u0131 anda test etmek i\u00e7in bir form\u00fcl kullan\u0131rs\u0131n\u0131z.<\/li><\/ul><p> Bu dersimizde bu y\u00f6ntemlerin nas\u0131l kullan\u0131laca\u011f\u0131n\u0131 ayr\u0131nt\u0131l\u0131 olarak \u00f6\u011frenece\u011fiz.<\/p><h2 class=\"wp-block-heading\"> Ko\u015fullu bi\u00e7imlendirmede birden \u00e7ok ko\u015ful (2 ko\u015ful)<\/h2><ol><li> \u00d6ncelikle ko\u015fullar\u0131 uygulamak istedi\u011finiz h\u00fccre aral\u0131\u011f\u0131n\u0131 se\u00e7in ve Ko\u015fullu Bi\u00e7imlendirme &gt; H\u00fccre Vurgulama Kurallar\u0131 &gt; B\u00fcy\u00fckt\u00fcr se\u00e7ene\u011fine gidin. <br><img loading=\"lazy\" decoding=\"async\" title=\"1-ko\u015fullu-bi\u00e7imlendirmede birden \u00e7ok ko\u015ful\" src=\"https:\/\/exceladvisor.org\/wp-content\/uploads\/2023\/08\/1-conditions-multiples-dans-la-mise-en-forme-conditionnelle.png\" sizes=\"auto, \" srcset=\"\" alt=\"1-multiple-conditions-in-conditional-formatting\" width=\"443\" height=\"397\"><\/li><li> Oradan, ileti\u015fim kutusuna 1500 girin ve 1500&#8217;\u00fcn \u00fczerindeki h\u00fccrelere uygulanacak format\u0131 se\u00e7in. Bunu yapt\u0131ktan sonra kural\u0131 uygulamak i\u00e7in Tamam&#8217;\u0131 t\u0131klay\u0131n. <br><img loading=\"lazy\" decoding=\"async\" title=\"2-b\u00fcy\u00fck-de\u011feri girin\" src=\"https:\/\/exceladvisor.org\/wp-content\/uploads\/2023\/08\/2-entrer-la-valeur-superieure-a.png\" sizes=\"auto, \" srcset=\"\" alt=\"2-enter-the-value-greater-than\" width=\"522\" height=\"348\"><\/li><li> Tekrar Ko\u015fullu Bi\u00e7imlendirme &gt; H\u00fccre Vurgu Kural\u0131 &gt; Daha Az&#8217;a gidin. <br><img loading=\"lazy\" decoding=\"async\" title=\"3-ko\u015fullu-bi\u00e7imlendirme-daha az\" src=\"https:\/\/exceladvisor.org\/wp-content\/uploads\/2023\/08\/3-mise-en-forme-conditionnelle-moins-de.png\" sizes=\"auto, \" srcset=\"\" alt=\"3-conditonal-formatting-less-than\" width=\"442\" height=\"449\"><\/li><li> Bundan sonra ileti\u015fim kutusunda 700&#8217;\u00fc girin ve aral\u0131\u011fa uygulamak istedi\u011finiz format\u0131 se\u00e7in. \u0130\u015finiz bitti\u011finde Tamam&#8217;a t\u0131klay\u0131n ve kural\u0131 uygulay\u0131n. <br><img loading=\"lazy\" decoding=\"async\" title=\"4-de\u011ferden k\u00fc\u00e7\u00fck girin\" src=\"https:\/\/exceladvisor.org\/wp-content\/uploads\/2023\/08\/4-entrez-la-valeur-inferieure-a.png\" sizes=\"auto, \" srcset=\"\" alt=\"4-enter-the-less-than-value\" width=\"516\" height=\"342\"><\/li><\/ol><p> \u015eimdi burada ayn\u0131 h\u00fccre aral\u0131\u011f\u0131na uygulanan iki ko\u015ful var. \u0130lk durumda de\u011feri 1500&#8217;den b\u00fcy\u00fck olan h\u00fccreleri vurgular; ikinci durumda de\u011feri 700&#8217;den k\u00fc\u00e7\u00fck olan h\u00fccreleri vurgular.<\/p><h2 class=\"wp-block-heading\"> Ko\u015fullu bi\u00e7imlendirmede birden \u00e7ok ko\u015ful (tek form\u00fcl)<\/h2><p> Ko\u015fulun bu b\u00f6l\u00fcm\u00fcnde, iki ko\u015fulu tek kuralda test etmek i\u00e7in form\u00fcl\u00fc kullanman\u0131z gerekir.<\/p><ol><li> \u00d6ncelikle h\u00fccre aral\u0131\u011f\u0131n\u0131 se\u00e7in ve Ko\u015fullu Bi\u00e7imlendirme &gt; Yeni Kural&#8217;a gidin. <br><img loading=\"lazy\" decoding=\"async\" title=\"5-ko\u015fullu-bi\u00e7imlendirme-yeni-kural\" src=\"https:\/\/exceladvisor.org\/wp-content\/uploads\/2023\/08\/5-nouvelle-regle-de-mise-en-forme-conditionnelle.png\" sizes=\"auto, \" srcset=\"\" alt=\"5-conditional-formatting-new-rule\" width=\"316\" height=\"411\"><\/li><li> \u0130leti\u015fim kutusunda &#8220;Hangi h\u00fccrenin bi\u00e7imlendirilece\u011fini belirlemek i\u00e7in form\u00fcl kullan&#8221; se\u00e7ene\u011fini t\u0131klay\u0131n. <br><img loading=\"lazy\" decoding=\"async\" title=\"6-h\u00fccreyi-belirlemek i\u00e7in-bir-form\u00fcl-se\u00e7in\" src=\"https:\/\/exceladvisor.org\/wp-content\/uploads\/2023\/08\/6-selectionner-utiliser-une-formule-pour-determiner-la-cellule.png\" sizes=\"auto, \" srcset=\"\" alt=\"6-select-use-a-formula-to-determine-cell\" width=\"516\" height=\"194\"><\/li><li> Bundan sonra form\u00fcl giri\u015f \u00e7ubu\u011funa =E\u011eER(VEYA(A1&gt;1500,A1&lt;700),DO\u011eRU,YANLI\u015e) form\u00fcl\u00fcn\u00fc girin ve h\u00fccrelere uygulamak istedi\u011finiz format\u0131 belirtmek i\u00e7in \u201cBi\u00e7im\u2026\u201d se\u00e7ene\u011fine t\u0131klay\u0131n. <br><img loading=\"lazy\" decoding=\"async\" title=\"7-form\u00fcl-giri\u015f-bar\u0131na-form\u00fcl girin\" src=\"https:\/\/exceladvisor.org\/wp-content\/uploads\/2023\/08\/7-entrer-la-formule-dans-la-barre-de-saisie-de-formule.png\" sizes=\"auto, \" srcset=\"\" alt=\"7-enter-formula-in-formula-input-bar\" width=\"504\" height=\"186\"><\/li><li> Sonunda kural\u0131 uygulamak i\u00e7in Tamam&#8217;\u0131 t\u0131klay\u0131n.<\/li><\/ol><p> Art\u0131k 700&#8217;den k\u00fc\u00e7\u00fck veya 1500&#8217;den b\u00fcy\u00fck de\u011ferlerle vurgulanan t\u00fcm h\u00fccrelere sahipsiniz.<\/p><h2 class=\"wp-block-heading\"> Birden \u00e7ok s\u00fctunla birden \u00e7ok ko\u015fulu kullanma<\/h2><p> \u0130ki farkl\u0131 s\u00fctuna birden \u00e7ok ko\u015ful uygulayarak h\u00fccreleri vurgulamak istiyorsan\u0131z bunu yapabilirsiniz. <\/p><div class=\"wp-block-image\"><figure class=\"aligncenter size-full is-resized\"><img loading=\"lazy\" decoding=\"async\" class=\"wp-image-90928\" src=\"https:\/\/exceladvisor.org\/wp-content\/uploads\/2023\/08\/8-utiliser-plusieurs-conditions-avec-plusieurs-colonnes.png\" sizes=\"auto, \" srcset=\"\" alt=\"birden \u00e7ok s\u00fctunlu-\u00e7oklu-ko\u015fullar\u0131 kullan\u0131n\" width=\"688\" height=\"465\"><\/figure><\/div><pre class=\"wp-block-code\"> <code class=\"language-excel-formula\" lang=\"excel-formula\">=IF(AND(B1=\"a\",OR(A1&lt;700,A1&gt;1500)),TRUE,FALSE)<\/code><\/pre><p> Yukar\u0131daki ko\u015fullu bi\u00e7imlendirmede test etmek i\u00e7in \u00fc\u00e7 ko\u015fulu kulland\u0131k:<\/p><ul><li> B s\u00fctununda \u201ca\u201d de\u011feri olmal\u0131d\u0131r.<\/li><li> A s\u00fctununda ise de\u011ferin 700&#8217;den k\u00fc\u00e7\u00fck veya 1500&#8217;den b\u00fcy\u00fck olmas\u0131 gerekir.<\/li><\/ul><p> Bu, \u00f6nce B s\u00fctunundaki bir ko\u015fulu test edece\u011fi, ard\u0131ndan A s\u00fctununa ge\u00e7ece\u011fi ve h\u00fccreleri vurgulamak i\u00e7in iki ko\u015fulu daha test edece\u011fi anlam\u0131na gelir. <\/p><div class=\"gb-container gb-container-52dfcee1 gb-container-sample-file\"><h2 class=\"gb-headline gb-headline-e289c143 gb-headline-text gb-headline-4f7959c2\"> Excel dosyas\u0131n\u0131 al\u0131n<\/h2> <a class=\"gb-button gb-button-e88d6bee gb-button-text gb-button-button1\" href=\"https:\/\/exceladvisor.org\/wp-content\/uploads\/2023\/11\/conditions-multiples-mise-en-forme-conditionnelle.xlsx\" rel=\"nofollow\">\u0130ndirmek<\/a><\/div><div class=\"gb-container gb-container-6076ba72 gb-container-mt\"> <a class=\"gb-button gb-button-76e6a499 gb-button-text gb-button-mt-button\" href=\"https:\/\/exceladvisor.org\/tr\/excelin-temelleri\/\">Excel&#8217;in temellerini \u00f6\u011frenin<\/a><h2 class=\"gb-headline gb-headline-a9e9e206 gb-headline-text gb-headline-mt-heading\"> <a href=\"https:\/\/exceladvisor.org\/tr\/kosullu-bicimlendirme\/\">Ko\u015fullu bi\u00e7imlendirme<\/a> hakk\u0131nda daha fazla bilgi edinin <\/h2><div class=\"gb-grid-wrapper gb-grid-wrapper-790317cb gb-grid-wrapper-mt-grid\"><div class=\"gb-grid-column gb-grid-column-a9845ede\"><div class=\"gb-container gb-container-a9845ede\"><ul><li> <a href=\"https:\/\/exceladvisor.org\/tr\/kosullu-bicimlendirmeyi-uygula\/\">Pivot tabloya ko\u015fullu bi\u00e7imlendirme uygulama<\/a><\/li><li> <a href=\"https:\/\/exceladvisor.org\/tr\/geri-cekilmek\/\">Ko\u015fullu Bi\u00e7imlendirmeyi Kald\u0131r<\/a><\/li><li> <a href=\"https:\/\/exceladvisor.org\/tr\/bos-hucreler\/\">Excel&#8217;de Bo\u015f H\u00fccrelere Ko\u015fullu Bi\u00e7imlendirme Uygulay\u0131n<\/a><\/li><li> <a href=\"https:\/\/exceladvisor.org\/tr\/sutunlari-karsilastir\/\">Ko\u015fullu bi\u00e7imlendirmeyi kullanarak iki s\u00fctunu kar\u015f\u0131la\u015ft\u0131rma<\/a><\/li><\/ul><\/div><\/div><\/div><\/div>","protected":false},"excerpt":{"rendered":"","protected":false},"author":1,"featured_media":0,"parent":0,"menu_order":0,"comment_status":"open","ping_status":"closed","template":"","meta":{"ub_ctt_via":"","footnotes":""},"class_list":["post-1760","page","type-page","status-publish","hentry"],"featured_image_src":null,"yoast_head":"<!-- This site is optimized with the Yoast SEO plugin v25.4 - https:\/\/yoast.com\/wordpress\/plugins\/seo\/ -->\n<title>Excel&#039;de birden \u00e7ok ko\u015ful nas\u0131l uygulan\u0131r?<\/title>\n<meta name=\"description\" content=\"Bu e\u011fitim, Excel&#039;de \u00e7e\u015fitli ko\u015fullu bi\u00e7imlendirme kurallar\u0131n\u0131n nas\u0131l uygulanaca\u011f\u0131n\u0131 \u00f6\u011frenmenize yard\u0131mc\u0131 olur. Bunu kontrol edelim\u2026\" \/>\n<meta name=\"robots\" content=\"index, follow, max-snippet:-1, max-image-preview:large, max-video-preview:-1\" \/>\n<link rel=\"canonical\" href=\"https:\/\/exceladvisor.org\/tr\/coklu-kosullar\/\" \/>\n<meta property=\"og:locale\" content=\"tr_TR\" \/>\n<meta property=\"og:type\" content=\"article\" \/>\n<meta property=\"og:title\" content=\"Excel&#039;de birden \u00e7ok ko\u015ful nas\u0131l uygulan\u0131r?\" \/>\n<meta property=\"og:description\" content=\"Bu e\u011fitim, Excel&#039;de \u00e7e\u015fitli ko\u015fullu bi\u00e7imlendirme kurallar\u0131n\u0131n nas\u0131l uygulanaca\u011f\u0131n\u0131 \u00f6\u011frenmenize yard\u0131mc\u0131 olur. Bunu kontrol edelim\u2026\" \/>\n<meta property=\"og:url\" content=\"https:\/\/exceladvisor.org\/tr\/coklu-kosullar\/\" \/>\n<meta property=\"og:site_name\" content=\"Excel Advisor\" \/>\n<meta property=\"article:modified_time\" content=\"2023-12-10T06:00:52+00:00\" \/>\n<meta property=\"og:image\" content=\"https:\/\/exceladvisor.org\/wp-content\/uploads\/2023\/08\/1-conditions-multiples-dans-la-mise-en-forme-conditionnelle.png\" \/>\n<meta name=\"twitter:card\" content=\"summary_large_image\" \/>\n<meta name=\"twitter:label1\" content=\"Tahmini okuma s\u00fcresi\" \/>\n\t<meta name=\"twitter:data1\" content=\"3 dakika\" \/>\n<script type=\"application\/ld+json\" class=\"yoast-schema-graph\">{\"@context\":\"https:\/\/schema.org\",\"@graph\":[{\"@type\":\"WebPage\",\"@id\":\"https:\/\/exceladvisor.org\/tr\/coklu-kosullar\/\",\"url\":\"https:\/\/exceladvisor.org\/tr\/coklu-kosullar\/\",\"name\":\"Excel&#39;de birden \u00e7ok ko\u015ful nas\u0131l uygulan\u0131r?\",\"isPartOf\":{\"@id\":\"https:\/\/exceladvisor.org\/tr\/#website\"},\"primaryImageOfPage\":{\"@id\":\"https:\/\/exceladvisor.org\/tr\/coklu-kosullar\/#primaryimage\"},\"image\":{\"@id\":\"https:\/\/exceladvisor.org\/tr\/coklu-kosullar\/#primaryimage\"},\"thumbnailUrl\":\"https:\/\/exceladvisor.org\/wp-content\/uploads\/2023\/08\/1-conditions-multiples-dans-la-mise-en-forme-conditionnelle.png\",\"datePublished\":\"2023-11-06T17:32:27+00:00\",\"dateModified\":\"2023-12-10T06:00:52+00:00\",\"description\":\"Bu e\u011fitim, Excel&#39;de \u00e7e\u015fitli ko\u015fullu bi\u00e7imlendirme kurallar\u0131n\u0131n nas\u0131l uygulanaca\u011f\u0131n\u0131 \u00f6\u011frenmenize yard\u0131mc\u0131 olur. Bunu kontrol edelim\u2026\",\"breadcrumb\":{\"@id\":\"https:\/\/exceladvisor.org\/tr\/coklu-kosullar\/#breadcrumb\"},\"inLanguage\":\"tr\",\"potentialAction\":[{\"@type\":\"ReadAction\",\"target\":[\"https:\/\/exceladvisor.org\/tr\/coklu-kosullar\/\"]}]},{\"@type\":\"ImageObject\",\"inLanguage\":\"tr\",\"@id\":\"https:\/\/exceladvisor.org\/tr\/coklu-kosullar\/#primaryimage\",\"url\":\"https:\/\/exceladvisor.org\/wp-content\/uploads\/2023\/08\/1-conditions-multiples-dans-la-mise-en-forme-conditionnelle.png\",\"contentUrl\":\"https:\/\/exceladvisor.org\/wp-content\/uploads\/2023\/08\/1-conditions-multiples-dans-la-mise-en-forme-conditionnelle.png\"},{\"@type\":\"BreadcrumbList\",\"@id\":\"https:\/\/exceladvisor.org\/tr\/coklu-kosullar\/#breadcrumb\",\"itemListElement\":[{\"@type\":\"ListItem\",\"position\":1,\"name\":\"Ev\",\"item\":\"https:\/\/exceladvisor.org\/tr\/\"},{\"@type\":\"ListItem\",\"position\":2,\"name\":\"Excel&#39;de birden \u00e7ok ko\u015ful nas\u0131l uygulan\u0131r?\"}]},{\"@type\":\"WebSite\",\"@id\":\"https:\/\/exceladvisor.org\/tr\/#website\",\"url\":\"https:\/\/exceladvisor.org\/tr\/\",\"name\":\"Excel Advisor\",\"description\":\"Veri hakimiyetine y\u00f6nelik nihai rehberiniz!\",\"publisher\":{\"@id\":\"https:\/\/exceladvisor.org\/tr\/#organization\"},\"potentialAction\":[{\"@type\":\"SearchAction\",\"target\":{\"@type\":\"EntryPoint\",\"urlTemplate\":\"https:\/\/exceladvisor.org\/tr\/?s={search_term_string}\"},\"query-input\":{\"@type\":\"PropertyValueSpecification\",\"valueRequired\":true,\"valueName\":\"search_term_string\"}}],\"inLanguage\":\"tr\"},{\"@type\":\"Organization\",\"@id\":\"https:\/\/exceladvisor.org\/tr\/#organization\",\"name\":\"Excel Advisor\",\"url\":\"https:\/\/exceladvisor.org\/tr\/\",\"logo\":{\"@type\":\"ImageObject\",\"inLanguage\":\"tr\",\"@id\":\"https:\/\/exceladvisor.org\/tr\/#\/schema\/logo\/image\/\",\"url\":\"https:\/\/exceladvisor.org\/tr\/wp-content\/uploads\/2023\/12\/exceladvisor.org_.png\",\"contentUrl\":\"https:\/\/exceladvisor.org\/tr\/wp-content\/uploads\/2023\/12\/exceladvisor.org_.png\",\"width\":105,\"height\":36,\"caption\":\"Excel Advisor\"},\"image\":{\"@id\":\"https:\/\/exceladvisor.org\/tr\/#\/schema\/logo\/image\/\"}}]}<\/script>\n<!-- \/ Yoast SEO plugin. -->","yoast_head_json":{"title":"Excel&#39;de birden \u00e7ok ko\u015ful nas\u0131l uygulan\u0131r?","description":"Bu e\u011fitim, Excel&#39;de \u00e7e\u015fitli ko\u015fullu bi\u00e7imlendirme kurallar\u0131n\u0131n nas\u0131l uygulanaca\u011f\u0131n\u0131 \u00f6\u011frenmenize yard\u0131mc\u0131 olur. Bunu kontrol edelim\u2026","robots":{"index":"index","follow":"follow","max-snippet":"max-snippet:-1","max-image-preview":"max-image-preview:large","max-video-preview":"max-video-preview:-1"},"canonical":"https:\/\/exceladvisor.org\/tr\/coklu-kosullar\/","og_locale":"tr_TR","og_type":"article","og_title":"Excel&#39;de birden \u00e7ok ko\u015ful nas\u0131l uygulan\u0131r?","og_description":"Bu e\u011fitim, Excel&#39;de \u00e7e\u015fitli ko\u015fullu bi\u00e7imlendirme kurallar\u0131n\u0131n nas\u0131l uygulanaca\u011f\u0131n\u0131 \u00f6\u011frenmenize yard\u0131mc\u0131 olur. Bunu kontrol edelim\u2026","og_url":"https:\/\/exceladvisor.org\/tr\/coklu-kosullar\/","og_site_name":"Excel Advisor","article_modified_time":"2023-12-10T06:00:52+00:00","og_image":[{"url":"https:\/\/exceladvisor.org\/wp-content\/uploads\/2023\/08\/1-conditions-multiples-dans-la-mise-en-forme-conditionnelle.png","type":"","width":"","height":""}],"twitter_card":"summary_large_image","twitter_misc":{"Tahmini okuma s\u00fcresi":"3 dakika"},"schema":{"@context":"https:\/\/schema.org","@graph":[{"@type":"WebPage","@id":"https:\/\/exceladvisor.org\/tr\/coklu-kosullar\/","url":"https:\/\/exceladvisor.org\/tr\/coklu-kosullar\/","name":"Excel&#39;de birden \u00e7ok ko\u015ful nas\u0131l uygulan\u0131r?","isPartOf":{"@id":"https:\/\/exceladvisor.org\/tr\/#website"},"primaryImageOfPage":{"@id":"https:\/\/exceladvisor.org\/tr\/coklu-kosullar\/#primaryimage"},"image":{"@id":"https:\/\/exceladvisor.org\/tr\/coklu-kosullar\/#primaryimage"},"thumbnailUrl":"https:\/\/exceladvisor.org\/wp-content\/uploads\/2023\/08\/1-conditions-multiples-dans-la-mise-en-forme-conditionnelle.png","datePublished":"2023-11-06T17:32:27+00:00","dateModified":"2023-12-10T06:00:52+00:00","description":"Bu e\u011fitim, Excel&#39;de \u00e7e\u015fitli ko\u015fullu bi\u00e7imlendirme kurallar\u0131n\u0131n nas\u0131l uygulanaca\u011f\u0131n\u0131 \u00f6\u011frenmenize yard\u0131mc\u0131 olur. Bunu kontrol edelim\u2026","breadcrumb":{"@id":"https:\/\/exceladvisor.org\/tr\/coklu-kosullar\/#breadcrumb"},"inLanguage":"tr","potentialAction":[{"@type":"ReadAction","target":["https:\/\/exceladvisor.org\/tr\/coklu-kosullar\/"]}]},{"@type":"ImageObject","inLanguage":"tr","@id":"https:\/\/exceladvisor.org\/tr\/coklu-kosullar\/#primaryimage","url":"https:\/\/exceladvisor.org\/wp-content\/uploads\/2023\/08\/1-conditions-multiples-dans-la-mise-en-forme-conditionnelle.png","contentUrl":"https:\/\/exceladvisor.org\/wp-content\/uploads\/2023\/08\/1-conditions-multiples-dans-la-mise-en-forme-conditionnelle.png"},{"@type":"BreadcrumbList","@id":"https:\/\/exceladvisor.org\/tr\/coklu-kosullar\/#breadcrumb","itemListElement":[{"@type":"ListItem","position":1,"name":"Ev","item":"https:\/\/exceladvisor.org\/tr\/"},{"@type":"ListItem","position":2,"name":"Excel&#39;de birden \u00e7ok ko\u015ful nas\u0131l uygulan\u0131r?"}]},{"@type":"WebSite","@id":"https:\/\/exceladvisor.org\/tr\/#website","url":"https:\/\/exceladvisor.org\/tr\/","name":"Excel Advisor","description":"Veri hakimiyetine y\u00f6nelik nihai rehberiniz!","publisher":{"@id":"https:\/\/exceladvisor.org\/tr\/#organization"},"potentialAction":[{"@type":"SearchAction","target":{"@type":"EntryPoint","urlTemplate":"https:\/\/exceladvisor.org\/tr\/?s={search_term_string}"},"query-input":{"@type":"PropertyValueSpecification","valueRequired":true,"valueName":"search_term_string"}}],"inLanguage":"tr"},{"@type":"Organization","@id":"https:\/\/exceladvisor.org\/tr\/#organization","name":"Excel Advisor","url":"https:\/\/exceladvisor.org\/tr\/","logo":{"@type":"ImageObject","inLanguage":"tr","@id":"https:\/\/exceladvisor.org\/tr\/#\/schema\/logo\/image\/","url":"https:\/\/exceladvisor.org\/tr\/wp-content\/uploads\/2023\/12\/exceladvisor.org_.png","contentUrl":"https:\/\/exceladvisor.org\/tr\/wp-content\/uploads\/2023\/12\/exceladvisor.org_.png","width":105,"height":36,"caption":"Excel Advisor"},"image":{"@id":"https:\/\/exceladvisor.org\/tr\/#\/schema\/logo\/image\/"}}]}},"yoast_meta":{"yoast_wpseo_title":"","yoast_wpseo_metadesc":"","yoast_wpseo_canonical":""},"_links":{"self":[{"href":"https:\/\/exceladvisor.org\/tr\/wp-json\/wp\/v2\/pages\/1760","targetHints":{"allow":["GET"]}}],"collection":[{"href":"https:\/\/exceladvisor.org\/tr\/wp-json\/wp\/v2\/pages"}],"about":[{"href":"https:\/\/exceladvisor.org\/tr\/wp-json\/wp\/v2\/types\/page"}],"author":[{"embeddable":true,"href":"https:\/\/exceladvisor.org\/tr\/wp-json\/wp\/v2\/users\/1"}],"replies":[{"embeddable":true,"href":"https:\/\/exceladvisor.org\/tr\/wp-json\/wp\/v2\/comments?post=1760"}],"version-history":[{"count":1,"href":"https:\/\/exceladvisor.org\/tr\/wp-json\/wp\/v2\/pages\/1760\/revisions"}],"predecessor-version":[{"id":2441,"href":"https:\/\/exceladvisor.org\/tr\/wp-json\/wp\/v2\/pages\/1760\/revisions\/2441"}],"wp:attachment":[{"href":"https:\/\/exceladvisor.org\/tr\/wp-json\/wp\/v2\/media?parent=1760"}],"curies":[{"name":"wp","href":"https:\/\/api.w.org\/{rel}","templated":true}]}}