{"id":1761,"date":"2023-11-06T16:32:59","date_gmt":"2023-11-06T16:32:59","guid":{"rendered":"https:\/\/exceladvisor.org\/tr\/baska-bir-hucre\/"},"modified":"2023-12-10T05:58:42","modified_gmt":"2023-12-10T05:58:42","slug":"baska-bir-hucre","status":"publish","type":"page","link":"https:\/\/exceladvisor.org\/tr\/baska-bir-hucre\/","title":{"rendered":"Ba\u015fka bir h\u00fccre kullanarak ko\u015fullu bi\u00e7imlendirme"},"content":{"rendered":"<div class=\"excel-icerikten-once\" id=\"excel-1748597635\"><script type=\"text\/javascript\">\r\n\tatOptions = {\r\n\t\t'key' : 'c1158f160081d6540a8409e6925dab94',\r\n\t\t'format' : 'iframe',\r\n\t\t'height' : 250,\r\n\t\t'width' : 300,\r\n\t\t'params' : {}\r\n\t};\r\n<\/script>\r\n<script type=\"text\/javascript\" src=\"\/\/www.highperformanceformat.com\/c1158f160081d6540a8409e6925dab94\/invoke.js\"><\/script><\/div> <p>Excel&#8217;de ba\u015fka bir h\u00fccreye dayal\u0131 ko\u015fullu bi\u00e7imlendirmeyi kullanabilirsiniz. Bunu yapmak i\u00e7in kuralda \u00f6zel bir form\u00fcl kullanman\u0131z gerekir. <\/p><div class=\"wp-block-image\"><figure class=\"aligncenter size-full is-resized\"><img loading=\"lazy\" decoding=\"async\" class=\"wp-image-90480\" src=\"https:\/\/exceladvisor.org\/wp-content\/uploads\/2023\/08\/1-mise-en-forme-conditionnelle-basee-sur-une-autre-cellule.png\" sizes=\"auto, \" srcset=\"\" alt=\"ba\u015fka bir h\u00fccreye dayal\u0131 ko\u015fullu bi\u00e7imlendirme\" width=\"594\" height=\"182\"><\/figure><\/div><p> Bu \u00f6rnekte ayl\u0131k ve y\u0131ll\u0131k verilerimiz var ve ba\u015fka bir h\u00fccrede olmas\u0131 gereken belirli bir de\u011ferin \u00fczerindeki t\u00fcm de\u011ferleri vurgulaman\u0131z gerekiyor.<\/p><h2 class=\"wp-block-heading\"> Ba\u015fka bir h\u00fccreyi kullanarak ko\u015fullu bi\u00e7imlendirme uygulay\u0131n.<\/h2><ol><li> \u0130lk olarak, verilerinizin bulundu\u011fu aral\u0131\u011f\u0131 se\u00e7in. <br><img loading=\"lazy\" decoding=\"async\" title=\"2-veri aral\u0131\u011f\u0131n\u0131 se\u00e7in\" src=\"https:\/\/exceladvisor.org\/wp-content\/uploads\/2023\/08\/2-selectionnez-la-plage-de-donnees.png\" sizes=\"auto, \" srcset=\"\" alt=\"2-select-the-data-range\" width=\"543\" height=\"184\"><\/li><li> Daha sonra Giri\u015f sekmesi &gt; Ko\u015fullu Bi\u00e7imlendirme &gt; Yeni Kural&#8217;a gidin. <br><img loading=\"lazy\" decoding=\"async\" title=\"3-yeni kurala t\u0131klay\u0131n\" src=\"https:\/\/exceladvisor.org\/wp-content\/uploads\/2023\/08\/3-cliquez-sur-nouvelle-regle.png\" sizes=\"auto, \" srcset=\"\" alt=\"3-click-on-new-rule\" width=\"219\" height=\"395\"><\/li><li> Yeni Kural ileti\u015fim kutusunda, &#8220;Hangi h\u00fccrelerin bi\u00e7imlendirilece\u011fini belirlemek i\u00e7in form\u00fcl kullan&#8221; se\u00e7ene\u011fini t\u0131klay\u0131n ve form\u00fcl giri\u015f \u00e7ubu\u011funa form\u00fcl\u00fc (=B2&gt;=$O$1) girin. <br><img loading=\"lazy\" decoding=\"async\" title=\"4-form\u00fcl\u00fc-girin\" src=\"https:\/\/exceladvisor.org\/wp-content\/uploads\/2023\/08\/4-entrez-la-formule.png\" sizes=\"auto, \" srcset=\"\" alt=\"4-enter-the-formula\" width=\"513\" height=\"371\"><\/li><li> Daha sonra uygulamak istedi\u011finiz format\u0131 belirtmek i\u00e7in Format d\u00fc\u011fmesini t\u0131klay\u0131n. <br><img loading=\"lazy\" decoding=\"async\" title=\"5-uygulanacak-format\u0131-belirtin\" src=\"https:\/\/exceladvisor.org\/wp-content\/uploads\/2023\/08\/5-preciser-le-format-a-appliquer.png\" sizes=\"auto, \" srcset=\"\" alt=\"5-specify-the-format-to-apply\" width=\"527\" height=\"198\"><\/li><li> \u015eimdi format\u0131 belirledikten sonra ko\u015fullu formatlamay\u0131 uygulamak i\u00e7in Tamam&#8217;\u0131 t\u0131klay\u0131n. Ve yine Tamam, Kural Y\u00f6neticisini kapat\u0131n. <br><img loading=\"lazy\" decoding=\"async\" title=\"6-tamam-kural y\u00f6neticisi\" src=\"https:\/\/exceladvisor.org\/wp-content\/uploads\/2023\/08\/6-ok-pour-fermer-le-gestionnaire-de-regles.png\" sizes=\"auto, \" srcset=\"\" alt=\"6-ok-to-close-rules-manager\" width=\"528\" height=\"194\"><\/li><\/ol><p> A\u015fa\u011f\u0131daki anl\u0131k g\u00f6r\u00fcnt\u00fcde, O1 h\u00fccresinde g\u00f6rebilece\u011finiz gibi, 150&#8217;ye <a href=\"https:\/\/exceladvisor.org\/tr\/esitten-buyuk\/\">e\u015fit veya daha b\u00fcy\u00fck<\/a> t\u00fcm say\u0131lar\u0131 vurgulamak i\u00e7in 150 say\u0131s\u0131na sahibiz. <\/p><div class=\"wp-block-image\"><figure class=\"aligncenter size-full is-resized\"><img loading=\"lazy\" decoding=\"async\" class=\"wp-image-90486\" src=\"https:\/\/exceladvisor.org\/wp-content\/uploads\/2023\/08\/7-cellules-avec-une-valeur-superieure-aux-cellules-de-reference-donnees-en-surbrillance.png\" sizes=\"auto, \" srcset=\"\" alt=\"referanstan-daha-de\u011ferli-h\u00fccreler-vurgulanan-verilere sahip h\u00fccreler\" width=\"646\" height=\"234\"><\/figure><\/div><p> Ve O1 h\u00fccresindeki say\u0131y\u0131 de\u011fi\u015ftirdi\u011finizde verilerdeki vurgu de\u011ferleri de de\u011fi\u015fir. <\/p><div class=\"wp-block-image\"><figure class=\"aligncenter size-full is-resized\"><img loading=\"lazy\" decoding=\"async\" class=\"wp-image-90487\" src=\"https:\/\/exceladvisor.org\/wp-content\/uploads\/2023\/08\/8-cellules-en-surbrillance-changent-avec-la-modification-de-la-valeur-de-la-cellule-de-reference.png\" sizes=\"auto, \" srcset=\"\" alt=\"Vurgulanan h\u00fccreler referans h\u00fccre de\u011ferindeki de\u011fi\u015fiklikle de\u011fi\u015fir\" width=\"666\" height=\"172\"><\/figure><\/div><div class=\"gb-container gb-container-52dfcee1 gb-container-sample-file\"><h2 class=\"gb-headline gb-headline-e289c143 gb-headline-text gb-headline-4f7959c2\"> Excel dosyas\u0131n\u0131 al\u0131n<\/h2> <a class=\"gb-button gb-button-e88d6bee gb-button-text gb-button-button1\" href=\"https:\/\/exceladvisor.org\/wp-content\/uploads\/2023\/11\/mise-en-forme-conditionnelle-basee-sur-une-autre-cellule.xlsx\" rel=\"nofollow\">\u0130ndirmek<\/a><\/div><div class=\"gb-container gb-container-6076ba72 gb-container-mt\"> <a class=\"gb-button gb-button-76e6a499 gb-button-text gb-button-mt-button\" href=\"https:\/\/exceladvisor.org\/tr\/excelin-temelleri\/\">Excel&#8217;in temellerini \u00f6\u011frenin<\/a><h2 class=\"gb-headline gb-headline-a9e9e206 gb-headline-text gb-headline-mt-heading\"> <a href=\"https:\/\/exceladvisor.org\/tr\/kosullu-bicimlendirme\/\">Ko\u015fullu bi\u00e7imlendirme<\/a> hakk\u0131nda daha fazla bilgi edinin <\/h2><div class=\"gb-grid-wrapper gb-grid-wrapper-790317cb gb-grid-wrapper-mt-grid\"><div class=\"gb-grid-column gb-grid-column-a9845ede\"><div class=\"gb-container gb-container-a9845ede\"><ul><li> <a href=\"https:\/\/exceladvisor.org\/tr\/kosullu-bicimlendirmeyi-uygula\/\">Pivot tabloya ko\u015fullu bi\u00e7imlendirme uygulama<\/a><\/li><li> <a href=\"https:\/\/exceladvisor.org\/tr\/geri-cekilmek\/\">Ko\u015fullu Bi\u00e7imlendirmeyi Kald\u0131r<\/a><\/li><li> <a href=\"https:\/\/exceladvisor.org\/tr\/bos-hucreler\/\">Excel&#8217;de Bo\u015f H\u00fccrelere Ko\u015fullu Bi\u00e7imlendirme Uygulay\u0131n<\/a><\/li><li> <a href=\"https:\/\/exceladvisor.org\/tr\/sutunlari-karsilastir\/\">Ko\u015fullu bi\u00e7imlendirmeyi kullanarak iki s\u00fctunu kar\u015f\u0131la\u015ft\u0131rma<\/a><\/li><li> <a href=\"https:\/\/exceladvisor.org\/tr\/baska-bir-sutun\/\">Ba\u015fka bir s\u00fctuna dayal\u0131 olarak ko\u015fullu bi\u00e7imlendirme uygulama<\/a><\/li><\/ul><\/div><\/div><\/div><\/div>","protected":false},"excerpt":{"rendered":"","protected":false},"author":1,"featured_media":0,"parent":0,"menu_order":0,"comment_status":"open","ping_status":"closed","template":"","meta":{"ub_ctt_via":"","footnotes":""},"class_list":["post-1761","page","type-page","status-publish","hentry"],"featured_image_src":null,"yoast_head":"<!-- This site is optimized with the Yoast SEO plugin v25.4 - https:\/\/yoast.com\/wordpress\/plugins\/seo\/ -->\n<title>Excel&#039;de ba\u015fka bir h\u00fccreyi kullanarak ko\u015fullu bi\u00e7imlendirme<\/title>\n<meta name=\"description\" content=\"Bu e\u011fitim, Excel&#039;deki ba\u015fka bir h\u00fccreye dayal\u0131 olarak ko\u015fullu bi\u00e7imlendirme uygulaman\u0131za yard\u0131mc\u0131 olur. Bunu kontrol edelim\u2026\" \/>\n<meta name=\"robots\" content=\"index, follow, max-snippet:-1, max-image-preview:large, max-video-preview:-1\" \/>\n<link rel=\"canonical\" href=\"https:\/\/exceladvisor.org\/tr\/baska-bir-hucre\/\" \/>\n<meta property=\"og:locale\" content=\"tr_TR\" \/>\n<meta property=\"og:type\" content=\"article\" \/>\n<meta property=\"og:title\" content=\"Excel&#039;de ba\u015fka bir h\u00fccreyi kullanarak ko\u015fullu bi\u00e7imlendirme\" \/>\n<meta property=\"og:description\" content=\"Bu e\u011fitim, Excel&#039;deki ba\u015fka bir h\u00fccreye dayal\u0131 olarak ko\u015fullu bi\u00e7imlendirme uygulaman\u0131za yard\u0131mc\u0131 olur. Bunu kontrol edelim\u2026\" \/>\n<meta property=\"og:url\" content=\"https:\/\/exceladvisor.org\/tr\/baska-bir-hucre\/\" \/>\n<meta property=\"og:site_name\" content=\"Excel Advisor\" \/>\n<meta property=\"article:modified_time\" content=\"2023-12-10T05:58:42+00:00\" \/>\n<meta property=\"og:image\" content=\"https:\/\/exceladvisor.org\/wp-content\/uploads\/2023\/08\/1-mise-en-forme-conditionnelle-basee-sur-une-autre-cellule.png\" \/>\n<meta name=\"twitter:card\" content=\"summary_large_image\" \/>\n<meta name=\"twitter:label1\" content=\"Tahmini okuma s\u00fcresi\" \/>\n\t<meta name=\"twitter:data1\" content=\"1 dakika\" \/>\n<script type=\"application\/ld+json\" class=\"yoast-schema-graph\">{\"@context\":\"https:\/\/schema.org\",\"@graph\":[{\"@type\":\"WebPage\",\"@id\":\"https:\/\/exceladvisor.org\/tr\/baska-bir-hucre\/\",\"url\":\"https:\/\/exceladvisor.org\/tr\/baska-bir-hucre\/\",\"name\":\"Excel&#39;de ba\u015fka bir h\u00fccreyi kullanarak ko\u015fullu bi\u00e7imlendirme\",\"isPartOf\":{\"@id\":\"https:\/\/exceladvisor.org\/tr\/#website\"},\"primaryImageOfPage\":{\"@id\":\"https:\/\/exceladvisor.org\/tr\/baska-bir-hucre\/#primaryimage\"},\"image\":{\"@id\":\"https:\/\/exceladvisor.org\/tr\/baska-bir-hucre\/#primaryimage\"},\"thumbnailUrl\":\"https:\/\/exceladvisor.org\/wp-content\/uploads\/2023\/08\/1-mise-en-forme-conditionnelle-basee-sur-une-autre-cellule.png\",\"datePublished\":\"2023-11-06T16:32:59+00:00\",\"dateModified\":\"2023-12-10T05:58:42+00:00\",\"description\":\"Bu e\u011fitim, Excel&#39;deki ba\u015fka bir h\u00fccreye dayal\u0131 olarak ko\u015fullu bi\u00e7imlendirme uygulaman\u0131za yard\u0131mc\u0131 olur. Bunu kontrol edelim\u2026\",\"breadcrumb\":{\"@id\":\"https:\/\/exceladvisor.org\/tr\/baska-bir-hucre\/#breadcrumb\"},\"inLanguage\":\"tr\",\"potentialAction\":[{\"@type\":\"ReadAction\",\"target\":[\"https:\/\/exceladvisor.org\/tr\/baska-bir-hucre\/\"]}]},{\"@type\":\"ImageObject\",\"inLanguage\":\"tr\",\"@id\":\"https:\/\/exceladvisor.org\/tr\/baska-bir-hucre\/#primaryimage\",\"url\":\"https:\/\/exceladvisor.org\/wp-content\/uploads\/2023\/08\/1-mise-en-forme-conditionnelle-basee-sur-une-autre-cellule.png\",\"contentUrl\":\"https:\/\/exceladvisor.org\/wp-content\/uploads\/2023\/08\/1-mise-en-forme-conditionnelle-basee-sur-une-autre-cellule.png\"},{\"@type\":\"BreadcrumbList\",\"@id\":\"https:\/\/exceladvisor.org\/tr\/baska-bir-hucre\/#breadcrumb\",\"itemListElement\":[{\"@type\":\"ListItem\",\"position\":1,\"name\":\"Ev\",\"item\":\"https:\/\/exceladvisor.org\/tr\/\"},{\"@type\":\"ListItem\",\"position\":2,\"name\":\"Ba\u015fka bir h\u00fccre kullanarak ko\u015fullu bi\u00e7imlendirme\"}]},{\"@type\":\"WebSite\",\"@id\":\"https:\/\/exceladvisor.org\/tr\/#website\",\"url\":\"https:\/\/exceladvisor.org\/tr\/\",\"name\":\"Excel Advisor\",\"description\":\"Veri hakimiyetine y\u00f6nelik nihai rehberiniz!\",\"publisher\":{\"@id\":\"https:\/\/exceladvisor.org\/tr\/#organization\"},\"potentialAction\":[{\"@type\":\"SearchAction\",\"target\":{\"@type\":\"EntryPoint\",\"urlTemplate\":\"https:\/\/exceladvisor.org\/tr\/?s={search_term_string}\"},\"query-input\":{\"@type\":\"PropertyValueSpecification\",\"valueRequired\":true,\"valueName\":\"search_term_string\"}}],\"inLanguage\":\"tr\"},{\"@type\":\"Organization\",\"@id\":\"https:\/\/exceladvisor.org\/tr\/#organization\",\"name\":\"Excel Advisor\",\"url\":\"https:\/\/exceladvisor.org\/tr\/\",\"logo\":{\"@type\":\"ImageObject\",\"inLanguage\":\"tr\",\"@id\":\"https:\/\/exceladvisor.org\/tr\/#\/schema\/logo\/image\/\",\"url\":\"https:\/\/exceladvisor.org\/tr\/wp-content\/uploads\/2023\/12\/exceladvisor.org_.png\",\"contentUrl\":\"https:\/\/exceladvisor.org\/tr\/wp-content\/uploads\/2023\/12\/exceladvisor.org_.png\",\"width\":105,\"height\":36,\"caption\":\"Excel Advisor\"},\"image\":{\"@id\":\"https:\/\/exceladvisor.org\/tr\/#\/schema\/logo\/image\/\"}}]}<\/script>\n<!-- \/ Yoast SEO plugin. -->","yoast_head_json":{"title":"Excel&#39;de ba\u015fka bir h\u00fccreyi kullanarak ko\u015fullu bi\u00e7imlendirme","description":"Bu e\u011fitim, Excel&#39;deki ba\u015fka bir h\u00fccreye dayal\u0131 olarak ko\u015fullu bi\u00e7imlendirme uygulaman\u0131za yard\u0131mc\u0131 olur. Bunu kontrol edelim\u2026","robots":{"index":"index","follow":"follow","max-snippet":"max-snippet:-1","max-image-preview":"max-image-preview:large","max-video-preview":"max-video-preview:-1"},"canonical":"https:\/\/exceladvisor.org\/tr\/baska-bir-hucre\/","og_locale":"tr_TR","og_type":"article","og_title":"Excel&#39;de ba\u015fka bir h\u00fccreyi kullanarak ko\u015fullu bi\u00e7imlendirme","og_description":"Bu e\u011fitim, Excel&#39;deki ba\u015fka bir h\u00fccreye dayal\u0131 olarak ko\u015fullu bi\u00e7imlendirme uygulaman\u0131za yard\u0131mc\u0131 olur. Bunu kontrol edelim\u2026","og_url":"https:\/\/exceladvisor.org\/tr\/baska-bir-hucre\/","og_site_name":"Excel Advisor","article_modified_time":"2023-12-10T05:58:42+00:00","og_image":[{"url":"https:\/\/exceladvisor.org\/wp-content\/uploads\/2023\/08\/1-mise-en-forme-conditionnelle-basee-sur-une-autre-cellule.png","type":"","width":"","height":""}],"twitter_card":"summary_large_image","twitter_misc":{"Tahmini okuma s\u00fcresi":"1 dakika"},"schema":{"@context":"https:\/\/schema.org","@graph":[{"@type":"WebPage","@id":"https:\/\/exceladvisor.org\/tr\/baska-bir-hucre\/","url":"https:\/\/exceladvisor.org\/tr\/baska-bir-hucre\/","name":"Excel&#39;de ba\u015fka bir h\u00fccreyi kullanarak ko\u015fullu bi\u00e7imlendirme","isPartOf":{"@id":"https:\/\/exceladvisor.org\/tr\/#website"},"primaryImageOfPage":{"@id":"https:\/\/exceladvisor.org\/tr\/baska-bir-hucre\/#primaryimage"},"image":{"@id":"https:\/\/exceladvisor.org\/tr\/baska-bir-hucre\/#primaryimage"},"thumbnailUrl":"https:\/\/exceladvisor.org\/wp-content\/uploads\/2023\/08\/1-mise-en-forme-conditionnelle-basee-sur-une-autre-cellule.png","datePublished":"2023-11-06T16:32:59+00:00","dateModified":"2023-12-10T05:58:42+00:00","description":"Bu e\u011fitim, Excel&#39;deki ba\u015fka bir h\u00fccreye dayal\u0131 olarak ko\u015fullu bi\u00e7imlendirme uygulaman\u0131za yard\u0131mc\u0131 olur. Bunu kontrol edelim\u2026","breadcrumb":{"@id":"https:\/\/exceladvisor.org\/tr\/baska-bir-hucre\/#breadcrumb"},"inLanguage":"tr","potentialAction":[{"@type":"ReadAction","target":["https:\/\/exceladvisor.org\/tr\/baska-bir-hucre\/"]}]},{"@type":"ImageObject","inLanguage":"tr","@id":"https:\/\/exceladvisor.org\/tr\/baska-bir-hucre\/#primaryimage","url":"https:\/\/exceladvisor.org\/wp-content\/uploads\/2023\/08\/1-mise-en-forme-conditionnelle-basee-sur-une-autre-cellule.png","contentUrl":"https:\/\/exceladvisor.org\/wp-content\/uploads\/2023\/08\/1-mise-en-forme-conditionnelle-basee-sur-une-autre-cellule.png"},{"@type":"BreadcrumbList","@id":"https:\/\/exceladvisor.org\/tr\/baska-bir-hucre\/#breadcrumb","itemListElement":[{"@type":"ListItem","position":1,"name":"Ev","item":"https:\/\/exceladvisor.org\/tr\/"},{"@type":"ListItem","position":2,"name":"Ba\u015fka bir h\u00fccre kullanarak ko\u015fullu bi\u00e7imlendirme"}]},{"@type":"WebSite","@id":"https:\/\/exceladvisor.org\/tr\/#website","url":"https:\/\/exceladvisor.org\/tr\/","name":"Excel Advisor","description":"Veri hakimiyetine y\u00f6nelik nihai rehberiniz!","publisher":{"@id":"https:\/\/exceladvisor.org\/tr\/#organization"},"potentialAction":[{"@type":"SearchAction","target":{"@type":"EntryPoint","urlTemplate":"https:\/\/exceladvisor.org\/tr\/?s={search_term_string}"},"query-input":{"@type":"PropertyValueSpecification","valueRequired":true,"valueName":"search_term_string"}}],"inLanguage":"tr"},{"@type":"Organization","@id":"https:\/\/exceladvisor.org\/tr\/#organization","name":"Excel Advisor","url":"https:\/\/exceladvisor.org\/tr\/","logo":{"@type":"ImageObject","inLanguage":"tr","@id":"https:\/\/exceladvisor.org\/tr\/#\/schema\/logo\/image\/","url":"https:\/\/exceladvisor.org\/tr\/wp-content\/uploads\/2023\/12\/exceladvisor.org_.png","contentUrl":"https:\/\/exceladvisor.org\/tr\/wp-content\/uploads\/2023\/12\/exceladvisor.org_.png","width":105,"height":36,"caption":"Excel Advisor"},"image":{"@id":"https:\/\/exceladvisor.org\/tr\/#\/schema\/logo\/image\/"}}]}},"yoast_meta":{"yoast_wpseo_title":"","yoast_wpseo_metadesc":"","yoast_wpseo_canonical":""},"_links":{"self":[{"href":"https:\/\/exceladvisor.org\/tr\/wp-json\/wp\/v2\/pages\/1761","targetHints":{"allow":["GET"]}}],"collection":[{"href":"https:\/\/exceladvisor.org\/tr\/wp-json\/wp\/v2\/pages"}],"about":[{"href":"https:\/\/exceladvisor.org\/tr\/wp-json\/wp\/v2\/types\/page"}],"author":[{"embeddable":true,"href":"https:\/\/exceladvisor.org\/tr\/wp-json\/wp\/v2\/users\/1"}],"replies":[{"embeddable":true,"href":"https:\/\/exceladvisor.org\/tr\/wp-json\/wp\/v2\/comments?post=1761"}],"version-history":[{"count":1,"href":"https:\/\/exceladvisor.org\/tr\/wp-json\/wp\/v2\/pages\/1761\/revisions"}],"predecessor-version":[{"id":2263,"href":"https:\/\/exceladvisor.org\/tr\/wp-json\/wp\/v2\/pages\/1761\/revisions\/2263"}],"wp:attachment":[{"href":"https:\/\/exceladvisor.org\/tr\/wp-json\/wp\/v2\/media?parent=1761"}],"curies":[{"name":"wp","href":"https:\/\/api.w.org\/{rel}","templated":true}]}}