{"id":1762,"date":"2023-11-06T11:11:53","date_gmt":"2023-11-06T11:11:53","guid":{"rendered":"https:\/\/exceladvisor.org\/tr\/otomatik-format\/"},"modified":"2023-12-10T06:01:54","modified_gmt":"2023-12-10T06:01:54","slug":"otomatik-format","status":"publish","type":"page","link":"https:\/\/exceladvisor.org\/tr\/otomatik-format\/","title":{"rendered":"Excel&#39;de otomati\u0307k format se\u00e7ene\u011fi nas\u0131l kullan\u0131l\u0131r?"},"content":{"rendered":"<div class=\"excel-icerikten-once\" id=\"excel-1147577055\"><script type=\"text\/javascript\">\r\n\tatOptions = {\r\n\t\t'key' : 'c1158f160081d6540a8409e6925dab94',\r\n\t\t'format' : 'iframe',\r\n\t\t'height' : 250,\r\n\t\t'width' : 300,\r\n\t\t'params' : {}\r\n\t};\r\n<\/script>\r\n<script type=\"text\/javascript\" src=\"\/\/www.highperformanceformat.com\/c1158f160081d6540a8409e6925dab94\/invoke.js\"><\/script><\/div> <p>Bi\u00e7imlendirme s\u0131k\u0131c\u0131 bir i\u015ftir. Verilerinizi birine her sunu\u015funuzda bi\u00e7imlendirmek ger\u00e7ekten zordur. Ancak verilerinizi daha kapsaml\u0131 ve kullan\u0131m\u0131 kolay hale getiren tek \u015fey budur.<\/p><p> \u00c7ok fazla zaman kaybetmeden verilerinizi bi\u00e7imlendirmek i\u00e7in kullanabilece\u011finiz bir se\u00e7ene\u011finiz olsayd\u0131 harika olurdu. Yani konu Excel&#8217;e geldi\u011finde, verilerinizi an\u0131nda bi\u00e7imlendirmenize yard\u0131mc\u0131 olabilecek harika bir se\u00e7ene\u011finiz var.<\/p><p> Ad\u0131 OTOMAT\u0130K FORMAT&#8217;t\u0131r. Otomatik formatta, verilerinize an\u0131nda uygulayabilece\u011finiz, \u00f6nceden tan\u0131mlanm\u0131\u015f \u00e7e\u015fitli formatlar\u0131n\u0131z vard\u0131r.<\/p><p> Tek yapman\u0131z gereken bir format se\u00e7ip uygulamak i\u00e7in Tamam&#8217;a t\u0131klamak. \u00c7ok basit ve kolayd\u0131r. \u00d6nceden tasarlanm\u0131\u015f t\u00fcm formatlarda, a\u015fa\u011f\u0131dakiler gibi formatlaman\u0131n t\u00fcm \u00f6nemli bile\u015fenlerine sahipsiniz:<\/p><ul><li> Say\u0131lar\u0131 bi\u00e7imlendirme<\/li><li> <a href=\"https:\/\/exceladvisor.org\/tr\/sinir\/\">Kenarl\u0131klar<\/a><\/li><li> <a href=\"https:\/\/exceladvisor.org\/tr\/varsayilan-yazi-tipi\/\">Yaz\u0131 stili<\/a><\/li><li> Desenler ve <a href=\"https:\/\/exceladvisor.org\/tr\/hucre-rengi\/\">arka plan renkleri<\/a><\/li><li> Metin hizalama<\/li><li> <a href=\"https:\/\/exceladvisor.org\/tr\/sutun-genisligi\/\">S\u00fctun ve sat\u0131r boyutu<\/a><\/li><\/ul><p> Bu makalede, \u00f6n\u00fcm\u00fczdeki g\u00fcnlerde \u00e7ok fazla zaman kazanman\u0131za yard\u0131mc\u0131 olabilecek bu muhte\u015fem se\u00e7ene\u011fi \u00f6\u011freneceksiniz.<\/p><p class=\"qt-tip\"> <strong>K\u0131sa Not<\/strong> : Bu, <a href=\"https:\/\/exceladvisor.org\/tr\/excel-becerileri\/\" data-wpel-link=\"internal\">temel Excel becerilerini<\/a> geli\u015ftirmeye yard\u0131mc\u0131 olabilecek <a style=\"outline: none;\" href=\"https:\/\/exceladvisor.org\/tr\/tavsiye\/\" data-wpil=\"url\" data-wpel-link=\"internal\">Excel p\u00fcf noktalar\u0131ndan<\/a> biridir. \u00d6yleyse ba\u015flayal\u0131m\u2026<\/p><h2 class=\"wp-block-heading\"> OTOMAT\u0130K FORMAT se\u00e7ene\u011fini nerede bulabilirim?<\/h2><p> Excel 2003 versiyonunu kontrol etti\u011finizde men\u00fcde otomatik format se\u00e7ene\u011fi bulunmaktad\u0131r. Ancak 2007&#8217;nin \u015feritli s\u00fcr\u00fcm\u00fcyle birlikte bu se\u00e7enek hi\u00e7bir sekmede kullan\u0131lam\u0131yor.<\/p><p> Bu, onu \u00f6nceki s\u00fcr\u00fcmlerde kullanamayaca\u011f\u0131n\u0131z anlam\u0131na gelmez. Hala orada ama gizli. Dolay\u0131s\u0131yla 2007, 2010, 2013 ve 2016 gibi Excel s\u00fcr\u00fcmlerinde kullanmak i\u00e7in onu Excel H\u0131zl\u0131 Eri\u015fim Ara\u00e7 \u00c7ubu\u011funa eklemeniz gerekir. Bu tek seferlik bir kurulum oldu\u011fundan tekrar tekrar yapman\u0131za gerek yoktur.<\/p><h2 id=\"tab-con-2\" class=\"wp-block-heading\"> H\u0131zl\u0131 Eri\u015fim Ara\u00e7 \u00c7ubu\u011funa Otomatik Format Ekle<\/h2><p> Otomatik Bi\u00e7imlendirme&#8217;yi <a style=\"outline: none;\" href=\"https:\/\/exceladvisor.org\/tr\/hizli-erisim-cubugu\/\" data-wpel-link=\"internal\">H\u0131zl\u0131 Eri\u015fim Ara\u00e7 \u00c7ubu\u011funuza<\/a> eklemek i\u00e7in l\u00fctfen a\u015fa\u011f\u0131daki ad\u0131mlar\u0131 izleyin.<\/p><ul><li> \u00d6ncelikle H\u0131zl\u0131 Eri\u015fim Ara\u00e7 \u00c7ubu\u011funuza gidin ve ara\u00e7 \u00e7ubu\u011funun sonundaki k\u00fc\u00e7\u00fck a\u015fa\u011f\u0131 oku t\u0131klay\u0131n. <\/li><\/ul><div class=\"wp-block-image\"><figure class=\"aligncenter\"><img decoding=\"async\" src=\"https:\/\/exceladvisor.org\/wp-content\/uploads\/2023\/08\/cliquez-sur-la-liste-deroulante-pour-activer-le-format-automatique-dans-Excel-min-1.png\" sizes=\"\" srcset=\"\" alt=\"Excel'de otomatik format\u0131 etkinle\u015ftirmek i\u00e7in a\u00e7\u0131l\u0131r kutuyu t\u0131klay\u0131n\"><\/figure><\/div><ul><li> Ve \u00fczerine t\u0131klad\u0131\u011f\u0131n\u0131zda bir a\u00e7\u0131l\u0131r men\u00fc g\u00f6receksiniz. <\/li><\/ul><div class=\"wp-block-image\"><figure class=\"aligncenter\"><img decoding=\"async\" src=\"https:\/\/exceladvisor.org\/wp-content\/uploads\/2023\/08\/cliquez-sur-plus-de-commandes-pour-activer-le-format-automatique-dans-excel-min-1.png\" sizes=\"\" srcset=\"\" alt=\"Excel'de otomatik bi\u00e7imlendirmeyi etkinle\u015ftirmek i\u00e7in daha fazla komuta t\u0131klay\u0131n\"><\/figure><\/div><ul><li> Bu men\u00fcde \u201cDi\u011fer Sipari\u015fler\u201d se\u00e7ene\u011fine t\u0131klay\u0131n. <\/li><\/ul><div class=\"wp-block-image\"><figure class=\"aligncenter\"><img decoding=\"async\" src=\"https:\/\/exceladvisor.org\/wp-content\/uploads\/2023\/08\/cliquez-sur-plus-de-commandes-pour-activer-le-format-automatique-dans-excel-min-1.png\" sizes=\"\" srcset=\"\" alt=\"Excel'de otomatik bi\u00e7imlendirmeyi etkinle\u015ftirmek i\u00e7in daha fazla komuta t\u0131klay\u0131n\"><\/figure><\/div><ul><li> \u00dczerine t\u0131klad\u0131\u011f\u0131n\u0131zda Excel se\u00e7eneklerinde \u201cH\u0131zl\u0131 Eri\u015fim Ara\u00e7 \u00c7ubu\u011funu \u00d6zelle\u015ftir\u201d a\u00e7\u0131lacakt\u0131r.<\/li><li> Oradan, &#8220;Komutlar\u0131 se\u00e7&#8221; a\u00e7\u0131l\u0131r men\u00fcs\u00fcne t\u0131klay\u0131n ve &#8220;\u015eeritte olmayan komutlar&#8221;\u0131 se\u00e7in. <\/li><\/ul><div class=\"wp-block-image\"><figure class=\"aligncenter\"><img decoding=\"async\" src=\"https:\/\/exceladvisor.org\/wp-content\/uploads\/2023\/08\/selectionnez-les-commandes-qui-ne-se-trouvent-pas-dans-le-ruban-pour-ajouter-le-format-automatique-dans-la-barre-doutils-dacces-rapide-dExcel-min-1.png\" sizes=\"\" srcset=\"\" alt=\"Excel'in H\u0131zl\u0131 Eri\u015fim Ara\u00e7 \u00c7ubu\u011funa otomatik format eklemek i\u00e7in \u015feritte olmayan komutlar\u0131 se\u00e7in\"><\/figure><\/div><ul><li> Bundan sonra, bu a\u00e7\u0131l\u0131r listenin hemen alt\u0131ndaki sahip oldu\u011funuz komutlar\u0131n listesine gidin.<\/li><li> Ve \u201cOtomatik Format\u201d se\u00e7ene\u011fini se\u00e7in ve H\u0131zl\u0131 Eri\u015fim Ara\u00e7 \u00c7ubu\u011funa ekleyin. <\/li><\/ul><div class=\"wp-block-image\"><figure class=\"aligncenter\"><img decoding=\"async\" src=\"https:\/\/exceladvisor.org\/wp-content\/uploads\/2023\/08\/selectionner-a-partir-de-la-commande-de-format-automatique-dans-Excel-pour-ajouter-a-la-barre-doutils-dacces-rapide-min-1.png\" sizes=\"\" srcset=\"\" alt=\"H\u0131zl\u0131 Eri\u015fim Ara\u00e7 \u00c7ubu\u011funa eklemek i\u00e7in Excel'deki otomatik bi\u00e7imlendirme komutundan se\u00e7im yap\u0131n\"><\/figure><\/div><ul><li> Tamam&#8217;\u0131 t\u0131klay\u0131n. <\/li><\/ul><div class=\"wp-block-image\"><figure class=\"aligncenter\"><img decoding=\"async\" src=\"https:\/\/exceladvisor.org\/wp-content\/uploads\/2023\/08\/bouton-de-formatage-automatique-dans-la-barre-doutils-dacces-rapide-dExcel-min-1.png\" sizes=\"\" srcset=\"\" alt=\"Excel H\u0131zl\u0131 Eri\u015fim Ara\u00e7 \u00c7ubu\u011fundaki otomatik bi\u00e7imlendirme d\u00fc\u011fmesi\"><\/figure><\/div><p> Art\u0131k H\u0131zl\u0131 Eri\u015fim Ara\u00e7 \u00c7ubu\u011funuzda otomatik format simgesine sahipsiniz.<\/p><h2 id=\"tab-con-3\" class=\"wp-block-heading\"> Otomatik format nas\u0131l kullan\u0131l\u0131r?<\/h2><p> Otomatik format se\u00e7ene\u011fiyle formatlar\u0131 uygulamak son derece basittir. A\u015fa\u011f\u0131daki veri tablosunu formatlamak istedi\u011finizi varsayal\u0131m. <\/p><div class=\"wp-block-image\"><figure class=\"aligncenter\"><img decoding=\"async\" src=\"https:\/\/exceladvisor.org\/wp-content\/uploads\/2023\/08\/table-de-donnees-pour-utiliser-le-format-automatique-dans-excel-min-1.png\" sizes=\"\" srcset=\"\" alt=\"excel'de otomatik format\u0131 kullanmak i\u00e7in veri tablosu\"><\/figure><\/div><p> Tabloyu formatlamak i\u00e7in a\u015fa\u011f\u0131daki ad\u0131mlar\u0131 takip etmek ve takip etmek i\u00e7in <a style=\"outline: none;\" href=\"https:\/\/exceladvisor.org\/wp-content\/uploads\/2023\/08\/formatage-automatique-des-donnees.xlsx\" rel=\"nofollow\">bu dosyay\u0131 buradan indirin<\/a> .<\/p><ul><li> Verilerinizdeki h\u00fccrelerden birini se\u00e7in. <\/li><\/ul><div class=\"wp-block-image\"><figure class=\"aligncenter\"><img decoding=\"async\" src=\"https:\/\/exceladvisor.org\/wp-content\/uploads\/2023\/08\/selectionnez-nimporte-quelle-cellule-des-donnees-pour-appliquer-le-formatage-avec-le-format-automatique-dans-Excel-min-1.png\" sizes=\"\" srcset=\"\" alt=\"Excel'de otomatik bi\u00e7imlendirmeyle bi\u00e7imlendirmeyi uygulamak i\u00e7in verilerdeki herhangi bir h\u00fccreyi se\u00e7in\"><\/figure><\/div><ul><li> H\u0131zl\u0131 Eri\u015fim Ara\u00e7 \u00c7ubu\u011funa gidin ve Otomatik Format d\u00fc\u011fmesini t\u0131klay\u0131n. <\/li><\/ul><div class=\"wp-block-image\"><figure class=\"aligncenter\"><img decoding=\"async\" src=\"https:\/\/exceladvisor.org\/wp-content\/uploads\/2023\/08\/cliquez-sur-le-bouton-de-formatage-automatique-pour-ajouter-un-formatage-sur-la-table-de-donnees-min-1.png\" sizes=\"\" srcset=\"\" alt=\"veri tablosuna bi\u00e7imlendirme eklemek i\u00e7in otomatik bi\u00e7imlendirme d\u00fc\u011fmesini t\u0131klay\u0131n\"><\/figure><\/div><ul><li> Art\u0131k farkl\u0131 veri formatlar\u0131n\u0131n oldu\u011fu bir pencereniz var.<\/li><li> Birini se\u00e7in ve Tamam&#8217;a t\u0131klay\u0131n. <\/li><\/ul><div class=\"wp-block-image\"><figure class=\"aligncenter\"><img decoding=\"async\" src=\"https:\/\/exceladvisor.org\/wp-content\/uploads\/2023\/08\/selectionnez-le-format-et-cliquez-sur-OK-pour-appliquer-le-formatage-avec-le-format-automatique-dans-Excel-min-1.png\" sizes=\"\" srcset=\"\" alt=\"bi\u00e7imi se\u00e7in ve Excel'de otomatik bi\u00e7imlendirmeyle bi\u00e7imlendirmeyi uygulamak i\u00e7in Tamam'\u0131 t\u0131klay\u0131n.\"><\/figure><\/div><ul><li> Tamam&#8217;\u0131 t\u0131klatt\u0131\u011f\u0131n\u0131zda, se\u00e7ti\u011finiz format an\u0131nda verilere uygulanacakt\u0131r. <\/li><\/ul><div class=\"wp-block-image\"><figure class=\"aligncenter\"><img decoding=\"async\" src=\"https:\/\/exceladvisor.org\/wp-content\/uploads\/2023\/08\/tableau-formate-avec-format-automatique-dans-excel-min-1.png\" sizes=\"\" srcset=\"\" alt=\"excel'de otomatik formatl\u0131 formatlanm\u0131\u015f tablo\"><\/figure><\/div><h2 id=\"tab-con-4\" class=\"wp-block-heading\"> Bir format\u0131 otomatik formata nas\u0131l de\u011fi\u015ftirebilirim?<\/h2><p> Yukar\u0131da da belirtti\u011fim gibi Otomatik Formattaki t\u00fcm formatlar 6 farkl\u0131 bile\u015fenin birle\u015fimidir. Ayr\u0131ca bu bile\u015fenleri uygulamadan \u00f6nce her formata ekleyebilir veya kald\u0131rabilirsiniz.<\/p><p> A\u015fa\u011f\u0131daki veri tablosuna, yaz\u0131 tipi stilini ve s\u00fctun geni\u015fli\u011fini de\u011fi\u015ftirmeden bi\u00e7imlendirme eklemek istedi\u011finizi varsayal\u0131m. A\u015fa\u011f\u0131daki ad\u0131mlar\u0131 takip ederek format\u0131 uygulaman\u0131z gerekmektedir.<\/p><ul><li> Verilerinizi se\u00e7in ve otomatik bi\u00e7imlendirme d\u00fc\u011fmesini t\u0131klay\u0131n.<\/li><li> Uygulanacak format\u0131 se\u00e7in ve \u201cSe\u00e7enekler\u201d d\u00fc\u011fmesine t\u0131klay\u0131n.<\/li><li> Se\u00e7eneklerde \u201cYaz\u0131 Tipi\u201d ve \u201cGeni\u015flik\/Y\u00fckseklik\u201d se\u00e7ene\u011finin i\u015faretini kald\u0131r\u0131n. <\/li><\/ul><div class=\"wp-block-image\"><figure class=\"aligncenter\"><img decoding=\"async\" src=\"https:\/\/exceladvisor.org\/wp-content\/uploads\/2023\/08\/modifier-le-format-au-format-automatique-dans-excel-min-1.png\" sizes=\"\" srcset=\"\" alt=\"excel'de format\u0131 otomatik formata de\u011fi\u015ftir\"><\/figure><\/div><ul><li> Ve Tamam&#8217;\u0131 t\u0131klay\u0131n. <\/li><\/ul><div class=\"wp-block-image\"><figure class=\"aligncenter\"><img decoding=\"async\" src=\"https:\/\/exceladvisor.org\/wp-content\/uploads\/2023\/08\/format-sans-style-de-police-et-largeur-avec-format-automatique-min-1.png\" sizes=\"\" srcset=\"\" alt=\"otomatik formatla yaz\u0131 tipi stili ve geni\u015fli\u011fi olmayan format\"><\/figure><\/div><p> Art\u0131k her iki bile\u015fen de bi\u00e7imlendirmenizde yok.<\/p><h2 id=\"tab-con-5\" class=\"wp-block-heading\"> Bi\u00e7imlendirmeyi kald\u0131rma<\/h2><p> Veri bi\u00e7imlendirmesini kald\u0131rman\u0131n en iyi yolu Alt + H + E + F k\u0131sayol tu\u015funu kullanmakt\u0131r. Ancak verilerinizden bi\u00e7imlendirmeyi kald\u0131rmak i\u00e7in otomatik bi\u00e7imlendirme se\u00e7ene\u011fini de kullanabilirsiniz.<\/p><ul><li> T\u00fcm verilerinizi se\u00e7in ve otomatik format\u0131 a\u00e7\u0131n.<\/li><li> &#8220;Yok&#8221; format\u0131na sahip oldu\u011funuz formatlar listesindeki sonuncuya gidin. <\/li><\/ul><div class=\"wp-block-image\"><figure class=\"aligncenter\"><img decoding=\"async\" src=\"https:\/\/exceladvisor.org\/wp-content\/uploads\/2023\/08\/supprimer-le-format-avec-le-format-automatique-min-1.png\" sizes=\"\" srcset=\"\" alt=\"otomatik formatla format\u0131 kald\u0131r\"><\/figure><\/div><ul><li> Onu se\u00e7in ve Tamam&#8217;a t\u0131klay\u0131n.<\/li><\/ul><h2 id=\"tab-con-6\" class=\"wp-block-heading\"> \u00d6nemli noktalar<\/h2><ol><li> Otomatik bi\u00e7imlendirme, verilerinizde zaten bi\u00e7imlendirme olup olmad\u0131\u011f\u0131n\u0131 alg\u0131layamaz. Se\u00e7ti\u011finiz formata g\u00f6re yeni format\u0131 yok sayacak ve uygulayacakt\u0131r.<\/li><li> Otomatik bi\u00e7imlendirme se\u00e7ene\u011fiyle bi\u00e7imlendirme uygulamak i\u00e7in en az 2 h\u00fccreye ihtiyac\u0131n\u0131z vard\u0131r.<\/li><\/ol><div class=\"gb-container gb-container-4db6181c gb-container-mt\"> <a class=\"gb-button gb-button-c5897111 gb-button-text gb-button-mt-button\" href=\"https:\/\/exceladvisor.org\/tr\/excel-ilerlemesi\/\">\u0130leri D\u00fczey Excel Dersleri<\/a><h2 class=\"gb-headline gb-headline-665e5f6b gb-headline-text gb-headline-mt-heading\"> \u0130lgili e\u011fitimler <\/h2><div class=\"gb-grid-wrapper gb-grid-wrapper-a20baf7c gb-grid-wrapper-mt-grid\"><div class=\"gb-grid-column gb-grid-column-65ddf67e\"><div class=\"gb-container gb-container-65ddf67e\"><ul><li> <a href=\"https:\/\/exceladvisor.org\/tr\/formuller-1\/\" data-wpil=\"url\">Ko\u015fullu bi\u00e7imlendirmedeki form\u00fcller<\/a><\/li><li> <a href=\"https:\/\/exceladvisor.org\/tr\/alternatif-cizgileri-vurgula\/\">Renk \u00f6rne\u011fiyle Excel&#8217;deki alternatif sat\u0131rlar\u0131 vurgulay\u0131n<\/a><\/li><li> <a href=\"https:\/\/exceladvisor.org\/tr\/simge-oyunlari\/\" data-wpil=\"url\">Excel&#8217;de simge k\u00fcmelerini kullanma (ko\u015fullu bi\u00e7imlendirme)<\/a><\/li><li> <a href=\"https:\/\/exceladvisor.org\/tr\/en-iyi-yazi-tipleri\/\">Microsoft Excel i\u00e7in En \u0130yi Yaz\u0131 Tipleri<\/a><\/li><li> <a href=\"https:\/\/exceladvisor.org\/tr\/sifirlari-gizle\/\">Excel&#8217;de s\u0131f\u0131r de\u011ferleri gizle<\/a> <\/li><\/ul><\/div><\/div><div class=\"gb-grid-column gb-grid-column-50067b57\"><div class=\"gb-container gb-container-50067b57\"><\/div><\/div><\/div><\/div>","protected":false},"excerpt":{"rendered":"","protected":false},"author":1,"featured_media":0,"parent":0,"menu_order":0,"comment_status":"open","ping_status":"closed","template":"","meta":{"ub_ctt_via":"","footnotes":""},"class_list":["post-1762","page","type-page","status-publish","hentry"],"featured_image_src":null,"yoast_head":"<!-- This site is optimized with the Yoast SEO plugin v25.4 - https:\/\/yoast.com\/wordpress\/plugins\/seo\/ -->\n<title>Otomatik Excel format\u0131 | Zaman kazanmak i\u00e7in bi\u00e7imlendirme se\u00e7ene\u011fi<\/title>\n<meta name=\"description\" content=\"Verilerinizi formatlamak i\u00e7in emek ve zaman harcamak istemiyorsan\u0131z 16 farkl\u0131 format sunan otomatik format se\u00e7ene\u011fini kullanabilirsiniz.\" \/>\n<meta name=\"robots\" content=\"index, follow, max-snippet:-1, max-image-preview:large, max-video-preview:-1\" \/>\n<link rel=\"canonical\" href=\"https:\/\/exceladvisor.org\/tr\/otomatik-format\/\" \/>\n<meta property=\"og:locale\" content=\"tr_TR\" \/>\n<meta property=\"og:type\" content=\"article\" \/>\n<meta property=\"og:title\" content=\"Otomatik Excel format\u0131 | Zaman kazanmak i\u00e7in bi\u00e7imlendirme se\u00e7ene\u011fi\" \/>\n<meta property=\"og:description\" content=\"Verilerinizi formatlamak i\u00e7in emek ve zaman harcamak istemiyorsan\u0131z 16 farkl\u0131 format sunan otomatik format se\u00e7ene\u011fini kullanabilirsiniz.\" \/>\n<meta property=\"og:url\" content=\"https:\/\/exceladvisor.org\/tr\/otomatik-format\/\" \/>\n<meta property=\"og:site_name\" content=\"Excel Advisor\" \/>\n<meta property=\"article:modified_time\" content=\"2023-12-10T06:01:54+00:00\" \/>\n<meta property=\"og:image\" content=\"https:\/\/exceladvisor.org\/wp-content\/uploads\/2023\/08\/cliquez-sur-la-liste-deroulante-pour-activer-le-format-automatique-dans-Excel-min-1.png\" \/>\n<meta name=\"twitter:card\" content=\"summary_large_image\" \/>\n<meta name=\"twitter:label1\" content=\"Tahmini okuma s\u00fcresi\" \/>\n\t<meta name=\"twitter:data1\" content=\"4 dakika\" \/>\n<script type=\"application\/ld+json\" class=\"yoast-schema-graph\">{\"@context\":\"https:\/\/schema.org\",\"@graph\":[{\"@type\":\"WebPage\",\"@id\":\"https:\/\/exceladvisor.org\/tr\/otomatik-format\/\",\"url\":\"https:\/\/exceladvisor.org\/tr\/otomatik-format\/\",\"name\":\"Otomatik Excel format\u0131 | Zaman kazanmak i\u00e7in bi\u00e7imlendirme se\u00e7ene\u011fi\",\"isPartOf\":{\"@id\":\"https:\/\/exceladvisor.org\/tr\/#website\"},\"primaryImageOfPage\":{\"@id\":\"https:\/\/exceladvisor.org\/tr\/otomatik-format\/#primaryimage\"},\"image\":{\"@id\":\"https:\/\/exceladvisor.org\/tr\/otomatik-format\/#primaryimage\"},\"thumbnailUrl\":\"https:\/\/exceladvisor.org\/wp-content\/uploads\/2023\/08\/cliquez-sur-la-liste-deroulante-pour-activer-le-format-automatique-dans-Excel-min-1.png\",\"datePublished\":\"2023-11-06T11:11:53+00:00\",\"dateModified\":\"2023-12-10T06:01:54+00:00\",\"description\":\"Verilerinizi formatlamak i\u00e7in emek ve zaman harcamak istemiyorsan\u0131z 16 farkl\u0131 format sunan otomatik format se\u00e7ene\u011fini kullanabilirsiniz.\",\"breadcrumb\":{\"@id\":\"https:\/\/exceladvisor.org\/tr\/otomatik-format\/#breadcrumb\"},\"inLanguage\":\"tr\",\"potentialAction\":[{\"@type\":\"ReadAction\",\"target\":[\"https:\/\/exceladvisor.org\/tr\/otomatik-format\/\"]}]},{\"@type\":\"ImageObject\",\"inLanguage\":\"tr\",\"@id\":\"https:\/\/exceladvisor.org\/tr\/otomatik-format\/#primaryimage\",\"url\":\"https:\/\/exceladvisor.org\/wp-content\/uploads\/2023\/08\/cliquez-sur-la-liste-deroulante-pour-activer-le-format-automatique-dans-Excel-min-1.png\",\"contentUrl\":\"https:\/\/exceladvisor.org\/wp-content\/uploads\/2023\/08\/cliquez-sur-la-liste-deroulante-pour-activer-le-format-automatique-dans-Excel-min-1.png\"},{\"@type\":\"BreadcrumbList\",\"@id\":\"https:\/\/exceladvisor.org\/tr\/otomatik-format\/#breadcrumb\",\"itemListElement\":[{\"@type\":\"ListItem\",\"position\":1,\"name\":\"Ev\",\"item\":\"https:\/\/exceladvisor.org\/tr\/\"},{\"@type\":\"ListItem\",\"position\":2,\"name\":\"Excel&#39;de otomati\u0307k format se\u00e7ene\u011fi nas\u0131l kullan\u0131l\u0131r?\"}]},{\"@type\":\"WebSite\",\"@id\":\"https:\/\/exceladvisor.org\/tr\/#website\",\"url\":\"https:\/\/exceladvisor.org\/tr\/\",\"name\":\"Excel Advisor\",\"description\":\"Veri hakimiyetine y\u00f6nelik nihai rehberiniz!\",\"publisher\":{\"@id\":\"https:\/\/exceladvisor.org\/tr\/#organization\"},\"potentialAction\":[{\"@type\":\"SearchAction\",\"target\":{\"@type\":\"EntryPoint\",\"urlTemplate\":\"https:\/\/exceladvisor.org\/tr\/?s={search_term_string}\"},\"query-input\":{\"@type\":\"PropertyValueSpecification\",\"valueRequired\":true,\"valueName\":\"search_term_string\"}}],\"inLanguage\":\"tr\"},{\"@type\":\"Organization\",\"@id\":\"https:\/\/exceladvisor.org\/tr\/#organization\",\"name\":\"Excel Advisor\",\"url\":\"https:\/\/exceladvisor.org\/tr\/\",\"logo\":{\"@type\":\"ImageObject\",\"inLanguage\":\"tr\",\"@id\":\"https:\/\/exceladvisor.org\/tr\/#\/schema\/logo\/image\/\",\"url\":\"https:\/\/exceladvisor.org\/tr\/wp-content\/uploads\/2023\/12\/exceladvisor.org_.png\",\"contentUrl\":\"https:\/\/exceladvisor.org\/tr\/wp-content\/uploads\/2023\/12\/exceladvisor.org_.png\",\"width\":105,\"height\":36,\"caption\":\"Excel Advisor\"},\"image\":{\"@id\":\"https:\/\/exceladvisor.org\/tr\/#\/schema\/logo\/image\/\"}}]}<\/script>\n<!-- \/ Yoast SEO plugin. -->","yoast_head_json":{"title":"Otomatik Excel format\u0131 | Zaman kazanmak i\u00e7in bi\u00e7imlendirme se\u00e7ene\u011fi","description":"Verilerinizi formatlamak i\u00e7in emek ve zaman harcamak istemiyorsan\u0131z 16 farkl\u0131 format sunan otomatik format se\u00e7ene\u011fini kullanabilirsiniz.","robots":{"index":"index","follow":"follow","max-snippet":"max-snippet:-1","max-image-preview":"max-image-preview:large","max-video-preview":"max-video-preview:-1"},"canonical":"https:\/\/exceladvisor.org\/tr\/otomatik-format\/","og_locale":"tr_TR","og_type":"article","og_title":"Otomatik Excel format\u0131 | Zaman kazanmak i\u00e7in bi\u00e7imlendirme se\u00e7ene\u011fi","og_description":"Verilerinizi formatlamak i\u00e7in emek ve zaman harcamak istemiyorsan\u0131z 16 farkl\u0131 format sunan otomatik format se\u00e7ene\u011fini kullanabilirsiniz.","og_url":"https:\/\/exceladvisor.org\/tr\/otomatik-format\/","og_site_name":"Excel Advisor","article_modified_time":"2023-12-10T06:01:54+00:00","og_image":[{"url":"https:\/\/exceladvisor.org\/wp-content\/uploads\/2023\/08\/cliquez-sur-la-liste-deroulante-pour-activer-le-format-automatique-dans-Excel-min-1.png","type":"","width":"","height":""}],"twitter_card":"summary_large_image","twitter_misc":{"Tahmini okuma s\u00fcresi":"4 dakika"},"schema":{"@context":"https:\/\/schema.org","@graph":[{"@type":"WebPage","@id":"https:\/\/exceladvisor.org\/tr\/otomatik-format\/","url":"https:\/\/exceladvisor.org\/tr\/otomatik-format\/","name":"Otomatik Excel format\u0131 | Zaman kazanmak i\u00e7in bi\u00e7imlendirme se\u00e7ene\u011fi","isPartOf":{"@id":"https:\/\/exceladvisor.org\/tr\/#website"},"primaryImageOfPage":{"@id":"https:\/\/exceladvisor.org\/tr\/otomatik-format\/#primaryimage"},"image":{"@id":"https:\/\/exceladvisor.org\/tr\/otomatik-format\/#primaryimage"},"thumbnailUrl":"https:\/\/exceladvisor.org\/wp-content\/uploads\/2023\/08\/cliquez-sur-la-liste-deroulante-pour-activer-le-format-automatique-dans-Excel-min-1.png","datePublished":"2023-11-06T11:11:53+00:00","dateModified":"2023-12-10T06:01:54+00:00","description":"Verilerinizi formatlamak i\u00e7in emek ve zaman harcamak istemiyorsan\u0131z 16 farkl\u0131 format sunan otomatik format se\u00e7ene\u011fini kullanabilirsiniz.","breadcrumb":{"@id":"https:\/\/exceladvisor.org\/tr\/otomatik-format\/#breadcrumb"},"inLanguage":"tr","potentialAction":[{"@type":"ReadAction","target":["https:\/\/exceladvisor.org\/tr\/otomatik-format\/"]}]},{"@type":"ImageObject","inLanguage":"tr","@id":"https:\/\/exceladvisor.org\/tr\/otomatik-format\/#primaryimage","url":"https:\/\/exceladvisor.org\/wp-content\/uploads\/2023\/08\/cliquez-sur-la-liste-deroulante-pour-activer-le-format-automatique-dans-Excel-min-1.png","contentUrl":"https:\/\/exceladvisor.org\/wp-content\/uploads\/2023\/08\/cliquez-sur-la-liste-deroulante-pour-activer-le-format-automatique-dans-Excel-min-1.png"},{"@type":"BreadcrumbList","@id":"https:\/\/exceladvisor.org\/tr\/otomatik-format\/#breadcrumb","itemListElement":[{"@type":"ListItem","position":1,"name":"Ev","item":"https:\/\/exceladvisor.org\/tr\/"},{"@type":"ListItem","position":2,"name":"Excel&#39;de otomati\u0307k format se\u00e7ene\u011fi nas\u0131l kullan\u0131l\u0131r?"}]},{"@type":"WebSite","@id":"https:\/\/exceladvisor.org\/tr\/#website","url":"https:\/\/exceladvisor.org\/tr\/","name":"Excel Advisor","description":"Veri hakimiyetine y\u00f6nelik nihai rehberiniz!","publisher":{"@id":"https:\/\/exceladvisor.org\/tr\/#organization"},"potentialAction":[{"@type":"SearchAction","target":{"@type":"EntryPoint","urlTemplate":"https:\/\/exceladvisor.org\/tr\/?s={search_term_string}"},"query-input":{"@type":"PropertyValueSpecification","valueRequired":true,"valueName":"search_term_string"}}],"inLanguage":"tr"},{"@type":"Organization","@id":"https:\/\/exceladvisor.org\/tr\/#organization","name":"Excel Advisor","url":"https:\/\/exceladvisor.org\/tr\/","logo":{"@type":"ImageObject","inLanguage":"tr","@id":"https:\/\/exceladvisor.org\/tr\/#\/schema\/logo\/image\/","url":"https:\/\/exceladvisor.org\/tr\/wp-content\/uploads\/2023\/12\/exceladvisor.org_.png","contentUrl":"https:\/\/exceladvisor.org\/tr\/wp-content\/uploads\/2023\/12\/exceladvisor.org_.png","width":105,"height":36,"caption":"Excel Advisor"},"image":{"@id":"https:\/\/exceladvisor.org\/tr\/#\/schema\/logo\/image\/"}}]}},"yoast_meta":{"yoast_wpseo_title":"","yoast_wpseo_metadesc":"","yoast_wpseo_canonical":""},"_links":{"self":[{"href":"https:\/\/exceladvisor.org\/tr\/wp-json\/wp\/v2\/pages\/1762","targetHints":{"allow":["GET"]}}],"collection":[{"href":"https:\/\/exceladvisor.org\/tr\/wp-json\/wp\/v2\/pages"}],"about":[{"href":"https:\/\/exceladvisor.org\/tr\/wp-json\/wp\/v2\/types\/page"}],"author":[{"embeddable":true,"href":"https:\/\/exceladvisor.org\/tr\/wp-json\/wp\/v2\/users\/1"}],"replies":[{"embeddable":true,"href":"https:\/\/exceladvisor.org\/tr\/wp-json\/wp\/v2\/comments?post=1762"}],"version-history":[{"count":1,"href":"https:\/\/exceladvisor.org\/tr\/wp-json\/wp\/v2\/pages\/1762\/revisions"}],"predecessor-version":[{"id":2565,"href":"https:\/\/exceladvisor.org\/tr\/wp-json\/wp\/v2\/pages\/1762\/revisions\/2565"}],"wp:attachment":[{"href":"https:\/\/exceladvisor.org\/tr\/wp-json\/wp\/v2\/media?parent=1762"}],"curies":[{"name":"wp","href":"https:\/\/api.w.org\/{rel}","templated":true}]}}