{"id":1763,"date":"2023-11-06T10:44:49","date_gmt":"2023-11-06T10:44:49","guid":{"rendered":"https:\/\/exceladvisor.org\/tr\/ortalama-sure-2\/"},"modified":"2023-12-10T06:08:09","modified_gmt":"2023-12-10T06:08:09","slug":"ortalama-sure-2","status":"publish","type":"page","link":"https:\/\/exceladvisor.org\/tr\/ortalama-sure-2\/","title":{"rendered":"Zaman de\u011ferlerinin ortalamas\u0131 nas\u0131l hesaplan\u0131r?"},"content":{"rendered":"<div class=\"excel-icerikten-once\" id=\"excel-3087281166\"><script type=\"text\/javascript\">\r\n\tatOptions = {\r\n\t\t'key' : 'c1158f160081d6540a8409e6925dab94',\r\n\t\t'format' : 'iframe',\r\n\t\t'height' : 250,\r\n\t\t'width' : 300,\r\n\t\t'params' : {}\r\n\t};\r\n<\/script>\r\n<script type=\"text\/javascript\" src=\"\/\/www.highperformanceformat.com\/c1158f160081d6540a8409e6925dab94\/invoke.js\"><\/script><\/div> <p>Bu derste, bir h\u00fccre aral\u0131\u011f\u0131nda sahip oldu\u011funuz zaman de\u011ferlerinin ortalamas\u0131n\u0131 nas\u0131l hesaplayaca\u011f\u0131m\u0131z\u0131 \u00f6\u011frenece\u011fiz.<\/p><h2 class=\"wp-block-heading\"> Ortalama s\u00fcre form\u00fcl\u00fc<\/h2><p> A\u015fa\u011f\u0131daki \u00f6rnekte A s\u00fctununda A1:A3 aral\u0131\u011f\u0131nda \u00fc\u00e7 zaman de\u011feriniz var. \u015eimdi bu zaman de\u011ferlerinin ortalamas\u0131n\u0131 hesaplaman\u0131z gerekiyor. <\/p><div class=\"wp-block-image\"><figure class=\"aligncenter size-full is-resized\"><img loading=\"lazy\" decoding=\"async\" class=\"wp-image-79293\" src=\"https:\/\/exceladvisor.org\/wp-content\/uploads\/2023\/08\/1-calculer-la-moyenne-des-valeurs-de-temps.png\" sizes=\"auto, \" srcset=\"\" alt=\"zaman-de\u011ferlerinin-ortalamas\u0131n\u0131-hesapla\" width=\"442\" height=\"364\"><\/figure><\/div><p> Bunu yapmak i\u00e7in ORTALAMA i\u015flevini kullanman\u0131z gerekir.<\/p><ol type=\"1\"><li> E\u015fit i\u015faretini kullanarak bir h\u00fccreye ortalama fonksiyonunu girin.<\/li><li> Daha sonra ORTALAMA fonksiyonuna girin ve parantezleri ba\u015flat\u0131n.<\/li><li> Zaman\u0131n\u0131z\u0131n oldu\u011fu aral\u0131\u011fa bak\u0131n.<\/li><li> Sonunda kapatma parantezlerini girin ve sonucu almak i\u00e7in Enter tu\u015funa bas\u0131n. <\/li><\/ol><div class=\"wp-block-image\"><figure class=\"aligncenter size-full is-resized\"><img loading=\"lazy\" decoding=\"async\" class=\"wp-image-79294\" src=\"https:\/\/exceladvisor.org\/wp-content\/uploads\/2023\/08\/2-moyenne-pour-trouver-la-moyenne-de-la-valeur-du-temps.png\" sizes=\"auto, \" srcset=\"\" alt=\"ortalama-zaman-de\u011ferini-bulmak i\u00e7in ortalama\" width=\"560\" height=\"358\"><\/figure><\/div><pre class=\"wp-block-code\"> <code class=\"language-excel-formula\" lang=\"excel-formula\">=AVERAGE(A1:A3)<\/code><\/pre><p> Zaman ortalamas\u0131n\u0131 hesaplamak istedi\u011finiz h\u00fccrede, o h\u00fccrede saat format\u0131n\u0131n bulundu\u011fundan emin olman\u0131z gerekir. Format\u0131 de\u011fi\u015ftirmeseniz bile Excel, form\u00fcl\u00fc girdi\u011finizde bu format\u0131 sizin i\u00e7in de\u011fi\u015ftirecek kadar ak\u0131ll\u0131d\u0131r.<\/p><h2 class=\"wp-block-heading\"> Excel&#8217;de zaman\u0131 anlama<\/h2><p> Excel&#8217;de, <strong><mark class=\"has-inline-color\" style=\"background-color: #eedc82;\">bir h\u00fccreye saat girdi\u011finizde Excel buna otomatik olarak bir bi\u00e7im verir<\/mark><\/strong> . Zaman de\u011ferini bi\u00e7imlendirmenin biri 12 saat bi\u00e7iminde, di\u011feri 24 saat bi\u00e7iminde olmak \u00fczere iki yolu vard\u0131r. S\u00fcrenin ortalamas\u0131n\u0131 al\u0131rken ve 12 saatlik format\u0131n\u0131z varsa, biraz dikkatli olman\u0131z gerekir. <\/p><div class=\"wp-block-image\"><figure class=\"aligncenter size-full is-resized\"><img loading=\"lazy\" decoding=\"async\" class=\"wp-image-79295\" src=\"https:\/\/exceladvisor.org\/wp-content\/uploads\/2023\/08\/3-comprendre-le-temps-dans-excel.png\" sizes=\"auto, \" srcset=\"\" alt=\"excel'de zaman\u0131 anlama\" width=\"325\" height=\"154\"><\/figure><\/div><p> Yukar\u0131da iki farkl\u0131 saatimiz var; biri sabah 6:30, ikincisi ak\u015fam 6:30. Ortalaman\u0131n iki form\u00fclde farkl\u0131 olmas\u0131n\u0131n nedeni budur.<\/p><h2 class=\"wp-block-heading\"> Neden #B\u00d6L\/0 al\u0131yorum! Ortalama s\u00fcre al\u0131n\u0131rken hata olu\u015ftu<\/h2><p> E\u011fer zaman de\u011ferleriniz h\u00fccrede metin olarak saklan\u0131yorsa <a href=\"https:\/\/exceladvisor.org\/tr\/bolme-hatasi\/\">#SAYI\/0 ile kar\u015f\u0131la\u015fabilirsiniz! hata<\/a> . A\u015fa\u011f\u0131da metin olarak kaydedilen ve ortalamas\u0131n\u0131 al\u0131rken hata ald\u0131\u011f\u0131m\u0131z zaman de\u011ferlerinin bir listesi bulunmaktad\u0131r. <\/p><div class=\"wp-block-image\"><figure class=\"aligncenter size-full is-resized\"><img loading=\"lazy\" decoding=\"async\" class=\"wp-image-79297\" src=\"https:\/\/exceladvisor.org\/wp-content\/uploads\/2023\/08\/Erreur-de-4-div-lors-de-la-moyenne-du-temps.png\" sizes=\"auto, \" srcset=\"\" alt=\"#div-error-while-ortalama-zaman\" width=\"346\" height=\"185\"><\/figure><\/div><p> Bu sorunu \u00e7\u00f6zmek i\u00e7in a\u015fa\u011f\u0131daki form\u00fcl\u00fc kullanabilirsiniz. <\/p><div class=\"wp-block-image\"><figure class=\"aligncenter size-full is-resized\"><img loading=\"lazy\" decoding=\"async\" class=\"wp-image-79298\" src=\"https:\/\/exceladvisor.org\/wp-content\/uploads\/2023\/08\/5-formule-pour-ignorer-lerreur-div.png\" sizes=\"auto, \" srcset=\"\" alt=\"yoksay\u0131lacak form\u00fcl-#div-hatas\u0131\" width=\"575\" height=\"368\"><\/figure><\/div><p> Bu form\u00fcl\u00fc <strong><mark class=\"has-inline-color\" style=\"background-color: #eedc82;\">Ctrl + Shift + Enter tu\u015flar\u0131n\u0131<\/mark><\/strong> kullanarak dizi form\u00fcl\u00fc olarak girmeniz gerekir. <\/p><div class=\"gb-container gb-container-52dfcee1 gb-container-sample-file\"><h2 class=\"gb-headline gb-headline-e289c143 gb-headline-text gb-headline-4f7959c2\"> Excel dosyas\u0131n\u0131 al\u0131n<\/h2><p> <a class=\"gb-button gb-button-e88d6bee gb-button-text gb-button-button1\" href=\"https:\/\/exceladvisor.org\/wp-content\/uploads\/2023\/11\/temps-moyen.xlsx\" rel=\"nofollow\">\u0130ndirmek<\/a><\/p><\/div><div class=\"gb-container gb-container-0df56012 gb-container-mt\"> <a class=\"gb-button gb-button-f9f432f4 gb-button-text gb-button-mt-button\" href=\"https:\/\/exceladvisor.org\/tr\/formuller\/\">Excel form\u00fcllerinin listesi<\/a><h2 class=\"gb-headline gb-headline-233444e8 gb-headline-text gb-headline-mt-heading\"> \u0130lgili form\u00fcller <\/h2><div class=\"gb-grid-wrapper gb-grid-wrapper-a16fa65c gb-grid-wrapper-mt-grid\"><div class=\"gb-grid-column gb-grid-column-50d07e0d\"><div class=\"gb-container gb-container-50d07e0d\"><ul><li> <a href=\"https:\/\/exceladvisor.org\/tr\/ortalama-maksimum-degerler\/\">Excel&#8217;deki en y\u00fcksek 5 de\u011ferin ortalamas\u0131<\/a><\/li><li> <a href=\"https:\/\/exceladvisor.org\/tr\/agirlikli-ortalama\/\">Excel&#8217;de a\u011f\u0131rl\u0131kl\u0131 ortalamay\u0131 hesaplay\u0131n<\/a><\/li><li> <a href=\"https:\/\/exceladvisor.org\/tr\/ortalama-goz-ardi-edilen-hatalar-2\/\">Ortalama ancak hatalar\u0131 g\u00f6z ard\u0131 edin (#Yok ve di\u011fer hatalar)<\/a><\/li><li> <a href=\"https:\/\/exceladvisor.org\/tr\/ortalama-sifirlari-haric-tutar-2\/\">Ortalama say\u0131 ancak s\u0131f\u0131rlar\u0131 hari\u00e7 tutun<\/a><\/li><\/ul><\/div><\/div><\/div><\/div>","protected":false},"excerpt":{"rendered":"","protected":false},"author":1,"featured_media":0,"parent":0,"menu_order":0,"comment_status":"open","ping_status":"closed","template":"","meta":{"ub_ctt_via":"","footnotes":""},"class_list":["post-1763","page","type-page","status-publish","hentry"],"featured_image_src":null,"yoast_head":"<!-- This site is optimized with the Yoast SEO plugin v25.4 - https:\/\/yoast.com\/wordpress\/plugins\/seo\/ -->\n<title>Zaman de\u011ferlerinin ortalamas\u0131 nas\u0131l hesaplan\u0131r?<\/title>\n<meta name=\"description\" content=\"Bu e\u011fitim size bir dizi h\u00fccreden ortalama zaman de\u011feri i\u00e7in bir Excel form\u00fcl\u00fcn\u00fcn nas\u0131l yaz\u0131laca\u011f\u0131n\u0131 \u00f6\u011fretecektir. Bunu kontrol edelim\u2026\" \/>\n<meta name=\"robots\" content=\"index, follow, max-snippet:-1, max-image-preview:large, max-video-preview:-1\" \/>\n<link rel=\"canonical\" href=\"https:\/\/exceladvisor.org\/tr\/ortalama-sure-2\/\" \/>\n<meta property=\"og:locale\" content=\"tr_TR\" \/>\n<meta property=\"og:type\" content=\"article\" \/>\n<meta property=\"og:title\" content=\"Zaman de\u011ferlerinin ortalamas\u0131 nas\u0131l hesaplan\u0131r?\" \/>\n<meta property=\"og:description\" content=\"Bu e\u011fitim size bir dizi h\u00fccreden ortalama zaman de\u011feri i\u00e7in bir Excel form\u00fcl\u00fcn\u00fcn nas\u0131l yaz\u0131laca\u011f\u0131n\u0131 \u00f6\u011fretecektir. Bunu kontrol edelim\u2026\" \/>\n<meta property=\"og:url\" content=\"https:\/\/exceladvisor.org\/tr\/ortalama-sure-2\/\" \/>\n<meta property=\"og:site_name\" content=\"Excel Advisor\" \/>\n<meta property=\"article:modified_time\" content=\"2023-12-10T06:08:09+00:00\" \/>\n<meta property=\"og:image\" content=\"https:\/\/exceladvisor.org\/wp-content\/uploads\/2023\/08\/1-calculer-la-moyenne-des-valeurs-de-temps.png\" \/>\n<meta name=\"twitter:card\" content=\"summary_large_image\" \/>\n<meta name=\"twitter:label1\" content=\"Tahmini okuma s\u00fcresi\" \/>\n\t<meta name=\"twitter:data1\" content=\"2 dakika\" \/>\n<script type=\"application\/ld+json\" class=\"yoast-schema-graph\">{\"@context\":\"https:\/\/schema.org\",\"@graph\":[{\"@type\":\"WebPage\",\"@id\":\"https:\/\/exceladvisor.org\/tr\/ortalama-sure-2\/\",\"url\":\"https:\/\/exceladvisor.org\/tr\/ortalama-sure-2\/\",\"name\":\"Zaman de\u011ferlerinin ortalamas\u0131 nas\u0131l hesaplan\u0131r?\",\"isPartOf\":{\"@id\":\"https:\/\/exceladvisor.org\/tr\/#website\"},\"primaryImageOfPage\":{\"@id\":\"https:\/\/exceladvisor.org\/tr\/ortalama-sure-2\/#primaryimage\"},\"image\":{\"@id\":\"https:\/\/exceladvisor.org\/tr\/ortalama-sure-2\/#primaryimage\"},\"thumbnailUrl\":\"https:\/\/exceladvisor.org\/wp-content\/uploads\/2023\/08\/1-calculer-la-moyenne-des-valeurs-de-temps.png\",\"datePublished\":\"2023-11-06T10:44:49+00:00\",\"dateModified\":\"2023-12-10T06:08:09+00:00\",\"description\":\"Bu e\u011fitim size bir dizi h\u00fccreden ortalama zaman de\u011feri i\u00e7in bir Excel form\u00fcl\u00fcn\u00fcn nas\u0131l yaz\u0131laca\u011f\u0131n\u0131 \u00f6\u011fretecektir. Bunu kontrol edelim\u2026\",\"breadcrumb\":{\"@id\":\"https:\/\/exceladvisor.org\/tr\/ortalama-sure-2\/#breadcrumb\"},\"inLanguage\":\"tr\",\"potentialAction\":[{\"@type\":\"ReadAction\",\"target\":[\"https:\/\/exceladvisor.org\/tr\/ortalama-sure-2\/\"]}]},{\"@type\":\"ImageObject\",\"inLanguage\":\"tr\",\"@id\":\"https:\/\/exceladvisor.org\/tr\/ortalama-sure-2\/#primaryimage\",\"url\":\"https:\/\/exceladvisor.org\/wp-content\/uploads\/2023\/08\/1-calculer-la-moyenne-des-valeurs-de-temps.png\",\"contentUrl\":\"https:\/\/exceladvisor.org\/wp-content\/uploads\/2023\/08\/1-calculer-la-moyenne-des-valeurs-de-temps.png\"},{\"@type\":\"BreadcrumbList\",\"@id\":\"https:\/\/exceladvisor.org\/tr\/ortalama-sure-2\/#breadcrumb\",\"itemListElement\":[{\"@type\":\"ListItem\",\"position\":1,\"name\":\"Ev\",\"item\":\"https:\/\/exceladvisor.org\/tr\/\"},{\"@type\":\"ListItem\",\"position\":2,\"name\":\"Zaman de\u011ferlerinin ortalamas\u0131 nas\u0131l hesaplan\u0131r?\"}]},{\"@type\":\"WebSite\",\"@id\":\"https:\/\/exceladvisor.org\/tr\/#website\",\"url\":\"https:\/\/exceladvisor.org\/tr\/\",\"name\":\"Excel Advisor\",\"description\":\"Veri hakimiyetine y\u00f6nelik nihai rehberiniz!\",\"publisher\":{\"@id\":\"https:\/\/exceladvisor.org\/tr\/#organization\"},\"potentialAction\":[{\"@type\":\"SearchAction\",\"target\":{\"@type\":\"EntryPoint\",\"urlTemplate\":\"https:\/\/exceladvisor.org\/tr\/?s={search_term_string}\"},\"query-input\":{\"@type\":\"PropertyValueSpecification\",\"valueRequired\":true,\"valueName\":\"search_term_string\"}}],\"inLanguage\":\"tr\"},{\"@type\":\"Organization\",\"@id\":\"https:\/\/exceladvisor.org\/tr\/#organization\",\"name\":\"Excel Advisor\",\"url\":\"https:\/\/exceladvisor.org\/tr\/\",\"logo\":{\"@type\":\"ImageObject\",\"inLanguage\":\"tr\",\"@id\":\"https:\/\/exceladvisor.org\/tr\/#\/schema\/logo\/image\/\",\"url\":\"https:\/\/exceladvisor.org\/tr\/wp-content\/uploads\/2023\/12\/exceladvisor.org_.png\",\"contentUrl\":\"https:\/\/exceladvisor.org\/tr\/wp-content\/uploads\/2023\/12\/exceladvisor.org_.png\",\"width\":105,\"height\":36,\"caption\":\"Excel Advisor\"},\"image\":{\"@id\":\"https:\/\/exceladvisor.org\/tr\/#\/schema\/logo\/image\/\"}}]}<\/script>\n<!-- \/ Yoast SEO plugin. -->","yoast_head_json":{"title":"Zaman de\u011ferlerinin ortalamas\u0131 nas\u0131l hesaplan\u0131r?","description":"Bu e\u011fitim size bir dizi h\u00fccreden ortalama zaman de\u011feri i\u00e7in bir Excel form\u00fcl\u00fcn\u00fcn nas\u0131l yaz\u0131laca\u011f\u0131n\u0131 \u00f6\u011fretecektir. Bunu kontrol edelim\u2026","robots":{"index":"index","follow":"follow","max-snippet":"max-snippet:-1","max-image-preview":"max-image-preview:large","max-video-preview":"max-video-preview:-1"},"canonical":"https:\/\/exceladvisor.org\/tr\/ortalama-sure-2\/","og_locale":"tr_TR","og_type":"article","og_title":"Zaman de\u011ferlerinin ortalamas\u0131 nas\u0131l hesaplan\u0131r?","og_description":"Bu e\u011fitim size bir dizi h\u00fccreden ortalama zaman de\u011feri i\u00e7in bir Excel form\u00fcl\u00fcn\u00fcn nas\u0131l yaz\u0131laca\u011f\u0131n\u0131 \u00f6\u011fretecektir. Bunu kontrol edelim\u2026","og_url":"https:\/\/exceladvisor.org\/tr\/ortalama-sure-2\/","og_site_name":"Excel Advisor","article_modified_time":"2023-12-10T06:08:09+00:00","og_image":[{"url":"https:\/\/exceladvisor.org\/wp-content\/uploads\/2023\/08\/1-calculer-la-moyenne-des-valeurs-de-temps.png","type":"","width":"","height":""}],"twitter_card":"summary_large_image","twitter_misc":{"Tahmini okuma s\u00fcresi":"2 dakika"},"schema":{"@context":"https:\/\/schema.org","@graph":[{"@type":"WebPage","@id":"https:\/\/exceladvisor.org\/tr\/ortalama-sure-2\/","url":"https:\/\/exceladvisor.org\/tr\/ortalama-sure-2\/","name":"Zaman de\u011ferlerinin ortalamas\u0131 nas\u0131l hesaplan\u0131r?","isPartOf":{"@id":"https:\/\/exceladvisor.org\/tr\/#website"},"primaryImageOfPage":{"@id":"https:\/\/exceladvisor.org\/tr\/ortalama-sure-2\/#primaryimage"},"image":{"@id":"https:\/\/exceladvisor.org\/tr\/ortalama-sure-2\/#primaryimage"},"thumbnailUrl":"https:\/\/exceladvisor.org\/wp-content\/uploads\/2023\/08\/1-calculer-la-moyenne-des-valeurs-de-temps.png","datePublished":"2023-11-06T10:44:49+00:00","dateModified":"2023-12-10T06:08:09+00:00","description":"Bu e\u011fitim size bir dizi h\u00fccreden ortalama zaman de\u011feri i\u00e7in bir Excel form\u00fcl\u00fcn\u00fcn nas\u0131l yaz\u0131laca\u011f\u0131n\u0131 \u00f6\u011fretecektir. Bunu kontrol edelim\u2026","breadcrumb":{"@id":"https:\/\/exceladvisor.org\/tr\/ortalama-sure-2\/#breadcrumb"},"inLanguage":"tr","potentialAction":[{"@type":"ReadAction","target":["https:\/\/exceladvisor.org\/tr\/ortalama-sure-2\/"]}]},{"@type":"ImageObject","inLanguage":"tr","@id":"https:\/\/exceladvisor.org\/tr\/ortalama-sure-2\/#primaryimage","url":"https:\/\/exceladvisor.org\/wp-content\/uploads\/2023\/08\/1-calculer-la-moyenne-des-valeurs-de-temps.png","contentUrl":"https:\/\/exceladvisor.org\/wp-content\/uploads\/2023\/08\/1-calculer-la-moyenne-des-valeurs-de-temps.png"},{"@type":"BreadcrumbList","@id":"https:\/\/exceladvisor.org\/tr\/ortalama-sure-2\/#breadcrumb","itemListElement":[{"@type":"ListItem","position":1,"name":"Ev","item":"https:\/\/exceladvisor.org\/tr\/"},{"@type":"ListItem","position":2,"name":"Zaman de\u011ferlerinin ortalamas\u0131 nas\u0131l hesaplan\u0131r?"}]},{"@type":"WebSite","@id":"https:\/\/exceladvisor.org\/tr\/#website","url":"https:\/\/exceladvisor.org\/tr\/","name":"Excel Advisor","description":"Veri hakimiyetine y\u00f6nelik nihai rehberiniz!","publisher":{"@id":"https:\/\/exceladvisor.org\/tr\/#organization"},"potentialAction":[{"@type":"SearchAction","target":{"@type":"EntryPoint","urlTemplate":"https:\/\/exceladvisor.org\/tr\/?s={search_term_string}"},"query-input":{"@type":"PropertyValueSpecification","valueRequired":true,"valueName":"search_term_string"}}],"inLanguage":"tr"},{"@type":"Organization","@id":"https:\/\/exceladvisor.org\/tr\/#organization","name":"Excel Advisor","url":"https:\/\/exceladvisor.org\/tr\/","logo":{"@type":"ImageObject","inLanguage":"tr","@id":"https:\/\/exceladvisor.org\/tr\/#\/schema\/logo\/image\/","url":"https:\/\/exceladvisor.org\/tr\/wp-content\/uploads\/2023\/12\/exceladvisor.org_.png","contentUrl":"https:\/\/exceladvisor.org\/tr\/wp-content\/uploads\/2023\/12\/exceladvisor.org_.png","width":105,"height":36,"caption":"Excel Advisor"},"image":{"@id":"https:\/\/exceladvisor.org\/tr\/#\/schema\/logo\/image\/"}}]}},"yoast_meta":{"yoast_wpseo_title":"","yoast_wpseo_metadesc":"","yoast_wpseo_canonical":""},"_links":{"self":[{"href":"https:\/\/exceladvisor.org\/tr\/wp-json\/wp\/v2\/pages\/1763","targetHints":{"allow":["GET"]}}],"collection":[{"href":"https:\/\/exceladvisor.org\/tr\/wp-json\/wp\/v2\/pages"}],"about":[{"href":"https:\/\/exceladvisor.org\/tr\/wp-json\/wp\/v2\/types\/page"}],"author":[{"embeddable":true,"href":"https:\/\/exceladvisor.org\/tr\/wp-json\/wp\/v2\/users\/1"}],"replies":[{"embeddable":true,"href":"https:\/\/exceladvisor.org\/tr\/wp-json\/wp\/v2\/comments?post=1763"}],"version-history":[{"count":1,"href":"https:\/\/exceladvisor.org\/tr\/wp-json\/wp\/v2\/pages\/1763\/revisions"}],"predecessor-version":[{"id":2972,"href":"https:\/\/exceladvisor.org\/tr\/wp-json\/wp\/v2\/pages\/1763\/revisions\/2972"}],"wp:attachment":[{"href":"https:\/\/exceladvisor.org\/tr\/wp-json\/wp\/v2\/media?parent=1763"}],"curies":[{"name":"wp","href":"https:\/\/api.w.org\/{rel}","templated":true}]}}