{"id":1764,"date":"2023-11-06T01:04:21","date_gmt":"2023-11-06T01:04:21","guid":{"rendered":"https:\/\/exceladvisor.org\/tr\/once-sonra-metin\/"},"modified":"2023-12-10T06:00:37","modified_gmt":"2023-12-10T06:00:37","slug":"once-sonra-metin","status":"publish","type":"page","link":"https:\/\/exceladvisor.org\/tr\/once-sonra-metin\/","title":{"rendered":"Excel&#39;de bir karakterin ard\u0131ndan ve \u00f6ncesindeki metni ay\u0131klama"},"content":{"rendered":"<div class=\"excel-icerikten-once\" id=\"excel-1254963672\"><script type=\"text\/javascript\">\r\n\tatOptions = {\r\n\t\t'key' : 'c1158f160081d6540a8409e6925dab94',\r\n\t\t'format' : 'iframe',\r\n\t\t'height' : 250,\r\n\t\t'width' : 300,\r\n\t\t'params' : {}\r\n\t};\r\n<\/script>\r\n<script type=\"text\/javascript\" src=\"\/\/www.highperformanceformat.com\/c1158f160081d6540a8409e6925dab94\/invoke.js\"><\/script><\/div> <p>Excel&#8217;de belirli bir karakterin ard\u0131ndan veya \u00f6ncesindeki metni \u00e7\u0131karmak i\u00e7in form\u00fcller yazabilirsiniz. Ve bu derste bu form\u00fcllerin nas\u0131l yaz\u0131laca\u011f\u0131n\u0131 \u00f6\u011frenece\u011fiz.<\/p><h2 class=\"wp-block-heading\"> Bir karakterden sonraki metni \u00e7\u0131kart<\/h2><p> Bu form\u00fclde TRIM, RIGHT, SUBSTITUTE, REPT ve LEN kullanmam\u0131z gerekiyor. Ve a\u015fa\u011f\u0131daki \u00f6rnekte de\u011ferlerde iki kelime de\u011fer ve aradaki karakter var. <\/p><div class=\"wp-block-image\"><figure class=\"aligncenter size-full is-resized\"><img loading=\"lazy\" decoding=\"async\" class=\"wp-image-85943\" src=\"https:\/\/exceladvisor.org\/wp-content\/uploads\/2023\/08\/1-extraire-le-texte-apres-et-avant-le-caractere.png\" sizes=\"auto, \" srcset=\"\" alt=\"karakterden sonraki ve \u00f6nceki metin par\u00e7ac\u0131\u011f\u0131\" width=\"674\" height=\"278\"><\/figure><\/div><pre class=\"wp-block-code\"> <code class=\"language-excel-formula\" lang=\"excel-formula\">=TRIM(RIGHT(SUBSTITUTE(A1,B1,REPT(\" \",LEN(A1))),LEN(A1))) =TRIM(RIGHT(SUBSTITUTE(original_text,character,REPT(\" \",LEN(original_text))),LEN(original_text)))<\/code><\/pre><p> Bu form\u00fcl\u00fc anlamak i\u00e7in onu birka\u00e7 par\u00e7aya ay\u0131rman\u0131z gerekir:<\/p><p class=\"in-code\"> \u0130lk b\u00f6l\u00fcmde <code>SUBSTITUTE(A1,B1,REPT(\" \",LEN(A1)))<\/code> var. Bu, (,) karakterini karakterin uzunlu\u011funa e\u015fde\u011fer bo\u015fluk say\u0131s\u0131yla de\u011fi\u015ftiren form\u00fcl\u00fcn bir par\u00e7as\u0131d\u0131r. <\/p><div class=\"wp-block-image\"><figure class=\"aligncenter size-full is-resized\"><img loading=\"lazy\" decoding=\"async\" class=\"wp-image-85944\" src=\"https:\/\/exceladvisor.org\/wp-content\/uploads\/2023\/08\/2-formules-pour-extraire-du-texte.png\" sizes=\"auto, \" srcset=\"\" alt=\"metni ay\u0131klamak i\u00e7in form\u00fcl\" width=\"704\" height=\"327\"><\/figure><\/div><p> \u201cExcel dan\u0131\u015fman\u0131\u201d aras\u0131nda virg\u00fcl yerine bo\u015fluk b\u0131rakt\u0131\u011f\u0131n\u0131z\u0131 g\u00f6rebilirsiniz.<\/p><p class=\"in-code\"> \u0130kinci k\u0131s\u0131mda <code>=TRIM(RIGHT(\"Excel Advisor\",LEN(A1)))<\/code> metni metnin sa\u011f taraf\u0131ndan \u00e7\u0131kar\u0131r ve daha sonra fazladan bo\u015flu\u011fu kald\u0131rmak i\u00e7in k\u0131rpar.<\/p><h3 class=\"wp-block-heading\"> Farkl\u0131 karakter \u00f6rnekleri?<\/h3><p> Verilerle \u00e7al\u0131\u015f\u0131rken karakterin birden fazla \u00f6rne\u011fine sahip olabilirsiniz ve yukar\u0131daki form\u00fcl bununla ba\u015fa \u00e7\u0131kman\u0131za yard\u0131mc\u0131 olmayabilir. Bu durumda a\u015fa\u011f\u0131daki form\u00fcl\u00fc kullanman\u0131z gerekir. <\/p><div class=\"wp-block-image\"><figure class=\"aligncenter size-full is-resized\"><img loading=\"lazy\" decoding=\"async\" class=\"wp-image-85945\" src=\"https:\/\/exceladvisor.org\/wp-content\/uploads\/2023\/08\/3-extraire-le-texte-lorsquil-y-a-plusieurs-instances-de-caracteres.png\" sizes=\"auto, \" srcset=\"\" alt=\"birden fazla karakter \u00f6rne\u011fine sahip oldu\u011funda metni ay\u0131klamak\" width=\"796\" height=\"129\"><\/figure><\/div><pre class=\"wp-block-code\"> <code class=\"language-excel-formula\" lang=\"excel-formula\">=IF(LEN(A1)-LEN(SUBSTITUTE(A1,B1,\"\"))&lt;=1,\"\",MID(SUBSTITUTE(A1,B1,\"^^\",C1),FIND(\"^^\",SUBSTITUTE(A1,B1,\"^^\",C1))+2,LEN(A1)))<\/code><\/pre><p> Bu form\u00fclle metni \u00e7\u0131karmak i\u00e7in karakteri belirtmeniz gerekir, ard\u0131ndan karakterin \u00f6rne\u011fi ba\u015flar. <\/p><div class=\"wp-block-image\"><figure class=\"aligncenter size-full is-resized\"><img loading=\"lazy\" decoding=\"async\" class=\"wp-image-85946\" src=\"https:\/\/exceladvisor.org\/wp-content\/uploads\/2023\/08\/4-specifiez-le-caractere-pour-extraire-le-texte.png\" sizes=\"auto, \" srcset=\"\" alt=\"metni \u00e7\u0131karmak i\u00e7in karakteri belirtin\" width=\"678\" height=\"195\"><\/figure><\/div><p> Yukar\u0131daki form\u00fcl karma\u015f\u0131kt\u0131r ancak mucize gibi \u00e7al\u0131\u015f\u0131r. Bu form\u00fcl\u00fcn kodu, karakterin ikinci veya N&#8217;inci an\u0131n\u0131 elde etmenize yard\u0131mc\u0131 olan SUBSTITUTE i\u015flevidir ve ard\u0131ndan bu an\u0131, metnin \u00e7\u0131kar\u0131lmas\u0131na daha fazla yard\u0131mc\u0131 olan bir &#8220;^^&#8221; ile de\u011fi\u015ftirebilirsiniz.<\/p><p> Ancak yukar\u0131daki gibi karma\u015f\u0131k bir form\u00fcle girmeden, bir karakterden sonra metin almak i\u00e7in t\u00fcm se\u00e7eneklere sahip olan yeni TEXTAFTER i\u015flevini (OFFICE 365) de kullanabilirsiniz. <\/p><div class=\"wp-block-image\"><figure class=\"aligncenter size-full is-resized\"><img loading=\"lazy\" decoding=\"async\" class=\"wp-image-85947\" src=\"https:\/\/exceladvisor.org\/wp-content\/uploads\/2023\/08\/5-fonction-textafter.png\" sizes=\"auto, \" srcset=\"\" alt=\"textafter i\u015flevi\" width=\"638\" height=\"192\"><\/figure><\/div><p> Fonksiyondaki karakteri ve \u00f6rne\u011fi belirtmelisiniz. <\/p><div class=\"wp-block-image\"><figure class=\"aligncenter size-full is-resized\"><img loading=\"lazy\" decoding=\"async\" class=\"wp-image-85948\" src=\"https:\/\/exceladvisor.org\/wp-content\/uploads\/2023\/08\/6-specifier-le-caractere-et-linstance.png\" sizes=\"auto, \" srcset=\"\" alt=\"karakter ve \u00f6rne\u011fi belirtin\" width=\"583\" height=\"170\"><\/figure><\/div><h2 class=\"wp-block-heading\"> Bir karakterden \u00f6nceki metni \u00e7\u0131kar<\/h2><p> Metni karakterden \u00f6nce almak i\u00e7in a\u015fa\u011f\u0131daki form\u00fcl\u00fc kullanabilirsiniz. <\/p><div class=\"wp-block-image\"><figure class=\"aligncenter size-full is-resized\"><img loading=\"lazy\" decoding=\"async\" class=\"wp-image-85949\" src=\"https:\/\/exceladvisor.org\/wp-content\/uploads\/2023\/08\/7-extraire-le-texte-avant-le-caractere.png\" sizes=\"auto, \" srcset=\"\" alt=\"karakterden \u00f6nceki metin \u00f6z\u00fc\" width=\"678\" height=\"231\"><\/figure><\/div><p> Bu, bir karakterden sonraki metni elde etmek i\u00e7in kulland\u0131\u011f\u0131m\u0131z form\u00fcl\u00fcn ayn\u0131s\u0131d\u0131r. SA\u011e&#8217;\u0131 kullanmak yerine SOL&#8217;u kullanmal\u0131s\u0131n\u0131z. Sol (\u00f6n) metni almak i\u00e7in.<\/p><pre class=\"wp-block-code\"> <code class=\"language-Visual Basic\" lang=\"Visual Basic\">=TRIM(LEFT(SUBSTITUTE(A2,B2,REPT(\" \",LEN(A2))),LEN(A2)))<\/code><\/pre><p> Ve bu form\u00fcl tam olarak bu form\u00fcl gibi \u00e7al\u0131\u015f\u0131r. Anla\u015f\u0131l\u0131r hale getirmek i\u00e7in l\u00fctfen ona bak\u0131n.<\/p><h3 class=\"wp-block-heading\"> Farkl\u0131 karakter \u00f6rnekleri<\/h3><p> Metni bir karakterden \u00f6nce (veya sonra) alman\u0131n iki yolu vard\u0131r.<\/p><pre class=\"wp-block-code\"> <code class=\"language-excel-formula\" lang=\"excel-formula\">=IF(LEN(A2)-LEN(SUBSTITUTE(A2,B2,\"\"))&lt;=1,\"\",LEFT(SUBSTITUTE(A2,B2,\"^^\",C2),FIND(\"^^\",SUBSTITUTE(A2,B2,\"^^\",C2))-1))<\/code><\/pre><p> Excel&#8217;in herhangi bir s\u00fcr\u00fcm\u00fcnde kullan\u0131labilir; metni almak i\u00e7in karakterleri ve \u00f6rne\u011fi belirleyebilirsiniz. <\/p><div class=\"wp-block-image\"><figure class=\"aligncenter size-full is-resized\"><img loading=\"lazy\" decoding=\"async\" class=\"wp-image-85950\" src=\"https:\/\/exceladvisor.org\/wp-content\/uploads\/2023\/08\/8-formule-pour-extraire-le-texte-avant-le-caractere.png\" sizes=\"auto, \" srcset=\"\" alt=\"karakterden \u00f6nceki metni \u00e7\u0131karmak i\u00e7in form\u00fcl\" width=\"784\" height=\"198\"><\/figure><\/div><p> Ancak Excel (Office 365) kullan\u0131yorsan\u0131z bu karma\u015f\u0131k form\u00fcl\u00fc kullanman\u0131za gerek yoktur. Bunun yerine TEXTBEFORE i\u015flevini kullanabilirsiniz. <\/p><div class=\"wp-block-image\"><figure class=\"aligncenter size-full is-resized\"><img loading=\"lazy\" decoding=\"async\" class=\"wp-image-85951\" src=\"https:\/\/exceladvisor.org\/wp-content\/uploads\/2023\/08\/9-texte-avant-la-fonction.png\" sizes=\"auto, \" srcset=\"\" alt=\"textbefore-fonksiyon\" width=\"615\" height=\"252\"><\/figure><\/div><div class=\"gb-container gb-container-52dfcee1 gb-container-sample-file\"><h2 class=\"gb-headline gb-headline-e289c143 gb-headline-text gb-headline-4f7959c2\"> Excel dosyas\u0131n\u0131 al\u0131n<\/h2> <a class=\"gb-button gb-button-e88d6bee gb-button-text gb-button-button1\" href=\"https:\/\/exceladvisor.org\/wp-content\/uploads\/2023\/11\/extrait-avant-apres.xlsx\" rel=\"nofollow\">\u0130ndirmek<\/a><\/div><div class=\"gb-container gb-container-0df56012 gb-container-mt\"> <a class=\"gb-button gb-button-f9f432f4 gb-button-text gb-button-mt-button\" href=\"https:\/\/exceladvisor.org\/tr\/formuller\/\">Excel form\u00fcllerinin listesi<\/a><h2 class=\"gb-headline gb-headline-233444e8 gb-headline-text gb-headline-mt-heading\"> \u0130lgili form\u00fcller <\/h2><div class=\"gb-grid-wrapper gb-grid-wrapper-a16fa65c gb-grid-wrapper-mt-grid\"><div class=\"gb-grid-column gb-grid-column-50d07e0d\"><div class=\"gb-container gb-container-50d07e0d\"><ul><li> <a href=\"https:\/\/exceladvisor.org\/tr\/yatay-filtre\/\">Excel&#8217;de yatay filtre olu\u015fturma<\/a><\/li><li> <a href=\"https:\/\/exceladvisor.org\/tr\/yildiz-derecelendirmesi\/\">Excel&#8217;de y\u0131ld\u0131z derecelendirmesi \u015fablonu olu\u015fturma<\/a><\/li><li> <a href=\"https:\/\/exceladvisor.org\/tr\/dosya-adini-al\/\">Excel&#8217;de dosya ad\u0131n\u0131 al\u0131n<\/a><\/li><li> <a href=\"https:\/\/exceladvisor.org\/tr\/sayfa-adini-al\/\">Excel&#8217;de sayfa ad\u0131n\u0131 al\u0131n<\/a><\/li><li> <a href=\"https:\/\/exceladvisor.org\/tr\/rastgele-harfler-olustur\/\">Excel&#8217;de h\u0131zla rastgele harfler olu\u015fturun<\/a><\/li><\/ul><\/div><\/div><\/div><\/div>","protected":false},"excerpt":{"rendered":"","protected":false},"author":1,"featured_media":0,"parent":0,"menu_order":0,"comment_status":"open","ping_status":"closed","template":"","meta":{"ub_ctt_via":"","footnotes":""},"class_list":["post-1764","page","type-page","status-publish","hentry"],"featured_image_src":null,"yoast_head":"<!-- This site is optimized with the Yoast SEO plugin v25.4 - https:\/\/yoast.com\/wordpress\/plugins\/seo\/ -->\n<title>Excel&#039;de bir karakterin ard\u0131ndan ve \u00f6ncesindeki metni ay\u0131klama<\/title>\n<meta name=\"description\" content=\"Bu \u00f6\u011freticide, belirli bir karakterin \u00f6ncesindeki veya sonras\u0131ndaki metni \u00e7\u0131karmak i\u00e7in nas\u0131l form\u00fcl yaz\u0131laca\u011f\u0131n\u0131 \u00f6\u011frenin. Bunu kontrol edelim...\" \/>\n<meta name=\"robots\" content=\"index, follow, max-snippet:-1, max-image-preview:large, max-video-preview:-1\" \/>\n<link rel=\"canonical\" href=\"https:\/\/exceladvisor.org\/tr\/once-sonra-metin\/\" \/>\n<meta property=\"og:locale\" content=\"tr_TR\" \/>\n<meta property=\"og:type\" content=\"article\" \/>\n<meta property=\"og:title\" content=\"Excel&#039;de bir karakterin ard\u0131ndan ve \u00f6ncesindeki metni ay\u0131klama\" \/>\n<meta property=\"og:description\" content=\"Bu \u00f6\u011freticide, belirli bir karakterin \u00f6ncesindeki veya sonras\u0131ndaki metni \u00e7\u0131karmak i\u00e7in nas\u0131l form\u00fcl yaz\u0131laca\u011f\u0131n\u0131 \u00f6\u011frenin. Bunu kontrol edelim...\" \/>\n<meta property=\"og:url\" content=\"https:\/\/exceladvisor.org\/tr\/once-sonra-metin\/\" \/>\n<meta property=\"og:site_name\" content=\"Excel Advisor\" \/>\n<meta property=\"article:modified_time\" content=\"2023-12-10T06:00:37+00:00\" \/>\n<meta property=\"og:image\" content=\"https:\/\/exceladvisor.org\/wp-content\/uploads\/2023\/08\/1-extraire-le-texte-apres-et-avant-le-caractere.png\" \/>\n<meta name=\"twitter:card\" content=\"summary_large_image\" \/>\n<meta name=\"twitter:label1\" content=\"Tahmini okuma s\u00fcresi\" \/>\n\t<meta name=\"twitter:data1\" content=\"3 dakika\" \/>\n<script type=\"application\/ld+json\" class=\"yoast-schema-graph\">{\"@context\":\"https:\/\/schema.org\",\"@graph\":[{\"@type\":\"WebPage\",\"@id\":\"https:\/\/exceladvisor.org\/tr\/once-sonra-metin\/\",\"url\":\"https:\/\/exceladvisor.org\/tr\/once-sonra-metin\/\",\"name\":\"Excel&#39;de bir karakterin ard\u0131ndan ve \u00f6ncesindeki metni ay\u0131klama\",\"isPartOf\":{\"@id\":\"https:\/\/exceladvisor.org\/tr\/#website\"},\"primaryImageOfPage\":{\"@id\":\"https:\/\/exceladvisor.org\/tr\/once-sonra-metin\/#primaryimage\"},\"image\":{\"@id\":\"https:\/\/exceladvisor.org\/tr\/once-sonra-metin\/#primaryimage\"},\"thumbnailUrl\":\"https:\/\/exceladvisor.org\/wp-content\/uploads\/2023\/08\/1-extraire-le-texte-apres-et-avant-le-caractere.png\",\"datePublished\":\"2023-11-06T01:04:21+00:00\",\"dateModified\":\"2023-12-10T06:00:37+00:00\",\"description\":\"Bu \u00f6\u011freticide, belirli bir karakterin \u00f6ncesindeki veya sonras\u0131ndaki metni \u00e7\u0131karmak i\u00e7in nas\u0131l form\u00fcl yaz\u0131laca\u011f\u0131n\u0131 \u00f6\u011frenin. Bunu kontrol edelim...\",\"breadcrumb\":{\"@id\":\"https:\/\/exceladvisor.org\/tr\/once-sonra-metin\/#breadcrumb\"},\"inLanguage\":\"tr\",\"potentialAction\":[{\"@type\":\"ReadAction\",\"target\":[\"https:\/\/exceladvisor.org\/tr\/once-sonra-metin\/\"]}]},{\"@type\":\"ImageObject\",\"inLanguage\":\"tr\",\"@id\":\"https:\/\/exceladvisor.org\/tr\/once-sonra-metin\/#primaryimage\",\"url\":\"https:\/\/exceladvisor.org\/wp-content\/uploads\/2023\/08\/1-extraire-le-texte-apres-et-avant-le-caractere.png\",\"contentUrl\":\"https:\/\/exceladvisor.org\/wp-content\/uploads\/2023\/08\/1-extraire-le-texte-apres-et-avant-le-caractere.png\"},{\"@type\":\"BreadcrumbList\",\"@id\":\"https:\/\/exceladvisor.org\/tr\/once-sonra-metin\/#breadcrumb\",\"itemListElement\":[{\"@type\":\"ListItem\",\"position\":1,\"name\":\"Ev\",\"item\":\"https:\/\/exceladvisor.org\/tr\/\"},{\"@type\":\"ListItem\",\"position\":2,\"name\":\"Excel&#39;de bir karakterin ard\u0131ndan ve \u00f6ncesindeki metni ay\u0131klama\"}]},{\"@type\":\"WebSite\",\"@id\":\"https:\/\/exceladvisor.org\/tr\/#website\",\"url\":\"https:\/\/exceladvisor.org\/tr\/\",\"name\":\"Excel Advisor\",\"description\":\"Veri hakimiyetine y\u00f6nelik nihai rehberiniz!\",\"publisher\":{\"@id\":\"https:\/\/exceladvisor.org\/tr\/#organization\"},\"potentialAction\":[{\"@type\":\"SearchAction\",\"target\":{\"@type\":\"EntryPoint\",\"urlTemplate\":\"https:\/\/exceladvisor.org\/tr\/?s={search_term_string}\"},\"query-input\":{\"@type\":\"PropertyValueSpecification\",\"valueRequired\":true,\"valueName\":\"search_term_string\"}}],\"inLanguage\":\"tr\"},{\"@type\":\"Organization\",\"@id\":\"https:\/\/exceladvisor.org\/tr\/#organization\",\"name\":\"Excel Advisor\",\"url\":\"https:\/\/exceladvisor.org\/tr\/\",\"logo\":{\"@type\":\"ImageObject\",\"inLanguage\":\"tr\",\"@id\":\"https:\/\/exceladvisor.org\/tr\/#\/schema\/logo\/image\/\",\"url\":\"https:\/\/exceladvisor.org\/tr\/wp-content\/uploads\/2023\/12\/exceladvisor.org_.png\",\"contentUrl\":\"https:\/\/exceladvisor.org\/tr\/wp-content\/uploads\/2023\/12\/exceladvisor.org_.png\",\"width\":105,\"height\":36,\"caption\":\"Excel Advisor\"},\"image\":{\"@id\":\"https:\/\/exceladvisor.org\/tr\/#\/schema\/logo\/image\/\"}}]}<\/script>\n<!-- \/ Yoast SEO plugin. -->","yoast_head_json":{"title":"Excel&#39;de bir karakterin ard\u0131ndan ve \u00f6ncesindeki metni ay\u0131klama","description":"Bu \u00f6\u011freticide, belirli bir karakterin \u00f6ncesindeki veya sonras\u0131ndaki metni \u00e7\u0131karmak i\u00e7in nas\u0131l form\u00fcl yaz\u0131laca\u011f\u0131n\u0131 \u00f6\u011frenin. Bunu kontrol edelim...","robots":{"index":"index","follow":"follow","max-snippet":"max-snippet:-1","max-image-preview":"max-image-preview:large","max-video-preview":"max-video-preview:-1"},"canonical":"https:\/\/exceladvisor.org\/tr\/once-sonra-metin\/","og_locale":"tr_TR","og_type":"article","og_title":"Excel&#39;de bir karakterin ard\u0131ndan ve \u00f6ncesindeki metni ay\u0131klama","og_description":"Bu \u00f6\u011freticide, belirli bir karakterin \u00f6ncesindeki veya sonras\u0131ndaki metni \u00e7\u0131karmak i\u00e7in nas\u0131l form\u00fcl yaz\u0131laca\u011f\u0131n\u0131 \u00f6\u011frenin. Bunu kontrol edelim...","og_url":"https:\/\/exceladvisor.org\/tr\/once-sonra-metin\/","og_site_name":"Excel Advisor","article_modified_time":"2023-12-10T06:00:37+00:00","og_image":[{"url":"https:\/\/exceladvisor.org\/wp-content\/uploads\/2023\/08\/1-extraire-le-texte-apres-et-avant-le-caractere.png","type":"","width":"","height":""}],"twitter_card":"summary_large_image","twitter_misc":{"Tahmini okuma s\u00fcresi":"3 dakika"},"schema":{"@context":"https:\/\/schema.org","@graph":[{"@type":"WebPage","@id":"https:\/\/exceladvisor.org\/tr\/once-sonra-metin\/","url":"https:\/\/exceladvisor.org\/tr\/once-sonra-metin\/","name":"Excel&#39;de bir karakterin ard\u0131ndan ve \u00f6ncesindeki metni ay\u0131klama","isPartOf":{"@id":"https:\/\/exceladvisor.org\/tr\/#website"},"primaryImageOfPage":{"@id":"https:\/\/exceladvisor.org\/tr\/once-sonra-metin\/#primaryimage"},"image":{"@id":"https:\/\/exceladvisor.org\/tr\/once-sonra-metin\/#primaryimage"},"thumbnailUrl":"https:\/\/exceladvisor.org\/wp-content\/uploads\/2023\/08\/1-extraire-le-texte-apres-et-avant-le-caractere.png","datePublished":"2023-11-06T01:04:21+00:00","dateModified":"2023-12-10T06:00:37+00:00","description":"Bu \u00f6\u011freticide, belirli bir karakterin \u00f6ncesindeki veya sonras\u0131ndaki metni \u00e7\u0131karmak i\u00e7in nas\u0131l form\u00fcl yaz\u0131laca\u011f\u0131n\u0131 \u00f6\u011frenin. Bunu kontrol edelim...","breadcrumb":{"@id":"https:\/\/exceladvisor.org\/tr\/once-sonra-metin\/#breadcrumb"},"inLanguage":"tr","potentialAction":[{"@type":"ReadAction","target":["https:\/\/exceladvisor.org\/tr\/once-sonra-metin\/"]}]},{"@type":"ImageObject","inLanguage":"tr","@id":"https:\/\/exceladvisor.org\/tr\/once-sonra-metin\/#primaryimage","url":"https:\/\/exceladvisor.org\/wp-content\/uploads\/2023\/08\/1-extraire-le-texte-apres-et-avant-le-caractere.png","contentUrl":"https:\/\/exceladvisor.org\/wp-content\/uploads\/2023\/08\/1-extraire-le-texte-apres-et-avant-le-caractere.png"},{"@type":"BreadcrumbList","@id":"https:\/\/exceladvisor.org\/tr\/once-sonra-metin\/#breadcrumb","itemListElement":[{"@type":"ListItem","position":1,"name":"Ev","item":"https:\/\/exceladvisor.org\/tr\/"},{"@type":"ListItem","position":2,"name":"Excel&#39;de bir karakterin ard\u0131ndan ve \u00f6ncesindeki metni ay\u0131klama"}]},{"@type":"WebSite","@id":"https:\/\/exceladvisor.org\/tr\/#website","url":"https:\/\/exceladvisor.org\/tr\/","name":"Excel Advisor","description":"Veri hakimiyetine y\u00f6nelik nihai rehberiniz!","publisher":{"@id":"https:\/\/exceladvisor.org\/tr\/#organization"},"potentialAction":[{"@type":"SearchAction","target":{"@type":"EntryPoint","urlTemplate":"https:\/\/exceladvisor.org\/tr\/?s={search_term_string}"},"query-input":{"@type":"PropertyValueSpecification","valueRequired":true,"valueName":"search_term_string"}}],"inLanguage":"tr"},{"@type":"Organization","@id":"https:\/\/exceladvisor.org\/tr\/#organization","name":"Excel Advisor","url":"https:\/\/exceladvisor.org\/tr\/","logo":{"@type":"ImageObject","inLanguage":"tr","@id":"https:\/\/exceladvisor.org\/tr\/#\/schema\/logo\/image\/","url":"https:\/\/exceladvisor.org\/tr\/wp-content\/uploads\/2023\/12\/exceladvisor.org_.png","contentUrl":"https:\/\/exceladvisor.org\/tr\/wp-content\/uploads\/2023\/12\/exceladvisor.org_.png","width":105,"height":36,"caption":"Excel Advisor"},"image":{"@id":"https:\/\/exceladvisor.org\/tr\/#\/schema\/logo\/image\/"}}]}},"yoast_meta":{"yoast_wpseo_title":"","yoast_wpseo_metadesc":"","yoast_wpseo_canonical":""},"_links":{"self":[{"href":"https:\/\/exceladvisor.org\/tr\/wp-json\/wp\/v2\/pages\/1764","targetHints":{"allow":["GET"]}}],"collection":[{"href":"https:\/\/exceladvisor.org\/tr\/wp-json\/wp\/v2\/pages"}],"about":[{"href":"https:\/\/exceladvisor.org\/tr\/wp-json\/wp\/v2\/types\/page"}],"author":[{"embeddable":true,"href":"https:\/\/exceladvisor.org\/tr\/wp-json\/wp\/v2\/users\/1"}],"replies":[{"embeddable":true,"href":"https:\/\/exceladvisor.org\/tr\/wp-json\/wp\/v2\/comments?post=1764"}],"version-history":[{"count":1,"href":"https:\/\/exceladvisor.org\/tr\/wp-json\/wp\/v2\/pages\/1764\/revisions"}],"predecessor-version":[{"id":2421,"href":"https:\/\/exceladvisor.org\/tr\/wp-json\/wp\/v2\/pages\/1764\/revisions\/2421"}],"wp:attachment":[{"href":"https:\/\/exceladvisor.org\/tr\/wp-json\/wp\/v2\/media?parent=1764"}],"curies":[{"name":"wp","href":"https:\/\/api.w.org\/{rel}","templated":true}]}}