{"id":1765,"date":"2023-11-06T00:52:32","date_gmt":"2023-11-06T00:52:32","guid":{"rendered":"https:\/\/exceladvisor.org\/tr\/yalnizca-sayilari-cikar\/"},"modified":"2023-12-10T06:04:33","modified_gmt":"2023-12-10T06:04:33","slug":"yalnizca-sayilari-cikar","status":"publish","type":"page","link":"https:\/\/exceladvisor.org\/tr\/yalnizca-sayilari-cikar\/","title":{"rendered":"Metinden (dize) yaln\u0131zca say\u0131lar\u0131 \u00e7\u0131kar\u0131n"},"content":{"rendered":"<div class=\"excel-icerikten-once\" id=\"excel-3696865812\"><script type=\"text\/javascript\">\r\n\tatOptions = {\r\n\t\t'key' : 'c1158f160081d6540a8409e6925dab94',\r\n\t\t'format' : 'iframe',\r\n\t\t'height' : 250,\r\n\t\t'width' : 300,\r\n\t\t'params' : {}\r\n\t};\r\n<\/script>\r\n<script type=\"text\/javascript\" src=\"\/\/www.highperformanceformat.com\/c1158f160081d6540a8409e6925dab94\/invoke.js\"><\/script><\/div> <p>Excel&#8217;de, metin ve say\u0131lar\u0131n birle\u015ftirilmi\u015f oldu\u011fu bir de\u011ferden say\u0131y\u0131 \u00e7\u0131karmak i\u00e7in form\u00fclleri kullanabilirsiniz. A\u015fa\u011f\u0131daki \u00f6rnekte &#8220;TPS1984&#8221; de\u011ferinden 1984&#8217;\u00fc elde etmek i\u00e7in bir form\u00fcl kulland\u0131k. <\/p><div class=\"wp-block-image\"><figure class=\"aligncenter size-full is-resized\"><img loading=\"lazy\" decoding=\"async\" class=\"wp-image-85933\" src=\"https:\/\/exceladvisor.org\/wp-content\/uploads\/2023\/08\/1-extraire-uniquement-des-chiffres.png\" sizes=\"auto, \" srcset=\"\" alt=\"yaln\u0131zca say\u0131lar\u0131 \u00e7\u0131kar\" width=\"706\" height=\"284\"><\/figure><\/div><h2 class=\"wp-block-heading\"> Metinden say\u0131lar\u0131 \u00e7\u0131karmak i\u00e7in form\u00fcl<\/h2><pre class=\"wp-block-code\"> <code class=\"language-excel-formula\" lang=\"excel-formula\">=TEXTJOIN(\"\",TRUE,IFERROR((MID(A1,ROW(INDIRECT(\"1:\"&amp;LEN(A1))),1)*1),\"\"))<\/code><\/pre><p> Bu derste bu form\u00fcl\u00fc ayr\u0131nt\u0131l\u0131 olarak anlayaca\u011f\u0131z. Ve bunu anlamak i\u00e7in onu birka\u00e7 par\u00e7aya b\u00f6lmeliyiz:<\/p><ol><li> \u00d6ncelikle de\u011ferdeki karakter say\u0131s\u0131n\u0131 almak i\u00e7in LEN fonksiyonumuz var. <br><img loading=\"lazy\" decoding=\"async\" title=\"2-bir-dizgeden-say\u0131lar\u0131-\u00e7\u0131karmak i\u00e7in form\u00fcl\" src=\"https:\/\/exceladvisor.org\/wp-content\/uploads\/2023\/08\/2-formules-pour-extraire-des-nombres-dune-chaine.png\" sizes=\"auto, \" srcset=\"\" alt=\"formula-to-extract-numbers-from-a-string\" width=\"486\" height=\"209\"><\/li><li> Bundan sonra INDIRECT, 1 ve 7&#8217;yi (LEN taraf\u0131ndan d\u00f6nd\u00fcr\u00fclen) kullanarak bir h\u00fccre referans\u0131 kullan\u0131r. <br><img loading=\"lazy\" decoding=\"async\" title=\"Bir h\u00fccre referans\u0131n\u0131n 3-dolayl\u0131-kullan\u0131m\u0131\" src=\"https:\/\/exceladvisor.org\/wp-content\/uploads\/2023\/08\/3-utilisations-indirectes-dune-reference-de-cellule.png\" sizes=\"auto, \" srcset=\"\" alt=\"indirect-uses-a-cell-reference\" width=\"548\" height=\"80\"><\/li><li> Daha sonra ROW i\u015flevi INDIRECT&#8217;i kullanacak ve 1 ile ba\u015flay\u0131p 7 ile biten bir say\u0131 dizisi d\u00f6nd\u00fcrecektir. <br><img loading=\"lazy\" decoding=\"async\" title=\"4 sat\u0131rl\u0131 i\u015flev diziyi d\u00f6nd\u00fcr\u00fcr\" src=\"https:\/\/exceladvisor.org\/wp-content\/uploads\/2023\/08\/La-fonction-a-4-lignes-renvoie-le-tableau.png\" sizes=\"auto, \" srcset=\"\" alt=\"row-function-returns-the-array\" width=\"505\" height=\"192\"><\/li><li> Art\u0131k MID bu diziyi kullanacak ve bahsetti\u011finiz h\u00fccrenin de\u011ferleriyle yeni bir dizi d\u00f6nd\u00fcrecek. <br><img loading=\"lazy\" decoding=\"async\" title=\"5-iade-de\u011feri-yeni-anlam\u0131na gelir\" src=\"https:\/\/exceladvisor.org\/wp-content\/uploads\/2023\/08\/5-mid-renvoie-un-nouveau-avec-valeur.png\" sizes=\"auto, \" srcset=\"\" alt=\"mid-returns-new-one-with-value\" width=\"474\" height=\"203\"><\/li><li> Daha sonra, diziyi 1 ile \u00e7arpmak i\u00e7in basit bir \u00e7arpma form\u00fcl\u00fcm\u00fcz var. Bu basit \u00e7arpmayla, <a href=\"https:\/\/exceladvisor.org\/tr\/deger-hatasi\/\">#DE\u011eER!<\/a> de\u011ferini alaca\u011f\u0131n\u0131z yeni bir dizi elde edersiniz. Metin de\u011ferleri ve say\u0131lara ili\u015fkin <a href=\"https:\/\/exceladvisor.org\/tr\/deger-hatasi\/\">hata<\/a> bozulmadan kalacakt\u0131r. <br><img loading=\"lazy\" decoding=\"async\" title=\"6-diziyi \u00e7arpma\" src=\"https:\/\/exceladvisor.org\/wp-content\/uploads\/2023\/08\/6-multiplier-le-tableau.png\" sizes=\"auto, \" srcset=\"\" alt=\"multiply-the-array\" width=\"479\" height=\"241\"><\/li><li> Buradan E\u011eERHATA fonksiyonu hata de\u011ferlerini bo\u015f de\u011ferlere d\u00f6n\u00fc\u015ft\u00fcrecektir. <br><img loading=\"lazy\" decoding=\"async\" title=\"7-hatalar\u0131-vakum-d\u00f6n\u00fc\u015ft\u00fcrmek i\u00e7in hata\" src=\"https:\/\/exceladvisor.org\/wp-content\/uploads\/2023\/08\/7-iferror-pour-convertir-les-erreurs-en-blanc.png\" sizes=\"auto, \" srcset=\"\" alt=\"iferror-to-convert-errors-into-blank\" width=\"500\" height=\"181\"><\/li><li> Ve sonunda TEXTJOIN de\u011ferleri birle\u015ftirecek ve sonu\u00e7ta yaln\u0131zca say\u0131lara sahip olacaks\u0131n\u0131z. <br><img loading=\"lazy\" decoding=\"async\" title=\"Excel'in eski versiyonlar\u0131ndaki say\u0131lar\u0131n 8 \u00f6z\u00fc\" src=\"https:\/\/exceladvisor.org\/wp-content\/uploads\/2023\/08\/8-numeros-dextraction-dans-les-anciennes-versions-dExcel.png\" sizes=\"auto, \" srcset=\"\" alt=\"extract-numbers-in-older-excel-versions\" width=\"489\" height=\"125\"><\/li><\/ol><p> Yukar\u0131daki form\u00fcl yaln\u0131zca Excel 2019 s\u00fcr\u00fcm\u00fc ve \u00fczeri i\u00e7in ge\u00e7erlidir. Bunun nedeni, \u00f6nceki s\u00fcr\u00fcmlerde bulunmayan TEXTJOIN&#8217;i kullanmam\u0131zd\u0131r.<\/p><p class=\"tip-box\"> Form\u00fcl\u00fcn bir k\u0131sm\u0131 i\u00e7in de\u011fer istiyorsan\u0131z o k\u0131sm\u0131 se\u00e7in ve F9 k\u0131sayol tu\u015funa bas\u0131n.<\/p><p class=\"alert-box\"> TEXTJOIN, \u00e7al\u0131\u015fma sayfas\u0131ndaki bir h\u00fccreyi g\u00fcncelledi\u011finizde de\u011feri de\u011fi\u015ftiren ge\u00e7ici bir i\u015flevdir. Bu \u00e7al\u0131\u015fma kitab\u0131n\u0131z\u0131 biraz yava\u015flatabilir.<\/p><h2 class=\"wp-block-heading\"> Peki ya daha \u00f6nceki bir s\u00fcr\u00fcm\u00fc kullan\u0131rsam (2007, 2010, 2013, 2016)<\/h2><p> Daha \u00f6nceki s\u00fcr\u00fcmleri kullan\u0131yorsan\u0131z farkl\u0131 bir form\u00fcl kullanman\u0131z gerekir. Bunun gibi bir form\u00fcl:<\/p><pre class=\"wp-block-code\"> <code class=\"language-excel-formula\" lang=\"excel-formula\">=IF(SUM(LEN(A1)-LEN(SUBSTITUTE(A1, {\"0\",\"1\",\"2\",\"3\",\"4\",\"5\",\"6\",\"7\",\"8\",\"9\"}, \"\")))&gt;0, SUMPRODUCT(MID(0&amp;A1, LARGE(INDEX(ISNUMBER(--MID(A1,ROW(INDIRECT(\"$1:$\"&amp;LEN(A1))),1))* ROW(INDIRECT(\"$1:$\"&amp;LEN(A1))),0), ROW(INDIRECT(\"$1:$\"&amp;LEN(A1))))+1,1) * 10^ROW(INDIRECT(\"$1:$\"&amp;LEN(A1)))\/10),\"\")<\/code><\/pre><pre class=\"wp-block-code\"> <code class=\"language-excel-formula\" lang=\"excel-formula\">=SUMPRODUCT(MID(0&amp;A1,LARGE(INDEX(ISNUMBER(--MID(A1,ROW(INDIRECT(\"1:\"&amp;LEN(A1))),1))*ROW(INDIRECT(\"1:\"&amp;LEN(A1))),0),ROW(INDIRECT(\"1:\"&amp;LEN(A1))))+1,1)*10^ROW(INDIRECT(\"1:\"&amp;LEN(A1)))\/10)<\/code><\/pre><p> Yukar\u0131daki iki form\u00fcl farkl\u0131 de\u011fer t\u00fcrleriyle iyi \u00e7al\u0131\u015f\u0131r. A\u015fa\u011f\u0131daki \u015fekilde test ettim. <\/p><div class=\"wp-block-image\"><figure class=\"aligncenter size-full is-resized\"><img loading=\"lazy\" decoding=\"async\" class=\"wp-image-85941\" src=\"https:\/\/exceladvisor.org\/wp-content\/uploads\/2023\/08\/image9.png\" sizes=\"auto, \" srcset=\"\" alt=\"farkl\u0131-de\u011ferlere sahip form\u00fcller\" width=\"640\" height=\"108\"><\/figure><\/div><p> Yukar\u0131daki A1 h\u00fccresinde metin, say\u0131 ve sembollerden olu\u015fan karma\u015f\u0131k bir de\u011ferimiz var ve sonu\u00e7ta sadece say\u0131lar var. <\/p><div class=\"gb-container gb-container-52dfcee1 gb-container-sample-file\"><h2 class=\"gb-headline gb-headline-e289c143 gb-headline-text gb-headline-4f7959c2\"> Excel dosyas\u0131n\u0131 al\u0131n<\/h2> <a class=\"gb-button gb-button-e88d6bee gb-button-text gb-button-button1\" href=\"https:\/\/exceladvisor.org\/wp-content\/uploads\/2023\/08\/extraire-des-numeros.xlsx\" rel=\"nofollow\">\u0130ndirmek<\/a><\/div><div class=\"gb-container gb-container-0df56012 gb-container-mt\"> <a class=\"gb-button gb-button-f9f432f4 gb-button-text gb-button-mt-button\" href=\"https:\/\/exceladvisor.org\/tr\/formuller\/\">Excel form\u00fcllerinin listesi<\/a><h2 class=\"gb-headline gb-headline-233444e8 gb-headline-text gb-headline-mt-heading\"> \u0130lgili form\u00fcller <\/h2><div class=\"gb-grid-wrapper gb-grid-wrapper-a16fa65c gb-grid-wrapper-mt-grid\"><div class=\"gb-grid-column gb-grid-column-50d07e0d\"><div class=\"gb-container gb-container-50d07e0d\"><ul><li> <a href=\"https:\/\/exceladvisor.org\/tr\/yatay-filtre\/\">Excel&#8217;de yatay filtre olu\u015fturma<\/a><\/li><li> <a href=\"https:\/\/exceladvisor.org\/tr\/yildiz-derecelendirmesi\/\">Excel&#8217;de y\u0131ld\u0131z derecelendirmesi \u015fablonu olu\u015fturma<\/a><\/li><li> <a href=\"https:\/\/exceladvisor.org\/tr\/dosya-adini-al\/\">Excel&#8217;de dosya ad\u0131n\u0131 al\u0131n<\/a><\/li><li> <a href=\"https:\/\/exceladvisor.org\/tr\/sayfa-adini-al\/\">Excel&#8217;de sayfa ad\u0131n\u0131 al\u0131n<\/a><\/li><li> <a href=\"https:\/\/exceladvisor.org\/tr\/rastgele-harfler-olustur\/\">Excel&#8217;de h\u0131zla rastgele harfler olu\u015fturun<\/a><\/li><\/ul><\/div><\/div><\/div><\/div>","protected":false},"excerpt":{"rendered":"","protected":false},"author":1,"featured_media":0,"parent":0,"menu_order":0,"comment_status":"open","ping_status":"closed","template":"","meta":{"ub_ctt_via":"","footnotes":""},"class_list":["post-1765","page","type-page","status-publish","hentry"],"featured_image_src":null,"yoast_head":"<!-- This site is optimized with the Yoast SEO plugin v25.4 - https:\/\/yoast.com\/wordpress\/plugins\/seo\/ -->\n<title>Bir metinden (dize) yaln\u0131zca say\u0131lar\u0131 \u00e7\u0131karma<\/title>\n<meta name=\"description\" content=\"Bu e\u011fitimde size metinden yaln\u0131zca say\u0131lar\u0131 \u00e7\u0131karmak i\u00e7in bir Excel form\u00fcl\u00fcn\u00fcn nas\u0131l yaz\u0131laca\u011f\u0131 \u00f6\u011fretilecektir. Bunu kontrol edelim\u2026\" \/>\n<meta name=\"robots\" content=\"index, follow, max-snippet:-1, max-image-preview:large, max-video-preview:-1\" \/>\n<link rel=\"canonical\" href=\"https:\/\/exceladvisor.org\/tr\/yalnizca-sayilari-cikar\/\" \/>\n<meta property=\"og:locale\" content=\"tr_TR\" \/>\n<meta property=\"og:type\" content=\"article\" \/>\n<meta property=\"og:title\" content=\"Bir metinden (dize) yaln\u0131zca say\u0131lar\u0131 \u00e7\u0131karma\" \/>\n<meta property=\"og:description\" content=\"Bu e\u011fitimde size metinden yaln\u0131zca say\u0131lar\u0131 \u00e7\u0131karmak i\u00e7in bir Excel form\u00fcl\u00fcn\u00fcn nas\u0131l yaz\u0131laca\u011f\u0131 \u00f6\u011fretilecektir. Bunu kontrol edelim\u2026\" \/>\n<meta property=\"og:url\" content=\"https:\/\/exceladvisor.org\/tr\/yalnizca-sayilari-cikar\/\" \/>\n<meta property=\"og:site_name\" content=\"Excel Advisor\" \/>\n<meta property=\"article:modified_time\" content=\"2023-12-10T06:04:33+00:00\" \/>\n<meta property=\"og:image\" content=\"https:\/\/exceladvisor.org\/wp-content\/uploads\/2023\/08\/1-extraire-uniquement-des-chiffres.png\" \/>\n<meta name=\"twitter:card\" content=\"summary_large_image\" \/>\n<meta name=\"twitter:label1\" content=\"Tahmini okuma s\u00fcresi\" \/>\n\t<meta name=\"twitter:data1\" content=\"2 dakika\" \/>\n<script type=\"application\/ld+json\" class=\"yoast-schema-graph\">{\"@context\":\"https:\/\/schema.org\",\"@graph\":[{\"@type\":\"WebPage\",\"@id\":\"https:\/\/exceladvisor.org\/tr\/yalnizca-sayilari-cikar\/\",\"url\":\"https:\/\/exceladvisor.org\/tr\/yalnizca-sayilari-cikar\/\",\"name\":\"Bir metinden (dize) yaln\u0131zca say\u0131lar\u0131 \u00e7\u0131karma\",\"isPartOf\":{\"@id\":\"https:\/\/exceladvisor.org\/tr\/#website\"},\"primaryImageOfPage\":{\"@id\":\"https:\/\/exceladvisor.org\/tr\/yalnizca-sayilari-cikar\/#primaryimage\"},\"image\":{\"@id\":\"https:\/\/exceladvisor.org\/tr\/yalnizca-sayilari-cikar\/#primaryimage\"},\"thumbnailUrl\":\"https:\/\/exceladvisor.org\/wp-content\/uploads\/2023\/08\/1-extraire-uniquement-des-chiffres.png\",\"datePublished\":\"2023-11-06T00:52:32+00:00\",\"dateModified\":\"2023-12-10T06:04:33+00:00\",\"description\":\"Bu e\u011fitimde size metinden yaln\u0131zca say\u0131lar\u0131 \u00e7\u0131karmak i\u00e7in bir Excel form\u00fcl\u00fcn\u00fcn nas\u0131l yaz\u0131laca\u011f\u0131 \u00f6\u011fretilecektir. Bunu kontrol edelim\u2026\",\"breadcrumb\":{\"@id\":\"https:\/\/exceladvisor.org\/tr\/yalnizca-sayilari-cikar\/#breadcrumb\"},\"inLanguage\":\"tr\",\"potentialAction\":[{\"@type\":\"ReadAction\",\"target\":[\"https:\/\/exceladvisor.org\/tr\/yalnizca-sayilari-cikar\/\"]}]},{\"@type\":\"ImageObject\",\"inLanguage\":\"tr\",\"@id\":\"https:\/\/exceladvisor.org\/tr\/yalnizca-sayilari-cikar\/#primaryimage\",\"url\":\"https:\/\/exceladvisor.org\/wp-content\/uploads\/2023\/08\/1-extraire-uniquement-des-chiffres.png\",\"contentUrl\":\"https:\/\/exceladvisor.org\/wp-content\/uploads\/2023\/08\/1-extraire-uniquement-des-chiffres.png\"},{\"@type\":\"BreadcrumbList\",\"@id\":\"https:\/\/exceladvisor.org\/tr\/yalnizca-sayilari-cikar\/#breadcrumb\",\"itemListElement\":[{\"@type\":\"ListItem\",\"position\":1,\"name\":\"Ev\",\"item\":\"https:\/\/exceladvisor.org\/tr\/\"},{\"@type\":\"ListItem\",\"position\":2,\"name\":\"Metinden (dize) yaln\u0131zca say\u0131lar\u0131 \u00e7\u0131kar\u0131n\"}]},{\"@type\":\"WebSite\",\"@id\":\"https:\/\/exceladvisor.org\/tr\/#website\",\"url\":\"https:\/\/exceladvisor.org\/tr\/\",\"name\":\"Excel Advisor\",\"description\":\"Veri hakimiyetine y\u00f6nelik nihai rehberiniz!\",\"publisher\":{\"@id\":\"https:\/\/exceladvisor.org\/tr\/#organization\"},\"potentialAction\":[{\"@type\":\"SearchAction\",\"target\":{\"@type\":\"EntryPoint\",\"urlTemplate\":\"https:\/\/exceladvisor.org\/tr\/?s={search_term_string}\"},\"query-input\":{\"@type\":\"PropertyValueSpecification\",\"valueRequired\":true,\"valueName\":\"search_term_string\"}}],\"inLanguage\":\"tr\"},{\"@type\":\"Organization\",\"@id\":\"https:\/\/exceladvisor.org\/tr\/#organization\",\"name\":\"Excel Advisor\",\"url\":\"https:\/\/exceladvisor.org\/tr\/\",\"logo\":{\"@type\":\"ImageObject\",\"inLanguage\":\"tr\",\"@id\":\"https:\/\/exceladvisor.org\/tr\/#\/schema\/logo\/image\/\",\"url\":\"https:\/\/exceladvisor.org\/tr\/wp-content\/uploads\/2023\/12\/exceladvisor.org_.png\",\"contentUrl\":\"https:\/\/exceladvisor.org\/tr\/wp-content\/uploads\/2023\/12\/exceladvisor.org_.png\",\"width\":105,\"height\":36,\"caption\":\"Excel Advisor\"},\"image\":{\"@id\":\"https:\/\/exceladvisor.org\/tr\/#\/schema\/logo\/image\/\"}}]}<\/script>\n<!-- \/ Yoast SEO plugin. -->","yoast_head_json":{"title":"Bir metinden (dize) yaln\u0131zca say\u0131lar\u0131 \u00e7\u0131karma","description":"Bu e\u011fitimde size metinden yaln\u0131zca say\u0131lar\u0131 \u00e7\u0131karmak i\u00e7in bir Excel form\u00fcl\u00fcn\u00fcn nas\u0131l yaz\u0131laca\u011f\u0131 \u00f6\u011fretilecektir. Bunu kontrol edelim\u2026","robots":{"index":"index","follow":"follow","max-snippet":"max-snippet:-1","max-image-preview":"max-image-preview:large","max-video-preview":"max-video-preview:-1"},"canonical":"https:\/\/exceladvisor.org\/tr\/yalnizca-sayilari-cikar\/","og_locale":"tr_TR","og_type":"article","og_title":"Bir metinden (dize) yaln\u0131zca say\u0131lar\u0131 \u00e7\u0131karma","og_description":"Bu e\u011fitimde size metinden yaln\u0131zca say\u0131lar\u0131 \u00e7\u0131karmak i\u00e7in bir Excel form\u00fcl\u00fcn\u00fcn nas\u0131l yaz\u0131laca\u011f\u0131 \u00f6\u011fretilecektir. Bunu kontrol edelim\u2026","og_url":"https:\/\/exceladvisor.org\/tr\/yalnizca-sayilari-cikar\/","og_site_name":"Excel Advisor","article_modified_time":"2023-12-10T06:04:33+00:00","og_image":[{"url":"https:\/\/exceladvisor.org\/wp-content\/uploads\/2023\/08\/1-extraire-uniquement-des-chiffres.png","type":"","width":"","height":""}],"twitter_card":"summary_large_image","twitter_misc":{"Tahmini okuma s\u00fcresi":"2 dakika"},"schema":{"@context":"https:\/\/schema.org","@graph":[{"@type":"WebPage","@id":"https:\/\/exceladvisor.org\/tr\/yalnizca-sayilari-cikar\/","url":"https:\/\/exceladvisor.org\/tr\/yalnizca-sayilari-cikar\/","name":"Bir metinden (dize) yaln\u0131zca say\u0131lar\u0131 \u00e7\u0131karma","isPartOf":{"@id":"https:\/\/exceladvisor.org\/tr\/#website"},"primaryImageOfPage":{"@id":"https:\/\/exceladvisor.org\/tr\/yalnizca-sayilari-cikar\/#primaryimage"},"image":{"@id":"https:\/\/exceladvisor.org\/tr\/yalnizca-sayilari-cikar\/#primaryimage"},"thumbnailUrl":"https:\/\/exceladvisor.org\/wp-content\/uploads\/2023\/08\/1-extraire-uniquement-des-chiffres.png","datePublished":"2023-11-06T00:52:32+00:00","dateModified":"2023-12-10T06:04:33+00:00","description":"Bu e\u011fitimde size metinden yaln\u0131zca say\u0131lar\u0131 \u00e7\u0131karmak i\u00e7in bir Excel form\u00fcl\u00fcn\u00fcn nas\u0131l yaz\u0131laca\u011f\u0131 \u00f6\u011fretilecektir. Bunu kontrol edelim\u2026","breadcrumb":{"@id":"https:\/\/exceladvisor.org\/tr\/yalnizca-sayilari-cikar\/#breadcrumb"},"inLanguage":"tr","potentialAction":[{"@type":"ReadAction","target":["https:\/\/exceladvisor.org\/tr\/yalnizca-sayilari-cikar\/"]}]},{"@type":"ImageObject","inLanguage":"tr","@id":"https:\/\/exceladvisor.org\/tr\/yalnizca-sayilari-cikar\/#primaryimage","url":"https:\/\/exceladvisor.org\/wp-content\/uploads\/2023\/08\/1-extraire-uniquement-des-chiffres.png","contentUrl":"https:\/\/exceladvisor.org\/wp-content\/uploads\/2023\/08\/1-extraire-uniquement-des-chiffres.png"},{"@type":"BreadcrumbList","@id":"https:\/\/exceladvisor.org\/tr\/yalnizca-sayilari-cikar\/#breadcrumb","itemListElement":[{"@type":"ListItem","position":1,"name":"Ev","item":"https:\/\/exceladvisor.org\/tr\/"},{"@type":"ListItem","position":2,"name":"Metinden (dize) yaln\u0131zca say\u0131lar\u0131 \u00e7\u0131kar\u0131n"}]},{"@type":"WebSite","@id":"https:\/\/exceladvisor.org\/tr\/#website","url":"https:\/\/exceladvisor.org\/tr\/","name":"Excel Advisor","description":"Veri hakimiyetine y\u00f6nelik nihai rehberiniz!","publisher":{"@id":"https:\/\/exceladvisor.org\/tr\/#organization"},"potentialAction":[{"@type":"SearchAction","target":{"@type":"EntryPoint","urlTemplate":"https:\/\/exceladvisor.org\/tr\/?s={search_term_string}"},"query-input":{"@type":"PropertyValueSpecification","valueRequired":true,"valueName":"search_term_string"}}],"inLanguage":"tr"},{"@type":"Organization","@id":"https:\/\/exceladvisor.org\/tr\/#organization","name":"Excel Advisor","url":"https:\/\/exceladvisor.org\/tr\/","logo":{"@type":"ImageObject","inLanguage":"tr","@id":"https:\/\/exceladvisor.org\/tr\/#\/schema\/logo\/image\/","url":"https:\/\/exceladvisor.org\/tr\/wp-content\/uploads\/2023\/12\/exceladvisor.org_.png","contentUrl":"https:\/\/exceladvisor.org\/tr\/wp-content\/uploads\/2023\/12\/exceladvisor.org_.png","width":105,"height":36,"caption":"Excel Advisor"},"image":{"@id":"https:\/\/exceladvisor.org\/tr\/#\/schema\/logo\/image\/"}}]}},"yoast_meta":{"yoast_wpseo_title":"","yoast_wpseo_metadesc":"","yoast_wpseo_canonical":""},"_links":{"self":[{"href":"https:\/\/exceladvisor.org\/tr\/wp-json\/wp\/v2\/pages\/1765","targetHints":{"allow":["GET"]}}],"collection":[{"href":"https:\/\/exceladvisor.org\/tr\/wp-json\/wp\/v2\/pages"}],"about":[{"href":"https:\/\/exceladvisor.org\/tr\/wp-json\/wp\/v2\/types\/page"}],"author":[{"embeddable":true,"href":"https:\/\/exceladvisor.org\/tr\/wp-json\/wp\/v2\/users\/1"}],"replies":[{"embeddable":true,"href":"https:\/\/exceladvisor.org\/tr\/wp-json\/wp\/v2\/comments?post=1765"}],"version-history":[{"count":1,"href":"https:\/\/exceladvisor.org\/tr\/wp-json\/wp\/v2\/pages\/1765\/revisions"}],"predecessor-version":[{"id":2739,"href":"https:\/\/exceladvisor.org\/tr\/wp-json\/wp\/v2\/pages\/1765\/revisions\/2739"}],"wp:attachment":[{"href":"https:\/\/exceladvisor.org\/tr\/wp-json\/wp\/v2\/media?parent=1765"}],"curies":[{"name":"wp","href":"https:\/\/api.w.org\/{rel}","templated":true}]}}