{"id":1766,"date":"2023-11-06T00:39:44","date_gmt":"2023-11-06T00:39:44","guid":{"rendered":"https:\/\/exceladvisor.org\/tr\/tarihler-arasindaki-yillar\/"},"modified":"2023-12-10T06:04:39","modified_gmt":"2023-12-10T06:04:39","slug":"tarihler-arasindaki-yillar","status":"publish","type":"page","link":"https:\/\/exceladvisor.org\/tr\/tarihler-arasindaki-yillar\/","title":{"rendered":"Tarihler aras\u0131ndaki y\u0131llar nas\u0131l say\u0131l\u0131r?"},"content":{"rendered":"<div class=\"excel-icerikten-once\" id=\"excel-4160609993\"><script type=\"text\/javascript\">\r\n\tatOptions = {\r\n\t\t'key' : 'c1158f160081d6540a8409e6925dab94',\r\n\t\t'format' : 'iframe',\r\n\t\t'height' : 250,\r\n\t\t'width' : 300,\r\n\t\t'params' : {}\r\n\t};\r\n<\/script>\r\n<script type=\"text\/javascript\" src=\"\/\/www.highperformanceformat.com\/c1158f160081d6540a8409e6925dab94\/invoke.js\"><\/script><\/div> <p>Excel&#8217;de iki tarih aras\u0131ndaki y\u0131l say\u0131s\u0131n\u0131 hesaplamak istiyorsan\u0131z iki farkl\u0131 y\u00f6ntem kullanabilirsiniz. \u0130lk y\u00f6ntem YILFRAC i\u015flevini, ikincisi ise ETAR\u0130HL\u0130 i\u015flevini kullan\u0131r. Her iki i\u015flev de ayn\u0131 \u015fekilde \u00e7al\u0131\u015f\u0131r; yaln\u0131zca kullanmadan \u00f6nce bunlar\u0131 anlaman\u0131z gerekir.<\/p><p> A\u015fa\u011f\u0131daki \u00f6rnekte, A1 h\u00fccresinde bir ba\u015flang\u0131\u00e7 tarihiniz ve B1 h\u00fccresinde bir biti\u015f tarihiniz var. <\/p><div class=\"wp-block-image\"><figure class=\"aligncenter size-full is-resized\"><img loading=\"lazy\" decoding=\"async\" class=\"wp-image-70022\" src=\"https:\/\/exceladvisor.org\/wp-content\/uploads\/2023\/08\/1-date-de-debut-et-de-fin.png\" sizes=\"auto, \" srcset=\"\" alt=\"ba\u015flang\u0131\u00e7 ve biti\u015f tarihi\" width=\"523\" height=\"288\"><\/figure><\/div><h2 id=\"h-using-datedif-to-get-years-between-two-dates\" class=\"wp-block-heading\"> \u0130ki tarih aras\u0131ndaki y\u0131llar\u0131 almak i\u00e7in DATEDIF kullanma<\/h2><p> \u0130ki tarih aras\u0131ndaki y\u0131l say\u0131s\u0131n\u0131 bulman\u0131n en kolay yolu olarak DATEDIF&#8217;i buldum. DATEDIF hakk\u0131nda bilmeniz gereken tek \u015fey: Excel&#8217;in i\u015flevler listesinde yer almamas\u0131d\u0131r ve onu kullanmadan \u00f6nce arg\u00fcmanlar\u0131n\u0131 bilmeniz gerekir. <\/p><div class=\"wp-block-image\"><figure class=\"aligncenter size-full is-resized\"><img loading=\"lazy\" decoding=\"async\" class=\"wp-image-70023\" src=\"https:\/\/exceladvisor.org\/wp-content\/uploads\/2023\/08\/2-dates-si-pour-obtenir-des-annees.png\" sizes=\"auto, \" srcset=\"\" alt=\"al\u0131nacak y\u0131llara tarihlenen y\u0131llar\" width=\"623\" height=\"274\"><\/figure><\/div><ol type=\"1\"><li> \u0130lk \u00f6nce C1 h\u00fccresine TAR\u0130HL\u0130 E\u011eER fonksiyonunu girin.<\/li><li> Bundan sonra, ba\u015flang\u0131\u00e7 tarihinizin bulundu\u011fu A1 h\u00fccresine bak\u0131n.<\/li><li> Daha sonra, biti\u015f tarihinin bulundu\u011fu B1 h\u00fccresine bak\u0131n.<\/li><li> \u015eimdi \u00fc\u00e7\u00fcnc\u00fc arg\u00fcmanda y\u0131l say\u0131s\u0131n\u0131 almak i\u00e7in &#8216;y&#8217; birimini girmeniz gerekiyor.<\/li><li> Sonunda sonucu almak i\u00e7in Enter tu\u015funa bas\u0131n.<\/li><\/ol><pre class=\"wp-block-code\"> <code class=\"language-excel-formula\" lang=\"excel-formula\">=DATEDIF(A1,B1,\"y\")<\/code><\/pre><p> Sonu\u00e7ta g\u00f6rd\u00fc\u011f\u00fcn\u00fcz gibi bu iki tarih aras\u0131nda sahip oldu\u011fumuz tam y\u0131l say\u0131s\u0131 olan 7&#8217;ye sahibiz. Birim olarak &#8220;y&#8221;yi kulland\u0131\u011f\u0131n\u0131zda, sonu\u00e7ta yaln\u0131zca tam y\u0131llar\u0131 verir.<\/p><p> Ancak y\u0131l\u0131n aylar\u0131n\u0131 ve g\u00fcnlerini almak istiyorsan\u0131z form\u00fcl\u00fc \u015fu \u015fekilde kullanman\u0131z gerekir. <\/p><pre class=\"wp-block-code\"> <code class=\"language-excel-formula\" lang=\"excel-formula\">=DATEDIF(A1,B1,\"y\")&amp;\"y, \"&amp;DATEDIF(A1,B1,\"ym\")&amp;\"m, \"&amp;DATEDIF(A1,B1,\"md\")&amp;\"d\"<\/code><\/pre><div class=\"wp-block-image\"><figure class=\"aligncenter size-full is-resized\"><img loading=\"lazy\" decoding=\"async\" class=\"wp-image-70024\" src=\"https:\/\/exceladvisor.org\/wp-content\/uploads\/2023\/08\/3-dates-si-pour-obtenir-des-annees-mois-jours.png\" sizes=\"auto, \" srcset=\"\" alt=\"tarihli-e\u011fer-alacak-y\u0131l-ay-g\u00fcn\" width=\"757\" height=\"247\"><\/figure><\/div><p> Yukar\u0131daki form\u00fclde, ayn\u0131 form\u00fclde ancak farkl\u0131 birimlerle DATEDIF&#8217;i \u00fc\u00e7 kez kulland\u0131k.<\/p><h2 id=\"h-using-yearfrac-to-count-years-between-two-dates\" class=\"wp-block-heading\"> \u0130ki tarih aras\u0131ndaki y\u0131llar\u0131 saymak i\u00e7in YILFRAC&#8217;\u0131 kullan\u0131n<\/h2><p> DATEDIF kullanmak istemiyorsan\u0131z YEARFRAC&#8217;a ge\u00e7ebilirsiniz. Daha sonra, daha \u00f6nce kulland\u0131\u011f\u0131m\u0131z \u00f6rne\u011fin ayn\u0131s\u0131n\u0131 g\u00f6r\u00fcyoruz. <\/p><div class=\"wp-block-image\"><figure class=\"aligncenter size-full is-resized\"><img loading=\"lazy\" decoding=\"async\" class=\"wp-image-70025\" src=\"https:\/\/exceladvisor.org\/wp-content\/uploads\/2023\/08\/4-yearfrac-pour-compter-les-annees.png\" sizes=\"auto, \" srcset=\"\" alt=\"y\u0131l frac'tan say\u0131m y\u0131llar\u0131na\" width=\"495\" height=\"306\"><\/figure><\/div><ol type=\"1\"><li> \u00d6nce YILFRAC&#8217;\u0131 C1 h\u00fccresine girin.<\/li><li> Bundan sonra, ilk arg\u00fcmanda ba\u015flang\u0131\u00e7 tarihinizin bulundu\u011fu A1 h\u00fccresine bak\u0131n.<\/li><li> Ard\u0131ndan ikinci ba\u011f\u0131ms\u0131z de\u011fi\u015fkende biti\u015f tarihinin bulundu\u011fu B1 h\u00fccresine bak\u0131n.<\/li><li> Sonunda kapatma parantezlerini girin ve sonucu almak i\u00e7in Enter tu\u015funa bas\u0131n.<\/li><\/ol><p> \u015eimdi sonu\u00e7ta 7,5 verdi, yani sonu\u00e7ta 7,5 olduk. A\u015fa\u011f\u0131daki sonu\u00e7ta farkl\u0131 t\u00fcrde bir sonu\u00e7 elde etmek i\u00e7in farkl\u0131 tarihler kulland\u0131\u011f\u0131m\u0131z\u0131 g\u00f6rebilirsiniz. <\/p><div class=\"wp-block-image\"><figure class=\"aligncenter size-full is-resized\"><img loading=\"lazy\" decoding=\"async\" class=\"wp-image-70026\" src=\"https:\/\/exceladvisor.org\/wp-content\/uploads\/2023\/08\/Resultats-frac-sur-5-ans.png\" sizes=\"auto, \" srcset=\"\" alt=\"y\u0131ll\u0131k-sonu\u00e7lar\" width=\"454\" height=\"288\"><\/figure><\/div><p> Burada kulland\u0131\u011f\u0131m\u0131z ikinci form\u00fclde g\u00f6r\u00fcyorsunuz; iki tarih aras\u0131nda tam bir y\u0131l\u0131m\u0131z var. \u00dc\u00e7\u00fcnc\u00fc form\u00fclde ise 6 ayl\u0131k bir fark\u0131n oldu\u011fu ve sonu\u00e7ta 0,5 d\u00f6nd\u00fcren tarihlerimiz var.<\/p><p> YILFRAC&#8217;ta, iki tarih aras\u0131ndaki y\u0131llar\u0131n say\u0131lmas\u0131nda kullanmak istedi\u011finiz fark\u0131n tabanlar\u0131n\u0131 de\u011fi\u015ftirmek i\u00e7in kullanabilece\u011finiz \u00fc\u00e7\u00fcnc\u00fc bir arg\u00fcman\u0131n\u0131z da vard\u0131r. <\/p><div class=\"wp-block-image\"><figure class=\"aligncenter size-full is-resized\"><img loading=\"lazy\" decoding=\"async\" class=\"wp-image-70027\" src=\"https:\/\/exceladvisor.org\/wp-content\/uploads\/2023\/08\/Frac-de-6-ans-avec-troisieme-argument.png\" sizes=\"auto, \" srcset=\"\" alt=\"\u00fc\u00e7\u00fcnc\u00fc arg\u00fcmanla y\u0131ll\u0131k frac\" width=\"712\" height=\"333\"><\/figure><\/div><p> \u0130ki i\u015flevden, i\u00e7inde bulundu\u011funuz duruma en uygun olan\u0131 kullanabilirsiniz. <\/p><div class=\"gb-container gb-container-52dfcee1 gb-container-sample-file\"><h2 class=\"gb-headline gb-headline-e289c143 gb-headline-text gb-headline-4f7959c2\"> Excel dosyas\u0131n\u0131 al\u0131n<\/h2><p> <a class=\"gb-button gb-button-e88d6bee gb-button-text gb-button-button1\" href=\"https:\/\/exceladvisor.org\/wp-content\/uploads\/2023\/08\/annees-entre-les-dates-2.xlsx\" rel=\"nofollow\">\u0130ndirmek<\/a><\/p><\/div><div class=\"gb-container gb-container-0df56012 gb-container-mt\"> <a class=\"gb-button gb-button-f9f432f4 gb-button-text gb-button-mt-button\" href=\"https:\/\/exceladvisor.org\/tr\/formuller\/\">Excel form\u00fcllerinin listesi<\/a><h2 class=\"gb-headline gb-headline-233444e8 gb-headline-text gb-headline-mt-heading\"> \u0130lgili form\u00fcller <\/h2><div class=\"gb-grid-wrapper gb-grid-wrapper-a16fa65c gb-grid-wrapper-mt-grid\"><div class=\"gb-grid-column gb-grid-column-50d07e0d\"><div class=\"gb-container gb-container-50d07e0d\"><ul><li> <a href=\"https:\/\/exceladvisor.org\/tr\/bugune-yil-ekle\/\">Excel&#8217;de bug\u00fcne kadar y\u0131l ekleme<\/a><\/li><li> <a href=\"https:\/\/exceladvisor.org\/tr\/iki-tarih-arasindaki-yillari-say\/\">Excel&#8217;de iki tarih aras\u0131ndaki y\u0131llar\u0131 say\u0131n<\/a><\/li><li> <a href=\"https:\/\/exceladvisor.org\/tr\/yilin-gununun-numarasini-al\/\">Excel&#8217;de y\u0131l\u0131n g\u00fcn say\u0131s\u0131n\u0131 al\u0131n<\/a><\/li><li> <a href=\"https:\/\/exceladvisor.org\/tr\/2-yil-hizmet-al\/\">Excel&#8217;de y\u0131llarca hizmet al\u0131n<\/a><\/li><li> <a href=\"https:\/\/exceladvisor.org\/tr\/yil-ayi-cikar\/\">Excel&#8217;deki bir tarihten y\u0131l\u0131 veya ay\u0131 \u00e7\u0131kar\u0131n (Al\u0131n)<\/a> <\/li><\/ul><\/div><\/div><div class=\"gb-grid-column gb-grid-column-5b4a0cf9\"><div class=\"gb-container gb-container-5b4a0cf9\"><\/div><\/div><\/div><\/div>","protected":false},"excerpt":{"rendered":"","protected":false},"author":1,"featured_media":0,"parent":0,"menu_order":0,"comment_status":"open","ping_status":"closed","template":"","meta":{"ub_ctt_via":"","footnotes":""},"class_list":["post-1766","page","type-page","status-publish","hentry"],"featured_image_src":null,"yoast_head":"<!-- This site is optimized with the Yoast SEO plugin v25.4 - https:\/\/yoast.com\/wordpress\/plugins\/seo\/ -->\n<title>\u25b7 Excel&#039;de tarihler aras\u0131ndaki y\u0131llar nas\u0131l say\u0131l\u0131r?<\/title>\n<meta name=\"description\" content=\"Bu form\u00fcl e\u011fitiminde, takip edilmesi kolay y\u00f6ntemler kullanarak tarihler aras\u0131ndaki y\u0131l say\u0131s\u0131n\u0131 nas\u0131l elde edece\u011fimizi \u00f6\u011frenece\u011fiz.\" \/>\n<meta name=\"robots\" content=\"index, follow, max-snippet:-1, max-image-preview:large, max-video-preview:-1\" \/>\n<link rel=\"canonical\" href=\"https:\/\/exceladvisor.org\/tr\/tarihler-arasindaki-yillar\/\" \/>\n<meta property=\"og:locale\" content=\"tr_TR\" \/>\n<meta property=\"og:type\" content=\"article\" \/>\n<meta property=\"og:title\" content=\"\u25b7 Excel&#039;de tarihler aras\u0131ndaki y\u0131llar nas\u0131l say\u0131l\u0131r?\" \/>\n<meta property=\"og:description\" content=\"Bu form\u00fcl e\u011fitiminde, takip edilmesi kolay y\u00f6ntemler kullanarak tarihler aras\u0131ndaki y\u0131l say\u0131s\u0131n\u0131 nas\u0131l elde edece\u011fimizi \u00f6\u011frenece\u011fiz.\" \/>\n<meta property=\"og:url\" content=\"https:\/\/exceladvisor.org\/tr\/tarihler-arasindaki-yillar\/\" \/>\n<meta property=\"og:site_name\" content=\"Excel Advisor\" \/>\n<meta property=\"article:modified_time\" content=\"2023-12-10T06:04:39+00:00\" \/>\n<meta property=\"og:image\" content=\"https:\/\/exceladvisor.org\/wp-content\/uploads\/2023\/08\/1-date-de-debut-et-de-fin.png\" \/>\n<meta name=\"twitter:card\" content=\"summary_large_image\" \/>\n<meta name=\"twitter:label1\" content=\"Tahmini okuma s\u00fcresi\" \/>\n\t<meta name=\"twitter:data1\" content=\"3 dakika\" \/>\n<script type=\"application\/ld+json\" class=\"yoast-schema-graph\">{\"@context\":\"https:\/\/schema.org\",\"@graph\":[{\"@type\":\"WebPage\",\"@id\":\"https:\/\/exceladvisor.org\/tr\/tarihler-arasindaki-yillar\/\",\"url\":\"https:\/\/exceladvisor.org\/tr\/tarihler-arasindaki-yillar\/\",\"name\":\"\u25b7 Excel&#39;de tarihler aras\u0131ndaki y\u0131llar nas\u0131l say\u0131l\u0131r?\",\"isPartOf\":{\"@id\":\"https:\/\/exceladvisor.org\/tr\/#website\"},\"primaryImageOfPage\":{\"@id\":\"https:\/\/exceladvisor.org\/tr\/tarihler-arasindaki-yillar\/#primaryimage\"},\"image\":{\"@id\":\"https:\/\/exceladvisor.org\/tr\/tarihler-arasindaki-yillar\/#primaryimage\"},\"thumbnailUrl\":\"https:\/\/exceladvisor.org\/wp-content\/uploads\/2023\/08\/1-date-de-debut-et-de-fin.png\",\"datePublished\":\"2023-11-06T00:39:44+00:00\",\"dateModified\":\"2023-12-10T06:04:39+00:00\",\"description\":\"Bu form\u00fcl e\u011fitiminde, takip edilmesi kolay y\u00f6ntemler kullanarak tarihler aras\u0131ndaki y\u0131l say\u0131s\u0131n\u0131 nas\u0131l elde edece\u011fimizi \u00f6\u011frenece\u011fiz.\",\"breadcrumb\":{\"@id\":\"https:\/\/exceladvisor.org\/tr\/tarihler-arasindaki-yillar\/#breadcrumb\"},\"inLanguage\":\"tr\",\"potentialAction\":[{\"@type\":\"ReadAction\",\"target\":[\"https:\/\/exceladvisor.org\/tr\/tarihler-arasindaki-yillar\/\"]}]},{\"@type\":\"ImageObject\",\"inLanguage\":\"tr\",\"@id\":\"https:\/\/exceladvisor.org\/tr\/tarihler-arasindaki-yillar\/#primaryimage\",\"url\":\"https:\/\/exceladvisor.org\/wp-content\/uploads\/2023\/08\/1-date-de-debut-et-de-fin.png\",\"contentUrl\":\"https:\/\/exceladvisor.org\/wp-content\/uploads\/2023\/08\/1-date-de-debut-et-de-fin.png\"},{\"@type\":\"BreadcrumbList\",\"@id\":\"https:\/\/exceladvisor.org\/tr\/tarihler-arasindaki-yillar\/#breadcrumb\",\"itemListElement\":[{\"@type\":\"ListItem\",\"position\":1,\"name\":\"Ev\",\"item\":\"https:\/\/exceladvisor.org\/tr\/\"},{\"@type\":\"ListItem\",\"position\":2,\"name\":\"Tarihler aras\u0131ndaki y\u0131llar nas\u0131l say\u0131l\u0131r?\"}]},{\"@type\":\"WebSite\",\"@id\":\"https:\/\/exceladvisor.org\/tr\/#website\",\"url\":\"https:\/\/exceladvisor.org\/tr\/\",\"name\":\"Excel Advisor\",\"description\":\"Veri hakimiyetine y\u00f6nelik nihai rehberiniz!\",\"publisher\":{\"@id\":\"https:\/\/exceladvisor.org\/tr\/#organization\"},\"potentialAction\":[{\"@type\":\"SearchAction\",\"target\":{\"@type\":\"EntryPoint\",\"urlTemplate\":\"https:\/\/exceladvisor.org\/tr\/?s={search_term_string}\"},\"query-input\":{\"@type\":\"PropertyValueSpecification\",\"valueRequired\":true,\"valueName\":\"search_term_string\"}}],\"inLanguage\":\"tr\"},{\"@type\":\"Organization\",\"@id\":\"https:\/\/exceladvisor.org\/tr\/#organization\",\"name\":\"Excel Advisor\",\"url\":\"https:\/\/exceladvisor.org\/tr\/\",\"logo\":{\"@type\":\"ImageObject\",\"inLanguage\":\"tr\",\"@id\":\"https:\/\/exceladvisor.org\/tr\/#\/schema\/logo\/image\/\",\"url\":\"https:\/\/exceladvisor.org\/tr\/wp-content\/uploads\/2023\/12\/exceladvisor.org_.png\",\"contentUrl\":\"https:\/\/exceladvisor.org\/tr\/wp-content\/uploads\/2023\/12\/exceladvisor.org_.png\",\"width\":105,\"height\":36,\"caption\":\"Excel Advisor\"},\"image\":{\"@id\":\"https:\/\/exceladvisor.org\/tr\/#\/schema\/logo\/image\/\"}}]}<\/script>\n<!-- \/ Yoast SEO plugin. -->","yoast_head_json":{"title":"\u25b7 Excel&#39;de tarihler aras\u0131ndaki y\u0131llar nas\u0131l say\u0131l\u0131r?","description":"Bu form\u00fcl e\u011fitiminde, takip edilmesi kolay y\u00f6ntemler kullanarak tarihler aras\u0131ndaki y\u0131l say\u0131s\u0131n\u0131 nas\u0131l elde edece\u011fimizi \u00f6\u011frenece\u011fiz.","robots":{"index":"index","follow":"follow","max-snippet":"max-snippet:-1","max-image-preview":"max-image-preview:large","max-video-preview":"max-video-preview:-1"},"canonical":"https:\/\/exceladvisor.org\/tr\/tarihler-arasindaki-yillar\/","og_locale":"tr_TR","og_type":"article","og_title":"\u25b7 Excel&#39;de tarihler aras\u0131ndaki y\u0131llar nas\u0131l say\u0131l\u0131r?","og_description":"Bu form\u00fcl e\u011fitiminde, takip edilmesi kolay y\u00f6ntemler kullanarak tarihler aras\u0131ndaki y\u0131l say\u0131s\u0131n\u0131 nas\u0131l elde edece\u011fimizi \u00f6\u011frenece\u011fiz.","og_url":"https:\/\/exceladvisor.org\/tr\/tarihler-arasindaki-yillar\/","og_site_name":"Excel Advisor","article_modified_time":"2023-12-10T06:04:39+00:00","og_image":[{"url":"https:\/\/exceladvisor.org\/wp-content\/uploads\/2023\/08\/1-date-de-debut-et-de-fin.png","type":"","width":"","height":""}],"twitter_card":"summary_large_image","twitter_misc":{"Tahmini okuma s\u00fcresi":"3 dakika"},"schema":{"@context":"https:\/\/schema.org","@graph":[{"@type":"WebPage","@id":"https:\/\/exceladvisor.org\/tr\/tarihler-arasindaki-yillar\/","url":"https:\/\/exceladvisor.org\/tr\/tarihler-arasindaki-yillar\/","name":"\u25b7 Excel&#39;de tarihler aras\u0131ndaki y\u0131llar nas\u0131l say\u0131l\u0131r?","isPartOf":{"@id":"https:\/\/exceladvisor.org\/tr\/#website"},"primaryImageOfPage":{"@id":"https:\/\/exceladvisor.org\/tr\/tarihler-arasindaki-yillar\/#primaryimage"},"image":{"@id":"https:\/\/exceladvisor.org\/tr\/tarihler-arasindaki-yillar\/#primaryimage"},"thumbnailUrl":"https:\/\/exceladvisor.org\/wp-content\/uploads\/2023\/08\/1-date-de-debut-et-de-fin.png","datePublished":"2023-11-06T00:39:44+00:00","dateModified":"2023-12-10T06:04:39+00:00","description":"Bu form\u00fcl e\u011fitiminde, takip edilmesi kolay y\u00f6ntemler kullanarak tarihler aras\u0131ndaki y\u0131l say\u0131s\u0131n\u0131 nas\u0131l elde edece\u011fimizi \u00f6\u011frenece\u011fiz.","breadcrumb":{"@id":"https:\/\/exceladvisor.org\/tr\/tarihler-arasindaki-yillar\/#breadcrumb"},"inLanguage":"tr","potentialAction":[{"@type":"ReadAction","target":["https:\/\/exceladvisor.org\/tr\/tarihler-arasindaki-yillar\/"]}]},{"@type":"ImageObject","inLanguage":"tr","@id":"https:\/\/exceladvisor.org\/tr\/tarihler-arasindaki-yillar\/#primaryimage","url":"https:\/\/exceladvisor.org\/wp-content\/uploads\/2023\/08\/1-date-de-debut-et-de-fin.png","contentUrl":"https:\/\/exceladvisor.org\/wp-content\/uploads\/2023\/08\/1-date-de-debut-et-de-fin.png"},{"@type":"BreadcrumbList","@id":"https:\/\/exceladvisor.org\/tr\/tarihler-arasindaki-yillar\/#breadcrumb","itemListElement":[{"@type":"ListItem","position":1,"name":"Ev","item":"https:\/\/exceladvisor.org\/tr\/"},{"@type":"ListItem","position":2,"name":"Tarihler aras\u0131ndaki y\u0131llar nas\u0131l say\u0131l\u0131r?"}]},{"@type":"WebSite","@id":"https:\/\/exceladvisor.org\/tr\/#website","url":"https:\/\/exceladvisor.org\/tr\/","name":"Excel Advisor","description":"Veri hakimiyetine y\u00f6nelik nihai rehberiniz!","publisher":{"@id":"https:\/\/exceladvisor.org\/tr\/#organization"},"potentialAction":[{"@type":"SearchAction","target":{"@type":"EntryPoint","urlTemplate":"https:\/\/exceladvisor.org\/tr\/?s={search_term_string}"},"query-input":{"@type":"PropertyValueSpecification","valueRequired":true,"valueName":"search_term_string"}}],"inLanguage":"tr"},{"@type":"Organization","@id":"https:\/\/exceladvisor.org\/tr\/#organization","name":"Excel Advisor","url":"https:\/\/exceladvisor.org\/tr\/","logo":{"@type":"ImageObject","inLanguage":"tr","@id":"https:\/\/exceladvisor.org\/tr\/#\/schema\/logo\/image\/","url":"https:\/\/exceladvisor.org\/tr\/wp-content\/uploads\/2023\/12\/exceladvisor.org_.png","contentUrl":"https:\/\/exceladvisor.org\/tr\/wp-content\/uploads\/2023\/12\/exceladvisor.org_.png","width":105,"height":36,"caption":"Excel Advisor"},"image":{"@id":"https:\/\/exceladvisor.org\/tr\/#\/schema\/logo\/image\/"}}]}},"yoast_meta":{"yoast_wpseo_title":"","yoast_wpseo_metadesc":"","yoast_wpseo_canonical":""},"_links":{"self":[{"href":"https:\/\/exceladvisor.org\/tr\/wp-json\/wp\/v2\/pages\/1766","targetHints":{"allow":["GET"]}}],"collection":[{"href":"https:\/\/exceladvisor.org\/tr\/wp-json\/wp\/v2\/pages"}],"about":[{"href":"https:\/\/exceladvisor.org\/tr\/wp-json\/wp\/v2\/types\/page"}],"author":[{"embeddable":true,"href":"https:\/\/exceladvisor.org\/tr\/wp-json\/wp\/v2\/users\/1"}],"replies":[{"embeddable":true,"href":"https:\/\/exceladvisor.org\/tr\/wp-json\/wp\/v2\/comments?post=1766"}],"version-history":[{"count":1,"href":"https:\/\/exceladvisor.org\/tr\/wp-json\/wp\/v2\/pages\/1766\/revisions"}],"predecessor-version":[{"id":2749,"href":"https:\/\/exceladvisor.org\/tr\/wp-json\/wp\/v2\/pages\/1766\/revisions\/2749"}],"wp:attachment":[{"href":"https:\/\/exceladvisor.org\/tr\/wp-json\/wp\/v2\/media?parent=1766"}],"curies":[{"name":"wp","href":"https:\/\/api.w.org\/{rel}","templated":true}]}}