{"id":1767,"date":"2023-11-06T00:38:47","date_gmt":"2023-11-06T00:38:47","guid":{"rendered":"https:\/\/exceladvisor.org\/tr\/vlookup-2-ile-dolayli\/"},"modified":"2023-12-10T06:01:14","modified_gmt":"2023-12-10T06:01:14","slug":"vlookup-2-ile-dolayli","status":"publish","type":"page","link":"https:\/\/exceladvisor.org\/tr\/vlookup-2-ile-dolayli\/","title":{"rendered":"Excel&#39;de d\u00fc\u015feyara ile dolayl\u0131"},"content":{"rendered":"<div class=\"excel-icerikten-once\" id=\"excel-79946642\"><script type=\"text\/javascript\">\r\n\tatOptions = {\r\n\t\t'key' : 'c1158f160081d6540a8409e6925dab94',\r\n\t\t'format' : 'iframe',\r\n\t\t'height' : 250,\r\n\t\t'width' : 300,\r\n\t\t'params' : {}\r\n\t};\r\n<\/script>\r\n<script type=\"text\/javascript\" src=\"\/\/www.highperformanceformat.com\/c1158f160081d6540a8409e6925dab94\/invoke.js\"><\/script><\/div> <p>D\u00dc\u015eEYARA kullanmak istiyorsan\u0131z ve aramak istedi\u011finiz veriler farkl\u0131 sayfalardaysa bunlar\u0131 DOLAYLI ile birle\u015ftirebilirsiniz. Tek bir form\u00fclde birden fazla aral\u0131k tan\u0131mlaman\u0131za yard\u0131mc\u0131 olur. <\/p><div class=\"wp-block-image\"><figure class=\"aligncenter size-full is-resized\"><img loading=\"lazy\" decoding=\"async\" class=\"wp-image-85926\" src=\"https:\/\/exceladvisor.org\/wp-content\/uploads\/2023\/08\/1-indirect-avec-vlookup.png\" sizes=\"auto, \" srcset=\"\" alt=\"vlookup ile dolayl\u0131\" width=\"576\" height=\"501\"><\/figure><\/div><p> Yukar\u0131daki \u00f6rnekte \u00fc\u00e7 farkl\u0131 e-tabloda ayl\u0131k verilerimiz var. Ancak yaln\u0131zca bir D\u00dc\u015eEYARA + DOLAYLI ile t\u00fcm aylar\u0131n t\u00fcm \u00fcr\u00fcnlerinin miktar\u0131n\u0131 birden fazla sayfadan alabilirsiniz.<\/p><pre class=\"wp-block-code\"> <code class=\"language-excel-formula\" lang=\"excel-formula\">=VLOOKUP($A2,INDIRECT(\"'\"&amp;B$1&amp;\"'!\"&amp;\"A:B\"),2,FALSE)<\/code><\/pre><p> Bu form\u00fcl\u00fc anlamak i\u00e7in onu iki b\u00f6l\u00fcme ay\u0131rman\u0131z gerekir:<\/p><p> \u0130lk k\u0131s\u0131mda 1. sat\u0131r\u0131n ad\u0131n\u0131 kullanarak sayfaya referans olu\u015fturan INDIRECT fonksiyonumuz var. A\u015fa\u011f\u0131daki \u00f6rnekte sayfan\u0131n Jan&#8217;\u0131n A:B aral\u0131\u011f\u0131n\u0131 referans al\u0131yoruz. <\/p><div class=\"wp-block-image\"><figure class=\"aligncenter size-full is-resized\"><img loading=\"lazy\" decoding=\"async\" class=\"wp-image-85927\" src=\"https:\/\/exceladvisor.org\/wp-content\/uploads\/2023\/08\/2-formule-divisee-en-deux-parties.png\" sizes=\"auto, \" srcset=\"\" alt=\"iki par\u00e7aya b\u00f6l\u00fcnm\u00fc\u015f form\u00fcl\" width=\"706\" height=\"379\"><\/figure><\/div><p> Verilere sahip oldu\u011funuz ad ve aral\u0131kla sayfaya referans vermek i\u00e7in INDIRECT&#8217;te bir yap\u0131 olu\u015fturman\u0131z gerekir.<\/p><pre class=\"wp-block-code\"> <code class=\"language-excel-formula\" lang=\"excel-formula\">=INDIRECT(\"'\"&amp;B$1&amp;\"'!\"&amp;\"A:B\")<\/code><\/pre><p> Form\u00fcl\u00fc \u015eubat s\u00fctununa ta\u015f\u0131d\u0131\u011f\u0131n\u0131zda, DOLAYLI i\u00e7indeki referans \u015eubat sayfas\u0131na ta\u015f\u0131n\u0131r. <\/p><div class=\"wp-block-image\"><figure class=\"aligncenter size-full is-resized\"><img loading=\"lazy\" decoding=\"async\" class=\"wp-image-85928\" src=\"https:\/\/exceladvisor.org\/wp-content\/uploads\/2023\/08\/3-reference-dans-les-changements-indirects.png\" sizes=\"auto, \" srcset=\"\" alt=\"dolayl\u0131-de\u011fi\u015fikliklerdeki referans\" width=\"642\" height=\"265\"><\/figure><\/div><p> \u0130kinci b\u00f6l\u00fcmde D\u00dc\u015eEYARA, INDIRECT&#8217;in d\u00f6nd\u00fcrd\u00fc\u011f\u00fc tablo aral\u0131\u011f\u0131 adresini kullan\u0131r ve de\u011ferlerini aral\u0131kta belirtilen col_index_num&#8217;a g\u00f6re al\u0131r.<\/p><h2 class=\"wp-block-heading\"> \u00d6nemli nokta<\/h2><p> Yukar\u0131daki form\u00fclde, sayfa ad\u0131yla bir aral\u0131\u011fa referans vermek i\u00e7in do\u011fru yap\u0131ya ihtiyac\u0131n\u0131z vard\u0131r. DOLAYLI olarak a\u015fa\u011f\u0131daki yap\u0131ya girerseniz:<\/p><pre class=\"wp-block-code\"> <code class=\"language-excel-formula\" lang=\"excel-formula\">\"'\"&amp;B$1&amp;\"'!\"&amp;\"A:B\"<\/code><\/pre><p> O geri gelecek:<\/p><pre class=\"wp-block-code\"> <code class=\"language-excel-formula\" lang=\"excel-formula\">\"'Jan'!A:B\"<\/code><\/pre><h2 class=\"wp-block-heading\"> Alternatif y\u00f6ntem<\/h2><p> INDIRECT ge\u00e7ici bir fonksiyondur. Elektronik tabloda bir de\u011fi\u015fiklik oldu\u011funda g\u00fcncellenir. Bu nedenle CHOOSE&#8217;u kullanmay\u0131 d\u00fc\u015f\u00fcnebilirsiniz. \u00d6rne\u011fin CHOOSE ile D\u00dc\u015eEYARA&#8217;y\u0131 kullanarak \u00fc\u00e7 form\u00fcl yazabilirsiniz. <\/p><pre class=\"wp-block-code\"> <code class=\"language-excel-formula\" lang=\"excel-formula\">=CHOOSE(B$1,VLOOKUP($A2,Jan!$A:$B,2,0),VLOOKUP($A2,Feb!$A:$B,2,0),VLOOKUP($A2,Mar!$A:$B,2,0))<\/code><\/pre><div class=\"wp-block-image\"><figure class=\"aligncenter size-full is-resized\"><img loading=\"lazy\" decoding=\"async\" class=\"wp-image-85929\" src=\"https:\/\/exceladvisor.org\/wp-content\/uploads\/2023\/08\/4-choisir-avec-vlookup.png\" sizes=\"auto, \" srcset=\"\" alt=\"vlookup ile se\u00e7\" width=\"752\" height=\"211\"><\/figure><\/div><p> Bu form\u00fclde, s\u00f6yledi\u011fim gibi, \u00fc\u00e7 D\u00dc\u015eEYARA&#8217;m\u0131z var ve CHOOSE ile D\u00dc\u015eEYARA&#8217;lar\u0131n herhangi birinden sonu\u00e7 almaya karar verebilirsiniz. <\/p><div class=\"wp-block-image\"><figure class=\"aligncenter size-full is-resized\"><img loading=\"lazy\" decoding=\"async\" class=\"wp-image-85930\" src=\"https:\/\/exceladvisor.org\/wp-content\/uploads\/2023\/08\/5-avec-choisir-obtenir-le-resultat-de-nimporte-quel-vlookup.png\" sizes=\"auto, \" srcset=\"\" alt=\"herhangi bir vlookup'tan-se\u00e7-al-sonu\u00e7la\" width=\"416\" height=\"157\"><\/figure><\/div><p> CHOOSE&#8217;da B1&#8217;den bahsetmi\u015ftik; 1. sat\u0131rda, SELECT&#8217;ten form\u00fcl de\u011ferini almak i\u00e7in kullanaca\u011f\u0131n\u0131z dizin numaralar\u0131n\u0131z var.<\/p><p> \u00d6rne\u011fin, 2&#8217;ye sahip oldu\u011funuzda, CHOOSE ikinci D\u00dc\u015eEYARA&#8217;n\u0131n de\u011ferini d\u00f6nd\u00fcrecektir; \u00fc\u00e7\u00fcnc\u00fcs\u00fcnden 3 tane var. <\/p><div class=\"wp-block-image\"><figure class=\"aligncenter size-full is-resized\"><img loading=\"lazy\" decoding=\"async\" class=\"wp-image-85931\" src=\"https:\/\/exceladvisor.org\/wp-content\/uploads\/2023\/08\/6-valeurs-vlookup-par-reference-choisie.png\" sizes=\"auto, \" srcset=\"\" alt=\"referansa g\u00f6re vlookup-de\u011feri\" width=\"588\" height=\"339\"><\/figure><\/div><div class=\"wp-block-group download-box is-layout-constrained\"><div class=\"wp-block-group__inner-container\"><h2 class=\"wp-block-heading\"> \u00d6rnek bir dosya indirin <\/h2><ul id=\"ub_styled_list-e2b2c5eb-d85e-4189-8f42-829e40d51a0f\" class=\"ub_styled_list\"><li class=\"ub_styled_list_item\"> <a href=\"https:\/\/exceladvisor.org\/wp-content\/uploads\/2023\/08\/indirect-avec-vlookup.xlsx\" rel=\"nofollow\">\u0130ndirmek<\/a><\/li><\/ul><\/div><\/div>","protected":false},"excerpt":{"rendered":"","protected":false},"author":1,"featured_media":0,"parent":0,"menu_order":0,"comment_status":"open","ping_status":"closed","template":"","meta":{"ub_ctt_via":"","footnotes":""},"class_list":["post-1767","page","type-page","status-publish","hentry"],"featured_image_src":null,"yoast_head":"<!-- This site is optimized with the Yoast SEO plugin v25.4 - https:\/\/yoast.com\/wordpress\/plugins\/seo\/ -->\n<title>Excel&#039;de D\u00dc\u015eEYARA ile dolayl\u0131 \u2013 Excel Dan\u0131\u015fman\u0131<\/title>\n<meta name=\"description\" content=\"Bu e\u011fitim, farkl\u0131 sayfalarda arama yapmak istedi\u011finizde DOLAYLI&#039;y\u0131 D\u00dc\u015eEYARA ile nas\u0131l kullanaca\u011f\u0131n\u0131z\u0131 \u00f6\u011frenmenize yard\u0131mc\u0131 olacakt\u0131r.\" \/>\n<meta name=\"robots\" content=\"index, follow, max-snippet:-1, max-image-preview:large, max-video-preview:-1\" \/>\n<link rel=\"canonical\" href=\"https:\/\/exceladvisor.org\/tr\/vlookup-2-ile-dolayli\/\" \/>\n<meta property=\"og:locale\" content=\"tr_TR\" \/>\n<meta property=\"og:type\" content=\"article\" \/>\n<meta property=\"og:title\" content=\"Excel&#039;de D\u00dc\u015eEYARA ile dolayl\u0131 \u2013 Excel Dan\u0131\u015fman\u0131\" \/>\n<meta property=\"og:description\" content=\"Bu e\u011fitim, farkl\u0131 sayfalarda arama yapmak istedi\u011finizde DOLAYLI&#039;y\u0131 D\u00dc\u015eEYARA ile nas\u0131l kullanaca\u011f\u0131n\u0131z\u0131 \u00f6\u011frenmenize yard\u0131mc\u0131 olacakt\u0131r.\" \/>\n<meta property=\"og:url\" content=\"https:\/\/exceladvisor.org\/tr\/vlookup-2-ile-dolayli\/\" \/>\n<meta property=\"og:site_name\" content=\"Excel Advisor\" \/>\n<meta property=\"article:modified_time\" content=\"2023-12-10T06:01:14+00:00\" \/>\n<meta property=\"og:image\" content=\"https:\/\/exceladvisor.org\/wp-content\/uploads\/2023\/08\/1-indirect-avec-vlookup.png\" \/>\n<meta name=\"twitter:card\" content=\"summary_large_image\" \/>\n<meta name=\"twitter:label1\" content=\"Tahmini okuma s\u00fcresi\" \/>\n\t<meta name=\"twitter:data1\" content=\"2 dakika\" \/>\n<script type=\"application\/ld+json\" class=\"yoast-schema-graph\">{\"@context\":\"https:\/\/schema.org\",\"@graph\":[{\"@type\":\"WebPage\",\"@id\":\"https:\/\/exceladvisor.org\/tr\/vlookup-2-ile-dolayli\/\",\"url\":\"https:\/\/exceladvisor.org\/tr\/vlookup-2-ile-dolayli\/\",\"name\":\"Excel&#39;de D\u00dc\u015eEYARA ile dolayl\u0131 \u2013 Excel Dan\u0131\u015fman\u0131\",\"isPartOf\":{\"@id\":\"https:\/\/exceladvisor.org\/tr\/#website\"},\"primaryImageOfPage\":{\"@id\":\"https:\/\/exceladvisor.org\/tr\/vlookup-2-ile-dolayli\/#primaryimage\"},\"image\":{\"@id\":\"https:\/\/exceladvisor.org\/tr\/vlookup-2-ile-dolayli\/#primaryimage\"},\"thumbnailUrl\":\"https:\/\/exceladvisor.org\/wp-content\/uploads\/2023\/08\/1-indirect-avec-vlookup.png\",\"datePublished\":\"2023-11-06T00:38:47+00:00\",\"dateModified\":\"2023-12-10T06:01:14+00:00\",\"description\":\"Bu e\u011fitim, farkl\u0131 sayfalarda arama yapmak istedi\u011finizde DOLAYLI&#39;y\u0131 D\u00dc\u015eEYARA ile nas\u0131l kullanaca\u011f\u0131n\u0131z\u0131 \u00f6\u011frenmenize yard\u0131mc\u0131 olacakt\u0131r.\",\"breadcrumb\":{\"@id\":\"https:\/\/exceladvisor.org\/tr\/vlookup-2-ile-dolayli\/#breadcrumb\"},\"inLanguage\":\"tr\",\"potentialAction\":[{\"@type\":\"ReadAction\",\"target\":[\"https:\/\/exceladvisor.org\/tr\/vlookup-2-ile-dolayli\/\"]}]},{\"@type\":\"ImageObject\",\"inLanguage\":\"tr\",\"@id\":\"https:\/\/exceladvisor.org\/tr\/vlookup-2-ile-dolayli\/#primaryimage\",\"url\":\"https:\/\/exceladvisor.org\/wp-content\/uploads\/2023\/08\/1-indirect-avec-vlookup.png\",\"contentUrl\":\"https:\/\/exceladvisor.org\/wp-content\/uploads\/2023\/08\/1-indirect-avec-vlookup.png\"},{\"@type\":\"BreadcrumbList\",\"@id\":\"https:\/\/exceladvisor.org\/tr\/vlookup-2-ile-dolayli\/#breadcrumb\",\"itemListElement\":[{\"@type\":\"ListItem\",\"position\":1,\"name\":\"Ev\",\"item\":\"https:\/\/exceladvisor.org\/tr\/\"},{\"@type\":\"ListItem\",\"position\":2,\"name\":\"Excel&#39;de d\u00fc\u015feyara ile dolayl\u0131\"}]},{\"@type\":\"WebSite\",\"@id\":\"https:\/\/exceladvisor.org\/tr\/#website\",\"url\":\"https:\/\/exceladvisor.org\/tr\/\",\"name\":\"Excel Advisor\",\"description\":\"Veri hakimiyetine y\u00f6nelik nihai rehberiniz!\",\"publisher\":{\"@id\":\"https:\/\/exceladvisor.org\/tr\/#organization\"},\"potentialAction\":[{\"@type\":\"SearchAction\",\"target\":{\"@type\":\"EntryPoint\",\"urlTemplate\":\"https:\/\/exceladvisor.org\/tr\/?s={search_term_string}\"},\"query-input\":{\"@type\":\"PropertyValueSpecification\",\"valueRequired\":true,\"valueName\":\"search_term_string\"}}],\"inLanguage\":\"tr\"},{\"@type\":\"Organization\",\"@id\":\"https:\/\/exceladvisor.org\/tr\/#organization\",\"name\":\"Excel Advisor\",\"url\":\"https:\/\/exceladvisor.org\/tr\/\",\"logo\":{\"@type\":\"ImageObject\",\"inLanguage\":\"tr\",\"@id\":\"https:\/\/exceladvisor.org\/tr\/#\/schema\/logo\/image\/\",\"url\":\"https:\/\/exceladvisor.org\/tr\/wp-content\/uploads\/2023\/12\/exceladvisor.org_.png\",\"contentUrl\":\"https:\/\/exceladvisor.org\/tr\/wp-content\/uploads\/2023\/12\/exceladvisor.org_.png\",\"width\":105,\"height\":36,\"caption\":\"Excel Advisor\"},\"image\":{\"@id\":\"https:\/\/exceladvisor.org\/tr\/#\/schema\/logo\/image\/\"}}]}<\/script>\n<!-- \/ Yoast SEO plugin. -->","yoast_head_json":{"title":"Excel&#39;de D\u00dc\u015eEYARA ile dolayl\u0131 \u2013 Excel Dan\u0131\u015fman\u0131","description":"Bu e\u011fitim, farkl\u0131 sayfalarda arama yapmak istedi\u011finizde DOLAYLI&#39;y\u0131 D\u00dc\u015eEYARA ile nas\u0131l kullanaca\u011f\u0131n\u0131z\u0131 \u00f6\u011frenmenize yard\u0131mc\u0131 olacakt\u0131r.","robots":{"index":"index","follow":"follow","max-snippet":"max-snippet:-1","max-image-preview":"max-image-preview:large","max-video-preview":"max-video-preview:-1"},"canonical":"https:\/\/exceladvisor.org\/tr\/vlookup-2-ile-dolayli\/","og_locale":"tr_TR","og_type":"article","og_title":"Excel&#39;de D\u00dc\u015eEYARA ile dolayl\u0131 \u2013 Excel Dan\u0131\u015fman\u0131","og_description":"Bu e\u011fitim, farkl\u0131 sayfalarda arama yapmak istedi\u011finizde DOLAYLI&#39;y\u0131 D\u00dc\u015eEYARA ile nas\u0131l kullanaca\u011f\u0131n\u0131z\u0131 \u00f6\u011frenmenize yard\u0131mc\u0131 olacakt\u0131r.","og_url":"https:\/\/exceladvisor.org\/tr\/vlookup-2-ile-dolayli\/","og_site_name":"Excel Advisor","article_modified_time":"2023-12-10T06:01:14+00:00","og_image":[{"url":"https:\/\/exceladvisor.org\/wp-content\/uploads\/2023\/08\/1-indirect-avec-vlookup.png","type":"","width":"","height":""}],"twitter_card":"summary_large_image","twitter_misc":{"Tahmini okuma s\u00fcresi":"2 dakika"},"schema":{"@context":"https:\/\/schema.org","@graph":[{"@type":"WebPage","@id":"https:\/\/exceladvisor.org\/tr\/vlookup-2-ile-dolayli\/","url":"https:\/\/exceladvisor.org\/tr\/vlookup-2-ile-dolayli\/","name":"Excel&#39;de D\u00dc\u015eEYARA ile dolayl\u0131 \u2013 Excel Dan\u0131\u015fman\u0131","isPartOf":{"@id":"https:\/\/exceladvisor.org\/tr\/#website"},"primaryImageOfPage":{"@id":"https:\/\/exceladvisor.org\/tr\/vlookup-2-ile-dolayli\/#primaryimage"},"image":{"@id":"https:\/\/exceladvisor.org\/tr\/vlookup-2-ile-dolayli\/#primaryimage"},"thumbnailUrl":"https:\/\/exceladvisor.org\/wp-content\/uploads\/2023\/08\/1-indirect-avec-vlookup.png","datePublished":"2023-11-06T00:38:47+00:00","dateModified":"2023-12-10T06:01:14+00:00","description":"Bu e\u011fitim, farkl\u0131 sayfalarda arama yapmak istedi\u011finizde DOLAYLI&#39;y\u0131 D\u00dc\u015eEYARA ile nas\u0131l kullanaca\u011f\u0131n\u0131z\u0131 \u00f6\u011frenmenize yard\u0131mc\u0131 olacakt\u0131r.","breadcrumb":{"@id":"https:\/\/exceladvisor.org\/tr\/vlookup-2-ile-dolayli\/#breadcrumb"},"inLanguage":"tr","potentialAction":[{"@type":"ReadAction","target":["https:\/\/exceladvisor.org\/tr\/vlookup-2-ile-dolayli\/"]}]},{"@type":"ImageObject","inLanguage":"tr","@id":"https:\/\/exceladvisor.org\/tr\/vlookup-2-ile-dolayli\/#primaryimage","url":"https:\/\/exceladvisor.org\/wp-content\/uploads\/2023\/08\/1-indirect-avec-vlookup.png","contentUrl":"https:\/\/exceladvisor.org\/wp-content\/uploads\/2023\/08\/1-indirect-avec-vlookup.png"},{"@type":"BreadcrumbList","@id":"https:\/\/exceladvisor.org\/tr\/vlookup-2-ile-dolayli\/#breadcrumb","itemListElement":[{"@type":"ListItem","position":1,"name":"Ev","item":"https:\/\/exceladvisor.org\/tr\/"},{"@type":"ListItem","position":2,"name":"Excel&#39;de d\u00fc\u015feyara ile dolayl\u0131"}]},{"@type":"WebSite","@id":"https:\/\/exceladvisor.org\/tr\/#website","url":"https:\/\/exceladvisor.org\/tr\/","name":"Excel Advisor","description":"Veri hakimiyetine y\u00f6nelik nihai rehberiniz!","publisher":{"@id":"https:\/\/exceladvisor.org\/tr\/#organization"},"potentialAction":[{"@type":"SearchAction","target":{"@type":"EntryPoint","urlTemplate":"https:\/\/exceladvisor.org\/tr\/?s={search_term_string}"},"query-input":{"@type":"PropertyValueSpecification","valueRequired":true,"valueName":"search_term_string"}}],"inLanguage":"tr"},{"@type":"Organization","@id":"https:\/\/exceladvisor.org\/tr\/#organization","name":"Excel Advisor","url":"https:\/\/exceladvisor.org\/tr\/","logo":{"@type":"ImageObject","inLanguage":"tr","@id":"https:\/\/exceladvisor.org\/tr\/#\/schema\/logo\/image\/","url":"https:\/\/exceladvisor.org\/tr\/wp-content\/uploads\/2023\/12\/exceladvisor.org_.png","contentUrl":"https:\/\/exceladvisor.org\/tr\/wp-content\/uploads\/2023\/12\/exceladvisor.org_.png","width":105,"height":36,"caption":"Excel Advisor"},"image":{"@id":"https:\/\/exceladvisor.org\/tr\/#\/schema\/logo\/image\/"}}]}},"yoast_meta":{"yoast_wpseo_title":"","yoast_wpseo_metadesc":"","yoast_wpseo_canonical":""},"_links":{"self":[{"href":"https:\/\/exceladvisor.org\/tr\/wp-json\/wp\/v2\/pages\/1767","targetHints":{"allow":["GET"]}}],"collection":[{"href":"https:\/\/exceladvisor.org\/tr\/wp-json\/wp\/v2\/pages"}],"about":[{"href":"https:\/\/exceladvisor.org\/tr\/wp-json\/wp\/v2\/types\/page"}],"author":[{"embeddable":true,"href":"https:\/\/exceladvisor.org\/tr\/wp-json\/wp\/v2\/users\/1"}],"replies":[{"embeddable":true,"href":"https:\/\/exceladvisor.org\/tr\/wp-json\/wp\/v2\/comments?post=1767"}],"version-history":[{"count":1,"href":"https:\/\/exceladvisor.org\/tr\/wp-json\/wp\/v2\/pages\/1767\/revisions"}],"predecessor-version":[{"id":2490,"href":"https:\/\/exceladvisor.org\/tr\/wp-json\/wp\/v2\/pages\/1767\/revisions\/2490"}],"wp:attachment":[{"href":"https:\/\/exceladvisor.org\/tr\/wp-json\/wp\/v2\/media?parent=1767"}],"curies":[{"name":"wp","href":"https:\/\/api.w.org\/{rel}","templated":true}]}}