{"id":1768,"date":"2023-11-06T00:29:38","date_gmt":"2023-11-06T00:29:38","guid":{"rendered":"https:\/\/exceladvisor.org\/tr\/yuzde-farki\/"},"modified":"2023-12-10T06:03:23","modified_gmt":"2023-12-10T06:03:23","slug":"yuzde-farki","status":"publish","type":"page","link":"https:\/\/exceladvisor.org\/tr\/yuzde-farki\/","title":{"rendered":"Excel&#39;de y\u00fczde varyans nas\u0131l hesaplan\u0131r?"},"content":{"rendered":"<div class=\"excel-icerikten-once\" id=\"excel-3397752774\"><script type=\"text\/javascript\">\r\n\tatOptions = {\r\n\t\t'key' : 'c1158f160081d6540a8409e6925dab94',\r\n\t\t'format' : 'iframe',\r\n\t\t'height' : 250,\r\n\t\t'width' : 300,\r\n\t\t'params' : {}\r\n\t};\r\n<\/script>\r\n<script type=\"text\/javascript\" src=\"\/\/www.highperformanceformat.com\/c1158f160081d6540a8409e6925dab94\/invoke.js\"><\/script><\/div> <p>Excel&#8217;de iki de\u011fer aras\u0131ndaki y\u00fczde bo\u015flu\u011fu (fark\u0131) hesaplamak i\u00e7in basit bir form\u00fcl kullanman\u0131z gerekir. Bu form\u00fclde eski de\u011ferleri yeni de\u011ferlerden \u00e7\u0131kar\u0131p daha sonra bu fark\u0131 eski de\u011fere b\u00f6lebilirsiniz. Bu \u015fekilde eski de\u011ferden y\u00fczde de\u011fi\u015fimi elde edersiniz.<\/p><p> A\u015fa\u011f\u0131daki \u00f6rnekte eski de\u011ferlerin ve yeni de\u011ferlerin yer ald\u0131\u011f\u0131 bir listeniz var. \u015eimdi burada y\u00fczde varyans\u0131n\u0131 hesaplaman\u0131z gerekiyor. <\/p><div class=\"wp-block-image\"><figure class=\"aligncenter size-full is-resized\"><img loading=\"lazy\" decoding=\"async\" class=\"wp-image-67613\" src=\"https:\/\/exceladvisor.org\/wp-content\/uploads\/2023\/08\/1-liste-des-anciennes-et-nouvelles-valeurs.png\" sizes=\"auto, \" srcset=\"\" alt=\"eski ve yeni de\u011ferlerin listesi\" width=\"317\" height=\"312\"><\/figure><\/div><h2 class=\"wp-block-heading\"> Y\u00fczde varyans\u0131 hesaplamak i\u00e7in Excel form\u00fcl\u00fc<\/h2><ol type=\"1\"><li> \u00d6nce bir ba\u015flang\u0131\u00e7 parantezi girin, ard\u0131ndan yeni de\u011ferin oldu\u011fu h\u00fccreye referans verin.<\/li><li> Bundan sonra bir eksi operat\u00f6r\u00fc girin ve ard\u0131ndan eski de\u011fere bak\u0131n.<\/li><li> Daha sonra bir kapatma parantezi girin ve operat\u00f6r\u00fc girin ve b\u00f6l\u00fcn.<\/li><li> \u015eimdi eski de\u011fere bak\u0131n ve sonucu almak i\u00e7in Enter tu\u015funa bas\u0131n.<\/li><li> Sonu\u00e7ta sonu\u00e7 de\u011ferinin bulundu\u011fu h\u00fccrenin bi\u00e7imini de\u011fi\u015ftirmeniz gerekir. Bu nedenle \u201cCtrl + Shift + %\u201d klavye k\u0131sayolunu kullan\u0131n. <\/li><\/ol><div class=\"wp-block-image\"><figure class=\"aligncenter size-full is-resized\"><img loading=\"lazy\" decoding=\"async\" class=\"wp-image-67614\" src=\"https:\/\/exceladvisor.org\/wp-content\/uploads\/2023\/08\/2-formule-pour-obtenir-la-variance-en-pourcentage.png\" sizes=\"auto, \" srcset=\"\" alt=\"y\u00fczde-varyans\u0131 elde etme form\u00fcl\u00fc\" width=\"444\" height=\"395\"><\/figure><\/div><h2 class=\"wp-block-heading\"> Form\u00fcl\u00fc anlamak<\/h2><p> Bu form\u00fcl\u00fc anlamak i\u00e7in onu birka\u00e7 par\u00e7aya ay\u0131ral\u0131m. <\/p><div class=\"wp-block-image\"><figure class=\"aligncenter size-full is-resized\"><img loading=\"lazy\" decoding=\"async\" class=\"wp-image-67615\" src=\"https:\/\/exceladvisor.org\/wp-content\/uploads\/2023\/08\/Formule-de-variance-a-3-pourcentages.png\" sizes=\"auto, \" srcset=\"\" alt=\"y\u00fczde-varyans-form\u00fcl\u00fc\" width=\"610\" height=\"121\"><\/figure><\/div><p> Ve form\u00fclde ger\u00e7ek bir de\u011fer kulland\u0131\u011f\u0131n\u0131zda b\u00f6yle g\u00f6r\u00fcn\u00fcyor. <\/p><div class=\"wp-block-image\"><figure class=\"aligncenter size-full is-resized\"><img loading=\"lazy\" decoding=\"async\" class=\"wp-image-67616\" src=\"https:\/\/exceladvisor.org\/wp-content\/uploads\/2023\/08\/4-valeur-reelle-dans-la-formule.png\" sizes=\"auto, \" srcset=\"\" alt=\"form\u00fcldeki ger\u00e7ek de\u011fer\" width=\"568\" height=\"143\"><\/figure><\/div><p> \u0130lk k\u0131s\u0131mda eski de\u011ferden yeni de\u011feri \u00e7\u0131kard\u0131\u011f\u0131n\u0131zda ikisi aras\u0131ndaki fark\u0131 elde edersiniz. <\/p><div class=\"wp-block-image\"><figure class=\"aligncenter size-full is-resized\"><img loading=\"lazy\" decoding=\"async\" class=\"wp-image-67617\" src=\"https:\/\/exceladvisor.org\/wp-content\/uploads\/2023\/08\/5-supprimer-la-nouvelle-valeur-de-lancienne.png\" sizes=\"auto, \" srcset=\"\" alt=\"eski-yeni-de\u011feri kald\u0131r\" width=\"307\" height=\"109\"><\/figure><\/div><p> \u0130kinci b\u00f6l\u00fcmde bu fark\u0131, iki de\u011fer aras\u0131ndaki varyans olan y\u00fczde de\u011ferini d\u00f6nd\u00fcren eski de\u011fere b\u00f6lersiniz. <\/p><div class=\"wp-block-image\"><figure class=\"aligncenter size-full is-resized\"><img loading=\"lazy\" decoding=\"async\" class=\"wp-image-67618\" src=\"https:\/\/exceladvisor.org\/wp-content\/uploads\/2023\/08\/6-diviser-la-difference-avec-lancienne-valeur.png\" sizes=\"auto, \" srcset=\"\" alt=\"fark\u0131-eski-de\u011ferle-b\u00f6l\" width=\"264\" height=\"204\"><\/figure><\/div><p> \u015eimdi as\u0131l \u00f6rne\u011fimize d\u00f6nelim. <\/p><div class=\"wp-block-image\"><figure class=\"aligncenter size-full is-resized\"><img loading=\"lazy\" decoding=\"async\" class=\"wp-image-67619\" src=\"https:\/\/exceladvisor.org\/wp-content\/uploads\/2023\/08\/7-exemple-avec-un-pourcentage-decart.png\" sizes=\"auto, \" srcset=\"\" alt=\"y\u00fczde-varyansl\u0131-\u00f6rnek\" width=\"504\" height=\"357\"><\/figure><\/div><p> Form\u00fcl\u00fc di\u011fer de\u011ferlerin \u00fczerine s\u00fcr\u00fckledi\u011finizde t\u00fcm de\u011ferler i\u00e7in y\u00fczdesel varyans\u0131 da hesaplad\u0131\u011f\u0131n\u0131 g\u00f6r\u00fcrs\u00fcn\u00fcz. Ayr\u0131ca eski de\u011ferden daha k\u00fc\u00e7\u00fck yeni bir de\u011fere sahip oldu\u011fumuz negatif y\u00fczdeli birka\u00e7 de\u011ferimiz de var.<\/p><p class=\"qt-tip\"> <strong>Not:<\/strong> Sonu\u00e7 h\u00fccresi i\u00e7in y\u00fczde olarak h\u00fccre bi\u00e7imine sahip oldu\u011funuzdan emin olun. Ctrl+Shift+% klavye k\u0131sayolunu kullan\u0131n. <\/p><div class=\"gb-container gb-container-52dfcee1 gb-container-sample-file\"><h2 class=\"gb-headline gb-headline-e289c143 gb-headline-text gb-headline-4f7959c2\"> Excel dosyas\u0131n\u0131 al\u0131n<\/h2><p> <a class=\"gb-button gb-button-e88d6bee gb-button-text gb-button-button1\" href=\"https:\/\/exceladvisor.org\/wp-content\/uploads\/2023\/11\/pourcentage-decart-2.xlsx\" rel=\"nofollow\">\u0130ndirmek<\/a><\/p><\/div><div class=\"gb-container gb-container-0df56012 gb-container-mt\"> <a class=\"gb-button gb-button-f9f432f4 gb-button-text gb-button-mt-button\" href=\"https:\/\/exceladvisor.org\/tr\/formuller\/\">Excel form\u00fcllerinin listesi<\/a><h2 class=\"gb-headline gb-headline-233444e8 gb-headline-text gb-headline-mt-heading\"> \u0130lgili form\u00fcller <\/h2><div class=\"gb-grid-wrapper gb-grid-wrapper-a16fa65c gb-grid-wrapper-mt-grid\"><div class=\"gb-grid-column gb-grid-column-50d07e0d\"><div class=\"gb-container gb-container-50d07e0d\"><ul><li> Excel&#8217;de k\u00fcp k\u00f6k\u00fcn\u00fc hesaplay\u0131n<\/li><li> <a href=\"https:\/\/exceladvisor.org\/tr\/kare-kok\/\">Excel&#8217;de Karek\u00f6k Hesapla + Sembol Ekle<\/a><\/li><li> <a href=\"https:\/\/exceladvisor.org\/tr\/esit-degil\/\">Excel&#8217;deki operat\u00f6re e\u015fit de\u011fil<\/a><\/li><li> <a href=\"https:\/\/exceladvisor.org\/tr\/kare-numarasi\/\">Excel&#8217;de bir say\u0131n\u0131n karesini almak<\/a><\/li><li> <a href=\"https:\/\/exceladvisor.org\/tr\/ekleme-sayidan-yuzde-cikarma\/\">Bir say\u0131n\u0131n y\u00fczdesini toplama-\u00e7\u0131karma<\/a><\/li><li> <a href=\"https:\/\/exceladvisor.org\/tr\/kumulatif-toplam-2\/\">De\u011ferlerin k\u00fcm\u00fclatif toplam\u0131n\u0131 hesapla<\/a> <\/li><\/ul><\/div><\/div><div class=\"gb-grid-column gb-grid-column-5b4a0cf9\"><div class=\"gb-container gb-container-5b4a0cf9\"><\/div><\/div><\/div><\/div>","protected":false},"excerpt":{"rendered":"","protected":false},"author":1,"featured_media":0,"parent":0,"menu_order":0,"comment_status":"open","ping_status":"closed","template":"","meta":{"ub_ctt_via":"","footnotes":""},"class_list":["post-1768","page","type-page","status-publish","hentry"],"featured_image_src":null,"yoast_head":"<!-- This site is optimized with the Yoast SEO plugin v25.4 - https:\/\/yoast.com\/wordpress\/plugins\/seo\/ -->\n<title>\u25b7 Excel&#039;de y\u00fczde varyans nas\u0131l hesaplan\u0131r?<\/title>\n<meta name=\"description\" content=\"Bu e\u011fitimde, Excel&#039;de varyans y\u00fczdesini (fark\u0131n\u0131) hesaplamak i\u00e7in bir form\u00fcl\u00fcn nas\u0131l kullan\u0131laca\u011f\u0131n\u0131 \u00f6\u011freneceksiniz.\" \/>\n<meta name=\"robots\" content=\"index, follow, max-snippet:-1, max-image-preview:large, max-video-preview:-1\" \/>\n<link rel=\"canonical\" href=\"https:\/\/exceladvisor.org\/tr\/yuzde-farki\/\" \/>\n<meta property=\"og:locale\" content=\"tr_TR\" \/>\n<meta property=\"og:type\" content=\"article\" \/>\n<meta property=\"og:title\" content=\"\u25b7 Excel&#039;de y\u00fczde varyans nas\u0131l hesaplan\u0131r?\" \/>\n<meta property=\"og:description\" content=\"Bu e\u011fitimde, Excel&#039;de varyans y\u00fczdesini (fark\u0131n\u0131) hesaplamak i\u00e7in bir form\u00fcl\u00fcn nas\u0131l kullan\u0131laca\u011f\u0131n\u0131 \u00f6\u011freneceksiniz.\" \/>\n<meta property=\"og:url\" content=\"https:\/\/exceladvisor.org\/tr\/yuzde-farki\/\" \/>\n<meta property=\"og:site_name\" content=\"Excel Advisor\" \/>\n<meta property=\"article:modified_time\" content=\"2023-12-10T06:03:23+00:00\" \/>\n<meta property=\"og:image\" content=\"https:\/\/exceladvisor.org\/wp-content\/uploads\/2023\/08\/1-liste-des-anciennes-et-nouvelles-valeurs.png\" \/>\n<meta name=\"twitter:card\" content=\"summary_large_image\" \/>\n<meta name=\"twitter:label1\" content=\"Tahmini okuma s\u00fcresi\" \/>\n\t<meta name=\"twitter:data1\" content=\"2 dakika\" \/>\n<script type=\"application\/ld+json\" class=\"yoast-schema-graph\">{\"@context\":\"https:\/\/schema.org\",\"@graph\":[{\"@type\":\"WebPage\",\"@id\":\"https:\/\/exceladvisor.org\/tr\/yuzde-farki\/\",\"url\":\"https:\/\/exceladvisor.org\/tr\/yuzde-farki\/\",\"name\":\"\u25b7 Excel&#39;de y\u00fczde varyans nas\u0131l hesaplan\u0131r?\",\"isPartOf\":{\"@id\":\"https:\/\/exceladvisor.org\/tr\/#website\"},\"primaryImageOfPage\":{\"@id\":\"https:\/\/exceladvisor.org\/tr\/yuzde-farki\/#primaryimage\"},\"image\":{\"@id\":\"https:\/\/exceladvisor.org\/tr\/yuzde-farki\/#primaryimage\"},\"thumbnailUrl\":\"https:\/\/exceladvisor.org\/wp-content\/uploads\/2023\/08\/1-liste-des-anciennes-et-nouvelles-valeurs.png\",\"datePublished\":\"2023-11-06T00:29:38+00:00\",\"dateModified\":\"2023-12-10T06:03:23+00:00\",\"description\":\"Bu e\u011fitimde, Excel&#39;de varyans y\u00fczdesini (fark\u0131n\u0131) hesaplamak i\u00e7in bir form\u00fcl\u00fcn nas\u0131l kullan\u0131laca\u011f\u0131n\u0131 \u00f6\u011freneceksiniz.\",\"breadcrumb\":{\"@id\":\"https:\/\/exceladvisor.org\/tr\/yuzde-farki\/#breadcrumb\"},\"inLanguage\":\"tr\",\"potentialAction\":[{\"@type\":\"ReadAction\",\"target\":[\"https:\/\/exceladvisor.org\/tr\/yuzde-farki\/\"]}]},{\"@type\":\"ImageObject\",\"inLanguage\":\"tr\",\"@id\":\"https:\/\/exceladvisor.org\/tr\/yuzde-farki\/#primaryimage\",\"url\":\"https:\/\/exceladvisor.org\/wp-content\/uploads\/2023\/08\/1-liste-des-anciennes-et-nouvelles-valeurs.png\",\"contentUrl\":\"https:\/\/exceladvisor.org\/wp-content\/uploads\/2023\/08\/1-liste-des-anciennes-et-nouvelles-valeurs.png\"},{\"@type\":\"BreadcrumbList\",\"@id\":\"https:\/\/exceladvisor.org\/tr\/yuzde-farki\/#breadcrumb\",\"itemListElement\":[{\"@type\":\"ListItem\",\"position\":1,\"name\":\"Ev\",\"item\":\"https:\/\/exceladvisor.org\/tr\/\"},{\"@type\":\"ListItem\",\"position\":2,\"name\":\"Excel&#39;de y\u00fczde varyans nas\u0131l hesaplan\u0131r?\"}]},{\"@type\":\"WebSite\",\"@id\":\"https:\/\/exceladvisor.org\/tr\/#website\",\"url\":\"https:\/\/exceladvisor.org\/tr\/\",\"name\":\"Excel Advisor\",\"description\":\"Veri hakimiyetine y\u00f6nelik nihai rehberiniz!\",\"publisher\":{\"@id\":\"https:\/\/exceladvisor.org\/tr\/#organization\"},\"potentialAction\":[{\"@type\":\"SearchAction\",\"target\":{\"@type\":\"EntryPoint\",\"urlTemplate\":\"https:\/\/exceladvisor.org\/tr\/?s={search_term_string}\"},\"query-input\":{\"@type\":\"PropertyValueSpecification\",\"valueRequired\":true,\"valueName\":\"search_term_string\"}}],\"inLanguage\":\"tr\"},{\"@type\":\"Organization\",\"@id\":\"https:\/\/exceladvisor.org\/tr\/#organization\",\"name\":\"Excel Advisor\",\"url\":\"https:\/\/exceladvisor.org\/tr\/\",\"logo\":{\"@type\":\"ImageObject\",\"inLanguage\":\"tr\",\"@id\":\"https:\/\/exceladvisor.org\/tr\/#\/schema\/logo\/image\/\",\"url\":\"https:\/\/exceladvisor.org\/tr\/wp-content\/uploads\/2023\/12\/exceladvisor.org_.png\",\"contentUrl\":\"https:\/\/exceladvisor.org\/tr\/wp-content\/uploads\/2023\/12\/exceladvisor.org_.png\",\"width\":105,\"height\":36,\"caption\":\"Excel Advisor\"},\"image\":{\"@id\":\"https:\/\/exceladvisor.org\/tr\/#\/schema\/logo\/image\/\"}}]}<\/script>\n<!-- \/ Yoast SEO plugin. -->","yoast_head_json":{"title":"\u25b7 Excel&#39;de y\u00fczde varyans nas\u0131l hesaplan\u0131r?","description":"Bu e\u011fitimde, Excel&#39;de varyans y\u00fczdesini (fark\u0131n\u0131) hesaplamak i\u00e7in bir form\u00fcl\u00fcn nas\u0131l kullan\u0131laca\u011f\u0131n\u0131 \u00f6\u011freneceksiniz.","robots":{"index":"index","follow":"follow","max-snippet":"max-snippet:-1","max-image-preview":"max-image-preview:large","max-video-preview":"max-video-preview:-1"},"canonical":"https:\/\/exceladvisor.org\/tr\/yuzde-farki\/","og_locale":"tr_TR","og_type":"article","og_title":"\u25b7 Excel&#39;de y\u00fczde varyans nas\u0131l hesaplan\u0131r?","og_description":"Bu e\u011fitimde, Excel&#39;de varyans y\u00fczdesini (fark\u0131n\u0131) hesaplamak i\u00e7in bir form\u00fcl\u00fcn nas\u0131l kullan\u0131laca\u011f\u0131n\u0131 \u00f6\u011freneceksiniz.","og_url":"https:\/\/exceladvisor.org\/tr\/yuzde-farki\/","og_site_name":"Excel Advisor","article_modified_time":"2023-12-10T06:03:23+00:00","og_image":[{"url":"https:\/\/exceladvisor.org\/wp-content\/uploads\/2023\/08\/1-liste-des-anciennes-et-nouvelles-valeurs.png","type":"","width":"","height":""}],"twitter_card":"summary_large_image","twitter_misc":{"Tahmini okuma s\u00fcresi":"2 dakika"},"schema":{"@context":"https:\/\/schema.org","@graph":[{"@type":"WebPage","@id":"https:\/\/exceladvisor.org\/tr\/yuzde-farki\/","url":"https:\/\/exceladvisor.org\/tr\/yuzde-farki\/","name":"\u25b7 Excel&#39;de y\u00fczde varyans nas\u0131l hesaplan\u0131r?","isPartOf":{"@id":"https:\/\/exceladvisor.org\/tr\/#website"},"primaryImageOfPage":{"@id":"https:\/\/exceladvisor.org\/tr\/yuzde-farki\/#primaryimage"},"image":{"@id":"https:\/\/exceladvisor.org\/tr\/yuzde-farki\/#primaryimage"},"thumbnailUrl":"https:\/\/exceladvisor.org\/wp-content\/uploads\/2023\/08\/1-liste-des-anciennes-et-nouvelles-valeurs.png","datePublished":"2023-11-06T00:29:38+00:00","dateModified":"2023-12-10T06:03:23+00:00","description":"Bu e\u011fitimde, Excel&#39;de varyans y\u00fczdesini (fark\u0131n\u0131) hesaplamak i\u00e7in bir form\u00fcl\u00fcn nas\u0131l kullan\u0131laca\u011f\u0131n\u0131 \u00f6\u011freneceksiniz.","breadcrumb":{"@id":"https:\/\/exceladvisor.org\/tr\/yuzde-farki\/#breadcrumb"},"inLanguage":"tr","potentialAction":[{"@type":"ReadAction","target":["https:\/\/exceladvisor.org\/tr\/yuzde-farki\/"]}]},{"@type":"ImageObject","inLanguage":"tr","@id":"https:\/\/exceladvisor.org\/tr\/yuzde-farki\/#primaryimage","url":"https:\/\/exceladvisor.org\/wp-content\/uploads\/2023\/08\/1-liste-des-anciennes-et-nouvelles-valeurs.png","contentUrl":"https:\/\/exceladvisor.org\/wp-content\/uploads\/2023\/08\/1-liste-des-anciennes-et-nouvelles-valeurs.png"},{"@type":"BreadcrumbList","@id":"https:\/\/exceladvisor.org\/tr\/yuzde-farki\/#breadcrumb","itemListElement":[{"@type":"ListItem","position":1,"name":"Ev","item":"https:\/\/exceladvisor.org\/tr\/"},{"@type":"ListItem","position":2,"name":"Excel&#39;de y\u00fczde varyans nas\u0131l hesaplan\u0131r?"}]},{"@type":"WebSite","@id":"https:\/\/exceladvisor.org\/tr\/#website","url":"https:\/\/exceladvisor.org\/tr\/","name":"Excel Advisor","description":"Veri hakimiyetine y\u00f6nelik nihai rehberiniz!","publisher":{"@id":"https:\/\/exceladvisor.org\/tr\/#organization"},"potentialAction":[{"@type":"SearchAction","target":{"@type":"EntryPoint","urlTemplate":"https:\/\/exceladvisor.org\/tr\/?s={search_term_string}"},"query-input":{"@type":"PropertyValueSpecification","valueRequired":true,"valueName":"search_term_string"}}],"inLanguage":"tr"},{"@type":"Organization","@id":"https:\/\/exceladvisor.org\/tr\/#organization","name":"Excel Advisor","url":"https:\/\/exceladvisor.org\/tr\/","logo":{"@type":"ImageObject","inLanguage":"tr","@id":"https:\/\/exceladvisor.org\/tr\/#\/schema\/logo\/image\/","url":"https:\/\/exceladvisor.org\/tr\/wp-content\/uploads\/2023\/12\/exceladvisor.org_.png","contentUrl":"https:\/\/exceladvisor.org\/tr\/wp-content\/uploads\/2023\/12\/exceladvisor.org_.png","width":105,"height":36,"caption":"Excel Advisor"},"image":{"@id":"https:\/\/exceladvisor.org\/tr\/#\/schema\/logo\/image\/"}}]}},"yoast_meta":{"yoast_wpseo_title":"","yoast_wpseo_metadesc":"","yoast_wpseo_canonical":""},"_links":{"self":[{"href":"https:\/\/exceladvisor.org\/tr\/wp-json\/wp\/v2\/pages\/1768","targetHints":{"allow":["GET"]}}],"collection":[{"href":"https:\/\/exceladvisor.org\/tr\/wp-json\/wp\/v2\/pages"}],"about":[{"href":"https:\/\/exceladvisor.org\/tr\/wp-json\/wp\/v2\/types\/page"}],"author":[{"embeddable":true,"href":"https:\/\/exceladvisor.org\/tr\/wp-json\/wp\/v2\/users\/1"}],"replies":[{"embeddable":true,"href":"https:\/\/exceladvisor.org\/tr\/wp-json\/wp\/v2\/comments?post=1768"}],"version-history":[{"count":1,"href":"https:\/\/exceladvisor.org\/tr\/wp-json\/wp\/v2\/pages\/1768\/revisions"}],"predecessor-version":[{"id":2650,"href":"https:\/\/exceladvisor.org\/tr\/wp-json\/wp\/v2\/pages\/1768\/revisions\/2650"}],"wp:attachment":[{"href":"https:\/\/exceladvisor.org\/tr\/wp-json\/wp\/v2\/media?parent=1768"}],"curies":[{"name":"wp","href":"https:\/\/api.w.org\/{rel}","templated":true}]}}