{"id":1769,"date":"2023-11-06T00:19:21","date_gmt":"2023-11-06T00:19:21","guid":{"rendered":"https:\/\/exceladvisor.org\/tr\/esit-degil\/"},"modified":"2023-12-10T06:01:17","modified_gmt":"2023-12-10T06:01:17","slug":"esit-degil","status":"publish","type":"page","link":"https:\/\/exceladvisor.org\/tr\/esit-degil\/","title":{"rendered":"Excel&#39;de e\u015fit de\u011fildir operat\u00f6r\u00fc nas\u0131l kullan\u0131l\u0131r?"},"content":{"rendered":"<div class=\"excel-icerikten-once\" id=\"excel-2146367158\"><script type=\"text\/javascript\">\r\n\tatOptions = {\r\n\t\t'key' : 'c1158f160081d6540a8409e6925dab94',\r\n\t\t'format' : 'iframe',\r\n\t\t'height' : 250,\r\n\t\t'width' : 300,\r\n\t\t'params' : {}\r\n\t};\r\n<\/script>\r\n<script type=\"text\/javascript\" src=\"\/\/www.highperformanceformat.com\/c1158f160081d6540a8409e6925dab94\/invoke.js\"><\/script><\/div> <p>Excel&#8217;de bir h\u00fccre de\u011ferinin ba\u015fka bir de\u011fere e\u015fit olup olmad\u0131\u011f\u0131n\u0131 kontrol etmek istiyorsan\u0131z farkl\u0131 \u201c&lt;&gt;\u201d operat\u00f6r\u00fcn\u00fc kullanabilirsiniz. De\u011fer e\u015fle\u015fiyorsa FALSE, e\u015fle\u015fmiyorsa TRUE de\u011ferini d\u00f6nd\u00fcr\u00fcr. Bunu form\u00fcl olarak kullanabilece\u011finiz gibi IF, OR ve AND gibi di\u011fer i\u015flevlerle de kullanabilirsiniz.<\/p><p> A\u015fa\u011f\u0131daki \u00f6rnekte A1 ve A2 h\u00fccrelerinde iki de\u011feriniz var ve 1 de\u011ferinin 2 de\u011ferine e\u015fit olup olmad\u0131\u011f\u0131n\u0131 kontrol etmeniz gerekiyor. <\/p><div class=\"wp-block-image\"><figure class=\"aligncenter size-full is-resized\"><img loading=\"lazy\" decoding=\"async\" class=\"wp-image-69533\" src=\"https:\/\/exceladvisor.org\/wp-content\/uploads\/2023\/08\/1-deux-valeurs-dans-les-cellules.png\" sizes=\"auto, \" srcset=\"\" alt=\"h\u00fccrelerde iki de\u011fer\" width=\"363\" height=\"274\"><\/figure><\/div><h2 id=\"h-using-does-not-equals-operator\" class=\"wp-block-heading\"> NOT EQUAL operat\u00f6r\u00fcn\u00fc kullanma<\/h2><ol type=\"1\"><li> \u0130lk olarak B1 h\u00fccresine e\u015fittir operat\u00f6r\u00fcn\u00fc girin.<\/li><li> Bundan sonra, ilk de\u011fere sahip oldu\u011funuz A1 h\u00fccresine bak\u0131n.<\/li><li> Daha sonra \u201c&lt;&gt;\u201d olmayan operat\u00f6r\u00fc girin.<\/li><li> \u015eimdi A2 h\u00fccresindeki ikinci de\u011fere bak\u0131n.<\/li><li> Sonunda de\u011feri almak i\u00e7in Enter tu\u015funa bas\u0131n. <\/li><\/ol><div class=\"wp-block-image\"><figure class=\"aligncenter size-full is-resized\"><img loading=\"lazy\" decoding=\"async\" class=\"wp-image-69534\" src=\"https:\/\/exceladvisor.org\/wp-content\/uploads\/2023\/08\/2-utiliser-loperateur-non-egal-a.png\" sizes=\"auto, \" srcset=\"\" alt=\"e\u015fit olmayan operat\u00f6r\u00fc kullan\" width=\"379\" height=\"279\"><\/figure><\/div><p> Enter tu\u015funa bast\u0131\u011f\u0131n\u0131z anda sonu\u00e7ta TRUE de\u011feri d\u00f6ner. Bunun nedeni iki de\u011ferin e\u015fit olmamas\u0131d\u0131r. \u015eimdi B1 h\u00fccresine \u201cExcel\u201d girerseniz A1 h\u00fccresinde buldu\u011fumuz sonu\u00e7 YANLI\u015e olur. Bunun nedeni her iki h\u00fccrede de ayn\u0131 de\u011ferlere sahip olmam\u0131zd\u0131r. <\/p><div class=\"wp-block-image\"><figure class=\"aligncenter size-full is-resized\"><img loading=\"lazy\" decoding=\"async\" class=\"wp-image-69535\" src=\"https:\/\/exceladvisor.org\/wp-content\/uploads\/2023\/08\/3-changer-la-valeur-dans-la-cellule.png\" sizes=\"auto, \" srcset=\"\" alt=\"h\u00fccredeki de\u011fer de\u011fi\u015fimi\" width=\"403\" height=\"272\"><\/figure><\/div><h2 id=\"h-using-does-not-equal-with-or-and\" class=\"wp-block-heading\"> VEYA \u2013 VE ile IS NOT EQUAL kullan\u0131m\u0131<\/h2><p> Dedi\u011fim gibi farkl\u0131 operat\u00f6rleri di\u011fer i\u015flevlerle de kullanabilirsiniz. AND ve OR i\u015flevleriyle kullanmay\u0131 deneyelim.<\/p><p> VEYA i\u015fleviyle iki ko\u015fulu test edebilirsiniz ve ko\u015fullardan biri veya her ikisi de ayn\u0131ysa DO\u011eRU de\u011ferini d\u00f6nd\u00fcr\u00fcr. A\u015fa\u011f\u0131daki \u00f6rnekte test edilecek iki ko\u015fulumuz var. A1 ve A2 h\u00fccrelerinin, ard\u0131ndan B1 ve B2 h\u00fccrelerinin de\u011ferlerinin kar\u015f\u0131la\u015ft\u0131r\u0131lmas\u0131. <\/p><div class=\"wp-block-image\"><figure class=\"aligncenter size-full is-resized\"><img loading=\"lazy\" decoding=\"async\" class=\"wp-image-69536\" src=\"https:\/\/exceladvisor.org\/wp-content\/uploads\/2023\/08\/4-operateur-non-egal-avec-ou.png\" sizes=\"auto, \" srcset=\"\" alt=\"veya ile e\u015fit olmayan operat\u00f6r\" width=\"512\" height=\"269\"><\/figure><\/div><p> \u015eimdi e\u015fit de\u011fildir operat\u00f6r\u00fcn\u00fc her iki durumda da kulland\u0131\u011f\u0131m\u0131zdan ve ilk ko\u015fulda her iki de\u011fer de e\u015fit olmad\u0131\u011f\u0131ndan TRUE de\u011ferini d\u00f6nd\u00fcr\u00fcr. Ancak bundan sonra ikinci ko\u015fulda her iki de\u011fer de ayn\u0131 oldu\u011fundan ko\u015ful YANLI\u015e olur.<\/p><p> Ancak sonu\u00e7ta elimizde DO\u011eRU var \u00e7\u00fcnk\u00fc g\u00f6rd\u00fc\u011f\u00fcm\u00fcz gibi VEYA yaln\u0131zca bir ko\u015fulun DO\u011eRU olmas\u0131 durumunda DO\u011eRU de\u011ferini d\u00f6nd\u00fcr\u00fcr.<\/p><p> Daha sonra ayn\u0131s\u0131n\u0131 AND i\u015fleviyle kullan\u0131n. VE, belirtilen ko\u015fullar\u0131n t\u00fcm\u00fc ayn\u0131ysa DO\u011eRU&#8217;yu, ko\u015fullar aras\u0131nda bir ko\u015ful YANLI\u015e olsa bile YANLI\u015e&#8217;\u0131 d\u00f6nd\u00fcr\u00fcr. <\/p><div class=\"wp-block-image\"><figure class=\"aligncenter size-full is-resized\"><img loading=\"lazy\" decoding=\"async\" class=\"wp-image-69537\" src=\"https:\/\/exceladvisor.org\/wp-content\/uploads\/2023\/08\/5-pas-egal-a-loperateur-avec-fin.png\" sizes=\"auto, \" srcset=\"\" alt=\"sonu-e\u015fit olmayan-operat\u00f6r\u00fc\" width=\"473\" height=\"271\"><\/figure><\/div><p> Yukar\u0131daki \u00f6rnekte yine ayn\u0131 de\u011ferlere sahibiz ancak AND fonksiyonunu kulland\u0131\u011f\u0131n\u0131zda ikinci ko\u015ful (B1&lt;&gt;B2) do\u011fru olmad\u0131\u011f\u0131ndan sonu\u00e7ta FALSE de\u011ferini d\u00f6nd\u00fcr\u00fcr, her iki de\u011fer de ayn\u0131d\u0131r.<\/p><h2 id=\"h-use-does-not-equal-operator-with-if-function\" class=\"wp-block-heading\"> NOT EQUAL operat\u00f6r\u00fcn\u00fc IF i\u015fleviyle kullanma<\/h2><p> IF i\u015flevinde e\u015fit de\u011fildir operat\u00f6r\u00fcn\u00fc de kullanabilirsiniz. <\/p><div class=\"wp-block-image\"><figure class=\"aligncenter size-full is-resized\"><img loading=\"lazy\" decoding=\"async\" class=\"wp-image-69538\" src=\"https:\/\/exceladvisor.org\/wp-content\/uploads\/2023\/08\/6-pas-egal-a-loperateur-avec-si.png\" sizes=\"auto, \" srcset=\"\" alt=\"e\u015fit de\u011fil-i\u015fleci-if ile\" width=\"538\" height=\"268\"><\/figure><\/div><ol type=\"1\"><li> Sonucu almak istedi\u011finiz h\u00fccreye IF i\u015flevini girin.<\/li><li> Bundan sonra A1 h\u00fccresine bak\u0131n, ard\u0131ndan farkl\u0131 operat\u00f6r\u00fc kullan\u0131n ve A2 h\u00fccresine bak\u0131n.<\/li><li> Daha sonra ko\u015fulun DO\u011eRU olup olmad\u0131\u011f\u0131n\u0131 \u00f6\u011frenmek i\u00e7in bir de\u011fer kullan\u0131n.<\/li><li> Sonunda, ko\u015fulun YANLI\u015e olmas\u0131 durumunda de\u011feri belirtin.<\/li><\/ol><p> IF i\u015flevini &#8220;e\u015fit de\u011fildir&#8221; ko\u015fuluyla kullanman\u0131n en iyi yan\u0131, ko\u015fulun DO\u011eRU veya YANLI\u015e olmas\u0131 durumunda alaca\u011f\u0131n\u0131z belirli bir de\u011feri d\u00f6nd\u00fcrebilmenizdir. <\/p><div class=\"gb-container gb-container-52dfcee1 gb-container-sample-file\"><h2 class=\"gb-headline gb-headline-e289c143 gb-headline-text gb-headline-4f7959c2\"> Excel dosyas\u0131n\u0131 al\u0131n<\/h2> <a href=\"https:\/\/exceladvisor.org\/wp-content\/uploads\/2023\/11\/nest-pas-egal-a-2.xlsx\">\u0130ndirmek<\/a><\/div><div class=\"gb-container gb-container-0df56012 gb-container-mt\"> <a class=\"gb-button gb-button-f9f432f4 gb-button-text gb-button-mt-button\" href=\"https:\/\/exceladvisor.org\/tr\/formuller\/\">Excel form\u00fcllerinin listesi<\/a><h2 class=\"gb-headline gb-headline-233444e8 gb-headline-text gb-headline-mt-heading\"> \u0130lgili form\u00fcller <\/h2><div class=\"gb-grid-wrapper gb-grid-wrapper-a16fa65c gb-grid-wrapper-mt-grid\"><div class=\"gb-grid-column gb-grid-column-50d07e0d\"><div class=\"gb-container gb-container-50d07e0d\"><ul><li> Excel&#8217;de k\u00fcp k\u00f6k\u00fcn\u00fc hesaplay\u0131n<\/li><li> <a href=\"https:\/\/exceladvisor.org\/tr\/yuzde-farki\/\">Excel&#8217;de y\u00fczde varyans\u0131 (fark) hesaplay\u0131n<\/a><\/li><li> <a href=\"https:\/\/exceladvisor.org\/tr\/kare-kok\/\">Excel&#8217;de Karek\u00f6k Hesapla + Sembol Ekle<\/a><\/li><li> <a href=\"https:\/\/exceladvisor.org\/tr\/kare-numarasi\/\">Excel&#8217;de bir say\u0131n\u0131n karesini almak<\/a><\/li><li> <a href=\"https:\/\/exceladvisor.org\/tr\/ekleme-sayidan-yuzde-cikarma\/\">Bir say\u0131n\u0131n y\u00fczdesini toplama-\u00e7\u0131karma<\/a> <\/li><\/ul><\/div><\/div><div class=\"gb-grid-column gb-grid-column-5b4a0cf9\"><div class=\"gb-container gb-container-5b4a0cf9\"><\/div><\/div><\/div><\/div>","protected":false},"excerpt":{"rendered":"","protected":false},"author":1,"featured_media":0,"parent":0,"menu_order":0,"comment_status":"open","ping_status":"closed","template":"","meta":{"ub_ctt_via":"","footnotes":""},"class_list":["post-1769","page","type-page","status-publish","hentry"],"featured_image_src":null,"yoast_head":"<!-- This site is optimized with the Yoast SEO plugin v25.4 - https:\/\/yoast.com\/wordpress\/plugins\/seo\/ -->\n<title>\u25b7 Excel&#039;de e\u015fit de\u011fildir operat\u00f6r\u00fc nas\u0131l kullan\u0131l\u0131r?<\/title>\n<meta name=\"description\" content=\"Bu e\u011fitimde, Excel&#039;de e\u015fit de\u011fildir operat\u00f6r\u00fcn\u00fc kullanmak i\u00e7in bir form\u00fcl\u00fcn nas\u0131l olu\u015fturulaca\u011f\u0131n\u0131 \u00f6\u011freneceksiniz. Bu operat\u00f6r...\" \/>\n<meta name=\"robots\" content=\"index, follow, max-snippet:-1, max-image-preview:large, max-video-preview:-1\" \/>\n<link rel=\"canonical\" href=\"https:\/\/exceladvisor.org\/tr\/esit-degil\/\" \/>\n<meta property=\"og:locale\" content=\"tr_TR\" \/>\n<meta property=\"og:type\" content=\"article\" \/>\n<meta property=\"og:title\" content=\"\u25b7 Excel&#039;de e\u015fit de\u011fildir operat\u00f6r\u00fc nas\u0131l kullan\u0131l\u0131r?\" \/>\n<meta property=\"og:description\" content=\"Bu e\u011fitimde, Excel&#039;de e\u015fit de\u011fildir operat\u00f6r\u00fcn\u00fc kullanmak i\u00e7in bir form\u00fcl\u00fcn nas\u0131l olu\u015fturulaca\u011f\u0131n\u0131 \u00f6\u011freneceksiniz. Bu operat\u00f6r...\" \/>\n<meta property=\"og:url\" content=\"https:\/\/exceladvisor.org\/tr\/esit-degil\/\" \/>\n<meta property=\"og:site_name\" content=\"Excel Advisor\" \/>\n<meta property=\"article:modified_time\" content=\"2023-12-10T06:01:17+00:00\" \/>\n<meta property=\"og:image\" content=\"https:\/\/exceladvisor.org\/wp-content\/uploads\/2023\/08\/1-deux-valeurs-dans-les-cellules.png\" \/>\n<meta name=\"twitter:card\" content=\"summary_large_image\" \/>\n<meta name=\"twitter:label1\" content=\"Tahmini okuma s\u00fcresi\" \/>\n\t<meta name=\"twitter:data1\" content=\"3 dakika\" \/>\n<script type=\"application\/ld+json\" class=\"yoast-schema-graph\">{\"@context\":\"https:\/\/schema.org\",\"@graph\":[{\"@type\":\"WebPage\",\"@id\":\"https:\/\/exceladvisor.org\/tr\/esit-degil\/\",\"url\":\"https:\/\/exceladvisor.org\/tr\/esit-degil\/\",\"name\":\"\u25b7 Excel&#39;de e\u015fit de\u011fildir operat\u00f6r\u00fc nas\u0131l kullan\u0131l\u0131r?\",\"isPartOf\":{\"@id\":\"https:\/\/exceladvisor.org\/tr\/#website\"},\"primaryImageOfPage\":{\"@id\":\"https:\/\/exceladvisor.org\/tr\/esit-degil\/#primaryimage\"},\"image\":{\"@id\":\"https:\/\/exceladvisor.org\/tr\/esit-degil\/#primaryimage\"},\"thumbnailUrl\":\"https:\/\/exceladvisor.org\/wp-content\/uploads\/2023\/08\/1-deux-valeurs-dans-les-cellules.png\",\"datePublished\":\"2023-11-06T00:19:21+00:00\",\"dateModified\":\"2023-12-10T06:01:17+00:00\",\"description\":\"Bu e\u011fitimde, Excel&#39;de e\u015fit de\u011fildir operat\u00f6r\u00fcn\u00fc kullanmak i\u00e7in bir form\u00fcl\u00fcn nas\u0131l olu\u015fturulaca\u011f\u0131n\u0131 \u00f6\u011freneceksiniz. Bu operat\u00f6r...\",\"breadcrumb\":{\"@id\":\"https:\/\/exceladvisor.org\/tr\/esit-degil\/#breadcrumb\"},\"inLanguage\":\"tr\",\"potentialAction\":[{\"@type\":\"ReadAction\",\"target\":[\"https:\/\/exceladvisor.org\/tr\/esit-degil\/\"]}]},{\"@type\":\"ImageObject\",\"inLanguage\":\"tr\",\"@id\":\"https:\/\/exceladvisor.org\/tr\/esit-degil\/#primaryimage\",\"url\":\"https:\/\/exceladvisor.org\/wp-content\/uploads\/2023\/08\/1-deux-valeurs-dans-les-cellules.png\",\"contentUrl\":\"https:\/\/exceladvisor.org\/wp-content\/uploads\/2023\/08\/1-deux-valeurs-dans-les-cellules.png\"},{\"@type\":\"BreadcrumbList\",\"@id\":\"https:\/\/exceladvisor.org\/tr\/esit-degil\/#breadcrumb\",\"itemListElement\":[{\"@type\":\"ListItem\",\"position\":1,\"name\":\"Ev\",\"item\":\"https:\/\/exceladvisor.org\/tr\/\"},{\"@type\":\"ListItem\",\"position\":2,\"name\":\"Excel&#39;de e\u015fit de\u011fildir operat\u00f6r\u00fc nas\u0131l kullan\u0131l\u0131r?\"}]},{\"@type\":\"WebSite\",\"@id\":\"https:\/\/exceladvisor.org\/tr\/#website\",\"url\":\"https:\/\/exceladvisor.org\/tr\/\",\"name\":\"Excel Advisor\",\"description\":\"Veri hakimiyetine y\u00f6nelik nihai rehberiniz!\",\"publisher\":{\"@id\":\"https:\/\/exceladvisor.org\/tr\/#organization\"},\"potentialAction\":[{\"@type\":\"SearchAction\",\"target\":{\"@type\":\"EntryPoint\",\"urlTemplate\":\"https:\/\/exceladvisor.org\/tr\/?s={search_term_string}\"},\"query-input\":{\"@type\":\"PropertyValueSpecification\",\"valueRequired\":true,\"valueName\":\"search_term_string\"}}],\"inLanguage\":\"tr\"},{\"@type\":\"Organization\",\"@id\":\"https:\/\/exceladvisor.org\/tr\/#organization\",\"name\":\"Excel Advisor\",\"url\":\"https:\/\/exceladvisor.org\/tr\/\",\"logo\":{\"@type\":\"ImageObject\",\"inLanguage\":\"tr\",\"@id\":\"https:\/\/exceladvisor.org\/tr\/#\/schema\/logo\/image\/\",\"url\":\"https:\/\/exceladvisor.org\/tr\/wp-content\/uploads\/2023\/12\/exceladvisor.org_.png\",\"contentUrl\":\"https:\/\/exceladvisor.org\/tr\/wp-content\/uploads\/2023\/12\/exceladvisor.org_.png\",\"width\":105,\"height\":36,\"caption\":\"Excel Advisor\"},\"image\":{\"@id\":\"https:\/\/exceladvisor.org\/tr\/#\/schema\/logo\/image\/\"}}]}<\/script>\n<!-- \/ Yoast SEO plugin. -->","yoast_head_json":{"title":"\u25b7 Excel&#39;de e\u015fit de\u011fildir operat\u00f6r\u00fc nas\u0131l kullan\u0131l\u0131r?","description":"Bu e\u011fitimde, Excel&#39;de e\u015fit de\u011fildir operat\u00f6r\u00fcn\u00fc kullanmak i\u00e7in bir form\u00fcl\u00fcn nas\u0131l olu\u015fturulaca\u011f\u0131n\u0131 \u00f6\u011freneceksiniz. Bu operat\u00f6r...","robots":{"index":"index","follow":"follow","max-snippet":"max-snippet:-1","max-image-preview":"max-image-preview:large","max-video-preview":"max-video-preview:-1"},"canonical":"https:\/\/exceladvisor.org\/tr\/esit-degil\/","og_locale":"tr_TR","og_type":"article","og_title":"\u25b7 Excel&#39;de e\u015fit de\u011fildir operat\u00f6r\u00fc nas\u0131l kullan\u0131l\u0131r?","og_description":"Bu e\u011fitimde, Excel&#39;de e\u015fit de\u011fildir operat\u00f6r\u00fcn\u00fc kullanmak i\u00e7in bir form\u00fcl\u00fcn nas\u0131l olu\u015fturulaca\u011f\u0131n\u0131 \u00f6\u011freneceksiniz. Bu operat\u00f6r...","og_url":"https:\/\/exceladvisor.org\/tr\/esit-degil\/","og_site_name":"Excel Advisor","article_modified_time":"2023-12-10T06:01:17+00:00","og_image":[{"url":"https:\/\/exceladvisor.org\/wp-content\/uploads\/2023\/08\/1-deux-valeurs-dans-les-cellules.png","type":"","width":"","height":""}],"twitter_card":"summary_large_image","twitter_misc":{"Tahmini okuma s\u00fcresi":"3 dakika"},"schema":{"@context":"https:\/\/schema.org","@graph":[{"@type":"WebPage","@id":"https:\/\/exceladvisor.org\/tr\/esit-degil\/","url":"https:\/\/exceladvisor.org\/tr\/esit-degil\/","name":"\u25b7 Excel&#39;de e\u015fit de\u011fildir operat\u00f6r\u00fc nas\u0131l kullan\u0131l\u0131r?","isPartOf":{"@id":"https:\/\/exceladvisor.org\/tr\/#website"},"primaryImageOfPage":{"@id":"https:\/\/exceladvisor.org\/tr\/esit-degil\/#primaryimage"},"image":{"@id":"https:\/\/exceladvisor.org\/tr\/esit-degil\/#primaryimage"},"thumbnailUrl":"https:\/\/exceladvisor.org\/wp-content\/uploads\/2023\/08\/1-deux-valeurs-dans-les-cellules.png","datePublished":"2023-11-06T00:19:21+00:00","dateModified":"2023-12-10T06:01:17+00:00","description":"Bu e\u011fitimde, Excel&#39;de e\u015fit de\u011fildir operat\u00f6r\u00fcn\u00fc kullanmak i\u00e7in bir form\u00fcl\u00fcn nas\u0131l olu\u015fturulaca\u011f\u0131n\u0131 \u00f6\u011freneceksiniz. Bu operat\u00f6r...","breadcrumb":{"@id":"https:\/\/exceladvisor.org\/tr\/esit-degil\/#breadcrumb"},"inLanguage":"tr","potentialAction":[{"@type":"ReadAction","target":["https:\/\/exceladvisor.org\/tr\/esit-degil\/"]}]},{"@type":"ImageObject","inLanguage":"tr","@id":"https:\/\/exceladvisor.org\/tr\/esit-degil\/#primaryimage","url":"https:\/\/exceladvisor.org\/wp-content\/uploads\/2023\/08\/1-deux-valeurs-dans-les-cellules.png","contentUrl":"https:\/\/exceladvisor.org\/wp-content\/uploads\/2023\/08\/1-deux-valeurs-dans-les-cellules.png"},{"@type":"BreadcrumbList","@id":"https:\/\/exceladvisor.org\/tr\/esit-degil\/#breadcrumb","itemListElement":[{"@type":"ListItem","position":1,"name":"Ev","item":"https:\/\/exceladvisor.org\/tr\/"},{"@type":"ListItem","position":2,"name":"Excel&#39;de e\u015fit de\u011fildir operat\u00f6r\u00fc nas\u0131l kullan\u0131l\u0131r?"}]},{"@type":"WebSite","@id":"https:\/\/exceladvisor.org\/tr\/#website","url":"https:\/\/exceladvisor.org\/tr\/","name":"Excel Advisor","description":"Veri hakimiyetine y\u00f6nelik nihai rehberiniz!","publisher":{"@id":"https:\/\/exceladvisor.org\/tr\/#organization"},"potentialAction":[{"@type":"SearchAction","target":{"@type":"EntryPoint","urlTemplate":"https:\/\/exceladvisor.org\/tr\/?s={search_term_string}"},"query-input":{"@type":"PropertyValueSpecification","valueRequired":true,"valueName":"search_term_string"}}],"inLanguage":"tr"},{"@type":"Organization","@id":"https:\/\/exceladvisor.org\/tr\/#organization","name":"Excel Advisor","url":"https:\/\/exceladvisor.org\/tr\/","logo":{"@type":"ImageObject","inLanguage":"tr","@id":"https:\/\/exceladvisor.org\/tr\/#\/schema\/logo\/image\/","url":"https:\/\/exceladvisor.org\/tr\/wp-content\/uploads\/2023\/12\/exceladvisor.org_.png","contentUrl":"https:\/\/exceladvisor.org\/tr\/wp-content\/uploads\/2023\/12\/exceladvisor.org_.png","width":105,"height":36,"caption":"Excel Advisor"},"image":{"@id":"https:\/\/exceladvisor.org\/tr\/#\/schema\/logo\/image\/"}}]}},"yoast_meta":{"yoast_wpseo_title":"","yoast_wpseo_metadesc":"","yoast_wpseo_canonical":""},"_links":{"self":[{"href":"https:\/\/exceladvisor.org\/tr\/wp-json\/wp\/v2\/pages\/1769","targetHints":{"allow":["GET"]}}],"collection":[{"href":"https:\/\/exceladvisor.org\/tr\/wp-json\/wp\/v2\/pages"}],"about":[{"href":"https:\/\/exceladvisor.org\/tr\/wp-json\/wp\/v2\/types\/page"}],"author":[{"embeddable":true,"href":"https:\/\/exceladvisor.org\/tr\/wp-json\/wp\/v2\/users\/1"}],"replies":[{"embeddable":true,"href":"https:\/\/exceladvisor.org\/tr\/wp-json\/wp\/v2\/comments?post=1769"}],"version-history":[{"count":1,"href":"https:\/\/exceladvisor.org\/tr\/wp-json\/wp\/v2\/pages\/1769\/revisions"}],"predecessor-version":[{"id":2498,"href":"https:\/\/exceladvisor.org\/tr\/wp-json\/wp\/v2\/pages\/1769\/revisions\/2498"}],"wp:attachment":[{"href":"https:\/\/exceladvisor.org\/tr\/wp-json\/wp\/v2\/media?parent=1769"}],"curies":[{"name":"wp","href":"https:\/\/api.w.org\/{rel}","templated":true}]}}