{"id":1770,"date":"2023-11-06T00:02:41","date_gmt":"2023-11-06T00:02:41","guid":{"rendered":"https:\/\/exceladvisor.org\/tr\/iki-sutun-gorunumunu-karsilastir\/"},"modified":"2023-12-10T05:59:24","modified_gmt":"2023-12-10T05:59:24","slug":"iki-sutun-gorunumunu-karsilastir","status":"publish","type":"page","link":"https:\/\/exceladvisor.org\/tr\/iki-sutun-gorunumunu-karsilastir\/","title":{"rendered":"D\u00fc\u015feyara ile iki s\u00fctunu e\u015fle\u015ftirin\/kar\u015f\u0131la\u015ft\u0131r\u0131n"},"content":{"rendered":"<div class=\"excel-icerikten-once\" id=\"excel-1213663935\"><script type=\"text\/javascript\">\r\n\tatOptions = {\r\n\t\t'key' : 'c1158f160081d6540a8409e6925dab94',\r\n\t\t'format' : 'iframe',\r\n\t\t'height' : 250,\r\n\t\t'width' : 300,\r\n\t\t'params' : {}\r\n\t};\r\n<\/script>\r\n<script type=\"text\/javascript\" src=\"\/\/www.highperformanceformat.com\/c1158f160081d6540a8409e6925dab94\/invoke.js\"><\/script><\/div> <p>D\u00dc\u015eEYARA, iki s\u00fctunu e\u015fle\u015ftirmenin ve hangi de\u011ferlerin e\u015fle\u015fti\u011fine ili\u015fkin sonu\u00e7 alman\u0131n en kolay yoludur. A\u015fa\u011f\u0131daki \u00f6rnekte iki isim listemiz var. \u0130lkinde 20 ismimiz var, ikincisinde ise 10 ismimiz var. <\/p><div class=\"wp-block-image\"><figure class=\"aligncenter size-full is-resized\"><img loading=\"lazy\" decoding=\"async\" class=\"wp-image-85920\" src=\"https:\/\/exceladvisor.org\/wp-content\/uploads\/2023\/08\/1-comparer-deux-colonnes-avec-vlookup.png\" sizes=\"auto, \" srcset=\"\" alt=\"iki s\u00fctunu vlookup ile kar\u015f\u0131la\u015ft\u0131r\" width=\"505\" height=\"483\"><\/figure><\/div><p> Art\u0131k D\u00dc\u015eEYARA&#8217;y\u0131 kullanarak iki s\u00fctunu birbiriyle kar\u015f\u0131la\u015ft\u0131rman\u0131z gerekiyor.<\/p><h2 class=\"wp-block-heading\"> Birinci s\u00fctunu ikinci s\u00fctunla kar\u015f\u0131la\u015ft\u0131rma<\/h2><p> A\u015fa\u011f\u0131daki ad\u0131mlar\u0131 izlemeniz gerekir:<\/p><ol type=\"1\"><li> B s\u00fctununda, A s\u00fctununun yan\u0131nda. B2 h\u00fccresine D\u00dc\u015eEYARA yaz\u0131n.<\/li><li> Aranan_de\u011fer&#8217;de A2 h\u00fccresine bak\u0131n.<\/li><li> Tablo_dizisi i\u00e7in D1:D11 aral\u0131\u011f\u0131na bak\u0131n; Aral\u0131\u011f\u0131 dondurmak i\u00e7in dolar i\u015fareti kullanabilirsiniz ($D$1:$D11).<\/li><li> S\u00fctun_index_num&#8217;a 1 yaz\u0131n.<\/li><li> Ve range_index&#8217;e 0 girin ve i\u015flevi kapat\u0131n. <\/li><\/ol><div class=\"wp-block-image\"><figure class=\"aligncenter size-full is-resized\"><img loading=\"lazy\" decoding=\"async\" class=\"wp-image-85921\" src=\"https:\/\/exceladvisor.org\/wp-content\/uploads\/2023\/08\/2-comparer-la-premiere-colonne-avec-la-seconde.png\" sizes=\"auto, \" srcset=\"\" alt=\"birinci s\u00fctunu ikinciyle kar\u015f\u0131la\u015ft\u0131r\" width=\"600\" height=\"415\"><\/figure><\/div><p> \u015eimdi sonucu almak i\u00e7in Enter tu\u015funa bas\u0131n, ard\u0131ndan form\u00fcl\u00fc soyad\u0131na kadar a\u015fa\u011f\u0131 kayd\u0131r\u0131n. G\u00f6rd\u00fc\u011f\u00fcn\u00fcz gibi s\u00fctundaki d\u00f6rt de\u011fer ikinci s\u00fctundaki isimlere kar\u015f\u0131l\u0131k geliyor. <\/p><pre class=\"wp-block-code\"> <code class=\"language-Visual Basic\" lang=\"Visual Basic\">= VLOOKUP(A2,$D$1:$D$11,1,0))<\/code><\/pre><div class=\"wp-block-image\"><figure class=\"aligncenter size-full is-resized\"><img loading=\"lazy\" decoding=\"async\" class=\"wp-image-85922\" src=\"https:\/\/exceladvisor.org\/wp-content\/uploads\/2023\/08\/3-resultat-de-la-comparaison-vlookup.png\" sizes=\"auto, \" srcset=\"\" alt=\"g\u00f6r\u00fcn\u00fcm kar\u015f\u0131la\u015ft\u0131rma sonucu\" width=\"573\" height=\"576\"><\/figure><\/div><p> \u0130kinci s\u00fctunu birinci s\u00fctunla kar\u015f\u0131la\u015ft\u0131rmak isterseniz ayn\u0131 form\u00fcl\u00fc kullanabilirsiniz. <\/p><div class=\"wp-block-image\"><figure class=\"aligncenter size-full is-resized\"><img loading=\"lazy\" decoding=\"async\" class=\"wp-image-85923\" src=\"https:\/\/exceladvisor.org\/wp-content\/uploads\/2023\/08\/4-comparer-la-deuxieme-colonne-avec-la-premiere.png\" sizes=\"auto, \" srcset=\"\" alt=\"ikinci s\u00fctunu birinciyle kar\u015f\u0131la\u015ft\u0131r\" width=\"503\" height=\"556\"><\/figure><\/div><pre class=\"wp-block-code\"> <code class=\"language-excel-formula\" lang=\"excel-formula\">=VLOOKUP(C2,$A$1:$A$21,1,0)<\/code><\/pre><p class=\"alert-box\"> Tablo_dizisindeki dolar i\u015faretini ($) kullanarak aral\u0131\u011f\u0131 dondurman\u0131z gerekir, b\u00f6ylece form\u00fcl\u00fc a\u015fa\u011f\u0131 s\u00fcr\u00fckledi\u011finizde tablo_dizisi de onunla birlikte hareket etmez.<\/p><h2 class=\"wp-block-heading\"> Sonuca anlaml\u0131 bir yan\u0131t al\u0131n<\/h2><p> G\u00f6rd\u00fc\u011f\u00fcn\u00fcz gibi ikinci s\u00fctunda olmayan de\u011ferler i\u00e7in #YOK hatam\u0131z var. \u015eimdi bu hatay\u0131 anlaml\u0131 bir \u015feye d\u00f6n\u00fc\u015ft\u00fcrmek i\u00e7in a\u015fa\u011f\u0131daki form\u00fcl\u00fc kullanabilirsiniz: <\/p><pre class=\"wp-block-code\"> <code class=\"language-excel-formula\" lang=\"excel-formula\">=IF(ISERROR(VLOOKUP(A2,$D$1:$D$11,1,0)),\"Not Available\",\"Available\")<\/code><\/pre><div class=\"wp-block-image\"><figure class=\"aligncenter size-full is-resized\"><img loading=\"lazy\" decoding=\"async\" class=\"wp-image-85924\" src=\"https:\/\/exceladvisor.org\/wp-content\/uploads\/2023\/08\/5-geler-la-plage.png\" sizes=\"auto, \" srcset=\"\" alt=\"donma aral\u0131\u011f\u0131\" width=\"638\" height=\"464\"><\/figure><\/div><p> Bu form\u00fcl, hatay\u0131 denetlemek i\u00e7in ISERROR&#8217;\u0131 ve ard\u0131ndan IF&#8217;yi kullan\u0131r. E\u011fer hata varsa belirtti\u011finiz de\u011feri d\u00f6nd\u00fcr\u00fcr; aksi takdirde belirledi\u011finiz ba\u015fka bir de\u011fer.<\/p><p> <a href=\"https:\/\/exceladvisor.org\/wp-content\/uploads\/2023\/08\/faire-correspondre-les-colonnes.xlsx\">\u0130ndirmek<\/a><\/p>","protected":false},"excerpt":{"rendered":"","protected":false},"author":1,"featured_media":0,"parent":0,"menu_order":0,"comment_status":"open","ping_status":"closed","template":"","meta":{"ub_ctt_via":"","footnotes":""},"class_list":["post-1770","page","type-page","status-publish","hentry"],"featured_image_src":null,"yoast_head":"<!-- This site is optimized with the Yoast SEO plugin v25.4 - https:\/\/yoast.com\/wordpress\/plugins\/seo\/ -->\n<title>D\u00dc\u015eEYARA ile iki s\u00fctunu e\u015fle\u015ftirin\/kar\u015f\u0131la\u015ft\u0131r\u0131n<\/title>\n<meta name=\"description\" content=\"Bu e\u011fitimde, iki s\u00fctunu birlikte kar\u015f\u0131la\u015ft\u0131rmak veya e\u015fle\u015ftirmek i\u00e7in D\u00dc\u015eEYARA&#039;y\u0131 kullanmak \u00fczere bir Excel form\u00fcl\u00fcn\u00fcn nas\u0131l yaz\u0131laca\u011f\u0131 \u00f6\u011fretilecektir.\" \/>\n<meta name=\"robots\" content=\"index, follow, max-snippet:-1, max-image-preview:large, max-video-preview:-1\" \/>\n<link rel=\"canonical\" href=\"https:\/\/exceladvisor.org\/tr\/iki-sutun-gorunumunu-karsilastir\/\" \/>\n<meta property=\"og:locale\" content=\"tr_TR\" \/>\n<meta property=\"og:type\" content=\"article\" \/>\n<meta property=\"og:title\" content=\"D\u00dc\u015eEYARA ile iki s\u00fctunu e\u015fle\u015ftirin\/kar\u015f\u0131la\u015ft\u0131r\u0131n\" \/>\n<meta property=\"og:description\" content=\"Bu e\u011fitimde, iki s\u00fctunu birlikte kar\u015f\u0131la\u015ft\u0131rmak veya e\u015fle\u015ftirmek i\u00e7in D\u00dc\u015eEYARA&#039;y\u0131 kullanmak \u00fczere bir Excel form\u00fcl\u00fcn\u00fcn nas\u0131l yaz\u0131laca\u011f\u0131 \u00f6\u011fretilecektir.\" \/>\n<meta property=\"og:url\" content=\"https:\/\/exceladvisor.org\/tr\/iki-sutun-gorunumunu-karsilastir\/\" \/>\n<meta property=\"og:site_name\" content=\"Excel Advisor\" \/>\n<meta property=\"article:modified_time\" content=\"2023-12-10T05:59:24+00:00\" \/>\n<meta property=\"og:image\" content=\"https:\/\/exceladvisor.org\/wp-content\/uploads\/2023\/08\/1-comparer-deux-colonnes-avec-vlookup.png\" \/>\n<meta name=\"twitter:card\" content=\"summary_large_image\" \/>\n<meta name=\"twitter:label1\" content=\"Tahmini okuma s\u00fcresi\" \/>\n\t<meta name=\"twitter:data1\" content=\"2 dakika\" \/>\n<script type=\"application\/ld+json\" class=\"yoast-schema-graph\">{\"@context\":\"https:\/\/schema.org\",\"@graph\":[{\"@type\":\"WebPage\",\"@id\":\"https:\/\/exceladvisor.org\/tr\/iki-sutun-gorunumunu-karsilastir\/\",\"url\":\"https:\/\/exceladvisor.org\/tr\/iki-sutun-gorunumunu-karsilastir\/\",\"name\":\"D\u00dc\u015eEYARA ile iki s\u00fctunu e\u015fle\u015ftirin\/kar\u015f\u0131la\u015ft\u0131r\u0131n\",\"isPartOf\":{\"@id\":\"https:\/\/exceladvisor.org\/tr\/#website\"},\"primaryImageOfPage\":{\"@id\":\"https:\/\/exceladvisor.org\/tr\/iki-sutun-gorunumunu-karsilastir\/#primaryimage\"},\"image\":{\"@id\":\"https:\/\/exceladvisor.org\/tr\/iki-sutun-gorunumunu-karsilastir\/#primaryimage\"},\"thumbnailUrl\":\"https:\/\/exceladvisor.org\/wp-content\/uploads\/2023\/08\/1-comparer-deux-colonnes-avec-vlookup.png\",\"datePublished\":\"2023-11-06T00:02:41+00:00\",\"dateModified\":\"2023-12-10T05:59:24+00:00\",\"description\":\"Bu e\u011fitimde, iki s\u00fctunu birlikte kar\u015f\u0131la\u015ft\u0131rmak veya e\u015fle\u015ftirmek i\u00e7in D\u00dc\u015eEYARA&#39;y\u0131 kullanmak \u00fczere bir Excel form\u00fcl\u00fcn\u00fcn nas\u0131l yaz\u0131laca\u011f\u0131 \u00f6\u011fretilecektir.\",\"breadcrumb\":{\"@id\":\"https:\/\/exceladvisor.org\/tr\/iki-sutun-gorunumunu-karsilastir\/#breadcrumb\"},\"inLanguage\":\"tr\",\"potentialAction\":[{\"@type\":\"ReadAction\",\"target\":[\"https:\/\/exceladvisor.org\/tr\/iki-sutun-gorunumunu-karsilastir\/\"]}]},{\"@type\":\"ImageObject\",\"inLanguage\":\"tr\",\"@id\":\"https:\/\/exceladvisor.org\/tr\/iki-sutun-gorunumunu-karsilastir\/#primaryimage\",\"url\":\"https:\/\/exceladvisor.org\/wp-content\/uploads\/2023\/08\/1-comparer-deux-colonnes-avec-vlookup.png\",\"contentUrl\":\"https:\/\/exceladvisor.org\/wp-content\/uploads\/2023\/08\/1-comparer-deux-colonnes-avec-vlookup.png\"},{\"@type\":\"BreadcrumbList\",\"@id\":\"https:\/\/exceladvisor.org\/tr\/iki-sutun-gorunumunu-karsilastir\/#breadcrumb\",\"itemListElement\":[{\"@type\":\"ListItem\",\"position\":1,\"name\":\"Ev\",\"item\":\"https:\/\/exceladvisor.org\/tr\/\"},{\"@type\":\"ListItem\",\"position\":2,\"name\":\"D\u00fc\u015feyara ile iki s\u00fctunu e\u015fle\u015ftirin\/kar\u015f\u0131la\u015ft\u0131r\u0131n\"}]},{\"@type\":\"WebSite\",\"@id\":\"https:\/\/exceladvisor.org\/tr\/#website\",\"url\":\"https:\/\/exceladvisor.org\/tr\/\",\"name\":\"Excel Advisor\",\"description\":\"Veri hakimiyetine y\u00f6nelik nihai rehberiniz!\",\"publisher\":{\"@id\":\"https:\/\/exceladvisor.org\/tr\/#organization\"},\"potentialAction\":[{\"@type\":\"SearchAction\",\"target\":{\"@type\":\"EntryPoint\",\"urlTemplate\":\"https:\/\/exceladvisor.org\/tr\/?s={search_term_string}\"},\"query-input\":{\"@type\":\"PropertyValueSpecification\",\"valueRequired\":true,\"valueName\":\"search_term_string\"}}],\"inLanguage\":\"tr\"},{\"@type\":\"Organization\",\"@id\":\"https:\/\/exceladvisor.org\/tr\/#organization\",\"name\":\"Excel Advisor\",\"url\":\"https:\/\/exceladvisor.org\/tr\/\",\"logo\":{\"@type\":\"ImageObject\",\"inLanguage\":\"tr\",\"@id\":\"https:\/\/exceladvisor.org\/tr\/#\/schema\/logo\/image\/\",\"url\":\"https:\/\/exceladvisor.org\/tr\/wp-content\/uploads\/2023\/12\/exceladvisor.org_.png\",\"contentUrl\":\"https:\/\/exceladvisor.org\/tr\/wp-content\/uploads\/2023\/12\/exceladvisor.org_.png\",\"width\":105,\"height\":36,\"caption\":\"Excel Advisor\"},\"image\":{\"@id\":\"https:\/\/exceladvisor.org\/tr\/#\/schema\/logo\/image\/\"}}]}<\/script>\n<!-- \/ Yoast SEO plugin. -->","yoast_head_json":{"title":"D\u00dc\u015eEYARA ile iki s\u00fctunu e\u015fle\u015ftirin\/kar\u015f\u0131la\u015ft\u0131r\u0131n","description":"Bu e\u011fitimde, iki s\u00fctunu birlikte kar\u015f\u0131la\u015ft\u0131rmak veya e\u015fle\u015ftirmek i\u00e7in D\u00dc\u015eEYARA&#39;y\u0131 kullanmak \u00fczere bir Excel form\u00fcl\u00fcn\u00fcn nas\u0131l yaz\u0131laca\u011f\u0131 \u00f6\u011fretilecektir.","robots":{"index":"index","follow":"follow","max-snippet":"max-snippet:-1","max-image-preview":"max-image-preview:large","max-video-preview":"max-video-preview:-1"},"canonical":"https:\/\/exceladvisor.org\/tr\/iki-sutun-gorunumunu-karsilastir\/","og_locale":"tr_TR","og_type":"article","og_title":"D\u00dc\u015eEYARA ile iki s\u00fctunu e\u015fle\u015ftirin\/kar\u015f\u0131la\u015ft\u0131r\u0131n","og_description":"Bu e\u011fitimde, iki s\u00fctunu birlikte kar\u015f\u0131la\u015ft\u0131rmak veya e\u015fle\u015ftirmek i\u00e7in D\u00dc\u015eEYARA&#39;y\u0131 kullanmak \u00fczere bir Excel form\u00fcl\u00fcn\u00fcn nas\u0131l yaz\u0131laca\u011f\u0131 \u00f6\u011fretilecektir.","og_url":"https:\/\/exceladvisor.org\/tr\/iki-sutun-gorunumunu-karsilastir\/","og_site_name":"Excel Advisor","article_modified_time":"2023-12-10T05:59:24+00:00","og_image":[{"url":"https:\/\/exceladvisor.org\/wp-content\/uploads\/2023\/08\/1-comparer-deux-colonnes-avec-vlookup.png","type":"","width":"","height":""}],"twitter_card":"summary_large_image","twitter_misc":{"Tahmini okuma s\u00fcresi":"2 dakika"},"schema":{"@context":"https:\/\/schema.org","@graph":[{"@type":"WebPage","@id":"https:\/\/exceladvisor.org\/tr\/iki-sutun-gorunumunu-karsilastir\/","url":"https:\/\/exceladvisor.org\/tr\/iki-sutun-gorunumunu-karsilastir\/","name":"D\u00dc\u015eEYARA ile iki s\u00fctunu e\u015fle\u015ftirin\/kar\u015f\u0131la\u015ft\u0131r\u0131n","isPartOf":{"@id":"https:\/\/exceladvisor.org\/tr\/#website"},"primaryImageOfPage":{"@id":"https:\/\/exceladvisor.org\/tr\/iki-sutun-gorunumunu-karsilastir\/#primaryimage"},"image":{"@id":"https:\/\/exceladvisor.org\/tr\/iki-sutun-gorunumunu-karsilastir\/#primaryimage"},"thumbnailUrl":"https:\/\/exceladvisor.org\/wp-content\/uploads\/2023\/08\/1-comparer-deux-colonnes-avec-vlookup.png","datePublished":"2023-11-06T00:02:41+00:00","dateModified":"2023-12-10T05:59:24+00:00","description":"Bu e\u011fitimde, iki s\u00fctunu birlikte kar\u015f\u0131la\u015ft\u0131rmak veya e\u015fle\u015ftirmek i\u00e7in D\u00dc\u015eEYARA&#39;y\u0131 kullanmak \u00fczere bir Excel form\u00fcl\u00fcn\u00fcn nas\u0131l yaz\u0131laca\u011f\u0131 \u00f6\u011fretilecektir.","breadcrumb":{"@id":"https:\/\/exceladvisor.org\/tr\/iki-sutun-gorunumunu-karsilastir\/#breadcrumb"},"inLanguage":"tr","potentialAction":[{"@type":"ReadAction","target":["https:\/\/exceladvisor.org\/tr\/iki-sutun-gorunumunu-karsilastir\/"]}]},{"@type":"ImageObject","inLanguage":"tr","@id":"https:\/\/exceladvisor.org\/tr\/iki-sutun-gorunumunu-karsilastir\/#primaryimage","url":"https:\/\/exceladvisor.org\/wp-content\/uploads\/2023\/08\/1-comparer-deux-colonnes-avec-vlookup.png","contentUrl":"https:\/\/exceladvisor.org\/wp-content\/uploads\/2023\/08\/1-comparer-deux-colonnes-avec-vlookup.png"},{"@type":"BreadcrumbList","@id":"https:\/\/exceladvisor.org\/tr\/iki-sutun-gorunumunu-karsilastir\/#breadcrumb","itemListElement":[{"@type":"ListItem","position":1,"name":"Ev","item":"https:\/\/exceladvisor.org\/tr\/"},{"@type":"ListItem","position":2,"name":"D\u00fc\u015feyara ile iki s\u00fctunu e\u015fle\u015ftirin\/kar\u015f\u0131la\u015ft\u0131r\u0131n"}]},{"@type":"WebSite","@id":"https:\/\/exceladvisor.org\/tr\/#website","url":"https:\/\/exceladvisor.org\/tr\/","name":"Excel Advisor","description":"Veri hakimiyetine y\u00f6nelik nihai rehberiniz!","publisher":{"@id":"https:\/\/exceladvisor.org\/tr\/#organization"},"potentialAction":[{"@type":"SearchAction","target":{"@type":"EntryPoint","urlTemplate":"https:\/\/exceladvisor.org\/tr\/?s={search_term_string}"},"query-input":{"@type":"PropertyValueSpecification","valueRequired":true,"valueName":"search_term_string"}}],"inLanguage":"tr"},{"@type":"Organization","@id":"https:\/\/exceladvisor.org\/tr\/#organization","name":"Excel Advisor","url":"https:\/\/exceladvisor.org\/tr\/","logo":{"@type":"ImageObject","inLanguage":"tr","@id":"https:\/\/exceladvisor.org\/tr\/#\/schema\/logo\/image\/","url":"https:\/\/exceladvisor.org\/tr\/wp-content\/uploads\/2023\/12\/exceladvisor.org_.png","contentUrl":"https:\/\/exceladvisor.org\/tr\/wp-content\/uploads\/2023\/12\/exceladvisor.org_.png","width":105,"height":36,"caption":"Excel Advisor"},"image":{"@id":"https:\/\/exceladvisor.org\/tr\/#\/schema\/logo\/image\/"}}]}},"yoast_meta":{"yoast_wpseo_title":"","yoast_wpseo_metadesc":"","yoast_wpseo_canonical":""},"_links":{"self":[{"href":"https:\/\/exceladvisor.org\/tr\/wp-json\/wp\/v2\/pages\/1770","targetHints":{"allow":["GET"]}}],"collection":[{"href":"https:\/\/exceladvisor.org\/tr\/wp-json\/wp\/v2\/pages"}],"about":[{"href":"https:\/\/exceladvisor.org\/tr\/wp-json\/wp\/v2\/types\/page"}],"author":[{"embeddable":true,"href":"https:\/\/exceladvisor.org\/tr\/wp-json\/wp\/v2\/users\/1"}],"replies":[{"embeddable":true,"href":"https:\/\/exceladvisor.org\/tr\/wp-json\/wp\/v2\/comments?post=1770"}],"version-history":[{"count":1,"href":"https:\/\/exceladvisor.org\/tr\/wp-json\/wp\/v2\/pages\/1770\/revisions"}],"predecessor-version":[{"id":2320,"href":"https:\/\/exceladvisor.org\/tr\/wp-json\/wp\/v2\/pages\/1770\/revisions\/2320"}],"wp:attachment":[{"href":"https:\/\/exceladvisor.org\/tr\/wp-json\/wp\/v2\/media?parent=1770"}],"curies":[{"name":"wp","href":"https:\/\/api.w.org\/{rel}","templated":true}]}}