{"id":1771,"date":"2023-11-05T18:40:28","date_gmt":"2023-11-05T18:40:28","guid":{"rendered":"https:\/\/exceladvisor.org\/tr\/tum-sutun\/"},"modified":"2023-12-10T06:00:47","modified_gmt":"2023-12-10T06:00:47","slug":"tum-sutun","status":"publish","type":"page","link":"https:\/\/exceladvisor.org\/tr\/tum-sutun\/","title":{"rendered":"Excel&#39;de bir s\u00fctunun ko\u015fullu bi\u00e7imlendirilmesi"},"content":{"rendered":"<div class=\"excel-icerikten-once\" id=\"excel-4272630986\"><script type=\"text\/javascript\">\r\n\tatOptions = {\r\n\t\t'key' : 'c1158f160081d6540a8409e6925dab94',\r\n\t\t'format' : 'iframe',\r\n\t\t'height' : 250,\r\n\t\t'width' : 300,\r\n\t\t'params' : {}\r\n\t};\r\n<\/script>\r\n<script type=\"text\/javascript\" src=\"\/\/www.highperformanceformat.com\/c1158f160081d6540a8409e6925dab94\/invoke.js\"><\/script><\/div> <p>Ko\u015fullu bi\u00e7imlendirmeyi bir s\u00fctunun tamam\u0131na uygulamak istiyorsan\u0131z, uygulanacak ko\u015fullu bi\u00e7imlendirme se\u00e7ene\u011fini a\u00e7madan \u00f6nce s\u00fctunun veya sat\u0131r\u0131n tamam\u0131n\u0131 se\u00e7in. Bu e\u011fitimde bunu yapman\u0131n h\u0131zl\u0131 bir yolunu ele alaca\u011f\u0131z. Ba\u015flayal\u0131m.<\/p><p> A\u015fa\u011f\u0131daki \u00f6rnekte, A s\u00fctununda bir miktar var ve A s\u00fctununun tamam\u0131na 1500&#8217;den b\u00fcy\u00fck t\u00fcm say\u0131lar\u0131 vurgulayan ko\u015fullu bi\u00e7imlendirme uygulaman\u0131z gerekiyor. <\/p><div class=\"wp-block-image\"><figure class=\"aligncenter size-full is-resized\"><img loading=\"lazy\" decoding=\"async\" class=\"wp-image-90539\" src=\"https:\/\/exceladvisor.org\/wp-content\/uploads\/2023\/08\/1-mise-en-forme-conditionnelle-a-une-colonne-entiere.png\" sizes=\"auto, \" srcset=\"\" alt=\"bir s\u00fctunun tamam\u0131 i\u00e7in-ko\u015fullu-bi\u00e7imlendirme\" width=\"423\" height=\"286\"><\/figure><\/div><h2 class=\"wp-block-heading\"> Ko\u015fullu bi\u00e7imlendirmeyi bir s\u00fctunun tamam\u0131na uygulama ad\u0131mlar\u0131<\/h2><ol><li> \u00d6ncelikle klavye k\u0131sayolunu (Ctrl + Space) kullanarak s\u00fctunun tamam\u0131n\u0131 se\u00e7in veya s\u00fctun ba\u015fl\u0131\u011f\u0131na t\u0131klay\u0131n. <br><img loading=\"lazy\" decoding=\"async\" title=\"2-t\u00fcm s\u00fctunu se\u00e7\" src=\"https:\/\/exceladvisor.org\/wp-content\/uploads\/2023\/08\/2-selectionner-toute-la-colonne.png\" sizes=\"auto, \" srcset=\"\" alt=\"2-select-the-entire-column\" width=\"451\" height=\"304\"><\/li><li> Daha sonra Giri\u015f sekmesi &gt; Ko\u015fullu Bi\u00e7imlendirme &gt; H\u00fccre Vurgulama Kural\u0131 &gt; B\u00fcy\u00fckt\u00fcr&#8217;e gidin. <br><img loading=\"lazy\" decoding=\"async\" title=\"kural 3'te vurgulanan \u015fu de\u011ferden b\u00fcy\u00fck h\u00fccreler\" src=\"https:\/\/exceladvisor.org\/wp-content\/uploads\/2023\/08\/3-cellules-en-surbrillance-regle-superieure-a.png\" sizes=\"auto, \" srcset=\"\" alt=\"3-highlight-cells-rule-greater-than\" width=\"565\" height=\"285\"><\/li><li> \u015eimdi, b\u00fcy\u00fckt\u00fcr ileti\u015fim kutusunda, &#8220;H\u00fccreleri b\u00fcy\u00fck olarak bi\u00e7imlendir&#8221; giri\u015f kutusuna 1500 girin ve de\u011feri 1500&#8217;den b\u00fcy\u00fck olan h\u00fccrelere uygulamak istedi\u011finiz bi\u00e7imi se\u00e7in. <br><img loading=\"lazy\" decoding=\"async\" title=\"4-kutudaki de\u011ferden b\u00fcy\u00fck olan\u0131 girin\" src=\"https:\/\/exceladvisor.org\/wp-content\/uploads\/2023\/08\/4-entrez-superieur-a-la-valeur-dans-la-case.png\" sizes=\"auto, \" srcset=\"\" alt=\"4-enter-greater-than-value-in-box\" width=\"530\" height=\"255\"><\/li><li> Son olarak, bi\u00e7imlendirmeyi s\u00fctunun tamam\u0131na uygulamak i\u00e7in Tamam&#8217;\u0131 t\u0131klay\u0131n. <br><img loading=\"lazy\" decoding=\"async\" title=\"5-bi\u00e7imlendirmeyi-t\u00fcm-s\u00fctuna-uygula\" src=\"https:\/\/exceladvisor.org\/wp-content\/uploads\/2023\/08\/5-appliquer-le-formatage-a-toute-la-colonne.png\" sizes=\"auto, \" srcset=\"\" alt=\"5-apply-formatting-to-entire-column\" width=\"452\" height=\"305\"><\/li><\/ol><p> Art\u0131k burada ko\u015fullu bi\u00e7imlendirme t\u00fcm s\u00fctuna uygulan\u0131yor ve sonuna yeni bir de\u011fer girdi\u011finizde, de\u011ferin 1500&#8217;den b\u00fcy\u00fck olup olmad\u0131\u011f\u0131 da kontrol ediliyor. <\/p><div class=\"wp-block-image\"><figure class=\"aligncenter size-full is-resized\"><img loading=\"lazy\" decoding=\"async\" class=\"wp-image-90544\" src=\"https:\/\/exceladvisor.org\/wp-content\/uploads\/2023\/08\/6-formatage-conditionnel-applique-a-toute-la-colonne.png\" sizes=\"auto, \" srcset=\"\" alt=\"s\u00fctunun tamam\u0131na ko\u015fullu bi\u00e7imlendirme uyguland\u0131\" width=\"308\" height=\"227\"><\/figure><\/div><h2 class=\"wp-block-heading\"> S\u00fctunun tamam\u0131 yerine tablo kullanmak<\/h2><p> Bir s\u00fctunun tamam\u0131na ko\u015fullu bi\u00e7imlendirme uygulad\u0131\u011f\u0131n\u0131zda sorun olmuyor ancak Excel tablosu kullan\u0131yorsan\u0131z (uygulamak i\u00e7in Ctrl + T) dinamik hale getirebilirsiniz. Yeni bir de\u011fer girdi\u011finizde ko\u015fullu bi\u00e7imlendirme geni\u015fletilecektir. <\/p><div class=\"wp-block-image\"><figure class=\"aligncenter size-full is-resized\"><img loading=\"lazy\" decoding=\"async\" class=\"wp-image-90545\" src=\"https:\/\/exceladvisor.org\/wp-content\/uploads\/2023\/08\/7-utiliser-le-tableau-au-lieu-de-la-colonne-entiere.png\" sizes=\"auto, \" srcset=\"\" alt=\"s\u00fctunun tamam\u0131 yerine tabloyu kullan\" width=\"588\" height=\"444\"><\/figure><\/div><p> Yukar\u0131daki \u00f6rnekte ko\u015fullu bi\u00e7imlendirme yaln\u0131zca A1:A100 aral\u0131\u011f\u0131na uygulan\u0131r. Ancak veri aral\u0131\u011f\u0131n\u0131 geni\u015fletmek i\u00e7in yeni bir de\u011fer girdi\u011finizde Excel tablosunu verilere uygulad\u0131\u011f\u0131m\u0131z i\u00e7in bu, ko\u015fullu bi\u00e7imlendirmeyi de geni\u015fletir. <\/p><div class=\"wp-block-image\"><figure class=\"aligncenter size-full is-resized\"><img loading=\"lazy\" decoding=\"async\" class=\"wp-image-90546\" src=\"https:\/\/exceladvisor.org\/wp-content\/uploads\/2023\/08\/8-formatage-sapplique-a-la-plage-etendue.png\" sizes=\"auto, \" srcset=\"\" alt=\"bi\u00e7imlendirme-geni\u015fletilmi\u015f-aral\u0131\u011fa-uygulan\u0131r\" width=\"300\" height=\"295\"><\/figure><\/div><p> Her iki y\u00f6ntem de \u00e7ok iyi \u00e7al\u0131\u015f\u0131yor; ihtiya\u00e7lar\u0131n\u0131za uygun olan\u0131 se\u00e7ebilirsiniz.<\/p><h2 class=\"wp-block-heading\"> Sat\u0131r\u0131n tamam\u0131na ko\u015fullu bi\u00e7imlendirme uygulama<\/h2><p> E\u011fer sat\u0131r\u0131n tamam\u0131na ko\u015fullu bi\u00e7imlendirme uygulamak istiyorsan\u0131z yukar\u0131daki \u00f6rnekte uygulad\u0131\u011f\u0131m\u0131z ad\u0131mlar\u0131n ayn\u0131s\u0131n\u0131 takip edebilirsiniz.<\/p><p> T\u00fcm ad\u0131mlar ayn\u0131d\u0131r; \u00f6nce sat\u0131r\u0131n tamam\u0131n\u0131 se\u00e7meniz ve ard\u0131ndan ona ko\u015fullu bi\u00e7imlendirme uygulaman\u0131z gerekir. Bir sat\u0131r\u0131n tamam\u0131n\u0131 se\u00e7mek i\u00e7in sat\u0131r ba\u015fl\u0131\u011f\u0131n\u0131 t\u0131klay\u0131n veya Shift + Space klavye k\u0131sayolunu kullan\u0131n. <\/p><div class=\"gb-container gb-container-52dfcee1 gb-container-sample-file\"><h2 class=\"gb-headline gb-headline-e289c143 gb-headline-text gb-headline-4f7959c2\"> Excel dosyas\u0131n\u0131 al\u0131n<\/h2> <a class=\"gb-button gb-button-e88d6bee gb-button-text gb-button-button1\" href=\"https:\/\/exceladvisor.org\/wp-content\/uploads\/2023\/11\/mise-en-forme-conditionnelle-de-toute-la-colonne.xlsx\" rel=\"nofollow\">\u0130ndirmek<\/a><\/div><div class=\"gb-container gb-container-6076ba72 gb-container-mt\"> <a class=\"gb-button gb-button-76e6a499 gb-button-text gb-button-mt-button\" href=\"https:\/\/exceladvisor.org\/tr\/excelin-temelleri\/\">Excel&#8217;in temellerini \u00f6\u011frenin<\/a><h2 class=\"gb-headline gb-headline-a9e9e206 gb-headline-text gb-headline-mt-heading\"> <a href=\"https:\/\/exceladvisor.org\/tr\/kosullu-bicimlendirme\/\">Ko\u015fullu bi\u00e7imlendirme<\/a> hakk\u0131nda daha fazla bilgi edinin <\/h2><div class=\"gb-grid-wrapper gb-grid-wrapper-790317cb gb-grid-wrapper-mt-grid\"><div class=\"gb-grid-column gb-grid-column-a9845ede\"><div class=\"gb-container gb-container-a9845ede\"><ul><li> <a href=\"https:\/\/exceladvisor.org\/tr\/kosullu-bicimlendirmeyi-uygula\/\">Pivot tabloya ko\u015fullu bi\u00e7imlendirme uygulama<\/a><\/li><li> <a href=\"https:\/\/exceladvisor.org\/tr\/geri-cekilmek\/\">Ko\u015fullu Bi\u00e7imlendirmeyi Kald\u0131r<\/a><\/li><li> <a href=\"https:\/\/exceladvisor.org\/tr\/bos-hucreler\/\">Excel&#8217;de Bo\u015f H\u00fccrelere Ko\u015fullu Bi\u00e7imlendirme Uygulay\u0131n<\/a><\/li><li> <a href=\"https:\/\/exceladvisor.org\/tr\/sutunlari-karsilastir\/\">Ko\u015fullu bi\u00e7imlendirmeyi kullanarak iki s\u00fctunu kar\u015f\u0131la\u015ft\u0131rma<\/a><\/li><li> <a href=\"https:\/\/exceladvisor.org\/tr\/baska-bir-hucre\/\">Ba\u015fka bir h\u00fccreye dayal\u0131 ko\u015fullu bi\u00e7imlendirme uygulama<\/a><\/li><\/ul><\/div><\/div><\/div><\/div>","protected":false},"excerpt":{"rendered":"","protected":false},"author":1,"featured_media":0,"parent":0,"menu_order":0,"comment_status":"open","ping_status":"closed","template":"","meta":{"ub_ctt_via":"","footnotes":""},"class_list":["post-1771","page","type-page","status-publish","hentry"],"featured_image_src":null,"yoast_head":"<!-- This site is optimized with the Yoast SEO plugin v25.4 - https:\/\/yoast.com\/wordpress\/plugins\/seo\/ -->\n<title>Excel&#039;de bir s\u00fctunun tamam\u0131n\u0131n ko\u015fullu bi\u00e7imlendirmesi<\/title>\n<meta name=\"description\" content=\"Bu e\u011fitim, ko\u015fullu bi\u00e7imlendirmeyi bir s\u00fctunun tamam\u0131na ayn\u0131 anda uygulaman\u0131za yard\u0131mc\u0131 olur. Bunu kontrol edelim...\" \/>\n<meta name=\"robots\" content=\"index, follow, max-snippet:-1, max-image-preview:large, max-video-preview:-1\" \/>\n<link rel=\"canonical\" href=\"https:\/\/exceladvisor.org\/tr\/tum-sutun\/\" \/>\n<meta property=\"og:locale\" content=\"tr_TR\" \/>\n<meta property=\"og:type\" content=\"article\" \/>\n<meta property=\"og:title\" content=\"Excel&#039;de bir s\u00fctunun tamam\u0131n\u0131n ko\u015fullu bi\u00e7imlendirmesi\" \/>\n<meta property=\"og:description\" content=\"Bu e\u011fitim, ko\u015fullu bi\u00e7imlendirmeyi bir s\u00fctunun tamam\u0131na ayn\u0131 anda uygulaman\u0131za yard\u0131mc\u0131 olur. Bunu kontrol edelim...\" \/>\n<meta property=\"og:url\" content=\"https:\/\/exceladvisor.org\/tr\/tum-sutun\/\" \/>\n<meta property=\"og:site_name\" content=\"Excel Advisor\" \/>\n<meta property=\"article:modified_time\" content=\"2023-12-10T06:00:47+00:00\" \/>\n<meta property=\"og:image\" content=\"https:\/\/exceladvisor.org\/wp-content\/uploads\/2023\/08\/1-mise-en-forme-conditionnelle-a-une-colonne-entiere.png\" \/>\n<meta name=\"twitter:card\" content=\"summary_large_image\" \/>\n<meta name=\"twitter:label1\" content=\"Tahmini okuma s\u00fcresi\" \/>\n\t<meta name=\"twitter:data1\" content=\"2 dakika\" \/>\n<script type=\"application\/ld+json\" class=\"yoast-schema-graph\">{\"@context\":\"https:\/\/schema.org\",\"@graph\":[{\"@type\":\"WebPage\",\"@id\":\"https:\/\/exceladvisor.org\/tr\/tum-sutun\/\",\"url\":\"https:\/\/exceladvisor.org\/tr\/tum-sutun\/\",\"name\":\"Excel&#39;de bir s\u00fctunun tamam\u0131n\u0131n ko\u015fullu bi\u00e7imlendirmesi\",\"isPartOf\":{\"@id\":\"https:\/\/exceladvisor.org\/tr\/#website\"},\"primaryImageOfPage\":{\"@id\":\"https:\/\/exceladvisor.org\/tr\/tum-sutun\/#primaryimage\"},\"image\":{\"@id\":\"https:\/\/exceladvisor.org\/tr\/tum-sutun\/#primaryimage\"},\"thumbnailUrl\":\"https:\/\/exceladvisor.org\/wp-content\/uploads\/2023\/08\/1-mise-en-forme-conditionnelle-a-une-colonne-entiere.png\",\"datePublished\":\"2023-11-05T18:40:28+00:00\",\"dateModified\":\"2023-12-10T06:00:47+00:00\",\"description\":\"Bu e\u011fitim, ko\u015fullu bi\u00e7imlendirmeyi bir s\u00fctunun tamam\u0131na ayn\u0131 anda uygulaman\u0131za yard\u0131mc\u0131 olur. Bunu kontrol edelim...\",\"breadcrumb\":{\"@id\":\"https:\/\/exceladvisor.org\/tr\/tum-sutun\/#breadcrumb\"},\"inLanguage\":\"tr\",\"potentialAction\":[{\"@type\":\"ReadAction\",\"target\":[\"https:\/\/exceladvisor.org\/tr\/tum-sutun\/\"]}]},{\"@type\":\"ImageObject\",\"inLanguage\":\"tr\",\"@id\":\"https:\/\/exceladvisor.org\/tr\/tum-sutun\/#primaryimage\",\"url\":\"https:\/\/exceladvisor.org\/wp-content\/uploads\/2023\/08\/1-mise-en-forme-conditionnelle-a-une-colonne-entiere.png\",\"contentUrl\":\"https:\/\/exceladvisor.org\/wp-content\/uploads\/2023\/08\/1-mise-en-forme-conditionnelle-a-une-colonne-entiere.png\"},{\"@type\":\"BreadcrumbList\",\"@id\":\"https:\/\/exceladvisor.org\/tr\/tum-sutun\/#breadcrumb\",\"itemListElement\":[{\"@type\":\"ListItem\",\"position\":1,\"name\":\"Ev\",\"item\":\"https:\/\/exceladvisor.org\/tr\/\"},{\"@type\":\"ListItem\",\"position\":2,\"name\":\"Excel&#39;de bir s\u00fctunun ko\u015fullu bi\u00e7imlendirilmesi\"}]},{\"@type\":\"WebSite\",\"@id\":\"https:\/\/exceladvisor.org\/tr\/#website\",\"url\":\"https:\/\/exceladvisor.org\/tr\/\",\"name\":\"Excel Advisor\",\"description\":\"Veri hakimiyetine y\u00f6nelik nihai rehberiniz!\",\"publisher\":{\"@id\":\"https:\/\/exceladvisor.org\/tr\/#organization\"},\"potentialAction\":[{\"@type\":\"SearchAction\",\"target\":{\"@type\":\"EntryPoint\",\"urlTemplate\":\"https:\/\/exceladvisor.org\/tr\/?s={search_term_string}\"},\"query-input\":{\"@type\":\"PropertyValueSpecification\",\"valueRequired\":true,\"valueName\":\"search_term_string\"}}],\"inLanguage\":\"tr\"},{\"@type\":\"Organization\",\"@id\":\"https:\/\/exceladvisor.org\/tr\/#organization\",\"name\":\"Excel Advisor\",\"url\":\"https:\/\/exceladvisor.org\/tr\/\",\"logo\":{\"@type\":\"ImageObject\",\"inLanguage\":\"tr\",\"@id\":\"https:\/\/exceladvisor.org\/tr\/#\/schema\/logo\/image\/\",\"url\":\"https:\/\/exceladvisor.org\/tr\/wp-content\/uploads\/2023\/12\/exceladvisor.org_.png\",\"contentUrl\":\"https:\/\/exceladvisor.org\/tr\/wp-content\/uploads\/2023\/12\/exceladvisor.org_.png\",\"width\":105,\"height\":36,\"caption\":\"Excel Advisor\"},\"image\":{\"@id\":\"https:\/\/exceladvisor.org\/tr\/#\/schema\/logo\/image\/\"}}]}<\/script>\n<!-- \/ Yoast SEO plugin. -->","yoast_head_json":{"title":"Excel&#39;de bir s\u00fctunun tamam\u0131n\u0131n ko\u015fullu bi\u00e7imlendirmesi","description":"Bu e\u011fitim, ko\u015fullu bi\u00e7imlendirmeyi bir s\u00fctunun tamam\u0131na ayn\u0131 anda uygulaman\u0131za yard\u0131mc\u0131 olur. Bunu kontrol edelim...","robots":{"index":"index","follow":"follow","max-snippet":"max-snippet:-1","max-image-preview":"max-image-preview:large","max-video-preview":"max-video-preview:-1"},"canonical":"https:\/\/exceladvisor.org\/tr\/tum-sutun\/","og_locale":"tr_TR","og_type":"article","og_title":"Excel&#39;de bir s\u00fctunun tamam\u0131n\u0131n ko\u015fullu bi\u00e7imlendirmesi","og_description":"Bu e\u011fitim, ko\u015fullu bi\u00e7imlendirmeyi bir s\u00fctunun tamam\u0131na ayn\u0131 anda uygulaman\u0131za yard\u0131mc\u0131 olur. Bunu kontrol edelim...","og_url":"https:\/\/exceladvisor.org\/tr\/tum-sutun\/","og_site_name":"Excel Advisor","article_modified_time":"2023-12-10T06:00:47+00:00","og_image":[{"url":"https:\/\/exceladvisor.org\/wp-content\/uploads\/2023\/08\/1-mise-en-forme-conditionnelle-a-une-colonne-entiere.png","type":"","width":"","height":""}],"twitter_card":"summary_large_image","twitter_misc":{"Tahmini okuma s\u00fcresi":"2 dakika"},"schema":{"@context":"https:\/\/schema.org","@graph":[{"@type":"WebPage","@id":"https:\/\/exceladvisor.org\/tr\/tum-sutun\/","url":"https:\/\/exceladvisor.org\/tr\/tum-sutun\/","name":"Excel&#39;de bir s\u00fctunun tamam\u0131n\u0131n ko\u015fullu bi\u00e7imlendirmesi","isPartOf":{"@id":"https:\/\/exceladvisor.org\/tr\/#website"},"primaryImageOfPage":{"@id":"https:\/\/exceladvisor.org\/tr\/tum-sutun\/#primaryimage"},"image":{"@id":"https:\/\/exceladvisor.org\/tr\/tum-sutun\/#primaryimage"},"thumbnailUrl":"https:\/\/exceladvisor.org\/wp-content\/uploads\/2023\/08\/1-mise-en-forme-conditionnelle-a-une-colonne-entiere.png","datePublished":"2023-11-05T18:40:28+00:00","dateModified":"2023-12-10T06:00:47+00:00","description":"Bu e\u011fitim, ko\u015fullu bi\u00e7imlendirmeyi bir s\u00fctunun tamam\u0131na ayn\u0131 anda uygulaman\u0131za yard\u0131mc\u0131 olur. Bunu kontrol edelim...","breadcrumb":{"@id":"https:\/\/exceladvisor.org\/tr\/tum-sutun\/#breadcrumb"},"inLanguage":"tr","potentialAction":[{"@type":"ReadAction","target":["https:\/\/exceladvisor.org\/tr\/tum-sutun\/"]}]},{"@type":"ImageObject","inLanguage":"tr","@id":"https:\/\/exceladvisor.org\/tr\/tum-sutun\/#primaryimage","url":"https:\/\/exceladvisor.org\/wp-content\/uploads\/2023\/08\/1-mise-en-forme-conditionnelle-a-une-colonne-entiere.png","contentUrl":"https:\/\/exceladvisor.org\/wp-content\/uploads\/2023\/08\/1-mise-en-forme-conditionnelle-a-une-colonne-entiere.png"},{"@type":"BreadcrumbList","@id":"https:\/\/exceladvisor.org\/tr\/tum-sutun\/#breadcrumb","itemListElement":[{"@type":"ListItem","position":1,"name":"Ev","item":"https:\/\/exceladvisor.org\/tr\/"},{"@type":"ListItem","position":2,"name":"Excel&#39;de bir s\u00fctunun ko\u015fullu bi\u00e7imlendirilmesi"}]},{"@type":"WebSite","@id":"https:\/\/exceladvisor.org\/tr\/#website","url":"https:\/\/exceladvisor.org\/tr\/","name":"Excel Advisor","description":"Veri hakimiyetine y\u00f6nelik nihai rehberiniz!","publisher":{"@id":"https:\/\/exceladvisor.org\/tr\/#organization"},"potentialAction":[{"@type":"SearchAction","target":{"@type":"EntryPoint","urlTemplate":"https:\/\/exceladvisor.org\/tr\/?s={search_term_string}"},"query-input":{"@type":"PropertyValueSpecification","valueRequired":true,"valueName":"search_term_string"}}],"inLanguage":"tr"},{"@type":"Organization","@id":"https:\/\/exceladvisor.org\/tr\/#organization","name":"Excel Advisor","url":"https:\/\/exceladvisor.org\/tr\/","logo":{"@type":"ImageObject","inLanguage":"tr","@id":"https:\/\/exceladvisor.org\/tr\/#\/schema\/logo\/image\/","url":"https:\/\/exceladvisor.org\/tr\/wp-content\/uploads\/2023\/12\/exceladvisor.org_.png","contentUrl":"https:\/\/exceladvisor.org\/tr\/wp-content\/uploads\/2023\/12\/exceladvisor.org_.png","width":105,"height":36,"caption":"Excel Advisor"},"image":{"@id":"https:\/\/exceladvisor.org\/tr\/#\/schema\/logo\/image\/"}}]}},"yoast_meta":{"yoast_wpseo_title":"","yoast_wpseo_metadesc":"","yoast_wpseo_canonical":""},"_links":{"self":[{"href":"https:\/\/exceladvisor.org\/tr\/wp-json\/wp\/v2\/pages\/1771","targetHints":{"allow":["GET"]}}],"collection":[{"href":"https:\/\/exceladvisor.org\/tr\/wp-json\/wp\/v2\/pages"}],"about":[{"href":"https:\/\/exceladvisor.org\/tr\/wp-json\/wp\/v2\/types\/page"}],"author":[{"embeddable":true,"href":"https:\/\/exceladvisor.org\/tr\/wp-json\/wp\/v2\/users\/1"}],"replies":[{"embeddable":true,"href":"https:\/\/exceladvisor.org\/tr\/wp-json\/wp\/v2\/comments?post=1771"}],"version-history":[{"count":1,"href":"https:\/\/exceladvisor.org\/tr\/wp-json\/wp\/v2\/pages\/1771\/revisions"}],"predecessor-version":[{"id":2435,"href":"https:\/\/exceladvisor.org\/tr\/wp-json\/wp\/v2\/pages\/1771\/revisions\/2435"}],"wp:attachment":[{"href":"https:\/\/exceladvisor.org\/tr\/wp-json\/wp\/v2\/media?parent=1771"}],"curies":[{"name":"wp","href":"https:\/\/api.w.org\/{rel}","templated":true}]}}