{"id":1772,"date":"2023-11-05T18:30:11","date_gmt":"2023-11-05T18:30:11","guid":{"rendered":"https:\/\/exceladvisor.org\/tr\/eger-veya-1\/"},"modified":"2023-12-10T06:01:07","modified_gmt":"2023-12-10T06:01:07","slug":"eger-veya-1","status":"publish","type":"page","link":"https:\/\/exceladvisor.org\/tr\/eger-veya-1\/","title":{"rendered":"Excel&#39;de if ve or i\u0307\u015flevlerini birle\u015ftirme"},"content":{"rendered":"<div class=\"excel-icerikten-once\" id=\"excel-2237917281\"><script type=\"text\/javascript\">\r\n\tatOptions = {\r\n\t\t'key' : 'c1158f160081d6540a8409e6925dab94',\r\n\t\t'format' : 'iframe',\r\n\t\t'height' : 250,\r\n\t\t'width' : 300,\r\n\t\t'params' : {}\r\n\t};\r\n<\/script>\r\n<script type=\"text\/javascript\" src=\"\/\/www.highperformanceformat.com\/c1158f160081d6540a8409e6925dab94\/invoke.js\"><\/script><\/div> <p>IF i\u015flevi Excel&#8217;deki en g\u00fc\u00e7l\u00fc i\u015flevlerden biridir. Ve en iyi yan\u0131, g\u00fcc\u00fcn\u00fc art\u0131rmak i\u00e7in di\u011fer i\u015flevleri IF ile birle\u015ftirebilmenizdir.<\/p><p> E\u011eER ve VEYA i\u015flevlerinin birle\u015fimi, Excel&#8217;deki en kullan\u0131\u015fl\u0131 form\u00fcl bile\u015fimlerinden biridir. Bu yaz\u0131da size neden IF ve OR i\u015flevlerini birle\u015ftirmemiz gerekti\u011fini g\u00f6sterece\u011fim. Ve neden sizin i\u00e7in \u00e7ok faydal\u0131d\u0131r?<\/p><h2 id=\"1\" class=\"wp-block-heading\"> H\u0131zl\u0131 giri\u015f<\/h2><p> Eminim bu i\u015flevlerin her ikisini de kullanm\u0131\u015fs\u0131n\u0131zd\u0131r, ancak size h\u0131zl\u0131 bir giri\u015f yapmama izin verin.<\/p><ul><li> <strong>IF<\/strong> \u2013 Bir ko\u015fulu test etmek i\u00e7in bu i\u015flevi kullan\u0131n. Bu ko\u015ful do\u011fruysa belirli bir de\u011feri, yanl\u0131\u015fsa ba\u015fka bir belirli de\u011feri d\u00f6nd\u00fcr\u00fcr.<\/li><li> <strong>VEYA<\/strong> \u2013 \u00c7oklu test ko\u015fullar\u0131. Bu ko\u015fullardan herhangi birinin do\u011fru olmas\u0131 durumunda true de\u011feri, t\u00fcm ko\u015fullar\u0131n yanl\u0131\u015f olmas\u0131 durumunda false de\u011feri d\u00f6nd\u00fcr\u00fcl\u00fcr.<\/li><\/ul><p> <em>Her iki fonksiyonun da \u00f6z\u00fc, IF fonksiyonunun ayn\u0131 anda yaln\u0131zca bir ko\u015fulu test edebilmesidir. VEYA i\u015flevi birden fazla ko\u015fulu test edebilir ancak yaln\u0131zca do\u011fru\/yanl\u0131\u015f de\u011ferini d\u00f6nd\u00fcr\u00fcr. Ve e\u011fer bu iki fonksiyonu birle\u015ftirirsek, OR ile birden fazla ko\u015fulu test edebilir ve IF ile belirli bir de\u011fer d\u00f6nd\u00fcrebiliriz.<\/em><\/p><h2 id=\"2\" class=\"wp-block-heading\"> IF ve OR fonksiyonlar\u0131 nas\u0131l \u00e7al\u0131\u015f\u0131r?<\/h2><p> IF i\u015flevi s\u00f6zdiziminde, test edilecek bir ko\u015fulu belirtmek i\u00e7in kulland\u0131\u011f\u0131m\u0131z mant\u0131ksal bir test ba\u011f\u0131ms\u0131z de\u011fi\u015fkenine sahip olun.<\/p><p> E\u011eER ( <strong>mant\u0131ksal_test<\/strong> , e\u011fer_do\u011fruysa_de\u011fer, e\u011fer_yanl\u0131\u015fsa_de\u011fer)<\/p><p> Daha sonra bu ko\u015fulun sonucuna g\u00f6re bir de\u011fer d\u00f6nd\u00fcr\u00fcr. \u015eimdi bu arg\u00fcman i\u00e7in OR fonksiyonunu kullan\u0131rsak ve bunun i\u00e7in birka\u00e7 ko\u015ful belirtirsek. <\/p><div class=\"wp-block-image\"><figure class=\"aligncenter\"><img loading=\"lazy\" decoding=\"async\" class=\"wp-image-9594\" src=\"https:\/\/exceladvisor.org\/wp-content\/uploads\/2023\/08\/comment-combiner-les-fonctions-if-et-or-et-remplacer-largument-logique-par-or-1.png\" sizes=\"auto, \" srcset=\"\" alt=\"if ve or i\u015flevlerinin nas\u0131l birle\u015ftirilece\u011fi ve mant\u0131ksal arg\u00fcman\u0131n veya ile nas\u0131l de\u011fi\u015ftirilece\u011fi\" width=\"488\" height=\"139\"><\/figure><\/div><p> Ko\u015fullardan herhangi biri do\u011fruysa VEYA do\u011fruyu, IF ise belirli de\u011feri d\u00f6nd\u00fcr\u00fcr. Ve e\u011fer ko\u015fullardan hi\u00e7biri do\u011fru de\u011filse VEYA YANLI\u015e IF ile d\u00f6n\u00fc\u015f ba\u015fka bir spesifik de\u011fer d\u00f6nd\u00fcrecektir. Bu sayede IF fonksiyonu ile birden fazla de\u011feri test edebiliriz. Biraz somut \u00f6rneklere ge\u00e7elim.<\/p><h2 id=\"3\" class=\"wp-block-heading\"> \u00d6rnekler<\/h2><p> Burada iki deponun <a href=\"https:\/\/exceladvisor.org\/tr\/envanter-yonetimi-sablonu-excel-vba-kullanici-formlari\/\">envanter ayr\u0131nt\u0131lar\u0131n\u0131<\/a> i\u00e7eren bir tablom var. \u015eimdi tablodaki durumu g\u00fcncellemek istiyorum. <\/p><div class=\"wp-block-image\"><figure class=\"aligncenter\"><img loading=\"lazy\" decoding=\"async\" class=\"wp-image-9595\" src=\"https:\/\/exceladvisor.org\/wp-content\/uploads\/2023\/08\/comment-combiner-les-fonctions-if-et-or-pour-obtenir-le-statut-dans-la-table-des-stocks-1.png\" sizes=\"auto, \" srcset=\"\" alt=\"stok tablosunda durum almak i\u00e7in if ve or i\u015flevlerinin nas\u0131l birle\u015ftirilece\u011fi\" width=\"502\" height=\"251\"><\/figure><\/div><p> Her iki depoda da stok yoksa durum &#8220;Stokta Yok&#8221; olmal\u0131d\u0131r. Ve herhangi bir depoda stok varsa durumun \u201cStokta\u201d olmas\u0131 gerekir. Yani burada \u201cDepo-1\u201d ve \u201cDepo-2\u201d olmak \u00fczere iki farkl\u0131 durumu kontrol etmem gerekiyor.<br> Ve form\u00fcl \u015f\u00f6yle olacak. <\/p><pre class=\"wp-block-code\"> <code class=\"language-excel-formula\" lang=\"excel-formula\">=IF(OR(B2&gt;0,C2&gt;0),\"In-Stock\",\"Out of Stock\")<\/code><\/pre><div class=\"wp-block-image\"><figure class=\"aligncenter\"><img loading=\"lazy\" decoding=\"async\" class=\"wp-image-9596\" src=\"https:\/\/exceladvisor.org\/wp-content\/uploads\/2023\/08\/comment-combiner-les-fonctions-if-et-or-pour-obtenir-le-statut-dans-la-formule-dinsertion-de-la-table-de-stock-1.png\" sizes=\"auto, \" srcset=\"\" alt=\"stok tablosu ekleme form\u00fcl\u00fcnde durum almak i\u00e7in if ve or i\u015flevlerinin nas\u0131l birle\u015ftirilece\u011fi\" width=\"544\" height=\"297\"><\/figure><\/div><p> Yukar\u0131daki form\u00fclde herhangi bir h\u00fccrede (B2 ve C2) s\u0131f\u0131rdan b\u00fcy\u00fck bir de\u011fer varsa VEYA i\u015flevi true de\u011ferini, IF i\u015flevi ise \u201cStokta\u201d de\u011ferini d\u00f6nd\u00fcrecektir. Ancak, her iki h\u00fccrede de s\u0131f\u0131r varsa, VEYA yanl\u0131\u015f de\u011ferini, IF ise &#8220;Stokta yok&#8221; de\u011ferini d\u00f6nd\u00fcrecektir. <\/p><div class=\"gb-container gb-container-bafb25cc gb-container-download-2\"><div class=\"gb-grid-wrapper gb-grid-wrapper-91201309\"><div class=\"gb-grid-column gb-grid-column-15a917ef\"><div class=\"gb-container gb-container-15a917ef\"><h2 class=\"gb-headline gb-headline-f2deb261 gb-headline-text gb-headline-download-2\"> Excel dosyas\u0131n\u0131 al\u0131n <\/h2><\/div><\/div><div class=\"gb-grid-column gb-grid-column-18357188\"><div class=\"gb-container gb-container-18357188\"><div class=\"gb-container gb-container-76cbe15e\"> <a class=\"gb-button gb-button-cb63d00a gb-button-text gb-button-download-2\" href=\"https:\/\/exceladvisor.org\/wp-content\/uploads\/2023\/11\/comment-combiner-les-fonctions-if-et-or.xlsx\" rel=\"nofollow\">\u0130ndirmek<\/a><\/div><\/div><\/div><\/div><\/div><h2 class=\"wp-block-heading\"> Son s\u00f6zler<\/h2><p> Her iki i\u015flev de ayn\u0131 derecede faydal\u0131d\u0131r ancak bunlar\u0131 birle\u015ftirdi\u011finizde daha etkili bir \u015fekilde kullanabilirsiniz. Size s\u00f6yledi\u011fim gibi IF ve OR fonksiyonlar\u0131n\u0131 birle\u015ftirerek birden fazla ko\u015fulu test edebilirsiniz. Bu fonksiyon kombinasyonuyla her iki probleminizi de \u00e7\u00f6zebilirsiniz.<\/p><div class=\"gb-container gb-container-0df56012 gb-container-mt\"> <a class=\"gb-button gb-button-f9f432f4 gb-button-text gb-button-mt-button\" href=\"https:\/\/exceladvisor.org\/tr\/formuller\/\">Excel form\u00fcllerinin listesi<\/a><h2 class=\"gb-headline gb-headline-233444e8 gb-headline-text gb-headline-mt-heading\"> \u0130lgili form\u00fcller <\/h2><div class=\"gb-grid-wrapper gb-grid-wrapper-a16fa65c gb-grid-wrapper-mt-grid\"><div class=\"gb-grid-column gb-grid-column-50d07e0d\"><div class=\"gb-container gb-container-50d07e0d\"><ul><li> <a href=\"https:\/\/exceladvisor.org\/tr\/sifirsa-o-zaman-bos\/\">IF 0&#8217;\u0131 (s\u0131f\u0131r) kontrol edin ve ard\u0131ndan Excel&#8217;de bo\u015f b\u0131rak\u0131n<\/a><\/li><li> <a href=\"https:\/\/exceladvisor.org\/tr\/bir-aralikta-bir-degerin-olup-olmadigini-kontrol-edin\/\">Excel&#8217;de bir aral\u0131kta bir de\u011ferin olup olmad\u0131\u011f\u0131n\u0131 kontrol edin<\/a><\/li><li> <a href=\"https:\/\/exceladvisor.org\/tr\/eger-ve-1\/\">Excel&#8217;de E\u011eER ve VE i\u015flevlerini birle\u015ftirme<\/a><\/li><li> <a href=\"https:\/\/exceladvisor.org\/tr\/hucre-bossa\/\">IF H\u00fccresi Excel&#8217;de IF + ISBLANK kullan\u0131larak bo\u015f (bo\u015f)<\/a><\/li><li> <a href=\"https:\/\/exceladvisor.org\/tr\/negatifse-sifir\/\">Negatifse Excel&#8217;de s\u0131f\u0131r (0)<\/a> <\/li><\/ul><\/div><\/div><div class=\"gb-grid-column gb-grid-column-5b4a0cf9\"><div class=\"gb-container gb-container-5b4a0cf9\"><\/div><\/div><\/div><\/div>","protected":false},"excerpt":{"rendered":"","protected":false},"author":1,"featured_media":0,"parent":0,"menu_order":0,"comment_status":"open","ping_status":"closed","template":"","meta":{"ub_ctt_via":"","footnotes":""},"class_list":["post-1772","page","type-page","status-publish","hentry"],"featured_image_src":null,"yoast_head":"<!-- This site is optimized with the Yoast SEO plugin v25.4 - https:\/\/yoast.com\/wordpress\/plugins\/seo\/ -->\n<title>Excel&#039;de IF ve OR \u0130\u015flevlerini Birle\u015ftirme<\/title>\n<meta name=\"description\" content=\"Bu makalede IF ve OR i\u015flevlerini nas\u0131l birle\u015ftirece\u011finizi \u00f6\u011freneceksiniz. Birden fazla ko\u015fulu test etmek i\u00e7in VEYA&#039;y\u0131 kullanabilirsiniz.\" \/>\n<meta name=\"robots\" content=\"index, follow, max-snippet:-1, max-image-preview:large, max-video-preview:-1\" \/>\n<link rel=\"canonical\" href=\"https:\/\/exceladvisor.org\/tr\/eger-veya-1\/\" \/>\n<meta property=\"og:locale\" content=\"tr_TR\" \/>\n<meta property=\"og:type\" content=\"article\" \/>\n<meta property=\"og:title\" content=\"Excel&#039;de IF ve OR \u0130\u015flevlerini Birle\u015ftirme\" \/>\n<meta property=\"og:description\" content=\"Bu makalede IF ve OR i\u015flevlerini nas\u0131l birle\u015ftirece\u011finizi \u00f6\u011freneceksiniz. Birden fazla ko\u015fulu test etmek i\u00e7in VEYA&#039;y\u0131 kullanabilirsiniz.\" \/>\n<meta property=\"og:url\" content=\"https:\/\/exceladvisor.org\/tr\/eger-veya-1\/\" \/>\n<meta property=\"og:site_name\" content=\"Excel Advisor\" \/>\n<meta property=\"article:modified_time\" content=\"2023-12-10T06:01:07+00:00\" \/>\n<meta property=\"og:image\" content=\"https:\/\/exceladvisor.org\/wp-content\/uploads\/2023\/08\/comment-combiner-les-fonctions-if-et-or-et-remplacer-largument-logique-par-or-1.png\" \/>\n<meta name=\"twitter:card\" content=\"summary_large_image\" \/>\n<meta name=\"twitter:label1\" content=\"Tahmini okuma s\u00fcresi\" \/>\n\t<meta name=\"twitter:data1\" content=\"3 dakika\" \/>\n<script type=\"application\/ld+json\" class=\"yoast-schema-graph\">{\"@context\":\"https:\/\/schema.org\",\"@graph\":[{\"@type\":\"WebPage\",\"@id\":\"https:\/\/exceladvisor.org\/tr\/eger-veya-1\/\",\"url\":\"https:\/\/exceladvisor.org\/tr\/eger-veya-1\/\",\"name\":\"Excel&#39;de IF ve OR \u0130\u015flevlerini Birle\u015ftirme\",\"isPartOf\":{\"@id\":\"https:\/\/exceladvisor.org\/tr\/#website\"},\"primaryImageOfPage\":{\"@id\":\"https:\/\/exceladvisor.org\/tr\/eger-veya-1\/#primaryimage\"},\"image\":{\"@id\":\"https:\/\/exceladvisor.org\/tr\/eger-veya-1\/#primaryimage\"},\"thumbnailUrl\":\"https:\/\/exceladvisor.org\/wp-content\/uploads\/2023\/08\/comment-combiner-les-fonctions-if-et-or-et-remplacer-largument-logique-par-or-1.png\",\"datePublished\":\"2023-11-05T18:30:11+00:00\",\"dateModified\":\"2023-12-10T06:01:07+00:00\",\"description\":\"Bu makalede IF ve OR i\u015flevlerini nas\u0131l birle\u015ftirece\u011finizi \u00f6\u011freneceksiniz. Birden fazla ko\u015fulu test etmek i\u00e7in VEYA&#39;y\u0131 kullanabilirsiniz.\",\"breadcrumb\":{\"@id\":\"https:\/\/exceladvisor.org\/tr\/eger-veya-1\/#breadcrumb\"},\"inLanguage\":\"tr\",\"potentialAction\":[{\"@type\":\"ReadAction\",\"target\":[\"https:\/\/exceladvisor.org\/tr\/eger-veya-1\/\"]}]},{\"@type\":\"ImageObject\",\"inLanguage\":\"tr\",\"@id\":\"https:\/\/exceladvisor.org\/tr\/eger-veya-1\/#primaryimage\",\"url\":\"https:\/\/exceladvisor.org\/wp-content\/uploads\/2023\/08\/comment-combiner-les-fonctions-if-et-or-et-remplacer-largument-logique-par-or-1.png\",\"contentUrl\":\"https:\/\/exceladvisor.org\/wp-content\/uploads\/2023\/08\/comment-combiner-les-fonctions-if-et-or-et-remplacer-largument-logique-par-or-1.png\"},{\"@type\":\"BreadcrumbList\",\"@id\":\"https:\/\/exceladvisor.org\/tr\/eger-veya-1\/#breadcrumb\",\"itemListElement\":[{\"@type\":\"ListItem\",\"position\":1,\"name\":\"Ev\",\"item\":\"https:\/\/exceladvisor.org\/tr\/\"},{\"@type\":\"ListItem\",\"position\":2,\"name\":\"Excel&#39;de if ve or i\u0307\u015flevlerini birle\u015ftirme\"}]},{\"@type\":\"WebSite\",\"@id\":\"https:\/\/exceladvisor.org\/tr\/#website\",\"url\":\"https:\/\/exceladvisor.org\/tr\/\",\"name\":\"Excel Advisor\",\"description\":\"Veri hakimiyetine y\u00f6nelik nihai rehberiniz!\",\"publisher\":{\"@id\":\"https:\/\/exceladvisor.org\/tr\/#organization\"},\"potentialAction\":[{\"@type\":\"SearchAction\",\"target\":{\"@type\":\"EntryPoint\",\"urlTemplate\":\"https:\/\/exceladvisor.org\/tr\/?s={search_term_string}\"},\"query-input\":{\"@type\":\"PropertyValueSpecification\",\"valueRequired\":true,\"valueName\":\"search_term_string\"}}],\"inLanguage\":\"tr\"},{\"@type\":\"Organization\",\"@id\":\"https:\/\/exceladvisor.org\/tr\/#organization\",\"name\":\"Excel Advisor\",\"url\":\"https:\/\/exceladvisor.org\/tr\/\",\"logo\":{\"@type\":\"ImageObject\",\"inLanguage\":\"tr\",\"@id\":\"https:\/\/exceladvisor.org\/tr\/#\/schema\/logo\/image\/\",\"url\":\"https:\/\/exceladvisor.org\/tr\/wp-content\/uploads\/2023\/12\/exceladvisor.org_.png\",\"contentUrl\":\"https:\/\/exceladvisor.org\/tr\/wp-content\/uploads\/2023\/12\/exceladvisor.org_.png\",\"width\":105,\"height\":36,\"caption\":\"Excel Advisor\"},\"image\":{\"@id\":\"https:\/\/exceladvisor.org\/tr\/#\/schema\/logo\/image\/\"}}]}<\/script>\n<!-- \/ Yoast SEO plugin. -->","yoast_head_json":{"title":"Excel&#39;de IF ve OR \u0130\u015flevlerini Birle\u015ftirme","description":"Bu makalede IF ve OR i\u015flevlerini nas\u0131l birle\u015ftirece\u011finizi \u00f6\u011freneceksiniz. Birden fazla ko\u015fulu test etmek i\u00e7in VEYA&#39;y\u0131 kullanabilirsiniz.","robots":{"index":"index","follow":"follow","max-snippet":"max-snippet:-1","max-image-preview":"max-image-preview:large","max-video-preview":"max-video-preview:-1"},"canonical":"https:\/\/exceladvisor.org\/tr\/eger-veya-1\/","og_locale":"tr_TR","og_type":"article","og_title":"Excel&#39;de IF ve OR \u0130\u015flevlerini Birle\u015ftirme","og_description":"Bu makalede IF ve OR i\u015flevlerini nas\u0131l birle\u015ftirece\u011finizi \u00f6\u011freneceksiniz. Birden fazla ko\u015fulu test etmek i\u00e7in VEYA&#39;y\u0131 kullanabilirsiniz.","og_url":"https:\/\/exceladvisor.org\/tr\/eger-veya-1\/","og_site_name":"Excel Advisor","article_modified_time":"2023-12-10T06:01:07+00:00","og_image":[{"url":"https:\/\/exceladvisor.org\/wp-content\/uploads\/2023\/08\/comment-combiner-les-fonctions-if-et-or-et-remplacer-largument-logique-par-or-1.png","type":"","width":"","height":""}],"twitter_card":"summary_large_image","twitter_misc":{"Tahmini okuma s\u00fcresi":"3 dakika"},"schema":{"@context":"https:\/\/schema.org","@graph":[{"@type":"WebPage","@id":"https:\/\/exceladvisor.org\/tr\/eger-veya-1\/","url":"https:\/\/exceladvisor.org\/tr\/eger-veya-1\/","name":"Excel&#39;de IF ve OR \u0130\u015flevlerini Birle\u015ftirme","isPartOf":{"@id":"https:\/\/exceladvisor.org\/tr\/#website"},"primaryImageOfPage":{"@id":"https:\/\/exceladvisor.org\/tr\/eger-veya-1\/#primaryimage"},"image":{"@id":"https:\/\/exceladvisor.org\/tr\/eger-veya-1\/#primaryimage"},"thumbnailUrl":"https:\/\/exceladvisor.org\/wp-content\/uploads\/2023\/08\/comment-combiner-les-fonctions-if-et-or-et-remplacer-largument-logique-par-or-1.png","datePublished":"2023-11-05T18:30:11+00:00","dateModified":"2023-12-10T06:01:07+00:00","description":"Bu makalede IF ve OR i\u015flevlerini nas\u0131l birle\u015ftirece\u011finizi \u00f6\u011freneceksiniz. Birden fazla ko\u015fulu test etmek i\u00e7in VEYA&#39;y\u0131 kullanabilirsiniz.","breadcrumb":{"@id":"https:\/\/exceladvisor.org\/tr\/eger-veya-1\/#breadcrumb"},"inLanguage":"tr","potentialAction":[{"@type":"ReadAction","target":["https:\/\/exceladvisor.org\/tr\/eger-veya-1\/"]}]},{"@type":"ImageObject","inLanguage":"tr","@id":"https:\/\/exceladvisor.org\/tr\/eger-veya-1\/#primaryimage","url":"https:\/\/exceladvisor.org\/wp-content\/uploads\/2023\/08\/comment-combiner-les-fonctions-if-et-or-et-remplacer-largument-logique-par-or-1.png","contentUrl":"https:\/\/exceladvisor.org\/wp-content\/uploads\/2023\/08\/comment-combiner-les-fonctions-if-et-or-et-remplacer-largument-logique-par-or-1.png"},{"@type":"BreadcrumbList","@id":"https:\/\/exceladvisor.org\/tr\/eger-veya-1\/#breadcrumb","itemListElement":[{"@type":"ListItem","position":1,"name":"Ev","item":"https:\/\/exceladvisor.org\/tr\/"},{"@type":"ListItem","position":2,"name":"Excel&#39;de if ve or i\u0307\u015flevlerini birle\u015ftirme"}]},{"@type":"WebSite","@id":"https:\/\/exceladvisor.org\/tr\/#website","url":"https:\/\/exceladvisor.org\/tr\/","name":"Excel Advisor","description":"Veri hakimiyetine y\u00f6nelik nihai rehberiniz!","publisher":{"@id":"https:\/\/exceladvisor.org\/tr\/#organization"},"potentialAction":[{"@type":"SearchAction","target":{"@type":"EntryPoint","urlTemplate":"https:\/\/exceladvisor.org\/tr\/?s={search_term_string}"},"query-input":{"@type":"PropertyValueSpecification","valueRequired":true,"valueName":"search_term_string"}}],"inLanguage":"tr"},{"@type":"Organization","@id":"https:\/\/exceladvisor.org\/tr\/#organization","name":"Excel Advisor","url":"https:\/\/exceladvisor.org\/tr\/","logo":{"@type":"ImageObject","inLanguage":"tr","@id":"https:\/\/exceladvisor.org\/tr\/#\/schema\/logo\/image\/","url":"https:\/\/exceladvisor.org\/tr\/wp-content\/uploads\/2023\/12\/exceladvisor.org_.png","contentUrl":"https:\/\/exceladvisor.org\/tr\/wp-content\/uploads\/2023\/12\/exceladvisor.org_.png","width":105,"height":36,"caption":"Excel Advisor"},"image":{"@id":"https:\/\/exceladvisor.org\/tr\/#\/schema\/logo\/image\/"}}]}},"yoast_meta":{"yoast_wpseo_title":"","yoast_wpseo_metadesc":"","yoast_wpseo_canonical":""},"_links":{"self":[{"href":"https:\/\/exceladvisor.org\/tr\/wp-json\/wp\/v2\/pages\/1772","targetHints":{"allow":["GET"]}}],"collection":[{"href":"https:\/\/exceladvisor.org\/tr\/wp-json\/wp\/v2\/pages"}],"about":[{"href":"https:\/\/exceladvisor.org\/tr\/wp-json\/wp\/v2\/types\/page"}],"author":[{"embeddable":true,"href":"https:\/\/exceladvisor.org\/tr\/wp-json\/wp\/v2\/users\/1"}],"replies":[{"embeddable":true,"href":"https:\/\/exceladvisor.org\/tr\/wp-json\/wp\/v2\/comments?post=1772"}],"version-history":[{"count":1,"href":"https:\/\/exceladvisor.org\/tr\/wp-json\/wp\/v2\/pages\/1772\/revisions"}],"predecessor-version":[{"id":2473,"href":"https:\/\/exceladvisor.org\/tr\/wp-json\/wp\/v2\/pages\/1772\/revisions\/2473"}],"wp:attachment":[{"href":"https:\/\/exceladvisor.org\/tr\/wp-json\/wp\/v2\/media?parent=1772"}],"curies":[{"name":"wp","href":"https:\/\/api.w.org\/{rel}","templated":true}]}}