{"id":1773,"date":"2023-11-05T18:13:15","date_gmt":"2023-11-05T18:13:15","guid":{"rendered":"https:\/\/exceladvisor.org\/tr\/bos-hucreler\/"},"modified":"2023-12-10T06:00:57","modified_gmt":"2023-12-10T06:00:57","slug":"bos-hucreler","status":"publish","type":"page","link":"https:\/\/exceladvisor.org\/tr\/bos-hucreler\/","title":{"rendered":"Excel&#39;de bo\u015f h\u00fccrelere ko\u015fullu bi\u00e7imlendirme"},"content":{"rendered":"<div class=\"excel-icerikten-once\" id=\"excel-1695560450\"><script type=\"text\/javascript\">\r\n\tatOptions = {\r\n\t\t'key' : 'c1158f160081d6540a8409e6925dab94',\r\n\t\t'format' : 'iframe',\r\n\t\t'height' : 250,\r\n\t\t'width' : 300,\r\n\t\t'params' : {}\r\n\t};\r\n<\/script>\r\n<script type=\"text\/javascript\" src=\"\/\/www.highperformanceformat.com\/c1158f160081d6540a8409e6925dab94\/invoke.js\"><\/script><\/div> <p>Excel&#8217;de, bo\u015f h\u00fccreleri bir <a href=\"https:\/\/exceladvisor.org\/tr\/hucre-rengi\/\">h\u00fccre rengiyle<\/a> veya metindeki de\u011ferin yaz\u0131 tipinin rengiyle vurgulamak i\u00e7in ko\u015fullu bi\u00e7imlendirmeyi kullanabilirsiniz. Bu e\u011fitim bize bunu iki farkl\u0131 y\u00f6ntemle nas\u0131l yapaca\u011f\u0131m\u0131z\u0131 \u00f6\u011fretecek.<\/p><p> Mesela baz\u0131 tarihler; baz\u0131 h\u00fccreler tarihler aras\u0131nda bo\u015ftur ve bo\u015f h\u00fccreleri vurgulaman\u0131z gerekir.<\/p><h2 class=\"wp-block-heading\"> Ko\u015fullu Bi\u00e7imlendirmede Bo\u015f H\u00fccre Se\u00e7ene\u011fini Kullanma Ad\u0131mlar\u0131<\/h2><ol><li> \u0130lk olarak, verilerinizin bulundu\u011fu aral\u0131\u011f\u0131 se\u00e7in. <br><img loading=\"lazy\" decoding=\"async\" title=\"1-se\u00e7im aral\u0131\u011f\u0131\" src=\"https:\/\/exceladvisor.org\/wp-content\/uploads\/2023\/08\/1-selectionner-la-gamme.png\" sizes=\"auto, \" srcset=\"\" alt=\"1-select-the-range\" width=\"449\" height=\"303\"><\/li><li> Ard\u0131ndan Giri\u015f sekmesi &gt; Ko\u015fullu Bi\u00e7imlendirme &gt; H\u00fccre Vurgulama Kurallar\u0131 &gt; Di\u011fer Kurallar&#8217;a gidin. <br><img loading=\"lazy\" decoding=\"async\" title=\"2-daha-fazla-kural se\u00e7in\" src=\"https:\/\/exceladvisor.org\/wp-content\/uploads\/2023\/08\/2-selectionner-plus-de-regles.png\" sizes=\"auto, \" srcset=\"\" alt=\"2-select-more-rules\" width=\"490\" height=\"464\"><\/li><li> Yeni Kural ileti\u015fim kutusundaki &#8220;Yaln\u0131zca h\u00fccreleri \u015fununla bi\u00e7imlendir&#8221; b\u00f6l\u00fcm\u00fcnde Bo\u015f&#8217;u se\u00e7in. <br><img loading=\"lazy\" decoding=\"async\" title=\"3-se\u00e7enek-bo\u015f se\u00e7in\" src=\"https:\/\/exceladvisor.org\/wp-content\/uploads\/2023\/08\/3-selectionnez-loption-vide.png\" sizes=\"auto, \" srcset=\"\" alt=\"3-select-blank-option\" width=\"521\" height=\"190\"><\/li><li> Daha sonra \u201cFormat\u2026\u201d butonuna t\u0131klay\u0131n ve bo\u015f h\u00fccreye uygulamak istedi\u011finiz format\u0131 belirtin. <br><img loading=\"lazy\" decoding=\"async\" title=\"4 t\u0131klamal\u0131 format d\u00fc\u011fmesi\" src=\"https:\/\/exceladvisor.org\/wp-content\/uploads\/2023\/08\/4-cliquez-sur-le-bouton-formater.png\" sizes=\"auto, \" srcset=\"\" alt=\"4-click-on-format-button\" width=\"516\" height=\"196\"><\/li><li> Sonunda uygulamak i\u00e7in Tamam&#8217;\u0131 t\u0131klay\u0131n.<\/li><\/ol><p> Tamam&#8217;\u0131 t\u0131klatt\u0131\u011f\u0131n\u0131zda, t\u00fcm bo\u015f h\u00fccreler belirtilen renkle vurgulanacakt\u0131r. <\/p><div class=\"wp-block-image\"><figure class=\"aligncenter size-full is-resized\"><img loading=\"lazy\" decoding=\"async\" class=\"wp-image-90452\" src=\"https:\/\/exceladvisor.org\/wp-content\/uploads\/2023\/08\/5-cellules-vides-surlignees-en-couleur.png\" sizes=\"auto, \" srcset=\"\" alt=\"bo\u015f h\u00fccreler-renkle-vurgulanm\u0131\u015f\" width=\"437\" height=\"298\"><\/figure><\/div><p> Bo\u015f h\u00fccreleri vurgulamak i\u00e7in baz\u0131 y\u00f6ntemler kullanabilirsiniz ancak bu ko\u015fullu bi\u00e7imlendirme en iyi sonucu verir. Bunu neden s\u00f6yledi\u011fimi anlaman\u0131z i\u00e7in birka\u00e7 \u00f6rnek vereyim. <\/p><div class=\"wp-block-image\"><figure class=\"aligncenter size-full is-resized\"><img loading=\"lazy\" decoding=\"async\" class=\"wp-image-90453\" src=\"https:\/\/exceladvisor.org\/wp-content\/uploads\/2023\/08\/6-cellules-vides-en-surbrillance-avec-mise-en-forme.png\" sizes=\"auto, \" srcset=\"\" alt=\"bi\u00e7imlendirmeli-bo\u015f-h\u00fccreleri-vurgula\" width=\"439\" height=\"334\"><\/figure><\/div><p> Yukar\u0131daki \u00f6rnekte, se\u00e7im h\u00fccresi birka\u00e7 bo\u015fluk i\u00e7eriyor ancak ko\u015fullu bi\u00e7imlendirme onu yine de bo\u015f olarak de\u011ferlendiriyor.<\/p><h2 class=\"wp-block-heading\"> Bo\u015f h\u00fccreler i\u00e7in ko\u015fullu bi\u00e7imlendirmede \u00f6zel form\u00fcl kullanma<\/h2><ol><li> \u00d6zel bir form\u00fcl kullanmak i\u00e7in Giri\u015f sekmesi &gt; Ko\u015fullu Bi\u00e7imlendirme &gt; Yeni Kural&#8217;a gidin. <br><img loading=\"lazy\" decoding=\"async\" title=\"7-\u00f6zel-form\u00fcl i\u00e7in-yeni-kural se\u00e7in\" src=\"https:\/\/exceladvisor.org\/wp-content\/uploads\/2023\/08\/7-selectionnez-une-nouvelle-regle-pour-la-formule-personnalisee.png\" sizes=\"auto, \" srcset=\"\" alt=\"7-select-new-rule-for-custom-formula\" width=\"208\" height=\"374\"><\/li><li> Yeni Kural ileti\u015fim kutusunda, &#8220;Bi\u00e7imlendirilecek h\u00fccreyi belirlemek i\u00e7in form\u00fcl&#8230;&#8221; se\u00e7ene\u011fini t\u0131klay\u0131n ve =VEYA(A1=&#8221;&#8221;,A1=&#8221;&#8221;) form\u00fcl\u00fcn\u00fc girin. <br><img loading=\"lazy\" decoding=\"async\" title=\"Hangi h\u00fccrenin formatlanaca\u011f\u0131n\u0131 belirlemek i\u00e7in 8 form\u00fcl\" src=\"https:\/\/exceladvisor.org\/wp-content\/uploads\/2023\/08\/8-formules-pour-determiner-quelle-cellule-formater.png\" sizes=\"auto, \" srcset=\"\" alt=\"8-formula-to-determine-which-cell-to-format\" width=\"530\" height=\"383\"><\/li><li> \u015eimdi \u201cBi\u00e7imlendir\u2026\u201d d\u00fc\u011fmesine t\u0131klay\u0131n ve bo\u015f h\u00fccreye uygulanacak bi\u00e7imi belirtin. <br><img loading=\"lazy\" decoding=\"async\" title=\"9-format\u0131-belirtin\" src=\"https:\/\/exceladvisor.org\/wp-content\/uploads\/2023\/08\/9-preciser-le-format.png\" sizes=\"auto, \" srcset=\"\" alt=\"9-specify-the-format\" width=\"517\" height=\"190\"><\/li><li> Ve ard\u0131ndan uygulamak i\u00e7in Tamam&#8217;a t\u0131klay\u0131n.<\/li><\/ol><p> Tamam&#8217;\u0131 t\u0131klatt\u0131\u011f\u0131n\u0131zda, vurgulanan t\u00fcm h\u00fccreleri al\u0131rs\u0131n\u0131z. <\/p><div class=\"wp-block-image\"><figure class=\"aligncenter size-full is-resized\"><img loading=\"lazy\" decoding=\"async\" class=\"wp-image-90457\" src=\"https:\/\/exceladvisor.org\/wp-content\/uploads\/2023\/08\/10-toutes-les-cellules-vides-en-surbrillance.png\" sizes=\"auto, \" srcset=\"\" alt=\"t\u00fcm bo\u015f h\u00fccreler vurgulanm\u0131\u015f\" width=\"410\" height=\"311\"><\/figure><\/div><p> \u0130ki ko\u015fulu test ederken kulland\u0131\u011f\u0131m\u0131z form\u00fcl, bir h\u00fccrenin bo\u015f olup olmad\u0131\u011f\u0131, ikincisi ise h\u00fccrede bo\u015fluk olup olmad\u0131\u011f\u0131d\u0131r.<\/p><p> <strong>Ama ilk y\u00f6ntemi kullanman\u0131z\u0131 \u00f6neririm.<\/strong> <\/p><div class=\"gb-container gb-container-52dfcee1 gb-container-sample-file\"><h2 class=\"gb-headline gb-headline-e289c143 gb-headline-text gb-headline-4f7959c2\"> Excel dosyas\u0131n\u0131 al\u0131n<\/h2><p> <a class=\"gb-button gb-button-e88d6bee gb-button-text gb-button-button1\" href=\"https:\/\/exceladvisor.org\/wp-content\/uploads\/2023\/08\/mise-en-forme-conditionnelle-de-cellule-vide.xlsx\" rel=\"nofollow\">\u0130ndirmek<\/a><\/p><\/div><div class=\"gb-container gb-container-6076ba72 gb-container-mt\"> <a class=\"gb-button gb-button-76e6a499 gb-button-text gb-button-mt-button\" href=\"https:\/\/exceladvisor.org\/tr\/excelin-temelleri\/\">Excel&#8217;in temellerini \u00f6\u011frenin<\/a><h2 class=\"gb-headline gb-headline-a9e9e206 gb-headline-text gb-headline-mt-heading\"> <a href=\"https:\/\/exceladvisor.org\/tr\/kosullu-bicimlendirme\/\">Ko\u015fullu bi\u00e7imlendirme<\/a> hakk\u0131nda daha fazla bilgi edinin <\/h2><div class=\"gb-grid-wrapper gb-grid-wrapper-790317cb gb-grid-wrapper-mt-grid\"><div class=\"gb-grid-column gb-grid-column-a9845ede\"><div class=\"gb-container gb-container-a9845ede\"><ul><li> <a href=\"https:\/\/exceladvisor.org\/tr\/kosullu-bicimlendirmeyi-uygula\/\">Pivot tabloya ko\u015fullu bi\u00e7imlendirme uygulama<\/a><\/li><li> <a href=\"https:\/\/exceladvisor.org\/tr\/geri-cekilmek\/\">Ko\u015fullu Bi\u00e7imlendirmeyi Kald\u0131r<\/a><\/li><li> <a href=\"https:\/\/exceladvisor.org\/tr\/sutunlari-karsilastir\/\">Ko\u015fullu bi\u00e7imlendirmeyi kullanarak iki s\u00fctunu kar\u015f\u0131la\u015ft\u0131rma<\/a> <\/li><\/ul><\/div><\/div><div class=\"gb-grid-column gb-grid-column-ec8ff319\"><div class=\"gb-container gb-container-ec8ff319\"><ul><li> <a href=\"https:\/\/exceladvisor.org\/tr\/ise-yaramiyor\/\">Ko\u015fullu bi\u00e7imlendirme Excel&#8217;de neden \u00e7al\u0131\u015fm\u0131yor?<\/a><\/li><li> <a href=\"https:\/\/exceladvisor.org\/tr\/hucre-metin-iceriyor\/\">Bir h\u00fccre belirli bir metin i\u00e7eriyorsa vurgulay\u0131n<\/a><\/li><li> <a href=\"https:\/\/exceladvisor.org\/tr\/2.-tarihe-gore\/\">Tarihe g\u00f6re ko\u015fullu bi\u00e7imlendirme uygulama<\/a><\/li><\/ul><\/div><\/div><\/div><\/div>","protected":false},"excerpt":{"rendered":"","protected":false},"author":1,"featured_media":0,"parent":0,"menu_order":0,"comment_status":"open","ping_status":"closed","template":"","meta":{"ub_ctt_via":"","footnotes":""},"class_list":["post-1773","page","type-page","status-publish","hentry"],"featured_image_src":null,"yoast_head":"<!-- This site is optimized with the Yoast SEO plugin v25.4 - https:\/\/yoast.com\/wordpress\/plugins\/seo\/ -->\n<title>Excel&#039;de Bo\u015f H\u00fccrelere Ko\u015fullu Bi\u00e7imlendirme<\/title>\n<meta name=\"description\" content=\"Bu e\u011fitim, bo\u015f h\u00fccreleri \u00f6n plana \u00e7\u0131karmak i\u00e7in ko\u015fullu bi\u00e7imlendirme uygulaman\u0131za yard\u0131mc\u0131 olur. Bunu kontrol edelim...\" \/>\n<meta name=\"robots\" content=\"index, follow, max-snippet:-1, max-image-preview:large, max-video-preview:-1\" \/>\n<link rel=\"canonical\" href=\"https:\/\/exceladvisor.org\/tr\/bos-hucreler\/\" \/>\n<meta property=\"og:locale\" content=\"tr_TR\" \/>\n<meta property=\"og:type\" content=\"article\" \/>\n<meta property=\"og:title\" content=\"Excel&#039;de Bo\u015f H\u00fccrelere Ko\u015fullu Bi\u00e7imlendirme\" \/>\n<meta property=\"og:description\" content=\"Bu e\u011fitim, bo\u015f h\u00fccreleri \u00f6n plana \u00e7\u0131karmak i\u00e7in ko\u015fullu bi\u00e7imlendirme uygulaman\u0131za yard\u0131mc\u0131 olur. Bunu kontrol edelim...\" \/>\n<meta property=\"og:url\" content=\"https:\/\/exceladvisor.org\/tr\/bos-hucreler\/\" \/>\n<meta property=\"og:site_name\" content=\"Excel Advisor\" \/>\n<meta property=\"article:modified_time\" content=\"2023-12-10T06:00:57+00:00\" \/>\n<meta property=\"og:image\" content=\"https:\/\/exceladvisor.org\/wp-content\/uploads\/2023\/08\/1-selectionner-la-gamme.png\" \/>\n<meta name=\"twitter:card\" content=\"summary_large_image\" \/>\n<meta name=\"twitter:label1\" content=\"Tahmini okuma s\u00fcresi\" \/>\n\t<meta name=\"twitter:data1\" content=\"2 dakika\" \/>\n<script type=\"application\/ld+json\" class=\"yoast-schema-graph\">{\"@context\":\"https:\/\/schema.org\",\"@graph\":[{\"@type\":\"WebPage\",\"@id\":\"https:\/\/exceladvisor.org\/tr\/bos-hucreler\/\",\"url\":\"https:\/\/exceladvisor.org\/tr\/bos-hucreler\/\",\"name\":\"Excel&#39;de Bo\u015f H\u00fccrelere Ko\u015fullu Bi\u00e7imlendirme\",\"isPartOf\":{\"@id\":\"https:\/\/exceladvisor.org\/tr\/#website\"},\"primaryImageOfPage\":{\"@id\":\"https:\/\/exceladvisor.org\/tr\/bos-hucreler\/#primaryimage\"},\"image\":{\"@id\":\"https:\/\/exceladvisor.org\/tr\/bos-hucreler\/#primaryimage\"},\"thumbnailUrl\":\"https:\/\/exceladvisor.org\/wp-content\/uploads\/2023\/08\/1-selectionner-la-gamme.png\",\"datePublished\":\"2023-11-05T18:13:15+00:00\",\"dateModified\":\"2023-12-10T06:00:57+00:00\",\"description\":\"Bu e\u011fitim, bo\u015f h\u00fccreleri \u00f6n plana \u00e7\u0131karmak i\u00e7in ko\u015fullu bi\u00e7imlendirme uygulaman\u0131za yard\u0131mc\u0131 olur. Bunu kontrol edelim...\",\"breadcrumb\":{\"@id\":\"https:\/\/exceladvisor.org\/tr\/bos-hucreler\/#breadcrumb\"},\"inLanguage\":\"tr\",\"potentialAction\":[{\"@type\":\"ReadAction\",\"target\":[\"https:\/\/exceladvisor.org\/tr\/bos-hucreler\/\"]}]},{\"@type\":\"ImageObject\",\"inLanguage\":\"tr\",\"@id\":\"https:\/\/exceladvisor.org\/tr\/bos-hucreler\/#primaryimage\",\"url\":\"https:\/\/exceladvisor.org\/wp-content\/uploads\/2023\/08\/1-selectionner-la-gamme.png\",\"contentUrl\":\"https:\/\/exceladvisor.org\/wp-content\/uploads\/2023\/08\/1-selectionner-la-gamme.png\"},{\"@type\":\"BreadcrumbList\",\"@id\":\"https:\/\/exceladvisor.org\/tr\/bos-hucreler\/#breadcrumb\",\"itemListElement\":[{\"@type\":\"ListItem\",\"position\":1,\"name\":\"Ev\",\"item\":\"https:\/\/exceladvisor.org\/tr\/\"},{\"@type\":\"ListItem\",\"position\":2,\"name\":\"Excel&#39;de bo\u015f h\u00fccrelere ko\u015fullu bi\u00e7imlendirme\"}]},{\"@type\":\"WebSite\",\"@id\":\"https:\/\/exceladvisor.org\/tr\/#website\",\"url\":\"https:\/\/exceladvisor.org\/tr\/\",\"name\":\"Excel Advisor\",\"description\":\"Veri hakimiyetine y\u00f6nelik nihai rehberiniz!\",\"publisher\":{\"@id\":\"https:\/\/exceladvisor.org\/tr\/#organization\"},\"potentialAction\":[{\"@type\":\"SearchAction\",\"target\":{\"@type\":\"EntryPoint\",\"urlTemplate\":\"https:\/\/exceladvisor.org\/tr\/?s={search_term_string}\"},\"query-input\":{\"@type\":\"PropertyValueSpecification\",\"valueRequired\":true,\"valueName\":\"search_term_string\"}}],\"inLanguage\":\"tr\"},{\"@type\":\"Organization\",\"@id\":\"https:\/\/exceladvisor.org\/tr\/#organization\",\"name\":\"Excel Advisor\",\"url\":\"https:\/\/exceladvisor.org\/tr\/\",\"logo\":{\"@type\":\"ImageObject\",\"inLanguage\":\"tr\",\"@id\":\"https:\/\/exceladvisor.org\/tr\/#\/schema\/logo\/image\/\",\"url\":\"https:\/\/exceladvisor.org\/tr\/wp-content\/uploads\/2023\/12\/exceladvisor.org_.png\",\"contentUrl\":\"https:\/\/exceladvisor.org\/tr\/wp-content\/uploads\/2023\/12\/exceladvisor.org_.png\",\"width\":105,\"height\":36,\"caption\":\"Excel Advisor\"},\"image\":{\"@id\":\"https:\/\/exceladvisor.org\/tr\/#\/schema\/logo\/image\/\"}}]}<\/script>\n<!-- \/ Yoast SEO plugin. -->","yoast_head_json":{"title":"Excel&#39;de Bo\u015f H\u00fccrelere Ko\u015fullu Bi\u00e7imlendirme","description":"Bu e\u011fitim, bo\u015f h\u00fccreleri \u00f6n plana \u00e7\u0131karmak i\u00e7in ko\u015fullu bi\u00e7imlendirme uygulaman\u0131za yard\u0131mc\u0131 olur. Bunu kontrol edelim...","robots":{"index":"index","follow":"follow","max-snippet":"max-snippet:-1","max-image-preview":"max-image-preview:large","max-video-preview":"max-video-preview:-1"},"canonical":"https:\/\/exceladvisor.org\/tr\/bos-hucreler\/","og_locale":"tr_TR","og_type":"article","og_title":"Excel&#39;de Bo\u015f H\u00fccrelere Ko\u015fullu Bi\u00e7imlendirme","og_description":"Bu e\u011fitim, bo\u015f h\u00fccreleri \u00f6n plana \u00e7\u0131karmak i\u00e7in ko\u015fullu bi\u00e7imlendirme uygulaman\u0131za yard\u0131mc\u0131 olur. Bunu kontrol edelim...","og_url":"https:\/\/exceladvisor.org\/tr\/bos-hucreler\/","og_site_name":"Excel Advisor","article_modified_time":"2023-12-10T06:00:57+00:00","og_image":[{"url":"https:\/\/exceladvisor.org\/wp-content\/uploads\/2023\/08\/1-selectionner-la-gamme.png","type":"","width":"","height":""}],"twitter_card":"summary_large_image","twitter_misc":{"Tahmini okuma s\u00fcresi":"2 dakika"},"schema":{"@context":"https:\/\/schema.org","@graph":[{"@type":"WebPage","@id":"https:\/\/exceladvisor.org\/tr\/bos-hucreler\/","url":"https:\/\/exceladvisor.org\/tr\/bos-hucreler\/","name":"Excel&#39;de Bo\u015f H\u00fccrelere Ko\u015fullu Bi\u00e7imlendirme","isPartOf":{"@id":"https:\/\/exceladvisor.org\/tr\/#website"},"primaryImageOfPage":{"@id":"https:\/\/exceladvisor.org\/tr\/bos-hucreler\/#primaryimage"},"image":{"@id":"https:\/\/exceladvisor.org\/tr\/bos-hucreler\/#primaryimage"},"thumbnailUrl":"https:\/\/exceladvisor.org\/wp-content\/uploads\/2023\/08\/1-selectionner-la-gamme.png","datePublished":"2023-11-05T18:13:15+00:00","dateModified":"2023-12-10T06:00:57+00:00","description":"Bu e\u011fitim, bo\u015f h\u00fccreleri \u00f6n plana \u00e7\u0131karmak i\u00e7in ko\u015fullu bi\u00e7imlendirme uygulaman\u0131za yard\u0131mc\u0131 olur. Bunu kontrol edelim...","breadcrumb":{"@id":"https:\/\/exceladvisor.org\/tr\/bos-hucreler\/#breadcrumb"},"inLanguage":"tr","potentialAction":[{"@type":"ReadAction","target":["https:\/\/exceladvisor.org\/tr\/bos-hucreler\/"]}]},{"@type":"ImageObject","inLanguage":"tr","@id":"https:\/\/exceladvisor.org\/tr\/bos-hucreler\/#primaryimage","url":"https:\/\/exceladvisor.org\/wp-content\/uploads\/2023\/08\/1-selectionner-la-gamme.png","contentUrl":"https:\/\/exceladvisor.org\/wp-content\/uploads\/2023\/08\/1-selectionner-la-gamme.png"},{"@type":"BreadcrumbList","@id":"https:\/\/exceladvisor.org\/tr\/bos-hucreler\/#breadcrumb","itemListElement":[{"@type":"ListItem","position":1,"name":"Ev","item":"https:\/\/exceladvisor.org\/tr\/"},{"@type":"ListItem","position":2,"name":"Excel&#39;de bo\u015f h\u00fccrelere ko\u015fullu bi\u00e7imlendirme"}]},{"@type":"WebSite","@id":"https:\/\/exceladvisor.org\/tr\/#website","url":"https:\/\/exceladvisor.org\/tr\/","name":"Excel Advisor","description":"Veri hakimiyetine y\u00f6nelik nihai rehberiniz!","publisher":{"@id":"https:\/\/exceladvisor.org\/tr\/#organization"},"potentialAction":[{"@type":"SearchAction","target":{"@type":"EntryPoint","urlTemplate":"https:\/\/exceladvisor.org\/tr\/?s={search_term_string}"},"query-input":{"@type":"PropertyValueSpecification","valueRequired":true,"valueName":"search_term_string"}}],"inLanguage":"tr"},{"@type":"Organization","@id":"https:\/\/exceladvisor.org\/tr\/#organization","name":"Excel Advisor","url":"https:\/\/exceladvisor.org\/tr\/","logo":{"@type":"ImageObject","inLanguage":"tr","@id":"https:\/\/exceladvisor.org\/tr\/#\/schema\/logo\/image\/","url":"https:\/\/exceladvisor.org\/tr\/wp-content\/uploads\/2023\/12\/exceladvisor.org_.png","contentUrl":"https:\/\/exceladvisor.org\/tr\/wp-content\/uploads\/2023\/12\/exceladvisor.org_.png","width":105,"height":36,"caption":"Excel Advisor"},"image":{"@id":"https:\/\/exceladvisor.org\/tr\/#\/schema\/logo\/image\/"}}]}},"yoast_meta":{"yoast_wpseo_title":"","yoast_wpseo_metadesc":"","yoast_wpseo_canonical":""},"_links":{"self":[{"href":"https:\/\/exceladvisor.org\/tr\/wp-json\/wp\/v2\/pages\/1773","targetHints":{"allow":["GET"]}}],"collection":[{"href":"https:\/\/exceladvisor.org\/tr\/wp-json\/wp\/v2\/pages"}],"about":[{"href":"https:\/\/exceladvisor.org\/tr\/wp-json\/wp\/v2\/types\/page"}],"author":[{"embeddable":true,"href":"https:\/\/exceladvisor.org\/tr\/wp-json\/wp\/v2\/users\/1"}],"replies":[{"embeddable":true,"href":"https:\/\/exceladvisor.org\/tr\/wp-json\/wp\/v2\/comments?post=1773"}],"version-history":[{"count":1,"href":"https:\/\/exceladvisor.org\/tr\/wp-json\/wp\/v2\/pages\/1773\/revisions"}],"predecessor-version":[{"id":2449,"href":"https:\/\/exceladvisor.org\/tr\/wp-json\/wp\/v2\/pages\/1773\/revisions\/2449"}],"wp:attachment":[{"href":"https:\/\/exceladvisor.org\/tr\/wp-json\/wp\/v2\/media?parent=1773"}],"curies":[{"name":"wp","href":"https:\/\/api.w.org\/{rel}","templated":true}]}}