{"id":1775,"date":"2023-11-05T12:35:01","date_gmt":"2023-11-05T12:35:01","guid":{"rendered":"https:\/\/exceladvisor.org\/tr\/toplam-urun-2\/"},"modified":"2023-12-10T05:59:40","modified_gmt":"2023-12-10T05:59:40","slug":"toplam-urun-2","status":"publish","type":"page","link":"https:\/\/exceladvisor.org\/tr\/toplam-urun-2\/","title":{"rendered":"Excel i\u015flevi: topla\u00e7arpim"},"content":{"rendered":"<div class=\"excel-icerikten-once\" id=\"excel-4073703039\"><script type=\"text\/javascript\">\r\n\tatOptions = {\r\n\t\t'key' : 'c1158f160081d6540a8409e6925dab94',\r\n\t\t'format' : 'iframe',\r\n\t\t'height' : 250,\r\n\t\t'width' : 300,\r\n\t\t'params' : {}\r\n\t};\r\n<\/script>\r\n<script type=\"text\/javascript\" src=\"\/\/www.highperformanceformat.com\/c1158f160081d6540a8409e6925dab94\/invoke.js\"><\/script><\/div> <p>SUMproduct i\u015flevi, aral\u0131k veya dizilerdeki toplam ve \u00e7arpma de\u011ferlerinden sonra bir de\u011fer d\u00f6nd\u00fcrmek i\u00e7in kullan\u0131labilir. Basit bir ifadeyle, \u00f6nce aral\u0131klardan e\u015fle\u015fen h\u00fccreleri \u00e7arpar ve ard\u0131ndan t\u00fcm de\u011ferleri \u00f6zetler. Bu, Excel&#8217;de veri analizi i\u00e7in kullan\u0131labilecek en kullan\u0131\u015fl\u0131 ve g\u00fc\u00e7l\u00fc i\u015flevlerden biridir. <\/p><div class=\"wp-block-image\"><figure class=\"aligncenter size-full is-resized\"><img loading=\"lazy\" decoding=\"async\" class=\"wp-image-66787\" src=\"https:\/\/exceladvisor.org\/wp-content\/uploads\/2023\/08\/introduction-a-la-fonction-sumproduct.png\" sizes=\"auto, \" srcset=\"\" alt=\"sumproduct-fonksiyon-giri\u015f\" width=\"409\" height=\"243\"><\/figure><\/div><h2 class=\"wp-block-heading\"> S\u00f6zdizimi<\/h2><p class=\"formula\"> <em>TOPLA\u00c7ARP(dizi1, [dizi2], [dizi3], \u2026)<\/em><\/p><h2 class=\"wp-block-heading\"> Arg\u00fcmanlar<\/h2><ul><li> dizi1: \u00c7arpmak ve sonra eklemek istedi\u011finiz ilk dizi.<\/li><li> [dizi2]: \u00c7arpmak ve ard\u0131ndan eklemek istedi\u011finiz ikinci dizi.<\/li><\/ul><h2 class=\"wp-block-heading\"> \u00d6rnek<\/h2><p> A\u015fa\u011f\u0131daki \u00f6rnekte, D s\u00fctunu ve F s\u00fctunundaki de\u011ferleri \u00e7arpmak ve toplamak i\u00e7in SUMproduct&#8217;\u0131 kulland\u0131k. <\/p><div class=\"wp-block-image\"><figure class=\"aligncenter size-full is-resized\"><img loading=\"lazy\" decoding=\"async\" class=\"wp-image-66784\" src=\"https:\/\/exceladvisor.org\/wp-content\/uploads\/2023\/08\/exemple-de-fonction-sumproduct-1.png\" sizes=\"auto, \" srcset=\"\" alt=\"toplam\u00fcr\u00fcn-i\u015flevi-\u00f6rnek-1\" width=\"680\" height=\"335\"><\/figure><\/div><p> Burada ilk tabloda A1:A8 aral\u0131\u011f\u0131n\u0131, ikinci tabloda ise C1:C8 aral\u0131\u011f\u0131n\u0131 belirttik.<\/p><p> \u015eimdi olan \u015fey, iki aral\u0131\u011f\u0131n (A1xC1, A2xC2, vb.) \u00e7oklu de\u011ferleridir.<\/p><p> Ve t\u00fcm de\u011ferleri \u00e7arpt\u0131ktan sonra bunlar\u0131 topluyor ve sonu\u00e7 olarak size o de\u011feri g\u00f6steriyor.<\/p><p> Ad\u0131ndan da anla\u015f\u0131laca\u011f\u0131 gibi SUMproduct i\u015flevi \u00f6nce t\u00fcm de\u011ferlerin \u00e7arp\u0131m\u0131n\u0131 hesaplar, ard\u0131ndan hepsini bir araya getirerek tek bir h\u00fccrede elde eder.<\/p><p> SUMproduct&#8217;\u0131n ne kadar g\u00fc\u00e7l\u00fc oldu\u011funu anlaman\u0131z\u0131 sa\u011flamak i\u00e7in a\u015fa\u011f\u0131daki \u00f6rnekte ayn\u0131 sonucu bir yard\u0131mc\u0131 s\u00fctun ve SUM i\u015fleviyle elde ediyoruz. <\/p><div class=\"wp-block-image\"><figure class=\"aligncenter size-full is-resized\"><img loading=\"lazy\" decoding=\"async\" class=\"wp-image-66785\" src=\"https:\/\/exceladvisor.org\/wp-content\/uploads\/2023\/08\/exemple-de-fonction-sommeproduit-2.png\" sizes=\"auto, \" srcset=\"\" alt=\"toplam\u00fcr\u00fcn-i\u015flevi-\u00f6rnek-2\" width=\"632\" height=\"254\"><\/figure><\/div><p> Bu y\u00fczden SUMproduct&#8217;un verileri analiz etmek ve karma\u015f\u0131k hesaplamalar yapmak i\u00e7in Excel&#8217;de sahip oldu\u011fumuz en g\u00fc\u00e7l\u00fc i\u015flevlerden biri oldu\u011funu s\u00f6yledim. Biraz daha ileri giderek, tablodaki bir de\u011feri aramak i\u00e7in SUMproduct&#8217;\u0131 kulland\u0131k. <\/p><div class=\"wp-block-image\"><figure class=\"aligncenter size-full is-resized\"><img loading=\"lazy\" decoding=\"async\" class=\"wp-image-66786\" src=\"https:\/\/exceladvisor.org\/wp-content\/uploads\/2023\/08\/exemple-de-fonction-sumproduct-3.png\" sizes=\"auto, \" srcset=\"\" alt=\"toplam\u00fcr\u00fcn-i\u015flevi-\u00f6rnek-3\" width=\"531\" height=\"294\"><\/figure><\/div><p> <a href=\"https:\/\/exceladvisor.org\/wp-content\/uploads\/2023\/08\/produit-somme-2.xlsx\" target=\"_blank\" rel=\"noreferrer noopener nofollow\"><em>\u00f6rnek dosya.xlsx<\/em><\/a><\/p><h2 class=\"wp-block-heading\"> \u00d6nemli noktalar<\/h2><ul><li> Dizi2&#8217;yi belirtmezseniz, SUMproduct yaln\u0131zca dizi1&#8217;i toplayacakt\u0131r.<\/li><li> Her dizinin maksimum boyutu ayn\u0131 olmal\u0131d\u0131r. Dizi1&#8217;in be\u015f h\u00fccresi varsa dizi2&#8217;nin h\u00fccreleri 5 olmal\u0131d\u0131r.<\/li><li> Metin ve di\u011fer say\u0131sal olmayan giri\u015fler 0 olarak de\u011ferlendirilecektir.<\/li><\/ul><p> \u21e0 <strong><a href=\"https:\/\/exceladvisor.org\/tr\/excel-fonksiyonlari\/\">Excel i\u015flevlerine<\/a> d\u00f6n\u00fc\u015f<\/strong><\/p>","protected":false},"excerpt":{"rendered":"","protected":false},"author":1,"featured_media":0,"parent":0,"menu_order":0,"comment_status":"open","ping_status":"closed","template":"","meta":{"ub_ctt_via":"","footnotes":""},"class_list":["post-1775","page","type-page","status-publish","hentry"],"featured_image_src":null,"yoast_head":"<!-- This site is optimized with the Yoast SEO plugin v25.4 - https:\/\/yoast.com\/wordpress\/plugins\/seo\/ -->\n<title>SUMproduct (\u00d6rnek + \u00f6rnek dosya ile Excel i\u015flevi)<\/title>\n<meta name=\"description\" content=\"Excel&#039;de SUMproduct i\u015flevinin nas\u0131l kullan\u0131laca\u011f\u0131n\u0131 \u00f6\u011frenmek i\u00e7in h\u0131zl\u0131 ve kolay bir e\u011fitim.\" \/>\n<meta name=\"robots\" content=\"index, follow, max-snippet:-1, max-image-preview:large, max-video-preview:-1\" \/>\n<link rel=\"canonical\" href=\"https:\/\/exceladvisor.org\/tr\/toplam-urun-2\/\" \/>\n<meta property=\"og:locale\" content=\"tr_TR\" \/>\n<meta property=\"og:type\" content=\"article\" \/>\n<meta property=\"og:title\" content=\"SUMproduct (\u00d6rnek + \u00f6rnek dosya ile Excel i\u015flevi)\" \/>\n<meta property=\"og:description\" content=\"Excel&#039;de SUMproduct i\u015flevinin nas\u0131l kullan\u0131laca\u011f\u0131n\u0131 \u00f6\u011frenmek i\u00e7in h\u0131zl\u0131 ve kolay bir e\u011fitim.\" \/>\n<meta property=\"og:url\" content=\"https:\/\/exceladvisor.org\/tr\/toplam-urun-2\/\" \/>\n<meta property=\"og:site_name\" content=\"Excel Advisor\" \/>\n<meta property=\"article:modified_time\" content=\"2023-12-10T05:59:40+00:00\" \/>\n<meta property=\"og:image\" content=\"https:\/\/exceladvisor.org\/wp-content\/uploads\/2023\/08\/introduction-a-la-fonction-sumproduct.png\" \/>\n<meta name=\"twitter:card\" content=\"summary_large_image\" \/>\n<meta name=\"twitter:label1\" content=\"Tahmini okuma s\u00fcresi\" \/>\n\t<meta name=\"twitter:data1\" content=\"2 dakika\" \/>\n<script type=\"application\/ld+json\" class=\"yoast-schema-graph\">{\"@context\":\"https:\/\/schema.org\",\"@graph\":[{\"@type\":\"WebPage\",\"@id\":\"https:\/\/exceladvisor.org\/tr\/toplam-urun-2\/\",\"url\":\"https:\/\/exceladvisor.org\/tr\/toplam-urun-2\/\",\"name\":\"SUMproduct (\u00d6rnek + \u00f6rnek dosya ile Excel i\u015flevi)\",\"isPartOf\":{\"@id\":\"https:\/\/exceladvisor.org\/tr\/#website\"},\"primaryImageOfPage\":{\"@id\":\"https:\/\/exceladvisor.org\/tr\/toplam-urun-2\/#primaryimage\"},\"image\":{\"@id\":\"https:\/\/exceladvisor.org\/tr\/toplam-urun-2\/#primaryimage\"},\"thumbnailUrl\":\"https:\/\/exceladvisor.org\/wp-content\/uploads\/2023\/08\/introduction-a-la-fonction-sumproduct.png\",\"datePublished\":\"2023-11-05T12:35:01+00:00\",\"dateModified\":\"2023-12-10T05:59:40+00:00\",\"description\":\"Excel&#39;de SUMproduct i\u015flevinin nas\u0131l kullan\u0131laca\u011f\u0131n\u0131 \u00f6\u011frenmek i\u00e7in h\u0131zl\u0131 ve kolay bir e\u011fitim.\",\"breadcrumb\":{\"@id\":\"https:\/\/exceladvisor.org\/tr\/toplam-urun-2\/#breadcrumb\"},\"inLanguage\":\"tr\",\"potentialAction\":[{\"@type\":\"ReadAction\",\"target\":[\"https:\/\/exceladvisor.org\/tr\/toplam-urun-2\/\"]}]},{\"@type\":\"ImageObject\",\"inLanguage\":\"tr\",\"@id\":\"https:\/\/exceladvisor.org\/tr\/toplam-urun-2\/#primaryimage\",\"url\":\"https:\/\/exceladvisor.org\/wp-content\/uploads\/2023\/08\/introduction-a-la-fonction-sumproduct.png\",\"contentUrl\":\"https:\/\/exceladvisor.org\/wp-content\/uploads\/2023\/08\/introduction-a-la-fonction-sumproduct.png\"},{\"@type\":\"BreadcrumbList\",\"@id\":\"https:\/\/exceladvisor.org\/tr\/toplam-urun-2\/#breadcrumb\",\"itemListElement\":[{\"@type\":\"ListItem\",\"position\":1,\"name\":\"Ev\",\"item\":\"https:\/\/exceladvisor.org\/tr\/\"},{\"@type\":\"ListItem\",\"position\":2,\"name\":\"Excel i\u015flevi: topla\u00e7arpim\"}]},{\"@type\":\"WebSite\",\"@id\":\"https:\/\/exceladvisor.org\/tr\/#website\",\"url\":\"https:\/\/exceladvisor.org\/tr\/\",\"name\":\"Excel Advisor\",\"description\":\"Veri hakimiyetine y\u00f6nelik nihai rehberiniz!\",\"publisher\":{\"@id\":\"https:\/\/exceladvisor.org\/tr\/#organization\"},\"potentialAction\":[{\"@type\":\"SearchAction\",\"target\":{\"@type\":\"EntryPoint\",\"urlTemplate\":\"https:\/\/exceladvisor.org\/tr\/?s={search_term_string}\"},\"query-input\":{\"@type\":\"PropertyValueSpecification\",\"valueRequired\":true,\"valueName\":\"search_term_string\"}}],\"inLanguage\":\"tr\"},{\"@type\":\"Organization\",\"@id\":\"https:\/\/exceladvisor.org\/tr\/#organization\",\"name\":\"Excel Advisor\",\"url\":\"https:\/\/exceladvisor.org\/tr\/\",\"logo\":{\"@type\":\"ImageObject\",\"inLanguage\":\"tr\",\"@id\":\"https:\/\/exceladvisor.org\/tr\/#\/schema\/logo\/image\/\",\"url\":\"https:\/\/exceladvisor.org\/tr\/wp-content\/uploads\/2023\/12\/exceladvisor.org_.png\",\"contentUrl\":\"https:\/\/exceladvisor.org\/tr\/wp-content\/uploads\/2023\/12\/exceladvisor.org_.png\",\"width\":105,\"height\":36,\"caption\":\"Excel Advisor\"},\"image\":{\"@id\":\"https:\/\/exceladvisor.org\/tr\/#\/schema\/logo\/image\/\"}}]}<\/script>\n<!-- \/ Yoast SEO plugin. -->","yoast_head_json":{"title":"SUMproduct (\u00d6rnek + \u00f6rnek dosya ile Excel i\u015flevi)","description":"Excel&#39;de SUMproduct i\u015flevinin nas\u0131l kullan\u0131laca\u011f\u0131n\u0131 \u00f6\u011frenmek i\u00e7in h\u0131zl\u0131 ve kolay bir e\u011fitim.","robots":{"index":"index","follow":"follow","max-snippet":"max-snippet:-1","max-image-preview":"max-image-preview:large","max-video-preview":"max-video-preview:-1"},"canonical":"https:\/\/exceladvisor.org\/tr\/toplam-urun-2\/","og_locale":"tr_TR","og_type":"article","og_title":"SUMproduct (\u00d6rnek + \u00f6rnek dosya ile Excel i\u015flevi)","og_description":"Excel&#39;de SUMproduct i\u015flevinin nas\u0131l kullan\u0131laca\u011f\u0131n\u0131 \u00f6\u011frenmek i\u00e7in h\u0131zl\u0131 ve kolay bir e\u011fitim.","og_url":"https:\/\/exceladvisor.org\/tr\/toplam-urun-2\/","og_site_name":"Excel Advisor","article_modified_time":"2023-12-10T05:59:40+00:00","og_image":[{"url":"https:\/\/exceladvisor.org\/wp-content\/uploads\/2023\/08\/introduction-a-la-fonction-sumproduct.png","type":"","width":"","height":""}],"twitter_card":"summary_large_image","twitter_misc":{"Tahmini okuma s\u00fcresi":"2 dakika"},"schema":{"@context":"https:\/\/schema.org","@graph":[{"@type":"WebPage","@id":"https:\/\/exceladvisor.org\/tr\/toplam-urun-2\/","url":"https:\/\/exceladvisor.org\/tr\/toplam-urun-2\/","name":"SUMproduct (\u00d6rnek + \u00f6rnek dosya ile Excel i\u015flevi)","isPartOf":{"@id":"https:\/\/exceladvisor.org\/tr\/#website"},"primaryImageOfPage":{"@id":"https:\/\/exceladvisor.org\/tr\/toplam-urun-2\/#primaryimage"},"image":{"@id":"https:\/\/exceladvisor.org\/tr\/toplam-urun-2\/#primaryimage"},"thumbnailUrl":"https:\/\/exceladvisor.org\/wp-content\/uploads\/2023\/08\/introduction-a-la-fonction-sumproduct.png","datePublished":"2023-11-05T12:35:01+00:00","dateModified":"2023-12-10T05:59:40+00:00","description":"Excel&#39;de SUMproduct i\u015flevinin nas\u0131l kullan\u0131laca\u011f\u0131n\u0131 \u00f6\u011frenmek i\u00e7in h\u0131zl\u0131 ve kolay bir e\u011fitim.","breadcrumb":{"@id":"https:\/\/exceladvisor.org\/tr\/toplam-urun-2\/#breadcrumb"},"inLanguage":"tr","potentialAction":[{"@type":"ReadAction","target":["https:\/\/exceladvisor.org\/tr\/toplam-urun-2\/"]}]},{"@type":"ImageObject","inLanguage":"tr","@id":"https:\/\/exceladvisor.org\/tr\/toplam-urun-2\/#primaryimage","url":"https:\/\/exceladvisor.org\/wp-content\/uploads\/2023\/08\/introduction-a-la-fonction-sumproduct.png","contentUrl":"https:\/\/exceladvisor.org\/wp-content\/uploads\/2023\/08\/introduction-a-la-fonction-sumproduct.png"},{"@type":"BreadcrumbList","@id":"https:\/\/exceladvisor.org\/tr\/toplam-urun-2\/#breadcrumb","itemListElement":[{"@type":"ListItem","position":1,"name":"Ev","item":"https:\/\/exceladvisor.org\/tr\/"},{"@type":"ListItem","position":2,"name":"Excel i\u015flevi: topla\u00e7arpim"}]},{"@type":"WebSite","@id":"https:\/\/exceladvisor.org\/tr\/#website","url":"https:\/\/exceladvisor.org\/tr\/","name":"Excel Advisor","description":"Veri hakimiyetine y\u00f6nelik nihai rehberiniz!","publisher":{"@id":"https:\/\/exceladvisor.org\/tr\/#organization"},"potentialAction":[{"@type":"SearchAction","target":{"@type":"EntryPoint","urlTemplate":"https:\/\/exceladvisor.org\/tr\/?s={search_term_string}"},"query-input":{"@type":"PropertyValueSpecification","valueRequired":true,"valueName":"search_term_string"}}],"inLanguage":"tr"},{"@type":"Organization","@id":"https:\/\/exceladvisor.org\/tr\/#organization","name":"Excel Advisor","url":"https:\/\/exceladvisor.org\/tr\/","logo":{"@type":"ImageObject","inLanguage":"tr","@id":"https:\/\/exceladvisor.org\/tr\/#\/schema\/logo\/image\/","url":"https:\/\/exceladvisor.org\/tr\/wp-content\/uploads\/2023\/12\/exceladvisor.org_.png","contentUrl":"https:\/\/exceladvisor.org\/tr\/wp-content\/uploads\/2023\/12\/exceladvisor.org_.png","width":105,"height":36,"caption":"Excel Advisor"},"image":{"@id":"https:\/\/exceladvisor.org\/tr\/#\/schema\/logo\/image\/"}}]}},"yoast_meta":{"yoast_wpseo_title":"","yoast_wpseo_metadesc":"","yoast_wpseo_canonical":""},"_links":{"self":[{"href":"https:\/\/exceladvisor.org\/tr\/wp-json\/wp\/v2\/pages\/1775","targetHints":{"allow":["GET"]}}],"collection":[{"href":"https:\/\/exceladvisor.org\/tr\/wp-json\/wp\/v2\/pages"}],"about":[{"href":"https:\/\/exceladvisor.org\/tr\/wp-json\/wp\/v2\/types\/page"}],"author":[{"embeddable":true,"href":"https:\/\/exceladvisor.org\/tr\/wp-json\/wp\/v2\/users\/1"}],"replies":[{"embeddable":true,"href":"https:\/\/exceladvisor.org\/tr\/wp-json\/wp\/v2\/comments?post=1775"}],"version-history":[{"count":1,"href":"https:\/\/exceladvisor.org\/tr\/wp-json\/wp\/v2\/pages\/1775\/revisions"}],"predecessor-version":[{"id":2344,"href":"https:\/\/exceladvisor.org\/tr\/wp-json\/wp\/v2\/pages\/1775\/revisions\/2344"}],"wp:attachment":[{"href":"https:\/\/exceladvisor.org\/tr\/wp-json\/wp\/v2\/media?parent=1775"}],"curies":[{"name":"wp","href":"https:\/\/api.w.org\/{rel}","templated":true}]}}