{"id":1777,"date":"2023-11-05T12:18:21","date_gmt":"2023-11-05T12:18:21","guid":{"rendered":"https:\/\/exceladvisor.org\/tr\/tamsayi-3\/"},"modified":"2023-12-10T05:59:40","modified_gmt":"2023-12-10T05:59:40","slug":"tamsayi-3","status":"publish","type":"page","link":"https:\/\/exceladvisor.org\/tr\/tamsayi-3\/","title":{"rendered":"Excel i\u015flevi: int"},"content":{"rendered":"<div class=\"excel-icerikten-once\" id=\"excel-2276168805\"><script type=\"text\/javascript\">\r\n\tatOptions = {\r\n\t\t'key' : 'c1158f160081d6540a8409e6925dab94',\r\n\t\t'format' : 'iframe',\r\n\t\t'height' : 250,\r\n\t\t'width' : 300,\r\n\t\t'params' : {}\r\n\t};\r\n<\/script>\r\n<script type=\"text\/javascript\" src=\"\/\/www.highperformanceformat.com\/c1158f160081d6540a8409e6925dab94\/invoke.js\"><\/script><\/div> <p>INT <strong>ondal\u0131k say\u0131n\u0131n tamsay\u0131 k\u0131sm\u0131n\u0131 d\u00f6nd\u00fcr\u00fcr<\/strong> . Basit bir ifadeyle, belirtilen say\u0131y\u0131 ondal\u0131k basamaklar\u0131n\u0131 \u00e7\u0131kararak yuvarlar ve yaln\u0131zca tam say\u0131y\u0131 (kesirli veya ondal\u0131ks\u0131z say\u0131) d\u00f6nd\u00fcr\u00fcr. <\/p><div class=\"wp-block-image\"><figure class=\"aligncenter size-full is-resized\"><img loading=\"lazy\" decoding=\"async\" class=\"wp-image-72702\" src=\"https:\/\/exceladvisor.org\/wp-content\/uploads\/2023\/08\/1-fonction-entiere.png\" sizes=\"auto, \" srcset=\"\" alt=\"int-fonksiyonu\" width=\"482\" height=\"169\"><\/figure><\/div><h2 class=\"wp-block-heading\"> S\u00f6zdizimi<\/h2><p> INT(say\u0131)<\/p><h2 class=\"wp-block-heading\"> Arg\u00fcmanlar<\/h2><ul><li> <strong>say\u0131:<\/strong> en yak\u0131n tam say\u0131ya yuvarlamak istedi\u011finiz say\u0131.<\/li><\/ul><h2 class=\"wp-block-heading\"> \u00d6rnek<\/h2><p> A\u015fa\u011f\u0131daki \u00f6rnekte d\u00f6rt ondal\u0131k haneli bir say\u0131m\u0131z var ve INT fonksiyonunu kullan\u0131p B1 h\u00fccresindeki de\u011ferleri belirtti\u011finizde ayn\u0131 say\u0131y\u0131 ondal\u0131k basamakl\u0131 ancak ondal\u0131ks\u0131z olarak d\u00f6nd\u00fcr\u00fcyor. <\/p><div class=\"wp-block-image\"><figure class=\"aligncenter size-full is-resized\"><img loading=\"lazy\" decoding=\"async\" class=\"wp-image-66958\" src=\"https:\/\/exceladvisor.org\/wp-content\/uploads\/2023\/08\/exemple-de-fonction-excel-int-1-2.png\" sizes=\"auto, \" srcset=\"\" alt=\"excel-int-fonksiyon-\u00f6rnek-1\" width=\"485\" height=\"280\"><\/figure><\/div><p> Yani orijinal de\u011ferde 101.4868 varken, INT ondal\u0131k basamaklar\u0131 \u00e7\u0131kard\u0131ktan sonra sonu\u00e7ta 101 de\u011ferini d\u00f6nd\u00fcr\u00fcr.<\/p><p> \u015eimdi, ger\u00e7ek d\u00fcnyada INT son derece kullan\u0131\u015fl\u0131d\u0131r ve \u00f6rneklerden biri, tarih saat de\u011ferinden saati kald\u0131rman\u0131z gerekti\u011fi zamand\u0131r. <\/p><div class=\"wp-block-image\"><figure class=\"aligncenter size-full is-resized\"><img loading=\"lazy\" decoding=\"async\" class=\"wp-image-66959\" src=\"https:\/\/exceladvisor.org\/wp-content\/uploads\/2023\/08\/excel-int-fonction-date-separee.png\" sizes=\"auto, \" srcset=\"\" alt=\"excel-int-tarih-ayr\u0131lm\u0131\u015f-i\u015flev\" width=\"431\" height=\"161\"><\/figure><\/div><p> Benzer \u015fekilde, a\u015fa\u011f\u0131daki \u00f6rnekte kulland\u0131\u011f\u0131m\u0131z gibi, tarih ve saat de\u011ferinden tarihi kald\u0131rmak i\u00e7in de kullanabilirsiniz. <\/p><div class=\"wp-block-image\"><figure class=\"aligncenter size-full is-resized\"><img loading=\"lazy\" decoding=\"async\" class=\"wp-image-66960\" src=\"https:\/\/exceladvisor.org\/wp-content\/uploads\/2023\/08\/excel-int-fonction-temps-separe.png\" sizes=\"auto, \" srcset=\"\" alt=\"excel-int-zamanla ayr\u0131lm\u0131\u015f-i\u015flev\" width=\"472\" height=\"165\"><\/figure><\/div><p> <strong><em><a href=\"https:\/\/exceladvisor.org\/wp-content\/uploads\/2023\/08\/entier-2.xlsx\" target=\"_blank\" rel=\"noreferrer noopener nofollow\">\u00f6rnek dosya.xlsx<\/a><\/em><\/strong><\/p><h2 class=\"wp-block-heading\"> \u00d6nemli noktalar<\/h2><ol><li> Pozitif ve negatif say\u0131lar\u0131 yuvarlayacakt\u0131r. Ancak negatif bir say\u0131y\u0131 yuvarlad\u0131\u011f\u0131n\u0131zda, onu s\u0131f\u0131rdan yuvarlar. Yani -3,9&#8217;u yuvarlad\u0131\u011f\u0131n\u0131zda sonu\u00e7ta 4 de\u011feri d\u00f6necektir.<\/li><li> #REF al\u0131rs\u0131n\u0131z! Belirtti\u011finiz say\u0131 ge\u00e7ersizse hata ve #DE\u011eER! Say\u0131 yerine metin belirtirseniz hata olu\u015fur.<\/li><\/ol>","protected":false},"excerpt":{"rendered":"","protected":false},"author":1,"featured_media":0,"parent":0,"menu_order":0,"comment_status":"open","ping_status":"closed","template":"","meta":{"ub_ctt_via":"","footnotes":""},"class_list":["post-1777","page","type-page","status-publish","hentry"],"featured_image_src":null,"yoast_head":"<!-- This site is optimized with the Yoast SEO plugin v25.4 - https:\/\/yoast.com\/wordpress\/plugins\/seo\/ -->\n<title>INT (\u00f6rnek + \u00f6rnek dosya ile Excel i\u015flevi)<\/title>\n<meta name=\"description\" content=\"Bu derste Excel&#039;de INT i\u015flevinin nas\u0131l kullan\u0131laca\u011f\u0131n\u0131 \u00f6\u011freneceksiniz. Takip edilmesi kolay bir \u00f6rnekle i\u015flevi anlay\u0131n.\" \/>\n<meta name=\"robots\" content=\"index, follow, max-snippet:-1, max-image-preview:large, max-video-preview:-1\" \/>\n<link rel=\"canonical\" href=\"https:\/\/exceladvisor.org\/tr\/tamsayi-3\/\" \/>\n<meta property=\"og:locale\" content=\"tr_TR\" \/>\n<meta property=\"og:type\" content=\"article\" \/>\n<meta property=\"og:title\" content=\"INT (\u00f6rnek + \u00f6rnek dosya ile Excel i\u015flevi)\" \/>\n<meta property=\"og:description\" content=\"Bu derste Excel&#039;de INT i\u015flevinin nas\u0131l kullan\u0131laca\u011f\u0131n\u0131 \u00f6\u011freneceksiniz. Takip edilmesi kolay bir \u00f6rnekle i\u015flevi anlay\u0131n.\" \/>\n<meta property=\"og:url\" content=\"https:\/\/exceladvisor.org\/tr\/tamsayi-3\/\" \/>\n<meta property=\"og:site_name\" content=\"Excel Advisor\" \/>\n<meta property=\"article:modified_time\" content=\"2023-12-10T05:59:40+00:00\" \/>\n<meta property=\"og:image\" content=\"https:\/\/exceladvisor.org\/wp-content\/uploads\/2023\/08\/1-fonction-entiere.png\" \/>\n<meta name=\"twitter:card\" content=\"summary_large_image\" \/>\n<meta name=\"twitter:label1\" content=\"Tahmini okuma s\u00fcresi\" \/>\n\t<meta name=\"twitter:data1\" content=\"1 dakika\" \/>\n<script type=\"application\/ld+json\" class=\"yoast-schema-graph\">{\"@context\":\"https:\/\/schema.org\",\"@graph\":[{\"@type\":\"WebPage\",\"@id\":\"https:\/\/exceladvisor.org\/tr\/tamsayi-3\/\",\"url\":\"https:\/\/exceladvisor.org\/tr\/tamsayi-3\/\",\"name\":\"INT (\u00f6rnek + \u00f6rnek dosya ile Excel i\u015flevi)\",\"isPartOf\":{\"@id\":\"https:\/\/exceladvisor.org\/tr\/#website\"},\"primaryImageOfPage\":{\"@id\":\"https:\/\/exceladvisor.org\/tr\/tamsayi-3\/#primaryimage\"},\"image\":{\"@id\":\"https:\/\/exceladvisor.org\/tr\/tamsayi-3\/#primaryimage\"},\"thumbnailUrl\":\"https:\/\/exceladvisor.org\/wp-content\/uploads\/2023\/08\/1-fonction-entiere.png\",\"datePublished\":\"2023-11-05T12:18:21+00:00\",\"dateModified\":\"2023-12-10T05:59:40+00:00\",\"description\":\"Bu derste Excel&#39;de INT i\u015flevinin nas\u0131l kullan\u0131laca\u011f\u0131n\u0131 \u00f6\u011freneceksiniz. Takip edilmesi kolay bir \u00f6rnekle i\u015flevi anlay\u0131n.\",\"breadcrumb\":{\"@id\":\"https:\/\/exceladvisor.org\/tr\/tamsayi-3\/#breadcrumb\"},\"inLanguage\":\"tr\",\"potentialAction\":[{\"@type\":\"ReadAction\",\"target\":[\"https:\/\/exceladvisor.org\/tr\/tamsayi-3\/\"]}]},{\"@type\":\"ImageObject\",\"inLanguage\":\"tr\",\"@id\":\"https:\/\/exceladvisor.org\/tr\/tamsayi-3\/#primaryimage\",\"url\":\"https:\/\/exceladvisor.org\/wp-content\/uploads\/2023\/08\/1-fonction-entiere.png\",\"contentUrl\":\"https:\/\/exceladvisor.org\/wp-content\/uploads\/2023\/08\/1-fonction-entiere.png\"},{\"@type\":\"BreadcrumbList\",\"@id\":\"https:\/\/exceladvisor.org\/tr\/tamsayi-3\/#breadcrumb\",\"itemListElement\":[{\"@type\":\"ListItem\",\"position\":1,\"name\":\"Ev\",\"item\":\"https:\/\/exceladvisor.org\/tr\/\"},{\"@type\":\"ListItem\",\"position\":2,\"name\":\"Excel i\u015flevi: int\"}]},{\"@type\":\"WebSite\",\"@id\":\"https:\/\/exceladvisor.org\/tr\/#website\",\"url\":\"https:\/\/exceladvisor.org\/tr\/\",\"name\":\"Excel Advisor\",\"description\":\"Veri hakimiyetine y\u00f6nelik nihai rehberiniz!\",\"publisher\":{\"@id\":\"https:\/\/exceladvisor.org\/tr\/#organization\"},\"potentialAction\":[{\"@type\":\"SearchAction\",\"target\":{\"@type\":\"EntryPoint\",\"urlTemplate\":\"https:\/\/exceladvisor.org\/tr\/?s={search_term_string}\"},\"query-input\":{\"@type\":\"PropertyValueSpecification\",\"valueRequired\":true,\"valueName\":\"search_term_string\"}}],\"inLanguage\":\"tr\"},{\"@type\":\"Organization\",\"@id\":\"https:\/\/exceladvisor.org\/tr\/#organization\",\"name\":\"Excel Advisor\",\"url\":\"https:\/\/exceladvisor.org\/tr\/\",\"logo\":{\"@type\":\"ImageObject\",\"inLanguage\":\"tr\",\"@id\":\"https:\/\/exceladvisor.org\/tr\/#\/schema\/logo\/image\/\",\"url\":\"https:\/\/exceladvisor.org\/tr\/wp-content\/uploads\/2023\/12\/exceladvisor.org_.png\",\"contentUrl\":\"https:\/\/exceladvisor.org\/tr\/wp-content\/uploads\/2023\/12\/exceladvisor.org_.png\",\"width\":105,\"height\":36,\"caption\":\"Excel Advisor\"},\"image\":{\"@id\":\"https:\/\/exceladvisor.org\/tr\/#\/schema\/logo\/image\/\"}}]}<\/script>\n<!-- \/ Yoast SEO plugin. -->","yoast_head_json":{"title":"INT (\u00f6rnek + \u00f6rnek dosya ile Excel i\u015flevi)","description":"Bu derste Excel&#39;de INT i\u015flevinin nas\u0131l kullan\u0131laca\u011f\u0131n\u0131 \u00f6\u011freneceksiniz. Takip edilmesi kolay bir \u00f6rnekle i\u015flevi anlay\u0131n.","robots":{"index":"index","follow":"follow","max-snippet":"max-snippet:-1","max-image-preview":"max-image-preview:large","max-video-preview":"max-video-preview:-1"},"canonical":"https:\/\/exceladvisor.org\/tr\/tamsayi-3\/","og_locale":"tr_TR","og_type":"article","og_title":"INT (\u00f6rnek + \u00f6rnek dosya ile Excel i\u015flevi)","og_description":"Bu derste Excel&#39;de INT i\u015flevinin nas\u0131l kullan\u0131laca\u011f\u0131n\u0131 \u00f6\u011freneceksiniz. Takip edilmesi kolay bir \u00f6rnekle i\u015flevi anlay\u0131n.","og_url":"https:\/\/exceladvisor.org\/tr\/tamsayi-3\/","og_site_name":"Excel Advisor","article_modified_time":"2023-12-10T05:59:40+00:00","og_image":[{"url":"https:\/\/exceladvisor.org\/wp-content\/uploads\/2023\/08\/1-fonction-entiere.png","type":"","width":"","height":""}],"twitter_card":"summary_large_image","twitter_misc":{"Tahmini okuma s\u00fcresi":"1 dakika"},"schema":{"@context":"https:\/\/schema.org","@graph":[{"@type":"WebPage","@id":"https:\/\/exceladvisor.org\/tr\/tamsayi-3\/","url":"https:\/\/exceladvisor.org\/tr\/tamsayi-3\/","name":"INT (\u00f6rnek + \u00f6rnek dosya ile Excel i\u015flevi)","isPartOf":{"@id":"https:\/\/exceladvisor.org\/tr\/#website"},"primaryImageOfPage":{"@id":"https:\/\/exceladvisor.org\/tr\/tamsayi-3\/#primaryimage"},"image":{"@id":"https:\/\/exceladvisor.org\/tr\/tamsayi-3\/#primaryimage"},"thumbnailUrl":"https:\/\/exceladvisor.org\/wp-content\/uploads\/2023\/08\/1-fonction-entiere.png","datePublished":"2023-11-05T12:18:21+00:00","dateModified":"2023-12-10T05:59:40+00:00","description":"Bu derste Excel&#39;de INT i\u015flevinin nas\u0131l kullan\u0131laca\u011f\u0131n\u0131 \u00f6\u011freneceksiniz. Takip edilmesi kolay bir \u00f6rnekle i\u015flevi anlay\u0131n.","breadcrumb":{"@id":"https:\/\/exceladvisor.org\/tr\/tamsayi-3\/#breadcrumb"},"inLanguage":"tr","potentialAction":[{"@type":"ReadAction","target":["https:\/\/exceladvisor.org\/tr\/tamsayi-3\/"]}]},{"@type":"ImageObject","inLanguage":"tr","@id":"https:\/\/exceladvisor.org\/tr\/tamsayi-3\/#primaryimage","url":"https:\/\/exceladvisor.org\/wp-content\/uploads\/2023\/08\/1-fonction-entiere.png","contentUrl":"https:\/\/exceladvisor.org\/wp-content\/uploads\/2023\/08\/1-fonction-entiere.png"},{"@type":"BreadcrumbList","@id":"https:\/\/exceladvisor.org\/tr\/tamsayi-3\/#breadcrumb","itemListElement":[{"@type":"ListItem","position":1,"name":"Ev","item":"https:\/\/exceladvisor.org\/tr\/"},{"@type":"ListItem","position":2,"name":"Excel i\u015flevi: int"}]},{"@type":"WebSite","@id":"https:\/\/exceladvisor.org\/tr\/#website","url":"https:\/\/exceladvisor.org\/tr\/","name":"Excel Advisor","description":"Veri hakimiyetine y\u00f6nelik nihai rehberiniz!","publisher":{"@id":"https:\/\/exceladvisor.org\/tr\/#organization"},"potentialAction":[{"@type":"SearchAction","target":{"@type":"EntryPoint","urlTemplate":"https:\/\/exceladvisor.org\/tr\/?s={search_term_string}"},"query-input":{"@type":"PropertyValueSpecification","valueRequired":true,"valueName":"search_term_string"}}],"inLanguage":"tr"},{"@type":"Organization","@id":"https:\/\/exceladvisor.org\/tr\/#organization","name":"Excel Advisor","url":"https:\/\/exceladvisor.org\/tr\/","logo":{"@type":"ImageObject","inLanguage":"tr","@id":"https:\/\/exceladvisor.org\/tr\/#\/schema\/logo\/image\/","url":"https:\/\/exceladvisor.org\/tr\/wp-content\/uploads\/2023\/12\/exceladvisor.org_.png","contentUrl":"https:\/\/exceladvisor.org\/tr\/wp-content\/uploads\/2023\/12\/exceladvisor.org_.png","width":105,"height":36,"caption":"Excel Advisor"},"image":{"@id":"https:\/\/exceladvisor.org\/tr\/#\/schema\/logo\/image\/"}}]}},"yoast_meta":{"yoast_wpseo_title":"","yoast_wpseo_metadesc":"","yoast_wpseo_canonical":""},"_links":{"self":[{"href":"https:\/\/exceladvisor.org\/tr\/wp-json\/wp\/v2\/pages\/1777","targetHints":{"allow":["GET"]}}],"collection":[{"href":"https:\/\/exceladvisor.org\/tr\/wp-json\/wp\/v2\/pages"}],"about":[{"href":"https:\/\/exceladvisor.org\/tr\/wp-json\/wp\/v2\/types\/page"}],"author":[{"embeddable":true,"href":"https:\/\/exceladvisor.org\/tr\/wp-json\/wp\/v2\/users\/1"}],"replies":[{"embeddable":true,"href":"https:\/\/exceladvisor.org\/tr\/wp-json\/wp\/v2\/comments?post=1777"}],"version-history":[{"count":1,"href":"https:\/\/exceladvisor.org\/tr\/wp-json\/wp\/v2\/pages\/1777\/revisions"}],"predecessor-version":[{"id":2343,"href":"https:\/\/exceladvisor.org\/tr\/wp-json\/wp\/v2\/pages\/1777\/revisions\/2343"}],"wp:attachment":[{"href":"https:\/\/exceladvisor.org\/tr\/wp-json\/wp\/v2\/media?parent=1777"}],"curies":[{"name":"wp","href":"https:\/\/api.w.org\/{rel}","templated":true}]}}