{"id":1778,"date":"2023-11-05T08:32:29","date_gmt":"2023-11-05T08:32:29","guid":{"rendered":"https:\/\/exceladvisor.org\/tr\/yuvarlak-yuzde-2\/"},"modified":"2023-12-10T06:03:21","modified_gmt":"2023-12-10T06:03:21","slug":"yuvarlak-yuzde-2","status":"publish","type":"page","link":"https:\/\/exceladvisor.org\/tr\/yuvarlak-yuzde-2\/","title":{"rendered":"Excel&#39;de y\u00fczde de\u011ferleri nas\u0131l yuvarlan\u0131r?"},"content":{"rendered":"<div class=\"excel-icerikten-once\" id=\"excel-2090602204\"><script type=\"text\/javascript\">\r\n\tatOptions = {\r\n\t\t'key' : 'c1158f160081d6540a8409e6925dab94',\r\n\t\t'format' : 'iframe',\r\n\t\t'height' : 250,\r\n\t\t'width' : 300,\r\n\t\t'params' : {}\r\n\t};\r\n<\/script>\r\n<script type=\"text\/javascript\" src=\"\/\/www.highperformanceformat.com\/c1158f160081d6540a8409e6925dab94\/invoke.js\"><\/script><\/div> <p>T\u0131pk\u0131 say\u0131lar gibi Excel&#8217;de de y\u00fczde de\u011ferlerini yuvarlayabilirsiniz. Y\u00fczde, y\u00fczde olarak bi\u00e7imlendirilmi\u015f bir ondal\u0131k say\u0131d\u0131r. %100, 1 say\u0131sal de\u011feri anlam\u0131na gelir. Y\u00fczdeleri yuvarlamak i\u00e7in YUVARLA, YUKARIYUVARLA ve A\u015eA\u011eIYUVARLA i\u015flevlerini kullanabilirsiniz. Bu derste bunun i\u00e7in nas\u0131l form\u00fcl yaz\u0131laca\u011f\u0131n\u0131 \u00f6\u011freneceksiniz.<\/p><h2 class=\"wp-block-heading\"> YUVARLAK i\u015fleviyle yuvarlama y\u00fczdesi<\/h2><p> A\u015fa\u011f\u0131daki \u00f6rnekte %30,49 ve %30,50&#8217;nin y\u00fczde de\u011feri g\u00f6sterilmektedir. Art\u0131k ROUND i\u015flevini ve say\u0131_basamaklar i\u00e7in 2&#8217;yi kulland\u0131\u011f\u0131n\u0131zda, ilk y\u00fczde de\u011feri %30&#8217;a, ikinci y\u00fczde de\u011feri ise %31&#8217;e yuvarlan\u0131r. <\/p><div class=\"wp-block-image\"><figure class=\"aligncenter size-full is-resized\"><img loading=\"lazy\" decoding=\"async\" class=\"wp-image-79909\" src=\"https:\/\/exceladvisor.org\/wp-content\/uploads\/2023\/08\/1-valeurs-rondes-en-pourcentage.png\" sizes=\"auto, \" srcset=\"\" alt=\"yuvarlak de\u011ferler y\u00fczdesi\" width=\"631\" height=\"274\"><\/figure><\/div><p> \u0130lk de\u011ferde ondal\u0131k de\u011fer olarak 0,49 bulunur, bu nedenle %30&#8217;a yuvarlan\u0131r. \u0130kinci de\u011ferde ise ondal\u0131k de\u011fer olarak 0,50 var ve bu onu %31&#8217;e yuvarl\u0131yor.<\/p><h2 class=\"wp-block-heading\"> Y\u00fczdeyi bir ondal\u0131k basama\u011fa yuvarlay\u0131n<\/h2><p> Y\u00fczde de\u011ferini bir ondal\u0131k basama\u011fa yuvarlamak istiyorsan\u0131z \u015funa benzer bir form\u00fcl kullanmal\u0131s\u0131n\u0131z: <\/p><div class=\"wp-block-image\"><figure class=\"aligncenter size-full is-resized\"><img loading=\"lazy\" decoding=\"async\" class=\"wp-image-79910\" src=\"https:\/\/exceladvisor.org\/wp-content\/uploads\/2023\/08\/2-rond-pourcentage-a-une-decimale.png\" sizes=\"auto, \" srcset=\"\" alt=\"y\u00fczdeyi bir ondal\u0131\u011fa yuvarlama\" width=\"570\" height=\"321\"><\/figure><\/div><pre class=\"wp-block-code\"> <code class=\"language-excel-formula\" lang=\"excel-formula\">=ROUND(A1,3)<\/code><\/pre><p> Bu form\u00fclde, say\u0131_basamak ba\u011f\u0131ms\u0131z de\u011fi\u015fkeninde, y\u00fczdeyi sola do\u011fru bir ondal\u0131k basama\u011fa yuvarlaman\u0131za olanak tan\u0131yan 3&#8217;\u00fc kulland\u0131k.<\/p><h2 class=\"wp-block-heading\"> Y\u00fczdeyi yuvarla<\/h2><p> Bir y\u00fczdeyi yuvarlamak istiyorsan\u0131z A\u015eA\u011eIYUVARLAMA se\u00e7ene\u011fini kullanabilirsiniz. T\u0131pk\u0131 %30,49 y\u00fczdesine sahip oldu\u011funuz a\u015fa\u011f\u0131daki \u00f6rnek gibi. <\/p><div class=\"wp-block-image\"><figure class=\"aligncenter size-full is-resized\"><img loading=\"lazy\" decoding=\"async\" class=\"wp-image-79911\" src=\"https:\/\/exceladvisor.org\/wp-content\/uploads\/2023\/08\/3-arrondir-le-pourcentage-a-linferieur.png\" sizes=\"auto, \" srcset=\"\" alt=\"y\u00fczde yuvarlama\" width=\"662\" height=\"310\"><\/figure><\/div><pre class=\"wp-block-code\"> <code class=\"language-excel-formula\" lang=\"excel-formula\">=ROUNDDOWN(A1,2) =ROUNDDOWN(A2,3)<\/code><\/pre><p> \u0130lk form\u00fclde %30,49&#8217;unuz var ve yuvarlama i\u00e7in num_digit olarak 2&#8217;yi kulland\u0131k. %30,00 de\u011ferini d\u00f6nd\u00fcr\u00fcr. \u0130kinci form\u00fclde ise %30,49&#8217;umuz var ve yuvarlama i\u00e7in num_digit olarak 3&#8217;\u00fc kulland\u0131k. Sonu\u00e7ta %30,40 de\u011ferini d\u00f6nd\u00fcr\u00fcr.<\/p><h2 class=\"wp-block-heading\"> Y\u00fczdeyi yuvarla<\/h2><p> Benzer \u015fekilde, y\u00fczdeyi yukar\u0131 yuvarlamak i\u00e7in ROUNDUP&#8217;\u0131 kullanabilirsiniz. <\/p><div class=\"wp-block-image\"><figure class=\"aligncenter size-full is-resized\"><img loading=\"lazy\" decoding=\"async\" class=\"wp-image-79912\" src=\"https:\/\/exceladvisor.org\/wp-content\/uploads\/2023\/08\/4-arrondir-le-pourcentage.png\" sizes=\"auto, \" srcset=\"\" alt=\"y\u00fczdeyi yuvarlamak\" width=\"660\" height=\"329\"><\/figure><\/div><pre class=\"wp-block-code\"> <code class=\"language-excel-formula\" lang=\"excel-formula\">=ROUNDUP(A6,2) =ROUNDUP(A7,3)<\/code><\/pre><h2 class=\"wp-block-heading\"> Y\u00fczdenin ondal\u0131k k\u0131sm\u0131n\u0131 kald\u0131r\u0131n<\/h2><p> Ondal\u0131k say\u0131dan kurtulman\u0131z gereken bir durum olabilir. Bunun i\u00e7in a\u015fa\u011f\u0131daki form\u00fcl\u00fc d\u00fc\u015f\u00fcnebilirsiniz: <\/p><div class=\"wp-block-image\"><figure class=\"aligncenter size-full is-resized\"><img loading=\"lazy\" decoding=\"async\" class=\"wp-image-79913\" src=\"https:\/\/exceladvisor.org\/wp-content\/uploads\/2023\/08\/5-supprimer-la-decimale-du-pourcentage.png\" sizes=\"auto, \" srcset=\"\" alt=\"y\u00fczdeden-ondal\u0131k-\u00e7\u0131kar\" width=\"576\" height=\"247\"><\/figure><\/div><pre class=\"wp-block-code\"> <code class=\"language-excel-formula\" lang=\"excel-formula\">=TEXT(A8,\"00%\")<\/code><\/pre><div class=\"gb-container gb-container-52dfcee1 gb-container-sample-file\"><h2 class=\"gb-headline gb-headline-e289c143 gb-headline-text gb-headline-4f7959c2\"> Excel dosyas\u0131n\u0131 al\u0131n<\/h2> <a class=\"gb-button gb-button-e88d6bee gb-button-text gb-button-button1\" href=\"https:\/\/exceladvisor.org\/wp-content\/uploads\/2023\/11\/pourcentage-rond.xlsx\" rel=\"nofollow\">\u0130ndirmek<\/a><\/div><div class=\"gb-container gb-container-0df56012 gb-container-mt\"> <a class=\"gb-button gb-button-f9f432f4 gb-button-text gb-button-mt-button\" href=\"https:\/\/exceladvisor.org\/tr\/formuller\/\">Excel form\u00fcllerinin listesi<\/a><h2 class=\"gb-headline gb-headline-233444e8 gb-headline-text gb-headline-mt-heading\"> \u0130lgili form\u00fcller <\/h2><div class=\"gb-grid-wrapper gb-grid-wrapper-a16fa65c gb-grid-wrapper-mt-grid\"><div class=\"gb-grid-column gb-grid-column-50d07e0d\"><div class=\"gb-container gb-container-50d07e0d\"><ul><li> <a href=\"https:\/\/exceladvisor.org\/tr\/en-yakin-5e-yuvarlama\/\">Excel&#8217;de en yak\u0131n 0,5, 5,50 (A\u015fa\u011f\u0131-Yukar\u0131) de\u011ferine yuvarlama<\/a><\/li><li> <a href=\"https:\/\/exceladvisor.org\/tr\/en-yakin-binlige-yuvarlama\/\">Excel&#8217;de bir say\u0131y\u0131 en yak\u0131n 1000&#8217;e yuvarlama<\/a> <\/li><\/ul><\/div><\/div><div class=\"gb-grid-column gb-grid-column-5b4a0cf9\"><div class=\"gb-container gb-container-5b4a0cf9\"><\/div><\/div><\/div><\/div>","protected":false},"excerpt":{"rendered":"","protected":false},"author":1,"featured_media":0,"parent":0,"menu_order":0,"comment_status":"open","ping_status":"closed","template":"","meta":{"ub_ctt_via":"","footnotes":""},"class_list":["post-1778","page","type-page","status-publish","hentry"],"featured_image_src":null,"yoast_head":"<!-- This site is optimized with the Yoast SEO plugin v25.4 - https:\/\/yoast.com\/wordpress\/plugins\/seo\/ -->\n<title>Excel&#039;de y\u00fczde de\u011ferleri nas\u0131l yuvarlan\u0131r?<\/title>\n<meta name=\"description\" content=\"Bu e\u011fitimde size bir h\u00fccredeki y\u00fczde de\u011ferlerini yuvarlamak i\u00e7in bir Excel form\u00fcl\u00fcn\u00fcn nas\u0131l yaz\u0131laca\u011f\u0131 \u00f6\u011fretilecektir. Bunu kontrol edelim\u2026\" \/>\n<meta name=\"robots\" content=\"index, follow, max-snippet:-1, max-image-preview:large, max-video-preview:-1\" \/>\n<link rel=\"canonical\" href=\"https:\/\/exceladvisor.org\/tr\/yuvarlak-yuzde-2\/\" \/>\n<meta property=\"og:locale\" content=\"tr_TR\" \/>\n<meta property=\"og:type\" content=\"article\" \/>\n<meta property=\"og:title\" content=\"Excel&#039;de y\u00fczde de\u011ferleri nas\u0131l yuvarlan\u0131r?\" \/>\n<meta property=\"og:description\" content=\"Bu e\u011fitimde size bir h\u00fccredeki y\u00fczde de\u011ferlerini yuvarlamak i\u00e7in bir Excel form\u00fcl\u00fcn\u00fcn nas\u0131l yaz\u0131laca\u011f\u0131 \u00f6\u011fretilecektir. Bunu kontrol edelim\u2026\" \/>\n<meta property=\"og:url\" content=\"https:\/\/exceladvisor.org\/tr\/yuvarlak-yuzde-2\/\" \/>\n<meta property=\"og:site_name\" content=\"Excel Advisor\" \/>\n<meta property=\"article:modified_time\" content=\"2023-12-10T06:03:21+00:00\" \/>\n<meta property=\"og:image\" content=\"https:\/\/exceladvisor.org\/wp-content\/uploads\/2023\/08\/1-valeurs-rondes-en-pourcentage.png\" \/>\n<meta name=\"twitter:card\" content=\"summary_large_image\" \/>\n<meta name=\"twitter:label1\" content=\"Tahmini okuma s\u00fcresi\" \/>\n\t<meta name=\"twitter:data1\" content=\"2 dakika\" \/>\n<script type=\"application\/ld+json\" class=\"yoast-schema-graph\">{\"@context\":\"https:\/\/schema.org\",\"@graph\":[{\"@type\":\"WebPage\",\"@id\":\"https:\/\/exceladvisor.org\/tr\/yuvarlak-yuzde-2\/\",\"url\":\"https:\/\/exceladvisor.org\/tr\/yuvarlak-yuzde-2\/\",\"name\":\"Excel&#39;de y\u00fczde de\u011ferleri nas\u0131l yuvarlan\u0131r?\",\"isPartOf\":{\"@id\":\"https:\/\/exceladvisor.org\/tr\/#website\"},\"primaryImageOfPage\":{\"@id\":\"https:\/\/exceladvisor.org\/tr\/yuvarlak-yuzde-2\/#primaryimage\"},\"image\":{\"@id\":\"https:\/\/exceladvisor.org\/tr\/yuvarlak-yuzde-2\/#primaryimage\"},\"thumbnailUrl\":\"https:\/\/exceladvisor.org\/wp-content\/uploads\/2023\/08\/1-valeurs-rondes-en-pourcentage.png\",\"datePublished\":\"2023-11-05T08:32:29+00:00\",\"dateModified\":\"2023-12-10T06:03:21+00:00\",\"description\":\"Bu e\u011fitimde size bir h\u00fccredeki y\u00fczde de\u011ferlerini yuvarlamak i\u00e7in bir Excel form\u00fcl\u00fcn\u00fcn nas\u0131l yaz\u0131laca\u011f\u0131 \u00f6\u011fretilecektir. Bunu kontrol edelim\u2026\",\"breadcrumb\":{\"@id\":\"https:\/\/exceladvisor.org\/tr\/yuvarlak-yuzde-2\/#breadcrumb\"},\"inLanguage\":\"tr\",\"potentialAction\":[{\"@type\":\"ReadAction\",\"target\":[\"https:\/\/exceladvisor.org\/tr\/yuvarlak-yuzde-2\/\"]}]},{\"@type\":\"ImageObject\",\"inLanguage\":\"tr\",\"@id\":\"https:\/\/exceladvisor.org\/tr\/yuvarlak-yuzde-2\/#primaryimage\",\"url\":\"https:\/\/exceladvisor.org\/wp-content\/uploads\/2023\/08\/1-valeurs-rondes-en-pourcentage.png\",\"contentUrl\":\"https:\/\/exceladvisor.org\/wp-content\/uploads\/2023\/08\/1-valeurs-rondes-en-pourcentage.png\"},{\"@type\":\"BreadcrumbList\",\"@id\":\"https:\/\/exceladvisor.org\/tr\/yuvarlak-yuzde-2\/#breadcrumb\",\"itemListElement\":[{\"@type\":\"ListItem\",\"position\":1,\"name\":\"Ev\",\"item\":\"https:\/\/exceladvisor.org\/tr\/\"},{\"@type\":\"ListItem\",\"position\":2,\"name\":\"Excel&#39;de y\u00fczde de\u011ferleri nas\u0131l yuvarlan\u0131r?\"}]},{\"@type\":\"WebSite\",\"@id\":\"https:\/\/exceladvisor.org\/tr\/#website\",\"url\":\"https:\/\/exceladvisor.org\/tr\/\",\"name\":\"Excel Advisor\",\"description\":\"Veri hakimiyetine y\u00f6nelik nihai rehberiniz!\",\"publisher\":{\"@id\":\"https:\/\/exceladvisor.org\/tr\/#organization\"},\"potentialAction\":[{\"@type\":\"SearchAction\",\"target\":{\"@type\":\"EntryPoint\",\"urlTemplate\":\"https:\/\/exceladvisor.org\/tr\/?s={search_term_string}\"},\"query-input\":{\"@type\":\"PropertyValueSpecification\",\"valueRequired\":true,\"valueName\":\"search_term_string\"}}],\"inLanguage\":\"tr\"},{\"@type\":\"Organization\",\"@id\":\"https:\/\/exceladvisor.org\/tr\/#organization\",\"name\":\"Excel Advisor\",\"url\":\"https:\/\/exceladvisor.org\/tr\/\",\"logo\":{\"@type\":\"ImageObject\",\"inLanguage\":\"tr\",\"@id\":\"https:\/\/exceladvisor.org\/tr\/#\/schema\/logo\/image\/\",\"url\":\"https:\/\/exceladvisor.org\/tr\/wp-content\/uploads\/2023\/12\/exceladvisor.org_.png\",\"contentUrl\":\"https:\/\/exceladvisor.org\/tr\/wp-content\/uploads\/2023\/12\/exceladvisor.org_.png\",\"width\":105,\"height\":36,\"caption\":\"Excel Advisor\"},\"image\":{\"@id\":\"https:\/\/exceladvisor.org\/tr\/#\/schema\/logo\/image\/\"}}]}<\/script>\n<!-- \/ Yoast SEO plugin. -->","yoast_head_json":{"title":"Excel&#39;de y\u00fczde de\u011ferleri nas\u0131l yuvarlan\u0131r?","description":"Bu e\u011fitimde size bir h\u00fccredeki y\u00fczde de\u011ferlerini yuvarlamak i\u00e7in bir Excel form\u00fcl\u00fcn\u00fcn nas\u0131l yaz\u0131laca\u011f\u0131 \u00f6\u011fretilecektir. Bunu kontrol edelim\u2026","robots":{"index":"index","follow":"follow","max-snippet":"max-snippet:-1","max-image-preview":"max-image-preview:large","max-video-preview":"max-video-preview:-1"},"canonical":"https:\/\/exceladvisor.org\/tr\/yuvarlak-yuzde-2\/","og_locale":"tr_TR","og_type":"article","og_title":"Excel&#39;de y\u00fczde de\u011ferleri nas\u0131l yuvarlan\u0131r?","og_description":"Bu e\u011fitimde size bir h\u00fccredeki y\u00fczde de\u011ferlerini yuvarlamak i\u00e7in bir Excel form\u00fcl\u00fcn\u00fcn nas\u0131l yaz\u0131laca\u011f\u0131 \u00f6\u011fretilecektir. Bunu kontrol edelim\u2026","og_url":"https:\/\/exceladvisor.org\/tr\/yuvarlak-yuzde-2\/","og_site_name":"Excel Advisor","article_modified_time":"2023-12-10T06:03:21+00:00","og_image":[{"url":"https:\/\/exceladvisor.org\/wp-content\/uploads\/2023\/08\/1-valeurs-rondes-en-pourcentage.png","type":"","width":"","height":""}],"twitter_card":"summary_large_image","twitter_misc":{"Tahmini okuma s\u00fcresi":"2 dakika"},"schema":{"@context":"https:\/\/schema.org","@graph":[{"@type":"WebPage","@id":"https:\/\/exceladvisor.org\/tr\/yuvarlak-yuzde-2\/","url":"https:\/\/exceladvisor.org\/tr\/yuvarlak-yuzde-2\/","name":"Excel&#39;de y\u00fczde de\u011ferleri nas\u0131l yuvarlan\u0131r?","isPartOf":{"@id":"https:\/\/exceladvisor.org\/tr\/#website"},"primaryImageOfPage":{"@id":"https:\/\/exceladvisor.org\/tr\/yuvarlak-yuzde-2\/#primaryimage"},"image":{"@id":"https:\/\/exceladvisor.org\/tr\/yuvarlak-yuzde-2\/#primaryimage"},"thumbnailUrl":"https:\/\/exceladvisor.org\/wp-content\/uploads\/2023\/08\/1-valeurs-rondes-en-pourcentage.png","datePublished":"2023-11-05T08:32:29+00:00","dateModified":"2023-12-10T06:03:21+00:00","description":"Bu e\u011fitimde size bir h\u00fccredeki y\u00fczde de\u011ferlerini yuvarlamak i\u00e7in bir Excel form\u00fcl\u00fcn\u00fcn nas\u0131l yaz\u0131laca\u011f\u0131 \u00f6\u011fretilecektir. Bunu kontrol edelim\u2026","breadcrumb":{"@id":"https:\/\/exceladvisor.org\/tr\/yuvarlak-yuzde-2\/#breadcrumb"},"inLanguage":"tr","potentialAction":[{"@type":"ReadAction","target":["https:\/\/exceladvisor.org\/tr\/yuvarlak-yuzde-2\/"]}]},{"@type":"ImageObject","inLanguage":"tr","@id":"https:\/\/exceladvisor.org\/tr\/yuvarlak-yuzde-2\/#primaryimage","url":"https:\/\/exceladvisor.org\/wp-content\/uploads\/2023\/08\/1-valeurs-rondes-en-pourcentage.png","contentUrl":"https:\/\/exceladvisor.org\/wp-content\/uploads\/2023\/08\/1-valeurs-rondes-en-pourcentage.png"},{"@type":"BreadcrumbList","@id":"https:\/\/exceladvisor.org\/tr\/yuvarlak-yuzde-2\/#breadcrumb","itemListElement":[{"@type":"ListItem","position":1,"name":"Ev","item":"https:\/\/exceladvisor.org\/tr\/"},{"@type":"ListItem","position":2,"name":"Excel&#39;de y\u00fczde de\u011ferleri nas\u0131l yuvarlan\u0131r?"}]},{"@type":"WebSite","@id":"https:\/\/exceladvisor.org\/tr\/#website","url":"https:\/\/exceladvisor.org\/tr\/","name":"Excel Advisor","description":"Veri hakimiyetine y\u00f6nelik nihai rehberiniz!","publisher":{"@id":"https:\/\/exceladvisor.org\/tr\/#organization"},"potentialAction":[{"@type":"SearchAction","target":{"@type":"EntryPoint","urlTemplate":"https:\/\/exceladvisor.org\/tr\/?s={search_term_string}"},"query-input":{"@type":"PropertyValueSpecification","valueRequired":true,"valueName":"search_term_string"}}],"inLanguage":"tr"},{"@type":"Organization","@id":"https:\/\/exceladvisor.org\/tr\/#organization","name":"Excel Advisor","url":"https:\/\/exceladvisor.org\/tr\/","logo":{"@type":"ImageObject","inLanguage":"tr","@id":"https:\/\/exceladvisor.org\/tr\/#\/schema\/logo\/image\/","url":"https:\/\/exceladvisor.org\/tr\/wp-content\/uploads\/2023\/12\/exceladvisor.org_.png","contentUrl":"https:\/\/exceladvisor.org\/tr\/wp-content\/uploads\/2023\/12\/exceladvisor.org_.png","width":105,"height":36,"caption":"Excel Advisor"},"image":{"@id":"https:\/\/exceladvisor.org\/tr\/#\/schema\/logo\/image\/"}}]}},"yoast_meta":{"yoast_wpseo_title":"","yoast_wpseo_metadesc":"","yoast_wpseo_canonical":""},"_links":{"self":[{"href":"https:\/\/exceladvisor.org\/tr\/wp-json\/wp\/v2\/pages\/1778","targetHints":{"allow":["GET"]}}],"collection":[{"href":"https:\/\/exceladvisor.org\/tr\/wp-json\/wp\/v2\/pages"}],"about":[{"href":"https:\/\/exceladvisor.org\/tr\/wp-json\/wp\/v2\/types\/page"}],"author":[{"embeddable":true,"href":"https:\/\/exceladvisor.org\/tr\/wp-json\/wp\/v2\/users\/1"}],"replies":[{"embeddable":true,"href":"https:\/\/exceladvisor.org\/tr\/wp-json\/wp\/v2\/comments?post=1778"}],"version-history":[{"count":1,"href":"https:\/\/exceladvisor.org\/tr\/wp-json\/wp\/v2\/pages\/1778\/revisions"}],"predecessor-version":[{"id":2649,"href":"https:\/\/exceladvisor.org\/tr\/wp-json\/wp\/v2\/pages\/1778\/revisions\/2649"}],"wp:attachment":[{"href":"https:\/\/exceladvisor.org\/tr\/wp-json\/wp\/v2\/media?parent=1778"}],"curies":[{"name":"wp","href":"https:\/\/api.w.org\/{rel}","templated":true}]}}