{"id":1779,"date":"2023-11-05T07:34:37","date_gmt":"2023-11-05T07:34:37","guid":{"rendered":"https:\/\/exceladvisor.org\/tr\/satir-sonunu-kaldir-2\/"},"modified":"2023-12-10T06:03:28","modified_gmt":"2023-12-10T06:03:28","slug":"satir-sonunu-kaldir-2","status":"publish","type":"page","link":"https:\/\/exceladvisor.org\/tr\/satir-sonunu-kaldir-2\/","title":{"rendered":"Excel&#39;deki bir h\u00fccreden sat\u0131r sonunu kald\u0131r\u0131ls\u0131n m\u0131?"},"content":{"rendered":"<div class=\"excel-icerikten-once\" id=\"excel-2332353464\"><script type=\"text\/javascript\">\r\n\tatOptions = {\r\n\t\t'key' : 'c1158f160081d6540a8409e6925dab94',\r\n\t\t'format' : 'iframe',\r\n\t\t'height' : 250,\r\n\t\t'width' : 300,\r\n\t\t'params' : {}\r\n\t};\r\n<\/script>\r\n<script type=\"text\/javascript\" src=\"\/\/www.highperformanceformat.com\/c1158f160081d6540a8409e6925dab94\/invoke.js\"><\/script><\/div> <p>Bir h\u00fccredeki sat\u0131r sonlar\u0131n\u0131 kald\u0131racak bir form\u00fcl olu\u015fturmak i\u00e7in iki i\u015flevi birle\u015ftirmeniz gerekir: SUBSTITUTE ve CHAR. SUBSTITUTE, bir h\u00fccrenin belirli bir de\u011ferini de\u011fi\u015ftirmenize yard\u0131mc\u0131 olur ve CHAR, bir kod kullanarak belirli karakterleri elde etmenize yard\u0131mc\u0131 olur. CHAR ile yeni sat\u0131r karakterini al\u0131p SUBSTITUTE kullanarak bo\u015fluk veya bo\u015f de\u011ferle de\u011fi\u015ftirece\u011fiz. <\/p><div class=\"wp-block-image\"><figure class=\"aligncenter size-full is-resized\"><img loading=\"lazy\" decoding=\"async\" class=\"wp-image-79435\" src=\"https:\/\/exceladvisor.org\/wp-content\/uploads\/2023\/08\/1-supprimer-la-rupture-de-lien-de-la-cellule.png\" sizes=\"auto, \" srcset=\"\" alt=\"ba\u011flant\u0131 kesme h\u00fccresini sil\" width=\"648\" height=\"366\"><\/figure><\/div><p> Bu e\u011fitimde size bir h\u00fccredeki sat\u0131r sonunu kald\u0131rmak i\u00e7in form\u00fcl\u00fcn nas\u0131l yaz\u0131laca\u011f\u0131 \u00f6\u011fretilecektir.<\/p><h2 class=\"wp-block-heading\"> Bir de\u011ferden sat\u0131r sonunu kald\u0131rma form\u00fcl\u00fc<\/h2><p> A\u015fa\u011f\u0131daki ad\u0131mlar\u0131 kullanabilirsiniz:<\/p><ol type=\"1\"><li> \u0130lk \u00f6nce bir h\u00fccreye DE\u011e\u0130\u015eT\u0130R i\u015flevini girin.<\/li><li> Bundan sonra, ilk arg\u00fcmanda, sat\u0131r sonuyla birlikte de\u011ferin bulundu\u011fu h\u00fccreye bak\u0131n.<\/li><li> Daha sonra ikinci arg\u00fcmana CHAR fonksiyonunu girin ve CHAR fonksiyonuna (10) girin, fonksiyonu kapat\u0131n,<\/li><li> \u015eimdi \u00fc\u00e7\u00fcnc\u00fc arg\u00fcmana bir bo\u015fluk veya bo\u015fluk girin.<\/li><li> Sonunda kapatma parantezlerini girin ve sonucu almak i\u00e7in Enter tu\u015funa bas\u0131n. <\/li><\/ol><div class=\"wp-block-image\"><figure class=\"aligncenter size-full is-resized\"><img loading=\"lazy\" decoding=\"async\" class=\"wp-image-79436\" src=\"https:\/\/exceladvisor.org\/wp-content\/uploads\/2023\/08\/2-formule-pour-supprimer-le-saut-de-ligne.png\" sizes=\"auto, \" srcset=\"\" alt=\"sat\u0131r sonunu kald\u0131rmak i\u00e7in form\u00fcl\" width=\"657\" height=\"357\"><\/figure><\/div><pre class=\"wp-block-code\"> <code class=\"language-excel-formula\" lang=\"excel-formula\">=SUBSTITUTE(A2,CHAR(10),\"\") =SUBSTITUTE(A2,CHAR(10),\" \")<\/code><\/pre><h2 class=\"wp-block-heading\"> Bu form\u00fcl nas\u0131l \u00e7al\u0131\u015f\u0131yor?<\/h2><p> CHAR fonksiyonunu kullan\u0131p 10 kodunu girdi\u011finizde sonu\u00e7ta yeni sat\u0131r karakterini d\u00f6nd\u00fcr\u00fcr. <\/p><div class=\"wp-block-image\"><figure class=\"aligncenter size-full is-resized\"><img loading=\"lazy\" decoding=\"async\" class=\"wp-image-79437\" src=\"https:\/\/exceladvisor.org\/wp-content\/uploads\/2023\/08\/3-comprendre-la-formule-2.png\" sizes=\"auto, \" srcset=\"\" alt=\"form\u00fcl\u00fc anla\" width=\"373\" height=\"194\"><\/figure><\/div><p> Ve bunu SUBSTITUTE i\u015flevinin eski_metin ba\u011f\u0131ms\u0131z de\u011fi\u015fkeninde kulland\u0131n\u0131z; bu, de\u011fi\u015ftirmek istedi\u011finiz eski metnin bu oldu\u011fu anlam\u0131na gelir. Ve new_text&#8217;te bir bo\u015fluk veya bo\u015f de\u011fer var. Bu, h\u00fccredeki sat\u0131r sonunu yeni bir de\u011ferle de\u011fi\u015ftirmek veya kald\u0131rmak istedi\u011finiz anlam\u0131na gelir. <\/p><div class=\"wp-block-image\"><figure class=\"aligncenter size-full is-resized\"><img loading=\"lazy\" decoding=\"async\" class=\"wp-image-79438\" src=\"https:\/\/exceladvisor.org\/wp-content\/uploads\/2023\/08\/4-fonction-de-remplacement-et-de-caractere.png\" sizes=\"auto, \" srcset=\"\" alt=\"ikame ve karakter i\u015flevi\" width=\"432\" height=\"175\"><\/figure><\/div><h2 class=\"wp-block-heading\"> Kullanabilece\u011finiz ba\u015fka bir yol<\/h2><p> Bir h\u00fccreye sat\u0131r sonu uygulad\u0131\u011f\u0131n\u0131zda o de\u011ferdeki <a href=\"https:\/\/exceladvisor.org\/tr\/metni-sar\/\">sat\u0131ra metin uygulaman\u0131z<\/a> gerekir, h\u00fccreden sat\u0131r sonunu kald\u0131rmak istiyorsan\u0131z metinden sat\u0131ra se\u00e7ene\u011fini kald\u0131rabilirsiniz. <\/p><div class=\"wp-block-image\"><figure class=\"aligncenter size-full is-resized\"><img loading=\"lazy\" decoding=\"async\" class=\"wp-image-79439\" src=\"https:\/\/exceladvisor.org\/wp-content\/uploads\/2023\/08\/5-appliquer-le-texte-dhabillage.png\" sizes=\"auto, \" srcset=\"\" alt=\"metni sarmala uygula\" width=\"609\" height=\"409\"><\/figure><\/div><div class=\"gb-container gb-container-52dfcee1 gb-container-sample-file\"><h2 class=\"gb-headline gb-headline-e289c143 gb-headline-text gb-headline-4f7959c2\"> Excel dosyas\u0131n\u0131 al\u0131n<\/h2><p> <a class=\"gb-button gb-button-e88d6bee gb-button-text gb-button-button1\" href=\"https:\/\/exceladvisor.org\/wp-content\/uploads\/2023\/08\/supprimer-le-saut-de-ligne.xlsx\" rel=\"nofollow\">\u0130ndirmek<\/a><\/p><\/div><div class=\"gb-container gb-container-4db6181c gb-container-mt\"> <a class=\"gb-button gb-button-c5897111 gb-button-text gb-button-mt-button\" href=\"https:\/\/exceladvisor.org\/tr\/vba\/\">VBA nedir<\/a><h2 class=\"gb-headline gb-headline-665e5f6b gb-headline-text gb-headline-mt-heading\"> \u0130lgili e\u011fitimler <\/h2><div class=\"gb-grid-wrapper gb-grid-wrapper-a20baf7c gb-grid-wrapper-mt-grid\"><div class=\"gb-grid-column gb-grid-column-65ddf67e\"><div class=\"gb-container gb-container-65ddf67e\"><ul><li> <a href=\"https:\/\/exceladvisor.org\/tr\/parantezleri-kaldir-2\/\">Excel&#8217;de Parantezleri Kald\u0131rma (Parantezler)<\/a><\/li><li> <a href=\"https:\/\/exceladvisor.org\/tr\/son-karakteri-sil-2\/\">Bir dizedeki son karakteri kald\u0131r<\/a><\/li><li> <a href=\"https:\/\/exceladvisor.org\/tr\/istenmeyen-karakterleri-kaldir\/\">\u0130stenmeyen karakterleri kald\u0131r\u0131n<\/a><\/li><li> <a href=\"https:\/\/exceladvisor.org\/tr\/metni-bosluk-kullanarak-bolme\/\">Aras\u0131nda bo\u015fluk kullanarak metni b\u00f6lme<\/a><\/li><li> <a href=\"https:\/\/exceladvisor.org\/tr\/virgulleri-kaldir-2\/\">Virg\u00fclleri kald\u0131r<\/a> <\/li><\/ul><\/div><\/div><div class=\"gb-grid-column gb-grid-column-50067b57\"><div class=\"gb-container gb-container-50067b57\"><\/div><\/div><\/div><\/div>","protected":false},"excerpt":{"rendered":"","protected":false},"author":1,"featured_media":0,"parent":0,"menu_order":0,"comment_status":"open","ping_status":"closed","template":"","meta":{"ub_ctt_via":"","footnotes":""},"class_list":["post-1779","page","type-page","status-publish","hentry"],"featured_image_src":null,"yoast_head":"<!-- This site is optimized with the Yoast SEO plugin v25.4 - https:\/\/yoast.com\/wordpress\/plugins\/seo\/ -->\n<title>\u25b7 Excel&#039;deki bir h\u00fccredeki sat\u0131r sonu kald\u0131r\u0131ls\u0131n m\u0131?<\/title>\n<meta name=\"description\" content=\"Bu e\u011fitimde size bir h\u00fccredeki sat\u0131r sonunu kald\u0131rmak i\u00e7in bir Excel form\u00fcl\u00fcn\u00fcn nas\u0131l yaz\u0131laca\u011f\u0131 \u00f6\u011fretilecektir. Bunu kontrol edelim\u2026\" \/>\n<meta name=\"robots\" content=\"index, follow, max-snippet:-1, max-image-preview:large, max-video-preview:-1\" \/>\n<link rel=\"canonical\" href=\"https:\/\/exceladvisor.org\/tr\/satir-sonunu-kaldir-2\/\" \/>\n<meta property=\"og:locale\" content=\"tr_TR\" \/>\n<meta property=\"og:type\" content=\"article\" \/>\n<meta property=\"og:title\" content=\"\u25b7 Excel&#039;deki bir h\u00fccredeki sat\u0131r sonu kald\u0131r\u0131ls\u0131n m\u0131?\" \/>\n<meta property=\"og:description\" content=\"Bu e\u011fitimde size bir h\u00fccredeki sat\u0131r sonunu kald\u0131rmak i\u00e7in bir Excel form\u00fcl\u00fcn\u00fcn nas\u0131l yaz\u0131laca\u011f\u0131 \u00f6\u011fretilecektir. Bunu kontrol edelim\u2026\" \/>\n<meta property=\"og:url\" content=\"https:\/\/exceladvisor.org\/tr\/satir-sonunu-kaldir-2\/\" \/>\n<meta property=\"og:site_name\" content=\"Excel Advisor\" \/>\n<meta property=\"article:modified_time\" content=\"2023-12-10T06:03:28+00:00\" \/>\n<meta property=\"og:image\" content=\"https:\/\/exceladvisor.org\/wp-content\/uploads\/2023\/08\/1-supprimer-la-rupture-de-lien-de-la-cellule.png\" \/>\n<meta name=\"twitter:card\" content=\"summary_large_image\" \/>\n<meta name=\"twitter:label1\" content=\"Tahmini okuma s\u00fcresi\" \/>\n\t<meta name=\"twitter:data1\" content=\"2 dakika\" \/>\n<script type=\"application\/ld+json\" class=\"yoast-schema-graph\">{\"@context\":\"https:\/\/schema.org\",\"@graph\":[{\"@type\":\"WebPage\",\"@id\":\"https:\/\/exceladvisor.org\/tr\/satir-sonunu-kaldir-2\/\",\"url\":\"https:\/\/exceladvisor.org\/tr\/satir-sonunu-kaldir-2\/\",\"name\":\"\u25b7 Excel&#39;deki bir h\u00fccredeki sat\u0131r sonu kald\u0131r\u0131ls\u0131n m\u0131?\",\"isPartOf\":{\"@id\":\"https:\/\/exceladvisor.org\/tr\/#website\"},\"primaryImageOfPage\":{\"@id\":\"https:\/\/exceladvisor.org\/tr\/satir-sonunu-kaldir-2\/#primaryimage\"},\"image\":{\"@id\":\"https:\/\/exceladvisor.org\/tr\/satir-sonunu-kaldir-2\/#primaryimage\"},\"thumbnailUrl\":\"https:\/\/exceladvisor.org\/wp-content\/uploads\/2023\/08\/1-supprimer-la-rupture-de-lien-de-la-cellule.png\",\"datePublished\":\"2023-11-05T07:34:37+00:00\",\"dateModified\":\"2023-12-10T06:03:28+00:00\",\"description\":\"Bu e\u011fitimde size bir h\u00fccredeki sat\u0131r sonunu kald\u0131rmak i\u00e7in bir Excel form\u00fcl\u00fcn\u00fcn nas\u0131l yaz\u0131laca\u011f\u0131 \u00f6\u011fretilecektir. Bunu kontrol edelim\u2026\",\"breadcrumb\":{\"@id\":\"https:\/\/exceladvisor.org\/tr\/satir-sonunu-kaldir-2\/#breadcrumb\"},\"inLanguage\":\"tr\",\"potentialAction\":[{\"@type\":\"ReadAction\",\"target\":[\"https:\/\/exceladvisor.org\/tr\/satir-sonunu-kaldir-2\/\"]}]},{\"@type\":\"ImageObject\",\"inLanguage\":\"tr\",\"@id\":\"https:\/\/exceladvisor.org\/tr\/satir-sonunu-kaldir-2\/#primaryimage\",\"url\":\"https:\/\/exceladvisor.org\/wp-content\/uploads\/2023\/08\/1-supprimer-la-rupture-de-lien-de-la-cellule.png\",\"contentUrl\":\"https:\/\/exceladvisor.org\/wp-content\/uploads\/2023\/08\/1-supprimer-la-rupture-de-lien-de-la-cellule.png\"},{\"@type\":\"BreadcrumbList\",\"@id\":\"https:\/\/exceladvisor.org\/tr\/satir-sonunu-kaldir-2\/#breadcrumb\",\"itemListElement\":[{\"@type\":\"ListItem\",\"position\":1,\"name\":\"Ev\",\"item\":\"https:\/\/exceladvisor.org\/tr\/\"},{\"@type\":\"ListItem\",\"position\":2,\"name\":\"Excel&#39;deki bir h\u00fccreden sat\u0131r sonunu kald\u0131r\u0131ls\u0131n m\u0131?\"}]},{\"@type\":\"WebSite\",\"@id\":\"https:\/\/exceladvisor.org\/tr\/#website\",\"url\":\"https:\/\/exceladvisor.org\/tr\/\",\"name\":\"Excel Advisor\",\"description\":\"Veri hakimiyetine y\u00f6nelik nihai rehberiniz!\",\"publisher\":{\"@id\":\"https:\/\/exceladvisor.org\/tr\/#organization\"},\"potentialAction\":[{\"@type\":\"SearchAction\",\"target\":{\"@type\":\"EntryPoint\",\"urlTemplate\":\"https:\/\/exceladvisor.org\/tr\/?s={search_term_string}\"},\"query-input\":{\"@type\":\"PropertyValueSpecification\",\"valueRequired\":true,\"valueName\":\"search_term_string\"}}],\"inLanguage\":\"tr\"},{\"@type\":\"Organization\",\"@id\":\"https:\/\/exceladvisor.org\/tr\/#organization\",\"name\":\"Excel Advisor\",\"url\":\"https:\/\/exceladvisor.org\/tr\/\",\"logo\":{\"@type\":\"ImageObject\",\"inLanguage\":\"tr\",\"@id\":\"https:\/\/exceladvisor.org\/tr\/#\/schema\/logo\/image\/\",\"url\":\"https:\/\/exceladvisor.org\/tr\/wp-content\/uploads\/2023\/12\/exceladvisor.org_.png\",\"contentUrl\":\"https:\/\/exceladvisor.org\/tr\/wp-content\/uploads\/2023\/12\/exceladvisor.org_.png\",\"width\":105,\"height\":36,\"caption\":\"Excel Advisor\"},\"image\":{\"@id\":\"https:\/\/exceladvisor.org\/tr\/#\/schema\/logo\/image\/\"}}]}<\/script>\n<!-- \/ Yoast SEO plugin. -->","yoast_head_json":{"title":"\u25b7 Excel&#39;deki bir h\u00fccredeki sat\u0131r sonu kald\u0131r\u0131ls\u0131n m\u0131?","description":"Bu e\u011fitimde size bir h\u00fccredeki sat\u0131r sonunu kald\u0131rmak i\u00e7in bir Excel form\u00fcl\u00fcn\u00fcn nas\u0131l yaz\u0131laca\u011f\u0131 \u00f6\u011fretilecektir. Bunu kontrol edelim\u2026","robots":{"index":"index","follow":"follow","max-snippet":"max-snippet:-1","max-image-preview":"max-image-preview:large","max-video-preview":"max-video-preview:-1"},"canonical":"https:\/\/exceladvisor.org\/tr\/satir-sonunu-kaldir-2\/","og_locale":"tr_TR","og_type":"article","og_title":"\u25b7 Excel&#39;deki bir h\u00fccredeki sat\u0131r sonu kald\u0131r\u0131ls\u0131n m\u0131?","og_description":"Bu e\u011fitimde size bir h\u00fccredeki sat\u0131r sonunu kald\u0131rmak i\u00e7in bir Excel form\u00fcl\u00fcn\u00fcn nas\u0131l yaz\u0131laca\u011f\u0131 \u00f6\u011fretilecektir. Bunu kontrol edelim\u2026","og_url":"https:\/\/exceladvisor.org\/tr\/satir-sonunu-kaldir-2\/","og_site_name":"Excel Advisor","article_modified_time":"2023-12-10T06:03:28+00:00","og_image":[{"url":"https:\/\/exceladvisor.org\/wp-content\/uploads\/2023\/08\/1-supprimer-la-rupture-de-lien-de-la-cellule.png","type":"","width":"","height":""}],"twitter_card":"summary_large_image","twitter_misc":{"Tahmini okuma s\u00fcresi":"2 dakika"},"schema":{"@context":"https:\/\/schema.org","@graph":[{"@type":"WebPage","@id":"https:\/\/exceladvisor.org\/tr\/satir-sonunu-kaldir-2\/","url":"https:\/\/exceladvisor.org\/tr\/satir-sonunu-kaldir-2\/","name":"\u25b7 Excel&#39;deki bir h\u00fccredeki sat\u0131r sonu kald\u0131r\u0131ls\u0131n m\u0131?","isPartOf":{"@id":"https:\/\/exceladvisor.org\/tr\/#website"},"primaryImageOfPage":{"@id":"https:\/\/exceladvisor.org\/tr\/satir-sonunu-kaldir-2\/#primaryimage"},"image":{"@id":"https:\/\/exceladvisor.org\/tr\/satir-sonunu-kaldir-2\/#primaryimage"},"thumbnailUrl":"https:\/\/exceladvisor.org\/wp-content\/uploads\/2023\/08\/1-supprimer-la-rupture-de-lien-de-la-cellule.png","datePublished":"2023-11-05T07:34:37+00:00","dateModified":"2023-12-10T06:03:28+00:00","description":"Bu e\u011fitimde size bir h\u00fccredeki sat\u0131r sonunu kald\u0131rmak i\u00e7in bir Excel form\u00fcl\u00fcn\u00fcn nas\u0131l yaz\u0131laca\u011f\u0131 \u00f6\u011fretilecektir. Bunu kontrol edelim\u2026","breadcrumb":{"@id":"https:\/\/exceladvisor.org\/tr\/satir-sonunu-kaldir-2\/#breadcrumb"},"inLanguage":"tr","potentialAction":[{"@type":"ReadAction","target":["https:\/\/exceladvisor.org\/tr\/satir-sonunu-kaldir-2\/"]}]},{"@type":"ImageObject","inLanguage":"tr","@id":"https:\/\/exceladvisor.org\/tr\/satir-sonunu-kaldir-2\/#primaryimage","url":"https:\/\/exceladvisor.org\/wp-content\/uploads\/2023\/08\/1-supprimer-la-rupture-de-lien-de-la-cellule.png","contentUrl":"https:\/\/exceladvisor.org\/wp-content\/uploads\/2023\/08\/1-supprimer-la-rupture-de-lien-de-la-cellule.png"},{"@type":"BreadcrumbList","@id":"https:\/\/exceladvisor.org\/tr\/satir-sonunu-kaldir-2\/#breadcrumb","itemListElement":[{"@type":"ListItem","position":1,"name":"Ev","item":"https:\/\/exceladvisor.org\/tr\/"},{"@type":"ListItem","position":2,"name":"Excel&#39;deki bir h\u00fccreden sat\u0131r sonunu kald\u0131r\u0131ls\u0131n m\u0131?"}]},{"@type":"WebSite","@id":"https:\/\/exceladvisor.org\/tr\/#website","url":"https:\/\/exceladvisor.org\/tr\/","name":"Excel Advisor","description":"Veri hakimiyetine y\u00f6nelik nihai rehberiniz!","publisher":{"@id":"https:\/\/exceladvisor.org\/tr\/#organization"},"potentialAction":[{"@type":"SearchAction","target":{"@type":"EntryPoint","urlTemplate":"https:\/\/exceladvisor.org\/tr\/?s={search_term_string}"},"query-input":{"@type":"PropertyValueSpecification","valueRequired":true,"valueName":"search_term_string"}}],"inLanguage":"tr"},{"@type":"Organization","@id":"https:\/\/exceladvisor.org\/tr\/#organization","name":"Excel Advisor","url":"https:\/\/exceladvisor.org\/tr\/","logo":{"@type":"ImageObject","inLanguage":"tr","@id":"https:\/\/exceladvisor.org\/tr\/#\/schema\/logo\/image\/","url":"https:\/\/exceladvisor.org\/tr\/wp-content\/uploads\/2023\/12\/exceladvisor.org_.png","contentUrl":"https:\/\/exceladvisor.org\/tr\/wp-content\/uploads\/2023\/12\/exceladvisor.org_.png","width":105,"height":36,"caption":"Excel Advisor"},"image":{"@id":"https:\/\/exceladvisor.org\/tr\/#\/schema\/logo\/image\/"}}]}},"yoast_meta":{"yoast_wpseo_title":"","yoast_wpseo_metadesc":"","yoast_wpseo_canonical":""},"_links":{"self":[{"href":"https:\/\/exceladvisor.org\/tr\/wp-json\/wp\/v2\/pages\/1779","targetHints":{"allow":["GET"]}}],"collection":[{"href":"https:\/\/exceladvisor.org\/tr\/wp-json\/wp\/v2\/pages"}],"about":[{"href":"https:\/\/exceladvisor.org\/tr\/wp-json\/wp\/v2\/types\/page"}],"author":[{"embeddable":true,"href":"https:\/\/exceladvisor.org\/tr\/wp-json\/wp\/v2\/users\/1"}],"replies":[{"embeddable":true,"href":"https:\/\/exceladvisor.org\/tr\/wp-json\/wp\/v2\/comments?post=1779"}],"version-history":[{"count":1,"href":"https:\/\/exceladvisor.org\/tr\/wp-json\/wp\/v2\/pages\/1779\/revisions"}],"predecessor-version":[{"id":2655,"href":"https:\/\/exceladvisor.org\/tr\/wp-json\/wp\/v2\/pages\/1779\/revisions\/2655"}],"wp:attachment":[{"href":"https:\/\/exceladvisor.org\/tr\/wp-json\/wp\/v2\/media?parent=1779"}],"curies":[{"name":"wp","href":"https:\/\/api.w.org\/{rel}","templated":true}]}}