{"id":1782,"date":"2023-11-05T06:43:42","date_gmt":"2023-11-05T06:43:42","guid":{"rendered":"https:\/\/exceladvisor.org\/tr\/kar-marji\/"},"modified":"2023-12-10T06:00:59","modified_gmt":"2023-12-10T06:00:59","slug":"kar-marji","status":"publish","type":"page","link":"https:\/\/exceladvisor.org\/tr\/kar-marji\/","title":{"rendered":"Excel&#39;de br\u00fct kar marj\u0131 nas\u0131l hesaplan\u0131r?"},"content":{"rendered":"<div class=\"excel-icerikten-once\" id=\"excel-1717271646\"><script type=\"text\/javascript\">\r\n\tatOptions = {\r\n\t\t'key' : 'c1158f160081d6540a8409e6925dab94',\r\n\t\t'format' : 'iframe',\r\n\t\t'height' : 250,\r\n\t\t'width' : 300,\r\n\t\t'params' : {}\r\n\t};\r\n<\/script>\r\n<script type=\"text\/javascript\" src=\"\/\/www.highperformanceformat.com\/c1158f160081d6540a8409e6925dab94\/invoke.js\"><\/script><\/div> <p>Excel&#8217;de br\u00fct kar marj\u0131 (kar marj\u0131 oran\u0131) hesaplamak istiyorsan\u0131z bir form\u00fcle ihtiyac\u0131n\u0131z vard\u0131r. Ve bu derste bunu nas\u0131l yazaca\u011f\u0131m\u0131z\u0131 \u00f6\u011frenece\u011fiz. <\/p><div class=\"wp-block-image\"><figure class=\"aligncenter size-full is-resized\"><img loading=\"lazy\" decoding=\"async\" class=\"wp-image-82445\" src=\"https:\/\/exceladvisor.org\/wp-content\/uploads\/2023\/08\/1-benefice-brut.png\" sizes=\"auto, \" srcset=\"\" alt=\"b\u00fcy\u00fck kar\" width=\"495\" height=\"331\"><\/figure><\/div><h2 class=\"wp-block-heading\"> Br\u00fct kar\u0131 elde etmek i\u00e7in form\u00fcl\u00fc yaz\u0131n (marj ve oran)<\/h2><p> Bu form\u00fcl\u00fc yazma ad\u0131mlar\u0131 \u015funlard\u0131r:<\/p><ol type=\"1\"><li> \u00d6ncelikle e\u015fittir operat\u00f6r\u00fcn\u00fc (=) bir h\u00fccreye girin ve bir ba\u015flang\u0131\u00e7 parantezi yaz\u0131n.<\/li><li> Bundan sonra cironuzun oldu\u011fu B1 h\u00fccresine bak\u0131n.<\/li><li> Daha sonra eksi operat\u00f6r\u00fcn\u00fc girin ve Maliyetler ve Giderler b\u00f6l\u00fcm\u00fcne (B2) bak\u0131n.<\/li><li> Sonunda b\u00f6lme operat\u00f6r\u00fcne girin ve tekrar gelir h\u00fccresine bak\u0131n. Ve sonucu almak i\u00e7in Enter tu\u015funa bas\u0131n. <\/li><\/ol><div class=\"wp-block-image\"><figure class=\"aligncenter size-full is-resized\"><img loading=\"lazy\" decoding=\"async\" class=\"wp-image-82446\" src=\"https:\/\/exceladvisor.org\/wp-content\/uploads\/2023\/08\/2-formules-pour-obtenir-un-benefice-brut.png\" sizes=\"auto, \" srcset=\"\" alt=\"br\u00fct-kar-elde etme form\u00fcl\u00fc\" width=\"480\" height=\"296\"><\/figure><\/div><p> Enter tu\u015funa bast\u0131\u011f\u0131n\u0131z anda br\u00fct kar y\u00fczdesini sonu\u00e7 olarak d\u00f6nd\u00fcr\u00fcr. <\/p><div class=\"wp-block-image\"><figure class=\"aligncenter size-full is-resized\"><img loading=\"lazy\" decoding=\"async\" class=\"wp-image-82447\" src=\"https:\/\/exceladvisor.org\/wp-content\/uploads\/2023\/08\/3-benefices-bruts-generes.png\" sizes=\"auto, \" srcset=\"\" alt=\"br\u00fct-sonu\u00e7-sonu\u00e7\" width=\"498\" height=\"310\"><\/figure><\/div><pre class=\"wp-block-code\"> <code class=\"language-excel-formula\" lang=\"excel-formula\">=(B1-B2)\/B1 =(Revenue \u2013 Cost) \/ Revenue<\/code><\/pre><p> Ayr\u0131ca bir h\u00fccrede br\u00fct kar\u0131, ba\u015fka bir h\u00fccrede marj\u0131 hesaplayabilirsiniz. <\/p><div class=\"wp-block-image\"><figure class=\"aligncenter size-full is-resized\"><img loading=\"lazy\" decoding=\"async\" class=\"wp-image-82448\" src=\"https:\/\/exceladvisor.org\/wp-content\/uploads\/2023\/08\/4-benefice-brut-et-marge.png\" sizes=\"auto, \" srcset=\"\" alt=\"br\u00fct kar ve marj\" width=\"507\" height=\"309\"><\/figure><\/div><p> A\u015fa\u011f\u0131daki \u00f6rnekte kar ve kar marj\u0131 y\u00fczdelerini iki farkl\u0131 h\u00fccreye ay\u0131rd\u0131k.<\/p><h3 class=\"wp-block-heading\"> B\u00fcy\u00fck kar<\/h3><pre class=\"wp-block-code\"> <code class=\"language-excel-formula\" lang=\"excel-formula\">=Revenue \u2013 Cost =B1-B2<\/code><\/pre><h3 class=\"wp-block-heading\"> Br\u00fct kar marj\u0131 <\/h3><pre class=\"wp-block-code\"> <code class=\"language-excel-formula\" lang=\"excel-formula\">= Gross Profit \/ Revenue =B3\/B1<\/code><\/pre><div class=\"gb-container gb-container-52dfcee1 gb-container-sample-file\"><h2 class=\"gb-headline gb-headline-e289c143 gb-headline-text gb-headline-4f7959c2\"> Excel dosyas\u0131n\u0131 al\u0131n<\/h2><p> <a class=\"gb-button gb-button-e88d6bee gb-button-text gb-button-button1\" href=\"https:\/\/exceladvisor.org\/wp-content\/uploads\/2023\/11\/benefice-brut.xlsx\" rel=\"nofollow\">\u0130ndirmek<\/a><\/p><\/div><div class=\"gb-container gb-container-0df56012 gb-container-mt\"> <a class=\"gb-button gb-button-f9f432f4 gb-button-text gb-button-mt-button\" href=\"https:\/\/exceladvisor.org\/tr\/formuller\/\">Excel form\u00fcllerinin listesi<\/a><h2 class=\"gb-headline gb-headline-233444e8 gb-headline-text gb-headline-mt-heading\"> \u0130lgili form\u00fcller <\/h2><div class=\"gb-grid-wrapper gb-grid-wrapper-a16fa65c gb-grid-wrapper-mt-grid\"><div class=\"gb-grid-column gb-grid-column-50d07e0d\"><div class=\"gb-container gb-container-50d07e0d\"><ul><li> <a href=\"https:\/\/exceladvisor.org\/tr\/bilesik-faiz\/\">Excel&#8217;de bile\u015fik faizi hesaplay\u0131n<\/a><\/li><li> <a href=\"https:\/\/exceladvisor.org\/tr\/basit-ilgi\/\">Excel&#8217;de Basit Faizi Hesaplay\u0131n<\/a><\/li><li> <a href=\"https:\/\/exceladvisor.org\/tr\/kdv\/\">KDV&#8217;yi hesapla<\/a> <\/li><\/ul><\/div><\/div><div class=\"gb-grid-column gb-grid-column-5b4a0cf9\"><div class=\"gb-container gb-container-5b4a0cf9\"><\/div><\/div><\/div><\/div>","protected":false},"excerpt":{"rendered":"","protected":false},"author":1,"featured_media":0,"parent":0,"menu_order":0,"comment_status":"open","ping_status":"closed","template":"","meta":{"ub_ctt_via":"","footnotes":""},"class_list":["post-1782","page","type-page","status-publish","hentry"],"featured_image_src":null,"yoast_head":"<!-- This site is optimized with the Yoast SEO plugin v25.4 - https:\/\/yoast.com\/wordpress\/plugins\/seo\/ -->\n<title>Excel&#039;de br\u00fct kar marj\u0131 nas\u0131l hesaplan\u0131r?<\/title>\n<meta name=\"description\" content=\"Bu e\u011fitimde br\u00fct kar marj\u0131n\u0131 ve oran\u0131n\u0131 hesaplamak i\u00e7in bir Excel form\u00fcl\u00fcne odaklan\u0131lmaktad\u0131r. Bunu kontrol edelim...\" \/>\n<meta name=\"robots\" content=\"index, follow, max-snippet:-1, max-image-preview:large, max-video-preview:-1\" \/>\n<link rel=\"canonical\" href=\"https:\/\/exceladvisor.org\/tr\/kar-marji\/\" \/>\n<meta property=\"og:locale\" content=\"tr_TR\" \/>\n<meta property=\"og:type\" content=\"article\" \/>\n<meta property=\"og:title\" content=\"Excel&#039;de br\u00fct kar marj\u0131 nas\u0131l hesaplan\u0131r?\" \/>\n<meta property=\"og:description\" content=\"Bu e\u011fitimde br\u00fct kar marj\u0131n\u0131 ve oran\u0131n\u0131 hesaplamak i\u00e7in bir Excel form\u00fcl\u00fcne odaklan\u0131lmaktad\u0131r. Bunu kontrol edelim...\" \/>\n<meta property=\"og:url\" content=\"https:\/\/exceladvisor.org\/tr\/kar-marji\/\" \/>\n<meta property=\"og:site_name\" content=\"Excel Advisor\" \/>\n<meta property=\"article:modified_time\" content=\"2023-12-10T06:00:59+00:00\" \/>\n<meta property=\"og:image\" content=\"https:\/\/exceladvisor.org\/wp-content\/uploads\/2023\/08\/1-benefice-brut.png\" \/>\n<meta name=\"twitter:card\" content=\"summary_large_image\" \/>\n<meta name=\"twitter:label1\" content=\"Tahmini okuma s\u00fcresi\" \/>\n\t<meta name=\"twitter:data1\" content=\"1 dakika\" \/>\n<script type=\"application\/ld+json\" class=\"yoast-schema-graph\">{\"@context\":\"https:\/\/schema.org\",\"@graph\":[{\"@type\":\"WebPage\",\"@id\":\"https:\/\/exceladvisor.org\/tr\/kar-marji\/\",\"url\":\"https:\/\/exceladvisor.org\/tr\/kar-marji\/\",\"name\":\"Excel&#39;de br\u00fct kar marj\u0131 nas\u0131l hesaplan\u0131r?\",\"isPartOf\":{\"@id\":\"https:\/\/exceladvisor.org\/tr\/#website\"},\"primaryImageOfPage\":{\"@id\":\"https:\/\/exceladvisor.org\/tr\/kar-marji\/#primaryimage\"},\"image\":{\"@id\":\"https:\/\/exceladvisor.org\/tr\/kar-marji\/#primaryimage\"},\"thumbnailUrl\":\"https:\/\/exceladvisor.org\/wp-content\/uploads\/2023\/08\/1-benefice-brut.png\",\"datePublished\":\"2023-11-05T06:43:42+00:00\",\"dateModified\":\"2023-12-10T06:00:59+00:00\",\"description\":\"Bu e\u011fitimde br\u00fct kar marj\u0131n\u0131 ve oran\u0131n\u0131 hesaplamak i\u00e7in bir Excel form\u00fcl\u00fcne odaklan\u0131lmaktad\u0131r. Bunu kontrol edelim...\",\"breadcrumb\":{\"@id\":\"https:\/\/exceladvisor.org\/tr\/kar-marji\/#breadcrumb\"},\"inLanguage\":\"tr\",\"potentialAction\":[{\"@type\":\"ReadAction\",\"target\":[\"https:\/\/exceladvisor.org\/tr\/kar-marji\/\"]}]},{\"@type\":\"ImageObject\",\"inLanguage\":\"tr\",\"@id\":\"https:\/\/exceladvisor.org\/tr\/kar-marji\/#primaryimage\",\"url\":\"https:\/\/exceladvisor.org\/wp-content\/uploads\/2023\/08\/1-benefice-brut.png\",\"contentUrl\":\"https:\/\/exceladvisor.org\/wp-content\/uploads\/2023\/08\/1-benefice-brut.png\"},{\"@type\":\"BreadcrumbList\",\"@id\":\"https:\/\/exceladvisor.org\/tr\/kar-marji\/#breadcrumb\",\"itemListElement\":[{\"@type\":\"ListItem\",\"position\":1,\"name\":\"Ev\",\"item\":\"https:\/\/exceladvisor.org\/tr\/\"},{\"@type\":\"ListItem\",\"position\":2,\"name\":\"Excel&#39;de br\u00fct kar marj\u0131 nas\u0131l hesaplan\u0131r?\"}]},{\"@type\":\"WebSite\",\"@id\":\"https:\/\/exceladvisor.org\/tr\/#website\",\"url\":\"https:\/\/exceladvisor.org\/tr\/\",\"name\":\"Excel Advisor\",\"description\":\"Veri hakimiyetine y\u00f6nelik nihai rehberiniz!\",\"publisher\":{\"@id\":\"https:\/\/exceladvisor.org\/tr\/#organization\"},\"potentialAction\":[{\"@type\":\"SearchAction\",\"target\":{\"@type\":\"EntryPoint\",\"urlTemplate\":\"https:\/\/exceladvisor.org\/tr\/?s={search_term_string}\"},\"query-input\":{\"@type\":\"PropertyValueSpecification\",\"valueRequired\":true,\"valueName\":\"search_term_string\"}}],\"inLanguage\":\"tr\"},{\"@type\":\"Organization\",\"@id\":\"https:\/\/exceladvisor.org\/tr\/#organization\",\"name\":\"Excel Advisor\",\"url\":\"https:\/\/exceladvisor.org\/tr\/\",\"logo\":{\"@type\":\"ImageObject\",\"inLanguage\":\"tr\",\"@id\":\"https:\/\/exceladvisor.org\/tr\/#\/schema\/logo\/image\/\",\"url\":\"https:\/\/exceladvisor.org\/tr\/wp-content\/uploads\/2023\/12\/exceladvisor.org_.png\",\"contentUrl\":\"https:\/\/exceladvisor.org\/tr\/wp-content\/uploads\/2023\/12\/exceladvisor.org_.png\",\"width\":105,\"height\":36,\"caption\":\"Excel Advisor\"},\"image\":{\"@id\":\"https:\/\/exceladvisor.org\/tr\/#\/schema\/logo\/image\/\"}}]}<\/script>\n<!-- \/ Yoast SEO plugin. -->","yoast_head_json":{"title":"Excel&#39;de br\u00fct kar marj\u0131 nas\u0131l hesaplan\u0131r?","description":"Bu e\u011fitimde br\u00fct kar marj\u0131n\u0131 ve oran\u0131n\u0131 hesaplamak i\u00e7in bir Excel form\u00fcl\u00fcne odaklan\u0131lmaktad\u0131r. Bunu kontrol edelim...","robots":{"index":"index","follow":"follow","max-snippet":"max-snippet:-1","max-image-preview":"max-image-preview:large","max-video-preview":"max-video-preview:-1"},"canonical":"https:\/\/exceladvisor.org\/tr\/kar-marji\/","og_locale":"tr_TR","og_type":"article","og_title":"Excel&#39;de br\u00fct kar marj\u0131 nas\u0131l hesaplan\u0131r?","og_description":"Bu e\u011fitimde br\u00fct kar marj\u0131n\u0131 ve oran\u0131n\u0131 hesaplamak i\u00e7in bir Excel form\u00fcl\u00fcne odaklan\u0131lmaktad\u0131r. Bunu kontrol edelim...","og_url":"https:\/\/exceladvisor.org\/tr\/kar-marji\/","og_site_name":"Excel Advisor","article_modified_time":"2023-12-10T06:00:59+00:00","og_image":[{"url":"https:\/\/exceladvisor.org\/wp-content\/uploads\/2023\/08\/1-benefice-brut.png","type":"","width":"","height":""}],"twitter_card":"summary_large_image","twitter_misc":{"Tahmini okuma s\u00fcresi":"1 dakika"},"schema":{"@context":"https:\/\/schema.org","@graph":[{"@type":"WebPage","@id":"https:\/\/exceladvisor.org\/tr\/kar-marji\/","url":"https:\/\/exceladvisor.org\/tr\/kar-marji\/","name":"Excel&#39;de br\u00fct kar marj\u0131 nas\u0131l hesaplan\u0131r?","isPartOf":{"@id":"https:\/\/exceladvisor.org\/tr\/#website"},"primaryImageOfPage":{"@id":"https:\/\/exceladvisor.org\/tr\/kar-marji\/#primaryimage"},"image":{"@id":"https:\/\/exceladvisor.org\/tr\/kar-marji\/#primaryimage"},"thumbnailUrl":"https:\/\/exceladvisor.org\/wp-content\/uploads\/2023\/08\/1-benefice-brut.png","datePublished":"2023-11-05T06:43:42+00:00","dateModified":"2023-12-10T06:00:59+00:00","description":"Bu e\u011fitimde br\u00fct kar marj\u0131n\u0131 ve oran\u0131n\u0131 hesaplamak i\u00e7in bir Excel form\u00fcl\u00fcne odaklan\u0131lmaktad\u0131r. Bunu kontrol edelim...","breadcrumb":{"@id":"https:\/\/exceladvisor.org\/tr\/kar-marji\/#breadcrumb"},"inLanguage":"tr","potentialAction":[{"@type":"ReadAction","target":["https:\/\/exceladvisor.org\/tr\/kar-marji\/"]}]},{"@type":"ImageObject","inLanguage":"tr","@id":"https:\/\/exceladvisor.org\/tr\/kar-marji\/#primaryimage","url":"https:\/\/exceladvisor.org\/wp-content\/uploads\/2023\/08\/1-benefice-brut.png","contentUrl":"https:\/\/exceladvisor.org\/wp-content\/uploads\/2023\/08\/1-benefice-brut.png"},{"@type":"BreadcrumbList","@id":"https:\/\/exceladvisor.org\/tr\/kar-marji\/#breadcrumb","itemListElement":[{"@type":"ListItem","position":1,"name":"Ev","item":"https:\/\/exceladvisor.org\/tr\/"},{"@type":"ListItem","position":2,"name":"Excel&#39;de br\u00fct kar marj\u0131 nas\u0131l hesaplan\u0131r?"}]},{"@type":"WebSite","@id":"https:\/\/exceladvisor.org\/tr\/#website","url":"https:\/\/exceladvisor.org\/tr\/","name":"Excel Advisor","description":"Veri hakimiyetine y\u00f6nelik nihai rehberiniz!","publisher":{"@id":"https:\/\/exceladvisor.org\/tr\/#organization"},"potentialAction":[{"@type":"SearchAction","target":{"@type":"EntryPoint","urlTemplate":"https:\/\/exceladvisor.org\/tr\/?s={search_term_string}"},"query-input":{"@type":"PropertyValueSpecification","valueRequired":true,"valueName":"search_term_string"}}],"inLanguage":"tr"},{"@type":"Organization","@id":"https:\/\/exceladvisor.org\/tr\/#organization","name":"Excel Advisor","url":"https:\/\/exceladvisor.org\/tr\/","logo":{"@type":"ImageObject","inLanguage":"tr","@id":"https:\/\/exceladvisor.org\/tr\/#\/schema\/logo\/image\/","url":"https:\/\/exceladvisor.org\/tr\/wp-content\/uploads\/2023\/12\/exceladvisor.org_.png","contentUrl":"https:\/\/exceladvisor.org\/tr\/wp-content\/uploads\/2023\/12\/exceladvisor.org_.png","width":105,"height":36,"caption":"Excel Advisor"},"image":{"@id":"https:\/\/exceladvisor.org\/tr\/#\/schema\/logo\/image\/"}}]}},"yoast_meta":{"yoast_wpseo_title":"","yoast_wpseo_metadesc":"","yoast_wpseo_canonical":""},"_links":{"self":[{"href":"https:\/\/exceladvisor.org\/tr\/wp-json\/wp\/v2\/pages\/1782","targetHints":{"allow":["GET"]}}],"collection":[{"href":"https:\/\/exceladvisor.org\/tr\/wp-json\/wp\/v2\/pages"}],"about":[{"href":"https:\/\/exceladvisor.org\/tr\/wp-json\/wp\/v2\/types\/page"}],"author":[{"embeddable":true,"href":"https:\/\/exceladvisor.org\/tr\/wp-json\/wp\/v2\/users\/1"}],"replies":[{"embeddable":true,"href":"https:\/\/exceladvisor.org\/tr\/wp-json\/wp\/v2\/comments?post=1782"}],"version-history":[{"count":1,"href":"https:\/\/exceladvisor.org\/tr\/wp-json\/wp\/v2\/pages\/1782\/revisions"}],"predecessor-version":[{"id":2454,"href":"https:\/\/exceladvisor.org\/tr\/wp-json\/wp\/v2\/pages\/1782\/revisions\/2454"}],"wp:attachment":[{"href":"https:\/\/exceladvisor.org\/tr\/wp-json\/wp\/v2\/media?parent=1782"}],"curies":[{"name":"wp","href":"https:\/\/api.w.org\/{rel}","templated":true}]}}