{"id":1783,"date":"2023-11-05T06:20:08","date_gmt":"2023-11-05T06:20:08","guid":{"rendered":"https:\/\/exceladvisor.org\/tr\/son-degeri-bul-2\/"},"modified":"2023-12-10T05:59:01","modified_gmt":"2023-12-10T05:59:01","slug":"son-degeri-bul-2","status":"publish","type":"page","link":"https:\/\/exceladvisor.org\/tr\/son-degeri-bul-2\/","title":{"rendered":"Bir s\u00fctun veya sat\u0131rdaki son de\u011feri bulma"},"content":{"rendered":"<div class=\"excel-icerikten-once\" id=\"excel-1415574203\"><script type=\"text\/javascript\">\r\n\tatOptions = {\r\n\t\t'key' : 'c1158f160081d6540a8409e6925dab94',\r\n\t\t'format' : 'iframe',\r\n\t\t'height' : 250,\r\n\t\t'width' : 300,\r\n\t\t'params' : {}\r\n\t};\r\n<\/script>\r\n<script type=\"text\/javascript\" src=\"\/\/www.highperformanceformat.com\/c1158f160081d6540a8409e6925dab94\/invoke.js\"><\/script><\/div> <p>Excel&#8217;de bir s\u00fctun veya sat\u0131rdaki de\u011feri bulman\u0131n iki yolu vard\u0131r. Bu derste her iki form\u00fcl t\u00fcr\u00fcn\u00fcn de nas\u0131l kullan\u0131laca\u011f\u0131n\u0131 \u00f6\u011frenece\u011fiz ve bunlar\u0131 farkl\u0131 durumlarda ele almaya \u00e7al\u0131\u015faca\u011f\u0131z.<\/p><h2 class=\"wp-block-heading\"> Son de\u011feri bul (son de\u011fer son h\u00fccrede oldu\u011funda)<\/h2><p> Bu form\u00fcl\u00fc yazmak i\u00e7in \u015fu ad\u0131mlar\u0131 izleyin:<\/p><ol type=\"1\"><li> \u00d6ncelikle bir h\u00fccreye INDEX fonksiyonunu girin.<\/li><li> Bundan sonra <strong>dizi<\/strong> arg\u00fcman\u0131nda de\u011fer aral\u0131\u011f\u0131na bak\u0131n.<\/li><li> Ard\u0131ndan <strong>sat\u0131rlar<\/strong> ba\u011f\u0131ms\u0131z de\u011fi\u015fkeninde SATIRLAR i\u015flevini girin.<\/li><li> SATIRLAR i\u015flevinde de\u011ferlerin bulundu\u011fu aral\u0131\u011fa bak\u0131n.<\/li><li> Sonunda kapatma parantezlerini girin ve sonucu almak i\u00e7in Enter tu\u015funa bas\u0131n. <\/li><\/ol><div class=\"wp-block-image\"><figure class=\"aligncenter size-full is-resized\"><img loading=\"lazy\" decoding=\"async\" class=\"wp-image-82465\" src=\"https:\/\/exceladvisor.org\/wp-content\/uploads\/2023\/08\/1-recherche-de-la-derniere-valeur-dune-cellule-ou-dune-ligne.png\" sizes=\"auto, \" srcset=\"\" alt=\"bir h\u00fccrenin veya sat\u0131r\u0131n son de\u011ferini aray\u0131n\" width=\"440\" height=\"139\"><\/figure><\/div><pre class=\"wp-block-code\"> <code class=\"language-excel-formula\" lang=\"excel-formula\">=INDEX(A1:A4,ROWS(A1:A4))<\/code><\/pre><p> Enter tu\u015funa bast\u0131\u011f\u0131n\u0131z anda aral\u0131ktaki son h\u00fccrenin de\u011ferini d\u00f6nd\u00fcr\u00fcr. <\/p><div class=\"wp-block-image\"><figure class=\"aligncenter size-full is-resized\"><img loading=\"lazy\" decoding=\"async\" class=\"wp-image-82454\" src=\"https:\/\/exceladvisor.org\/wp-content\/uploads\/2023\/08\/2-valeur-de-la-derniere-cellule-de-la-plage.png\" sizes=\"auto, \" srcset=\"\" alt=\"aral\u0131ktaki son h\u00fccrenin de\u011feri\" width=\"439\" height=\"243\"><\/figure><\/div><p> <strong>Bu form\u00fclle ilgili tek sorun<\/strong> , aral\u0131\u011f\u0131n son h\u00fccresinde bir de\u011ferin olmamas\u0131d\u0131r. <\/p><div class=\"wp-block-image\"><figure class=\"aligncenter size-full is-resized\"><img loading=\"lazy\" decoding=\"async\" class=\"wp-image-82456\" src=\"https:\/\/exceladvisor.org\/wp-content\/uploads\/2023\/08\/3-aucune-valeur-dans-la-derniere-cellule-de-la-plage.png\" sizes=\"auto, \" srcset=\"\" alt=\"aral\u0131\u011f\u0131n son h\u00fccresinde de\u011fer yok\" width=\"402\" height=\"205\"><\/figure><\/div><p> Bu nedenle biraz sonra bahsedece\u011fimiz form\u00fcle ge\u00e7ebiliriz.<\/p><h2 class=\"wp-block-heading\"> S\u00fctundaki son de\u011feri bulun<\/h2><p> ARAMA i\u015flevini de kullanabilirsiniz. Ve form\u00fcl \u015f\u00f6yle olacak:<\/p><pre class=\"wp-block-code\"> <code class=\"language-excel-formula\" lang=\"excel-formula\">=LOOKUP(2,1\/(A:A&lt;&gt;\"\"),A:A)<\/code><\/pre><p> LOOKUP&#8217;\u0131n izleyece\u011fi iki s\u00f6zdizimi vard\u0131r ve biz vekt\u00f6r s\u00f6zdizimini kulland\u0131k. <\/p><div class=\"wp-block-image\"><figure class=\"aligncenter size-full is-resized\"><img loading=\"lazy\" decoding=\"async\" class=\"wp-image-82457\" src=\"https:\/\/exceladvisor.org\/wp-content\/uploads\/2023\/08\/4-rechercher-la-derniere-valeur-dans-la-colonne.png\" sizes=\"auto, \" srcset=\"\" alt=\"s\u00fctundaki-son-de\u011feri ara\" width=\"287\" height=\"103\"><\/figure><\/div><h3 class=\"wp-block-heading\"> (A:A&lt;&gt;&#8221;)<\/h3><p> Form\u00fcl\u00fcn bu k\u0131sm\u0131, bir h\u00fccrenin bir de\u011fere sahip olup olmad\u0131\u011f\u0131n\u0131 test ettikten sonra bir dizi d\u00f6nd\u00fcr\u00fcr.<\/p><p> Burada s\u00fctunun tamam\u0131na at\u0131fta bulunduk ve bu y\u00fczden b\u00fcy\u00fck bir dizi d\u00f6nd\u00fcrd\u00fc. Ancak ilk \u00fc\u00e7 de\u011ferde g\u00f6rd\u00fc\u011f\u00fcn\u00fcz gibi DO\u011eRU&#8217;ya sahibiz, bunun nedeni A s\u00fctununun ilk \u00fc\u00e7 h\u00fccresindeki de\u011ferlere sahip olmam\u0131zd\u0131r. <\/p><div class=\"wp-block-image\"><figure class=\"aligncenter size-full is-resized\"><img loading=\"lazy\" decoding=\"async\" class=\"wp-image-82458\" src=\"https:\/\/exceladvisor.org\/wp-content\/uploads\/2023\/08\/5-fait-reference-a-la-colonne-entiere.png\" sizes=\"auto, \" srcset=\"\" alt=\"s\u00fctunun tamam\u0131na referans\" width=\"523\" height=\"151\"><\/figure><\/div><h3 class=\"wp-block-heading\"> 1\/(A:A&lt;&gt; \u00bb \u00bb)<\/h3><p> Ve 1&#8217;i form\u00fcl\u00fcn \u00f6nceki b\u00f6l\u00fcm\u00fcn\u00fcn d\u00f6nd\u00fcrd\u00fc\u011f\u00fc dizinin tamam\u0131na b\u00f6ld\u00fc\u011f\u00fcn\u00fczde, DO\u011eRU i\u00e7in 1 ve ;#B\u00d6L\/0! t\u00fcm YANLI\u015e de\u011ferler i\u00e7in. <\/p><div class=\"wp-block-image\"><figure class=\"aligncenter size-full is-resized\"><img loading=\"lazy\" decoding=\"async\" class=\"wp-image-82460\" src=\"https:\/\/exceladvisor.org\/wp-content\/uploads\/2023\/08\/6-renvoye-par-la-partie-precedente-de-la-formule.png\" sizes=\"auto, \" srcset=\"\" alt=\"form\u00fcl\u00fcn \u00f6nceki k\u0131sm\u0131 taraf\u0131ndan d\u00f6nd\u00fcr\u00fcld\u00fc\" width=\"350\" height=\"124\"><\/figure><\/div><h3 class=\"wp-block-heading\"> C:R<\/h3><p> Form\u00fcl\u00fcn bu b\u00f6l\u00fcm\u00fcnde A s\u00fctununa referans bulunur. Bu, s\u00fctun de\u011ferlerinin tam dizisini d\u00f6nd\u00fcr\u00fcr. H\u00fccrenin bo\u015f oldu\u011fu yerde 0&#8217;a ve h\u00fccrenin bo\u015f olmad\u0131\u011f\u0131 ger\u00e7ek de\u011fere sahipsiniz. <\/p><div class=\"wp-block-image\"><figure class=\"aligncenter size-full is-resized\"><img loading=\"lazy\" decoding=\"async\" class=\"wp-image-82461\" src=\"https:\/\/exceladvisor.org\/wp-content\/uploads\/2023\/08\/7-la-cellule-est-vide.png\" sizes=\"auto, \" srcset=\"\" alt=\"h\u00fccre bo\u015f\" width=\"398\" height=\"94\"><\/figure><\/div><h3 class=\"wp-block-heading\"> ARA(2,1\/(A:A&lt;&gt;\u201d\u201d),A:A)<\/h3><p> Daha \u00f6nce de belirtti\u011fim gibi LOOKUP fonksiyonunun vekt\u00f6rel sentaks\u0131n\u0131 kulland\u0131k. <\/p><div class=\"wp-block-image\"><figure class=\"aligncenter size-full is-resized\"><img loading=\"lazy\" decoding=\"async\" class=\"wp-image-82462\" src=\"https:\/\/exceladvisor.org\/wp-content\/uploads\/2023\/08\/8-syntaxe-de-vecteur-de-fonction-de-recherche1.png\" sizes=\"auto, \" srcset=\"\" alt=\"arama-i\u015flevi-vekt\u00f6r-s\u00f6zdizimi\" width=\"351\" height=\"205\"><\/figure><\/div><ul><li> LOOKUP vekt\u00f6r\u00fcnde 1 ve 0 gibi t\u00fcm de\u011ferlere sahibiz. RESULT vekt\u00f6r\u00fcndeki de\u011ferlerin oldu\u011fu yerde 1, sonu\u00e7 vekt\u00f6r\u00fcn\u00fcn ise hi\u00e7bir de\u011ferin olmad\u0131\u011f\u0131 0.<\/li><li> T\u00fcm de\u011ferlerin 1 oldu\u011fu aral\u0131kta 2&#8217;yi arad\u0131\u011f\u0131n\u0131zda, SEARCH i\u015flevi SEARCH vekt\u00f6r\u00fcndeki son 1&#8217;i ifade eder.<\/li><li> Daha sonra sonu\u00e7 vekt\u00f6r\u00fcn\u00fcn kar\u015f\u0131l\u0131k gelen de\u011ferini d\u00f6nd\u00fcr\u00fcr. Bu son de\u011fer A s\u00fctununun son kesin de\u011feridir. <\/li><\/ul><div class=\"wp-block-image\"><figure class=\"aligncenter size-full is-resized\"><img loading=\"lazy\" decoding=\"async\" class=\"wp-image-82463\" src=\"https:\/\/exceladvisor.org\/wp-content\/uploads\/2023\/08\/9-valeur-correspondante-du-vecteur-de-resultat.png\" sizes=\"auto, \" srcset=\"\" alt=\"sonu\u00e7 vekt\u00f6r\u00fcn\u00fcn kar\u015f\u0131l\u0131k gelen de\u011feri\" width=\"488\" height=\"269\"><\/figure><\/div><h2 class=\"wp-block-heading\"> Bir sat\u0131r\u0131n son de\u011ferini bulma<\/h2><p> Arka arkaya bo\u015f olmayan son h\u00fccrenin de\u011ferini almak i\u00e7in kullan\u0131labilir. Yani sahip oldu\u011funuz referans\u0131 de\u011fi\u015ftirmeniz yeterli. <\/p><div class=\"wp-block-image\"><figure class=\"aligncenter size-full is-resized\"><img loading=\"lazy\" decoding=\"async\" class=\"wp-image-82464\" src=\"https:\/\/exceladvisor.org\/wp-content\/uploads\/2023\/08\/10-recherche-de-la-valeur-de-la-derniere-ligne1.png\" sizes=\"auto, \" srcset=\"\" alt=\"son sat\u0131r\u0131n de\u011ferini bulma\" width=\"512\" height=\"231\"><\/figure><\/div><pre class=\"wp-block-code\"> <code class=\"language-excel-formula\" lang=\"excel-formula\">=LOOKUP(2,1\/(1:1&lt;&gt;\"\"),1:1)<\/code><\/pre><p> Bu form\u00fclde, arama vekt\u00f6r\u00fc i\u00e7in sat\u0131r\u0131n tamam\u0131na (Sat\u0131r 1) ve sonu\u00e7 vekt\u00f6r\u00fcne at\u0131fta bulunduk. Enter tu\u015funa bast\u0131\u011f\u0131n\u0131zda ise sat\u0131rdaki bo\u015f olmayan son h\u00fccre olan D1 h\u00fccresinin de\u011ferini d\u00f6nd\u00fcr\u00fcyor. <\/p><div class=\"gb-container gb-container-52dfcee1 gb-container-sample-file\"><h2 class=\"gb-headline gb-headline-e289c143 gb-headline-text gb-headline-4f7959c2\"> Excel dosyas\u0131n\u0131 al\u0131n<\/h2> <a class=\"gb-button gb-button-e88d6bee gb-button-text gb-button-button1\" href=\"https:\/\/exceladvisor.org\/wp-content\/uploads\/2023\/08\/rechercher-la-derniere-valeur.xlsx\" rel=\"nofollow\">\u0130ndirmek<\/a><\/div><div class=\"gb-container gb-container-0df56012 gb-container-mt\"> <a class=\"gb-button gb-button-f9f432f4 gb-button-text gb-button-mt-button\" href=\"https:\/\/exceladvisor.org\/tr\/formuller\/\">Excel form\u00fcllerinin listesi<\/a><h2 class=\"gb-headline gb-headline-233444e8 gb-headline-text gb-headline-mt-heading\"> \u0130lgili form\u00fcller <\/h2><div class=\"gb-grid-wrapper gb-grid-wrapper-a16fa65c gb-grid-wrapper-mt-grid\"><div class=\"gb-grid-column gb-grid-column-50d07e0d\"><div class=\"gb-container gb-container-50d07e0d\"><ul><li> <a href=\"https:\/\/exceladvisor.org\/tr\/iferror-gorunumu\/\">Excel&#8217;de #YOK yerine D\u00dc\u015eEYARA i\u00e7eren E\u011eERHATA<\/a><\/li><li> <a href=\"https:\/\/exceladvisor.org\/tr\/cift-yonlu-arama\/\">Excel&#8217;de iki y\u00f6nl\u00fc arama ger\u00e7ekle\u015ftirme<\/a><\/li><li> <a href=\"https:\/\/exceladvisor.org\/tr\/geriye-dogru-arama\/\">Excel&#8217;de D\u00dc\u015eEYARA&#8217;y\u0131 ters \u00e7evirme (geriye do\u011fru: sa\u011fdan sola)<\/a><\/li><li> <a href=\"https:\/\/exceladvisor.org\/tr\/vssearch-eslesmesi\/\">Excel&#8217;de D\u00dc\u015eEYARA E\u015eLE\u015eT\u0130RME&#8217;yi birle\u015ftirme<\/a><\/li><li> <a href=\"https:\/\/exceladvisor.org\/tr\/birden-fazla-kritere-goz-atma\/\">Excel&#8217;de birden \u00e7ok \u00f6l\u00e7\u00fctle D\u00dc\u015eEYARA<\/a><\/li><\/ul><\/div><\/div><\/div><\/div>","protected":false},"excerpt":{"rendered":"","protected":false},"author":1,"featured_media":0,"parent":0,"menu_order":0,"comment_status":"open","ping_status":"closed","template":"","meta":{"ub_ctt_via":"","footnotes":""},"class_list":["post-1783","page","type-page","status-publish","hentry"],"featured_image_src":null,"yoast_head":"<!-- This site is optimized with the Yoast SEO plugin v25.4 - https:\/\/yoast.com\/wordpress\/plugins\/seo\/ -->\n<title>Bir s\u00fctun veya sat\u0131rdaki son de\u011feri bulma<\/title>\n<meta name=\"description\" content=\"Bu e\u011fitimde size bir s\u00fctun veya sat\u0131rdaki son de\u011feri bulmak i\u00e7in bir Excel form\u00fcl\u00fcn\u00fcn nas\u0131l yaz\u0131laca\u011f\u0131 \u00f6\u011fretilecektir. Bunu kontrol edelim\u2026\" \/>\n<meta name=\"robots\" content=\"index, follow, max-snippet:-1, max-image-preview:large, max-video-preview:-1\" \/>\n<link rel=\"canonical\" href=\"https:\/\/exceladvisor.org\/tr\/son-degeri-bul-2\/\" \/>\n<meta property=\"og:locale\" content=\"tr_TR\" \/>\n<meta property=\"og:type\" content=\"article\" \/>\n<meta property=\"og:title\" content=\"Bir s\u00fctun veya sat\u0131rdaki son de\u011feri bulma\" \/>\n<meta property=\"og:description\" content=\"Bu e\u011fitimde size bir s\u00fctun veya sat\u0131rdaki son de\u011feri bulmak i\u00e7in bir Excel form\u00fcl\u00fcn\u00fcn nas\u0131l yaz\u0131laca\u011f\u0131 \u00f6\u011fretilecektir. Bunu kontrol edelim\u2026\" \/>\n<meta property=\"og:url\" content=\"https:\/\/exceladvisor.org\/tr\/son-degeri-bul-2\/\" \/>\n<meta property=\"og:site_name\" content=\"Excel Advisor\" \/>\n<meta property=\"article:modified_time\" content=\"2023-12-10T05:59:01+00:00\" \/>\n<meta property=\"og:image\" content=\"https:\/\/exceladvisor.org\/wp-content\/uploads\/2023\/08\/1-recherche-de-la-derniere-valeur-dune-cellule-ou-dune-ligne.png\" \/>\n<meta name=\"twitter:card\" content=\"summary_large_image\" \/>\n<meta name=\"twitter:label1\" content=\"Tahmini okuma s\u00fcresi\" \/>\n\t<meta name=\"twitter:data1\" content=\"3 dakika\" \/>\n<script type=\"application\/ld+json\" class=\"yoast-schema-graph\">{\"@context\":\"https:\/\/schema.org\",\"@graph\":[{\"@type\":\"WebPage\",\"@id\":\"https:\/\/exceladvisor.org\/tr\/son-degeri-bul-2\/\",\"url\":\"https:\/\/exceladvisor.org\/tr\/son-degeri-bul-2\/\",\"name\":\"Bir s\u00fctun veya sat\u0131rdaki son de\u011feri bulma\",\"isPartOf\":{\"@id\":\"https:\/\/exceladvisor.org\/tr\/#website\"},\"primaryImageOfPage\":{\"@id\":\"https:\/\/exceladvisor.org\/tr\/son-degeri-bul-2\/#primaryimage\"},\"image\":{\"@id\":\"https:\/\/exceladvisor.org\/tr\/son-degeri-bul-2\/#primaryimage\"},\"thumbnailUrl\":\"https:\/\/exceladvisor.org\/wp-content\/uploads\/2023\/08\/1-recherche-de-la-derniere-valeur-dune-cellule-ou-dune-ligne.png\",\"datePublished\":\"2023-11-05T06:20:08+00:00\",\"dateModified\":\"2023-12-10T05:59:01+00:00\",\"description\":\"Bu e\u011fitimde size bir s\u00fctun veya sat\u0131rdaki son de\u011feri bulmak i\u00e7in bir Excel form\u00fcl\u00fcn\u00fcn nas\u0131l yaz\u0131laca\u011f\u0131 \u00f6\u011fretilecektir. Bunu kontrol edelim\u2026\",\"breadcrumb\":{\"@id\":\"https:\/\/exceladvisor.org\/tr\/son-degeri-bul-2\/#breadcrumb\"},\"inLanguage\":\"tr\",\"potentialAction\":[{\"@type\":\"ReadAction\",\"target\":[\"https:\/\/exceladvisor.org\/tr\/son-degeri-bul-2\/\"]}]},{\"@type\":\"ImageObject\",\"inLanguage\":\"tr\",\"@id\":\"https:\/\/exceladvisor.org\/tr\/son-degeri-bul-2\/#primaryimage\",\"url\":\"https:\/\/exceladvisor.org\/wp-content\/uploads\/2023\/08\/1-recherche-de-la-derniere-valeur-dune-cellule-ou-dune-ligne.png\",\"contentUrl\":\"https:\/\/exceladvisor.org\/wp-content\/uploads\/2023\/08\/1-recherche-de-la-derniere-valeur-dune-cellule-ou-dune-ligne.png\"},{\"@type\":\"BreadcrumbList\",\"@id\":\"https:\/\/exceladvisor.org\/tr\/son-degeri-bul-2\/#breadcrumb\",\"itemListElement\":[{\"@type\":\"ListItem\",\"position\":1,\"name\":\"Ev\",\"item\":\"https:\/\/exceladvisor.org\/tr\/\"},{\"@type\":\"ListItem\",\"position\":2,\"name\":\"Bir s\u00fctun veya sat\u0131rdaki son de\u011feri bulma\"}]},{\"@type\":\"WebSite\",\"@id\":\"https:\/\/exceladvisor.org\/tr\/#website\",\"url\":\"https:\/\/exceladvisor.org\/tr\/\",\"name\":\"Excel Advisor\",\"description\":\"Veri hakimiyetine y\u00f6nelik nihai rehberiniz!\",\"publisher\":{\"@id\":\"https:\/\/exceladvisor.org\/tr\/#organization\"},\"potentialAction\":[{\"@type\":\"SearchAction\",\"target\":{\"@type\":\"EntryPoint\",\"urlTemplate\":\"https:\/\/exceladvisor.org\/tr\/?s={search_term_string}\"},\"query-input\":{\"@type\":\"PropertyValueSpecification\",\"valueRequired\":true,\"valueName\":\"search_term_string\"}}],\"inLanguage\":\"tr\"},{\"@type\":\"Organization\",\"@id\":\"https:\/\/exceladvisor.org\/tr\/#organization\",\"name\":\"Excel Advisor\",\"url\":\"https:\/\/exceladvisor.org\/tr\/\",\"logo\":{\"@type\":\"ImageObject\",\"inLanguage\":\"tr\",\"@id\":\"https:\/\/exceladvisor.org\/tr\/#\/schema\/logo\/image\/\",\"url\":\"https:\/\/exceladvisor.org\/tr\/wp-content\/uploads\/2023\/12\/exceladvisor.org_.png\",\"contentUrl\":\"https:\/\/exceladvisor.org\/tr\/wp-content\/uploads\/2023\/12\/exceladvisor.org_.png\",\"width\":105,\"height\":36,\"caption\":\"Excel Advisor\"},\"image\":{\"@id\":\"https:\/\/exceladvisor.org\/tr\/#\/schema\/logo\/image\/\"}}]}<\/script>\n<!-- \/ Yoast SEO plugin. -->","yoast_head_json":{"title":"Bir s\u00fctun veya sat\u0131rdaki son de\u011feri bulma","description":"Bu e\u011fitimde size bir s\u00fctun veya sat\u0131rdaki son de\u011feri bulmak i\u00e7in bir Excel form\u00fcl\u00fcn\u00fcn nas\u0131l yaz\u0131laca\u011f\u0131 \u00f6\u011fretilecektir. Bunu kontrol edelim\u2026","robots":{"index":"index","follow":"follow","max-snippet":"max-snippet:-1","max-image-preview":"max-image-preview:large","max-video-preview":"max-video-preview:-1"},"canonical":"https:\/\/exceladvisor.org\/tr\/son-degeri-bul-2\/","og_locale":"tr_TR","og_type":"article","og_title":"Bir s\u00fctun veya sat\u0131rdaki son de\u011feri bulma","og_description":"Bu e\u011fitimde size bir s\u00fctun veya sat\u0131rdaki son de\u011feri bulmak i\u00e7in bir Excel form\u00fcl\u00fcn\u00fcn nas\u0131l yaz\u0131laca\u011f\u0131 \u00f6\u011fretilecektir. Bunu kontrol edelim\u2026","og_url":"https:\/\/exceladvisor.org\/tr\/son-degeri-bul-2\/","og_site_name":"Excel Advisor","article_modified_time":"2023-12-10T05:59:01+00:00","og_image":[{"url":"https:\/\/exceladvisor.org\/wp-content\/uploads\/2023\/08\/1-recherche-de-la-derniere-valeur-dune-cellule-ou-dune-ligne.png","type":"","width":"","height":""}],"twitter_card":"summary_large_image","twitter_misc":{"Tahmini okuma s\u00fcresi":"3 dakika"},"schema":{"@context":"https:\/\/schema.org","@graph":[{"@type":"WebPage","@id":"https:\/\/exceladvisor.org\/tr\/son-degeri-bul-2\/","url":"https:\/\/exceladvisor.org\/tr\/son-degeri-bul-2\/","name":"Bir s\u00fctun veya sat\u0131rdaki son de\u011feri bulma","isPartOf":{"@id":"https:\/\/exceladvisor.org\/tr\/#website"},"primaryImageOfPage":{"@id":"https:\/\/exceladvisor.org\/tr\/son-degeri-bul-2\/#primaryimage"},"image":{"@id":"https:\/\/exceladvisor.org\/tr\/son-degeri-bul-2\/#primaryimage"},"thumbnailUrl":"https:\/\/exceladvisor.org\/wp-content\/uploads\/2023\/08\/1-recherche-de-la-derniere-valeur-dune-cellule-ou-dune-ligne.png","datePublished":"2023-11-05T06:20:08+00:00","dateModified":"2023-12-10T05:59:01+00:00","description":"Bu e\u011fitimde size bir s\u00fctun veya sat\u0131rdaki son de\u011feri bulmak i\u00e7in bir Excel form\u00fcl\u00fcn\u00fcn nas\u0131l yaz\u0131laca\u011f\u0131 \u00f6\u011fretilecektir. Bunu kontrol edelim\u2026","breadcrumb":{"@id":"https:\/\/exceladvisor.org\/tr\/son-degeri-bul-2\/#breadcrumb"},"inLanguage":"tr","potentialAction":[{"@type":"ReadAction","target":["https:\/\/exceladvisor.org\/tr\/son-degeri-bul-2\/"]}]},{"@type":"ImageObject","inLanguage":"tr","@id":"https:\/\/exceladvisor.org\/tr\/son-degeri-bul-2\/#primaryimage","url":"https:\/\/exceladvisor.org\/wp-content\/uploads\/2023\/08\/1-recherche-de-la-derniere-valeur-dune-cellule-ou-dune-ligne.png","contentUrl":"https:\/\/exceladvisor.org\/wp-content\/uploads\/2023\/08\/1-recherche-de-la-derniere-valeur-dune-cellule-ou-dune-ligne.png"},{"@type":"BreadcrumbList","@id":"https:\/\/exceladvisor.org\/tr\/son-degeri-bul-2\/#breadcrumb","itemListElement":[{"@type":"ListItem","position":1,"name":"Ev","item":"https:\/\/exceladvisor.org\/tr\/"},{"@type":"ListItem","position":2,"name":"Bir s\u00fctun veya sat\u0131rdaki son de\u011feri bulma"}]},{"@type":"WebSite","@id":"https:\/\/exceladvisor.org\/tr\/#website","url":"https:\/\/exceladvisor.org\/tr\/","name":"Excel Advisor","description":"Veri hakimiyetine y\u00f6nelik nihai rehberiniz!","publisher":{"@id":"https:\/\/exceladvisor.org\/tr\/#organization"},"potentialAction":[{"@type":"SearchAction","target":{"@type":"EntryPoint","urlTemplate":"https:\/\/exceladvisor.org\/tr\/?s={search_term_string}"},"query-input":{"@type":"PropertyValueSpecification","valueRequired":true,"valueName":"search_term_string"}}],"inLanguage":"tr"},{"@type":"Organization","@id":"https:\/\/exceladvisor.org\/tr\/#organization","name":"Excel Advisor","url":"https:\/\/exceladvisor.org\/tr\/","logo":{"@type":"ImageObject","inLanguage":"tr","@id":"https:\/\/exceladvisor.org\/tr\/#\/schema\/logo\/image\/","url":"https:\/\/exceladvisor.org\/tr\/wp-content\/uploads\/2023\/12\/exceladvisor.org_.png","contentUrl":"https:\/\/exceladvisor.org\/tr\/wp-content\/uploads\/2023\/12\/exceladvisor.org_.png","width":105,"height":36,"caption":"Excel Advisor"},"image":{"@id":"https:\/\/exceladvisor.org\/tr\/#\/schema\/logo\/image\/"}}]}},"yoast_meta":{"yoast_wpseo_title":"","yoast_wpseo_metadesc":"","yoast_wpseo_canonical":""},"_links":{"self":[{"href":"https:\/\/exceladvisor.org\/tr\/wp-json\/wp\/v2\/pages\/1783","targetHints":{"allow":["GET"]}}],"collection":[{"href":"https:\/\/exceladvisor.org\/tr\/wp-json\/wp\/v2\/pages"}],"about":[{"href":"https:\/\/exceladvisor.org\/tr\/wp-json\/wp\/v2\/types\/page"}],"author":[{"embeddable":true,"href":"https:\/\/exceladvisor.org\/tr\/wp-json\/wp\/v2\/users\/1"}],"replies":[{"embeddable":true,"href":"https:\/\/exceladvisor.org\/tr\/wp-json\/wp\/v2\/comments?post=1783"}],"version-history":[{"count":1,"href":"https:\/\/exceladvisor.org\/tr\/wp-json\/wp\/v2\/pages\/1783\/revisions"}],"predecessor-version":[{"id":2289,"href":"https:\/\/exceladvisor.org\/tr\/wp-json\/wp\/v2\/pages\/1783\/revisions\/2289"}],"wp:attachment":[{"href":"https:\/\/exceladvisor.org\/tr\/wp-json\/wp\/v2\/media?parent=1783"}],"curies":[{"name":"wp","href":"https:\/\/api.w.org\/{rel}","templated":true}]}}