{"id":1784,"date":"2023-11-05T05:34:48","date_gmt":"2023-11-05T05:34:48","guid":{"rendered":"https:\/\/exceladvisor.org\/tr\/rastgele-gruplar-olustur\/"},"modified":"2023-12-10T06:02:05","modified_gmt":"2023-12-10T06:02:05","slug":"rastgele-gruplar-olustur","status":"publish","type":"page","link":"https:\/\/exceladvisor.org\/tr\/rastgele-gruplar-olustur\/","title":{"rendered":"Excel&#39;de rastgele gruplar olu\u015fturma"},"content":{"rendered":"<div class=\"excel-icerikten-once\" id=\"excel-3276454571\"><script type=\"text\/javascript\">\r\n\tatOptions = {\r\n\t\t'key' : 'c1158f160081d6540a8409e6925dab94',\r\n\t\t'format' : 'iframe',\r\n\t\t'height' : 250,\r\n\t\t'width' : 300,\r\n\t\t'params' : {}\r\n\t};\r\n<\/script>\r\n<script type=\"text\/javascript\" src=\"\/\/www.highperformanceformat.com\/c1158f160081d6540a8409e6925dab94\/invoke.js\"><\/script><\/div> <ul><li>Rastgele b\u00fcy\u00fckl\u00fckte rastgele gruplar (CHOOSE + RANDBETWEEN)<\/li><li> Ayn\u0131 boyuttaki rastgele gruplar (RAND + YUVARLAK + RANK)<\/li><\/ul><p> Her iki y\u00f6ntemde de form\u00fcl yazmam\u0131z gerekiyor. Ve bu derste her iki yolu da \u00f6\u011frenece\u011fiz ve bunlar\u0131 ayr\u0131nt\u0131l\u0131 olarak anlayaca\u011f\u0131z. <\/p><div class=\"wp-block-image\"><figure class=\"aligncenter size-full is-resized\"><img loading=\"lazy\" decoding=\"async\" class=\"wp-image-82491\" src=\"https:\/\/exceladvisor.org\/wp-content\/uploads\/2023\/08\/2-generer-des-groupes-aleatoires.png\" sizes=\"auto, \" srcset=\"\" alt=\"rastgele gruplar olu\u015ftur\" width=\"622\" height=\"392\"><\/figure><\/div><p> Bu \u00f6rnekte, adlar\u0131yla birlikte bir \u00f6\u011frenci listeniz var ve \u015fimdi onlara kuzey, g\u00fcney, do\u011fu ve bat\u0131dan olu\u015fan rastgele bir grup ataman\u0131z gerekiyor.<\/p><h2 id=\"h-generating-random-groups-in-excel\" class=\"wp-block-heading\"> Excel&#8217;de Rastgele Gruplar Olu\u015fturma<\/h2><p> Bu form\u00fcl\u00fc yazmak i\u00e7in a\u015fa\u011f\u0131daki ad\u0131mlar\u0131 kullanabilirsiniz:<\/p><ol type=\"1\"><li> \u00d6ncelikle bir h\u00fccreye CHOOSE fonksiyonunu girin.<\/li><li> Ve CHOOSE&#8217;un indeks_num olan ilk arg\u00fcman\u0131na RANDBETWEEN fonksiyonunu girin.<\/li><li> \u015eimdi RANDBETWEEN&#8217;in alt\u0131na \u201c1\u201d ve \u00fcst k\u0131sm\u0131na \u201c4\u201d girin. Yani sonucu elde etmek i\u00e7in d\u00f6rt grubunuz var; bu nedenle bir dizi rastgele say\u0131 olu\u015fturmak i\u00e7in 1 ve 4&#8217;\u00fc kullanman\u0131z gerekir.<\/li><li> Daha sonra, CHOOSE&#8217;un ikinci arg\u00fcman\u0131na t\u0131rnak i\u015faretleri kullanarak d\u00f6rt grubun ad\u0131n\u0131 girin (&#8220;Kuzey&#8221;, &#8220;G\u00fcney&#8221;, &#8220;Do\u011fu&#8221;, &#8220;Bat\u0131&#8221;).<\/li><li> Sonunda sonucu almak i\u00e7in Enter tu\u015funa bas\u0131n. Ve form\u00fcl\u00fc soyad\u0131na s\u00fcr\u00fckleyin. <\/li><\/ol><div class=\"wp-block-image\"><figure class=\"aligncenter size-full is-resized\"><img loading=\"lazy\" decoding=\"async\" class=\"wp-image-82490\" src=\"https:\/\/exceladvisor.org\/wp-content\/uploads\/2023\/08\/1-generer-un-groupe-aleatoire-dans-Excel.png\" sizes=\"auto, \" srcset=\"\" alt=\"Excel'de rastgele grup olu\u015ftur\" width=\"676\" height=\"377\"><\/figure><\/div><p class=\"qt-tip\"> <strong>Not:<\/strong> RABBBETWEEN, e-tablonuzu d\u00fczenledi\u011finizde g\u00fcncellenen ge\u00e7ici bir i\u015flevdir.<\/p><pre class=\"wp-block-code\"> <code class=\"language-excel-formula\" lang=\"excel-formula\">=CHOOSE(RANDBETWEEN(1,4),\"North\",\"South\",\"East\",\"West\")<\/code><\/pre><h3 id=\"h-how-this-formula-works\" class=\"wp-block-heading\"> Bu form\u00fcl nas\u0131l \u00e7al\u0131\u015f\u0131yor?<\/h3><p> Bu form\u00fcl\u00fc anlamak i\u00e7in onu iki par\u00e7aya b\u00f6lmeniz gerekir: \u0130lk b\u00f6l\u00fcmde, 1 ile 4 aras\u0131nda rastgele bir say\u0131 d\u00f6nd\u00fcren RANDBETWEEN&#8217;imiz var (\u00e7\u00fcnk\u00fc d\u00f6rt grubumuz var). <\/p><div class=\"wp-block-image\"><figure class=\"aligncenter size-full is-resized\"><img loading=\"lazy\" decoding=\"async\" class=\"wp-image-82492\" src=\"https:\/\/exceladvisor.org\/wp-content\/uploads\/2023\/08\/3-premiere-partie-a-une-fonction-randbetween.png\" sizes=\"auto, \" srcset=\"\" alt=\"ilk-b\u00f6l\u00fcm-a-randbetween-fonksiyonu\" width=\"575\" height=\"126\"><\/figure><\/div><p> \u0130kinci k\u0131s\u0131mda indeks_numaras\u0131 kullanarak tan\u0131mlad\u0131\u011f\u0131n\u0131z listeden bir de\u011fer d\u00f6nd\u00fcren CHOOSE fonksiyonumuz var. RANDBETWEEN rastgele bir say\u0131 d\u00f6nd\u00fcrd\u00fc\u011f\u00fcnde, CHOOSE bu say\u0131y\u0131 kullanarak liste de\u011ferini d\u00f6nd\u00fcr\u00fcr. <\/p><div class=\"wp-block-image\"><figure class=\"aligncenter size-full is-resized\"><img loading=\"lazy\" decoding=\"async\" class=\"wp-image-82493\" src=\"https:\/\/exceladvisor.org\/wp-content\/uploads\/2023\/08\/4-deuxieme-partie-a-choisir-la-fonction.png\" sizes=\"auto, \" srcset=\"\" alt=\"se\u00e7ilecek ikinci b\u00f6l\u00fcm i\u015flevi\" width=\"425\" height=\"105\"><\/figure><\/div><p> \u0130ndeks numaras\u0131nda 3 oldu\u011funda SELECT sonu\u00e7ta \u201cIs\u201d de\u011ferini d\u00f6nd\u00fcr\u00fcr.<\/p><h3 id=\"h-but-there-s-a-problem\" class=\"wp-block-heading\"> Ama bir problem var.<\/h3><p> Bu form\u00fcl\u00fc kullan\u0131rken ayn\u0131 b\u00fcy\u00fckl\u00fckte gruplama yap\u0131lmaz. Yani sonu\u00e7ta \u00f6\u011frencilere atanan gruplar\u0131n ayn\u0131 b\u00fcy\u00fckl\u00fckte olmad\u0131\u011f\u0131n\u0131 g\u00f6rebilirsiniz. <\/p><div class=\"wp-block-image\"><figure class=\"aligncenter size-full is-resized\"><img loading=\"lazy\" decoding=\"async\" class=\"wp-image-82494\" src=\"https:\/\/exceladvisor.org\/wp-content\/uploads\/2023\/08\/5-groupes-attribues-ne-sont-pas-de-la-meme-taille.png\" sizes=\"auto, \" srcset=\"\" alt=\"etkilenen-gruplar-ayn\u0131-boyutta-de\u011fildir\" width=\"613\" height=\"369\"><\/figure><\/div><p> Bu y\u00f6ntem yaln\u0131zca grup boyutunu hesaba katmak istemedi\u011finizde uygundur; aksi halde biraz sonra konu\u015faca\u011f\u0131m\u0131z form\u00fcl\u00fc kullanman\u0131z gerekir.<\/p><h2 id=\"h-generating-random-groups-same-size\" class=\"wp-block-heading\"> Rastgele gruplar\u0131n olu\u015fturulmas\u0131 (ayn\u0131 boyutta)<\/h2><p> Bu form\u00fcl\u00fc kullanmak i\u00e7in a\u015fa\u011f\u0131daki gibi 0 ile 1 aras\u0131ndaki rastgele say\u0131y\u0131 elde edecek RAND fonksiyonu ile <strong>bir yard\u0131mc\u0131 s\u00fctun olu\u015fturman\u0131z<\/strong> gerekir. <\/p><div class=\"wp-block-image\"><figure class=\"aligncenter size-full is-resized\"><img loading=\"lazy\" decoding=\"async\" class=\"wp-image-82495\" src=\"https:\/\/exceladvisor.org\/wp-content\/uploads\/2023\/08\/6-generer-des-groupes-aleatoires.png\" sizes=\"auto, \" srcset=\"\" alt=\"rastgele gruplar olu\u015ftur\" width=\"392\" height=\"431\"><\/figure><\/div><p class=\"qt-tip\"> <strong>Not:<\/strong> RAND ayn\u0131 zamanda de\u011ferini de\u011fi\u015ftiren ge\u00e7ici bir fonksiyondur. Ve burada <a href=\"https:\/\/exceladvisor.org\/tr\/deger-formulu\/\" data-wpil=\"url\">form\u00fcl\u00fc de\u011ferlere<\/a> d\u00f6n\u00fc\u015ft\u00fcrece\u011fim. <\/p><div class=\"wp-block-image\"><figure class=\"aligncenter size-full is-resized\"><img loading=\"lazy\" decoding=\"async\" class=\"wp-image-82496\" src=\"https:\/\/exceladvisor.org\/wp-content\/uploads\/2023\/08\/Fonction-volatile-a-7-rands.png\" sizes=\"auto, \" srcset=\"\" alt=\"rand-u\u00e7ucu i\u015flev\" width=\"416\" height=\"191\"><\/figure><\/div><p> <strong>Bundan sonra<\/strong> yeni bir s\u00fctuna ve RANK i\u015flevine girin. Daha sonra say\u0131 arg\u00fcman\u0131nda B2&#8217;den gelen rastgele say\u0131y\u0131 belirtin; ref ba\u011f\u0131ms\u0131z de\u011fi\u015fkeninde rastgele say\u0131 aral\u0131\u011f\u0131n\u0131n tamam\u0131n\u0131 kullan\u0131n. <\/p><div class=\"wp-block-image\"><figure class=\"aligncenter size-full is-resized\"><img loading=\"lazy\" decoding=\"async\" class=\"wp-image-82497\" src=\"https:\/\/exceladvisor.org\/wp-content\/uploads\/2023\/08\/8-gamme-complete-de-nombres-aleatoires.png\" sizes=\"auto, \" srcset=\"\" alt=\"rastgele say\u0131lar\u0131n tamsay\u0131 aral\u0131\u011f\u0131\" width=\"493\" height=\"410\"><\/figure><\/div><pre class=\"wp-block-code\"> <code class=\"language-excel-formula\" lang=\"excel-formula\">=RANK(B2,$B$2:$B$13)<\/code><\/pre><p> Listedeki 12 \u00f6\u011frenciniz i\u00e7in benzersiz bir s\u0131ralama olu\u015fturur. <strong>\u015eimdi<\/strong> bu s\u0131ralamay\u0131 \u00fc\u00e7e b\u00f6lmeniz gerekiyor \u00e7\u00fcnk\u00fc bir grupta \u00fc\u00e7 \u00f6\u011frencinizin olmas\u0131 gerekiyor. <\/p><div class=\"wp-block-image\"><figure class=\"aligncenter size-full is-resized\"><img loading=\"lazy\" decoding=\"async\" class=\"wp-image-82498\" src=\"https:\/\/exceladvisor.org\/wp-content\/uploads\/2023\/08\/9-cree-un-classement-unique.png\" sizes=\"auto, \" srcset=\"\" alt=\"benzersiz-bir-s\u0131ralama olu\u015ftur\" width=\"529\" height=\"201\"><\/figure><\/div><pre class=\"wp-block-code\"> <code class=\"language-excel-formula\" lang=\"excel-formula\">=RANK(B2,$B$2:$B$13)\/3<\/code><\/pre><p> <strong>Daha sonra<\/strong> bu s\u0131ralamalar\u0131 yukar\u0131 yuvarlamak i\u00e7in ROUNDUP&#8217;\u0131 kullanman\u0131z gerekir. <\/p><div class=\"wp-block-image\"><figure class=\"aligncenter size-full is-resized\"><img loading=\"lazy\" decoding=\"async\" class=\"wp-image-82499\" src=\"https:\/\/exceladvisor.org\/wp-content\/uploads\/2023\/08\/10-roundup-pour-arrondir-le-classement-vers-le-haut.png\" sizes=\"auto, \" srcset=\"\" alt=\"yuvarlak s\u0131ralama\" width=\"516\" height=\"426\"><\/figure><\/div><pre class=\"wp-block-code\"> <code class=\"language-excel-formula\" lang=\"excel-formula\">=ROUNDUP(RANK(B2,$B$2:$B$13)\/3,0)<\/code><\/pre><p> ROUNDUP&#8217;\u0131 kulland\u0131ktan sonra, her grupta ayn\u0131 say\u0131da \u00f6\u011frencinin bulundu\u011fu e\u015fit b\u00fcy\u00fckl\u00fckte bir grup elde edersiniz (d\u00f6rt grupta 12 \u00f6\u011frenci ve her grupta \u00fc\u00e7 \u00f6\u011frenci). Daha sonra bu say\u0131 gruplar\u0131n\u0131 grup adlar\u0131na d\u00f6n\u00fc\u015ft\u00fcrmek i\u00e7in yine SE\u00c7&#8217;i kullan\u0131n. <\/p><div class=\"wp-block-image\"><figure class=\"aligncenter size-full is-resized\"><img loading=\"lazy\" decoding=\"async\" class=\"wp-image-82500\" src=\"https:\/\/exceladvisor.org\/wp-content\/uploads\/2023\/08\/11-groupes-de-taille-egale.png\" sizes=\"auto, \" srcset=\"\" alt=\"e\u015fit boyut grubu\" width=\"535\" height=\"465\"><\/figure><\/div><pre class=\"wp-block-code\"> <code class=\"language-excel-formula\" lang=\"excel-formula\">=CHOOSE(ROUNDUP(RANK(B2,$B$2:$B$13)\/3,0),\"North\",\"South\",\"East\",\"West\")<\/code><\/pre><div class=\"gb-container gb-container-52dfcee1 gb-container-sample-file\"><h2 class=\"gb-headline gb-headline-e289c143 gb-headline-text gb-headline-4f7959c2\"> Excel dosyas\u0131n\u0131 al\u0131n<\/h2> <a class=\"gb-button gb-button-e88d6bee gb-button-text gb-button-button1\" href=\"https:\/\/exceladvisor.org\/wp-content\/uploads\/2023\/08\/groupe-aleatoire.xlsx\" rel=\"nofollow\">\u0130ndirmek<\/a><\/div><div class=\"gb-container gb-container-0df56012 gb-container-mt\"> <a class=\"gb-button gb-button-f9f432f4 gb-button-text gb-button-mt-button\" href=\"https:\/\/exceladvisor.org\/tr\/formuller\/\">Excel form\u00fcllerinin listesi<\/a><h2 class=\"gb-headline gb-headline-233444e8 gb-headline-text gb-headline-mt-heading\"> \u0130lgili form\u00fcller <\/h2><div class=\"gb-grid-wrapper gb-grid-wrapper-a16fa65c gb-grid-wrapper-mt-grid\"><div class=\"gb-grid-column gb-grid-column-50d07e0d\"><div class=\"gb-container gb-container-50d07e0d\"><ul><li> <a href=\"https:\/\/exceladvisor.org\/tr\/yatay-filtre\/\">Excel&#8217;de yatay filtre olu\u015fturma<\/a><\/li><li> <a href=\"https:\/\/exceladvisor.org\/tr\/yildiz-derecelendirmesi\/\">Excel&#8217;de y\u0131ld\u0131z derecelendirmesi \u015fablonu olu\u015fturma<\/a><\/li><li> <a href=\"https:\/\/exceladvisor.org\/tr\/dosya-adini-al\/\">Excel&#8217;de dosya ad\u0131n\u0131 al\u0131n<\/a><\/li><li> <a href=\"https:\/\/exceladvisor.org\/tr\/sayfa-adini-al\/\">Excel&#8217;de sayfa ad\u0131n\u0131 al\u0131n<\/a><\/li><li> <a href=\"https:\/\/exceladvisor.org\/tr\/rastgele-harfler-olustur\/\">Excel&#8217;de h\u0131zla rastgele harfler olu\u015fturun<\/a><\/li><\/ul><\/div><\/div><\/div><\/div>","protected":false},"excerpt":{"rendered":"","protected":false},"author":1,"featured_media":0,"parent":0,"menu_order":0,"comment_status":"open","ping_status":"closed","template":"","meta":{"ub_ctt_via":"","footnotes":""},"class_list":["post-1784","page","type-page","status-publish","hentry"],"featured_image_src":null,"yoast_head":"<!-- This site is optimized with the Yoast SEO plugin v25.4 - https:\/\/yoast.com\/wordpress\/plugins\/seo\/ -->\n<title>Excel&#039;de rastgele gruplar olu\u015fturma<\/title>\n<meta name=\"description\" content=\"Bu e\u011fitim size rastgele gruplar olu\u015fturmak i\u00e7in Excel form\u00fcllerinin nas\u0131l yaz\u0131laca\u011f\u0131n\u0131 \u00f6\u011fretecektir. Bunu kontrol edelim\u2026\" \/>\n<meta name=\"robots\" content=\"index, follow, max-snippet:-1, max-image-preview:large, max-video-preview:-1\" \/>\n<link rel=\"canonical\" href=\"https:\/\/exceladvisor.org\/tr\/rastgele-gruplar-olustur\/\" \/>\n<meta property=\"og:locale\" content=\"tr_TR\" \/>\n<meta property=\"og:type\" content=\"article\" \/>\n<meta property=\"og:title\" content=\"Excel&#039;de rastgele gruplar olu\u015fturma\" \/>\n<meta property=\"og:description\" content=\"Bu e\u011fitim size rastgele gruplar olu\u015fturmak i\u00e7in Excel form\u00fcllerinin nas\u0131l yaz\u0131laca\u011f\u0131n\u0131 \u00f6\u011fretecektir. Bunu kontrol edelim\u2026\" \/>\n<meta property=\"og:url\" content=\"https:\/\/exceladvisor.org\/tr\/rastgele-gruplar-olustur\/\" \/>\n<meta property=\"og:site_name\" content=\"Excel Advisor\" \/>\n<meta property=\"article:modified_time\" content=\"2023-12-10T06:02:05+00:00\" \/>\n<meta property=\"og:image\" content=\"https:\/\/exceladvisor.org\/wp-content\/uploads\/2023\/08\/2-generer-des-groupes-aleatoires.png\" \/>\n<meta name=\"twitter:card\" content=\"summary_large_image\" \/>\n<meta name=\"twitter:label1\" content=\"Tahmini okuma s\u00fcresi\" \/>\n\t<meta name=\"twitter:data1\" content=\"3 dakika\" \/>\n<script type=\"application\/ld+json\" class=\"yoast-schema-graph\">{\"@context\":\"https:\/\/schema.org\",\"@graph\":[{\"@type\":\"WebPage\",\"@id\":\"https:\/\/exceladvisor.org\/tr\/rastgele-gruplar-olustur\/\",\"url\":\"https:\/\/exceladvisor.org\/tr\/rastgele-gruplar-olustur\/\",\"name\":\"Excel&#39;de rastgele gruplar olu\u015fturma\",\"isPartOf\":{\"@id\":\"https:\/\/exceladvisor.org\/tr\/#website\"},\"primaryImageOfPage\":{\"@id\":\"https:\/\/exceladvisor.org\/tr\/rastgele-gruplar-olustur\/#primaryimage\"},\"image\":{\"@id\":\"https:\/\/exceladvisor.org\/tr\/rastgele-gruplar-olustur\/#primaryimage\"},\"thumbnailUrl\":\"https:\/\/exceladvisor.org\/wp-content\/uploads\/2023\/08\/2-generer-des-groupes-aleatoires.png\",\"datePublished\":\"2023-11-05T05:34:48+00:00\",\"dateModified\":\"2023-12-10T06:02:05+00:00\",\"description\":\"Bu e\u011fitim size rastgele gruplar olu\u015fturmak i\u00e7in Excel form\u00fcllerinin nas\u0131l yaz\u0131laca\u011f\u0131n\u0131 \u00f6\u011fretecektir. Bunu kontrol edelim\u2026\",\"breadcrumb\":{\"@id\":\"https:\/\/exceladvisor.org\/tr\/rastgele-gruplar-olustur\/#breadcrumb\"},\"inLanguage\":\"tr\",\"potentialAction\":[{\"@type\":\"ReadAction\",\"target\":[\"https:\/\/exceladvisor.org\/tr\/rastgele-gruplar-olustur\/\"]}]},{\"@type\":\"ImageObject\",\"inLanguage\":\"tr\",\"@id\":\"https:\/\/exceladvisor.org\/tr\/rastgele-gruplar-olustur\/#primaryimage\",\"url\":\"https:\/\/exceladvisor.org\/wp-content\/uploads\/2023\/08\/2-generer-des-groupes-aleatoires.png\",\"contentUrl\":\"https:\/\/exceladvisor.org\/wp-content\/uploads\/2023\/08\/2-generer-des-groupes-aleatoires.png\"},{\"@type\":\"BreadcrumbList\",\"@id\":\"https:\/\/exceladvisor.org\/tr\/rastgele-gruplar-olustur\/#breadcrumb\",\"itemListElement\":[{\"@type\":\"ListItem\",\"position\":1,\"name\":\"Ev\",\"item\":\"https:\/\/exceladvisor.org\/tr\/\"},{\"@type\":\"ListItem\",\"position\":2,\"name\":\"Excel&#39;de rastgele gruplar olu\u015fturma\"}]},{\"@type\":\"WebSite\",\"@id\":\"https:\/\/exceladvisor.org\/tr\/#website\",\"url\":\"https:\/\/exceladvisor.org\/tr\/\",\"name\":\"Excel Advisor\",\"description\":\"Veri hakimiyetine y\u00f6nelik nihai rehberiniz!\",\"publisher\":{\"@id\":\"https:\/\/exceladvisor.org\/tr\/#organization\"},\"potentialAction\":[{\"@type\":\"SearchAction\",\"target\":{\"@type\":\"EntryPoint\",\"urlTemplate\":\"https:\/\/exceladvisor.org\/tr\/?s={search_term_string}\"},\"query-input\":{\"@type\":\"PropertyValueSpecification\",\"valueRequired\":true,\"valueName\":\"search_term_string\"}}],\"inLanguage\":\"tr\"},{\"@type\":\"Organization\",\"@id\":\"https:\/\/exceladvisor.org\/tr\/#organization\",\"name\":\"Excel Advisor\",\"url\":\"https:\/\/exceladvisor.org\/tr\/\",\"logo\":{\"@type\":\"ImageObject\",\"inLanguage\":\"tr\",\"@id\":\"https:\/\/exceladvisor.org\/tr\/#\/schema\/logo\/image\/\",\"url\":\"https:\/\/exceladvisor.org\/tr\/wp-content\/uploads\/2023\/12\/exceladvisor.org_.png\",\"contentUrl\":\"https:\/\/exceladvisor.org\/tr\/wp-content\/uploads\/2023\/12\/exceladvisor.org_.png\",\"width\":105,\"height\":36,\"caption\":\"Excel Advisor\"},\"image\":{\"@id\":\"https:\/\/exceladvisor.org\/tr\/#\/schema\/logo\/image\/\"}}]}<\/script>\n<!-- \/ Yoast SEO plugin. -->","yoast_head_json":{"title":"Excel&#39;de rastgele gruplar olu\u015fturma","description":"Bu e\u011fitim size rastgele gruplar olu\u015fturmak i\u00e7in Excel form\u00fcllerinin nas\u0131l yaz\u0131laca\u011f\u0131n\u0131 \u00f6\u011fretecektir. Bunu kontrol edelim\u2026","robots":{"index":"index","follow":"follow","max-snippet":"max-snippet:-1","max-image-preview":"max-image-preview:large","max-video-preview":"max-video-preview:-1"},"canonical":"https:\/\/exceladvisor.org\/tr\/rastgele-gruplar-olustur\/","og_locale":"tr_TR","og_type":"article","og_title":"Excel&#39;de rastgele gruplar olu\u015fturma","og_description":"Bu e\u011fitim size rastgele gruplar olu\u015fturmak i\u00e7in Excel form\u00fcllerinin nas\u0131l yaz\u0131laca\u011f\u0131n\u0131 \u00f6\u011fretecektir. Bunu kontrol edelim\u2026","og_url":"https:\/\/exceladvisor.org\/tr\/rastgele-gruplar-olustur\/","og_site_name":"Excel Advisor","article_modified_time":"2023-12-10T06:02:05+00:00","og_image":[{"url":"https:\/\/exceladvisor.org\/wp-content\/uploads\/2023\/08\/2-generer-des-groupes-aleatoires.png","type":"","width":"","height":""}],"twitter_card":"summary_large_image","twitter_misc":{"Tahmini okuma s\u00fcresi":"3 dakika"},"schema":{"@context":"https:\/\/schema.org","@graph":[{"@type":"WebPage","@id":"https:\/\/exceladvisor.org\/tr\/rastgele-gruplar-olustur\/","url":"https:\/\/exceladvisor.org\/tr\/rastgele-gruplar-olustur\/","name":"Excel&#39;de rastgele gruplar olu\u015fturma","isPartOf":{"@id":"https:\/\/exceladvisor.org\/tr\/#website"},"primaryImageOfPage":{"@id":"https:\/\/exceladvisor.org\/tr\/rastgele-gruplar-olustur\/#primaryimage"},"image":{"@id":"https:\/\/exceladvisor.org\/tr\/rastgele-gruplar-olustur\/#primaryimage"},"thumbnailUrl":"https:\/\/exceladvisor.org\/wp-content\/uploads\/2023\/08\/2-generer-des-groupes-aleatoires.png","datePublished":"2023-11-05T05:34:48+00:00","dateModified":"2023-12-10T06:02:05+00:00","description":"Bu e\u011fitim size rastgele gruplar olu\u015fturmak i\u00e7in Excel form\u00fcllerinin nas\u0131l yaz\u0131laca\u011f\u0131n\u0131 \u00f6\u011fretecektir. Bunu kontrol edelim\u2026","breadcrumb":{"@id":"https:\/\/exceladvisor.org\/tr\/rastgele-gruplar-olustur\/#breadcrumb"},"inLanguage":"tr","potentialAction":[{"@type":"ReadAction","target":["https:\/\/exceladvisor.org\/tr\/rastgele-gruplar-olustur\/"]}]},{"@type":"ImageObject","inLanguage":"tr","@id":"https:\/\/exceladvisor.org\/tr\/rastgele-gruplar-olustur\/#primaryimage","url":"https:\/\/exceladvisor.org\/wp-content\/uploads\/2023\/08\/2-generer-des-groupes-aleatoires.png","contentUrl":"https:\/\/exceladvisor.org\/wp-content\/uploads\/2023\/08\/2-generer-des-groupes-aleatoires.png"},{"@type":"BreadcrumbList","@id":"https:\/\/exceladvisor.org\/tr\/rastgele-gruplar-olustur\/#breadcrumb","itemListElement":[{"@type":"ListItem","position":1,"name":"Ev","item":"https:\/\/exceladvisor.org\/tr\/"},{"@type":"ListItem","position":2,"name":"Excel&#39;de rastgele gruplar olu\u015fturma"}]},{"@type":"WebSite","@id":"https:\/\/exceladvisor.org\/tr\/#website","url":"https:\/\/exceladvisor.org\/tr\/","name":"Excel Advisor","description":"Veri hakimiyetine y\u00f6nelik nihai rehberiniz!","publisher":{"@id":"https:\/\/exceladvisor.org\/tr\/#organization"},"potentialAction":[{"@type":"SearchAction","target":{"@type":"EntryPoint","urlTemplate":"https:\/\/exceladvisor.org\/tr\/?s={search_term_string}"},"query-input":{"@type":"PropertyValueSpecification","valueRequired":true,"valueName":"search_term_string"}}],"inLanguage":"tr"},{"@type":"Organization","@id":"https:\/\/exceladvisor.org\/tr\/#organization","name":"Excel Advisor","url":"https:\/\/exceladvisor.org\/tr\/","logo":{"@type":"ImageObject","inLanguage":"tr","@id":"https:\/\/exceladvisor.org\/tr\/#\/schema\/logo\/image\/","url":"https:\/\/exceladvisor.org\/tr\/wp-content\/uploads\/2023\/12\/exceladvisor.org_.png","contentUrl":"https:\/\/exceladvisor.org\/tr\/wp-content\/uploads\/2023\/12\/exceladvisor.org_.png","width":105,"height":36,"caption":"Excel Advisor"},"image":{"@id":"https:\/\/exceladvisor.org\/tr\/#\/schema\/logo\/image\/"}}]}},"yoast_meta":{"yoast_wpseo_title":"","yoast_wpseo_metadesc":"","yoast_wpseo_canonical":""},"_links":{"self":[{"href":"https:\/\/exceladvisor.org\/tr\/wp-json\/wp\/v2\/pages\/1784","targetHints":{"allow":["GET"]}}],"collection":[{"href":"https:\/\/exceladvisor.org\/tr\/wp-json\/wp\/v2\/pages"}],"about":[{"href":"https:\/\/exceladvisor.org\/tr\/wp-json\/wp\/v2\/types\/page"}],"author":[{"embeddable":true,"href":"https:\/\/exceladvisor.org\/tr\/wp-json\/wp\/v2\/users\/1"}],"replies":[{"embeddable":true,"href":"https:\/\/exceladvisor.org\/tr\/wp-json\/wp\/v2\/comments?post=1784"}],"version-history":[{"count":1,"href":"https:\/\/exceladvisor.org\/tr\/wp-json\/wp\/v2\/pages\/1784\/revisions"}],"predecessor-version":[{"id":2576,"href":"https:\/\/exceladvisor.org\/tr\/wp-json\/wp\/v2\/pages\/1784\/revisions\/2576"}],"wp:attachment":[{"href":"https:\/\/exceladvisor.org\/tr\/wp-json\/wp\/v2\/media?parent=1784"}],"curies":[{"name":"wp","href":"https:\/\/api.w.org\/{rel}","templated":true}]}}