{"id":1786,"date":"2023-11-05T01:25:09","date_gmt":"2023-11-05T01:25:09","guid":{"rendered":"https:\/\/exceladvisor.org\/tr\/bos-olmayan-hucreleri-say\/"},"modified":"2023-12-10T05:59:10","modified_gmt":"2023-12-10T05:59:10","slug":"bos-olmayan-hucreleri-say","status":"publish","type":"page","link":"https:\/\/exceladvisor.org\/tr\/bos-olmayan-hucreleri-say\/","title":{"rendered":"Bo\u015f olmayan h\u00fccreler nas\u0131l say\u0131l\u0131r?"},"content":{"rendered":"<div class=\"excel-icerikten-once\" id=\"excel-2292064468\"><script type=\"text\/javascript\">\r\n\tatOptions = {\r\n\t\t'key' : 'c1158f160081d6540a8409e6925dab94',\r\n\t\t'format' : 'iframe',\r\n\t\t'height' : 250,\r\n\t\t'width' : 300,\r\n\t\t'params' : {}\r\n\t};\r\n<\/script>\r\n<script type=\"text\/javascript\" src=\"\/\/www.highperformanceformat.com\/c1158f160081d6540a8409e6925dab94\/invoke.js\"><\/script><\/div> <p>Bo\u015f olmayan h\u00fccreleri saymak i\u00e7in Excel&#8217;de, \u00e7al\u0131\u015fma sayfan\u0131zdaki verilere ba\u011fl\u0131 olarak COUNTIF veya COUNTIFS i\u015flevini kullanabilirsiniz. Bo\u015f olmayan (bo\u015f) h\u00fccrelerin say\u0131s\u0131n\u0131 elde etmek i\u00e7in aral\u0131\u011f\u0131 ve ard\u0131ndan e\u015fit olmayan operat\u00f6r\u00fcn\u00fc bo\u015f bir de\u011ferle belirtmeniz gerekir.<\/p><p> Bu derste bunu yapman\u0131n iki farkl\u0131 yoluna bakaca\u011f\u0131z.<\/p><h2 class=\"wp-block-heading\"> COUNTIF bo\u015f de\u011fil (h\u00fccreler bo\u015f de\u011fil)<\/h2><p> A\u015fa\u011f\u0131daki \u00f6rnekte, birka\u00e7 bo\u015f h\u00fccremizin oldu\u011fu bir aral\u0131\u011f\u0131m\u0131z (A1:A10) var. Fakat \u015fimdi bu aral\u0131kta bo\u015f olmayan t\u00fcm h\u00fccreleri saymam\u0131z gerekiyor. <\/p><div class=\"wp-block-image\"><figure class=\"aligncenter size-full is-resized\"><img loading=\"lazy\" decoding=\"async\" class=\"wp-image-67123\" src=\"https:\/\/exceladvisor.org\/wp-content\/uploads\/2023\/08\/1-plage-de-cellules-avec-des-cellules-vides.png\" sizes=\"auto, \" srcset=\"\" alt=\"bo\u015f h\u00fccreli h\u00fccre aral\u0131\u011f\u0131\" width=\"293\" height=\"317\"><\/figure><\/div><p> Form\u00fcl\u00fc yazmak i\u00e7in a\u015fa\u011f\u0131daki ad\u0131mlar\u0131 kullanabilirsiniz:<\/p><ol type=\"1\"><li> \u0130lk olarak, sonucu istedi\u011finiz h\u00fccreye i\u015flevi yazmaya ba\u015flamak i\u00e7in B1 h\u00fccresine <strong>=E\u011eERSAY(<\/strong> yaz\u0131n.<\/li><li> Bundan sonra, ilk arg\u00fcmanda A1:A10 aral\u0131\u011f\u0131na bak\u0131n. Bu, bo\u015f olmayan h\u00fccreleri saymak istedi\u011finiz aral\u0131kt\u0131r.<\/li><li> Daha sonra ikinci arg\u00fcmana \u201c&lt;&gt;\u201d girin. Bu, Excel&#8217;e bo\u015f olmayan h\u00fccreleri saymas\u0131n\u0131 s\u00f6yleyen e\u015fit olmayan bir operat\u00f6rd\u00fcr.<\/li><li> Sonunda kapatma parantezlerini girin ve sonu\u00e7 i\u00e7in Enter tu\u015funa bas\u0131n. <\/li><\/ol><div class=\"wp-block-image\"><figure class=\"aligncenter size-full is-resized\"><img loading=\"lazy\" decoding=\"async\" class=\"wp-image-67124\" src=\"https:\/\/exceladvisor.org\/wp-content\/uploads\/2023\/08\/2-countif-avec-operateur-non-egal.png\" sizes=\"auto, \" srcset=\"\" alt=\"e\u015fit olmayan operat\u00f6rle say\u0131m\" width=\"405\" height=\"292\"><\/figure><\/div><p> Enter tu\u015funa bast\u0131\u011f\u0131n\u0131z anda bo\u015f olmayan h\u00fccre say\u0131s\u0131n\u0131 al\u0131rs\u0131n\u0131z. \u00d6rne\u011fimizde aral\u0131kta 6 adet bo\u015f olmayan h\u00fccremiz var.<\/p><p> Ancak bunun d\u0131\u015f\u0131nda ayn\u0131 operat\u00f6r\u00fc kullanabilece\u011finiz ve onu bo\u015f bir de\u011ferle birle\u015ftirebilece\u011finiz bir form\u00fcl de kullanabilirsiniz. <\/p><pre class=\"wp-block-code\"> <code class=\"language-excel-formula\" lang=\"excel-formula\">=COUNTIF(A1:A10,\"&lt;&gt;\"&amp;\"\")<\/code><\/pre><div class=\"wp-block-image\"><figure class=\"aligncenter size-full is-resized\"><img loading=\"lazy\" decoding=\"async\" class=\"wp-image-67125\" src=\"https:\/\/exceladvisor.org\/wp-content\/uploads\/2023\/08\/3-countif-avec-un-resultat-doperateur-non-egal.png\" sizes=\"auto, \" srcset=\"\" alt=\"e\u015fit olmayan operat\u00f6r sonucu ile countif\" width=\"483\" height=\"298\"><\/figure><\/div><h2 class=\"wp-block-heading\"> Bo\u015f olmayan h\u00fccreleri saymak i\u00e7in COUNTA<\/h2><p> Excel&#8217;de COUNTA&#8217;y\u0131 (bo\u015f olmayan bir aral\u0131ktaki belirli say\u0131da h\u00fccre i\u00e7in kullanabilirsiniz) kullanabilirsiniz. A\u015fa\u011f\u0131daki \u00f6rneklerde ayn\u0131 aral\u0131\u011f\u0131 (A1:A10) kulland\u0131k ancak burada COUNTA i\u015flevini kulland\u0131k. <\/p><div class=\"wp-block-image\"><figure class=\"aligncenter size-full is-resized\"><img loading=\"lazy\" decoding=\"async\" class=\"wp-image-67126\" src=\"https:\/\/exceladvisor.org\/wp-content\/uploads\/2023\/08\/4-counta-pour-compter-les-cellules-non-vides.png\" sizes=\"auto, \" srcset=\"\" alt=\"bo\u015f olmayan h\u00fccreleri saymak i\u00e7in saymak\" width=\"454\" height=\"283\"><\/figure><\/div><h2 class=\"wp-block-heading\"> Kar\u015f\u0131la\u015fabilece\u011finiz sorun<\/h2><p> Bo\u015f bir h\u00fccreye benzeyen h\u00fccredeki de\u011fer olarak bo\u015fluk i\u00e7eren bir h\u00fccreye veya birden fazla h\u00fccreye sahip oldu\u011funuz bir h\u00fccre aral\u0131\u011f\u0131na sahip oldu\u011funuz bir durum olabilir. <\/p><div class=\"wp-block-image\"><figure class=\"aligncenter size-full is-resized\"><img loading=\"lazy\" decoding=\"async\" class=\"wp-image-67127\" src=\"https:\/\/exceladvisor.org\/wp-content\/uploads\/2023\/08\/Plage-de-5-cellules-avec-un-espace-comme-valeur.png\" sizes=\"auto, \" srcset=\"\" alt=\"de\u011fer olarak bo\u015fluk i\u00e7eren h\u00fccre aral\u0131\u011f\u0131\" width=\"365\" height=\"291\"><\/figure><\/div><p> Yukar\u0131daki \u00f6rnekte yine ayn\u0131 de\u011ferler listesine sahibiz. Yak\u0131ndan bakarsan\u0131z bo\u015f olmayan 6 h\u00fccremiz oldu\u011funu g\u00f6rebilirsiniz ancak sonu\u00e7ta her \u00fc\u00e7 y\u00f6ntemde de 7 h\u00fccremiz var.<\/p><p> Bunun nedeni A3 h\u00fccresinde h\u00fccrenin bo\u015f olmamas\u0131n\u0131 sa\u011flayan bir bo\u015flu\u011fun bulunmas\u0131d\u0131r. Art\u0131k bu sorunun \u00e7\u00f6z\u00fcm\u00fc COUNTIFS kullanmakt\u0131r. T\u0131pk\u0131 a\u015fa\u011f\u0131daki \u00f6rnekte oldu\u011fu gibi. <\/p><pre class=\"wp-block-code\"> <code class=\"language-excel-formula\" lang=\"excel-formula\">=COUNTIFS(A1:A10,\"&lt;&gt;\"&amp;\"\",A1:A10,\"&lt;&gt;\"&amp;\" \")<\/code><\/pre><div class=\"wp-block-image\"><figure class=\"aligncenter size-full is-resized\"><img loading=\"lazy\" decoding=\"async\" class=\"wp-image-67128\" src=\"https:\/\/exceladvisor.org\/wp-content\/uploads\/2023\/08\/formule-6-comtes.png\" sizes=\"auto, \" srcset=\"\" alt=\"say\u0131m form\u00fcl\u00fc\" width=\"473\" height=\"289\"><\/figure><\/div><p> Burada COUNTIFS i\u015flevini kullanarak Excel&#8217;e bo\u015f olmayan, bo\u015fluksuz h\u00fccreleri saymas\u0131n\u0131 s\u00f6yleyen iki kriter olu\u015fturduk. <\/p><div class=\"gb-container gb-container-52dfcee1 gb-container-sample-file\"><h2 class=\"gb-headline gb-headline-e289c143 gb-headline-text gb-headline-4f7959c2\"> Excel dosyas\u0131n\u0131 al\u0131n<\/h2> <a class=\"gb-button gb-button-e88d6bee gb-button-text gb-button-button1\" href=\"https:\/\/exceladvisor.org\/wp-content\/uploads\/2023\/08\/compte-si-non-vide.xlsx\" rel=\"nofollow\">\u0130ndirmek<\/a><\/div><div class=\"gb-container gb-container-0df56012 gb-container-mt\"> <a class=\"gb-button gb-button-f9f432f4 gb-button-text gb-button-mt-button\" href=\"https:\/\/exceladvisor.org\/tr\/formuller\/\">Excel form\u00fcllerinin listesi<\/a><h2 class=\"gb-headline gb-headline-233444e8 gb-headline-text gb-headline-mt-heading\"> \u0130lgili form\u00fcller <\/h2><div class=\"gb-grid-wrapper gb-grid-wrapper-a16fa65c gb-grid-wrapper-mt-grid\"><div class=\"gb-grid-column gb-grid-column-50d07e0d\"><div class=\"gb-container gb-container-50d07e0d\"><ul><li> <a href=\"https:\/\/exceladvisor.org\/tr\/iki-sayinin-arasini-saymak\/\">Excel&#8217;de iki say\u0131 (E\u011eERSAY) aras\u0131nda say\u0131n<\/a><\/li><li> <a href=\"https:\/\/exceladvisor.org\/tr\/bos-hucre-sayisi\/\">Excel&#8217;de COUNTIF kullanarak bo\u015f (bo\u015f) h\u00fccreleri say\u0131n<\/a><\/li><li> <a href=\"https:\/\/exceladvisor.org\/tr\/azsa-say\/\">Excel&#8217;de belirli bir de\u011ferden (COUNTIF) daha az olan h\u00fccreleri say\u0131n<\/a><\/li><li> <a href=\"https:\/\/exceladvisor.org\/tr\/esit-olmayan-hucreleri-say\/\">Excel&#8217;de e\u015fit olmayan h\u00fccreleri say (COUNTIF)<\/a> <\/li><\/ul><\/div><\/div><div class=\"gb-grid-column gb-grid-column-5b4a0cf9\"><div class=\"gb-container gb-container-5b4a0cf9\"><\/div><\/div><\/div><\/div>","protected":false},"excerpt":{"rendered":"","protected":false},"author":1,"featured_media":0,"parent":0,"menu_order":0,"comment_status":"open","ping_status":"closed","template":"","meta":{"ub_ctt_via":"","footnotes":""},"class_list":["post-1786","page","type-page","status-publish","hentry"],"featured_image_src":null,"yoast_head":"<!-- This site is optimized with the Yoast SEO plugin v25.4 - https:\/\/yoast.com\/wordpress\/plugins\/seo\/ -->\n<title>\u25b7 Bo\u015f olmayan h\u00fccreler nas\u0131l say\u0131l\u0131r?<\/title>\n<meta name=\"description\" content=\"Bu e\u011fitimde, bir form\u00fcl kullanarak Excel&#039;deki belirli karakterleri sayman\u0131n farkl\u0131 yollar\u0131n\u0131 \u00f6\u011freneceksiniz.\" \/>\n<meta name=\"robots\" content=\"index, follow, max-snippet:-1, max-image-preview:large, max-video-preview:-1\" \/>\n<link rel=\"canonical\" href=\"https:\/\/exceladvisor.org\/tr\/bos-olmayan-hucreleri-say\/\" \/>\n<meta property=\"og:locale\" content=\"tr_TR\" \/>\n<meta property=\"og:type\" content=\"article\" \/>\n<meta property=\"og:title\" content=\"\u25b7 Bo\u015f olmayan h\u00fccreler nas\u0131l say\u0131l\u0131r?\" \/>\n<meta property=\"og:description\" content=\"Bu e\u011fitimde, bir form\u00fcl kullanarak Excel&#039;deki belirli karakterleri sayman\u0131n farkl\u0131 yollar\u0131n\u0131 \u00f6\u011freneceksiniz.\" \/>\n<meta property=\"og:url\" content=\"https:\/\/exceladvisor.org\/tr\/bos-olmayan-hucreleri-say\/\" \/>\n<meta property=\"og:site_name\" content=\"Excel Advisor\" \/>\n<meta property=\"article:modified_time\" content=\"2023-12-10T05:59:10+00:00\" \/>\n<meta property=\"og:image\" content=\"https:\/\/exceladvisor.org\/wp-content\/uploads\/2023\/08\/1-plage-de-cellules-avec-des-cellules-vides.png\" \/>\n<meta name=\"twitter:card\" content=\"summary_large_image\" \/>\n<meta name=\"twitter:label1\" content=\"Tahmini okuma s\u00fcresi\" \/>\n\t<meta name=\"twitter:data1\" content=\"2 dakika\" \/>\n<script type=\"application\/ld+json\" class=\"yoast-schema-graph\">{\"@context\":\"https:\/\/schema.org\",\"@graph\":[{\"@type\":\"WebPage\",\"@id\":\"https:\/\/exceladvisor.org\/tr\/bos-olmayan-hucreleri-say\/\",\"url\":\"https:\/\/exceladvisor.org\/tr\/bos-olmayan-hucreleri-say\/\",\"name\":\"\u25b7 Bo\u015f olmayan h\u00fccreler nas\u0131l say\u0131l\u0131r?\",\"isPartOf\":{\"@id\":\"https:\/\/exceladvisor.org\/tr\/#website\"},\"primaryImageOfPage\":{\"@id\":\"https:\/\/exceladvisor.org\/tr\/bos-olmayan-hucreleri-say\/#primaryimage\"},\"image\":{\"@id\":\"https:\/\/exceladvisor.org\/tr\/bos-olmayan-hucreleri-say\/#primaryimage\"},\"thumbnailUrl\":\"https:\/\/exceladvisor.org\/wp-content\/uploads\/2023\/08\/1-plage-de-cellules-avec-des-cellules-vides.png\",\"datePublished\":\"2023-11-05T01:25:09+00:00\",\"dateModified\":\"2023-12-10T05:59:10+00:00\",\"description\":\"Bu e\u011fitimde, bir form\u00fcl kullanarak Excel&#39;deki belirli karakterleri sayman\u0131n farkl\u0131 yollar\u0131n\u0131 \u00f6\u011freneceksiniz.\",\"breadcrumb\":{\"@id\":\"https:\/\/exceladvisor.org\/tr\/bos-olmayan-hucreleri-say\/#breadcrumb\"},\"inLanguage\":\"tr\",\"potentialAction\":[{\"@type\":\"ReadAction\",\"target\":[\"https:\/\/exceladvisor.org\/tr\/bos-olmayan-hucreleri-say\/\"]}]},{\"@type\":\"ImageObject\",\"inLanguage\":\"tr\",\"@id\":\"https:\/\/exceladvisor.org\/tr\/bos-olmayan-hucreleri-say\/#primaryimage\",\"url\":\"https:\/\/exceladvisor.org\/wp-content\/uploads\/2023\/08\/1-plage-de-cellules-avec-des-cellules-vides.png\",\"contentUrl\":\"https:\/\/exceladvisor.org\/wp-content\/uploads\/2023\/08\/1-plage-de-cellules-avec-des-cellules-vides.png\"},{\"@type\":\"BreadcrumbList\",\"@id\":\"https:\/\/exceladvisor.org\/tr\/bos-olmayan-hucreleri-say\/#breadcrumb\",\"itemListElement\":[{\"@type\":\"ListItem\",\"position\":1,\"name\":\"Ev\",\"item\":\"https:\/\/exceladvisor.org\/tr\/\"},{\"@type\":\"ListItem\",\"position\":2,\"name\":\"Bo\u015f olmayan h\u00fccreler nas\u0131l say\u0131l\u0131r?\"}]},{\"@type\":\"WebSite\",\"@id\":\"https:\/\/exceladvisor.org\/tr\/#website\",\"url\":\"https:\/\/exceladvisor.org\/tr\/\",\"name\":\"Excel Advisor\",\"description\":\"Veri hakimiyetine y\u00f6nelik nihai rehberiniz!\",\"publisher\":{\"@id\":\"https:\/\/exceladvisor.org\/tr\/#organization\"},\"potentialAction\":[{\"@type\":\"SearchAction\",\"target\":{\"@type\":\"EntryPoint\",\"urlTemplate\":\"https:\/\/exceladvisor.org\/tr\/?s={search_term_string}\"},\"query-input\":{\"@type\":\"PropertyValueSpecification\",\"valueRequired\":true,\"valueName\":\"search_term_string\"}}],\"inLanguage\":\"tr\"},{\"@type\":\"Organization\",\"@id\":\"https:\/\/exceladvisor.org\/tr\/#organization\",\"name\":\"Excel Advisor\",\"url\":\"https:\/\/exceladvisor.org\/tr\/\",\"logo\":{\"@type\":\"ImageObject\",\"inLanguage\":\"tr\",\"@id\":\"https:\/\/exceladvisor.org\/tr\/#\/schema\/logo\/image\/\",\"url\":\"https:\/\/exceladvisor.org\/tr\/wp-content\/uploads\/2023\/12\/exceladvisor.org_.png\",\"contentUrl\":\"https:\/\/exceladvisor.org\/tr\/wp-content\/uploads\/2023\/12\/exceladvisor.org_.png\",\"width\":105,\"height\":36,\"caption\":\"Excel Advisor\"},\"image\":{\"@id\":\"https:\/\/exceladvisor.org\/tr\/#\/schema\/logo\/image\/\"}}]}<\/script>\n<!-- \/ Yoast SEO plugin. -->","yoast_head_json":{"title":"\u25b7 Bo\u015f olmayan h\u00fccreler nas\u0131l say\u0131l\u0131r?","description":"Bu e\u011fitimde, bir form\u00fcl kullanarak Excel&#39;deki belirli karakterleri sayman\u0131n farkl\u0131 yollar\u0131n\u0131 \u00f6\u011freneceksiniz.","robots":{"index":"index","follow":"follow","max-snippet":"max-snippet:-1","max-image-preview":"max-image-preview:large","max-video-preview":"max-video-preview:-1"},"canonical":"https:\/\/exceladvisor.org\/tr\/bos-olmayan-hucreleri-say\/","og_locale":"tr_TR","og_type":"article","og_title":"\u25b7 Bo\u015f olmayan h\u00fccreler nas\u0131l say\u0131l\u0131r?","og_description":"Bu e\u011fitimde, bir form\u00fcl kullanarak Excel&#39;deki belirli karakterleri sayman\u0131n farkl\u0131 yollar\u0131n\u0131 \u00f6\u011freneceksiniz.","og_url":"https:\/\/exceladvisor.org\/tr\/bos-olmayan-hucreleri-say\/","og_site_name":"Excel Advisor","article_modified_time":"2023-12-10T05:59:10+00:00","og_image":[{"url":"https:\/\/exceladvisor.org\/wp-content\/uploads\/2023\/08\/1-plage-de-cellules-avec-des-cellules-vides.png","type":"","width":"","height":""}],"twitter_card":"summary_large_image","twitter_misc":{"Tahmini okuma s\u00fcresi":"2 dakika"},"schema":{"@context":"https:\/\/schema.org","@graph":[{"@type":"WebPage","@id":"https:\/\/exceladvisor.org\/tr\/bos-olmayan-hucreleri-say\/","url":"https:\/\/exceladvisor.org\/tr\/bos-olmayan-hucreleri-say\/","name":"\u25b7 Bo\u015f olmayan h\u00fccreler nas\u0131l say\u0131l\u0131r?","isPartOf":{"@id":"https:\/\/exceladvisor.org\/tr\/#website"},"primaryImageOfPage":{"@id":"https:\/\/exceladvisor.org\/tr\/bos-olmayan-hucreleri-say\/#primaryimage"},"image":{"@id":"https:\/\/exceladvisor.org\/tr\/bos-olmayan-hucreleri-say\/#primaryimage"},"thumbnailUrl":"https:\/\/exceladvisor.org\/wp-content\/uploads\/2023\/08\/1-plage-de-cellules-avec-des-cellules-vides.png","datePublished":"2023-11-05T01:25:09+00:00","dateModified":"2023-12-10T05:59:10+00:00","description":"Bu e\u011fitimde, bir form\u00fcl kullanarak Excel&#39;deki belirli karakterleri sayman\u0131n farkl\u0131 yollar\u0131n\u0131 \u00f6\u011freneceksiniz.","breadcrumb":{"@id":"https:\/\/exceladvisor.org\/tr\/bos-olmayan-hucreleri-say\/#breadcrumb"},"inLanguage":"tr","potentialAction":[{"@type":"ReadAction","target":["https:\/\/exceladvisor.org\/tr\/bos-olmayan-hucreleri-say\/"]}]},{"@type":"ImageObject","inLanguage":"tr","@id":"https:\/\/exceladvisor.org\/tr\/bos-olmayan-hucreleri-say\/#primaryimage","url":"https:\/\/exceladvisor.org\/wp-content\/uploads\/2023\/08\/1-plage-de-cellules-avec-des-cellules-vides.png","contentUrl":"https:\/\/exceladvisor.org\/wp-content\/uploads\/2023\/08\/1-plage-de-cellules-avec-des-cellules-vides.png"},{"@type":"BreadcrumbList","@id":"https:\/\/exceladvisor.org\/tr\/bos-olmayan-hucreleri-say\/#breadcrumb","itemListElement":[{"@type":"ListItem","position":1,"name":"Ev","item":"https:\/\/exceladvisor.org\/tr\/"},{"@type":"ListItem","position":2,"name":"Bo\u015f olmayan h\u00fccreler nas\u0131l say\u0131l\u0131r?"}]},{"@type":"WebSite","@id":"https:\/\/exceladvisor.org\/tr\/#website","url":"https:\/\/exceladvisor.org\/tr\/","name":"Excel Advisor","description":"Veri hakimiyetine y\u00f6nelik nihai rehberiniz!","publisher":{"@id":"https:\/\/exceladvisor.org\/tr\/#organization"},"potentialAction":[{"@type":"SearchAction","target":{"@type":"EntryPoint","urlTemplate":"https:\/\/exceladvisor.org\/tr\/?s={search_term_string}"},"query-input":{"@type":"PropertyValueSpecification","valueRequired":true,"valueName":"search_term_string"}}],"inLanguage":"tr"},{"@type":"Organization","@id":"https:\/\/exceladvisor.org\/tr\/#organization","name":"Excel Advisor","url":"https:\/\/exceladvisor.org\/tr\/","logo":{"@type":"ImageObject","inLanguage":"tr","@id":"https:\/\/exceladvisor.org\/tr\/#\/schema\/logo\/image\/","url":"https:\/\/exceladvisor.org\/tr\/wp-content\/uploads\/2023\/12\/exceladvisor.org_.png","contentUrl":"https:\/\/exceladvisor.org\/tr\/wp-content\/uploads\/2023\/12\/exceladvisor.org_.png","width":105,"height":36,"caption":"Excel Advisor"},"image":{"@id":"https:\/\/exceladvisor.org\/tr\/#\/schema\/logo\/image\/"}}]}},"yoast_meta":{"yoast_wpseo_title":"","yoast_wpseo_metadesc":"","yoast_wpseo_canonical":""},"_links":{"self":[{"href":"https:\/\/exceladvisor.org\/tr\/wp-json\/wp\/v2\/pages\/1786","targetHints":{"allow":["GET"]}}],"collection":[{"href":"https:\/\/exceladvisor.org\/tr\/wp-json\/wp\/v2\/pages"}],"about":[{"href":"https:\/\/exceladvisor.org\/tr\/wp-json\/wp\/v2\/types\/page"}],"author":[{"embeddable":true,"href":"https:\/\/exceladvisor.org\/tr\/wp-json\/wp\/v2\/users\/1"}],"replies":[{"embeddable":true,"href":"https:\/\/exceladvisor.org\/tr\/wp-json\/wp\/v2\/comments?post=1786"}],"version-history":[{"count":1,"href":"https:\/\/exceladvisor.org\/tr\/wp-json\/wp\/v2\/pages\/1786\/revisions"}],"predecessor-version":[{"id":2300,"href":"https:\/\/exceladvisor.org\/tr\/wp-json\/wp\/v2\/pages\/1786\/revisions\/2300"}],"wp:attachment":[{"href":"https:\/\/exceladvisor.org\/tr\/wp-json\/wp\/v2\/media?parent=1786"}],"curies":[{"name":"wp","href":"https:\/\/api.w.org\/{rel}","templated":true}]}}