{"id":1790,"date":"2023-11-04T16:53:02","date_gmt":"2023-11-04T16:53:02","guid":{"rendered":"https:\/\/exceladvisor.org\/tr\/baska-bir-sutun\/"},"modified":"2023-12-10T05:58:44","modified_gmt":"2023-12-10T05:58:44","slug":"baska-bir-sutun","status":"publish","type":"page","link":"https:\/\/exceladvisor.org\/tr\/baska-bir-sutun\/","title":{"rendered":"Ba\u015fka bir s\u00fctuna dayal\u0131 ko\u015fullu bi\u00e7imlendirme"},"content":{"rendered":"<div class=\"excel-icerikten-once\" id=\"excel-3119681780\"><script type=\"text\/javascript\">\r\n\tatOptions = {\r\n\t\t'key' : 'c1158f160081d6540a8409e6925dab94',\r\n\t\t'format' : 'iframe',\r\n\t\t'height' : 250,\r\n\t\t'width' : 300,\r\n\t\t'params' : {}\r\n\t};\r\n<\/script>\r\n<script type=\"text\/javascript\" src=\"\/\/www.highperformanceformat.com\/c1158f160081d6540a8409e6925dab94\/invoke.js\"><\/script><\/div> <p>Excel&#8217;de ba\u015fka bir s\u00fctuna dayal\u0131 olarak ko\u015fullu bi\u00e7imlendirme uygulayabilirsiniz. \u00d6rne\u011fin, a\u015fa\u011f\u0131da puanlar\u0131yla birlikte \u00f6\u011frencilerin bir listesi var ve 75&#8217;in \u00fczerinde puan alan \u00f6\u011frencilerin adlar\u0131n\u0131 vurgulamak istiyorsunuz.<\/p><p> \u015eimdi burada, B s\u00fctunundaki (Puan) de\u011ferlere g\u00f6re A s\u00fctununa (Adlar) bir renk uygulayan ko\u015fullu bi\u00e7imlendirmeyi uygulaman\u0131z gerekir. <\/p><div class=\"wp-block-image\"><figure class=\"aligncenter size-full is-resized\"><img loading=\"lazy\" decoding=\"async\" class=\"wp-image-90495\" src=\"https:\/\/exceladvisor.org\/wp-content\/uploads\/2023\/08\/1-donnees-avec-des-valeurs-dans-deux-colonnes.png\" sizes=\"auto, \" srcset=\"\" alt=\"iki s\u00fctunlu-de\u011ferli veriler\" width=\"438\" height=\"434\"><\/figure><\/div><h2 class=\"wp-block-heading\"> Ba\u015fka bir s\u00fctuna dayal\u0131 olarak ko\u015fullu bi\u00e7imlendirmeyi uygulama ad\u0131mlar\u0131<\/h2><ol><li> \u0130lk olarak, s\u00fctun ad\u0131n\u0131 b\u0131rakarak adlar s\u00fctununu se\u00e7in. <br><img loading=\"lazy\" decoding=\"async\" title=\"2-de\u011fer-se\u00e7me-ad-hari\u00e7-ba\u015fl\u0131k\" src=\"https:\/\/exceladvisor.org\/wp-content\/uploads\/2023\/08\/2-selectionnez-les-valeurs-de-nom-a-lexclusion-de-len-tete.png\" sizes=\"auto, \" srcset=\"\" alt=\"2-select-the-name-values-excluding-header\" width=\"318\" height=\"355\"><\/li><li> Daha sonra Giri\u015f sekmesi &gt; Ko\u015fullu Bi\u00e7imlendirme &gt; Yeni Kural&#8217;a gidin. <br><img loading=\"lazy\" decoding=\"async\" title=\"3-yeni-kural se\u00e7in\" src=\"https:\/\/exceladvisor.org\/wp-content\/uploads\/2023\/08\/3-selectionner-une-nouvelle-regle.png\" sizes=\"auto, \" srcset=\"\" alt=\"3-select-new-rule\" width=\"320\" height=\"416\"><\/li><li> Ard\u0131ndan, yeni kural ileti\u015fim kutusunda &#8220;Hangi h\u00fccrenin bi\u00e7imlendirilece\u011fini belirlemek i\u00e7in form\u00fcl kullan&#8221; se\u00e7ene\u011fini t\u0131klay\u0131n. <br><img loading=\"lazy\" decoding=\"async\" title=\"4-belirlemek i\u00e7in bir form\u00fcl kullan\u0131n\" src=\"https:\/\/exceladvisor.org\/wp-content\/uploads\/2023\/08\/4-utiliser-une-formule-pour-determiner.png\" sizes=\"auto, \" srcset=\"\" alt=\"4-use-a-formula-to-determine\" width=\"539\" height=\"389\"><\/li><li> \u015eimdi \u201cBu form\u00fcl\u00fcn do\u011fru oldu\u011fu de\u011feri bi\u00e7imlendir\u201d ileti\u015fim kutusuna \u015fu form\u00fcl\u00fc girin: =$B2&gt;=75. <br><img loading=\"lazy\" decoding=\"async\" title=\"5-form\u00fcl\u00fc-girin\" src=\"https:\/\/exceladvisor.org\/wp-content\/uploads\/2023\/08\/5-entrer-la-formule-2.png\" sizes=\"auto, \" srcset=\"\" alt=\"5-enter-the-formula\" width=\"540\" height=\"200\"><\/li><li> Buradan, \u00f6\u011frenci ad\u0131 h\u00fccresine uygulamak istedi\u011finiz h\u00fccre format\u0131n\u0131 belirtmek i\u00e7in \u201cBi\u00e7imlendir\u2026\u201d butonuna t\u0131klay\u0131n ve son olarak kural\u0131 kaydetmek i\u00e7in Tamam&#8217;a t\u0131klay\u0131n. <br><img loading=\"lazy\" decoding=\"async\" title=\"6-uygulanacak-bi\u00e7imlendirmeyi-belirtin\" src=\"https:\/\/exceladvisor.org\/wp-content\/uploads\/2023\/08\/6-preciser-la-mise-en-forme-a-appliquer.png\" sizes=\"auto, \" srcset=\"\" alt=\"6-specify-the-formatting-to-apply\" width=\"539\" height=\"202\"><\/li><li> Sonunda, Ko\u015fullu Bi\u00e7imlendirme Kural Y\u00f6neticisini kapatmak i\u00e7in Tamam&#8217;\u0131 t\u0131klay\u0131n.<\/li><\/ol><p> Ve Tamam&#8217;a bast\u0131\u011f\u0131n\u0131z anda puan\u0131 75&#8217;in \u00fczerinde olan t\u00fcm \u00f6\u011frencilerin isimleri puan s\u00fctununda vurgulanacakt\u0131r. <\/p><div class=\"wp-block-image\"><figure class=\"aligncenter size-full is-resized\"><img loading=\"lazy\" decoding=\"async\" class=\"wp-image-90501\" src=\"https:\/\/exceladvisor.org\/wp-content\/uploads\/2023\/08\/7-noms-mis-en-evidence-selon-la-formule.png\" sizes=\"auto, \" srcset=\"\" alt=\"form\u00fcle dayal\u0131 vurgulanan adlar\" width=\"488\" height=\"456\"><\/figure><\/div><h2 class=\"wp-block-heading\"> Excel tablosu kullanma<\/h2><p> Ko\u015fullu bi\u00e7imlendirmeyi uygulad\u0131\u011f\u0131n\u0131zda ve listedeki yeni verileri g\u00fcncelle\u015ftirdi\u011finizde Excel, ko\u015fullu bi\u00e7imlendirmeyi yeni giri\u015fi kapsayacak \u015fekilde geni\u015fletmez. <\/p><div class=\"wp-block-image\"><figure class=\"aligncenter size-full is-resized\"><img loading=\"lazy\" decoding=\"async\" class=\"wp-image-90502\" src=\"https:\/\/exceladvisor.org\/wp-content\/uploads\/2023\/08\/8-formatage-non-applique-aux-donnees-etendues.png\" sizes=\"auto, \" srcset=\"\" alt=\"geni\u015fletilmi\u015f-veriye-uygulanmayan-bi\u00e7imlendirme\" width=\"448\" height=\"358\"><\/figure><\/div><p> Bu sorunun en iyi \u00e7\u00f6z\u00fcm\u00fc veriler \u00fczerinde Excel tablosu kullanmakt\u0131r. Tabloyu (Ctrl + T) uygulad\u0131ktan ve listeye puanla birlikte yeni bir veri giri\u015fi girdikten sonra, buna ko\u015fullu bi\u00e7imlendirme uygulay\u0131n. <\/p><div class=\"wp-block-image\"><figure class=\"aligncenter size-full is-resized\"><img loading=\"lazy\" decoding=\"async\" class=\"wp-image-90503\" src=\"https:\/\/exceladvisor.org\/wp-content\/uploads\/2023\/08\/9-convertir-les-donnees-en-tableau.png\" sizes=\"auto, \" srcset=\"\" alt=\"verileri tabloya d\u00f6n\u00fc\u015ft\u00fcr\" width=\"461\" height=\"286\"><\/figure><\/div><p> Excel tablosu kullanmak, verilere yeni bir de\u011fer girdi\u011finizde geni\u015fleyen ko\u015fullu bi\u00e7imlendirme kural\u0131n\u0131z\u0131 dinamik hale getirir. <\/p><div class=\"gb-container gb-container-52dfcee1 gb-container-sample-file\"><h2 class=\"gb-headline gb-headline-e289c143 gb-headline-text gb-headline-4f7959c2\"> Excel dosyas\u0131n\u0131 al\u0131n<\/h2> <a class=\"gb-button gb-button-e88d6bee gb-button-text gb-button-button1\" href=\"https:\/\/exceladvisor.org\/wp-content\/uploads\/2023\/11\/mise-en-forme-conditionnelle-basee-sur-une-autre-colonne.xlsx\" rel=\"nofollow\">\u0130ndirmek<\/a><\/div><div class=\"gb-container gb-container-6076ba72 gb-container-mt\"> <a class=\"gb-button gb-button-76e6a499 gb-button-text gb-button-mt-button\" href=\"https:\/\/exceladvisor.org\/tr\/excelin-temelleri\/\">Excel&#8217;in temellerini \u00f6\u011frenin<\/a><h2 class=\"gb-headline gb-headline-a9e9e206 gb-headline-text gb-headline-mt-heading\"> <a href=\"https:\/\/exceladvisor.org\/tr\/kosullu-bicimlendirme\/\">Ko\u015fullu bi\u00e7imlendirme<\/a> hakk\u0131nda daha fazla bilgi edinin <\/h2><div class=\"gb-grid-wrapper gb-grid-wrapper-790317cb gb-grid-wrapper-mt-grid\"><div class=\"gb-grid-column gb-grid-column-a9845ede\"><div class=\"gb-container gb-container-a9845ede\"><ul><li> <a href=\"https:\/\/exceladvisor.org\/tr\/kosullu-bicimlendirmeyi-uygula\/\">Pivot tabloya ko\u015fullu bi\u00e7imlendirme uygulama<\/a><\/li><li> <a href=\"https:\/\/exceladvisor.org\/tr\/geri-cekilmek\/\">Ko\u015fullu Bi\u00e7imlendirmeyi Kald\u0131r<\/a><\/li><li> <a href=\"https:\/\/exceladvisor.org\/tr\/bos-hucreler\/\">Excel&#8217;de Bo\u015f H\u00fccrelere Ko\u015fullu Bi\u00e7imlendirme Uygulay\u0131n<\/a><\/li><li> <a href=\"https:\/\/exceladvisor.org\/tr\/sutunlari-karsilastir\/\">Ko\u015fullu bi\u00e7imlendirmeyi kullanarak iki s\u00fctunu kar\u015f\u0131la\u015ft\u0131rma<\/a><\/li><li> <a href=\"https:\/\/exceladvisor.org\/tr\/baska-bir-hucre\/\">Ba\u015fka bir h\u00fccreye dayal\u0131 ko\u015fullu bi\u00e7imlendirme uygulama<\/a><\/li><\/ul><\/div><\/div><\/div><\/div>","protected":false},"excerpt":{"rendered":"","protected":false},"author":1,"featured_media":0,"parent":0,"menu_order":0,"comment_status":"open","ping_status":"closed","template":"","meta":{"ub_ctt_via":"","footnotes":""},"class_list":["post-1790","page","type-page","status-publish","hentry"],"featured_image_src":null,"yoast_head":"<!-- This site is optimized with the Yoast SEO plugin v25.4 - https:\/\/yoast.com\/wordpress\/plugins\/seo\/ -->\n<title>\u25b7 Ba\u015fka bir s\u00fctuna dayal\u0131 ko\u015fullu bi\u00e7imlendirme<\/title>\n<meta name=\"description\" content=\"Bu e\u011fitim, Excel&#039;deki ba\u015fka bir s\u00fctuna dayal\u0131 olarak ko\u015fullu bi\u00e7imlendirme uygulaman\u0131za yard\u0131mc\u0131 olur. Bunu kontrol edelim\u2026\" \/>\n<meta name=\"robots\" content=\"index, follow, max-snippet:-1, max-image-preview:large, max-video-preview:-1\" \/>\n<link rel=\"canonical\" href=\"https:\/\/exceladvisor.org\/tr\/baska-bir-sutun\/\" \/>\n<meta property=\"og:locale\" content=\"tr_TR\" \/>\n<meta property=\"og:type\" content=\"article\" \/>\n<meta property=\"og:title\" content=\"\u25b7 Ba\u015fka bir s\u00fctuna dayal\u0131 ko\u015fullu bi\u00e7imlendirme\" \/>\n<meta property=\"og:description\" content=\"Bu e\u011fitim, Excel&#039;deki ba\u015fka bir s\u00fctuna dayal\u0131 olarak ko\u015fullu bi\u00e7imlendirme uygulaman\u0131za yard\u0131mc\u0131 olur. Bunu kontrol edelim\u2026\" \/>\n<meta property=\"og:url\" content=\"https:\/\/exceladvisor.org\/tr\/baska-bir-sutun\/\" \/>\n<meta property=\"og:site_name\" content=\"Excel Advisor\" \/>\n<meta property=\"article:modified_time\" content=\"2023-12-10T05:58:44+00:00\" \/>\n<meta property=\"og:image\" content=\"https:\/\/exceladvisor.org\/wp-content\/uploads\/2023\/08\/1-donnees-avec-des-valeurs-dans-deux-colonnes.png\" \/>\n<meta name=\"twitter:card\" content=\"summary_large_image\" \/>\n<meta name=\"twitter:label1\" content=\"Tahmini okuma s\u00fcresi\" \/>\n\t<meta name=\"twitter:data1\" content=\"2 dakika\" \/>\n<script type=\"application\/ld+json\" class=\"yoast-schema-graph\">{\"@context\":\"https:\/\/schema.org\",\"@graph\":[{\"@type\":\"WebPage\",\"@id\":\"https:\/\/exceladvisor.org\/tr\/baska-bir-sutun\/\",\"url\":\"https:\/\/exceladvisor.org\/tr\/baska-bir-sutun\/\",\"name\":\"\u25b7 Ba\u015fka bir s\u00fctuna dayal\u0131 ko\u015fullu bi\u00e7imlendirme\",\"isPartOf\":{\"@id\":\"https:\/\/exceladvisor.org\/tr\/#website\"},\"primaryImageOfPage\":{\"@id\":\"https:\/\/exceladvisor.org\/tr\/baska-bir-sutun\/#primaryimage\"},\"image\":{\"@id\":\"https:\/\/exceladvisor.org\/tr\/baska-bir-sutun\/#primaryimage\"},\"thumbnailUrl\":\"https:\/\/exceladvisor.org\/wp-content\/uploads\/2023\/08\/1-donnees-avec-des-valeurs-dans-deux-colonnes.png\",\"datePublished\":\"2023-11-04T16:53:02+00:00\",\"dateModified\":\"2023-12-10T05:58:44+00:00\",\"description\":\"Bu e\u011fitim, Excel&#39;deki ba\u015fka bir s\u00fctuna dayal\u0131 olarak ko\u015fullu bi\u00e7imlendirme uygulaman\u0131za yard\u0131mc\u0131 olur. Bunu kontrol edelim\u2026\",\"breadcrumb\":{\"@id\":\"https:\/\/exceladvisor.org\/tr\/baska-bir-sutun\/#breadcrumb\"},\"inLanguage\":\"tr\",\"potentialAction\":[{\"@type\":\"ReadAction\",\"target\":[\"https:\/\/exceladvisor.org\/tr\/baska-bir-sutun\/\"]}]},{\"@type\":\"ImageObject\",\"inLanguage\":\"tr\",\"@id\":\"https:\/\/exceladvisor.org\/tr\/baska-bir-sutun\/#primaryimage\",\"url\":\"https:\/\/exceladvisor.org\/wp-content\/uploads\/2023\/08\/1-donnees-avec-des-valeurs-dans-deux-colonnes.png\",\"contentUrl\":\"https:\/\/exceladvisor.org\/wp-content\/uploads\/2023\/08\/1-donnees-avec-des-valeurs-dans-deux-colonnes.png\"},{\"@type\":\"BreadcrumbList\",\"@id\":\"https:\/\/exceladvisor.org\/tr\/baska-bir-sutun\/#breadcrumb\",\"itemListElement\":[{\"@type\":\"ListItem\",\"position\":1,\"name\":\"Ev\",\"item\":\"https:\/\/exceladvisor.org\/tr\/\"},{\"@type\":\"ListItem\",\"position\":2,\"name\":\"Ba\u015fka bir s\u00fctuna dayal\u0131 ko\u015fullu bi\u00e7imlendirme\"}]},{\"@type\":\"WebSite\",\"@id\":\"https:\/\/exceladvisor.org\/tr\/#website\",\"url\":\"https:\/\/exceladvisor.org\/tr\/\",\"name\":\"Excel Advisor\",\"description\":\"Veri hakimiyetine y\u00f6nelik nihai rehberiniz!\",\"publisher\":{\"@id\":\"https:\/\/exceladvisor.org\/tr\/#organization\"},\"potentialAction\":[{\"@type\":\"SearchAction\",\"target\":{\"@type\":\"EntryPoint\",\"urlTemplate\":\"https:\/\/exceladvisor.org\/tr\/?s={search_term_string}\"},\"query-input\":{\"@type\":\"PropertyValueSpecification\",\"valueRequired\":true,\"valueName\":\"search_term_string\"}}],\"inLanguage\":\"tr\"},{\"@type\":\"Organization\",\"@id\":\"https:\/\/exceladvisor.org\/tr\/#organization\",\"name\":\"Excel Advisor\",\"url\":\"https:\/\/exceladvisor.org\/tr\/\",\"logo\":{\"@type\":\"ImageObject\",\"inLanguage\":\"tr\",\"@id\":\"https:\/\/exceladvisor.org\/tr\/#\/schema\/logo\/image\/\",\"url\":\"https:\/\/exceladvisor.org\/tr\/wp-content\/uploads\/2023\/12\/exceladvisor.org_.png\",\"contentUrl\":\"https:\/\/exceladvisor.org\/tr\/wp-content\/uploads\/2023\/12\/exceladvisor.org_.png\",\"width\":105,\"height\":36,\"caption\":\"Excel Advisor\"},\"image\":{\"@id\":\"https:\/\/exceladvisor.org\/tr\/#\/schema\/logo\/image\/\"}}]}<\/script>\n<!-- \/ Yoast SEO plugin. -->","yoast_head_json":{"title":"\u25b7 Ba\u015fka bir s\u00fctuna dayal\u0131 ko\u015fullu bi\u00e7imlendirme","description":"Bu e\u011fitim, Excel&#39;deki ba\u015fka bir s\u00fctuna dayal\u0131 olarak ko\u015fullu bi\u00e7imlendirme uygulaman\u0131za yard\u0131mc\u0131 olur. Bunu kontrol edelim\u2026","robots":{"index":"index","follow":"follow","max-snippet":"max-snippet:-1","max-image-preview":"max-image-preview:large","max-video-preview":"max-video-preview:-1"},"canonical":"https:\/\/exceladvisor.org\/tr\/baska-bir-sutun\/","og_locale":"tr_TR","og_type":"article","og_title":"\u25b7 Ba\u015fka bir s\u00fctuna dayal\u0131 ko\u015fullu bi\u00e7imlendirme","og_description":"Bu e\u011fitim, Excel&#39;deki ba\u015fka bir s\u00fctuna dayal\u0131 olarak ko\u015fullu bi\u00e7imlendirme uygulaman\u0131za yard\u0131mc\u0131 olur. Bunu kontrol edelim\u2026","og_url":"https:\/\/exceladvisor.org\/tr\/baska-bir-sutun\/","og_site_name":"Excel Advisor","article_modified_time":"2023-12-10T05:58:44+00:00","og_image":[{"url":"https:\/\/exceladvisor.org\/wp-content\/uploads\/2023\/08\/1-donnees-avec-des-valeurs-dans-deux-colonnes.png","type":"","width":"","height":""}],"twitter_card":"summary_large_image","twitter_misc":{"Tahmini okuma s\u00fcresi":"2 dakika"},"schema":{"@context":"https:\/\/schema.org","@graph":[{"@type":"WebPage","@id":"https:\/\/exceladvisor.org\/tr\/baska-bir-sutun\/","url":"https:\/\/exceladvisor.org\/tr\/baska-bir-sutun\/","name":"\u25b7 Ba\u015fka bir s\u00fctuna dayal\u0131 ko\u015fullu bi\u00e7imlendirme","isPartOf":{"@id":"https:\/\/exceladvisor.org\/tr\/#website"},"primaryImageOfPage":{"@id":"https:\/\/exceladvisor.org\/tr\/baska-bir-sutun\/#primaryimage"},"image":{"@id":"https:\/\/exceladvisor.org\/tr\/baska-bir-sutun\/#primaryimage"},"thumbnailUrl":"https:\/\/exceladvisor.org\/wp-content\/uploads\/2023\/08\/1-donnees-avec-des-valeurs-dans-deux-colonnes.png","datePublished":"2023-11-04T16:53:02+00:00","dateModified":"2023-12-10T05:58:44+00:00","description":"Bu e\u011fitim, Excel&#39;deki ba\u015fka bir s\u00fctuna dayal\u0131 olarak ko\u015fullu bi\u00e7imlendirme uygulaman\u0131za yard\u0131mc\u0131 olur. Bunu kontrol edelim\u2026","breadcrumb":{"@id":"https:\/\/exceladvisor.org\/tr\/baska-bir-sutun\/#breadcrumb"},"inLanguage":"tr","potentialAction":[{"@type":"ReadAction","target":["https:\/\/exceladvisor.org\/tr\/baska-bir-sutun\/"]}]},{"@type":"ImageObject","inLanguage":"tr","@id":"https:\/\/exceladvisor.org\/tr\/baska-bir-sutun\/#primaryimage","url":"https:\/\/exceladvisor.org\/wp-content\/uploads\/2023\/08\/1-donnees-avec-des-valeurs-dans-deux-colonnes.png","contentUrl":"https:\/\/exceladvisor.org\/wp-content\/uploads\/2023\/08\/1-donnees-avec-des-valeurs-dans-deux-colonnes.png"},{"@type":"BreadcrumbList","@id":"https:\/\/exceladvisor.org\/tr\/baska-bir-sutun\/#breadcrumb","itemListElement":[{"@type":"ListItem","position":1,"name":"Ev","item":"https:\/\/exceladvisor.org\/tr\/"},{"@type":"ListItem","position":2,"name":"Ba\u015fka bir s\u00fctuna dayal\u0131 ko\u015fullu bi\u00e7imlendirme"}]},{"@type":"WebSite","@id":"https:\/\/exceladvisor.org\/tr\/#website","url":"https:\/\/exceladvisor.org\/tr\/","name":"Excel Advisor","description":"Veri hakimiyetine y\u00f6nelik nihai rehberiniz!","publisher":{"@id":"https:\/\/exceladvisor.org\/tr\/#organization"},"potentialAction":[{"@type":"SearchAction","target":{"@type":"EntryPoint","urlTemplate":"https:\/\/exceladvisor.org\/tr\/?s={search_term_string}"},"query-input":{"@type":"PropertyValueSpecification","valueRequired":true,"valueName":"search_term_string"}}],"inLanguage":"tr"},{"@type":"Organization","@id":"https:\/\/exceladvisor.org\/tr\/#organization","name":"Excel Advisor","url":"https:\/\/exceladvisor.org\/tr\/","logo":{"@type":"ImageObject","inLanguage":"tr","@id":"https:\/\/exceladvisor.org\/tr\/#\/schema\/logo\/image\/","url":"https:\/\/exceladvisor.org\/tr\/wp-content\/uploads\/2023\/12\/exceladvisor.org_.png","contentUrl":"https:\/\/exceladvisor.org\/tr\/wp-content\/uploads\/2023\/12\/exceladvisor.org_.png","width":105,"height":36,"caption":"Excel Advisor"},"image":{"@id":"https:\/\/exceladvisor.org\/tr\/#\/schema\/logo\/image\/"}}]}},"yoast_meta":{"yoast_wpseo_title":"","yoast_wpseo_metadesc":"","yoast_wpseo_canonical":""},"_links":{"self":[{"href":"https:\/\/exceladvisor.org\/tr\/wp-json\/wp\/v2\/pages\/1790","targetHints":{"allow":["GET"]}}],"collection":[{"href":"https:\/\/exceladvisor.org\/tr\/wp-json\/wp\/v2\/pages"}],"about":[{"href":"https:\/\/exceladvisor.org\/tr\/wp-json\/wp\/v2\/types\/page"}],"author":[{"embeddable":true,"href":"https:\/\/exceladvisor.org\/tr\/wp-json\/wp\/v2\/users\/1"}],"replies":[{"embeddable":true,"href":"https:\/\/exceladvisor.org\/tr\/wp-json\/wp\/v2\/comments?post=1790"}],"version-history":[{"count":1,"href":"https:\/\/exceladvisor.org\/tr\/wp-json\/wp\/v2\/pages\/1790\/revisions"}],"predecessor-version":[{"id":2265,"href":"https:\/\/exceladvisor.org\/tr\/wp-json\/wp\/v2\/pages\/1790\/revisions\/2265"}],"wp:attachment":[{"href":"https:\/\/exceladvisor.org\/tr\/wp-json\/wp\/v2\/media?parent=1790"}],"curies":[{"name":"wp","href":"https:\/\/api.w.org\/{rel}","templated":true}]}}