{"id":1791,"date":"2023-11-04T16:31:04","date_gmt":"2023-11-04T16:31:04","guid":{"rendered":"https:\/\/exceladvisor.org\/tr\/zincir\/"},"modified":"2023-12-10T06:04:14","modified_gmt":"2023-12-10T06:04:14","slug":"zincir","status":"publish","type":"page","link":"https:\/\/exceladvisor.org\/tr\/zincir\/","title":{"rendered":"Power query: de\u011ferleri birle\u015ftirin (metin, say\u0131lar)"},"content":{"rendered":"<div class=\"excel-icerikten-once\" id=\"excel-1908068183\"><script type=\"text\/javascript\">\r\n\tatOptions = {\r\n\t\t'key' : 'c1158f160081d6540a8409e6925dab94',\r\n\t\t'format' : 'iframe',\r\n\t\t'height' : 250,\r\n\t\t'width' : 300,\r\n\t\t'params' : {}\r\n\t};\r\n<\/script>\r\n<script type=\"text\/javascript\" src=\"\/\/www.highperformanceformat.com\/c1158f160081d6540a8409e6925dab94\/invoke.js\"><\/script><\/div> <p>Power Query&#8217;de de\u011ferleri (say\u0131lar ve metin) birle\u015ftirmek i\u00e7in kullanabilece\u011finiz \u00e7e\u015fitli y\u00f6ntemler vard\u0131r. Ve bu derste bu y\u00f6ntemleri nas\u0131l kullanaca\u011f\u0131m\u0131z\u0131 \u00f6\u011frenece\u011fiz.<\/p><p> A\u015fa\u011f\u0131da s\u00fctunlardaki ad ve soyadlar\u0131n bir listesi bulunmaktad\u0131r: <\/p><div class=\"wp-block-image\"><figure class=\"aligncenter size-full is-resized\"><img loading=\"lazy\" decoding=\"async\" class=\"wp-image-88734\" src=\"https:\/\/exceladvisor.org\/wp-content\/uploads\/2023\/08\/1-concatener-les-valeurs-dans-la-requete-de-puissance.png\" sizes=\"auto, \" srcset=\"\" alt=\"de\u011ferleri-g\u00fc\u00e7l\u00fc-bir-sorguda birle\u015ftirmek\" width=\"612\" height=\"474\"><\/figure><\/div><h2 class=\"wp-block-heading\"> \u0130ki s\u00fctundaki de\u011ferleri bir s\u00fctunda birle\u015ftirin (s\u00fctunlar\u0131 birle\u015ftirin)<\/h2><p> \u015eu ad\u0131mlar\u0131 kullanabilirsiniz:<\/p><ol><li> \u00d6ncelikle verilerinizi g\u00fc\u00e7l\u00fc sorgu d\u00fczenleyiciye y\u00fckleyin (Veri &gt; Veri Al &gt; Di\u011fer Kaynaklardan &gt; Tablodan\/Aral\u0131ktan. <br><img loading=\"lazy\" decoding=\"async\" title=\"2-iki s\u00fctundan-de\u011ferleri birle\u015ftirin\" src=\"https:\/\/exceladvisor.org\/wp-content\/uploads\/2023\/08\/2-valeurs-de-concatenation-de-deux-colonnes.png\" sizes=\"auto, \" srcset=\"\" alt=\"concatenate-values-from-two-columns\" width=\"538\" height=\"378\"><\/li><li> Daha sonra d\u00fczenleyicide her iki s\u00fctunu da se\u00e7in ve D\u00f6n\u00fc\u015ft\u00fcr &gt; S\u00fctunlar\u0131 Birle\u015ftir&#8217;e gidin. <br><img loading=\"lazy\" decoding=\"async\" title=\"3 s\u00fctun d\u00f6n\u00fc\u015ft\u00fcrme ve birle\u015ftirme\" src=\"https:\/\/exceladvisor.org\/wp-content\/uploads\/2023\/08\/3-colonnes-de-transformation-et-de-fusion.png\" sizes=\"auto, \" srcset=\"\" alt=\"transform-and-merge-columns\" width=\"550\" height=\"382\"><\/li><li> &#8220;S\u00fctunlar\u0131 Birle\u015ftir&#8221;i t\u0131klad\u0131\u011f\u0131n\u0131zda, yeni s\u00fctunun ay\u0131r\u0131c\u0131s\u0131n\u0131 ve ad\u0131n\u0131 se\u00e7en bir ileti\u015fim kutusu a\u00e7\u0131l\u0131r. <br><img loading=\"lazy\" decoding=\"async\" title=\"4-ay\u0131r\u0131c\u0131-ve-yeni-seolon-ad\u0131 se\u00e7in\" src=\"https:\/\/exceladvisor.org\/wp-content\/uploads\/2023\/08\/4-selectionnez-le-separateur-et-le-nouveau-nom-de-colonne.png\" sizes=\"auto, \" srcset=\"\" alt=\"select-separator-and-new-ceolumn-name\" width=\"547\" height=\"291\"><\/li><li> Ay\u0131r\u0131c\u0131y\u0131 ve s\u00fctun ad\u0131n\u0131 se\u00e7tikten sonra Tamam&#8217;\u0131 t\u0131klay\u0131n. Ve yeni s\u00fctunu almak i\u00e7in Enter tu\u015funa bas\u0131n. <br><img loading=\"lazy\" decoding=\"async\" title=\"5-yeni-s\u00fctun\" src=\"https:\/\/exceladvisor.org\/wp-content\/uploads\/2023\/08\/5-obtenir-une-nouvelle-colonne.png\" sizes=\"auto, \" srcset=\"\" alt=\"get-new-column\" width=\"541\" height=\"348\"><\/li><\/ol><p> Art\u0131k her iki s\u00fctundaki de\u011ferleri (ad ve soyad\u0131) i\u00e7eren yeni bir tek s\u00fctunumuz var. Bu y\u00f6ntemi kullan\u0131rken birka\u00e7 \u015feye dikkat etmeniz gerekir:<\/p><ol><li> De\u011ferleri birle\u015ftirmek istedi\u011finiz s\u0131rayla s\u00fctunlar\u0131 se\u00e7in.<\/li><li> \u0130leti\u015fim kutusuna \u00f6zel bir ay\u0131r\u0131c\u0131 girebilirsiniz.<\/li><\/ol><h2 class=\"wp-block-heading\"> Yeni bir s\u00fctun ekleyerek s\u00fctunlar\u0131 birle\u015ftirme<\/h2><p> Yukar\u0131da kulland\u0131\u011f\u0131m\u0131z y\u00f6ntemin aksine, de\u011ferleri birle\u015ftirmek i\u00e7in \u00f6zel bir s\u00fctun ve i\u015flev de kullanabilirsiniz.<\/p><ol><li> S\u00fctun Ekle &gt; \u00d6zel S\u00fctun&#8217;a gidin. <br><img loading=\"lazy\" decoding=\"async\" title=\"6-yeni-s\u00fctun ekleyerek-birle\u015ftir\" src=\"https:\/\/exceladvisor.org\/wp-content\/uploads\/2023\/08\/6-concatener-en-ajoutant-une-nouvelle-colonne.png\" sizes=\"auto, \" srcset=\"\" alt=\"concatenate-by-adding-new-column\" width=\"421\" height=\"190\"><\/li><li> \u0130leti\u015fim kutusunda bir form\u00fcl yazman\u0131z gerekir. <br><img loading=\"lazy\" decoding=\"async\" title=\"7-ileti\u015fim kutusunda bir form\u00fcl yaz\u0131n\" src=\"https:\/\/exceladvisor.org\/wp-content\/uploads\/2023\/08\/7-ecrire-une-formule-dans-la-boite-de-dialogue.png\" sizes=\"auto, \" srcset=\"\" alt=\"write-a-formula-in-dialog-box\" width=\"533\" height=\"336\"><\/li><li> S\u00fctun ad\u0131n\u0131 girin ve ard\u0131ndan a\u015fa\u011f\u0131daki anl\u0131k g\u00f6r\u00fcnt\u00fcde kulland\u0131\u011f\u0131m\u0131z form\u00fcl\u00fc girin. <br><img loading=\"lazy\" decoding=\"async\" title=\"8-\u00f6nce-s\u00fctun-ad\u0131n\u0131-ard\u0131ndan-form\u00fcl\u00fc girin\" src=\"https:\/\/exceladvisor.org\/wp-content\/uploads\/2023\/08\/8-entrez-dabord-le-nom-de-la-colonne-puis-la-formule.png\" sizes=\"auto, \" srcset=\"\" alt=\"first-enter-column-name-and-then-formula\" width=\"568\" height=\"216\"><\/li><li> Son olarak form\u00fcl\u00fc girmek ve yeni bir birle\u015ftirilmi\u015f s\u00fctun olu\u015fturmak i\u00e7in Tamam&#8217;\u0131 t\u0131klay\u0131n. <br><img loading=\"lazy\" decoding=\"async\" title=\"9 vuru\u015flu giri\u015f-ko\u015f form\u00fcl\u00fc\" src=\"https:\/\/exceladvisor.org\/wp-content\/uploads\/2023\/08\/9-appuyez-sur-Entree-pour-executer-la-formule.png\" sizes=\"auto, \" srcset=\"\" alt=\"hit-enter-to-run-formula\" width=\"546\" height=\"276\"><\/li><\/ol><p> Bu form\u00fclde iki s\u00fctunun de\u011ferlerini aradaki bo\u015flukla birle\u015ftirmek i\u00e7in ve i\u015fareti kulland\u0131k. Excel&#8217;de kulland\u0131\u011f\u0131m\u0131z bir form\u00fcl gibi.<\/p><pre class=\"wp-block-preformatted\"> =[First]&amp;\" \"&amp;[Last]<\/pre><h2 class=\"wp-block-heading\"> Metin ve say\u0131lar\u0131 tek bir s\u00fctunda birle\u015ftirme<\/h2><p> Power Query&#8217;de metni say\u0131larla birle\u015ftirmeye \u00e7al\u0131\u015f\u0131rsan\u0131z son de\u011ferde hata al\u0131rs\u0131n\u0131z. <\/p><div class=\"wp-block-image\"><figure class=\"aligncenter size-full is-resized\"><img loading=\"lazy\" decoding=\"async\" class=\"wp-image-88743\" src=\"https:\/\/exceladvisor.org\/wp-content\/uploads\/2023\/08\/10-combiner-texte-et-nombre-dans-une-colonne.png\" sizes=\"auto, \" srcset=\"\" alt=\"metin ve say\u0131y\u0131 tek s\u00fctunda birle\u015ftirme\" width=\"580\" height=\"230\"><\/figure><\/div><p> Bu durumda say\u0131y\u0131 metne d\u00f6n\u00fc\u015ft\u00fcrmek i\u00e7in NumberToText i\u015flevine ihtiyac\u0131n\u0131z vard\u0131r. <\/p><div class=\"wp-block-image\"><figure class=\"aligncenter size-full is-resized\"><img loading=\"lazy\" decoding=\"async\" class=\"wp-image-88744\" src=\"https:\/\/exceladvisor.org\/wp-content\/uploads\/2023\/08\/11-fonction-de-texte-pour-convertir-un-nombre-en-texte.png\" sizes=\"auto, \" srcset=\"\" alt=\"say\u0131y\u0131 metne-d\u00f6n\u00fc\u015ft\u00fcrecek metin i\u015flevi\" width=\"668\" height=\"262\"><\/figure><\/div><p> Ve form\u00fcl\u00fc girdikten sonra Tamam&#8217;a t\u0131klad\u0131\u011f\u0131n\u0131zda. Yeni bir \u00f6zel s\u00fctun alacaks\u0131n\u0131z. <\/p><div class=\"wp-block-image\"><figure class=\"aligncenter size-full is-resized\"><img loading=\"lazy\" decoding=\"async\" class=\"wp-image-88745\" src=\"https:\/\/exceladvisor.org\/wp-content\/uploads\/2023\/08\/12-nouvelles-colonnes-avec-texte-et-chiffres-combines.png\" sizes=\"auto, \" srcset=\"\" alt=\"metin ve say\u0131lar\u0131n bir arada oldu\u011fu yeni s\u00fctun\" width=\"544\" height=\"282\"><\/figure><\/div><h2 class=\"wp-block-heading\"> Tek bir s\u00fctundaki de\u011ferleri birle\u015ftirin<\/h2><p> Bir s\u00fctunda de\u011ferleriniz varsa ve bunlar\u0131 tek bir h\u00fccreye s\u0131\u011fd\u0131rmak istiyorsan\u0131z \u00f6ncelikle bunlar\u0131 transpoze etmeniz gerekir. <\/p><div class=\"wp-block-image\"><figure class=\"aligncenter size-full is-resized\"><img loading=\"lazy\" decoding=\"async\" class=\"wp-image-88746\" src=\"https:\/\/exceladvisor.org\/wp-content\/uploads\/2023\/08\/13-combiner-les-valeurs-dune-seule-colonne.png\" sizes=\"auto, \" srcset=\"\" alt=\"tek bir s\u00fctundan-de\u011ferleri birle\u015ftirmek\" width=\"736\" height=\"277\"><\/figure><\/div><p> S\u00fctunu se\u00e7in ve \u201cTranspoze\u201de t\u0131klay\u0131n. <\/p><div class=\"wp-block-image\"><figure class=\"aligncenter size-full is-resized\"><img loading=\"lazy\" decoding=\"async\" class=\"wp-image-88747\" src=\"https:\/\/exceladvisor.org\/wp-content\/uploads\/2023\/08\/14-selectionnez-la-colonne-puis-cliquez-sur-transposer.png\" sizes=\"auto, \" srcset=\"\" alt=\"s\u00fctunu se\u00e7 ve ard\u0131ndan t\u0131kla-transpoze et\" width=\"742\" height=\"338\"><\/figure><\/div><p> S\u00fctunlar\u0131 Birle\u015ftir ileti\u015fim kutusunda ay\u0131r\u0131c\u0131y\u0131 se\u00e7in, s\u00fctun ad\u0131n\u0131 girin ve ard\u0131ndan Tamam&#8217;a t\u0131klay\u0131n. <\/p><div class=\"wp-block-image\"><figure class=\"aligncenter size-full is-resized\"><img loading=\"lazy\" decoding=\"async\" class=\"wp-image-88748\" src=\"https:\/\/exceladvisor.org\/wp-content\/uploads\/2023\/08\/15-selectionnez-le-separateur.png\" sizes=\"auto, \" srcset=\"\" alt=\"se\u00e7me ay\u0131r\u0131c\u0131\" width=\"347\" height=\"207\"><\/figure><\/div><p> Tamam&#8217;\u0131 t\u0131klad\u0131\u011f\u0131n\u0131zda birle\u015ftirilmi\u015f de\u011ferlerin bulundu\u011fu yeni bir s\u00fctun alacaks\u0131n\u0131z. <\/p><div class=\"wp-block-image\"><figure class=\"aligncenter size-full is-resized\"><img loading=\"lazy\" decoding=\"async\" class=\"wp-image-88749\" src=\"https:\/\/exceladvisor.org\/wp-content\/uploads\/2023\/08\/16-nouvelle-colonne-avec-des-valeurs-combinees.png\" sizes=\"auto, \" srcset=\"\" alt=\"birle\u015ftirilmi\u015f-de\u011ferlerle-yeni-s\u00fctun\" width=\"265\" height=\"136\"><\/figure><\/div><div class=\"gb-container gb-container-52dfcee1 gb-container-sample-file\"><h2 class=\"gb-headline gb-headline-e289c143 gb-headline-text gb-headline-4f7959c2\"> Excel dosyas\u0131n\u0131 al\u0131n<\/h2><p> <a class=\"gb-button gb-button-e88d6bee gb-button-text gb-button-button1\" href=\"https:\/\/exceladvisor.org\/wp-content\/uploads\/2023\/11\/concatener-une-requete-de-puissance.xlsx\" rel=\"nofollow\">\u0130ndirmek<\/a><\/p><\/div><div class=\"gb-container gb-container-9e2850fe gb-container-mt\"> <a class=\"gb-button gb-button-71636faa gb-button-text gb-button-mt-button\" href=\"https:\/\/exceladvisor.org\/tr\/guc-talebi\/\">Excel&#8217;de Power Query (E\u011fitim)<\/a><h2 class=\"gb-headline gb-headline-c566b2ed gb-headline-text gb-headline-mt-heading\"> \u0130lgili e\u011fitimler <\/h2><div class=\"gb-grid-wrapper gb-grid-wrapper-b15ed1bf gb-grid-wrapper-mt-grid\"><div class=\"gb-grid-column gb-grid-column-6e9de105\"><div class=\"gb-container gb-container-6e9de105\"><ul><li> Birden Fazla Excel DOSYASINI TEK B\u0130R DEFTERDE B\u0130RLE\u015eT\u0130R\u0130N<\/li><li> <a href=\"https:\/\/exceladvisor.org\/tr\/aramav-2\/\">Excel&#8217;deki Power Query&#8217;de D\u00dc\u015eEYARA ger\u00e7ekle\u015ftirme<\/a><\/li><li> <a href=\"https:\/\/exceladvisor.org\/tr\/dondurulmemis-veriler\/\">Power Query&#8217;yi kullanarak Excel&#8217;deki veri pivotunu kald\u0131rma<\/a><\/li><li> <a href=\"https:\/\/exceladvisor.org\/tr\/tarih-farki\/\">G\u00fc\u00e7 Sorgusu: Tarih fark\u0131<\/a> <\/li><\/ul><\/div><\/div><div class=\"gb-grid-column gb-grid-column-4eaecde3\"><div class=\"gb-container gb-container-4eaecde3\"><\/div><\/div><\/div><\/div>","protected":false},"excerpt":{"rendered":"","protected":false},"author":1,"featured_media":0,"parent":0,"menu_order":0,"comment_status":"open","ping_status":"closed","template":"","meta":{"ub_ctt_via":"","footnotes":""},"class_list":["post-1791","page","type-page","status-publish","hentry"],"featured_image_src":null,"yoast_head":"<!-- This site is optimized with the Yoast SEO plugin v25.4 - https:\/\/yoast.com\/wordpress\/plugins\/seo\/ -->\n<title>Power Query&#039;yi kullanarak de\u011ferleri (metin ve say\u0131lar) birle\u015ftirme<\/title>\n<meta name=\"description\" content=\"Power Query&#039;de de\u011ferleri (say\u0131lar ve metin) birle\u015ftirmek i\u00e7in kullanabilece\u011finiz \u00e7e\u015fitli y\u00f6ntemler vard\u0131r.\" \/>\n<meta name=\"robots\" content=\"index, follow, max-snippet:-1, max-image-preview:large, max-video-preview:-1\" \/>\n<link rel=\"canonical\" href=\"https:\/\/exceladvisor.org\/tr\/zincir\/\" \/>\n<meta property=\"og:locale\" content=\"tr_TR\" \/>\n<meta property=\"og:type\" content=\"article\" \/>\n<meta property=\"og:title\" content=\"Power Query&#039;yi kullanarak de\u011ferleri (metin ve say\u0131lar) birle\u015ftirme\" \/>\n<meta property=\"og:description\" content=\"Power Query&#039;de de\u011ferleri (say\u0131lar ve metin) birle\u015ftirmek i\u00e7in kullanabilece\u011finiz \u00e7e\u015fitli y\u00f6ntemler vard\u0131r.\" \/>\n<meta property=\"og:url\" content=\"https:\/\/exceladvisor.org\/tr\/zincir\/\" \/>\n<meta property=\"og:site_name\" content=\"Excel Advisor\" \/>\n<meta property=\"article:modified_time\" content=\"2023-12-10T06:04:14+00:00\" \/>\n<meta property=\"og:image\" content=\"https:\/\/exceladvisor.org\/wp-content\/uploads\/2023\/08\/1-concatener-les-valeurs-dans-la-requete-de-puissance.png\" \/>\n<meta name=\"twitter:card\" content=\"summary_large_image\" \/>\n<meta name=\"twitter:label1\" content=\"Tahmini okuma s\u00fcresi\" \/>\n\t<meta name=\"twitter:data1\" content=\"3 dakika\" \/>\n<script type=\"application\/ld+json\" class=\"yoast-schema-graph\">{\"@context\":\"https:\/\/schema.org\",\"@graph\":[{\"@type\":\"WebPage\",\"@id\":\"https:\/\/exceladvisor.org\/tr\/zincir\/\",\"url\":\"https:\/\/exceladvisor.org\/tr\/zincir\/\",\"name\":\"Power Query&#39;yi kullanarak de\u011ferleri (metin ve say\u0131lar) birle\u015ftirme\",\"isPartOf\":{\"@id\":\"https:\/\/exceladvisor.org\/tr\/#website\"},\"primaryImageOfPage\":{\"@id\":\"https:\/\/exceladvisor.org\/tr\/zincir\/#primaryimage\"},\"image\":{\"@id\":\"https:\/\/exceladvisor.org\/tr\/zincir\/#primaryimage\"},\"thumbnailUrl\":\"https:\/\/exceladvisor.org\/wp-content\/uploads\/2023\/08\/1-concatener-les-valeurs-dans-la-requete-de-puissance.png\",\"datePublished\":\"2023-11-04T16:31:04+00:00\",\"dateModified\":\"2023-12-10T06:04:14+00:00\",\"description\":\"Power Query&#39;de de\u011ferleri (say\u0131lar ve metin) birle\u015ftirmek i\u00e7in kullanabilece\u011finiz \u00e7e\u015fitli y\u00f6ntemler vard\u0131r.\",\"breadcrumb\":{\"@id\":\"https:\/\/exceladvisor.org\/tr\/zincir\/#breadcrumb\"},\"inLanguage\":\"tr\",\"potentialAction\":[{\"@type\":\"ReadAction\",\"target\":[\"https:\/\/exceladvisor.org\/tr\/zincir\/\"]}]},{\"@type\":\"ImageObject\",\"inLanguage\":\"tr\",\"@id\":\"https:\/\/exceladvisor.org\/tr\/zincir\/#primaryimage\",\"url\":\"https:\/\/exceladvisor.org\/wp-content\/uploads\/2023\/08\/1-concatener-les-valeurs-dans-la-requete-de-puissance.png\",\"contentUrl\":\"https:\/\/exceladvisor.org\/wp-content\/uploads\/2023\/08\/1-concatener-les-valeurs-dans-la-requete-de-puissance.png\"},{\"@type\":\"BreadcrumbList\",\"@id\":\"https:\/\/exceladvisor.org\/tr\/zincir\/#breadcrumb\",\"itemListElement\":[{\"@type\":\"ListItem\",\"position\":1,\"name\":\"Ev\",\"item\":\"https:\/\/exceladvisor.org\/tr\/\"},{\"@type\":\"ListItem\",\"position\":2,\"name\":\"Power query: de\u011ferleri birle\u015ftirin (metin, say\u0131lar)\"}]},{\"@type\":\"WebSite\",\"@id\":\"https:\/\/exceladvisor.org\/tr\/#website\",\"url\":\"https:\/\/exceladvisor.org\/tr\/\",\"name\":\"Excel Advisor\",\"description\":\"Veri hakimiyetine y\u00f6nelik nihai rehberiniz!\",\"publisher\":{\"@id\":\"https:\/\/exceladvisor.org\/tr\/#organization\"},\"potentialAction\":[{\"@type\":\"SearchAction\",\"target\":{\"@type\":\"EntryPoint\",\"urlTemplate\":\"https:\/\/exceladvisor.org\/tr\/?s={search_term_string}\"},\"query-input\":{\"@type\":\"PropertyValueSpecification\",\"valueRequired\":true,\"valueName\":\"search_term_string\"}}],\"inLanguage\":\"tr\"},{\"@type\":\"Organization\",\"@id\":\"https:\/\/exceladvisor.org\/tr\/#organization\",\"name\":\"Excel Advisor\",\"url\":\"https:\/\/exceladvisor.org\/tr\/\",\"logo\":{\"@type\":\"ImageObject\",\"inLanguage\":\"tr\",\"@id\":\"https:\/\/exceladvisor.org\/tr\/#\/schema\/logo\/image\/\",\"url\":\"https:\/\/exceladvisor.org\/tr\/wp-content\/uploads\/2023\/12\/exceladvisor.org_.png\",\"contentUrl\":\"https:\/\/exceladvisor.org\/tr\/wp-content\/uploads\/2023\/12\/exceladvisor.org_.png\",\"width\":105,\"height\":36,\"caption\":\"Excel Advisor\"},\"image\":{\"@id\":\"https:\/\/exceladvisor.org\/tr\/#\/schema\/logo\/image\/\"}}]}<\/script>\n<!-- \/ Yoast SEO plugin. -->","yoast_head_json":{"title":"Power Query&#39;yi kullanarak de\u011ferleri (metin ve say\u0131lar) birle\u015ftirme","description":"Power Query&#39;de de\u011ferleri (say\u0131lar ve metin) birle\u015ftirmek i\u00e7in kullanabilece\u011finiz \u00e7e\u015fitli y\u00f6ntemler vard\u0131r.","robots":{"index":"index","follow":"follow","max-snippet":"max-snippet:-1","max-image-preview":"max-image-preview:large","max-video-preview":"max-video-preview:-1"},"canonical":"https:\/\/exceladvisor.org\/tr\/zincir\/","og_locale":"tr_TR","og_type":"article","og_title":"Power Query&#39;yi kullanarak de\u011ferleri (metin ve say\u0131lar) birle\u015ftirme","og_description":"Power Query&#39;de de\u011ferleri (say\u0131lar ve metin) birle\u015ftirmek i\u00e7in kullanabilece\u011finiz \u00e7e\u015fitli y\u00f6ntemler vard\u0131r.","og_url":"https:\/\/exceladvisor.org\/tr\/zincir\/","og_site_name":"Excel Advisor","article_modified_time":"2023-12-10T06:04:14+00:00","og_image":[{"url":"https:\/\/exceladvisor.org\/wp-content\/uploads\/2023\/08\/1-concatener-les-valeurs-dans-la-requete-de-puissance.png","type":"","width":"","height":""}],"twitter_card":"summary_large_image","twitter_misc":{"Tahmini okuma s\u00fcresi":"3 dakika"},"schema":{"@context":"https:\/\/schema.org","@graph":[{"@type":"WebPage","@id":"https:\/\/exceladvisor.org\/tr\/zincir\/","url":"https:\/\/exceladvisor.org\/tr\/zincir\/","name":"Power Query&#39;yi kullanarak de\u011ferleri (metin ve say\u0131lar) birle\u015ftirme","isPartOf":{"@id":"https:\/\/exceladvisor.org\/tr\/#website"},"primaryImageOfPage":{"@id":"https:\/\/exceladvisor.org\/tr\/zincir\/#primaryimage"},"image":{"@id":"https:\/\/exceladvisor.org\/tr\/zincir\/#primaryimage"},"thumbnailUrl":"https:\/\/exceladvisor.org\/wp-content\/uploads\/2023\/08\/1-concatener-les-valeurs-dans-la-requete-de-puissance.png","datePublished":"2023-11-04T16:31:04+00:00","dateModified":"2023-12-10T06:04:14+00:00","description":"Power Query&#39;de de\u011ferleri (say\u0131lar ve metin) birle\u015ftirmek i\u00e7in kullanabilece\u011finiz \u00e7e\u015fitli y\u00f6ntemler vard\u0131r.","breadcrumb":{"@id":"https:\/\/exceladvisor.org\/tr\/zincir\/#breadcrumb"},"inLanguage":"tr","potentialAction":[{"@type":"ReadAction","target":["https:\/\/exceladvisor.org\/tr\/zincir\/"]}]},{"@type":"ImageObject","inLanguage":"tr","@id":"https:\/\/exceladvisor.org\/tr\/zincir\/#primaryimage","url":"https:\/\/exceladvisor.org\/wp-content\/uploads\/2023\/08\/1-concatener-les-valeurs-dans-la-requete-de-puissance.png","contentUrl":"https:\/\/exceladvisor.org\/wp-content\/uploads\/2023\/08\/1-concatener-les-valeurs-dans-la-requete-de-puissance.png"},{"@type":"BreadcrumbList","@id":"https:\/\/exceladvisor.org\/tr\/zincir\/#breadcrumb","itemListElement":[{"@type":"ListItem","position":1,"name":"Ev","item":"https:\/\/exceladvisor.org\/tr\/"},{"@type":"ListItem","position":2,"name":"Power query: de\u011ferleri birle\u015ftirin (metin, say\u0131lar)"}]},{"@type":"WebSite","@id":"https:\/\/exceladvisor.org\/tr\/#website","url":"https:\/\/exceladvisor.org\/tr\/","name":"Excel Advisor","description":"Veri hakimiyetine y\u00f6nelik nihai rehberiniz!","publisher":{"@id":"https:\/\/exceladvisor.org\/tr\/#organization"},"potentialAction":[{"@type":"SearchAction","target":{"@type":"EntryPoint","urlTemplate":"https:\/\/exceladvisor.org\/tr\/?s={search_term_string}"},"query-input":{"@type":"PropertyValueSpecification","valueRequired":true,"valueName":"search_term_string"}}],"inLanguage":"tr"},{"@type":"Organization","@id":"https:\/\/exceladvisor.org\/tr\/#organization","name":"Excel Advisor","url":"https:\/\/exceladvisor.org\/tr\/","logo":{"@type":"ImageObject","inLanguage":"tr","@id":"https:\/\/exceladvisor.org\/tr\/#\/schema\/logo\/image\/","url":"https:\/\/exceladvisor.org\/tr\/wp-content\/uploads\/2023\/12\/exceladvisor.org_.png","contentUrl":"https:\/\/exceladvisor.org\/tr\/wp-content\/uploads\/2023\/12\/exceladvisor.org_.png","width":105,"height":36,"caption":"Excel Advisor"},"image":{"@id":"https:\/\/exceladvisor.org\/tr\/#\/schema\/logo\/image\/"}}]}},"yoast_meta":{"yoast_wpseo_title":"","yoast_wpseo_metadesc":"","yoast_wpseo_canonical":""},"_links":{"self":[{"href":"https:\/\/exceladvisor.org\/tr\/wp-json\/wp\/v2\/pages\/1791","targetHints":{"allow":["GET"]}}],"collection":[{"href":"https:\/\/exceladvisor.org\/tr\/wp-json\/wp\/v2\/pages"}],"about":[{"href":"https:\/\/exceladvisor.org\/tr\/wp-json\/wp\/v2\/types\/page"}],"author":[{"embeddable":true,"href":"https:\/\/exceladvisor.org\/tr\/wp-json\/wp\/v2\/users\/1"}],"replies":[{"embeddable":true,"href":"https:\/\/exceladvisor.org\/tr\/wp-json\/wp\/v2\/comments?post=1791"}],"version-history":[{"count":1,"href":"https:\/\/exceladvisor.org\/tr\/wp-json\/wp\/v2\/pages\/1791\/revisions"}],"predecessor-version":[{"id":2703,"href":"https:\/\/exceladvisor.org\/tr\/wp-json\/wp\/v2\/pages\/1791\/revisions\/2703"}],"wp:attachment":[{"href":"https:\/\/exceladvisor.org\/tr\/wp-json\/wp\/v2\/media?parent=1791"}],"curies":[{"name":"wp","href":"https:\/\/api.w.org\/{rel}","templated":true}]}}