{"id":1792,"date":"2023-11-04T16:18:22","date_gmt":"2023-11-04T16:18:22","guid":{"rendered":"https:\/\/exceladvisor.org\/tr\/bugunun-tarihi\/"},"modified":"2023-12-10T06:04:13","modified_gmt":"2023-12-10T06:04:13","slug":"bugunun-tarihi","status":"publish","type":"page","link":"https:\/\/exceladvisor.org\/tr\/bugunun-tarihi\/","title":{"rendered":"Power query: bug\u00fcn\u00fcn tarihini al\u0131n"},"content":{"rendered":"<div class=\"excel-icerikten-once\" id=\"excel-1797319862\"><script type=\"text\/javascript\">\r\n\tatOptions = {\r\n\t\t'key' : 'c1158f160081d6540a8409e6925dab94',\r\n\t\t'format' : 'iframe',\r\n\t\t'height' : 250,\r\n\t\t'width' : 300,\r\n\t\t'params' : {}\r\n\t};\r\n<\/script>\r\n<script type=\"text\/javascript\" src=\"\/\/www.highperformanceformat.com\/c1158f160081d6540a8409e6925dab94\/invoke.js\"><\/script><\/div> <p>Power Query&#8217;de bug\u00fcn\u00fcn tarihini (bir s\u00fctundaki ge\u00e7erli tarih) almak istiyorsan\u0131z, iki i\u015flevi birlikte kullanarak \u00f6zel bir s\u00fctun eklemeniz gerekir.<\/p><p> Not: Power Query&#8217;yi kullanarak bug\u00fcn\u00fcn tarihini almak i\u00e7in DateTime.Date( DateTime.LocalNow() ) form\u00fcl\u00fcn\u00fc kullan\u0131n.<\/p><p> A\u015fa\u011f\u0131da s\u00fctundaki baz\u0131 tarihler verilmi\u015ftir ve \u015fimdi bug\u00fcn\u00fcn tarihini i\u00e7eren bir s\u00fctun eklememiz gerekiyor.<\/p><h2 class=\"wp-block-heading\"> Ge\u00e7erli tarih s\u00fctununu ekleme ad\u0131mlar\u0131<\/h2><ol><li> \u00d6ncelikle Veri sekmesi &gt; Ba\u015fka bir kaynaktan &gt; Tablodan\/aral\u0131ktan se\u00e7ene\u011fine gidin. <br><img loading=\"lazy\" decoding=\"async\" title=\"1-bug\u00fcn-giri\u015f-tarihini-al-sorgu\" src=\"https:\/\/exceladvisor.org\/wp-content\/uploads\/2023\/08\/1-obtenir-la-date-daujourdhui-dans-la-requete-de-puissance.png\" sizes=\"auto, \" srcset=\"\" alt=\"get-today-date-in-power-query\" width=\"487\" height=\"457\"><\/li><li> Art\u0131k Power Query D\u00fczenleyicisi&#8217;nde yeni bir \u00f6zel s\u00fctun eklemeniz gerekiyor; bu nedenle S\u00fctun Ekle &gt; \u00d6zel S\u00fctun&#8217;a gidin. <br><img loading=\"lazy\" decoding=\"async\" title=\"2'si bir arada PowerQuery-Reklam\u0131 \u00f6zel s\u00fctunu\" src=\"https:\/\/exceladvisor.org\/wp-content\/uploads\/2023\/08\/2-dans-la-colonne-personnalisee-de-lannonce-Power-Query.png\" sizes=\"auto, \" srcset=\"\" alt=\"in-power-query-ad-custom-column\" width=\"534\" height=\"369\"><\/li><li> Buradan DateTime.Date(DateTime.LocalNow()) form\u00fcl\u00fcn\u00fc girin ve \u00f6zel s\u00fctun ileti\u015fim kutusunda yeni s\u00fctuna bir ad verin. <br><img loading=\"lazy\" decoding=\"async\" title=\"3-tarih-saat-form\u00fcl\u00fcn\u00fc girin\" src=\"https:\/\/exceladvisor.org\/wp-content\/uploads\/2023\/08\/3-entrez-la-formule-de-date-et-dheure.png\" sizes=\"auto, \" srcset=\"\" alt=\"enter-date-time-formula\" width=\"576\" height=\"361\"><\/li><li> Sonunda s\u00fctunu eklemek i\u00e7in Tamam&#8217;\u0131 t\u0131klay\u0131n. <br><img loading=\"lazy\" decoding=\"async\" title=\"4-form\u00fclle-yeni-s\u00fctun ekleme\" src=\"https:\/\/exceladvisor.org\/wp-content\/uploads\/2023\/08\/4-ajouter-une-nouvelle-colonne-avec-la-formule.png\" sizes=\"auto, \" srcset=\"\" alt=\"add-new-column-with-formula\" width=\"337\" height=\"269\"><\/li><\/ol><pre class=\"wp-block-code\"> <code class=\"language-excel-formula\" lang=\"excel-formula\">=DateTime.Date( DateTime.LocalNow() )<\/code><\/pre><h2 class=\"wp-block-heading\"> Bu form\u00fcl nas\u0131l \u00e7al\u0131\u015f\u0131yor?<\/h2><p> Bu form\u00fclde iki fonksiyon kulland\u0131k:<\/p><ul><li> \u0130lk i\u015flev (DateTime.LocalNow), sisteminizin tarih ve saatine g\u00f6re ge\u00e7erli tarih ve saati d\u00f6nd\u00fcr\u00fcr.<\/li><li> \u0130lkinin etraf\u0131na sar\u0131lm\u0131\u015f ikinci i\u015flev (DateTime.Date), tarih k\u0131sm\u0131n\u0131 \u00e7\u0131kar\u0131r ve onu son de\u011fer olarak d\u00f6nd\u00fcr\u00fcr.<\/li><\/ul><h2 class=\"wp-block-heading\"> Alternatif y\u00f6ntem<\/h2><p> Yukar\u0131daki form\u00fcl yerine \u00f6zel s\u00fctunda (DateTime.LocalNow()) \u00f6\u011fesini kullanabilirsiniz. <\/p><div class=\"wp-block-image\"><figure class=\"aligncenter size-full is-resized\"><img loading=\"lazy\" decoding=\"async\" class=\"wp-image-89011\" src=\"https:\/\/exceladvisor.org\/wp-content\/uploads\/2023\/08\/5-methode-alternative-pour-obtenir-la-date-daujourdhui.png\" sizes=\"auto, \" srcset=\"\" alt=\"bug\u00fcn\u00fcn-tarihini-alman\u0131n alternatif-y\u00f6ntemi\" width=\"551\" height=\"235\"><\/figure><\/div><p> Bundan sonra Ana Sayfa &gt; Veri T\u00fcr\u00fc&#8217;ne gidin ve s\u00fctunu yaln\u0131zca tarihe d\u00f6n\u00fc\u015ft\u00fcrmek i\u00e7in a\u00e7\u0131l\u0131r men\u00fcden tarihi se\u00e7in. <\/p><div class=\"wp-block-image\"><figure class=\"aligncenter size-full is-resized\"><img loading=\"lazy\" decoding=\"async\" class=\"wp-image-89012\" src=\"https:\/\/exceladvisor.org\/wp-content\/uploads\/2023\/08\/6-convertir-la-colonne-en-date-uniquement.png\" sizes=\"auto, \" srcset=\"\" alt=\"s\u00fctunu yaln\u0131zca tarihe d\u00f6n\u00fc\u015ft\u00fcr\" width=\"746\" height=\"418\"><\/figure><\/div><p> Tarih ve saati yaln\u0131zca tarihe d\u00f6n\u00fc\u015ft\u00fcrecektir.<\/p><h2 class=\"wp-block-heading\"> Ge\u00e7erli tarihi tek bir h\u00fccreye ekleme<\/h2><p> Ge\u00e7erli tarihin tek bir h\u00fccrede olmas\u0131n\u0131 istiyorsan\u0131z Power Query d\u00fczenleyicisini bo\u015f bir d\u00fczenleyiciyle a\u00e7man\u0131z gerekir. <\/p><div class=\"wp-block-image\"><figure class=\"aligncenter size-full is-resized\"><img loading=\"lazy\" decoding=\"async\" class=\"wp-image-89013\" src=\"https:\/\/exceladvisor.org\/wp-content\/uploads\/2023\/08\/7-ajouter-la-date-actuelle-dans-une-seule-colonne.png\" sizes=\"auto, \" srcset=\"\" alt=\"bir s\u00fctuna-ge\u00e7erli-tarihi-ekle\" width=\"640\" height=\"681\"><\/figure><\/div><p> Bundan sonra edit\u00f6rde form\u00fcl \u00e7ubu\u011funa a\u015fa\u011f\u0131daki form\u00fcl\u00fc girin ve Enter tu\u015funa bas\u0131n. <\/p><pre class=\"wp-block-preformatted\"> = DateTime.Date(DateTime.LocalNow()) <\/pre><div class=\"wp-block-image\"><figure class=\"aligncenter size-full is-resized\"><img loading=\"lazy\" decoding=\"async\" class=\"wp-image-89014\" src=\"https:\/\/exceladvisor.org\/wp-content\/uploads\/2023\/08\/8-entrez-la-formule-et-appuyez-sur-Entree.png\" sizes=\"auto, \" srcset=\"\" alt=\"form\u00fcl\u00fc girin ve enter tu\u015funa bas\u0131n\" width=\"690\" height=\"292\"><\/figure><\/div><p> Daha sonra bu tarih de\u011ferini bir diziye veya listeye d\u00f6n\u00fc\u015ft\u00fcrebilirsiniz. <\/p><div class=\"wp-block-image\"><figure class=\"aligncenter size-full is-resized\"><img loading=\"lazy\" decoding=\"async\" class=\"wp-image-89015\" src=\"https:\/\/exceladvisor.org\/wp-content\/uploads\/2023\/08\/9-convertir-la-valeur-de-la-date-en-tableau-ou-en-liste.png\" sizes=\"auto, \" srcset=\"\" alt=\"tarih de\u011ferini tabloya veya listeye d\u00f6n\u00fc\u015ft\u00fcr\" width=\"658\" height=\"248\"><\/figure><\/div><div class=\"gb-container gb-container-52dfcee1 gb-container-sample-file\"><h2 class=\"gb-headline gb-headline-e289c143 gb-headline-text gb-headline-4f7959c2\"> Excel dosyas\u0131n\u0131 al\u0131n<\/h2><p> <a class=\"gb-button gb-button-e88d6bee gb-button-text gb-button-button1\" href=\"https:\/\/exceladvisor.org\/wp-content\/uploads\/2023\/08\/requete-de-puissance-daujourdhui.xlsx\" rel=\"nofollow\">\u0130ndirmek<\/a><\/p><\/div><div class=\"gb-container gb-container-9e2850fe gb-container-mt\"> <a class=\"gb-button gb-button-71636faa gb-button-text gb-button-mt-button\" href=\"https:\/\/exceladvisor.org\/tr\/guc-talebi\/\">Excel&#8217;de Power Query (E\u011fitim)<\/a><h2 class=\"gb-headline gb-headline-c566b2ed gb-headline-text gb-headline-mt-heading\"> \u0130lgili e\u011fitimler <\/h2><div class=\"gb-grid-wrapper gb-grid-wrapper-b15ed1bf gb-grid-wrapper-mt-grid\"><div class=\"gb-grid-column gb-grid-column-6e9de105\"><div class=\"gb-container gb-container-6e9de105\"><ul><li> Birden Fazla Excel DOSYASINI TEK B\u0130R DEFTERDE B\u0130RLE\u015eT\u0130R\u0130N<\/li><li> <a href=\"https:\/\/exceladvisor.org\/tr\/aramav-2\/\">Excel&#8217;deki Power Query&#8217;de D\u00dc\u015eEYARA ger\u00e7ekle\u015ftirme<\/a><\/li><li> <a href=\"https:\/\/exceladvisor.org\/tr\/dondurulmemis-veriler\/\">Power Query&#8217;yi kullanarak Excel&#8217;deki veri pivotunu kald\u0131rma<\/a><\/li><li> <a href=\"https:\/\/exceladvisor.org\/tr\/zincir\/\">Power Query: de\u011ferleri (metin ve say\u0131lar) birle\u015ftirin<\/a><\/li><li> <a href=\"https:\/\/exceladvisor.org\/tr\/tarih-farki\/\">G\u00fc\u00e7 Sorgusu: Tarih fark\u0131<\/a> <\/li><\/ul><\/div><\/div><div class=\"gb-grid-column gb-grid-column-4eaecde3\"><div class=\"gb-container gb-container-4eaecde3\"><\/div><\/div><\/div><\/div>","protected":false},"excerpt":{"rendered":"","protected":false},"author":1,"featured_media":0,"parent":0,"menu_order":0,"comment_status":"open","ping_status":"closed","template":"","meta":{"ub_ctt_via":"","footnotes":""},"class_list":["post-1792","page","type-page","status-publish","hentry"],"featured_image_src":null,"yoast_head":"<!-- This site is optimized with the Yoast SEO plugin v25.4 - https:\/\/yoast.com\/wordpress\/plugins\/seo\/ -->\n<title>Power Query&#039;de bug\u00fcn\u00fcn tarihini alma (form\u00fcller ve i\u015flevler)<\/title>\n<meta name=\"description\" content=\"Excel&#039;deki Power Query&#039;de bir s\u00fctunda bug\u00fcn\u00fcn tarihini (ge\u00e7erli tarih) nas\u0131l alaca\u011f\u0131n\u0131z a\u015fa\u011f\u0131da a\u00e7\u0131klanm\u0131\u015ft\u0131r.\" \/>\n<meta name=\"robots\" content=\"index, follow, max-snippet:-1, max-image-preview:large, max-video-preview:-1\" \/>\n<link rel=\"canonical\" href=\"https:\/\/exceladvisor.org\/tr\/bugunun-tarihi\/\" \/>\n<meta property=\"og:locale\" content=\"tr_TR\" \/>\n<meta property=\"og:type\" content=\"article\" \/>\n<meta property=\"og:title\" content=\"Power Query&#039;de bug\u00fcn\u00fcn tarihini alma (form\u00fcller ve i\u015flevler)\" \/>\n<meta property=\"og:description\" content=\"Excel&#039;deki Power Query&#039;de bir s\u00fctunda bug\u00fcn\u00fcn tarihini (ge\u00e7erli tarih) nas\u0131l alaca\u011f\u0131n\u0131z a\u015fa\u011f\u0131da a\u00e7\u0131klanm\u0131\u015ft\u0131r.\" \/>\n<meta property=\"og:url\" content=\"https:\/\/exceladvisor.org\/tr\/bugunun-tarihi\/\" \/>\n<meta property=\"og:site_name\" content=\"Excel Advisor\" \/>\n<meta property=\"article:modified_time\" content=\"2023-12-10T06:04:13+00:00\" \/>\n<meta property=\"og:image\" content=\"https:\/\/exceladvisor.org\/wp-content\/uploads\/2023\/08\/1-obtenir-la-date-daujourdhui-dans-la-requete-de-puissance.png\" \/>\n<meta name=\"twitter:card\" content=\"summary_large_image\" \/>\n<meta name=\"twitter:label1\" content=\"Tahmini okuma s\u00fcresi\" \/>\n\t<meta name=\"twitter:data1\" content=\"2 dakika\" \/>\n<script type=\"application\/ld+json\" class=\"yoast-schema-graph\">{\"@context\":\"https:\/\/schema.org\",\"@graph\":[{\"@type\":\"WebPage\",\"@id\":\"https:\/\/exceladvisor.org\/tr\/bugunun-tarihi\/\",\"url\":\"https:\/\/exceladvisor.org\/tr\/bugunun-tarihi\/\",\"name\":\"Power Query&#39;de bug\u00fcn\u00fcn tarihini alma (form\u00fcller ve i\u015flevler)\",\"isPartOf\":{\"@id\":\"https:\/\/exceladvisor.org\/tr\/#website\"},\"primaryImageOfPage\":{\"@id\":\"https:\/\/exceladvisor.org\/tr\/bugunun-tarihi\/#primaryimage\"},\"image\":{\"@id\":\"https:\/\/exceladvisor.org\/tr\/bugunun-tarihi\/#primaryimage\"},\"thumbnailUrl\":\"https:\/\/exceladvisor.org\/wp-content\/uploads\/2023\/08\/1-obtenir-la-date-daujourdhui-dans-la-requete-de-puissance.png\",\"datePublished\":\"2023-11-04T16:18:22+00:00\",\"dateModified\":\"2023-12-10T06:04:13+00:00\",\"description\":\"Excel&#39;deki Power Query&#39;de bir s\u00fctunda bug\u00fcn\u00fcn tarihini (ge\u00e7erli tarih) nas\u0131l alaca\u011f\u0131n\u0131z a\u015fa\u011f\u0131da a\u00e7\u0131klanm\u0131\u015ft\u0131r.\",\"breadcrumb\":{\"@id\":\"https:\/\/exceladvisor.org\/tr\/bugunun-tarihi\/#breadcrumb\"},\"inLanguage\":\"tr\",\"potentialAction\":[{\"@type\":\"ReadAction\",\"target\":[\"https:\/\/exceladvisor.org\/tr\/bugunun-tarihi\/\"]}]},{\"@type\":\"ImageObject\",\"inLanguage\":\"tr\",\"@id\":\"https:\/\/exceladvisor.org\/tr\/bugunun-tarihi\/#primaryimage\",\"url\":\"https:\/\/exceladvisor.org\/wp-content\/uploads\/2023\/08\/1-obtenir-la-date-daujourdhui-dans-la-requete-de-puissance.png\",\"contentUrl\":\"https:\/\/exceladvisor.org\/wp-content\/uploads\/2023\/08\/1-obtenir-la-date-daujourdhui-dans-la-requete-de-puissance.png\"},{\"@type\":\"BreadcrumbList\",\"@id\":\"https:\/\/exceladvisor.org\/tr\/bugunun-tarihi\/#breadcrumb\",\"itemListElement\":[{\"@type\":\"ListItem\",\"position\":1,\"name\":\"Ev\",\"item\":\"https:\/\/exceladvisor.org\/tr\/\"},{\"@type\":\"ListItem\",\"position\":2,\"name\":\"Power query: bug\u00fcn\u00fcn tarihini al\u0131n\"}]},{\"@type\":\"WebSite\",\"@id\":\"https:\/\/exceladvisor.org\/tr\/#website\",\"url\":\"https:\/\/exceladvisor.org\/tr\/\",\"name\":\"Excel Advisor\",\"description\":\"Veri hakimiyetine y\u00f6nelik nihai rehberiniz!\",\"publisher\":{\"@id\":\"https:\/\/exceladvisor.org\/tr\/#organization\"},\"potentialAction\":[{\"@type\":\"SearchAction\",\"target\":{\"@type\":\"EntryPoint\",\"urlTemplate\":\"https:\/\/exceladvisor.org\/tr\/?s={search_term_string}\"},\"query-input\":{\"@type\":\"PropertyValueSpecification\",\"valueRequired\":true,\"valueName\":\"search_term_string\"}}],\"inLanguage\":\"tr\"},{\"@type\":\"Organization\",\"@id\":\"https:\/\/exceladvisor.org\/tr\/#organization\",\"name\":\"Excel Advisor\",\"url\":\"https:\/\/exceladvisor.org\/tr\/\",\"logo\":{\"@type\":\"ImageObject\",\"inLanguage\":\"tr\",\"@id\":\"https:\/\/exceladvisor.org\/tr\/#\/schema\/logo\/image\/\",\"url\":\"https:\/\/exceladvisor.org\/tr\/wp-content\/uploads\/2023\/12\/exceladvisor.org_.png\",\"contentUrl\":\"https:\/\/exceladvisor.org\/tr\/wp-content\/uploads\/2023\/12\/exceladvisor.org_.png\",\"width\":105,\"height\":36,\"caption\":\"Excel Advisor\"},\"image\":{\"@id\":\"https:\/\/exceladvisor.org\/tr\/#\/schema\/logo\/image\/\"}}]}<\/script>\n<!-- \/ Yoast SEO plugin. -->","yoast_head_json":{"title":"Power Query&#39;de bug\u00fcn\u00fcn tarihini alma (form\u00fcller ve i\u015flevler)","description":"Excel&#39;deki Power Query&#39;de bir s\u00fctunda bug\u00fcn\u00fcn tarihini (ge\u00e7erli tarih) nas\u0131l alaca\u011f\u0131n\u0131z a\u015fa\u011f\u0131da a\u00e7\u0131klanm\u0131\u015ft\u0131r.","robots":{"index":"index","follow":"follow","max-snippet":"max-snippet:-1","max-image-preview":"max-image-preview:large","max-video-preview":"max-video-preview:-1"},"canonical":"https:\/\/exceladvisor.org\/tr\/bugunun-tarihi\/","og_locale":"tr_TR","og_type":"article","og_title":"Power Query&#39;de bug\u00fcn\u00fcn tarihini alma (form\u00fcller ve i\u015flevler)","og_description":"Excel&#39;deki Power Query&#39;de bir s\u00fctunda bug\u00fcn\u00fcn tarihini (ge\u00e7erli tarih) nas\u0131l alaca\u011f\u0131n\u0131z a\u015fa\u011f\u0131da a\u00e7\u0131klanm\u0131\u015ft\u0131r.","og_url":"https:\/\/exceladvisor.org\/tr\/bugunun-tarihi\/","og_site_name":"Excel Advisor","article_modified_time":"2023-12-10T06:04:13+00:00","og_image":[{"url":"https:\/\/exceladvisor.org\/wp-content\/uploads\/2023\/08\/1-obtenir-la-date-daujourdhui-dans-la-requete-de-puissance.png","type":"","width":"","height":""}],"twitter_card":"summary_large_image","twitter_misc":{"Tahmini okuma s\u00fcresi":"2 dakika"},"schema":{"@context":"https:\/\/schema.org","@graph":[{"@type":"WebPage","@id":"https:\/\/exceladvisor.org\/tr\/bugunun-tarihi\/","url":"https:\/\/exceladvisor.org\/tr\/bugunun-tarihi\/","name":"Power Query&#39;de bug\u00fcn\u00fcn tarihini alma (form\u00fcller ve i\u015flevler)","isPartOf":{"@id":"https:\/\/exceladvisor.org\/tr\/#website"},"primaryImageOfPage":{"@id":"https:\/\/exceladvisor.org\/tr\/bugunun-tarihi\/#primaryimage"},"image":{"@id":"https:\/\/exceladvisor.org\/tr\/bugunun-tarihi\/#primaryimage"},"thumbnailUrl":"https:\/\/exceladvisor.org\/wp-content\/uploads\/2023\/08\/1-obtenir-la-date-daujourdhui-dans-la-requete-de-puissance.png","datePublished":"2023-11-04T16:18:22+00:00","dateModified":"2023-12-10T06:04:13+00:00","description":"Excel&#39;deki Power Query&#39;de bir s\u00fctunda bug\u00fcn\u00fcn tarihini (ge\u00e7erli tarih) nas\u0131l alaca\u011f\u0131n\u0131z a\u015fa\u011f\u0131da a\u00e7\u0131klanm\u0131\u015ft\u0131r.","breadcrumb":{"@id":"https:\/\/exceladvisor.org\/tr\/bugunun-tarihi\/#breadcrumb"},"inLanguage":"tr","potentialAction":[{"@type":"ReadAction","target":["https:\/\/exceladvisor.org\/tr\/bugunun-tarihi\/"]}]},{"@type":"ImageObject","inLanguage":"tr","@id":"https:\/\/exceladvisor.org\/tr\/bugunun-tarihi\/#primaryimage","url":"https:\/\/exceladvisor.org\/wp-content\/uploads\/2023\/08\/1-obtenir-la-date-daujourdhui-dans-la-requete-de-puissance.png","contentUrl":"https:\/\/exceladvisor.org\/wp-content\/uploads\/2023\/08\/1-obtenir-la-date-daujourdhui-dans-la-requete-de-puissance.png"},{"@type":"BreadcrumbList","@id":"https:\/\/exceladvisor.org\/tr\/bugunun-tarihi\/#breadcrumb","itemListElement":[{"@type":"ListItem","position":1,"name":"Ev","item":"https:\/\/exceladvisor.org\/tr\/"},{"@type":"ListItem","position":2,"name":"Power query: bug\u00fcn\u00fcn tarihini al\u0131n"}]},{"@type":"WebSite","@id":"https:\/\/exceladvisor.org\/tr\/#website","url":"https:\/\/exceladvisor.org\/tr\/","name":"Excel Advisor","description":"Veri hakimiyetine y\u00f6nelik nihai rehberiniz!","publisher":{"@id":"https:\/\/exceladvisor.org\/tr\/#organization"},"potentialAction":[{"@type":"SearchAction","target":{"@type":"EntryPoint","urlTemplate":"https:\/\/exceladvisor.org\/tr\/?s={search_term_string}"},"query-input":{"@type":"PropertyValueSpecification","valueRequired":true,"valueName":"search_term_string"}}],"inLanguage":"tr"},{"@type":"Organization","@id":"https:\/\/exceladvisor.org\/tr\/#organization","name":"Excel Advisor","url":"https:\/\/exceladvisor.org\/tr\/","logo":{"@type":"ImageObject","inLanguage":"tr","@id":"https:\/\/exceladvisor.org\/tr\/#\/schema\/logo\/image\/","url":"https:\/\/exceladvisor.org\/tr\/wp-content\/uploads\/2023\/12\/exceladvisor.org_.png","contentUrl":"https:\/\/exceladvisor.org\/tr\/wp-content\/uploads\/2023\/12\/exceladvisor.org_.png","width":105,"height":36,"caption":"Excel Advisor"},"image":{"@id":"https:\/\/exceladvisor.org\/tr\/#\/schema\/logo\/image\/"}}]}},"yoast_meta":{"yoast_wpseo_title":"","yoast_wpseo_metadesc":"","yoast_wpseo_canonical":""},"_links":{"self":[{"href":"https:\/\/exceladvisor.org\/tr\/wp-json\/wp\/v2\/pages\/1792","targetHints":{"allow":["GET"]}}],"collection":[{"href":"https:\/\/exceladvisor.org\/tr\/wp-json\/wp\/v2\/pages"}],"about":[{"href":"https:\/\/exceladvisor.org\/tr\/wp-json\/wp\/v2\/types\/page"}],"author":[{"embeddable":true,"href":"https:\/\/exceladvisor.org\/tr\/wp-json\/wp\/v2\/users\/1"}],"replies":[{"embeddable":true,"href":"https:\/\/exceladvisor.org\/tr\/wp-json\/wp\/v2\/comments?post=1792"}],"version-history":[{"count":1,"href":"https:\/\/exceladvisor.org\/tr\/wp-json\/wp\/v2\/pages\/1792\/revisions"}],"predecessor-version":[{"id":2701,"href":"https:\/\/exceladvisor.org\/tr\/wp-json\/wp\/v2\/pages\/1792\/revisions\/2701"}],"wp:attachment":[{"href":"https:\/\/exceladvisor.org\/tr\/wp-json\/wp\/v2\/media?parent=1792"}],"curies":[{"name":"wp","href":"https:\/\/api.w.org\/{rel}","templated":true}]}}