{"id":1793,"date":"2023-11-04T15:49:03","date_gmt":"2023-11-04T15:49:03","guid":{"rendered":"https:\/\/exceladvisor.org\/tr\/2-tarihe-gore\/"},"modified":"2023-12-10T06:04:36","modified_gmt":"2023-12-10T06:04:36","slug":"2-tarihe-gore","status":"publish","type":"page","link":"https:\/\/exceladvisor.org\/tr\/2-tarihe-gore\/","title":{"rendered":"Tarihe g\u00f6re ko\u015fullu bi\u00e7imlendirme uygulama"},"content":{"rendered":"<div class=\"excel-icerikten-once\" id=\"excel-2841136217\"><script type=\"text\/javascript\">\r\n\tatOptions = {\r\n\t\t'key' : 'c1158f160081d6540a8409e6925dab94',\r\n\t\t'format' : 'iframe',\r\n\t\t'height' : 250,\r\n\t\t'width' : 300,\r\n\t\t'params' : {}\r\n\t};\r\n<\/script>\r\n<script type=\"text\/javascript\" src=\"\/\/www.highperformanceformat.com\/c1158f160081d6540a8409e6925dab94\/invoke.js\"><\/script><\/div> <p>Excel&#8217;deki ko\u015fullu bi\u00e7imlendirmeyle h\u00fccreleri vurgulamak i\u00e7in bir kural olu\u015fturmak amac\u0131yla tarihleri kullanabilirsiniz. H\u00fccreleri h\u0131zl\u0131 bir \u015fekilde vurgulamak i\u00e7in kullanabilece\u011finiz \u00f6nceden tan\u0131mlanm\u0131\u015f kurallar vard\u0131r. Ayr\u0131ca tarihe dayal\u0131 \u00f6zel bir kural olu\u015fturman\u0131n bir yolu da var. Bu derste her iki y\u00f6ntemin de nas\u0131l kullan\u0131laca\u011f\u0131n\u0131 ayr\u0131nt\u0131l\u0131 olarak \u00f6\u011freniyoruz.<\/p><h2 class=\"wp-block-heading\"> Ko\u015fullu Bi\u00e7imlendirme i\u00e7in Tarihleri Kullanma Ad\u0131mlar\u0131<\/h2><ol type=\"1\"><li> Tarihlerinizin oldu\u011fu verileri se\u00e7in.<\/li><li> Giri\u015f &gt; Ko\u015fullu Bi\u00e7imlendirme &gt; H\u00fccre Vurgulama Kurallar\u0131&#8217;na gidin.<\/li><li> Oradan \u201cOlu\u015fan Tarih\u201d se\u00e7ene\u011fini t\u0131klay\u0131n.<\/li><li> \u0130leti\u015fim kutusunda kullanmak istedi\u011finiz kural\u0131 se\u00e7in.<\/li><li> Sonunda uygulamak i\u00e7in Tamam&#8217;\u0131 t\u0131klay\u0131n. <\/li><\/ol><div class=\"wp-block-image\"><figure class=\"aligncenter size-full is-resized\"><img loading=\"lazy\" decoding=\"async\" class=\"wp-image-91249\" src=\"https:\/\/exceladvisor.org\/wp-content\/uploads\/2023\/08\/1-appliquer-une-mise-en-forme-conditionnelle-basee-sur-une-date.png\" sizes=\"auto, \" srcset=\"\" alt=\"bir-tarihe-dayal\u0131-ko\u015fullu-bi\u00e7imlendirmeyi uygula\" width=\"538\" height=\"664\"><\/figure><\/div><p> Tamam&#8217;\u0131 t\u0131klad\u0131\u011f\u0131n\u0131z anda, ge\u00e7erli ay tarihinin bulundu\u011fu t\u00fcm h\u00fccreler vurgulan\u0131r. Ayn\u0131 ileti\u015fim kutusunda tarihlerle kullanmak i\u00e7in daha fazla se\u00e7ene\u011finiz vard\u0131r. <\/p><div class=\"wp-block-image\"><figure class=\"aligncenter size-full is-resized\"><img loading=\"lazy\" decoding=\"async\" class=\"wp-image-91250\" src=\"https:\/\/exceladvisor.org\/wp-content\/uploads\/2023\/08\/2-date-apparaissant-dans-le-mois-en-cours-mise-en-forme-conditionnelle.png\" sizes=\"auto, \" srcset=\"\" alt=\"cari-ayda-meydana gelen tarihin ko\u015fullu-bi\u00e7imlendirilmesi\" width=\"454\" height=\"282\"><\/figure><\/div><h2 class=\"wp-block-heading\"> Tarihlere dayal\u0131 \u00f6zel bir kural olu\u015fturma<\/h2><p> Ko\u015fullu bi\u00e7imlendirme kural\u0131 uygulaman\u0131z gereken ancak b\u00f6yle bir kural bulunmayan durumlar olabilir. Bir form\u00fclle \u00f6zel bir kural olu\u015fturabilirsiniz. Ana Sayfa &gt; Ko\u015fullu Bi\u00e7imlendirme &gt; Yeni Kural&#8217;a gidin.<\/p><h3 class=\"wp-block-heading\"> 30 g\u00fcnden, 60 g\u00fcnden ve 90 g\u00fcnden daha eski tarihleri vurgulay\u0131n<\/h3><ol type=\"1\"><li> \u00d6ncelikle verileri se\u00e7in, Yeni Kural ileti\u015fim kutusunu a\u00e7\u0131n ve \u201cHangi h\u00fccrenin bi\u00e7imlendirilece\u011fini belirlemek i\u00e7in form\u00fcl kullan\u201d se\u00e7ene\u011fini t\u0131klay\u0131n.<ul><li> 30 g\u00fcn daha: =$A1&lt;=(BUG\u00dcN()-30)<\/li><li> 60 g\u00fcn daha: =$A1&lt;=(BUG\u00dcN()-60)<\/li><li> 90 g\u00fcn daha: =$A1&lt;=(BUG\u00dcN()-90)<\/li><\/ul><\/li><li> Bundan sonra bi\u00e7imlendirmeyi belirtmek i\u00e7in \u201cBi\u00e7imlendir\u201d d\u00fc\u011fmesine t\u0131klay\u0131n.<\/li><li> Daha sonra bi\u00e7imlendirmeyi, h\u00fccre rengini, yaz\u0131 tipi rengini veya kal\u0131n veya italik se\u00e7ene\u011fini belirtin.<\/li><li> Sonunda Tamam&#8217;\u0131 t\u0131klay\u0131n. <\/li><\/ol><div class=\"wp-block-image\"><figure class=\"aligncenter size-full is-resized\"><img loading=\"lazy\" decoding=\"async\" class=\"wp-image-91251\" src=\"https:\/\/exceladvisor.org\/wp-content\/uploads\/2023\/08\/3-regles-personnalisees-basees-sur-la-mise-en-forme-conditionnelle-des-dates.png\" sizes=\"auto, \" srcset=\"\" alt=\"\u00f6zel-kural-tabanl\u0131-tarihlere-ko\u015fullu-bi\u00e7imlendirme\" width=\"683\" height=\"320\"><\/figure><\/div><p> Yukar\u0131daki \u00f6rnekte, ge\u00e7erli tarihten 30 g\u00fcnden daha eski tarihleri vurgulamak i\u00e7in bir form\u00fcl kulland\u0131\u011f\u0131m\u0131z\u0131 g\u00f6rebilirsiniz.<\/p><h3 class=\"wp-block-heading\"> Hafta sonlar\u0131n\u0131 ve hafta sonu tarihlerini vurgulay\u0131n<\/h3><p> Ve bir form\u00fcl (Haftan\u0131n G\u00fcn\u00fc) kullanarak hafta sonu olan tarihleri vurgulayabilirsiniz. A\u015fa\u011f\u0131daki \u00f6rnekte kulland\u0131\u011f\u0131m\u0131z form\u00fcl\u00fcn iki tarihi vurgulad\u0131\u011f\u0131n\u0131 g\u00f6rebilirsiniz. <\/p><pre class=\"wp-block-code\"> <code class=\"language-excel-formula\" lang=\"excel-formula\">=WEEKDAY($A1,2)&gt;5<\/code><\/pre><div class=\"wp-block-image\"><figure class=\"aligncenter size-full is-resized\"><img loading=\"lazy\" decoding=\"async\" class=\"wp-image-91252\" src=\"https:\/\/exceladvisor.org\/wp-content\/uploads\/2023\/08\/4-dates-en-surbrillance-qui-sont-des-week-ends-formatage-conditionnel.png\" sizes=\"auto, \" srcset=\"\" alt=\"hafta sonu-ko\u015fullu-bi\u00e7imlendirmeli-tarihleri-vurgula\" width=\"694\" height=\"360\"><\/figure><\/div><p> Haftan\u0131n g\u00fcnlerini vurgulamak istiyorsan\u0131z a\u015fa\u011f\u0131daki form\u00fcl\u00fc kullan\u0131n. <\/p><pre class=\"wp-block-code\"> <code class=\"language-excel-formula\" lang=\"excel-formula\">=WEEKDAY($A1,2)&lt;5<\/code><\/pre><div class=\"wp-block-image\"><figure class=\"aligncenter size-full is-resized\"><img loading=\"lazy\" decoding=\"async\" class=\"wp-image-91253\" src=\"https:\/\/exceladvisor.org\/wp-content\/uploads\/2023\/08\/5-mettre-en-evidence-la-mise-en-forme-conditionnelle-des-jours-de-la-semaine.png\" sizes=\"auto, \" srcset=\"\" alt=\"haftan\u0131n vurgulanan g\u00fcnlerinin ko\u015fullu bi\u00e7imlendirilmesi\" width=\"686\" height=\"334\"><\/figure><\/div><h2 class=\"wp-block-heading\"> Tarih aral\u0131\u011f\u0131<\/h2><p> Benzer \u015fekilde, h\u00fccreleri bir tarih aral\u0131\u011f\u0131na g\u00f6re vurgulamak istiyorsan\u0131z iki ko\u015fulu i\u00e7eren bir form\u00fcl olu\u015fturmak i\u00e7in VE i\u015flevini kullanabilirsiniz. <\/p><div class=\"wp-block-image\"><figure class=\"aligncenter size-full is-resized\"><img loading=\"lazy\" decoding=\"async\" class=\"wp-image-91254\" src=\"https:\/\/exceladvisor.org\/wp-content\/uploads\/2023\/08\/6-cellules-de-surbrillance-basees-sur-une-mise-en-forme-conditionnelle-de-plage-de-dates.png\" sizes=\"auto, \" srcset=\"\" alt=\"tarih aral\u0131\u011f\u0131 ko\u015fullu bi\u00e7imlendirmesine g\u00f6re h\u00fccreleri vurgulay\u0131n\" width=\"655\" height=\"310\"><\/figure><\/div><pre class=\"wp-block-code\"> <code class=\"language-excel-formula\" lang=\"excel-formula\">=AND(A1&gt;=(TODAY()-45),A1&lt;=(TODAY()-30))<\/code><\/pre><p> Yukar\u0131daki \u00f6rnekte 15 g\u00fcnl\u00fck bir aral\u0131k olu\u015fturduk. Ge\u00e7erli tarihten itibaren 30 g\u00fcn ve ge\u00e7erli tarihten itibaren 45 g\u00fcn.<\/p><h2 class=\"wp-block-heading\"> Ba\u015fka bir h\u00fccredeki tarihi kullan<\/h2><p> \u015eimdi tarihi bir h\u00fccrede kullanmak istiyorsan\u0131z, o tarihin bulundu\u011fu h\u00fccreye ba\u015fvurman\u0131z gerekir. A\u015fa\u011f\u0131daki \u00f6rne\u011fe bak\u0131n; Tarihin bulundu\u011fu C1 h\u00fccresini belirledik. <\/p><div class=\"wp-block-image\"><figure class=\"aligncenter size-full is-resized\"><img loading=\"lazy\" decoding=\"async\" class=\"wp-image-91255\" src=\"https:\/\/exceladvisor.org\/wp-content\/uploads\/2023\/08\/7-date-dune-autre-mise-en-forme-conditionnelle-de-cellule.png\" sizes=\"auto, \" srcset=\"\" alt=\"ba\u015fka bir h\u00fccreden-ko\u015fullu-bi\u00e7imlendirmeden tarih\" width=\"675\" height=\"327\"><\/figure><\/div><pre class=\"wp-block-code\"> <code class=\"language-excel-formula\" lang=\"excel-formula\">=IF($C$1&lt;&gt;\"\",$A1&gt;=$C$1,FALSE)<\/code><\/pre><p> Bu \u015fekilde dinamik bir kural olu\u015fturabilirsiniz ve h\u00fccredeki tarihi de\u011fi\u015ftirmek, vurgulanan h\u00fccreleri de de\u011fi\u015ftirir. <\/p><div class=\"wp-block-image\"><figure class=\"aligncenter size-full is-resized\"><img loading=\"lazy\" decoding=\"async\" class=\"wp-image-91256\" src=\"https:\/\/exceladvisor.org\/wp-content\/uploads\/2023\/08\/8-changer-la-date-dans-la-mise-en-forme-conditionnelle-de-la-cellule.png\" sizes=\"auto, \" srcset=\"\" alt=\"h\u00fccredeki-ko\u015fullu-bi\u00e7imlendirmedeki tarihi de\u011fi\u015ftir\" width=\"376\" height=\"310\"><\/figure><\/div><div class=\"gb-container gb-container-52dfcee1 gb-container-sample-file\"><h2 class=\"gb-headline gb-headline-e289c143 gb-headline-text gb-headline-4f7959c2\"> Excel dosyas\u0131n\u0131 al\u0131n<\/h2> <a class=\"gb-button gb-button-e88d6bee gb-button-text gb-button-button1\" href=\"https:\/\/exceladvisor.org\/wp-content\/uploads\/2023\/11\/base-sur-la-date.xlsx\" rel=\"nofollow\">\u0130ndirmek<\/a><\/div><div class=\"gb-container gb-container-6076ba72 gb-container-mt\"> <a class=\"gb-button gb-button-76e6a499 gb-button-text gb-button-mt-button\" href=\"https:\/\/exceladvisor.org\/tr\/excelin-temelleri\/\">Excel&#8217;in temellerini \u00f6\u011frenin<\/a><h2 class=\"gb-headline gb-headline-a9e9e206 gb-headline-text gb-headline-mt-heading\"> <a href=\"https:\/\/exceladvisor.org\/tr\/kosullu-bicimlendirme\/\">Ko\u015fullu bi\u00e7imlendirme<\/a> hakk\u0131nda daha fazla bilgi edinin <\/h2><div class=\"gb-grid-wrapper gb-grid-wrapper-790317cb gb-grid-wrapper-mt-grid\"><div class=\"gb-grid-column gb-grid-column-a9845ede\"><div class=\"gb-container gb-container-a9845ede\"><ul><li> <a href=\"https:\/\/exceladvisor.org\/tr\/kosullu-bicimlendirmeyi-uygula\/\">Pivot tabloya ko\u015fullu bi\u00e7imlendirme uygulama<\/a><\/li><li> <a href=\"https:\/\/exceladvisor.org\/tr\/geri-cekilmek\/\">Ko\u015fullu Bi\u00e7imlendirmeyi Kald\u0131r<\/a><\/li><li> <a href=\"https:\/\/exceladvisor.org\/tr\/bos-hucreler\/\">Excel&#8217;de Bo\u015f H\u00fccrelere Ko\u015fullu Bi\u00e7imlendirme Uygulay\u0131n<\/a><\/li><li> <a href=\"https:\/\/exceladvisor.org\/tr\/sutunlari-karsilastir\/\">Ko\u015fullu bi\u00e7imlendirmeyi kullanarak iki s\u00fctunu kar\u015f\u0131la\u015ft\u0131rma<\/a><\/li><li> <a href=\"https:\/\/exceladvisor.org\/tr\/baska-bir-hucre\/\">Ba\u015fka bir h\u00fccreye dayal\u0131 ko\u015fullu bi\u00e7imlendirme uygulama<\/a><\/li><\/ul><\/div><\/div><\/div><\/div>","protected":false},"excerpt":{"rendered":"","protected":false},"author":1,"featured_media":0,"parent":0,"menu_order":0,"comment_status":"open","ping_status":"closed","template":"","meta":{"ub_ctt_via":"","footnotes":""},"class_list":["post-1793","page","type-page","status-publish","hentry"],"featured_image_src":null,"yoast_head":"<!-- This site is optimized with the Yoast SEO plugin v25.4 - https:\/\/yoast.com\/wordpress\/plugins\/seo\/ -->\n<title>Tarihe g\u00f6re ko\u015fullu bi\u00e7imlendirme uygulama<\/title>\n<meta name=\"robots\" content=\"index, follow, max-snippet:-1, max-image-preview:large, max-video-preview:-1\" \/>\n<link rel=\"canonical\" href=\"https:\/\/exceladvisor.org\/tr\/2-tarihe-gore\/\" \/>\n<meta property=\"og:locale\" content=\"tr_TR\" \/>\n<meta property=\"og:type\" content=\"article\" \/>\n<meta property=\"og:title\" content=\"Tarihe g\u00f6re ko\u015fullu bi\u00e7imlendirme uygulama\" \/>\n<meta property=\"og:url\" content=\"https:\/\/exceladvisor.org\/tr\/2-tarihe-gore\/\" \/>\n<meta property=\"og:site_name\" content=\"Excel Advisor\" \/>\n<meta property=\"article:modified_time\" content=\"2023-12-10T06:04:36+00:00\" \/>\n<meta property=\"og:image\" content=\"https:\/\/exceladvisor.org\/wp-content\/uploads\/2023\/08\/1-appliquer-une-mise-en-forme-conditionnelle-basee-sur-une-date.png\" \/>\n<meta name=\"twitter:card\" content=\"summary_large_image\" \/>\n<meta name=\"twitter:label1\" content=\"Tahmini okuma s\u00fcresi\" \/>\n\t<meta name=\"twitter:data1\" content=\"3 dakika\" \/>\n<script type=\"application\/ld+json\" class=\"yoast-schema-graph\">{\"@context\":\"https:\/\/schema.org\",\"@graph\":[{\"@type\":\"WebPage\",\"@id\":\"https:\/\/exceladvisor.org\/tr\/2-tarihe-gore\/\",\"url\":\"https:\/\/exceladvisor.org\/tr\/2-tarihe-gore\/\",\"name\":\"Tarihe g\u00f6re ko\u015fullu bi\u00e7imlendirme uygulama\",\"isPartOf\":{\"@id\":\"https:\/\/exceladvisor.org\/tr\/#website\"},\"primaryImageOfPage\":{\"@id\":\"https:\/\/exceladvisor.org\/tr\/2-tarihe-gore\/#primaryimage\"},\"image\":{\"@id\":\"https:\/\/exceladvisor.org\/tr\/2-tarihe-gore\/#primaryimage\"},\"thumbnailUrl\":\"https:\/\/exceladvisor.org\/wp-content\/uploads\/2023\/08\/1-appliquer-une-mise-en-forme-conditionnelle-basee-sur-une-date.png\",\"datePublished\":\"2023-11-04T15:49:03+00:00\",\"dateModified\":\"2023-12-10T06:04:36+00:00\",\"breadcrumb\":{\"@id\":\"https:\/\/exceladvisor.org\/tr\/2-tarihe-gore\/#breadcrumb\"},\"inLanguage\":\"tr\",\"potentialAction\":[{\"@type\":\"ReadAction\",\"target\":[\"https:\/\/exceladvisor.org\/tr\/2-tarihe-gore\/\"]}]},{\"@type\":\"ImageObject\",\"inLanguage\":\"tr\",\"@id\":\"https:\/\/exceladvisor.org\/tr\/2-tarihe-gore\/#primaryimage\",\"url\":\"https:\/\/exceladvisor.org\/wp-content\/uploads\/2023\/08\/1-appliquer-une-mise-en-forme-conditionnelle-basee-sur-une-date.png\",\"contentUrl\":\"https:\/\/exceladvisor.org\/wp-content\/uploads\/2023\/08\/1-appliquer-une-mise-en-forme-conditionnelle-basee-sur-une-date.png\"},{\"@type\":\"BreadcrumbList\",\"@id\":\"https:\/\/exceladvisor.org\/tr\/2-tarihe-gore\/#breadcrumb\",\"itemListElement\":[{\"@type\":\"ListItem\",\"position\":1,\"name\":\"Ev\",\"item\":\"https:\/\/exceladvisor.org\/tr\/\"},{\"@type\":\"ListItem\",\"position\":2,\"name\":\"Tarihe g\u00f6re ko\u015fullu bi\u00e7imlendirme uygulama\"}]},{\"@type\":\"WebSite\",\"@id\":\"https:\/\/exceladvisor.org\/tr\/#website\",\"url\":\"https:\/\/exceladvisor.org\/tr\/\",\"name\":\"Excel Advisor\",\"description\":\"Veri hakimiyetine y\u00f6nelik nihai rehberiniz!\",\"publisher\":{\"@id\":\"https:\/\/exceladvisor.org\/tr\/#organization\"},\"potentialAction\":[{\"@type\":\"SearchAction\",\"target\":{\"@type\":\"EntryPoint\",\"urlTemplate\":\"https:\/\/exceladvisor.org\/tr\/?s={search_term_string}\"},\"query-input\":{\"@type\":\"PropertyValueSpecification\",\"valueRequired\":true,\"valueName\":\"search_term_string\"}}],\"inLanguage\":\"tr\"},{\"@type\":\"Organization\",\"@id\":\"https:\/\/exceladvisor.org\/tr\/#organization\",\"name\":\"Excel Advisor\",\"url\":\"https:\/\/exceladvisor.org\/tr\/\",\"logo\":{\"@type\":\"ImageObject\",\"inLanguage\":\"tr\",\"@id\":\"https:\/\/exceladvisor.org\/tr\/#\/schema\/logo\/image\/\",\"url\":\"https:\/\/exceladvisor.org\/tr\/wp-content\/uploads\/2023\/12\/exceladvisor.org_.png\",\"contentUrl\":\"https:\/\/exceladvisor.org\/tr\/wp-content\/uploads\/2023\/12\/exceladvisor.org_.png\",\"width\":105,\"height\":36,\"caption\":\"Excel Advisor\"},\"image\":{\"@id\":\"https:\/\/exceladvisor.org\/tr\/#\/schema\/logo\/image\/\"}}]}<\/script>\n<!-- \/ Yoast SEO plugin. -->","yoast_head_json":{"title":"Tarihe g\u00f6re ko\u015fullu bi\u00e7imlendirme uygulama","robots":{"index":"index","follow":"follow","max-snippet":"max-snippet:-1","max-image-preview":"max-image-preview:large","max-video-preview":"max-video-preview:-1"},"canonical":"https:\/\/exceladvisor.org\/tr\/2-tarihe-gore\/","og_locale":"tr_TR","og_type":"article","og_title":"Tarihe g\u00f6re ko\u015fullu bi\u00e7imlendirme uygulama","og_url":"https:\/\/exceladvisor.org\/tr\/2-tarihe-gore\/","og_site_name":"Excel Advisor","article_modified_time":"2023-12-10T06:04:36+00:00","og_image":[{"url":"https:\/\/exceladvisor.org\/wp-content\/uploads\/2023\/08\/1-appliquer-une-mise-en-forme-conditionnelle-basee-sur-une-date.png","type":"","width":"","height":""}],"twitter_card":"summary_large_image","twitter_misc":{"Tahmini okuma s\u00fcresi":"3 dakika"},"schema":{"@context":"https:\/\/schema.org","@graph":[{"@type":"WebPage","@id":"https:\/\/exceladvisor.org\/tr\/2-tarihe-gore\/","url":"https:\/\/exceladvisor.org\/tr\/2-tarihe-gore\/","name":"Tarihe g\u00f6re ko\u015fullu bi\u00e7imlendirme uygulama","isPartOf":{"@id":"https:\/\/exceladvisor.org\/tr\/#website"},"primaryImageOfPage":{"@id":"https:\/\/exceladvisor.org\/tr\/2-tarihe-gore\/#primaryimage"},"image":{"@id":"https:\/\/exceladvisor.org\/tr\/2-tarihe-gore\/#primaryimage"},"thumbnailUrl":"https:\/\/exceladvisor.org\/wp-content\/uploads\/2023\/08\/1-appliquer-une-mise-en-forme-conditionnelle-basee-sur-une-date.png","datePublished":"2023-11-04T15:49:03+00:00","dateModified":"2023-12-10T06:04:36+00:00","breadcrumb":{"@id":"https:\/\/exceladvisor.org\/tr\/2-tarihe-gore\/#breadcrumb"},"inLanguage":"tr","potentialAction":[{"@type":"ReadAction","target":["https:\/\/exceladvisor.org\/tr\/2-tarihe-gore\/"]}]},{"@type":"ImageObject","inLanguage":"tr","@id":"https:\/\/exceladvisor.org\/tr\/2-tarihe-gore\/#primaryimage","url":"https:\/\/exceladvisor.org\/wp-content\/uploads\/2023\/08\/1-appliquer-une-mise-en-forme-conditionnelle-basee-sur-une-date.png","contentUrl":"https:\/\/exceladvisor.org\/wp-content\/uploads\/2023\/08\/1-appliquer-une-mise-en-forme-conditionnelle-basee-sur-une-date.png"},{"@type":"BreadcrumbList","@id":"https:\/\/exceladvisor.org\/tr\/2-tarihe-gore\/#breadcrumb","itemListElement":[{"@type":"ListItem","position":1,"name":"Ev","item":"https:\/\/exceladvisor.org\/tr\/"},{"@type":"ListItem","position":2,"name":"Tarihe g\u00f6re ko\u015fullu bi\u00e7imlendirme uygulama"}]},{"@type":"WebSite","@id":"https:\/\/exceladvisor.org\/tr\/#website","url":"https:\/\/exceladvisor.org\/tr\/","name":"Excel Advisor","description":"Veri hakimiyetine y\u00f6nelik nihai rehberiniz!","publisher":{"@id":"https:\/\/exceladvisor.org\/tr\/#organization"},"potentialAction":[{"@type":"SearchAction","target":{"@type":"EntryPoint","urlTemplate":"https:\/\/exceladvisor.org\/tr\/?s={search_term_string}"},"query-input":{"@type":"PropertyValueSpecification","valueRequired":true,"valueName":"search_term_string"}}],"inLanguage":"tr"},{"@type":"Organization","@id":"https:\/\/exceladvisor.org\/tr\/#organization","name":"Excel Advisor","url":"https:\/\/exceladvisor.org\/tr\/","logo":{"@type":"ImageObject","inLanguage":"tr","@id":"https:\/\/exceladvisor.org\/tr\/#\/schema\/logo\/image\/","url":"https:\/\/exceladvisor.org\/tr\/wp-content\/uploads\/2023\/12\/exceladvisor.org_.png","contentUrl":"https:\/\/exceladvisor.org\/tr\/wp-content\/uploads\/2023\/12\/exceladvisor.org_.png","width":105,"height":36,"caption":"Excel Advisor"},"image":{"@id":"https:\/\/exceladvisor.org\/tr\/#\/schema\/logo\/image\/"}}]}},"yoast_meta":{"yoast_wpseo_title":"","yoast_wpseo_metadesc":"","yoast_wpseo_canonical":""},"_links":{"self":[{"href":"https:\/\/exceladvisor.org\/tr\/wp-json\/wp\/v2\/pages\/1793","targetHints":{"allow":["GET"]}}],"collection":[{"href":"https:\/\/exceladvisor.org\/tr\/wp-json\/wp\/v2\/pages"}],"about":[{"href":"https:\/\/exceladvisor.org\/tr\/wp-json\/wp\/v2\/types\/page"}],"author":[{"embeddable":true,"href":"https:\/\/exceladvisor.org\/tr\/wp-json\/wp\/v2\/users\/1"}],"replies":[{"embeddable":true,"href":"https:\/\/exceladvisor.org\/tr\/wp-json\/wp\/v2\/comments?post=1793"}],"version-history":[{"count":1,"href":"https:\/\/exceladvisor.org\/tr\/wp-json\/wp\/v2\/pages\/1793\/revisions"}],"predecessor-version":[{"id":2746,"href":"https:\/\/exceladvisor.org\/tr\/wp-json\/wp\/v2\/pages\/1793\/revisions\/2746"}],"wp:attachment":[{"href":"https:\/\/exceladvisor.org\/tr\/wp-json\/wp\/v2\/media?parent=1793"}],"curies":[{"name":"wp","href":"https:\/\/api.w.org\/{rel}","templated":true}]}}