{"id":1794,"date":"2023-11-04T13:24:15","date_gmt":"2023-11-04T13:24:15","guid":{"rendered":"https:\/\/exceladvisor.org\/tr\/ekleme-sayidan-yuzde-cikarma\/"},"modified":"2023-12-10T05:59:00","modified_gmt":"2023-12-10T05:59:00","slug":"ekleme-sayidan-yuzde-cikarma","status":"publish","type":"page","link":"https:\/\/exceladvisor.org\/tr\/ekleme-sayidan-yuzde-cikarma\/","title":{"rendered":"Bir say\u0131ya y\u00fczde nas\u0131l eklenir\/\u00e7\u0131kar\u0131l\u0131r?"},"content":{"rendered":"<div class=\"excel-icerikten-once\" id=\"excel-1649522945\"><script type=\"text\/javascript\">\r\n\tatOptions = {\r\n\t\t'key' : 'c1158f160081d6540a8409e6925dab94',\r\n\t\t'format' : 'iframe',\r\n\t\t'height' : 250,\r\n\t\t'width' : 300,\r\n\t\t'params' : {}\r\n\t};\r\n<\/script>\r\n<script type=\"text\/javascript\" src=\"\/\/www.highperformanceformat.com\/c1158f160081d6540a8409e6925dab94\/invoke.js\"><\/script><\/div> <p>Diyelim ki bir de\u011feriniz var ve ona bir y\u00fczde eklemek veya \u00e7\u0131karmak istiyorsunuz. \u00d6rne\u011fin 100\u2019e %10 eklemek istiyorsan\u0131z veya ondan %10 \u00e7\u0131karmak istiyorsan\u0131z. Bu, Excel&#8217;de yapabilece\u011finiz h\u0131zl\u0131 ve kolay bir form\u00fcl hesaplamas\u0131d\u0131r. <\/p><div class=\"wp-block-image\"><figure class=\"aligncenter size-full is-resized\"><img loading=\"lazy\" decoding=\"async\" class=\"wp-image-80145\" src=\"https:\/\/exceladvisor.org\/wp-content\/uploads\/2023\/08\/1-ajouter-soustraire-le-pourcentage-du-nombre.png\" sizes=\"auto, \" srcset=\"\" alt=\"say\u0131dan-ekleme-\u00e7\u0131karma-y\u00fczdesi\" width=\"572\" height=\"268\"><\/figure><\/div><p> Say\u0131sal bir de\u011ferden belirli bir y\u00fczdeyi art\u0131rmak ve azaltmak i\u00e7in kullanabilece\u011finiz form\u00fcller a\u015fa\u011f\u0131dad\u0131r.<\/p><ul><li> <strong>Art\u0131rmak i\u00e7in:<\/strong> <em>=orijinal_de\u011fer*(100%+increase_percentage%)<\/em><\/li><li> <strong>Azaltma:<\/strong> <em>=orijinal_de\u011fer*(100%-decrease_percentage%)<\/em><\/li><\/ul><p> Bu derste bu form\u00fcl\u00fcn nas\u0131l yaz\u0131laca\u011f\u0131n\u0131 \u00f6\u011frenece\u011fiz:<\/p><h2 class=\"wp-block-heading\"> Bir de\u011feri y\u00fczde oran\u0131nda ekleme veya art\u0131rma form\u00fcl\u00fc<\/h2><p> A\u015fa\u011f\u0131daki ad\u0131mlar\u0131 kullanabilirsiniz:<\/p><ol type=\"1\"><li> \u0130lk olarak, bir h\u00fccrede orijinal de\u011fere sahip oldu\u011funuz h\u00fccreye ba\u015fvurun.<\/li><li> Bundan sonra \u00e7arpma i\u00e7in y\u0131ld\u0131z i\u015fareti operat\u00f6r\u00fcn\u00fc girin.<\/li><li> \u015eimdi a\u00e7\u0131l\u0131\u015f parantezlerini girin ve ard\u0131ndan \u201c%100\u201d girin.<\/li><li> Daha sonra toplama operat\u00f6r\u00fcn\u00fc ve art\u0131rmak istedi\u011finiz de\u011fer olan %10&#8217;u girin.<\/li><li> Sonunda kapatma parantezlerini girin ve sonucu almak i\u00e7in Enter tu\u015funa bas\u0131n. <\/li><\/ol><div class=\"wp-block-image\"><figure class=\"aligncenter size-full is-resized\"><img loading=\"lazy\" decoding=\"async\" class=\"wp-image-80146\" src=\"https:\/\/exceladvisor.org\/wp-content\/uploads\/2023\/08\/2-ajouter-une-valeur-en-pourcentage.png\" sizes=\"auto, \" srcset=\"\" alt=\"y\u00fczdeye g\u00f6re de\u011fer katma\" width=\"499\" height=\"260\"><\/figure><\/div><pre class=\"wp-block-code\"> <code class=\"language-excel-formula\" lang=\"excel-formula\">=A1*(100%+10%)<\/code><\/pre><p> Enter tu\u015funa bast\u0131\u011f\u0131n\u0131z anda de\u011feri %110&#8217;a \u00e7\u0131karacak \u015fekilde d\u00f6nd\u00fcrecektir. <\/p><div class=\"wp-block-image\"><figure class=\"aligncenter size-full is-resized\"><img loading=\"lazy\" decoding=\"async\" class=\"wp-image-80147\" src=\"https:\/\/exceladvisor.org\/wp-content\/uploads\/2023\/08\/3-valeur-ajoutee-en-pourcentage.png\" sizes=\"auto, \" srcset=\"\" alt=\"y\u00fczde olarak katma de\u011fer\" width=\"493\" height=\"257\"><\/figure><\/div><p> Ayr\u0131ca form\u00fcl\u00fc ak\u0131c\u0131 bir \u015fekilde kullan\u0131rs\u0131n\u0131z; %100 kullanmak yerine 1&#8217;i kullanabilirsiniz ve artan y\u00fczde i\u00e7in ondal\u0131k bir de\u011fer kullanabilirsiniz. <\/p><div class=\"wp-block-image\"><figure class=\"aligncenter size-full is-resized\"><img loading=\"lazy\" decoding=\"async\" class=\"wp-image-80148\" src=\"https:\/\/exceladvisor.org\/wp-content\/uploads\/2023\/08\/4-autres-facons-dutiliser-la-formule-pour-ajouter-une-valeur-en-pourcentage.png\" sizes=\"auto, \" srcset=\"\" alt=\"y\u00fczdeye g\u00f6re de\u011fer katmak i\u00e7in form\u00fcl\u00fc kullanman\u0131n ba\u015fka bir yolu\" width=\"498\" height=\"316\"><\/figure><\/div><pre class=\"wp-block-code\"> <code class=\"language-excel-formula\" lang=\"excel-formula\">=A1*(1+0.1)<\/code><\/pre><h2 class=\"wp-block-heading\"> Bir de\u011feri y\u00fczde oran\u0131nda \u00e7\u0131karma veya azaltma form\u00fcl\u00fc<\/h2><p> Bu form\u00fcl\u00fc yazmak i\u00e7in a\u015fa\u011f\u0131daki ad\u0131mlar\u0131 kullanabilirsiniz:<\/p><ol type=\"1\"><li> \u0130lk \u00f6nce bir h\u00fccreye = girin ve orijinal de\u011ferin bulundu\u011fu h\u00fccreye bak\u0131n.<\/li><li> Bundan sonra kapatma parantezlerini girin ve% 100&#8217;\u00fc girin.<\/li><li> Daha sonra \u00e7\u0131karmak istedi\u011finiz y\u00fczde de\u011ferini \u00e7\u0131karmak i\u00e7in \u00e7\u0131karma i\u015faretini kullan\u0131n ve girin.<\/li><li> Sonunda kapatma parantezlerini girin ve sonucu almak i\u00e7in Enter tu\u015funa bas\u0131n. <\/li><\/ol><div class=\"wp-block-image\"><figure class=\"aligncenter size-full is-resized\"><img loading=\"lazy\" decoding=\"async\" class=\"wp-image-80149\" src=\"https:\/\/exceladvisor.org\/wp-content\/uploads\/2023\/08\/5-formule-pour-soustraire-la-valeur-en-pourcentage.png\" sizes=\"auto, \" srcset=\"\" alt=\"De\u011feri y\u00fczdeye g\u00f6re \u00e7\u0131karma form\u00fcl\u00fc\" width=\"530\" height=\"241\"><\/figure><\/div><pre class=\"wp-block-code\"> <code class=\"language-excel-formula\" lang=\"excel-formula\">=A1*(100%-10%)<\/code><\/pre><p> Enter&#8217;a bast\u0131\u011f\u0131n\u0131z an azalarak yeni bir de\u011fer d\u00f6nd\u00fcrecektir. <\/p><div class=\"wp-block-image\"><figure class=\"aligncenter size-full is-resized\"><img loading=\"lazy\" decoding=\"async\" class=\"wp-image-80150\" src=\"https:\/\/exceladvisor.org\/wp-content\/uploads\/2023\/08\/6-valeur-diminuee-en-pourcentage.png\" sizes=\"auto, \" srcset=\"\" alt=\"de\u011fer y\u00fczde oran\u0131nda azalt\u0131ld\u0131\" width=\"509\" height=\"280\"><\/figure><\/div><p> Ayr\u0131ca form\u00fcl\u00fc \u015fu \u015fekilde de kullanabilirsiniz; %100 yerine 1&#8217;i ve %10&#8217;u belirtmek i\u00e7in 0,1&#8217;i kullanabilirsiniz. <\/p><div class=\"wp-block-image\"><figure class=\"aligncenter size-full is-resized\"><img loading=\"lazy\" decoding=\"async\" class=\"wp-image-80151\" src=\"https:\/\/exceladvisor.org\/wp-content\/uploads\/2023\/08\/7-autres-formules-pour-diminuer-la-valeur.png\" sizes=\"auto, \" srcset=\"\" alt=\"de\u011feri azaltman\u0131n ba\u015fka bir yolu form\u00fcl\u00fc\" width=\"499\" height=\"283\"><\/figure><\/div><h2 class=\"wp-block-heading\"> Bu form\u00fcller nas\u0131l \u00e7al\u0131\u015f\u0131yor?<\/h2><p> Bu form\u00fclleri anlamak i\u00e7in bunlar\u0131 \u00fc\u00e7 b\u00f6l\u00fcme ay\u0131rman\u0131z gerekir:<\/p><ol type=\"1\"><li> Orijinal de\u011feri<\/li><li> %100 alt\u0131n 1<\/li><li> Artt\u0131rma ve azaltma (y\u00fczde veya ondal\u0131k)<\/li><\/ol><p> Bir de\u011feri %15 oran\u0131nda azaltmak istiyorsan\u0131z eksi operat\u00f6r\u00fcyle birlikte %15&#8217;i kullan\u0131n veya -0,15&#8217;i de kullanabilirsiniz.<\/p><p class=\"grey-note\"> Y\u00fczde de\u011feri, Excel&#8217;de y\u00fczde olarak bi\u00e7imlendirilmi\u015f bir say\u0131d\u0131r. Bir h\u00fccreye %100 girdi\u011finizde Excel bunu 1 olarak kabul eder ve y\u00fczdeyle bi\u00e7imlendirir. Bu nedenle form\u00fclde %1 veya %100 kullanabilirsiniz. Art\u0131\u015f\u0131 belirtmek i\u00e7in ondal\u0131k de\u011fer veya y\u00fczde de\u011feri kullanabilirsiniz. <\/p><div class=\"gb-container gb-container-52dfcee1 gb-container-sample-file\"><h2 class=\"gb-headline gb-headline-e289c143 gb-headline-text gb-headline-4f7959c2\"> Excel dosyas\u0131n\u0131 al\u0131n<\/h2> <a class=\"gb-button gb-button-e88d6bee gb-button-text gb-button-button1\" href=\"https:\/\/exceladvisor.org\/wp-content\/uploads\/2023\/11\/ajouter-soustraire-un-pourcentage.xlsx\" rel=\"nofollow\">\u0130ndirmek<\/a><\/div><div class=\"gb-container gb-container-0df56012 gb-container-mt\"> <a class=\"gb-button gb-button-f9f432f4 gb-button-text gb-button-mt-button\" href=\"https:\/\/exceladvisor.org\/tr\/formuller\/\">Excel form\u00fcllerinin listesi<\/a><h2 class=\"gb-headline gb-headline-233444e8 gb-headline-text gb-headline-mt-heading\"> \u0130lgili form\u00fcller <\/h2><div class=\"gb-grid-wrapper gb-grid-wrapper-a16fa65c gb-grid-wrapper-mt-grid\"><div class=\"gb-grid-column gb-grid-column-50d07e0d\"><div class=\"gb-container gb-container-50d07e0d\"><ul><li> Excel&#8217;de k\u00fcp k\u00f6k\u00fcn\u00fc hesaplay\u0131n<\/li><li> <a href=\"https:\/\/exceladvisor.org\/tr\/yuzde-farki\/\">Excel&#8217;de y\u00fczde varyans\u0131 (fark) hesaplay\u0131n<\/a><\/li><li> <a href=\"https:\/\/exceladvisor.org\/tr\/kare-kok\/\">Excel&#8217;de Karek\u00f6k Hesapla + Sembol Ekle<\/a><\/li><li> <a href=\"https:\/\/exceladvisor.org\/tr\/esit-degil\/\">Excel&#8217;deki operat\u00f6re e\u015fit de\u011fil<\/a><\/li><\/ul><\/div><\/div><\/div><\/div>","protected":false},"excerpt":{"rendered":"","protected":false},"author":1,"featured_media":0,"parent":0,"menu_order":0,"comment_status":"open","ping_status":"closed","template":"","meta":{"ub_ctt_via":"","footnotes":""},"class_list":["post-1794","page","type-page","status-publish","hentry"],"featured_image_src":null,"yoast_head":"<!-- This site is optimized with the Yoast SEO plugin v25.4 - https:\/\/yoast.com\/wordpress\/plugins\/seo\/ -->\n<title>Bir say\u0131ya y\u00fczde nas\u0131l eklenir\/\u00e7\u0131kar\u0131l\u0131r?<\/title>\n<meta name=\"description\" content=\"Bu e\u011fitim size bir say\u0131ya belirli bir y\u00fczde eklemek veya \u00e7\u0131karmak i\u00e7in Excel form\u00fcllerinin nas\u0131l yaz\u0131laca\u011f\u0131n\u0131 \u00f6\u011fretecektir. Bunu kontrol edelim\u2026\" \/>\n<meta name=\"robots\" content=\"index, follow, max-snippet:-1, max-image-preview:large, max-video-preview:-1\" \/>\n<link rel=\"canonical\" href=\"https:\/\/exceladvisor.org\/tr\/ekleme-sayidan-yuzde-cikarma\/\" \/>\n<meta property=\"og:locale\" content=\"tr_TR\" \/>\n<meta property=\"og:type\" content=\"article\" \/>\n<meta property=\"og:title\" content=\"Bir say\u0131ya y\u00fczde nas\u0131l eklenir\/\u00e7\u0131kar\u0131l\u0131r?\" \/>\n<meta property=\"og:description\" content=\"Bu e\u011fitim size bir say\u0131ya belirli bir y\u00fczde eklemek veya \u00e7\u0131karmak i\u00e7in Excel form\u00fcllerinin nas\u0131l yaz\u0131laca\u011f\u0131n\u0131 \u00f6\u011fretecektir. Bunu kontrol edelim\u2026\" \/>\n<meta property=\"og:url\" content=\"https:\/\/exceladvisor.org\/tr\/ekleme-sayidan-yuzde-cikarma\/\" \/>\n<meta property=\"og:site_name\" content=\"Excel Advisor\" \/>\n<meta property=\"article:modified_time\" content=\"2023-12-10T05:59:00+00:00\" \/>\n<meta property=\"og:image\" content=\"https:\/\/exceladvisor.org\/wp-content\/uploads\/2023\/08\/1-ajouter-soustraire-le-pourcentage-du-nombre.png\" \/>\n<meta name=\"twitter:card\" content=\"summary_large_image\" \/>\n<meta name=\"twitter:label1\" content=\"Tahmini okuma s\u00fcresi\" \/>\n\t<meta name=\"twitter:data1\" content=\"2 dakika\" \/>\n<script type=\"application\/ld+json\" class=\"yoast-schema-graph\">{\"@context\":\"https:\/\/schema.org\",\"@graph\":[{\"@type\":\"WebPage\",\"@id\":\"https:\/\/exceladvisor.org\/tr\/ekleme-sayidan-yuzde-cikarma\/\",\"url\":\"https:\/\/exceladvisor.org\/tr\/ekleme-sayidan-yuzde-cikarma\/\",\"name\":\"Bir say\u0131ya y\u00fczde nas\u0131l eklenir\/\u00e7\u0131kar\u0131l\u0131r?\",\"isPartOf\":{\"@id\":\"https:\/\/exceladvisor.org\/tr\/#website\"},\"primaryImageOfPage\":{\"@id\":\"https:\/\/exceladvisor.org\/tr\/ekleme-sayidan-yuzde-cikarma\/#primaryimage\"},\"image\":{\"@id\":\"https:\/\/exceladvisor.org\/tr\/ekleme-sayidan-yuzde-cikarma\/#primaryimage\"},\"thumbnailUrl\":\"https:\/\/exceladvisor.org\/wp-content\/uploads\/2023\/08\/1-ajouter-soustraire-le-pourcentage-du-nombre.png\",\"datePublished\":\"2023-11-04T13:24:15+00:00\",\"dateModified\":\"2023-12-10T05:59:00+00:00\",\"description\":\"Bu e\u011fitim size bir say\u0131ya belirli bir y\u00fczde eklemek veya \u00e7\u0131karmak i\u00e7in Excel form\u00fcllerinin nas\u0131l yaz\u0131laca\u011f\u0131n\u0131 \u00f6\u011fretecektir. Bunu kontrol edelim\u2026\",\"breadcrumb\":{\"@id\":\"https:\/\/exceladvisor.org\/tr\/ekleme-sayidan-yuzde-cikarma\/#breadcrumb\"},\"inLanguage\":\"tr\",\"potentialAction\":[{\"@type\":\"ReadAction\",\"target\":[\"https:\/\/exceladvisor.org\/tr\/ekleme-sayidan-yuzde-cikarma\/\"]}]},{\"@type\":\"ImageObject\",\"inLanguage\":\"tr\",\"@id\":\"https:\/\/exceladvisor.org\/tr\/ekleme-sayidan-yuzde-cikarma\/#primaryimage\",\"url\":\"https:\/\/exceladvisor.org\/wp-content\/uploads\/2023\/08\/1-ajouter-soustraire-le-pourcentage-du-nombre.png\",\"contentUrl\":\"https:\/\/exceladvisor.org\/wp-content\/uploads\/2023\/08\/1-ajouter-soustraire-le-pourcentage-du-nombre.png\"},{\"@type\":\"BreadcrumbList\",\"@id\":\"https:\/\/exceladvisor.org\/tr\/ekleme-sayidan-yuzde-cikarma\/#breadcrumb\",\"itemListElement\":[{\"@type\":\"ListItem\",\"position\":1,\"name\":\"Ev\",\"item\":\"https:\/\/exceladvisor.org\/tr\/\"},{\"@type\":\"ListItem\",\"position\":2,\"name\":\"Bir say\u0131ya y\u00fczde nas\u0131l eklenir\/\u00e7\u0131kar\u0131l\u0131r?\"}]},{\"@type\":\"WebSite\",\"@id\":\"https:\/\/exceladvisor.org\/tr\/#website\",\"url\":\"https:\/\/exceladvisor.org\/tr\/\",\"name\":\"Excel Advisor\",\"description\":\"Veri hakimiyetine y\u00f6nelik nihai rehberiniz!\",\"publisher\":{\"@id\":\"https:\/\/exceladvisor.org\/tr\/#organization\"},\"potentialAction\":[{\"@type\":\"SearchAction\",\"target\":{\"@type\":\"EntryPoint\",\"urlTemplate\":\"https:\/\/exceladvisor.org\/tr\/?s={search_term_string}\"},\"query-input\":{\"@type\":\"PropertyValueSpecification\",\"valueRequired\":true,\"valueName\":\"search_term_string\"}}],\"inLanguage\":\"tr\"},{\"@type\":\"Organization\",\"@id\":\"https:\/\/exceladvisor.org\/tr\/#organization\",\"name\":\"Excel Advisor\",\"url\":\"https:\/\/exceladvisor.org\/tr\/\",\"logo\":{\"@type\":\"ImageObject\",\"inLanguage\":\"tr\",\"@id\":\"https:\/\/exceladvisor.org\/tr\/#\/schema\/logo\/image\/\",\"url\":\"https:\/\/exceladvisor.org\/tr\/wp-content\/uploads\/2023\/12\/exceladvisor.org_.png\",\"contentUrl\":\"https:\/\/exceladvisor.org\/tr\/wp-content\/uploads\/2023\/12\/exceladvisor.org_.png\",\"width\":105,\"height\":36,\"caption\":\"Excel Advisor\"},\"image\":{\"@id\":\"https:\/\/exceladvisor.org\/tr\/#\/schema\/logo\/image\/\"}}]}<\/script>\n<!-- \/ Yoast SEO plugin. -->","yoast_head_json":{"title":"Bir say\u0131ya y\u00fczde nas\u0131l eklenir\/\u00e7\u0131kar\u0131l\u0131r?","description":"Bu e\u011fitim size bir say\u0131ya belirli bir y\u00fczde eklemek veya \u00e7\u0131karmak i\u00e7in Excel form\u00fcllerinin nas\u0131l yaz\u0131laca\u011f\u0131n\u0131 \u00f6\u011fretecektir. Bunu kontrol edelim\u2026","robots":{"index":"index","follow":"follow","max-snippet":"max-snippet:-1","max-image-preview":"max-image-preview:large","max-video-preview":"max-video-preview:-1"},"canonical":"https:\/\/exceladvisor.org\/tr\/ekleme-sayidan-yuzde-cikarma\/","og_locale":"tr_TR","og_type":"article","og_title":"Bir say\u0131ya y\u00fczde nas\u0131l eklenir\/\u00e7\u0131kar\u0131l\u0131r?","og_description":"Bu e\u011fitim size bir say\u0131ya belirli bir y\u00fczde eklemek veya \u00e7\u0131karmak i\u00e7in Excel form\u00fcllerinin nas\u0131l yaz\u0131laca\u011f\u0131n\u0131 \u00f6\u011fretecektir. Bunu kontrol edelim\u2026","og_url":"https:\/\/exceladvisor.org\/tr\/ekleme-sayidan-yuzde-cikarma\/","og_site_name":"Excel Advisor","article_modified_time":"2023-12-10T05:59:00+00:00","og_image":[{"url":"https:\/\/exceladvisor.org\/wp-content\/uploads\/2023\/08\/1-ajouter-soustraire-le-pourcentage-du-nombre.png","type":"","width":"","height":""}],"twitter_card":"summary_large_image","twitter_misc":{"Tahmini okuma s\u00fcresi":"2 dakika"},"schema":{"@context":"https:\/\/schema.org","@graph":[{"@type":"WebPage","@id":"https:\/\/exceladvisor.org\/tr\/ekleme-sayidan-yuzde-cikarma\/","url":"https:\/\/exceladvisor.org\/tr\/ekleme-sayidan-yuzde-cikarma\/","name":"Bir say\u0131ya y\u00fczde nas\u0131l eklenir\/\u00e7\u0131kar\u0131l\u0131r?","isPartOf":{"@id":"https:\/\/exceladvisor.org\/tr\/#website"},"primaryImageOfPage":{"@id":"https:\/\/exceladvisor.org\/tr\/ekleme-sayidan-yuzde-cikarma\/#primaryimage"},"image":{"@id":"https:\/\/exceladvisor.org\/tr\/ekleme-sayidan-yuzde-cikarma\/#primaryimage"},"thumbnailUrl":"https:\/\/exceladvisor.org\/wp-content\/uploads\/2023\/08\/1-ajouter-soustraire-le-pourcentage-du-nombre.png","datePublished":"2023-11-04T13:24:15+00:00","dateModified":"2023-12-10T05:59:00+00:00","description":"Bu e\u011fitim size bir say\u0131ya belirli bir y\u00fczde eklemek veya \u00e7\u0131karmak i\u00e7in Excel form\u00fcllerinin nas\u0131l yaz\u0131laca\u011f\u0131n\u0131 \u00f6\u011fretecektir. Bunu kontrol edelim\u2026","breadcrumb":{"@id":"https:\/\/exceladvisor.org\/tr\/ekleme-sayidan-yuzde-cikarma\/#breadcrumb"},"inLanguage":"tr","potentialAction":[{"@type":"ReadAction","target":["https:\/\/exceladvisor.org\/tr\/ekleme-sayidan-yuzde-cikarma\/"]}]},{"@type":"ImageObject","inLanguage":"tr","@id":"https:\/\/exceladvisor.org\/tr\/ekleme-sayidan-yuzde-cikarma\/#primaryimage","url":"https:\/\/exceladvisor.org\/wp-content\/uploads\/2023\/08\/1-ajouter-soustraire-le-pourcentage-du-nombre.png","contentUrl":"https:\/\/exceladvisor.org\/wp-content\/uploads\/2023\/08\/1-ajouter-soustraire-le-pourcentage-du-nombre.png"},{"@type":"BreadcrumbList","@id":"https:\/\/exceladvisor.org\/tr\/ekleme-sayidan-yuzde-cikarma\/#breadcrumb","itemListElement":[{"@type":"ListItem","position":1,"name":"Ev","item":"https:\/\/exceladvisor.org\/tr\/"},{"@type":"ListItem","position":2,"name":"Bir say\u0131ya y\u00fczde nas\u0131l eklenir\/\u00e7\u0131kar\u0131l\u0131r?"}]},{"@type":"WebSite","@id":"https:\/\/exceladvisor.org\/tr\/#website","url":"https:\/\/exceladvisor.org\/tr\/","name":"Excel Advisor","description":"Veri hakimiyetine y\u00f6nelik nihai rehberiniz!","publisher":{"@id":"https:\/\/exceladvisor.org\/tr\/#organization"},"potentialAction":[{"@type":"SearchAction","target":{"@type":"EntryPoint","urlTemplate":"https:\/\/exceladvisor.org\/tr\/?s={search_term_string}"},"query-input":{"@type":"PropertyValueSpecification","valueRequired":true,"valueName":"search_term_string"}}],"inLanguage":"tr"},{"@type":"Organization","@id":"https:\/\/exceladvisor.org\/tr\/#organization","name":"Excel Advisor","url":"https:\/\/exceladvisor.org\/tr\/","logo":{"@type":"ImageObject","inLanguage":"tr","@id":"https:\/\/exceladvisor.org\/tr\/#\/schema\/logo\/image\/","url":"https:\/\/exceladvisor.org\/tr\/wp-content\/uploads\/2023\/12\/exceladvisor.org_.png","contentUrl":"https:\/\/exceladvisor.org\/tr\/wp-content\/uploads\/2023\/12\/exceladvisor.org_.png","width":105,"height":36,"caption":"Excel Advisor"},"image":{"@id":"https:\/\/exceladvisor.org\/tr\/#\/schema\/logo\/image\/"}}]}},"yoast_meta":{"yoast_wpseo_title":"","yoast_wpseo_metadesc":"","yoast_wpseo_canonical":""},"_links":{"self":[{"href":"https:\/\/exceladvisor.org\/tr\/wp-json\/wp\/v2\/pages\/1794","targetHints":{"allow":["GET"]}}],"collection":[{"href":"https:\/\/exceladvisor.org\/tr\/wp-json\/wp\/v2\/pages"}],"about":[{"href":"https:\/\/exceladvisor.org\/tr\/wp-json\/wp\/v2\/types\/page"}],"author":[{"embeddable":true,"href":"https:\/\/exceladvisor.org\/tr\/wp-json\/wp\/v2\/users\/1"}],"replies":[{"embeddable":true,"href":"https:\/\/exceladvisor.org\/tr\/wp-json\/wp\/v2\/comments?post=1794"}],"version-history":[{"count":1,"href":"https:\/\/exceladvisor.org\/tr\/wp-json\/wp\/v2\/pages\/1794\/revisions"}],"predecessor-version":[{"id":2288,"href":"https:\/\/exceladvisor.org\/tr\/wp-json\/wp\/v2\/pages\/1794\/revisions\/2288"}],"wp:attachment":[{"href":"https:\/\/exceladvisor.org\/tr\/wp-json\/wp\/v2\/media?parent=1794"}],"curies":[{"name":"wp","href":"https:\/\/api.w.org\/{rel}","templated":true}]}}