{"id":1797,"date":"2023-11-04T03:04:03","date_gmt":"2023-11-04T03:04:03","guid":{"rendered":"https:\/\/exceladvisor.org\/tr\/kanallari-karsilastir-2\/"},"modified":"2023-12-10T06:03:37","modified_gmt":"2023-12-10T06:03:37","slug":"kanallari-karsilastir-2","status":"publish","type":"page","link":"https:\/\/exceladvisor.org\/tr\/kanallari-karsilastir-2\/","title":{"rendered":"Excel&#39;deki iki dizeyi (metin) kar\u015f\u0131la\u015ft\u0131r\u0131n m\u0131?"},"content":{"rendered":"<div class=\"excel-icerikten-once\" id=\"excel-3506618660\"><script type=\"text\/javascript\">\r\n\tatOptions = {\r\n\t\t'key' : 'c1158f160081d6540a8409e6925dab94',\r\n\t\t'format' : 'iframe',\r\n\t\t'height' : 250,\r\n\t\t'width' : 300,\r\n\t\t'params' : {}\r\n\t};\r\n<\/script>\r\n<script type=\"text\/javascript\" src=\"\/\/www.highperformanceformat.com\/c1158f160081d6540a8409e6925dab94\/invoke.js\"><\/script><\/div> <p>Excel&#8217;de iki dizeyi iki y\u00f6ntemle kar\u015f\u0131la\u015ft\u0131rarak birbiriyle kar\u015f\u0131la\u015ft\u0131rabilirsiniz:<\/p><ul><li> Hassas kutu<\/li><li> B\u00fcy\u00fck k\u00fc\u00e7\u00fck harf duyarl\u0131 de\u011fil<\/li><\/ul><p> Bu derste hem y\u00f6ntemler i\u00e7in form\u00fcl yazmay\u0131 \u00f6\u011frenece\u011fiz.<\/p><h2 class=\"wp-block-heading\"> \u0130ki dizeyi b\u00fcy\u00fck\/k\u00fc\u00e7\u00fck harfe duyarl\u0131 olmayan bir e\u015fle\u015fmeyle kar\u015f\u0131la\u015ft\u0131r\u0131n<\/h2><ol type=\"1\"><li> \u0130lk \u00f6nce bir h\u00fccreye (=) i\u015faretini girin.<\/li><li> \u0130lk de\u011fere sahip h\u00fccreye bak\u0131n.<\/li><li> Tekrar girin (=).<\/li><li> \u0130kinci de\u011fere sahip h\u00fccreye bak\u0131n.<\/li><li> Sonunda sonucu almak i\u00e7in Enter tu\u015funa bas\u0131n.<\/li><\/ol><p> Yukar\u0131daki \u00f6rnekte g\u00f6rebilece\u011finiz; ilk h\u00fccrede \u201cExcel\u201d, ikinci h\u00fccrede ise \u201cEXCEL\u201d var. \u0130ki de\u011fer ayn\u0131d\u0131r; tek fark durum. Ve sonu\u00e7ta DO\u011eRU var.<\/p><p> S\u00f6yledi\u011fim gibi bu form\u00fcl, kar\u015f\u0131la\u015ft\u0131rma yaparken metnin b\u00fcy\u00fckl\u00fc\u011f\u00fcn\u00fc dikkate almayacakt\u0131r.<\/p><pre class=\"wp-block-code\"> <code class=\"language-excel-formula\" lang=\"excel-formula\">=text1 = text2<\/code><\/pre><h2 class=\"wp-block-heading\"> \u0130ki dizeyi b\u00fcy\u00fck\/k\u00fc\u00e7\u00fck harfe duyarl\u0131 e\u015fle\u015ftirmeyle kar\u015f\u0131la\u015ft\u0131r\u0131n<\/h2><p> Ancak e\u015fle\u015ftirme s\u0131ras\u0131nda metnin b\u00fcy\u00fck\/k\u00fc\u00e7\u00fck harf durumunu da hesaba katmak istiyorsan\u0131z TAM i\u015flevini kullanabilirsiniz.<\/p><ol type=\"1\"><li> Bir h\u00fccreye TAM i\u015flevini girin.<\/li><li> \u0130lk de\u011fere sahip h\u00fccreye bak\u0131n.<\/li><li> Bir virg\u00fcl yaz\u0131n.<\/li><li> \u0130kinci de\u011fere sahip h\u00fccreye bak\u0131n.<\/li><li> Sonucu almak i\u00e7in i\u015flevi kapat\u0131n ve Enter tu\u015funa bas\u0131n. <\/li><\/ol><div class=\"wp-block-image\"><figure class=\"aligncenter size-full is-resized\"><img loading=\"lazy\" decoding=\"async\" class=\"wp-image-83614\" src=\"https:\/\/exceladvisor.org\/wp-content\/uploads\/2023\/08\/2-comparer-correspondance-sensible-a-la-casse.png\" sizes=\"auto, \" srcset=\"\" alt=\"kar\u015f\u0131la\u015ft\u0131rma-e\u015fle\u015fme-b\u00fcy\u00fck\/k\u00fc\u00e7\u00fck harfe duyarl\u0131\" width=\"654\" height=\"314\"><\/figure><\/div><p> Yukar\u0131daki \u00f6rnekte t\u00fcm h\u00fccrelerde ayn\u0131 de\u011ferlere sahibiz ancak b\u00fcy\u00fck\/k\u00fc\u00e7\u00fck harf e\u015fle\u015ftirmeyle de\u011ferin ayn\u0131 oldu\u011fu TRUE&#8217;ya sahipsiniz.<\/p><h2 class=\"wp-block-heading\"> \u0130ki metni kar\u015f\u0131la\u015ft\u0131rmak i\u00e7in IF kullan\u0131n<\/h2><p> IF&#8217;yi yukar\u0131da tart\u0131\u015ft\u0131\u011f\u0131m\u0131z iki y\u00f6ntemle de birle\u015ftirebilirsiniz. <\/p><div class=\"wp-block-image\"><figure class=\"aligncenter size-full is-resized\"><img loading=\"lazy\" decoding=\"async\" class=\"wp-image-83615\" src=\"https:\/\/exceladvisor.org\/wp-content\/uploads\/2023\/08\/3-si-comparer-deux-textes.png\" sizes=\"auto, \" srcset=\"\" alt=\"iki metni kar\u015f\u0131la\u015ft\u0131rmak gerekirse\" width=\"624\" height=\"185\"><\/figure><\/div><pre class=\"wp-block-code\"> <code class=\"language-excel-formula\" lang=\"excel-formula\">=IF(A1=B1,\"Yes\",\"No\")<\/code><\/pre><pre class=\"wp-block-code\"> <code class=\"language-excel-formula\" lang=\"excel-formula\">=IF(EXACT(A2,B2),\"Yes\",\"No\")<\/code><\/pre><div class=\"gb-container gb-container-52dfcee1 gb-container-sample-file\"><h2 class=\"gb-headline gb-headline-e289c143 gb-headline-text gb-headline-4f7959c2\"> Excel dosyas\u0131n\u0131 al\u0131n<\/h2> <a class=\"gb-button gb-button-e88d6bee gb-button-text gb-button-button1\" href=\"https:\/\/exceladvisor.org\/wp-content\/uploads\/2023\/11\/comparer-des-chaines.xlsx\" rel=\"nofollow\">\u0130ndirmek<\/a><\/div><div class=\"gb-container gb-container-0df56012 gb-container-mt\"> <a class=\"gb-button gb-button-f9f432f4 gb-button-text gb-button-mt-button\" href=\"https:\/\/exceladvisor.org\/tr\/formuller\/\">Excel form\u00fcllerinin listesi<\/a><h2 class=\"gb-headline gb-headline-233444e8 gb-headline-text gb-headline-mt-heading\"> \u0130lgili form\u00fcller <\/h2><div class=\"gb-grid-wrapper gb-grid-wrapper-a16fa65c gb-grid-wrapper-mt-grid\"><div class=\"gb-grid-column gb-grid-column-50d07e0d\"><div class=\"gb-container gb-container-50d07e0d\"><ul><li> <a href=\"https:\/\/exceladvisor.org\/tr\/yatay-filtre\/\">Excel&#8217;de yatay filtre olu\u015fturma<\/a><\/li><li> <a href=\"https:\/\/exceladvisor.org\/tr\/yildiz-derecelendirmesi\/\">Excel&#8217;de y\u0131ld\u0131z derecelendirmesi \u015fablonu olu\u015fturma<\/a><\/li><li> <a href=\"https:\/\/exceladvisor.org\/tr\/dosya-adini-al\/\">Excel&#8217;de dosya ad\u0131n\u0131 al\u0131n<\/a><\/li><li> <a href=\"https:\/\/exceladvisor.org\/tr\/sayfa-adini-al\/\">Excel&#8217;de sayfa ad\u0131n\u0131 al\u0131n<\/a><\/li><li> <a href=\"https:\/\/exceladvisor.org\/tr\/rastgele-harfler-olustur\/\">Excel&#8217;de h\u0131zla rastgele harfler olu\u015fturun<\/a><\/li><\/ul><\/div><\/div><\/div><\/div>","protected":false},"excerpt":{"rendered":"","protected":false},"author":1,"featured_media":0,"parent":0,"menu_order":0,"comment_status":"open","ping_status":"closed","template":"","meta":{"ub_ctt_via":"","footnotes":""},"class_list":["post-1797","page","type-page","status-publish","hentry"],"featured_image_src":null,"yoast_head":"<!-- This site is optimized with the Yoast SEO plugin v25.4 - https:\/\/yoast.com\/wordpress\/plugins\/seo\/ -->\n<title>\u25b7 Excel&#039;deki iki dizeyi (metin) kar\u015f\u0131la\u015ft\u0131rmak m\u0131 istiyorsunuz? (E\u011fitim 2023)<\/title>\n<meta name=\"description\" content=\"Bu e\u011fitim size \u00e7ekme zincirlerini birbirleriyle kar\u015f\u0131la\u015ft\u0131rmak i\u00e7in bir Excel form\u00fcl\u00fcn\u00fcn nas\u0131l yaz\u0131laca\u011f\u0131n\u0131 \u00f6\u011fretecektir. Bunu kontrol edelim\u2026\" \/>\n<meta name=\"robots\" content=\"index, follow, max-snippet:-1, max-image-preview:large, max-video-preview:-1\" \/>\n<link rel=\"canonical\" href=\"https:\/\/exceladvisor.org\/tr\/kanallari-karsilastir-2\/\" \/>\n<meta property=\"og:locale\" content=\"tr_TR\" \/>\n<meta property=\"og:type\" content=\"article\" \/>\n<meta property=\"og:title\" content=\"\u25b7 Excel&#039;deki iki dizeyi (metin) kar\u015f\u0131la\u015ft\u0131rmak m\u0131 istiyorsunuz? (E\u011fitim 2023)\" \/>\n<meta property=\"og:description\" content=\"Bu e\u011fitim size \u00e7ekme zincirlerini birbirleriyle kar\u015f\u0131la\u015ft\u0131rmak i\u00e7in bir Excel form\u00fcl\u00fcn\u00fcn nas\u0131l yaz\u0131laca\u011f\u0131n\u0131 \u00f6\u011fretecektir. Bunu kontrol edelim\u2026\" \/>\n<meta property=\"og:url\" content=\"https:\/\/exceladvisor.org\/tr\/kanallari-karsilastir-2\/\" \/>\n<meta property=\"og:site_name\" content=\"Excel Advisor\" \/>\n<meta property=\"article:modified_time\" content=\"2023-12-10T06:03:37+00:00\" \/>\n<meta property=\"og:image\" content=\"https:\/\/exceladvisor.org\/wp-content\/uploads\/2023\/08\/2-comparer-correspondance-sensible-a-la-casse.png\" \/>\n<meta name=\"twitter:card\" content=\"summary_large_image\" \/>\n<meta name=\"twitter:label1\" content=\"Tahmini okuma s\u00fcresi\" \/>\n\t<meta name=\"twitter:data1\" content=\"2 dakika\" \/>\n<script type=\"application\/ld+json\" class=\"yoast-schema-graph\">{\"@context\":\"https:\/\/schema.org\",\"@graph\":[{\"@type\":\"WebPage\",\"@id\":\"https:\/\/exceladvisor.org\/tr\/kanallari-karsilastir-2\/\",\"url\":\"https:\/\/exceladvisor.org\/tr\/kanallari-karsilastir-2\/\",\"name\":\"\u25b7 Excel&#39;deki iki dizeyi (metin) kar\u015f\u0131la\u015ft\u0131rmak m\u0131 istiyorsunuz? (E\u011fitim 2023)\",\"isPartOf\":{\"@id\":\"https:\/\/exceladvisor.org\/tr\/#website\"},\"primaryImageOfPage\":{\"@id\":\"https:\/\/exceladvisor.org\/tr\/kanallari-karsilastir-2\/#primaryimage\"},\"image\":{\"@id\":\"https:\/\/exceladvisor.org\/tr\/kanallari-karsilastir-2\/#primaryimage\"},\"thumbnailUrl\":\"https:\/\/exceladvisor.org\/wp-content\/uploads\/2023\/08\/2-comparer-correspondance-sensible-a-la-casse.png\",\"datePublished\":\"2023-11-04T03:04:03+00:00\",\"dateModified\":\"2023-12-10T06:03:37+00:00\",\"description\":\"Bu e\u011fitim size \u00e7ekme zincirlerini birbirleriyle kar\u015f\u0131la\u015ft\u0131rmak i\u00e7in bir Excel form\u00fcl\u00fcn\u00fcn nas\u0131l yaz\u0131laca\u011f\u0131n\u0131 \u00f6\u011fretecektir. Bunu kontrol edelim\u2026\",\"breadcrumb\":{\"@id\":\"https:\/\/exceladvisor.org\/tr\/kanallari-karsilastir-2\/#breadcrumb\"},\"inLanguage\":\"tr\",\"potentialAction\":[{\"@type\":\"ReadAction\",\"target\":[\"https:\/\/exceladvisor.org\/tr\/kanallari-karsilastir-2\/\"]}]},{\"@type\":\"ImageObject\",\"inLanguage\":\"tr\",\"@id\":\"https:\/\/exceladvisor.org\/tr\/kanallari-karsilastir-2\/#primaryimage\",\"url\":\"https:\/\/exceladvisor.org\/wp-content\/uploads\/2023\/08\/2-comparer-correspondance-sensible-a-la-casse.png\",\"contentUrl\":\"https:\/\/exceladvisor.org\/wp-content\/uploads\/2023\/08\/2-comparer-correspondance-sensible-a-la-casse.png\"},{\"@type\":\"BreadcrumbList\",\"@id\":\"https:\/\/exceladvisor.org\/tr\/kanallari-karsilastir-2\/#breadcrumb\",\"itemListElement\":[{\"@type\":\"ListItem\",\"position\":1,\"name\":\"Ev\",\"item\":\"https:\/\/exceladvisor.org\/tr\/\"},{\"@type\":\"ListItem\",\"position\":2,\"name\":\"Excel&#39;deki iki dizeyi (metin) kar\u015f\u0131la\u015ft\u0131r\u0131n m\u0131?\"}]},{\"@type\":\"WebSite\",\"@id\":\"https:\/\/exceladvisor.org\/tr\/#website\",\"url\":\"https:\/\/exceladvisor.org\/tr\/\",\"name\":\"Excel Advisor\",\"description\":\"Veri hakimiyetine y\u00f6nelik nihai rehberiniz!\",\"publisher\":{\"@id\":\"https:\/\/exceladvisor.org\/tr\/#organization\"},\"potentialAction\":[{\"@type\":\"SearchAction\",\"target\":{\"@type\":\"EntryPoint\",\"urlTemplate\":\"https:\/\/exceladvisor.org\/tr\/?s={search_term_string}\"},\"query-input\":{\"@type\":\"PropertyValueSpecification\",\"valueRequired\":true,\"valueName\":\"search_term_string\"}}],\"inLanguage\":\"tr\"},{\"@type\":\"Organization\",\"@id\":\"https:\/\/exceladvisor.org\/tr\/#organization\",\"name\":\"Excel Advisor\",\"url\":\"https:\/\/exceladvisor.org\/tr\/\",\"logo\":{\"@type\":\"ImageObject\",\"inLanguage\":\"tr\",\"@id\":\"https:\/\/exceladvisor.org\/tr\/#\/schema\/logo\/image\/\",\"url\":\"https:\/\/exceladvisor.org\/tr\/wp-content\/uploads\/2023\/12\/exceladvisor.org_.png\",\"contentUrl\":\"https:\/\/exceladvisor.org\/tr\/wp-content\/uploads\/2023\/12\/exceladvisor.org_.png\",\"width\":105,\"height\":36,\"caption\":\"Excel Advisor\"},\"image\":{\"@id\":\"https:\/\/exceladvisor.org\/tr\/#\/schema\/logo\/image\/\"}}]}<\/script>\n<!-- \/ Yoast SEO plugin. -->","yoast_head_json":{"title":"\u25b7 Excel&#39;deki iki dizeyi (metin) kar\u015f\u0131la\u015ft\u0131rmak m\u0131 istiyorsunuz? (E\u011fitim 2023)","description":"Bu e\u011fitim size \u00e7ekme zincirlerini birbirleriyle kar\u015f\u0131la\u015ft\u0131rmak i\u00e7in bir Excel form\u00fcl\u00fcn\u00fcn nas\u0131l yaz\u0131laca\u011f\u0131n\u0131 \u00f6\u011fretecektir. Bunu kontrol edelim\u2026","robots":{"index":"index","follow":"follow","max-snippet":"max-snippet:-1","max-image-preview":"max-image-preview:large","max-video-preview":"max-video-preview:-1"},"canonical":"https:\/\/exceladvisor.org\/tr\/kanallari-karsilastir-2\/","og_locale":"tr_TR","og_type":"article","og_title":"\u25b7 Excel&#39;deki iki dizeyi (metin) kar\u015f\u0131la\u015ft\u0131rmak m\u0131 istiyorsunuz? (E\u011fitim 2023)","og_description":"Bu e\u011fitim size \u00e7ekme zincirlerini birbirleriyle kar\u015f\u0131la\u015ft\u0131rmak i\u00e7in bir Excel form\u00fcl\u00fcn\u00fcn nas\u0131l yaz\u0131laca\u011f\u0131n\u0131 \u00f6\u011fretecektir. Bunu kontrol edelim\u2026","og_url":"https:\/\/exceladvisor.org\/tr\/kanallari-karsilastir-2\/","og_site_name":"Excel Advisor","article_modified_time":"2023-12-10T06:03:37+00:00","og_image":[{"url":"https:\/\/exceladvisor.org\/wp-content\/uploads\/2023\/08\/2-comparer-correspondance-sensible-a-la-casse.png","type":"","width":"","height":""}],"twitter_card":"summary_large_image","twitter_misc":{"Tahmini okuma s\u00fcresi":"2 dakika"},"schema":{"@context":"https:\/\/schema.org","@graph":[{"@type":"WebPage","@id":"https:\/\/exceladvisor.org\/tr\/kanallari-karsilastir-2\/","url":"https:\/\/exceladvisor.org\/tr\/kanallari-karsilastir-2\/","name":"\u25b7 Excel&#39;deki iki dizeyi (metin) kar\u015f\u0131la\u015ft\u0131rmak m\u0131 istiyorsunuz? (E\u011fitim 2023)","isPartOf":{"@id":"https:\/\/exceladvisor.org\/tr\/#website"},"primaryImageOfPage":{"@id":"https:\/\/exceladvisor.org\/tr\/kanallari-karsilastir-2\/#primaryimage"},"image":{"@id":"https:\/\/exceladvisor.org\/tr\/kanallari-karsilastir-2\/#primaryimage"},"thumbnailUrl":"https:\/\/exceladvisor.org\/wp-content\/uploads\/2023\/08\/2-comparer-correspondance-sensible-a-la-casse.png","datePublished":"2023-11-04T03:04:03+00:00","dateModified":"2023-12-10T06:03:37+00:00","description":"Bu e\u011fitim size \u00e7ekme zincirlerini birbirleriyle kar\u015f\u0131la\u015ft\u0131rmak i\u00e7in bir Excel form\u00fcl\u00fcn\u00fcn nas\u0131l yaz\u0131laca\u011f\u0131n\u0131 \u00f6\u011fretecektir. Bunu kontrol edelim\u2026","breadcrumb":{"@id":"https:\/\/exceladvisor.org\/tr\/kanallari-karsilastir-2\/#breadcrumb"},"inLanguage":"tr","potentialAction":[{"@type":"ReadAction","target":["https:\/\/exceladvisor.org\/tr\/kanallari-karsilastir-2\/"]}]},{"@type":"ImageObject","inLanguage":"tr","@id":"https:\/\/exceladvisor.org\/tr\/kanallari-karsilastir-2\/#primaryimage","url":"https:\/\/exceladvisor.org\/wp-content\/uploads\/2023\/08\/2-comparer-correspondance-sensible-a-la-casse.png","contentUrl":"https:\/\/exceladvisor.org\/wp-content\/uploads\/2023\/08\/2-comparer-correspondance-sensible-a-la-casse.png"},{"@type":"BreadcrumbList","@id":"https:\/\/exceladvisor.org\/tr\/kanallari-karsilastir-2\/#breadcrumb","itemListElement":[{"@type":"ListItem","position":1,"name":"Ev","item":"https:\/\/exceladvisor.org\/tr\/"},{"@type":"ListItem","position":2,"name":"Excel&#39;deki iki dizeyi (metin) kar\u015f\u0131la\u015ft\u0131r\u0131n m\u0131?"}]},{"@type":"WebSite","@id":"https:\/\/exceladvisor.org\/tr\/#website","url":"https:\/\/exceladvisor.org\/tr\/","name":"Excel Advisor","description":"Veri hakimiyetine y\u00f6nelik nihai rehberiniz!","publisher":{"@id":"https:\/\/exceladvisor.org\/tr\/#organization"},"potentialAction":[{"@type":"SearchAction","target":{"@type":"EntryPoint","urlTemplate":"https:\/\/exceladvisor.org\/tr\/?s={search_term_string}"},"query-input":{"@type":"PropertyValueSpecification","valueRequired":true,"valueName":"search_term_string"}}],"inLanguage":"tr"},{"@type":"Organization","@id":"https:\/\/exceladvisor.org\/tr\/#organization","name":"Excel Advisor","url":"https:\/\/exceladvisor.org\/tr\/","logo":{"@type":"ImageObject","inLanguage":"tr","@id":"https:\/\/exceladvisor.org\/tr\/#\/schema\/logo\/image\/","url":"https:\/\/exceladvisor.org\/tr\/wp-content\/uploads\/2023\/12\/exceladvisor.org_.png","contentUrl":"https:\/\/exceladvisor.org\/tr\/wp-content\/uploads\/2023\/12\/exceladvisor.org_.png","width":105,"height":36,"caption":"Excel Advisor"},"image":{"@id":"https:\/\/exceladvisor.org\/tr\/#\/schema\/logo\/image\/"}}]}},"yoast_meta":{"yoast_wpseo_title":"","yoast_wpseo_metadesc":"","yoast_wpseo_canonical":""},"_links":{"self":[{"href":"https:\/\/exceladvisor.org\/tr\/wp-json\/wp\/v2\/pages\/1797","targetHints":{"allow":["GET"]}}],"collection":[{"href":"https:\/\/exceladvisor.org\/tr\/wp-json\/wp\/v2\/pages"}],"about":[{"href":"https:\/\/exceladvisor.org\/tr\/wp-json\/wp\/v2\/types\/page"}],"author":[{"embeddable":true,"href":"https:\/\/exceladvisor.org\/tr\/wp-json\/wp\/v2\/users\/1"}],"replies":[{"embeddable":true,"href":"https:\/\/exceladvisor.org\/tr\/wp-json\/wp\/v2\/comments?post=1797"}],"version-history":[{"count":1,"href":"https:\/\/exceladvisor.org\/tr\/wp-json\/wp\/v2\/pages\/1797\/revisions"}],"predecessor-version":[{"id":2664,"href":"https:\/\/exceladvisor.org\/tr\/wp-json\/wp\/v2\/pages\/1797\/revisions\/2664"}],"wp:attachment":[{"href":"https:\/\/exceladvisor.org\/tr\/wp-json\/wp\/v2\/media?parent=1797"}],"curies":[{"name":"wp","href":"https:\/\/api.w.org\/{rel}","templated":true}]}}