{"id":1798,"date":"2023-11-04T02:35:45","date_gmt":"2023-11-04T02:35:45","guid":{"rendered":"https:\/\/exceladvisor.org\/tr\/yatay-filtre\/"},"modified":"2023-12-10T06:03:15","modified_gmt":"2023-12-10T06:03:15","slug":"yatay-filtre","status":"publish","type":"page","link":"https:\/\/exceladvisor.org\/tr\/yatay-filtre\/","title":{"rendered":"Excel&#39;de yatay filtre nas\u0131l olu\u015fturulur?"},"content":{"rendered":"<div class=\"excel-icerikten-once\" id=\"excel-2155805837\"><script type=\"text\/javascript\">\r\n\tatOptions = {\r\n\t\t'key' : 'c1158f160081d6540a8409e6925dab94',\r\n\t\t'format' : 'iframe',\r\n\t\t'height' : 250,\r\n\t\t'width' : 300,\r\n\t\t'params' : {}\r\n\t};\r\n<\/script>\r\n<script type=\"text\/javascript\" src=\"\/\/www.highperformanceformat.com\/c1158f160081d6540a8409e6925dab94\/invoke.js\"><\/script><\/div> <p>Excel&#8217;de filtreyi yatay olarak kullanmak i\u00e7in, i\u015flevde belirtti\u011finiz \u00f6l\u00e7\u00fctlere g\u00f6re tabloyu filtrelemenize olanak tan\u0131yan F\u0130LTRE i\u015flevini kullanman\u0131z gerekir. Bir tablo belirtebilir, ard\u0131ndan sat\u0131r ad\u0131n\u0131 kullanarak filtrelenecek kriterleri belirtebilirsiniz.<\/p><p> A\u015fa\u011f\u0131daki \u00f6rnekte, ad\u0131n ve ya\u015f\u0131n yatay formda oldu\u011fu (ba\u015fl\u0131klar sat\u0131rlar halinde) k\u00fc\u00e7\u00fck bir veri k\u00fcmeniz var. Art\u0131k ya\u015f 45&#8217;in \u00fczerinde oldu\u011funda verileri ya\u015fa g\u00f6re filtrelememiz gerekiyor. <\/p><div class=\"wp-block-image\"><figure class=\"aligncenter size-full is-resized\"><img loading=\"lazy\" decoding=\"async\" class=\"wp-image-69883\" src=\"https:\/\/exceladvisor.org\/wp-content\/uploads\/2023\/08\/1-donnees-sous-forme-horizontale.png\" sizes=\"auto, \" srcset=\"\" alt=\"yatay formdaki veriler\" width=\"740\" height=\"390\"><\/figure><\/div><p> Burada toplam 40 ki\u015filik bir isim ve ya\u015f\u0131m\u0131z var, bu da isim ve ya\u015f ile sahip oldu\u011fumuz aral\u0131\u011f\u0131n A1:AO2 oldu\u011fu anlam\u0131na geliyor. A1 ve B1 h\u00fccrelerinin \u00fcstbilgi oldu\u011fu h\u00fccreler.<\/p><h2 class=\"wp-block-heading\"> Excel&#8217;de Yatay Filtre Uygulama Ad\u0131mlar\u0131<\/h2><ol type=\"1\"><li> D2 h\u00fccresinde filtre i\u015flevini eklemeye ba\u015flay\u0131n.<\/li><li> Buradan, ilk arg\u00fcmanda, filtrelememiz gereken ger\u00e7ek verilere sahip oldu\u011fumuz B2:AO2 aral\u0131\u011f\u0131na bak\u0131n.<\/li><li> \u015eimdi ikinci arg\u00fcmanda, ya\u015f de\u011ferinin oldu\u011fu aral\u0131\u011fa bak\u0131n.<\/li><li> Daha sonra b\u00fcy\u00fckt\u00fcr ve e\u015fittir operat\u00f6r\u00fcn\u00fc girin.<\/li><li> Daha sonra kriter olarak kullanmak istedi\u011fimiz 45\u2019i girin.<\/li><li> \u00dc\u00e7\u00fcnc\u00fc arg\u00fcmanda, de\u011ferin olmad\u0131\u011f\u0131 h\u00fccreler i\u00e7in kullan\u0131lacak bir de\u011fer belirtmeyi kullanabilirsiniz.<\/li><li> Sonunda, kapatma parantezlerini girin ve filtrelenen verileri almak i\u00e7in Enter tu\u015funa bas\u0131n. <\/li><\/ol><div class=\"wp-block-image\"><figure class=\"aligncenter size-full is-resized\"><img loading=\"lazy\" decoding=\"async\" class=\"wp-image-69884\" src=\"https:\/\/exceladvisor.org\/wp-content\/uploads\/2023\/08\/2-appliquer-le-filtre-horizontal.png\" sizes=\"auto, \" srcset=\"\" alt=\"filtreyi uygula-yatay\" width=\"734\" height=\"407\"><\/figure><\/div><p> G\u00f6rd\u00fc\u011f\u00fcn\u00fcz gibi yatay formda sahip oldu\u011fumuz orijinal verilerden filtrelenmi\u015f verilerimiz var.<\/p><pre class=\"wp-block-code\"> <code class=\"language-excel-formula\" lang=\"excel-formula\">=FILTER(B1:AO2,B2:AO2&gt;=45)<\/code><\/pre><h2 class=\"wp-block-heading\"> Bu form\u00fcl nas\u0131l \u00e7al\u0131\u015f\u0131yor?<\/h2><p> Bu form\u00fcl\u00fc anlamaya \u00e7al\u0131\u015fmadan \u00f6nce, F\u0130LTRE&#8217;nin tek bir form\u00fclde ayn\u0131 anda birden fazla de\u011ferle \u00e7al\u0131\u015fman\u0131za ve ard\u0131ndan birden fazla h\u00fccrede de\u011fer d\u00f6nd\u00fcrmenize olanak tan\u0131yan D\u0130NAM\u0130K bir i\u015flev oldu\u011funu bilmemiz gerekir.<\/p><p> Bunu anlamak i\u00e7in \u015fimdi bu fonksiyonu iki par\u00e7aya ay\u0131ral\u0131m: <\/p><div class=\"wp-block-image\"><figure class=\"aligncenter size-full is-resized\"><img loading=\"lazy\" decoding=\"async\" class=\"wp-image-69885\" src=\"https:\/\/exceladvisor.org\/wp-content\/uploads\/2023\/08\/3-comment-fonctionne-le-filtre-horizontal.png\" sizes=\"auto, \" srcset=\"\" alt=\"yatay filtre nas\u0131l \u00e7al\u0131\u015f\u0131r\" width=\"713\" height=\"376\"><\/figure><\/div><p> \u0130lk b\u00f6l\u00fcmde ad\u0131n\u0131 ve ya\u015f\u0131n\u0131 ald\u0131\u011f\u0131m\u0131z B1:AO2 serisinin tamam\u0131ndan bahsetmi\u015ftik. Buna ba\u015fvurdu\u011funuzda Excel&#8217;e iki farkl\u0131 tablo almas\u0131n\u0131 s\u00f6yler \u00e7\u00fcnk\u00fc A ve B sat\u0131rlar\u0131m\u0131z var.<\/p><p> \u015eimdi ikinci b\u00f6l\u00fcmde sadece ya\u015f s\u00fctununa de\u011findik ve bununla birlikte test edilecek 45&#8217;e e\u015fit ve daha b\u00fcy\u00fck bir ko\u015ful belirledik.<\/p><p> Art\u0131k bu fonksiyonun t\u00fcm b\u00fcy\u00fcs\u00fc bu k\u0131s\u0131mda. Filtrelenecek bir ko\u015ful belirtirken, ya\u015f s\u00fctunundaki her de\u011feri test eder. <\/p><div class=\"wp-block-image\"><figure class=\"aligncenter size-full is-resized\"><img loading=\"lazy\" decoding=\"async\" class=\"wp-image-69886\" src=\"https:\/\/exceladvisor.org\/wp-content\/uploads\/2023\/08\/4-tests-de-filtre-horizontaux-pour-chaque-valeur.png\" sizes=\"auto, \" srcset=\"\" alt=\"yatay-filtre-testleri-her-de\u011fer\" width=\"771\" height=\"303\"><\/figure><\/div><p> Test s\u0131ras\u0131nda ya\u015f s\u00fctununda yaln\u0131zca 45&#8217;ten b\u00fcy\u00fck veya ona e\u015fit \u00fc\u00e7 de\u011fer buluyor. Bu da F\u0130LTRE fonksiyonuna filtrelememiz gereken \u00fc\u00e7 de\u011fer oldu\u011funu s\u00f6yler.<\/p><p> S\u00f6yledi\u011fim gibi, vurgulanan filtrelenmi\u015f veri k\u00fcmesinden herhangi bir h\u00fccreyi se\u00e7erken bu dinamik bir i\u015flevdir. <\/p><div class=\"wp-block-image\"><figure class=\"aligncenter size-full is-resized\"><img loading=\"lazy\" decoding=\"async\" class=\"wp-image-69887\" src=\"https:\/\/exceladvisor.org\/wp-content\/uploads\/2023\/08\/5-filtres-dynamiques-horizontaux.png\" sizes=\"auto, \" srcset=\"\" alt=\"yatay dinamik filtre\" width=\"667\" height=\"280\"><\/figure><\/div><p> Ayr\u0131ca daha da ileri giderek verileri transpoze edebilir, yatay verileri filtreleyebilir ve transpoze fonksiyonunu kullanarak dikey verilere d\u00f6n\u00fc\u015ft\u00fcrebilirsiniz. <\/p><div class=\"wp-block-image\"><figure class=\"aligncenter size-full is-resized\"><img loading=\"lazy\" decoding=\"async\" class=\"wp-image-69888\" src=\"https:\/\/exceladvisor.org\/wp-content\/uploads\/2023\/08\/6-donnees-de-filtrage-et-de-transponse.png\" sizes=\"auto, \" srcset=\"\" alt=\"verileri filtrele ve aktar\" width=\"641\" height=\"442\"><\/figure><\/div><p> Filtre fonksiyonunu transpoze fonksiyonuna sarman\u0131z yeterlidir. <\/p><div class=\"gb-container gb-container-52dfcee1 gb-container-sample-file\"><h2 class=\"gb-headline gb-headline-e289c143 gb-headline-text gb-headline-4f7959c2\"> Excel dosyas\u0131n\u0131 al\u0131n<\/h2> <a class=\"gb-button gb-button-e88d6bee gb-button-text gb-button-button1\" href=\"https:\/\/exceladvisor.org\/wp-content\/uploads\/2023\/11\/filtre-horizontal-2.xlsx\" rel=\"nofollow\">\u0130ndirmek<\/a><\/div><div class=\"gb-container gb-container-0df56012 gb-container-mt\"> <a class=\"gb-button gb-button-f9f432f4 gb-button-text gb-button-mt-button\" href=\"https:\/\/exceladvisor.org\/tr\/formuller\/\">Excel form\u00fcllerinin listesi<\/a><h2 class=\"gb-headline gb-headline-233444e8 gb-headline-text gb-headline-mt-heading\"> \u0130lgili form\u00fcller <\/h2><div class=\"gb-grid-wrapper gb-grid-wrapper-a16fa65c gb-grid-wrapper-mt-grid\"><div class=\"gb-grid-column gb-grid-column-50d07e0d\"><div class=\"gb-container gb-container-50d07e0d\"><ul><li> <a href=\"https:\/\/exceladvisor.org\/tr\/yildiz-derecelendirmesi\/\">Excel&#8217;de y\u0131ld\u0131z derecelendirmesi \u015fablonu olu\u015fturma<\/a><\/li><li> <a href=\"https:\/\/exceladvisor.org\/tr\/dosya-adini-al\/\">Excel&#8217;de dosya ad\u0131n\u0131 al\u0131n<\/a><\/li><li> <a href=\"https:\/\/exceladvisor.org\/tr\/sayfa-adini-al\/\">Excel&#8217;de sayfa ad\u0131n\u0131 al\u0131n<\/a><\/li><li> <a href=\"https:\/\/exceladvisor.org\/tr\/rastgele-harfler-olustur\/\">Excel&#8217;de h\u0131zla rastgele harfler olu\u015fturun<\/a><\/li><li> <a href=\"https:\/\/exceladvisor.org\/tr\/listeyi-rastgele-hale-getir\/\">Excel&#8217;de bir listeyi rastgele s\u0131ralama (rastgele s\u0131ralama)<\/a><\/li><\/ul><\/div><\/div><\/div><\/div>","protected":false},"excerpt":{"rendered":"","protected":false},"author":1,"featured_media":0,"parent":0,"menu_order":0,"comment_status":"open","ping_status":"closed","template":"","meta":{"ub_ctt_via":"","footnotes":""},"class_list":["post-1798","page","type-page","status-publish","hentry"],"featured_image_src":null,"yoast_head":"<!-- This site is optimized with the Yoast SEO plugin v25.4 - https:\/\/yoast.com\/wordpress\/plugins\/seo\/ -->\n<title>Excel&#039;de yatay filtre nas\u0131l olu\u015fturulur? - Excel Dan\u0131\u015fman\u0131<\/title>\n<meta name=\"description\" content=\"Bu e\u011fitimde yatay filtre uygulaman\u0131za yard\u0131mc\u0131 olabilecek bir form\u00fcl\u00fcn nas\u0131l olu\u015fturulaca\u011f\u0131n\u0131 \u00f6\u011frenece\u011fiz.\" \/>\n<meta name=\"robots\" content=\"index, follow, max-snippet:-1, max-image-preview:large, max-video-preview:-1\" \/>\n<link rel=\"canonical\" href=\"https:\/\/exceladvisor.org\/tr\/yatay-filtre\/\" \/>\n<meta property=\"og:locale\" content=\"tr_TR\" \/>\n<meta property=\"og:type\" content=\"article\" \/>\n<meta property=\"og:title\" content=\"Excel&#039;de yatay filtre nas\u0131l olu\u015fturulur? - Excel Dan\u0131\u015fman\u0131\" \/>\n<meta property=\"og:description\" content=\"Bu e\u011fitimde yatay filtre uygulaman\u0131za yard\u0131mc\u0131 olabilecek bir form\u00fcl\u00fcn nas\u0131l olu\u015fturulaca\u011f\u0131n\u0131 \u00f6\u011frenece\u011fiz.\" \/>\n<meta property=\"og:url\" content=\"https:\/\/exceladvisor.org\/tr\/yatay-filtre\/\" \/>\n<meta property=\"og:site_name\" content=\"Excel Advisor\" \/>\n<meta property=\"article:modified_time\" content=\"2023-12-10T06:03:15+00:00\" \/>\n<meta property=\"og:image\" content=\"https:\/\/exceladvisor.org\/wp-content\/uploads\/2023\/08\/1-donnees-sous-forme-horizontale.png\" \/>\n<meta name=\"twitter:card\" content=\"summary_large_image\" \/>\n<meta name=\"twitter:label1\" content=\"Tahmini okuma s\u00fcresi\" \/>\n\t<meta name=\"twitter:data1\" content=\"3 dakika\" \/>\n<script type=\"application\/ld+json\" class=\"yoast-schema-graph\">{\"@context\":\"https:\/\/schema.org\",\"@graph\":[{\"@type\":\"WebPage\",\"@id\":\"https:\/\/exceladvisor.org\/tr\/yatay-filtre\/\",\"url\":\"https:\/\/exceladvisor.org\/tr\/yatay-filtre\/\",\"name\":\"Excel&#39;de yatay filtre nas\u0131l olu\u015fturulur? - Excel Dan\u0131\u015fman\u0131\",\"isPartOf\":{\"@id\":\"https:\/\/exceladvisor.org\/tr\/#website\"},\"primaryImageOfPage\":{\"@id\":\"https:\/\/exceladvisor.org\/tr\/yatay-filtre\/#primaryimage\"},\"image\":{\"@id\":\"https:\/\/exceladvisor.org\/tr\/yatay-filtre\/#primaryimage\"},\"thumbnailUrl\":\"https:\/\/exceladvisor.org\/wp-content\/uploads\/2023\/08\/1-donnees-sous-forme-horizontale.png\",\"datePublished\":\"2023-11-04T02:35:45+00:00\",\"dateModified\":\"2023-12-10T06:03:15+00:00\",\"description\":\"Bu e\u011fitimde yatay filtre uygulaman\u0131za yard\u0131mc\u0131 olabilecek bir form\u00fcl\u00fcn nas\u0131l olu\u015fturulaca\u011f\u0131n\u0131 \u00f6\u011frenece\u011fiz.\",\"breadcrumb\":{\"@id\":\"https:\/\/exceladvisor.org\/tr\/yatay-filtre\/#breadcrumb\"},\"inLanguage\":\"tr\",\"potentialAction\":[{\"@type\":\"ReadAction\",\"target\":[\"https:\/\/exceladvisor.org\/tr\/yatay-filtre\/\"]}]},{\"@type\":\"ImageObject\",\"inLanguage\":\"tr\",\"@id\":\"https:\/\/exceladvisor.org\/tr\/yatay-filtre\/#primaryimage\",\"url\":\"https:\/\/exceladvisor.org\/wp-content\/uploads\/2023\/08\/1-donnees-sous-forme-horizontale.png\",\"contentUrl\":\"https:\/\/exceladvisor.org\/wp-content\/uploads\/2023\/08\/1-donnees-sous-forme-horizontale.png\"},{\"@type\":\"BreadcrumbList\",\"@id\":\"https:\/\/exceladvisor.org\/tr\/yatay-filtre\/#breadcrumb\",\"itemListElement\":[{\"@type\":\"ListItem\",\"position\":1,\"name\":\"Ev\",\"item\":\"https:\/\/exceladvisor.org\/tr\/\"},{\"@type\":\"ListItem\",\"position\":2,\"name\":\"Excel&#39;de yatay filtre nas\u0131l olu\u015fturulur?\"}]},{\"@type\":\"WebSite\",\"@id\":\"https:\/\/exceladvisor.org\/tr\/#website\",\"url\":\"https:\/\/exceladvisor.org\/tr\/\",\"name\":\"Excel Advisor\",\"description\":\"Veri hakimiyetine y\u00f6nelik nihai rehberiniz!\",\"publisher\":{\"@id\":\"https:\/\/exceladvisor.org\/tr\/#organization\"},\"potentialAction\":[{\"@type\":\"SearchAction\",\"target\":{\"@type\":\"EntryPoint\",\"urlTemplate\":\"https:\/\/exceladvisor.org\/tr\/?s={search_term_string}\"},\"query-input\":{\"@type\":\"PropertyValueSpecification\",\"valueRequired\":true,\"valueName\":\"search_term_string\"}}],\"inLanguage\":\"tr\"},{\"@type\":\"Organization\",\"@id\":\"https:\/\/exceladvisor.org\/tr\/#organization\",\"name\":\"Excel Advisor\",\"url\":\"https:\/\/exceladvisor.org\/tr\/\",\"logo\":{\"@type\":\"ImageObject\",\"inLanguage\":\"tr\",\"@id\":\"https:\/\/exceladvisor.org\/tr\/#\/schema\/logo\/image\/\",\"url\":\"https:\/\/exceladvisor.org\/tr\/wp-content\/uploads\/2023\/12\/exceladvisor.org_.png\",\"contentUrl\":\"https:\/\/exceladvisor.org\/tr\/wp-content\/uploads\/2023\/12\/exceladvisor.org_.png\",\"width\":105,\"height\":36,\"caption\":\"Excel Advisor\"},\"image\":{\"@id\":\"https:\/\/exceladvisor.org\/tr\/#\/schema\/logo\/image\/\"}}]}<\/script>\n<!-- \/ Yoast SEO plugin. -->","yoast_head_json":{"title":"Excel&#39;de yatay filtre nas\u0131l olu\u015fturulur? - Excel Dan\u0131\u015fman\u0131","description":"Bu e\u011fitimde yatay filtre uygulaman\u0131za yard\u0131mc\u0131 olabilecek bir form\u00fcl\u00fcn nas\u0131l olu\u015fturulaca\u011f\u0131n\u0131 \u00f6\u011frenece\u011fiz.","robots":{"index":"index","follow":"follow","max-snippet":"max-snippet:-1","max-image-preview":"max-image-preview:large","max-video-preview":"max-video-preview:-1"},"canonical":"https:\/\/exceladvisor.org\/tr\/yatay-filtre\/","og_locale":"tr_TR","og_type":"article","og_title":"Excel&#39;de yatay filtre nas\u0131l olu\u015fturulur? - Excel Dan\u0131\u015fman\u0131","og_description":"Bu e\u011fitimde yatay filtre uygulaman\u0131za yard\u0131mc\u0131 olabilecek bir form\u00fcl\u00fcn nas\u0131l olu\u015fturulaca\u011f\u0131n\u0131 \u00f6\u011frenece\u011fiz.","og_url":"https:\/\/exceladvisor.org\/tr\/yatay-filtre\/","og_site_name":"Excel Advisor","article_modified_time":"2023-12-10T06:03:15+00:00","og_image":[{"url":"https:\/\/exceladvisor.org\/wp-content\/uploads\/2023\/08\/1-donnees-sous-forme-horizontale.png","type":"","width":"","height":""}],"twitter_card":"summary_large_image","twitter_misc":{"Tahmini okuma s\u00fcresi":"3 dakika"},"schema":{"@context":"https:\/\/schema.org","@graph":[{"@type":"WebPage","@id":"https:\/\/exceladvisor.org\/tr\/yatay-filtre\/","url":"https:\/\/exceladvisor.org\/tr\/yatay-filtre\/","name":"Excel&#39;de yatay filtre nas\u0131l olu\u015fturulur? - Excel Dan\u0131\u015fman\u0131","isPartOf":{"@id":"https:\/\/exceladvisor.org\/tr\/#website"},"primaryImageOfPage":{"@id":"https:\/\/exceladvisor.org\/tr\/yatay-filtre\/#primaryimage"},"image":{"@id":"https:\/\/exceladvisor.org\/tr\/yatay-filtre\/#primaryimage"},"thumbnailUrl":"https:\/\/exceladvisor.org\/wp-content\/uploads\/2023\/08\/1-donnees-sous-forme-horizontale.png","datePublished":"2023-11-04T02:35:45+00:00","dateModified":"2023-12-10T06:03:15+00:00","description":"Bu e\u011fitimde yatay filtre uygulaman\u0131za yard\u0131mc\u0131 olabilecek bir form\u00fcl\u00fcn nas\u0131l olu\u015fturulaca\u011f\u0131n\u0131 \u00f6\u011frenece\u011fiz.","breadcrumb":{"@id":"https:\/\/exceladvisor.org\/tr\/yatay-filtre\/#breadcrumb"},"inLanguage":"tr","potentialAction":[{"@type":"ReadAction","target":["https:\/\/exceladvisor.org\/tr\/yatay-filtre\/"]}]},{"@type":"ImageObject","inLanguage":"tr","@id":"https:\/\/exceladvisor.org\/tr\/yatay-filtre\/#primaryimage","url":"https:\/\/exceladvisor.org\/wp-content\/uploads\/2023\/08\/1-donnees-sous-forme-horizontale.png","contentUrl":"https:\/\/exceladvisor.org\/wp-content\/uploads\/2023\/08\/1-donnees-sous-forme-horizontale.png"},{"@type":"BreadcrumbList","@id":"https:\/\/exceladvisor.org\/tr\/yatay-filtre\/#breadcrumb","itemListElement":[{"@type":"ListItem","position":1,"name":"Ev","item":"https:\/\/exceladvisor.org\/tr\/"},{"@type":"ListItem","position":2,"name":"Excel&#39;de yatay filtre nas\u0131l olu\u015fturulur?"}]},{"@type":"WebSite","@id":"https:\/\/exceladvisor.org\/tr\/#website","url":"https:\/\/exceladvisor.org\/tr\/","name":"Excel Advisor","description":"Veri hakimiyetine y\u00f6nelik nihai rehberiniz!","publisher":{"@id":"https:\/\/exceladvisor.org\/tr\/#organization"},"potentialAction":[{"@type":"SearchAction","target":{"@type":"EntryPoint","urlTemplate":"https:\/\/exceladvisor.org\/tr\/?s={search_term_string}"},"query-input":{"@type":"PropertyValueSpecification","valueRequired":true,"valueName":"search_term_string"}}],"inLanguage":"tr"},{"@type":"Organization","@id":"https:\/\/exceladvisor.org\/tr\/#organization","name":"Excel Advisor","url":"https:\/\/exceladvisor.org\/tr\/","logo":{"@type":"ImageObject","inLanguage":"tr","@id":"https:\/\/exceladvisor.org\/tr\/#\/schema\/logo\/image\/","url":"https:\/\/exceladvisor.org\/tr\/wp-content\/uploads\/2023\/12\/exceladvisor.org_.png","contentUrl":"https:\/\/exceladvisor.org\/tr\/wp-content\/uploads\/2023\/12\/exceladvisor.org_.png","width":105,"height":36,"caption":"Excel Advisor"},"image":{"@id":"https:\/\/exceladvisor.org\/tr\/#\/schema\/logo\/image\/"}}]}},"yoast_meta":{"yoast_wpseo_title":"","yoast_wpseo_metadesc":"","yoast_wpseo_canonical":""},"_links":{"self":[{"href":"https:\/\/exceladvisor.org\/tr\/wp-json\/wp\/v2\/pages\/1798","targetHints":{"allow":["GET"]}}],"collection":[{"href":"https:\/\/exceladvisor.org\/tr\/wp-json\/wp\/v2\/pages"}],"about":[{"href":"https:\/\/exceladvisor.org\/tr\/wp-json\/wp\/v2\/types\/page"}],"author":[{"embeddable":true,"href":"https:\/\/exceladvisor.org\/tr\/wp-json\/wp\/v2\/users\/1"}],"replies":[{"embeddable":true,"href":"https:\/\/exceladvisor.org\/tr\/wp-json\/wp\/v2\/comments?post=1798"}],"version-history":[{"count":1,"href":"https:\/\/exceladvisor.org\/tr\/wp-json\/wp\/v2\/pages\/1798\/revisions"}],"predecessor-version":[{"id":2643,"href":"https:\/\/exceladvisor.org\/tr\/wp-json\/wp\/v2\/pages\/1798\/revisions\/2643"}],"wp:attachment":[{"href":"https:\/\/exceladvisor.org\/tr\/wp-json\/wp\/v2\/media?parent=1798"}],"curies":[{"name":"wp","href":"https:\/\/api.w.org\/{rel}","templated":true}]}}