{"id":1799,"date":"2023-11-04T02:16:46","date_gmt":"2023-11-04T02:16:46","guid":{"rendered":"https:\/\/exceladvisor.org\/tr\/listeyi-rastgele-hale-getir\/"},"modified":"2023-12-10T06:03:06","modified_gmt":"2023-12-10T06:03:06","slug":"listeyi-rastgele-hale-getir","status":"publish","type":"page","link":"https:\/\/exceladvisor.org\/tr\/listeyi-rastgele-hale-getir\/","title":{"rendered":"Excel&#39;de veriler nas\u0131l kar\u0131\u015ft\u0131r\u0131l\u0131r?"},"content":{"rendered":"<div class=\"excel-icerikten-once\" id=\"excel-1410266734\"><script type=\"text\/javascript\">\r\n\tatOptions = {\r\n\t\t'key' : 'c1158f160081d6540a8409e6925dab94',\r\n\t\t'format' : 'iframe',\r\n\t\t'height' : 250,\r\n\t\t'width' : 300,\r\n\t\t'params' : {}\r\n\t};\r\n<\/script>\r\n<script type=\"text\/javascript\" src=\"\/\/www.highperformanceformat.com\/c1158f160081d6540a8409e6925dab94\/invoke.js\"><\/script><\/div> <p>Excel&#8217;deki de\u011ferler listesini rastgele hale getirmek, verileri rastgele s\u0131ralayabilece\u011finiz anlam\u0131na gelir. Bunun i\u00e7in de Excel&#8217;in RAND fonksiyonunu kullanman\u0131z ve bununla birlikte verileri s\u0131ralamak i\u00e7in kulland\u0131\u011f\u0131n\u0131z s\u0131ralama fonksiyonunu kullanman\u0131z gerekir. RAND, bu verilerin rastgele kar\u0131\u015ft\u0131r\u0131lmas\u0131na yard\u0131mc\u0131 olan rastgele de\u011ferler verir.<\/p><p> A\u015fa\u011f\u0131daki \u00f6rnekte bir isim listemiz var ve \u015fimdi bu listeyi rastgele s\u0131ralama kullanarak s\u0131ralamam\u0131z gerekiyor. <\/p><div class=\"wp-block-image\"><figure class=\"aligncenter size-full is-resized\"><img loading=\"lazy\" decoding=\"async\" class=\"wp-image-69862\" src=\"https:\/\/exceladvisor.org\/wp-content\/uploads\/2023\/08\/1-liste-de-noms-2.png\" sizes=\"auto, \" srcset=\"\" alt=\"isim listesi\" width=\"480\" height=\"444\"><\/figure><\/div><h2 class=\"wp-block-heading\"> Excel&#8217;de Bir Listeyi Rastgele Hale Getirme Ad\u0131mlar\u0131 (Listeyi Rastgele Hale Getirme)<\/h2><ol><li> \u0130lk \u00f6nce B1 h\u00fccresine RAND() de\u011ferini girin. Bu size 0 ile 1 aras\u0131nda rastgele bir say\u0131 verecektir.<\/li><li> Daha sonra form\u00fcl\u00fc listede bulunan soyad\u0131n\u0131za s\u00fcr\u00fcklemeniz gerekiyor. <br><img loading=\"lazy\" decoding=\"async\" title=\"2-bir listede rastgele s\u0131ralama\" src=\"https:\/\/exceladvisor.org\/wp-content\/uploads\/2023\/08\/2-trier-au-hasard-une-liste.png\" sizes=\"auto, \" srcset=\"\" alt=\"random-sort-a-list\" width=\"355\" height=\"374\"><\/li><li> Oradan VER\u0130 \u279c SORT k\u0131sm\u0131ndan s\u0131ralama se\u00e7ene\u011fini a\u00e7man\u0131z gerekiyor. Veya klavye k\u0131sayolunu kullanabilirsiniz (Alt \u279c A \u279c S \u279c S). <br><img loading=\"lazy\" decoding=\"async\" title=\"Se\u00e7enek 3-a\u00e7\u0131k s\u0131ralama\" src=\"https:\/\/exceladvisor.org\/wp-content\/uploads\/2023\/08\/3-ouvrir-loption-de-tri.png\" sizes=\"auto, \" srcset=\"\" alt=\"open-the-sort-option\" width=\"696\" height=\"351\"><\/li><li> &#8220;S\u0131ralama \u00f6l\u00e7\u00fct\u00fc&#8221;nde, rastgele de\u011ferlerin bulundu\u011fu s\u00fctunun ad\u0131n\u0131 se\u00e7in ve istedi\u011finiz s\u0131ralamay\u0131 se\u00e7in (bu hi\u00e7bir fark yaratmaz \u00e7\u00fcnk\u00fc biz rastgele s\u0131ralama ar\u0131yoruz).<\/li><li> Sonunda Tamam&#8217;\u0131 t\u0131klay\u0131n.<\/li><\/ol><p> Ve Tamam&#8217;\u0131 t\u0131klatt\u0131\u011f\u0131n\u0131zda, rastgele bir ad listesine sahip olursunuz (rastgele s\u0131rayla s\u0131ralanm\u0131\u015ft\u0131r). <\/p><div class=\"wp-block-image\"><figure class=\"aligncenter size-full is-resized\"><img loading=\"lazy\" decoding=\"async\" class=\"wp-image-69866\" src=\"https:\/\/exceladvisor.org\/wp-content\/uploads\/2023\/08\/Fonction-4-rands.png\" sizes=\"auto, \" srcset=\"\" alt=\"rand-fonksiyonu\" width=\"396\" height=\"369\"><\/figure><\/div><p> \u015eimdi burada dikkat etmemiz gereken bir husus var. RAND i\u015flevi ge\u00e7ici bir i\u015flevdir ve Excel&#8217;de her yeniden hesaplama yapt\u0131\u011f\u0131n\u0131zda de\u011fi\u015fir. Bu rastgele de\u011ferleri ya ger\u00e7ek de\u011ferlere \u00e7evirebilirsiniz ya da isimleri tekrar s\u0131ralamak istiyorsan\u0131z oldu\u011fu gibi b\u0131rakabilirsiniz.<\/p><h2 class=\"wp-block-heading\"> Rastgele S\u0131ralama S\u00fctunlar\u0131<\/h2><p> Ayn\u0131 y\u00f6ntemi kullanarak s\u00fctunlar\u0131 rastgele s\u0131rada da s\u0131ralayabilirsiniz. A\u015fa\u011f\u0131daki \u00f6rnekte, birden \u00e7ok s\u00fctunda ayn\u0131 ad listesine sahibiz ve \u015fimdi s\u00fctunlar\u0131 rastgele s\u0131rada s\u0131ralamam\u0131z gerekiyor. <\/p><div class=\"wp-block-image\"><figure class=\"aligncenter size-full is-resized\"><img loading=\"lazy\" decoding=\"async\" class=\"wp-image-69867\" src=\"https:\/\/exceladvisor.org\/wp-content\/uploads\/2023\/08\/5-colonnes-de-tri-aleatoire.png\" sizes=\"auto, \" srcset=\"\" alt=\"rastgele s\u0131ralama s\u00fctunlar\u0131\" width=\"823\" height=\"100\"><\/figure><\/div><p> \u00d6ncelikle \u00f6nceki y\u00f6ntemde yapt\u0131\u011f\u0131m\u0131z gibi rastgele say\u0131lardan olu\u015fan bir s\u00fctun olu\u015fturman\u0131z gerekiyor. <\/p><div class=\"wp-block-image\"><figure class=\"aligncenter size-full is-resized\"><img loading=\"lazy\" decoding=\"async\" class=\"wp-image-69868\" src=\"https:\/\/exceladvisor.org\/wp-content\/uploads\/2023\/08\/6-creer-une-colonne-de-nombres-aleatoires.png\" sizes=\"auto, \" srcset=\"\" alt=\"rastgele say\u0131lardan-bir-s\u00fctun olu\u015ftur\" width=\"833\" height=\"117\"><\/figure><\/div><p> Bundan sonra her iki sat\u0131r\u0131n veri aral\u0131\u011f\u0131n\u0131 se\u00e7meniz gerekir. <\/p><div class=\"wp-block-image\"><figure class=\"aligncenter size-full is-resized\"><img loading=\"lazy\" decoding=\"async\" class=\"wp-image-69869\" src=\"https:\/\/exceladvisor.org\/wp-content\/uploads\/2023\/08\/7-plages-de-donnees-selectionnees.png\" sizes=\"auto, \" srcset=\"\" alt=\"veri aral\u0131klar\u0131n\u0131 se\u00e7in\" width=\"827\" height=\"82\"><\/figure><\/div><p> \u015eimdi yapaca\u011f\u0131m\u0131z bir sonraki \u015fey s\u0131ralama se\u00e7ene\u011fini a\u00e7mak. S\u0131ralama se\u00e7ene\u011finde \u201cSE\u00c7ENEKLER\u201d butonuna t\u0131klay\u0131n ve \u201cSOLDAN SA\u011eA SIRALA\u201d se\u00e7ene\u011fini se\u00e7in ve ard\u0131ndan Tamam&#8217;a t\u0131klay\u0131n. <\/p><div class=\"wp-block-image\"><figure class=\"aligncenter size-full is-resized\"><img loading=\"lazy\" decoding=\"async\" class=\"wp-image-69870\" src=\"https:\/\/exceladvisor.org\/wp-content\/uploads\/2023\/08\/8-ouvrir-loption-de-tri.png\" sizes=\"auto, \" srcset=\"\" alt=\"s\u0131ralama se\u00e7ene\u011fini a\u00e7\" width=\"603\" height=\"308\"><\/figure><\/div><p> \u015eimdi s\u0131ralama se\u00e7enekleri ileti\u015fim kutusunda \u201cSat\u0131r1\u201di se\u00e7in ve sonunda Tamam&#8217;a t\u0131klay\u0131n. <\/p><div class=\"wp-block-image\"><figure class=\"aligncenter size-full is-resized\"><img loading=\"lazy\" decoding=\"async\" class=\"wp-image-69871\" src=\"https:\/\/exceladvisor.org\/wp-content\/uploads\/2023\/08\/9-selectionnez-la-ligne-une.png\" sizes=\"auto, \" srcset=\"\" alt=\"sat\u0131r-biri se\u00e7\" width=\"599\" height=\"289\"><\/figure><\/div><p> Tamam&#8217;\u0131 t\u0131klad\u0131\u011f\u0131n\u0131z anda s\u00fctunlar\u0131n rastgele s\u0131raya g\u00f6re s\u0131ralanmas\u0131n\u0131 sa\u011flayabilirsiniz. <\/p><div class=\"wp-block-image\"><figure class=\"aligncenter size-full is-resized\"><img loading=\"lazy\" decoding=\"async\" class=\"wp-image-69872\" src=\"https:\/\/exceladvisor.org\/wp-content\/uploads\/2023\/08\/10-obtenir-les-colonnes-triees.png\" sizes=\"auto, \" srcset=\"\" alt=\"s\u00fctunlar\u0131n s\u0131ralanmas\u0131\" width=\"821\" height=\"117\"><\/figure><\/div><p> Rastgele s\u0131ralama y\u00f6ntemini kullanarak Excel&#8217;deki rastgele de\u011ferler listesini bu \u015fekilde kullanabilirsiniz. <\/p><div class=\"gb-container gb-container-52dfcee1 gb-container-sample-file\"><h2 class=\"gb-headline gb-headline-e289c143 gb-headline-text gb-headline-4f7959c2\"> Excel dosyas\u0131n\u0131 al\u0131n<\/h2> <a class=\"gb-button gb-button-e88d6bee gb-button-text gb-button-button1\" href=\"https:\/\/exceladvisor.org\/wp-content\/uploads\/2023\/08\/randomiser-la-liste-2.xlsx\" rel=\"nofollow\">\u0130ndirmek<\/a><\/div><div class=\"gb-container gb-container-0df56012 gb-container-mt\"> <a class=\"gb-button gb-button-f9f432f4 gb-button-text gb-button-mt-button\" href=\"https:\/\/exceladvisor.org\/tr\/formuller\/\">Excel form\u00fcllerinin listesi<\/a><h2 class=\"gb-headline gb-headline-233444e8 gb-headline-text gb-headline-mt-heading\"> \u0130lgili form\u00fcller <\/h2><div class=\"gb-grid-wrapper gb-grid-wrapper-a16fa65c gb-grid-wrapper-mt-grid\"><div class=\"gb-grid-column gb-grid-column-50d07e0d\"><div class=\"gb-container gb-container-50d07e0d\"><ul><li> <a href=\"https:\/\/exceladvisor.org\/tr\/yatay-filtre\/\">Excel&#8217;de yatay filtre olu\u015fturma<\/a><\/li><li> <a href=\"https:\/\/exceladvisor.org\/tr\/yildiz-derecelendirmesi\/\">Excel&#8217;de y\u0131ld\u0131z derecelendirmesi \u015fablonu olu\u015fturma<\/a><\/li><li> <a href=\"https:\/\/exceladvisor.org\/tr\/dosya-adini-al\/\">Excel&#8217;de dosya ad\u0131n\u0131 al\u0131n<\/a><\/li><li> <a href=\"https:\/\/exceladvisor.org\/tr\/sayfa-adini-al\/\">Excel&#8217;de sayfa ad\u0131n\u0131 al\u0131n<\/a><\/li><li> <a href=\"https:\/\/exceladvisor.org\/tr\/rastgele-harfler-olustur\/\">Excel&#8217;de h\u0131zla rastgele harfler olu\u015fturun<\/a> <\/li><\/ul><\/div><\/div><div class=\"gb-grid-column gb-grid-column-5b4a0cf9\"><div class=\"gb-container gb-container-5b4a0cf9\"><\/div><\/div><\/div><\/div>","protected":false},"excerpt":{"rendered":"","protected":false},"author":1,"featured_media":0,"parent":0,"menu_order":0,"comment_status":"open","ping_status":"closed","template":"","meta":{"ub_ctt_via":"","footnotes":""},"class_list":["post-1799","page","type-page","status-publish","hentry"],"featured_image_src":null,"yoast_head":"<!-- This site is optimized with the Yoast SEO plugin v25.4 - https:\/\/yoast.com\/wordpress\/plugins\/seo\/ -->\n<title>\u25b7 Excel&#039;de veriler nas\u0131l kar\u0131\u015ft\u0131r\u0131l\u0131r? - Excel Dan\u0131\u015fman\u0131<\/title>\n<meta name=\"description\" content=\"Bu derste, se\u00e7enekleri kullanarak bir listeyi nas\u0131l rastgele hale getirece\u011fimizi (rastgele s\u0131ralama kullanarak verileri kar\u0131\u015ft\u0131rma) \u00f6\u011frenece\u011fiz.\" \/>\n<meta name=\"robots\" content=\"index, follow, max-snippet:-1, max-image-preview:large, max-video-preview:-1\" \/>\n<link rel=\"canonical\" href=\"https:\/\/exceladvisor.org\/tr\/listeyi-rastgele-hale-getir\/\" \/>\n<meta property=\"og:locale\" content=\"tr_TR\" \/>\n<meta property=\"og:type\" content=\"article\" \/>\n<meta property=\"og:title\" content=\"\u25b7 Excel&#039;de veriler nas\u0131l kar\u0131\u015ft\u0131r\u0131l\u0131r? - Excel Dan\u0131\u015fman\u0131\" \/>\n<meta property=\"og:description\" content=\"Bu derste, se\u00e7enekleri kullanarak bir listeyi nas\u0131l rastgele hale getirece\u011fimizi (rastgele s\u0131ralama kullanarak verileri kar\u0131\u015ft\u0131rma) \u00f6\u011frenece\u011fiz.\" \/>\n<meta property=\"og:url\" content=\"https:\/\/exceladvisor.org\/tr\/listeyi-rastgele-hale-getir\/\" \/>\n<meta property=\"og:site_name\" content=\"Excel Advisor\" \/>\n<meta property=\"article:modified_time\" content=\"2023-12-10T06:03:06+00:00\" \/>\n<meta property=\"og:image\" content=\"https:\/\/exceladvisor.org\/wp-content\/uploads\/2023\/08\/1-liste-de-noms-2.png\" \/>\n<meta name=\"twitter:card\" content=\"summary_large_image\" \/>\n<meta name=\"twitter:label1\" content=\"Tahmini okuma s\u00fcresi\" \/>\n\t<meta name=\"twitter:data1\" content=\"2 dakika\" \/>\n<script type=\"application\/ld+json\" class=\"yoast-schema-graph\">{\"@context\":\"https:\/\/schema.org\",\"@graph\":[{\"@type\":\"WebPage\",\"@id\":\"https:\/\/exceladvisor.org\/tr\/listeyi-rastgele-hale-getir\/\",\"url\":\"https:\/\/exceladvisor.org\/tr\/listeyi-rastgele-hale-getir\/\",\"name\":\"\u25b7 Excel&#39;de veriler nas\u0131l kar\u0131\u015ft\u0131r\u0131l\u0131r? - Excel Dan\u0131\u015fman\u0131\",\"isPartOf\":{\"@id\":\"https:\/\/exceladvisor.org\/tr\/#website\"},\"primaryImageOfPage\":{\"@id\":\"https:\/\/exceladvisor.org\/tr\/listeyi-rastgele-hale-getir\/#primaryimage\"},\"image\":{\"@id\":\"https:\/\/exceladvisor.org\/tr\/listeyi-rastgele-hale-getir\/#primaryimage\"},\"thumbnailUrl\":\"https:\/\/exceladvisor.org\/wp-content\/uploads\/2023\/08\/1-liste-de-noms-2.png\",\"datePublished\":\"2023-11-04T02:16:46+00:00\",\"dateModified\":\"2023-12-10T06:03:06+00:00\",\"description\":\"Bu derste, se\u00e7enekleri kullanarak bir listeyi nas\u0131l rastgele hale getirece\u011fimizi (rastgele s\u0131ralama kullanarak verileri kar\u0131\u015ft\u0131rma) \u00f6\u011frenece\u011fiz.\",\"breadcrumb\":{\"@id\":\"https:\/\/exceladvisor.org\/tr\/listeyi-rastgele-hale-getir\/#breadcrumb\"},\"inLanguage\":\"tr\",\"potentialAction\":[{\"@type\":\"ReadAction\",\"target\":[\"https:\/\/exceladvisor.org\/tr\/listeyi-rastgele-hale-getir\/\"]}]},{\"@type\":\"ImageObject\",\"inLanguage\":\"tr\",\"@id\":\"https:\/\/exceladvisor.org\/tr\/listeyi-rastgele-hale-getir\/#primaryimage\",\"url\":\"https:\/\/exceladvisor.org\/wp-content\/uploads\/2023\/08\/1-liste-de-noms-2.png\",\"contentUrl\":\"https:\/\/exceladvisor.org\/wp-content\/uploads\/2023\/08\/1-liste-de-noms-2.png\"},{\"@type\":\"BreadcrumbList\",\"@id\":\"https:\/\/exceladvisor.org\/tr\/listeyi-rastgele-hale-getir\/#breadcrumb\",\"itemListElement\":[{\"@type\":\"ListItem\",\"position\":1,\"name\":\"Ev\",\"item\":\"https:\/\/exceladvisor.org\/tr\/\"},{\"@type\":\"ListItem\",\"position\":2,\"name\":\"Excel&#39;de veriler nas\u0131l kar\u0131\u015ft\u0131r\u0131l\u0131r?\"}]},{\"@type\":\"WebSite\",\"@id\":\"https:\/\/exceladvisor.org\/tr\/#website\",\"url\":\"https:\/\/exceladvisor.org\/tr\/\",\"name\":\"Excel Advisor\",\"description\":\"Veri hakimiyetine y\u00f6nelik nihai rehberiniz!\",\"publisher\":{\"@id\":\"https:\/\/exceladvisor.org\/tr\/#organization\"},\"potentialAction\":[{\"@type\":\"SearchAction\",\"target\":{\"@type\":\"EntryPoint\",\"urlTemplate\":\"https:\/\/exceladvisor.org\/tr\/?s={search_term_string}\"},\"query-input\":{\"@type\":\"PropertyValueSpecification\",\"valueRequired\":true,\"valueName\":\"search_term_string\"}}],\"inLanguage\":\"tr\"},{\"@type\":\"Organization\",\"@id\":\"https:\/\/exceladvisor.org\/tr\/#organization\",\"name\":\"Excel Advisor\",\"url\":\"https:\/\/exceladvisor.org\/tr\/\",\"logo\":{\"@type\":\"ImageObject\",\"inLanguage\":\"tr\",\"@id\":\"https:\/\/exceladvisor.org\/tr\/#\/schema\/logo\/image\/\",\"url\":\"https:\/\/exceladvisor.org\/tr\/wp-content\/uploads\/2023\/12\/exceladvisor.org_.png\",\"contentUrl\":\"https:\/\/exceladvisor.org\/tr\/wp-content\/uploads\/2023\/12\/exceladvisor.org_.png\",\"width\":105,\"height\":36,\"caption\":\"Excel Advisor\"},\"image\":{\"@id\":\"https:\/\/exceladvisor.org\/tr\/#\/schema\/logo\/image\/\"}}]}<\/script>\n<!-- \/ Yoast SEO plugin. -->","yoast_head_json":{"title":"\u25b7 Excel&#39;de veriler nas\u0131l kar\u0131\u015ft\u0131r\u0131l\u0131r? - Excel Dan\u0131\u015fman\u0131","description":"Bu derste, se\u00e7enekleri kullanarak bir listeyi nas\u0131l rastgele hale getirece\u011fimizi (rastgele s\u0131ralama kullanarak verileri kar\u0131\u015ft\u0131rma) \u00f6\u011frenece\u011fiz.","robots":{"index":"index","follow":"follow","max-snippet":"max-snippet:-1","max-image-preview":"max-image-preview:large","max-video-preview":"max-video-preview:-1"},"canonical":"https:\/\/exceladvisor.org\/tr\/listeyi-rastgele-hale-getir\/","og_locale":"tr_TR","og_type":"article","og_title":"\u25b7 Excel&#39;de veriler nas\u0131l kar\u0131\u015ft\u0131r\u0131l\u0131r? - Excel Dan\u0131\u015fman\u0131","og_description":"Bu derste, se\u00e7enekleri kullanarak bir listeyi nas\u0131l rastgele hale getirece\u011fimizi (rastgele s\u0131ralama kullanarak verileri kar\u0131\u015ft\u0131rma) \u00f6\u011frenece\u011fiz.","og_url":"https:\/\/exceladvisor.org\/tr\/listeyi-rastgele-hale-getir\/","og_site_name":"Excel Advisor","article_modified_time":"2023-12-10T06:03:06+00:00","og_image":[{"url":"https:\/\/exceladvisor.org\/wp-content\/uploads\/2023\/08\/1-liste-de-noms-2.png","type":"","width":"","height":""}],"twitter_card":"summary_large_image","twitter_misc":{"Tahmini okuma s\u00fcresi":"2 dakika"},"schema":{"@context":"https:\/\/schema.org","@graph":[{"@type":"WebPage","@id":"https:\/\/exceladvisor.org\/tr\/listeyi-rastgele-hale-getir\/","url":"https:\/\/exceladvisor.org\/tr\/listeyi-rastgele-hale-getir\/","name":"\u25b7 Excel&#39;de veriler nas\u0131l kar\u0131\u015ft\u0131r\u0131l\u0131r? - Excel Dan\u0131\u015fman\u0131","isPartOf":{"@id":"https:\/\/exceladvisor.org\/tr\/#website"},"primaryImageOfPage":{"@id":"https:\/\/exceladvisor.org\/tr\/listeyi-rastgele-hale-getir\/#primaryimage"},"image":{"@id":"https:\/\/exceladvisor.org\/tr\/listeyi-rastgele-hale-getir\/#primaryimage"},"thumbnailUrl":"https:\/\/exceladvisor.org\/wp-content\/uploads\/2023\/08\/1-liste-de-noms-2.png","datePublished":"2023-11-04T02:16:46+00:00","dateModified":"2023-12-10T06:03:06+00:00","description":"Bu derste, se\u00e7enekleri kullanarak bir listeyi nas\u0131l rastgele hale getirece\u011fimizi (rastgele s\u0131ralama kullanarak verileri kar\u0131\u015ft\u0131rma) \u00f6\u011frenece\u011fiz.","breadcrumb":{"@id":"https:\/\/exceladvisor.org\/tr\/listeyi-rastgele-hale-getir\/#breadcrumb"},"inLanguage":"tr","potentialAction":[{"@type":"ReadAction","target":["https:\/\/exceladvisor.org\/tr\/listeyi-rastgele-hale-getir\/"]}]},{"@type":"ImageObject","inLanguage":"tr","@id":"https:\/\/exceladvisor.org\/tr\/listeyi-rastgele-hale-getir\/#primaryimage","url":"https:\/\/exceladvisor.org\/wp-content\/uploads\/2023\/08\/1-liste-de-noms-2.png","contentUrl":"https:\/\/exceladvisor.org\/wp-content\/uploads\/2023\/08\/1-liste-de-noms-2.png"},{"@type":"BreadcrumbList","@id":"https:\/\/exceladvisor.org\/tr\/listeyi-rastgele-hale-getir\/#breadcrumb","itemListElement":[{"@type":"ListItem","position":1,"name":"Ev","item":"https:\/\/exceladvisor.org\/tr\/"},{"@type":"ListItem","position":2,"name":"Excel&#39;de veriler nas\u0131l kar\u0131\u015ft\u0131r\u0131l\u0131r?"}]},{"@type":"WebSite","@id":"https:\/\/exceladvisor.org\/tr\/#website","url":"https:\/\/exceladvisor.org\/tr\/","name":"Excel Advisor","description":"Veri hakimiyetine y\u00f6nelik nihai rehberiniz!","publisher":{"@id":"https:\/\/exceladvisor.org\/tr\/#organization"},"potentialAction":[{"@type":"SearchAction","target":{"@type":"EntryPoint","urlTemplate":"https:\/\/exceladvisor.org\/tr\/?s={search_term_string}"},"query-input":{"@type":"PropertyValueSpecification","valueRequired":true,"valueName":"search_term_string"}}],"inLanguage":"tr"},{"@type":"Organization","@id":"https:\/\/exceladvisor.org\/tr\/#organization","name":"Excel Advisor","url":"https:\/\/exceladvisor.org\/tr\/","logo":{"@type":"ImageObject","inLanguage":"tr","@id":"https:\/\/exceladvisor.org\/tr\/#\/schema\/logo\/image\/","url":"https:\/\/exceladvisor.org\/tr\/wp-content\/uploads\/2023\/12\/exceladvisor.org_.png","contentUrl":"https:\/\/exceladvisor.org\/tr\/wp-content\/uploads\/2023\/12\/exceladvisor.org_.png","width":105,"height":36,"caption":"Excel Advisor"},"image":{"@id":"https:\/\/exceladvisor.org\/tr\/#\/schema\/logo\/image\/"}}]}},"yoast_meta":{"yoast_wpseo_title":"","yoast_wpseo_metadesc":"","yoast_wpseo_canonical":""},"_links":{"self":[{"href":"https:\/\/exceladvisor.org\/tr\/wp-json\/wp\/v2\/pages\/1799","targetHints":{"allow":["GET"]}}],"collection":[{"href":"https:\/\/exceladvisor.org\/tr\/wp-json\/wp\/v2\/pages"}],"about":[{"href":"https:\/\/exceladvisor.org\/tr\/wp-json\/wp\/v2\/types\/page"}],"author":[{"embeddable":true,"href":"https:\/\/exceladvisor.org\/tr\/wp-json\/wp\/v2\/users\/1"}],"replies":[{"embeddable":true,"href":"https:\/\/exceladvisor.org\/tr\/wp-json\/wp\/v2\/comments?post=1799"}],"version-history":[{"count":1,"href":"https:\/\/exceladvisor.org\/tr\/wp-json\/wp\/v2\/pages\/1799\/revisions"}],"predecessor-version":[{"id":2634,"href":"https:\/\/exceladvisor.org\/tr\/wp-json\/wp\/v2\/pages\/1799\/revisions\/2634"}],"wp:attachment":[{"href":"https:\/\/exceladvisor.org\/tr\/wp-json\/wp\/v2\/media?parent=1799"}],"curies":[{"name":"wp","href":"https:\/\/api.w.org\/{rel}","templated":true}]}}