{"id":1801,"date":"2023-11-03T20:23:05","date_gmt":"2023-11-03T20:23:05","guid":{"rendered":"https:\/\/exceladvisor.org\/tr\/kilit\/"},"modified":"2023-12-10T06:00:25","modified_gmt":"2023-12-10T06:00:25","slug":"kilit","status":"publish","type":"page","link":"https:\/\/exceladvisor.org\/tr\/kilit\/","title":{"rendered":"Excel&#39;de bir \u00e7al\u0131\u015fma sayfas\u0131n\u0131 h\u0131zl\u0131 bir \u015fekilde nas\u0131l kilitleyebilirim?"},"content":{"rendered":"<div class=\"excel-icerikten-once\" id=\"excel-3199345277\"><script type=\"text\/javascript\">\r\n\tatOptions = {\r\n\t\t'key' : 'c1158f160081d6540a8409e6925dab94',\r\n\t\t'format' : 'iframe',\r\n\t\t'height' : 250,\r\n\t\t'width' : 300,\r\n\t\t'params' : {}\r\n\t};\r\n<\/script>\r\n<script type=\"text\/javascript\" src=\"\/\/www.highperformanceformat.com\/c1158f160081d6540a8409e6925dab94\/invoke.js\"><\/script><\/div> <p>Excel&#8217;de sayfay\u0131 kilitleme se\u00e7ene\u011fi vard\u0131r. Bildi\u011finiz gibi Excel&#8217;de kullanabilece\u011finiz d\u00f6rt farkl\u0131 t\u00fcrde sayfam\u0131z var ve bu sayfalar\u0131n hepsini kilitleyebilirsiniz. Bu e\u011fitim bize \u201cSayfay\u0131 Koru\u201d se\u00e7ene\u011finin nas\u0131l kullan\u0131laca\u011f\u0131n\u0131 \u00f6\u011fretiyor. <\/p><div class=\"wp-block-image\"><figure class=\"aligncenter size-full is-resized\"><img loading=\"lazy\" decoding=\"async\" class=\"wp-image-92692\" src=\"https:\/\/exceladvisor.org\/wp-content\/uploads\/2023\/08\/1-verrouiller-une-feuille.png\" sizes=\"auto, \" srcset=\"\" alt=\"bir yapra\u011f\u0131 kilitlemek\" width=\"764\" height=\"156\"><\/figure><\/div><h2 id=\"h-lock-protect-a-worksheet\" class=\"wp-block-heading\"> Bir \u00e7al\u0131\u015fma sayfas\u0131n\u0131 \u201cKoru\u201d se\u00e7ene\u011fini kilitleme<\/h2><ol><li> \u00d6ncelikle \u00e7al\u0131\u015fma sayfas\u0131 sekmesine sa\u011f t\u0131klay\u0131n, ard\u0131ndan \u201cSayfay\u0131 Koru\u201d se\u00e7ene\u011fine t\u0131klay\u0131n. <br><img loading=\"lazy\" decoding=\"async\" title=\"2 t\u0131klamayla koruyucu tabaka\" src=\"https:\/\/exceladvisor.org\/wp-content\/uploads\/2023\/08\/2-cliquez-sur-la-feuille-de-protection.png\" sizes=\"auto, \" srcset=\"\" alt=\"2-click-on-protect-sheet\" width=\"453\" height=\"348\"><\/li><li> &#8220;Sayfay\u0131 Koru&#8221; <a href=\"https:\/\/exceladvisor.org\/tr\/iletisim-kutusu\/\">ileti\u015fim kutusunda<\/a> kullan\u0131c\u0131n\u0131n de\u011fi\u015ftirmesine izin vermek istedi\u011finiz se\u00e7enekleri se\u00e7in. <br><img loading=\"lazy\" decoding=\"async\" title=\"3-kullan\u0131c\u0131lar\u0131n hangi se\u00e7enekleri de\u011fi\u015ftirebilece\u011fini se\u00e7in\" src=\"https:\/\/exceladvisor.org\/wp-content\/uploads\/2023\/08\/3-choisissez-les-options-que-les-utilisateurs-peuvent-modifier.png\" sizes=\"auto, \" srcset=\"\" alt=\"3-choose-options-that-users-can-edit\" width=\"247\" height=\"412\"><\/li><li> Ve uygulamak istedi\u011finiz \u015fifreyi girin ve Tamam&#8217;a t\u0131klay\u0131n. <br><img loading=\"lazy\" decoding=\"async\" title=\"4-\u015fifreyi girin\" src=\"https:\/\/exceladvisor.org\/wp-content\/uploads\/2023\/08\/4-entrez-le-mot-de-passe.png\" sizes=\"auto, \" srcset=\"\" alt=\"4-enter-the-password\" width=\"301\" height=\"130\"><\/li><li> Daha sonra onaylamak i\u00e7in ayn\u0131 \u015fifreyi tekrar girin ve ard\u0131ndan kilidi uygulamak i\u00e7in Tamam&#8217;a t\u0131klay\u0131n. <br><img loading=\"lazy\" decoding=\"async\" title=\"5-uymak i\u00e7in \u015fifreyi tekrar girin\" src=\"https:\/\/exceladvisor.org\/wp-content\/uploads\/2023\/08\/5-re-entrer-le-mot-de-passe-pour-se-conformer.png\" sizes=\"auto, \" srcset=\"\" alt=\"5-re-enter-password-to-conform\" width=\"318\" height=\"182\"><\/li><\/ol><p> Tamam&#8217;\u0131 t\u0131klatt\u0131\u011f\u0131n\u0131zda, belirtilen parolay\u0131 (123456) kullanarak sayfay\u0131 kilitler. Kullan\u0131c\u0131 bir h\u00fccreyi d\u00fczenlemeye \u00e7al\u0131\u015ft\u0131\u011f\u0131nda \u015fu mesaj g\u00f6r\u00fcnt\u00fclenir: &#8220;D\u00fczenlemeye \u00e7al\u0131\u015ft\u0131\u011f\u0131n\u0131z h\u00fccre veya grafik korumal\u0131 bir sayfada. De\u011fi\u015fiklik yapmak i\u00e7in sayfan\u0131n korumas\u0131n\u0131 kald\u0131r\u0131n. Bir \u015fifre girmeniz istenebilir. <\/p><div class=\"wp-block-image\"><figure class=\"aligncenter size-full is-resized\"><img loading=\"lazy\" decoding=\"async\" class=\"wp-image-92697\" src=\"https:\/\/exceladvisor.org\/wp-content\/uploads\/2023\/08\/6-popup-pour-deproteger-la-feuille.png\" sizes=\"auto, \" srcset=\"\" alt=\"korumay\u0131 kald\u0131rmak i\u00e7in a\u00e7\u0131l\u0131r pencere\" width=\"796\" height=\"162\"><\/figure><\/div><p> Korumay\u0131 kald\u0131rmak i\u00e7in ayn\u0131 ad\u0131mlar\u0131 izlemeniz ve belirtti\u011finiz \u015fifreyi (123456) girmeniz gerekir. Sayfay\u0131 yeni veya mevcut bir \u00e7al\u0131\u015fma kitab\u0131na ta\u015f\u0131san\u0131z veya kopyalasan\u0131z bile sayfa korumas\u0131 bozulmadan kal\u0131r.<\/p><p class=\"qt-tip\"> <strong>Not<\/strong> : \u015eifreyi belirtmeyi atlayabilir ancak sayfay\u0131 kilitleyebilirsiniz. Bu durumda kullan\u0131c\u0131n\u0131n sayfan\u0131n kilidini a\u00e7mak i\u00e7in parolaya ihtiyac\u0131 yoktur. Ancak sayfa belirtti\u011finiz t\u00fcm korumaya sahip olacakt\u0131r.<\/p><h2 id=\"h-lock-a-chart-sheet-macro-sheet-or-dialog-sheet\" class=\"wp-block-heading\"> Grafik sayfas\u0131n\u0131, makro sayfas\u0131n\u0131 veya ileti\u015fim sayfas\u0131n\u0131 kilitleme<\/h2><p> S\u00f6yledi\u011fim gibi her t\u00fcrl\u00fc \u00e7ar\u015faf\u0131 kilitleyebilirsiniz ve her \u00e7ar\u015fafta kilitle koruyabilece\u011finiz bir dizi \u00f6\u011fe bulunur.<\/p><h3 id=\"h-chart-sheet\" class=\"wp-block-heading\"> Grafik Sayfas\u0131 <\/h3><div class=\"wp-block-image\"><figure class=\"aligncenter size-full is-resized\"><img loading=\"lazy\" decoding=\"async\" class=\"wp-image-92698\" src=\"https:\/\/exceladvisor.org\/wp-content\/uploads\/2023\/08\/7-verrouiller-une-macro-graphique-ou-une-feuille-de-dialogue.png\" sizes=\"auto, \" srcset=\"\" alt=\"bir grafik makrosunu veya ileti\u015fim sayfas\u0131n\u0131 kilitleme\" width=\"283\" height=\"244\"><\/figure><\/div><h3 id=\"h-macro-sheet\" class=\"wp-block-heading\"> Makro yaprak <\/h3><div class=\"wp-block-image\"><figure class=\"aligncenter size-full is-resized\"><img loading=\"lazy\" decoding=\"async\" class=\"wp-image-92699\" src=\"https:\/\/exceladvisor.org\/wp-content\/uploads\/2023\/08\/Feuille-de-macro-a-8-serrures.png\" sizes=\"auto, \" srcset=\"\" alt=\"makro sayfas\u0131n\u0131 kilitle\" width=\"291\" height=\"251\"><\/figure><\/div><h3 id=\"h-dialog-sheet\" class=\"wp-block-heading\"> Diyalog sayfas\u0131 <\/h3><div class=\"wp-block-image\"><figure class=\"aligncenter size-full is-resized\"><img loading=\"lazy\" decoding=\"async\" class=\"wp-image-92700\" src=\"https:\/\/exceladvisor.org\/wp-content\/uploads\/2023\/08\/9-Verrouiller-la-feuille-de-dialogue.png\" sizes=\"auto, \" srcset=\"\" alt=\"ileti\u015fim sayfas\u0131n\u0131 kilitle\" width=\"318\" height=\"186\"><\/figure><\/div><p> Yukar\u0131daki \u00f6rneklerde de g\u00f6rebilece\u011finiz gibi sayfalarda \u015fifre belirtmek iste\u011fe ba\u011fl\u0131d\u0131r. <\/p><div class=\"gb-container gb-container-52dfcee1 gb-container-sample-file\"><h2 class=\"gb-headline gb-headline-e289c143 gb-headline-text gb-headline-4f7959c2\"> Excel dosyas\u0131n\u0131 al\u0131n<\/h2> <a class=\"gb-button gb-button-e88d6bee gb-button-text gb-button-button1\" href=\"https:\/\/exceladvisor.org\/wp-content\/uploads\/2023\/08\/feuille-de-verrouillage.xlsx\" rel=\"nofollow\">\u0130ndirmek<\/a> <\/div><div class=\"gb-container gb-container-3044ba66 gb-container-mt\"><p class=\"gb-headline gb-headline-b5bb6270 gb-headline-text\"> <strong><a href=\"https:\/\/exceladvisor.org\/tr\/excelin-temelleri\/\">Excel Temelleri<\/a><\/strong> \/ <strong><a href=\"https:\/\/exceladvisor.org\/tr\/calisma-kagidi\/\" data-wpil=\"url\">Excel Elektronik Tablosu<\/a><\/strong><\/p><h2 class=\"gb-headline gb-headline-819d540d gb-headline-text gb-headline-mt-heading\"> Daha fazla e\u011fitim <\/h2><div class=\"gb-grid-wrapper gb-grid-wrapper-7f3d805a gb-grid-wrapper-mt-grid\"><div class=\"gb-grid-column gb-grid-column-7495e031\"><div class=\"gb-container gb-container-7495e031\"><ul><li> <a href=\"https:\/\/exceladvisor.org\/tr\/pekistirmek\/\">Birden \u00e7ok e-tablodaki verileri birle\u015ftirin<\/a><\/li><li> <a href=\"https:\/\/exceladvisor.org\/tr\/yeniden-isimlendirmek\/\">Excel&#8217;de sayfay\u0131 yeniden adland\u0131r\u0131n<\/a><\/li><li> <a href=\"https:\/\/exceladvisor.org\/tr\/grup-1\/\">Excel&#8217;de Grup \u00c7al\u0131\u015fma Sayfalar\u0131<\/a><\/li><li> <a href=\"https:\/\/exceladvisor.org\/tr\/yan-yana-gormek\/\">Excel&#8217;de iki sayfay\u0131 yan yana g\u00f6r\u00fcnt\u00fcleme<\/a> <\/li><\/ul><\/div><\/div><div class=\"gb-grid-column gb-grid-column-530ab33a\"><div class=\"gb-container gb-container-530ab33a\"><ul><li> <a href=\"https:\/\/exceladvisor.org\/tr\/goruntulemek\/\">Bir Excel sayfas\u0131n\u0131 veya t\u00fcm sayfalar\u0131 (e-tablo) g\u00f6r\u00fcnt\u00fcleme<\/a><\/li><li> <a href=\"https:\/\/exceladvisor.org\/tr\/1i-sil\/\">Excel&#8217;de bir sayfay\u0131 (\u00e7al\u0131\u015fma sayfas\u0131n\u0131) silme<\/a><\/li><li> <a href=\"https:\/\/exceladvisor.org\/tr\/kopyalamak\/\">Excel&#8217;de bir sayfay\u0131 veya elektronik tabloyu \u00e7o\u011faltma<\/a><\/li><li> <a href=\"https:\/\/exceladvisor.org\/tr\/baska-bir-sayfaya-baglanti\/\">Ba\u015fka bir e-tabloya k\u00f6pr\u00fc (ba\u011flant\u0131) olu\u015fturma<\/a><\/li><\/ul><\/div><\/div><\/div><\/div>","protected":false},"excerpt":{"rendered":"","protected":false},"author":1,"featured_media":0,"parent":0,"menu_order":0,"comment_status":"open","ping_status":"closed","template":"","meta":{"ub_ctt_via":"","footnotes":""},"class_list":["post-1801","page","type-page","status-publish","hentry"],"featured_image_src":null,"yoast_head":"<!-- This site is optimized with the Yoast SEO plugin v25.4 - https:\/\/yoast.com\/wordpress\/plugins\/seo\/ -->\n<title>Excel&#039;de bir \u00e7al\u0131\u015fma sayfas\u0131n\u0131 h\u0131zl\u0131 bir \u015fekilde nas\u0131l kilitleyebilirim?<\/title>\n<meta name=\"description\" content=\"Bu h\u0131zl\u0131 k\u0131lavuz, Excel&#039;deki bir sayfay\u0131 birka\u00e7 basit ad\u0131mda kilitlemenize yard\u0131mc\u0131 olacakt\u0131r. Bunu kontrol edelim...\" \/>\n<meta name=\"robots\" content=\"index, follow, max-snippet:-1, max-image-preview:large, max-video-preview:-1\" \/>\n<link rel=\"canonical\" href=\"https:\/\/exceladvisor.org\/tr\/kilit\/\" \/>\n<meta property=\"og:locale\" content=\"tr_TR\" \/>\n<meta property=\"og:type\" content=\"article\" \/>\n<meta property=\"og:title\" content=\"Excel&#039;de bir \u00e7al\u0131\u015fma sayfas\u0131n\u0131 h\u0131zl\u0131 bir \u015fekilde nas\u0131l kilitleyebilirim?\" \/>\n<meta property=\"og:description\" content=\"Bu h\u0131zl\u0131 k\u0131lavuz, Excel&#039;deki bir sayfay\u0131 birka\u00e7 basit ad\u0131mda kilitlemenize yard\u0131mc\u0131 olacakt\u0131r. Bunu kontrol edelim...\" \/>\n<meta property=\"og:url\" content=\"https:\/\/exceladvisor.org\/tr\/kilit\/\" \/>\n<meta property=\"og:site_name\" content=\"Excel Advisor\" \/>\n<meta property=\"article:modified_time\" content=\"2023-12-10T06:00:25+00:00\" \/>\n<meta property=\"og:image\" content=\"https:\/\/exceladvisor.org\/wp-content\/uploads\/2023\/08\/1-verrouiller-une-feuille.png\" \/>\n<meta name=\"twitter:card\" content=\"summary_large_image\" \/>\n<meta name=\"twitter:label1\" content=\"Tahmini okuma s\u00fcresi\" \/>\n\t<meta name=\"twitter:data1\" content=\"2 dakika\" \/>\n<script type=\"application\/ld+json\" class=\"yoast-schema-graph\">{\"@context\":\"https:\/\/schema.org\",\"@graph\":[{\"@type\":\"WebPage\",\"@id\":\"https:\/\/exceladvisor.org\/tr\/kilit\/\",\"url\":\"https:\/\/exceladvisor.org\/tr\/kilit\/\",\"name\":\"Excel&#39;de bir \u00e7al\u0131\u015fma sayfas\u0131n\u0131 h\u0131zl\u0131 bir \u015fekilde nas\u0131l kilitleyebilirim?\",\"isPartOf\":{\"@id\":\"https:\/\/exceladvisor.org\/tr\/#website\"},\"primaryImageOfPage\":{\"@id\":\"https:\/\/exceladvisor.org\/tr\/kilit\/#primaryimage\"},\"image\":{\"@id\":\"https:\/\/exceladvisor.org\/tr\/kilit\/#primaryimage\"},\"thumbnailUrl\":\"https:\/\/exceladvisor.org\/wp-content\/uploads\/2023\/08\/1-verrouiller-une-feuille.png\",\"datePublished\":\"2023-11-03T20:23:05+00:00\",\"dateModified\":\"2023-12-10T06:00:25+00:00\",\"description\":\"Bu h\u0131zl\u0131 k\u0131lavuz, Excel&#39;deki bir sayfay\u0131 birka\u00e7 basit ad\u0131mda kilitlemenize yard\u0131mc\u0131 olacakt\u0131r. Bunu kontrol edelim...\",\"breadcrumb\":{\"@id\":\"https:\/\/exceladvisor.org\/tr\/kilit\/#breadcrumb\"},\"inLanguage\":\"tr\",\"potentialAction\":[{\"@type\":\"ReadAction\",\"target\":[\"https:\/\/exceladvisor.org\/tr\/kilit\/\"]}]},{\"@type\":\"ImageObject\",\"inLanguage\":\"tr\",\"@id\":\"https:\/\/exceladvisor.org\/tr\/kilit\/#primaryimage\",\"url\":\"https:\/\/exceladvisor.org\/wp-content\/uploads\/2023\/08\/1-verrouiller-une-feuille.png\",\"contentUrl\":\"https:\/\/exceladvisor.org\/wp-content\/uploads\/2023\/08\/1-verrouiller-une-feuille.png\"},{\"@type\":\"BreadcrumbList\",\"@id\":\"https:\/\/exceladvisor.org\/tr\/kilit\/#breadcrumb\",\"itemListElement\":[{\"@type\":\"ListItem\",\"position\":1,\"name\":\"Ev\",\"item\":\"https:\/\/exceladvisor.org\/tr\/\"},{\"@type\":\"ListItem\",\"position\":2,\"name\":\"Excel&#39;de bir \u00e7al\u0131\u015fma sayfas\u0131n\u0131 h\u0131zl\u0131 bir \u015fekilde nas\u0131l kilitleyebilirim?\"}]},{\"@type\":\"WebSite\",\"@id\":\"https:\/\/exceladvisor.org\/tr\/#website\",\"url\":\"https:\/\/exceladvisor.org\/tr\/\",\"name\":\"Excel Advisor\",\"description\":\"Veri hakimiyetine y\u00f6nelik nihai rehberiniz!\",\"publisher\":{\"@id\":\"https:\/\/exceladvisor.org\/tr\/#organization\"},\"potentialAction\":[{\"@type\":\"SearchAction\",\"target\":{\"@type\":\"EntryPoint\",\"urlTemplate\":\"https:\/\/exceladvisor.org\/tr\/?s={search_term_string}\"},\"query-input\":{\"@type\":\"PropertyValueSpecification\",\"valueRequired\":true,\"valueName\":\"search_term_string\"}}],\"inLanguage\":\"tr\"},{\"@type\":\"Organization\",\"@id\":\"https:\/\/exceladvisor.org\/tr\/#organization\",\"name\":\"Excel Advisor\",\"url\":\"https:\/\/exceladvisor.org\/tr\/\",\"logo\":{\"@type\":\"ImageObject\",\"inLanguage\":\"tr\",\"@id\":\"https:\/\/exceladvisor.org\/tr\/#\/schema\/logo\/image\/\",\"url\":\"https:\/\/exceladvisor.org\/tr\/wp-content\/uploads\/2023\/12\/exceladvisor.org_.png\",\"contentUrl\":\"https:\/\/exceladvisor.org\/tr\/wp-content\/uploads\/2023\/12\/exceladvisor.org_.png\",\"width\":105,\"height\":36,\"caption\":\"Excel Advisor\"},\"image\":{\"@id\":\"https:\/\/exceladvisor.org\/tr\/#\/schema\/logo\/image\/\"}}]}<\/script>\n<!-- \/ Yoast SEO plugin. -->","yoast_head_json":{"title":"Excel&#39;de bir \u00e7al\u0131\u015fma sayfas\u0131n\u0131 h\u0131zl\u0131 bir \u015fekilde nas\u0131l kilitleyebilirim?","description":"Bu h\u0131zl\u0131 k\u0131lavuz, Excel&#39;deki bir sayfay\u0131 birka\u00e7 basit ad\u0131mda kilitlemenize yard\u0131mc\u0131 olacakt\u0131r. Bunu kontrol edelim...","robots":{"index":"index","follow":"follow","max-snippet":"max-snippet:-1","max-image-preview":"max-image-preview:large","max-video-preview":"max-video-preview:-1"},"canonical":"https:\/\/exceladvisor.org\/tr\/kilit\/","og_locale":"tr_TR","og_type":"article","og_title":"Excel&#39;de bir \u00e7al\u0131\u015fma sayfas\u0131n\u0131 h\u0131zl\u0131 bir \u015fekilde nas\u0131l kilitleyebilirim?","og_description":"Bu h\u0131zl\u0131 k\u0131lavuz, Excel&#39;deki bir sayfay\u0131 birka\u00e7 basit ad\u0131mda kilitlemenize yard\u0131mc\u0131 olacakt\u0131r. Bunu kontrol edelim...","og_url":"https:\/\/exceladvisor.org\/tr\/kilit\/","og_site_name":"Excel Advisor","article_modified_time":"2023-12-10T06:00:25+00:00","og_image":[{"url":"https:\/\/exceladvisor.org\/wp-content\/uploads\/2023\/08\/1-verrouiller-une-feuille.png","type":"","width":"","height":""}],"twitter_card":"summary_large_image","twitter_misc":{"Tahmini okuma s\u00fcresi":"2 dakika"},"schema":{"@context":"https:\/\/schema.org","@graph":[{"@type":"WebPage","@id":"https:\/\/exceladvisor.org\/tr\/kilit\/","url":"https:\/\/exceladvisor.org\/tr\/kilit\/","name":"Excel&#39;de bir \u00e7al\u0131\u015fma sayfas\u0131n\u0131 h\u0131zl\u0131 bir \u015fekilde nas\u0131l kilitleyebilirim?","isPartOf":{"@id":"https:\/\/exceladvisor.org\/tr\/#website"},"primaryImageOfPage":{"@id":"https:\/\/exceladvisor.org\/tr\/kilit\/#primaryimage"},"image":{"@id":"https:\/\/exceladvisor.org\/tr\/kilit\/#primaryimage"},"thumbnailUrl":"https:\/\/exceladvisor.org\/wp-content\/uploads\/2023\/08\/1-verrouiller-une-feuille.png","datePublished":"2023-11-03T20:23:05+00:00","dateModified":"2023-12-10T06:00:25+00:00","description":"Bu h\u0131zl\u0131 k\u0131lavuz, Excel&#39;deki bir sayfay\u0131 birka\u00e7 basit ad\u0131mda kilitlemenize yard\u0131mc\u0131 olacakt\u0131r. Bunu kontrol edelim...","breadcrumb":{"@id":"https:\/\/exceladvisor.org\/tr\/kilit\/#breadcrumb"},"inLanguage":"tr","potentialAction":[{"@type":"ReadAction","target":["https:\/\/exceladvisor.org\/tr\/kilit\/"]}]},{"@type":"ImageObject","inLanguage":"tr","@id":"https:\/\/exceladvisor.org\/tr\/kilit\/#primaryimage","url":"https:\/\/exceladvisor.org\/wp-content\/uploads\/2023\/08\/1-verrouiller-une-feuille.png","contentUrl":"https:\/\/exceladvisor.org\/wp-content\/uploads\/2023\/08\/1-verrouiller-une-feuille.png"},{"@type":"BreadcrumbList","@id":"https:\/\/exceladvisor.org\/tr\/kilit\/#breadcrumb","itemListElement":[{"@type":"ListItem","position":1,"name":"Ev","item":"https:\/\/exceladvisor.org\/tr\/"},{"@type":"ListItem","position":2,"name":"Excel&#39;de bir \u00e7al\u0131\u015fma sayfas\u0131n\u0131 h\u0131zl\u0131 bir \u015fekilde nas\u0131l kilitleyebilirim?"}]},{"@type":"WebSite","@id":"https:\/\/exceladvisor.org\/tr\/#website","url":"https:\/\/exceladvisor.org\/tr\/","name":"Excel Advisor","description":"Veri hakimiyetine y\u00f6nelik nihai rehberiniz!","publisher":{"@id":"https:\/\/exceladvisor.org\/tr\/#organization"},"potentialAction":[{"@type":"SearchAction","target":{"@type":"EntryPoint","urlTemplate":"https:\/\/exceladvisor.org\/tr\/?s={search_term_string}"},"query-input":{"@type":"PropertyValueSpecification","valueRequired":true,"valueName":"search_term_string"}}],"inLanguage":"tr"},{"@type":"Organization","@id":"https:\/\/exceladvisor.org\/tr\/#organization","name":"Excel Advisor","url":"https:\/\/exceladvisor.org\/tr\/","logo":{"@type":"ImageObject","inLanguage":"tr","@id":"https:\/\/exceladvisor.org\/tr\/#\/schema\/logo\/image\/","url":"https:\/\/exceladvisor.org\/tr\/wp-content\/uploads\/2023\/12\/exceladvisor.org_.png","contentUrl":"https:\/\/exceladvisor.org\/tr\/wp-content\/uploads\/2023\/12\/exceladvisor.org_.png","width":105,"height":36,"caption":"Excel Advisor"},"image":{"@id":"https:\/\/exceladvisor.org\/tr\/#\/schema\/logo\/image\/"}}]}},"yoast_meta":{"yoast_wpseo_title":"","yoast_wpseo_metadesc":"","yoast_wpseo_canonical":""},"_links":{"self":[{"href":"https:\/\/exceladvisor.org\/tr\/wp-json\/wp\/v2\/pages\/1801","targetHints":{"allow":["GET"]}}],"collection":[{"href":"https:\/\/exceladvisor.org\/tr\/wp-json\/wp\/v2\/pages"}],"about":[{"href":"https:\/\/exceladvisor.org\/tr\/wp-json\/wp\/v2\/types\/page"}],"author":[{"embeddable":true,"href":"https:\/\/exceladvisor.org\/tr\/wp-json\/wp\/v2\/users\/1"}],"replies":[{"embeddable":true,"href":"https:\/\/exceladvisor.org\/tr\/wp-json\/wp\/v2\/comments?post=1801"}],"version-history":[{"count":1,"href":"https:\/\/exceladvisor.org\/tr\/wp-json\/wp\/v2\/pages\/1801\/revisions"}],"predecessor-version":[{"id":2405,"href":"https:\/\/exceladvisor.org\/tr\/wp-json\/wp\/v2\/pages\/1801\/revisions\/2405"}],"wp:attachment":[{"href":"https:\/\/exceladvisor.org\/tr\/wp-json\/wp\/v2\/media?parent=1801"}],"curies":[{"name":"wp","href":"https:\/\/api.w.org\/{rel}","templated":true}]}}