{"id":1803,"date":"2023-11-03T19:45:13","date_gmt":"2023-11-03T19:45:13","guid":{"rendered":"https:\/\/exceladvisor.org\/tr\/yenileme\/"},"modified":"2023-12-10T06:00:28","modified_gmt":"2023-12-10T06:00:28","slug":"yenileme","status":"publish","type":"page","link":"https:\/\/exceladvisor.org\/tr\/yenileme\/","title":{"rendered":"Excel&#39;de bir e-tablo nas\u0131l g\u00fcncellenir?"},"content":{"rendered":"<div class=\"excel-icerikten-once\" id=\"excel-4288342158\"><script type=\"text\/javascript\">\r\n\tatOptions = {\r\n\t\t'key' : 'c1158f160081d6540a8409e6925dab94',\r\n\t\t'format' : 'iframe',\r\n\t\t'height' : 250,\r\n\t\t'width' : 300,\r\n\t\t'params' : {}\r\n\t};\r\n<\/script>\r\n<script type=\"text\/javascript\" src=\"\/\/www.highperformanceformat.com\/c1158f160081d6540a8409e6925dab94\/invoke.js\"><\/script><\/div> <p>Excel&#8217;de bir elektronik tabloyu manuel olarak yenileyebilirsiniz. Varsay\u0131lan olarak &#8220;Otomatik&#8221; g\u00fcncelleme se\u00e7ene\u011fi se\u00e7ili oldu\u011fundan genellikle manuel olarak yenilemeniz gerekmez. <\/p><div class=\"wp-block-image\"><figure class=\"aligncenter size-full is-resized\"><img loading=\"lazy\" decoding=\"async\" class=\"wp-image-92708\" src=\"https:\/\/exceladvisor.org\/wp-content\/uploads\/2023\/08\/1-referencer-une-fiche.png\" sizes=\"auto, \" srcset=\"\" alt=\"bir yapra\u011f\u0131 yenilemek\" width=\"437\" height=\"315\"><\/figure><\/div><p> Ancak bir sayfay\u0131 manuel olarak yenilemek i\u00e7in kullanabilece\u011finiz yollar vard\u0131r ve bu e\u011fitimde bu y\u00f6ntemleri \u00f6\u011frenece\u011fiz. A\u015fa\u011f\u0131daki \u00f6rnekte sayfay\u0131 yeniledi\u011finizde de\u011feri de\u011fi\u015fen RAND i\u015flevini kulland\u0131k. <\/p><div class=\"wp-block-image\"><figure class=\"aligncenter size-full is-resized\"><img loading=\"lazy\" decoding=\"async\" class=\"wp-image-92709\" src=\"https:\/\/exceladvisor.org\/wp-content\/uploads\/2023\/08\/2-la-fonction-change-de-valeur-lorsque-la-feuille-est-actualisee-a-chaque-fois.png\" sizes=\"auto, \" srcset=\"\" alt=\"i\u015flev-de\u011fer-de\u011fi\u015fimleri-sayfa-her zaman-yenilendi\u011finde\" width=\"486\" height=\"293\"><\/figure><\/div><h2 id=\"h-using-the-keyboard-shortcut\" class=\"wp-block-heading\"> Klavye k\u0131sayolunu kullanma<\/h2><p> Bir sayfay\u0131 an\u0131nda yenilemek i\u00e7in Shift+F9 (veya Shift+Fn+F9) tu\u015flar\u0131n\u0131 kullanabilirsiniz. H\u0131zl\u0131d\u0131r ve gerekirse birden \u00e7ok kez kullan\u0131rs\u0131n\u0131z. <\/p><div class=\"wp-block-image\"><figure class=\"aligncenter size-full is-resized\"><img loading=\"lazy\" decoding=\"async\" class=\"wp-image-92710\" src=\"https:\/\/exceladvisor.org\/wp-content\/uploads\/2023\/08\/3-raccourcis-clavier-pour-referencer.png\" sizes=\"auto, \" srcset=\"\" alt=\"y\u00f6nlendirme i\u00e7in k\u0131sayol tu\u015fu\" width=\"292\" height=\"94\"><\/figure><\/div><p> Etkin sayfa yerine \u00e7al\u0131\u015fma kitab\u0131n\u0131n tamam\u0131n\u0131 hesaplayacak olan F9 tu\u015funu da kullanabilirsiniz. <\/p><div class=\"wp-block-image\"><figure class=\"aligncenter size-full is-resized\"><img loading=\"lazy\" decoding=\"async\" class=\"wp-image-92711\" src=\"https:\/\/exceladvisor.org\/wp-content\/uploads\/2023\/08\/4-f9-pour-calculer-le-classeur-entier.png\" sizes=\"auto, \" srcset=\"\" alt=\"f9-\u00e7al\u0131\u015fma kitab\u0131n\u0131n tamam\u0131n\u0131 hesaplamak i\u00e7in\" width=\"104\" height=\"100\"><\/figure><\/div><h2 id=\"h-using-the-calculate-sheet-option\" class=\"wp-block-heading\"> Sayfay\u0131 Hesapla se\u00e7ene\u011fini kullanma<\/h2><ol type=\"1\"><li> Yenilemek istedi\u011finiz sayfaya gidin.<\/li><li> Form\u00fcl sekmesini a\u00e7\u0131n.<\/li><li> Hesaplama se\u00e7enekleri grubuna gidin.<\/li><li> \u201cSayfay\u0131 Hesapla\u201d se\u00e7ene\u011fine t\u0131klay\u0131n. <\/li><\/ol><div class=\"wp-block-image\"><figure class=\"aligncenter size-full is-resized\"><img loading=\"lazy\" decoding=\"async\" class=\"wp-image-92712\" src=\"https:\/\/exceladvisor.org\/wp-content\/uploads\/2023\/08\/5-option-de-feuille-de-calcul.png\" sizes=\"auto, \" srcset=\"\" alt=\"hesaplama-tablo-se\u00e7ene\u011fi\" width=\"660\" height=\"313\"><\/figure><\/div><p> Se\u00e7ene\u011fe t\u0131klad\u0131\u011f\u0131n\u0131zda aktif sayfa yenilenir ve t\u00fcm form\u00fclleriniz yeniden hesaplan\u0131r.<\/p><h2 id=\"h-using-a-vba-code-to-refresh-a-sheet\" class=\"wp-block-heading\"> Bir sayfay\u0131 yenilemek i\u00e7in VBA kodunu kullan\u0131n<\/h2><p> Evet, bir e-tabloyu yenilemek i\u00e7in a kullanabilirsiniz. Tek yapman\u0131z gereken Visual Basic d\u00fczenleyicisini a\u00e7mak, yeni bir mod\u00fcl eklemek ve ard\u0131ndan a\u015fa\u011f\u0131daki kodu yap\u0131\u015ft\u0131rmak.<\/p><pre class=\"wp-block-code\"> <code class=\"language-visual-basic\" lang=\"visual-basic\"><strong>Sub<\/strong> Macro1() ActiveSheet.Calculate <strong>End<\/strong> <strong>Sub<\/strong><\/code><\/pre><p> Yap\u0131\u015ft\u0131rd\u0131ktan sonra e-tabloyu yenilemek i\u00e7in kodu tek t\u0131klamayla \u00e7al\u0131\u015ft\u0131rabilirsiniz. <\/p><div class=\"wp-block-image\"><figure class=\"aligncenter size-full is-resized\"><img loading=\"lazy\" decoding=\"async\" class=\"wp-image-92713\" src=\"https:\/\/exceladvisor.org\/wp-content\/uploads\/2023\/08\/6-vba-pour-consulter-la-feuille.png\" sizes=\"auto, \" srcset=\"\" alt=\"vba-sayfay\u0131 yenilemek i\u00e7in\" width=\"688\" height=\"256\"><\/figure><\/div><p> Yukar\u0131daki kod aktif sayfay\u0131 yeniler. Ancak belirli bir sayfay\u0131 yenilemek istiyorsan\u0131z a\u015fa\u011f\u0131daki gibi bir kod yazabilirsiniz:<\/p><pre class=\"wp-block-code\"> <code class=\"language-visual-basic\" lang=\"visual-basic\">Sub <strong>Macro1<\/strong> () <strong>Sheets<\/strong> (\"Sheet1\").Calculate End Sub<\/code><\/pre><p> \u015eimdi yukar\u0131daki kod sadece &#8220;Sayfa1&#8243;i yeniliyor; Ad\u0131 de\u011fi\u015ftirmek istiyorsan\u0131z do\u011frudan kodun kendisinden de\u011fi\u015ftirebilirsiniz. <\/p><div class=\"gb-container gb-container-52dfcee1 gb-container-sample-file\"><h2 class=\"gb-headline gb-headline-e289c143 gb-headline-text gb-headline-4f7959c2\"> Excel dosyas\u0131n\u0131 al\u0131n<\/h2> <a class=\"gb-button gb-button-e88d6bee gb-button-text gb-button-button1\" href=\"https:\/\/exceladvisor.org\/wp-content\/uploads\/2023\/11\/feuille-de-rafraichissement.xlsx\" rel=\"nofollow\">\u0130ndirmek<\/a> <\/div><div class=\"gb-container gb-container-3044ba66 gb-container-mt\"><p class=\"gb-headline gb-headline-b5bb6270 gb-headline-text\"> <strong><a href=\"https:\/\/exceladvisor.org\/tr\/excelin-temelleri\/\">Excel Temelleri<\/a><\/strong> \/ <strong><a href=\"https:\/\/exceladvisor.org\/tr\/calisma-kagidi\/\" data-wpil=\"url\">Excel Elektronik Tablosu<\/a><\/strong><\/p><h2 class=\"gb-headline gb-headline-819d540d gb-headline-text gb-headline-mt-heading\"> Daha fazla e\u011fitim <\/h2><div class=\"gb-grid-wrapper gb-grid-wrapper-7f3d805a gb-grid-wrapper-mt-grid\"><div class=\"gb-grid-column gb-grid-column-7495e031\"><div class=\"gb-container gb-container-7495e031\"><ul><li> <a href=\"https:\/\/exceladvisor.org\/tr\/pekistirmek\/\">Birden \u00e7ok e-tablodaki verileri birle\u015ftirin<\/a><\/li><li> <a href=\"https:\/\/exceladvisor.org\/tr\/yeniden-isimlendirmek\/\">Excel&#8217;de sayfay\u0131 yeniden adland\u0131r\u0131n<\/a><\/li><li> <a href=\"https:\/\/exceladvisor.org\/tr\/grup-1\/\">Excel&#8217;de Grup \u00c7al\u0131\u015fma Sayfalar\u0131<\/a><\/li><li> <a href=\"https:\/\/exceladvisor.org\/tr\/yan-yana-gormek\/\">Excel&#8217;de iki sayfay\u0131 yan yana g\u00f6r\u00fcnt\u00fcleme<\/a><\/li><li> <a href=\"https:\/\/exceladvisor.org\/tr\/eklemek\/\">Excel&#8217;e elektronik tablo ekleme<\/a><\/li><\/ul><\/div><\/div><\/div><\/div>","protected":false},"excerpt":{"rendered":"","protected":false},"author":1,"featured_media":0,"parent":0,"menu_order":0,"comment_status":"open","ping_status":"closed","template":"","meta":{"ub_ctt_via":"","footnotes":""},"class_list":["post-1803","page","type-page","status-publish","hentry"],"featured_image_src":null,"yoast_head":"<!-- This site is optimized with the Yoast SEO plugin v25.4 - https:\/\/yoast.com\/wordpress\/plugins\/seo\/ -->\n<title>Excel&#039;de bir elektronik tabloyu h\u0131zl\u0131 bir \u015fekilde nas\u0131l yenileyebilirim?<\/title>\n<meta name=\"description\" content=\"Excel&#039;de bir elektronik tabloyu manuel olarak yenileyebilirsiniz. Genellikle manuel olarak yenilemeniz gerekmez \u00e7\u00fcnk\u00fc\" \/>\n<meta name=\"robots\" content=\"index, follow, max-snippet:-1, max-image-preview:large, max-video-preview:-1\" \/>\n<link rel=\"canonical\" href=\"https:\/\/exceladvisor.org\/tr\/yenileme\/\" \/>\n<meta property=\"og:locale\" content=\"tr_TR\" \/>\n<meta property=\"og:type\" content=\"article\" \/>\n<meta property=\"og:title\" content=\"Excel&#039;de bir elektronik tabloyu h\u0131zl\u0131 bir \u015fekilde nas\u0131l yenileyebilirim?\" \/>\n<meta property=\"og:description\" content=\"Excel&#039;de bir elektronik tabloyu manuel olarak yenileyebilirsiniz. Genellikle manuel olarak yenilemeniz gerekmez \u00e7\u00fcnk\u00fc\" \/>\n<meta property=\"og:url\" content=\"https:\/\/exceladvisor.org\/tr\/yenileme\/\" \/>\n<meta property=\"og:site_name\" content=\"Excel Advisor\" \/>\n<meta property=\"article:modified_time\" content=\"2023-12-10T06:00:28+00:00\" \/>\n<meta property=\"og:image\" content=\"https:\/\/exceladvisor.org\/wp-content\/uploads\/2023\/08\/1-referencer-une-fiche.png\" \/>\n<meta name=\"twitter:card\" content=\"summary_large_image\" \/>\n<meta name=\"twitter:label1\" content=\"Tahmini okuma s\u00fcresi\" \/>\n\t<meta name=\"twitter:data1\" content=\"2 dakika\" \/>\n<script type=\"application\/ld+json\" class=\"yoast-schema-graph\">{\"@context\":\"https:\/\/schema.org\",\"@graph\":[{\"@type\":\"WebPage\",\"@id\":\"https:\/\/exceladvisor.org\/tr\/yenileme\/\",\"url\":\"https:\/\/exceladvisor.org\/tr\/yenileme\/\",\"name\":\"Excel&#39;de bir elektronik tabloyu h\u0131zl\u0131 bir \u015fekilde nas\u0131l yenileyebilirim?\",\"isPartOf\":{\"@id\":\"https:\/\/exceladvisor.org\/tr\/#website\"},\"primaryImageOfPage\":{\"@id\":\"https:\/\/exceladvisor.org\/tr\/yenileme\/#primaryimage\"},\"image\":{\"@id\":\"https:\/\/exceladvisor.org\/tr\/yenileme\/#primaryimage\"},\"thumbnailUrl\":\"https:\/\/exceladvisor.org\/wp-content\/uploads\/2023\/08\/1-referencer-une-fiche.png\",\"datePublished\":\"2023-11-03T19:45:13+00:00\",\"dateModified\":\"2023-12-10T06:00:28+00:00\",\"description\":\"Excel&#39;de bir elektronik tabloyu manuel olarak yenileyebilirsiniz. Genellikle manuel olarak yenilemeniz gerekmez \u00e7\u00fcnk\u00fc\",\"breadcrumb\":{\"@id\":\"https:\/\/exceladvisor.org\/tr\/yenileme\/#breadcrumb\"},\"inLanguage\":\"tr\",\"potentialAction\":[{\"@type\":\"ReadAction\",\"target\":[\"https:\/\/exceladvisor.org\/tr\/yenileme\/\"]}]},{\"@type\":\"ImageObject\",\"inLanguage\":\"tr\",\"@id\":\"https:\/\/exceladvisor.org\/tr\/yenileme\/#primaryimage\",\"url\":\"https:\/\/exceladvisor.org\/wp-content\/uploads\/2023\/08\/1-referencer-une-fiche.png\",\"contentUrl\":\"https:\/\/exceladvisor.org\/wp-content\/uploads\/2023\/08\/1-referencer-une-fiche.png\"},{\"@type\":\"BreadcrumbList\",\"@id\":\"https:\/\/exceladvisor.org\/tr\/yenileme\/#breadcrumb\",\"itemListElement\":[{\"@type\":\"ListItem\",\"position\":1,\"name\":\"Ev\",\"item\":\"https:\/\/exceladvisor.org\/tr\/\"},{\"@type\":\"ListItem\",\"position\":2,\"name\":\"Excel&#39;de bir e-tablo nas\u0131l g\u00fcncellenir?\"}]},{\"@type\":\"WebSite\",\"@id\":\"https:\/\/exceladvisor.org\/tr\/#website\",\"url\":\"https:\/\/exceladvisor.org\/tr\/\",\"name\":\"Excel Advisor\",\"description\":\"Veri hakimiyetine y\u00f6nelik nihai rehberiniz!\",\"publisher\":{\"@id\":\"https:\/\/exceladvisor.org\/tr\/#organization\"},\"potentialAction\":[{\"@type\":\"SearchAction\",\"target\":{\"@type\":\"EntryPoint\",\"urlTemplate\":\"https:\/\/exceladvisor.org\/tr\/?s={search_term_string}\"},\"query-input\":{\"@type\":\"PropertyValueSpecification\",\"valueRequired\":true,\"valueName\":\"search_term_string\"}}],\"inLanguage\":\"tr\"},{\"@type\":\"Organization\",\"@id\":\"https:\/\/exceladvisor.org\/tr\/#organization\",\"name\":\"Excel Advisor\",\"url\":\"https:\/\/exceladvisor.org\/tr\/\",\"logo\":{\"@type\":\"ImageObject\",\"inLanguage\":\"tr\",\"@id\":\"https:\/\/exceladvisor.org\/tr\/#\/schema\/logo\/image\/\",\"url\":\"https:\/\/exceladvisor.org\/tr\/wp-content\/uploads\/2023\/12\/exceladvisor.org_.png\",\"contentUrl\":\"https:\/\/exceladvisor.org\/tr\/wp-content\/uploads\/2023\/12\/exceladvisor.org_.png\",\"width\":105,\"height\":36,\"caption\":\"Excel Advisor\"},\"image\":{\"@id\":\"https:\/\/exceladvisor.org\/tr\/#\/schema\/logo\/image\/\"}}]}<\/script>\n<!-- \/ Yoast SEO plugin. -->","yoast_head_json":{"title":"Excel&#39;de bir elektronik tabloyu h\u0131zl\u0131 bir \u015fekilde nas\u0131l yenileyebilirim?","description":"Excel&#39;de bir elektronik tabloyu manuel olarak yenileyebilirsiniz. Genellikle manuel olarak yenilemeniz gerekmez \u00e7\u00fcnk\u00fc","robots":{"index":"index","follow":"follow","max-snippet":"max-snippet:-1","max-image-preview":"max-image-preview:large","max-video-preview":"max-video-preview:-1"},"canonical":"https:\/\/exceladvisor.org\/tr\/yenileme\/","og_locale":"tr_TR","og_type":"article","og_title":"Excel&#39;de bir elektronik tabloyu h\u0131zl\u0131 bir \u015fekilde nas\u0131l yenileyebilirim?","og_description":"Excel&#39;de bir elektronik tabloyu manuel olarak yenileyebilirsiniz. Genellikle manuel olarak yenilemeniz gerekmez \u00e7\u00fcnk\u00fc","og_url":"https:\/\/exceladvisor.org\/tr\/yenileme\/","og_site_name":"Excel Advisor","article_modified_time":"2023-12-10T06:00:28+00:00","og_image":[{"url":"https:\/\/exceladvisor.org\/wp-content\/uploads\/2023\/08\/1-referencer-une-fiche.png","type":"","width":"","height":""}],"twitter_card":"summary_large_image","twitter_misc":{"Tahmini okuma s\u00fcresi":"2 dakika"},"schema":{"@context":"https:\/\/schema.org","@graph":[{"@type":"WebPage","@id":"https:\/\/exceladvisor.org\/tr\/yenileme\/","url":"https:\/\/exceladvisor.org\/tr\/yenileme\/","name":"Excel&#39;de bir elektronik tabloyu h\u0131zl\u0131 bir \u015fekilde nas\u0131l yenileyebilirim?","isPartOf":{"@id":"https:\/\/exceladvisor.org\/tr\/#website"},"primaryImageOfPage":{"@id":"https:\/\/exceladvisor.org\/tr\/yenileme\/#primaryimage"},"image":{"@id":"https:\/\/exceladvisor.org\/tr\/yenileme\/#primaryimage"},"thumbnailUrl":"https:\/\/exceladvisor.org\/wp-content\/uploads\/2023\/08\/1-referencer-une-fiche.png","datePublished":"2023-11-03T19:45:13+00:00","dateModified":"2023-12-10T06:00:28+00:00","description":"Excel&#39;de bir elektronik tabloyu manuel olarak yenileyebilirsiniz. Genellikle manuel olarak yenilemeniz gerekmez \u00e7\u00fcnk\u00fc","breadcrumb":{"@id":"https:\/\/exceladvisor.org\/tr\/yenileme\/#breadcrumb"},"inLanguage":"tr","potentialAction":[{"@type":"ReadAction","target":["https:\/\/exceladvisor.org\/tr\/yenileme\/"]}]},{"@type":"ImageObject","inLanguage":"tr","@id":"https:\/\/exceladvisor.org\/tr\/yenileme\/#primaryimage","url":"https:\/\/exceladvisor.org\/wp-content\/uploads\/2023\/08\/1-referencer-une-fiche.png","contentUrl":"https:\/\/exceladvisor.org\/wp-content\/uploads\/2023\/08\/1-referencer-une-fiche.png"},{"@type":"BreadcrumbList","@id":"https:\/\/exceladvisor.org\/tr\/yenileme\/#breadcrumb","itemListElement":[{"@type":"ListItem","position":1,"name":"Ev","item":"https:\/\/exceladvisor.org\/tr\/"},{"@type":"ListItem","position":2,"name":"Excel&#39;de bir e-tablo nas\u0131l g\u00fcncellenir?"}]},{"@type":"WebSite","@id":"https:\/\/exceladvisor.org\/tr\/#website","url":"https:\/\/exceladvisor.org\/tr\/","name":"Excel Advisor","description":"Veri hakimiyetine y\u00f6nelik nihai rehberiniz!","publisher":{"@id":"https:\/\/exceladvisor.org\/tr\/#organization"},"potentialAction":[{"@type":"SearchAction","target":{"@type":"EntryPoint","urlTemplate":"https:\/\/exceladvisor.org\/tr\/?s={search_term_string}"},"query-input":{"@type":"PropertyValueSpecification","valueRequired":true,"valueName":"search_term_string"}}],"inLanguage":"tr"},{"@type":"Organization","@id":"https:\/\/exceladvisor.org\/tr\/#organization","name":"Excel Advisor","url":"https:\/\/exceladvisor.org\/tr\/","logo":{"@type":"ImageObject","inLanguage":"tr","@id":"https:\/\/exceladvisor.org\/tr\/#\/schema\/logo\/image\/","url":"https:\/\/exceladvisor.org\/tr\/wp-content\/uploads\/2023\/12\/exceladvisor.org_.png","contentUrl":"https:\/\/exceladvisor.org\/tr\/wp-content\/uploads\/2023\/12\/exceladvisor.org_.png","width":105,"height":36,"caption":"Excel Advisor"},"image":{"@id":"https:\/\/exceladvisor.org\/tr\/#\/schema\/logo\/image\/"}}]}},"yoast_meta":{"yoast_wpseo_title":"","yoast_wpseo_metadesc":"","yoast_wpseo_canonical":""},"_links":{"self":[{"href":"https:\/\/exceladvisor.org\/tr\/wp-json\/wp\/v2\/pages\/1803","targetHints":{"allow":["GET"]}}],"collection":[{"href":"https:\/\/exceladvisor.org\/tr\/wp-json\/wp\/v2\/pages"}],"about":[{"href":"https:\/\/exceladvisor.org\/tr\/wp-json\/wp\/v2\/types\/page"}],"author":[{"embeddable":true,"href":"https:\/\/exceladvisor.org\/tr\/wp-json\/wp\/v2\/users\/1"}],"replies":[{"embeddable":true,"href":"https:\/\/exceladvisor.org\/tr\/wp-json\/wp\/v2\/comments?post=1803"}],"version-history":[{"count":1,"href":"https:\/\/exceladvisor.org\/tr\/wp-json\/wp\/v2\/pages\/1803\/revisions"}],"predecessor-version":[{"id":2409,"href":"https:\/\/exceladvisor.org\/tr\/wp-json\/wp\/v2\/pages\/1803\/revisions\/2409"}],"wp:attachment":[{"href":"https:\/\/exceladvisor.org\/tr\/wp-json\/wp\/v2\/media?parent=1803"}],"curies":[{"name":"wp","href":"https:\/\/api.w.org\/{rel}","templated":true}]}}