{"id":1804,"date":"2023-11-03T15:54:58","date_gmt":"2023-11-03T15:54:58","guid":{"rendered":"https:\/\/exceladvisor.org\/tr\/metin-icerir\/"},"modified":"2023-12-10T06:04:15","modified_gmt":"2023-12-10T06:04:15","slug":"metin-icerir","status":"publish","type":"page","link":"https:\/\/exceladvisor.org\/tr\/metin-icerir\/","title":{"rendered":"Power query: metin \u015funlar\u0131 i\u00e7eriyorsa"},"content":{"rendered":"<div class=\"excel-icerikten-once\" id=\"excel-3151154820\"><script type=\"text\/javascript\">\r\n\tatOptions = {\r\n\t\t'key' : 'c1158f160081d6540a8409e6925dab94',\r\n\t\t'format' : 'iframe',\r\n\t\t'height' : 250,\r\n\t\t'width' : 300,\r\n\t\t'params' : {}\r\n\t};\r\n<\/script>\r\n<script type=\"text\/javascript\" src=\"\/\/www.highperformanceformat.com\/c1158f160081d6540a8409e6925dab94\/invoke.js\"><\/script><\/div> <p>Power Query&#8217;de, bir alt dizenin dize i\u00e7inde olup olmad\u0131\u011f\u0131n\u0131 test etmek i\u00e7in kullanabilece\u011finiz Text.Contains i\u015flevini kullanabilirsiniz. Bu i\u015flevde, bir alt dizeyi test etmek i\u00e7in IF ifadesini de kullanabiliriz.<\/p><p> A\u015fa\u011f\u0131daki \u00f6rnekte, eril ve di\u015fil eki olan isimlerin bir listesi bulunmaktad\u0131r. Ve di\u015fil eki olan isimlerin hangileri oldu\u011funu kontrol etmemiz gerekiyor. <\/p><div class=\"wp-block-image\"><figure class=\"aligncenter size-full is-resized\"><img loading=\"lazy\" decoding=\"async\" class=\"wp-image-88996\" src=\"https:\/\/exceladvisor.org\/wp-content\/uploads\/2023\/08\/1-texte-contient-une-fonction-dans-la-requete-de-puissance.png\" sizes=\"auto, \" srcset=\"\" alt=\"metin-g\u00fc\u00e7 sorgusunda-i\u015flevi i\u00e7erir\" width=\"348\" height=\"294\"><\/figure><\/div><h2 class=\"wp-block-heading\"> Power Query&#8217;de TEXT.CONTAINS kullanma<\/h2><ol><li> Veri sekmesi &gt; Veri Al &gt; Di\u011fer Kaynaklardan &gt; Tablodan\/Aral\u0131ktan&#8217;a gidin. <br><img loading=\"lazy\" decoding=\"async\" title=\"2-tablo-aral\u0131\u011f\u0131ndan-veri-al-1\" src=\"https:\/\/exceladvisor.org\/wp-content\/uploads\/2023\/08\/2-obtenir-des-donnees-de-la-plage-de-table-2.png\" sizes=\"auto, \" srcset=\"\" alt=\"get-data-from-table-range\" width=\"495\" height=\"380\"><\/li><li> \u015eimdi G\u00fc\u00e7l\u00fc Sorgu D\u00fczenleyicisi&#8217;nde S\u00fctun Ekle &gt; \u00d6zel S\u00fctun&#8217;a gidin. <br><img loading=\"lazy\" decoding=\"async\" title=\"3 \u00f6zel s\u00fctunlu g\u00fc\u00e7 sorgu d\u00fczenleyicisi\" src=\"https:\/\/exceladvisor.org\/wp-content\/uploads\/2023\/08\/3-colonnes-personnalisees-dans-lediteur-de-requete-puissant.png\" sizes=\"auto, \" srcset=\"\" alt=\"custom-column-in-power-query-editor\" width=\"492\" height=\"153\"><\/li><li> Oradan, \u00f6zel form\u00fcl ileti\u015fim kutusuna (=Text.Contains([Adlar], \u00bbMs.&#8221;) de\u011ferini girin. <br><img loading=\"lazy\" decoding=\"async\" title=\"4-ileti\u015fim kutusunda-metin-i\u00e7erir-i\u015flevi girin\" src=\"https:\/\/exceladvisor.org\/wp-content\/uploads\/2023\/08\/4-dans-la-boite-de-dialogue-entrez-le-texte-contient-la-fonction.png\" sizes=\"auto, \" srcset=\"\" alt=\"in-dialog-box-enter-text-contains-function\" width=\"635\" height=\"200\"><\/li><li> Sonunda s\u00fctunlar\u0131 eklemek i\u00e7in Tamam&#8217;\u0131 t\u0131klay\u0131n.<\/li><\/ol><p> Tamam&#8217;a t\u0131klad\u0131\u011f\u0131n\u0131zda, DO\u011eRU ve YANLI\u015e&#8217;tan olu\u015fan yeni bir s\u00fctun girilecektir. Metinde &#8220;Bayan&#8221; ifadesi yer ald\u0131\u011f\u0131nda DO\u011eRU ve geri kalan\u0131 i\u00e7in YANLI\u015e. <\/p><div class=\"wp-block-image\"><figure class=\"aligncenter size-full is-resized\"><img loading=\"lazy\" decoding=\"async\" class=\"wp-image-89000\" src=\"https:\/\/exceladvisor.org\/wp-content\/uploads\/2023\/08\/5-nouvelle-colonne-ajoutee-avec-vrai-ou-faux.png\" sizes=\"auto, \" srcset=\"\" alt=\"do\u011fru-yanl\u0131\u015f-ile-eklenen yeni s\u00fctun\" width=\"417\" height=\"309\"><\/figure><\/div><h2 class=\"wp-block-heading\"> Bu \u00f6zellik nas\u0131l \u00e7al\u0131\u015f\u0131yor?<\/h2><p> Fonksiyonda tan\u0131mlaman\u0131z gereken iki arg\u00fcman var. \u0130lk ba\u011f\u0131ms\u0131z de\u011fi\u015fkende (Metin), ko\u015fulu kontrol etmek istedi\u011finiz ana metni i\u00e7eren s\u00fctun.<\/p><p> Ve ikinci arg\u00fcmanda (alt dize), ilk arg\u00fcman\u0131n ana dizesinde kontrol etmek istedi\u011finiz alt dizeyi belirtmeniz gerekir. <\/p><div class=\"wp-block-image\"><figure class=\"aligncenter size-full\"><img loading=\"lazy\" decoding=\"async\" class=\"wp-image-89001\" src=\"https:\/\/exceladvisor.org\/wp-content\/uploads\/2023\/08\/6-comment-le-texte-contient-la-fonction-fonctionne.png\" sizes=\"auto, \" srcset=\"\" alt=\"metin-i\u015flev-nas\u0131l-i\u00e7erir-nas\u0131l \u00e7al\u0131\u015f\u0131r\" width=\"364\" height=\"96\"><\/figure><\/div><h2 class=\"wp-block-heading\"> Metin i\u00e7eri\u011fini kontrol etmek i\u00e7in IF&#8217;yi kullan\u0131n<\/h2><p> Baz\u0131 metinlerin ba\u015fka metin i\u00e7erip i\u00e7ermedi\u011fini kontrol etmek i\u00e7in IF ifadesini de kullanabilirsiniz. IF kullanarak DO\u011eRU ve YANLI\u015e yerine anlaml\u0131 sonu\u00e7lar kullanabilirsiniz. Bu nedenle, geli\u015fmi\u015f sorgu d\u00fczenleyicide Ekle s\u00fctununa gitmeniz ve ko\u015fullu s\u00fctuna t\u0131klaman\u0131z gerekir. <\/p><div class=\"wp-block-image\"><figure class=\"aligncenter size-full is-resized\"><img loading=\"lazy\" decoding=\"async\" class=\"wp-image-89002\" src=\"https:\/\/exceladvisor.org\/wp-content\/uploads\/2023\/08\/7-si-pour-verifier-le-texte-contient.png\" sizes=\"auto, \" srcset=\"\" alt=\"if-check-metin i\u00e7eriyor\" width=\"618\" height=\"315\"><\/figure><\/div><p> Ko\u015fullu s\u00fctunu t\u0131klatt\u0131\u011f\u0131n\u0131zda, bir IF ifadesi olu\u015fturmak i\u00e7in bir ileti\u015fim kutusu g\u00f6r\u00fcnt\u00fclenir. <\/p><div class=\"wp-block-image\"><figure class=\"aligncenter size-full is-resized\"><img loading=\"lazy\" decoding=\"async\" class=\"wp-image-89003\" src=\"https:\/\/exceladvisor.org\/wp-content\/uploads\/2023\/08\/8-colonne-conditionnelle-a-creer-si.png\" sizes=\"auto, \" srcset=\"\" alt=\"e\u011fer-olu\u015fturulacak-ko\u015fullu-s\u00fctun\" width=\"784\" height=\"306\"><\/figure><\/div><p> Burada \u015funlar\u0131 yapmal\u0131s\u0131n\u0131z:<\/p><ol type=\"1\"><li> S\u00fctun ad\u0131n\u0131 girin.<\/li><li> Durumu kontrol etmek i\u00e7in s\u00fctun ad\u0131n\u0131 se\u00e7in.<\/li><li> \u201c\u0130\u00e7erir\u201d operat\u00f6r\u00fcn\u00fc se\u00e7in.<\/li><li> Kontrol edilecek de\u011fer, &#8220;Bayan.&#8221;<\/li><li> Ko\u015ful DO\u011eRU ise elde edilecek \u00e7\u0131kt\u0131, \u201cKad\u0131n\u201d.<\/li><li> Ve durumunu elde etmek i\u00e7in \u00e7\u0131kt\u0131 YANLI\u015e, &#8220;Erkek&#8221; olur.<\/li><li> Sonunda s\u00fctuna girmek i\u00e7in Tamam&#8217;\u0131 t\u0131klay\u0131n.<\/li><\/ol><p> Tamam&#8217;\u0131 t\u0131klad\u0131\u011f\u0131n\u0131z anda, Metnin &#8220;Bayan&#8221; i\u00e7erdi\u011fi &#8220;Kad\u0131n&#8221; i\u00e7eren yeni bir s\u00fctun elde edeceksiniz. do\u011frudur ve aksi halde &#8220;\u0130nsan&#8221; i\u00e7in ge\u00e7erlidir. <\/p><div class=\"wp-block-image\"><figure class=\"aligncenter size-full is-resized\"><img loading=\"lazy\" decoding=\"async\" class=\"wp-image-89004\" src=\"https:\/\/exceladvisor.org\/wp-content\/uploads\/2023\/08\/9-nouvelle-colonne-apres-linstruction-if.png\" sizes=\"auto, \" srcset=\"\" alt=\"if ifadesinden sonra yeni s\u00fctun\" width=\"433\" height=\"321\"><\/figure><\/div><div class=\"gb-container gb-container-52dfcee1 gb-container-sample-file\"><h2 class=\"gb-headline gb-headline-e289c143 gb-headline-text gb-headline-4f7959c2\"> Excel dosyas\u0131n\u0131 al\u0131n<\/h2><p> <a class=\"gb-button gb-button-e88d6bee gb-button-text gb-button-button1\" href=\"https:\/\/exceladvisor.org\/wp-content\/uploads\/2023\/08\/le-texte-contient-une-requete-avancee.xlsx\" rel=\"nofollow\">\u0130ndirmek<\/a><\/p><\/div><div class=\"gb-container gb-container-9e2850fe gb-container-mt\"> <a class=\"gb-button gb-button-71636faa gb-button-text gb-button-mt-button\" href=\"https:\/\/exceladvisor.org\/tr\/guc-talebi\/\">Excel&#8217;de Power Query (E\u011fitim)<\/a><h2 class=\"gb-headline gb-headline-c566b2ed gb-headline-text gb-headline-mt-heading\"> \u0130lgili e\u011fitimler <\/h2><div class=\"gb-grid-wrapper gb-grid-wrapper-b15ed1bf gb-grid-wrapper-mt-grid\"><div class=\"gb-grid-column gb-grid-column-6e9de105\"><div class=\"gb-container gb-container-6e9de105\"><ul><li> Birden Fazla Excel DOSYASINI TEK B\u0130R NOT DEFTER\u0130NDE B\u0130RLE\u015eT\u0130R\u0130N<\/li><li> <a href=\"https:\/\/exceladvisor.org\/tr\/aramav-2\/\">Excel&#8217;deki Power Query&#8217;de D\u00dc\u015eEYARA ger\u00e7ekle\u015ftirme<\/a><\/li><li> <a href=\"https:\/\/exceladvisor.org\/tr\/dondurulmemis-veriler\/\">Power Query&#8217;yi kullanarak Excel&#8217;deki veri pivotunu kald\u0131rma<\/a><\/li><li> <a href=\"https:\/\/exceladvisor.org\/tr\/zincir\/\">Power Query: de\u011ferleri (metin ve say\u0131lar) birle\u015ftirin<\/a><\/li><li> <a href=\"https:\/\/exceladvisor.org\/tr\/tarih-farki\/\">G\u00fc\u00e7 Sorgusu: Tarih fark\u0131<\/a> <\/li><\/ul><\/div><\/div><div class=\"gb-grid-column gb-grid-column-4eaecde3\"><div class=\"gb-container gb-container-4eaecde3\"><\/div><\/div><\/div><\/div>","protected":false},"excerpt":{"rendered":"","protected":false},"author":1,"featured_media":0,"parent":0,"menu_order":0,"comment_status":"open","ping_status":"closed","template":"","meta":{"ub_ctt_via":"","footnotes":""},"class_list":["post-1804","page","type-page","status-publish","hentry"],"featured_image_src":null,"yoast_head":"<!-- This site is optimized with the Yoast SEO plugin v25.4 - https:\/\/yoast.com\/wordpress\/plugins\/seo\/ -->\n<title>Metin Power Query&#039;de bulunuyor (dizenin orada olup olmad\u0131\u011f\u0131n\u0131 kontrol edin)<\/title>\n<meta name=\"description\" content=\"Excel&#039;de Power Query kullanarak bir alt dizenin dizede olup olmad\u0131\u011f\u0131n\u0131 nas\u0131l kontrol edece\u011finiz a\u015fa\u011f\u0131da a\u00e7\u0131klanm\u0131\u015ft\u0131r.\" \/>\n<meta name=\"robots\" content=\"index, follow, max-snippet:-1, max-image-preview:large, max-video-preview:-1\" \/>\n<link rel=\"canonical\" href=\"https:\/\/exceladvisor.org\/tr\/metin-icerir\/\" \/>\n<meta property=\"og:locale\" content=\"tr_TR\" \/>\n<meta property=\"og:type\" content=\"article\" \/>\n<meta property=\"og:title\" content=\"Metin Power Query&#039;de bulunuyor (dizenin orada olup olmad\u0131\u011f\u0131n\u0131 kontrol edin)\" \/>\n<meta property=\"og:description\" content=\"Excel&#039;de Power Query kullanarak bir alt dizenin dizede olup olmad\u0131\u011f\u0131n\u0131 nas\u0131l kontrol edece\u011finiz a\u015fa\u011f\u0131da a\u00e7\u0131klanm\u0131\u015ft\u0131r.\" \/>\n<meta property=\"og:url\" content=\"https:\/\/exceladvisor.org\/tr\/metin-icerir\/\" \/>\n<meta property=\"og:site_name\" content=\"Excel Advisor\" \/>\n<meta property=\"article:modified_time\" content=\"2023-12-10T06:04:15+00:00\" \/>\n<meta property=\"og:image\" content=\"https:\/\/exceladvisor.org\/wp-content\/uploads\/2023\/08\/1-texte-contient-une-fonction-dans-la-requete-de-puissance.png\" \/>\n<meta name=\"twitter:card\" content=\"summary_large_image\" \/>\n<meta name=\"twitter:label1\" content=\"Tahmini okuma s\u00fcresi\" \/>\n\t<meta name=\"twitter:data1\" content=\"2 dakika\" \/>\n<script type=\"application\/ld+json\" class=\"yoast-schema-graph\">{\"@context\":\"https:\/\/schema.org\",\"@graph\":[{\"@type\":\"WebPage\",\"@id\":\"https:\/\/exceladvisor.org\/tr\/metin-icerir\/\",\"url\":\"https:\/\/exceladvisor.org\/tr\/metin-icerir\/\",\"name\":\"Metin Power Query&#39;de bulunuyor (dizenin orada olup olmad\u0131\u011f\u0131n\u0131 kontrol edin)\",\"isPartOf\":{\"@id\":\"https:\/\/exceladvisor.org\/tr\/#website\"},\"primaryImageOfPage\":{\"@id\":\"https:\/\/exceladvisor.org\/tr\/metin-icerir\/#primaryimage\"},\"image\":{\"@id\":\"https:\/\/exceladvisor.org\/tr\/metin-icerir\/#primaryimage\"},\"thumbnailUrl\":\"https:\/\/exceladvisor.org\/wp-content\/uploads\/2023\/08\/1-texte-contient-une-fonction-dans-la-requete-de-puissance.png\",\"datePublished\":\"2023-11-03T15:54:58+00:00\",\"dateModified\":\"2023-12-10T06:04:15+00:00\",\"description\":\"Excel&#39;de Power Query kullanarak bir alt dizenin dizede olup olmad\u0131\u011f\u0131n\u0131 nas\u0131l kontrol edece\u011finiz a\u015fa\u011f\u0131da a\u00e7\u0131klanm\u0131\u015ft\u0131r.\",\"breadcrumb\":{\"@id\":\"https:\/\/exceladvisor.org\/tr\/metin-icerir\/#breadcrumb\"},\"inLanguage\":\"tr\",\"potentialAction\":[{\"@type\":\"ReadAction\",\"target\":[\"https:\/\/exceladvisor.org\/tr\/metin-icerir\/\"]}]},{\"@type\":\"ImageObject\",\"inLanguage\":\"tr\",\"@id\":\"https:\/\/exceladvisor.org\/tr\/metin-icerir\/#primaryimage\",\"url\":\"https:\/\/exceladvisor.org\/wp-content\/uploads\/2023\/08\/1-texte-contient-une-fonction-dans-la-requete-de-puissance.png\",\"contentUrl\":\"https:\/\/exceladvisor.org\/wp-content\/uploads\/2023\/08\/1-texte-contient-une-fonction-dans-la-requete-de-puissance.png\"},{\"@type\":\"BreadcrumbList\",\"@id\":\"https:\/\/exceladvisor.org\/tr\/metin-icerir\/#breadcrumb\",\"itemListElement\":[{\"@type\":\"ListItem\",\"position\":1,\"name\":\"Ev\",\"item\":\"https:\/\/exceladvisor.org\/tr\/\"},{\"@type\":\"ListItem\",\"position\":2,\"name\":\"Power query: metin \u015funlar\u0131 i\u00e7eriyorsa\"}]},{\"@type\":\"WebSite\",\"@id\":\"https:\/\/exceladvisor.org\/tr\/#website\",\"url\":\"https:\/\/exceladvisor.org\/tr\/\",\"name\":\"Excel Advisor\",\"description\":\"Veri hakimiyetine y\u00f6nelik nihai rehberiniz!\",\"publisher\":{\"@id\":\"https:\/\/exceladvisor.org\/tr\/#organization\"},\"potentialAction\":[{\"@type\":\"SearchAction\",\"target\":{\"@type\":\"EntryPoint\",\"urlTemplate\":\"https:\/\/exceladvisor.org\/tr\/?s={search_term_string}\"},\"query-input\":{\"@type\":\"PropertyValueSpecification\",\"valueRequired\":true,\"valueName\":\"search_term_string\"}}],\"inLanguage\":\"tr\"},{\"@type\":\"Organization\",\"@id\":\"https:\/\/exceladvisor.org\/tr\/#organization\",\"name\":\"Excel Advisor\",\"url\":\"https:\/\/exceladvisor.org\/tr\/\",\"logo\":{\"@type\":\"ImageObject\",\"inLanguage\":\"tr\",\"@id\":\"https:\/\/exceladvisor.org\/tr\/#\/schema\/logo\/image\/\",\"url\":\"https:\/\/exceladvisor.org\/tr\/wp-content\/uploads\/2023\/12\/exceladvisor.org_.png\",\"contentUrl\":\"https:\/\/exceladvisor.org\/tr\/wp-content\/uploads\/2023\/12\/exceladvisor.org_.png\",\"width\":105,\"height\":36,\"caption\":\"Excel Advisor\"},\"image\":{\"@id\":\"https:\/\/exceladvisor.org\/tr\/#\/schema\/logo\/image\/\"}}]}<\/script>\n<!-- \/ Yoast SEO plugin. -->","yoast_head_json":{"title":"Metin Power Query&#39;de bulunuyor (dizenin orada olup olmad\u0131\u011f\u0131n\u0131 kontrol edin)","description":"Excel&#39;de Power Query kullanarak bir alt dizenin dizede olup olmad\u0131\u011f\u0131n\u0131 nas\u0131l kontrol edece\u011finiz a\u015fa\u011f\u0131da a\u00e7\u0131klanm\u0131\u015ft\u0131r.","robots":{"index":"index","follow":"follow","max-snippet":"max-snippet:-1","max-image-preview":"max-image-preview:large","max-video-preview":"max-video-preview:-1"},"canonical":"https:\/\/exceladvisor.org\/tr\/metin-icerir\/","og_locale":"tr_TR","og_type":"article","og_title":"Metin Power Query&#39;de bulunuyor (dizenin orada olup olmad\u0131\u011f\u0131n\u0131 kontrol edin)","og_description":"Excel&#39;de Power Query kullanarak bir alt dizenin dizede olup olmad\u0131\u011f\u0131n\u0131 nas\u0131l kontrol edece\u011finiz a\u015fa\u011f\u0131da a\u00e7\u0131klanm\u0131\u015ft\u0131r.","og_url":"https:\/\/exceladvisor.org\/tr\/metin-icerir\/","og_site_name":"Excel Advisor","article_modified_time":"2023-12-10T06:04:15+00:00","og_image":[{"url":"https:\/\/exceladvisor.org\/wp-content\/uploads\/2023\/08\/1-texte-contient-une-fonction-dans-la-requete-de-puissance.png","type":"","width":"","height":""}],"twitter_card":"summary_large_image","twitter_misc":{"Tahmini okuma s\u00fcresi":"2 dakika"},"schema":{"@context":"https:\/\/schema.org","@graph":[{"@type":"WebPage","@id":"https:\/\/exceladvisor.org\/tr\/metin-icerir\/","url":"https:\/\/exceladvisor.org\/tr\/metin-icerir\/","name":"Metin Power Query&#39;de bulunuyor (dizenin orada olup olmad\u0131\u011f\u0131n\u0131 kontrol edin)","isPartOf":{"@id":"https:\/\/exceladvisor.org\/tr\/#website"},"primaryImageOfPage":{"@id":"https:\/\/exceladvisor.org\/tr\/metin-icerir\/#primaryimage"},"image":{"@id":"https:\/\/exceladvisor.org\/tr\/metin-icerir\/#primaryimage"},"thumbnailUrl":"https:\/\/exceladvisor.org\/wp-content\/uploads\/2023\/08\/1-texte-contient-une-fonction-dans-la-requete-de-puissance.png","datePublished":"2023-11-03T15:54:58+00:00","dateModified":"2023-12-10T06:04:15+00:00","description":"Excel&#39;de Power Query kullanarak bir alt dizenin dizede olup olmad\u0131\u011f\u0131n\u0131 nas\u0131l kontrol edece\u011finiz a\u015fa\u011f\u0131da a\u00e7\u0131klanm\u0131\u015ft\u0131r.","breadcrumb":{"@id":"https:\/\/exceladvisor.org\/tr\/metin-icerir\/#breadcrumb"},"inLanguage":"tr","potentialAction":[{"@type":"ReadAction","target":["https:\/\/exceladvisor.org\/tr\/metin-icerir\/"]}]},{"@type":"ImageObject","inLanguage":"tr","@id":"https:\/\/exceladvisor.org\/tr\/metin-icerir\/#primaryimage","url":"https:\/\/exceladvisor.org\/wp-content\/uploads\/2023\/08\/1-texte-contient-une-fonction-dans-la-requete-de-puissance.png","contentUrl":"https:\/\/exceladvisor.org\/wp-content\/uploads\/2023\/08\/1-texte-contient-une-fonction-dans-la-requete-de-puissance.png"},{"@type":"BreadcrumbList","@id":"https:\/\/exceladvisor.org\/tr\/metin-icerir\/#breadcrumb","itemListElement":[{"@type":"ListItem","position":1,"name":"Ev","item":"https:\/\/exceladvisor.org\/tr\/"},{"@type":"ListItem","position":2,"name":"Power query: metin \u015funlar\u0131 i\u00e7eriyorsa"}]},{"@type":"WebSite","@id":"https:\/\/exceladvisor.org\/tr\/#website","url":"https:\/\/exceladvisor.org\/tr\/","name":"Excel Advisor","description":"Veri hakimiyetine y\u00f6nelik nihai rehberiniz!","publisher":{"@id":"https:\/\/exceladvisor.org\/tr\/#organization"},"potentialAction":[{"@type":"SearchAction","target":{"@type":"EntryPoint","urlTemplate":"https:\/\/exceladvisor.org\/tr\/?s={search_term_string}"},"query-input":{"@type":"PropertyValueSpecification","valueRequired":true,"valueName":"search_term_string"}}],"inLanguage":"tr"},{"@type":"Organization","@id":"https:\/\/exceladvisor.org\/tr\/#organization","name":"Excel Advisor","url":"https:\/\/exceladvisor.org\/tr\/","logo":{"@type":"ImageObject","inLanguage":"tr","@id":"https:\/\/exceladvisor.org\/tr\/#\/schema\/logo\/image\/","url":"https:\/\/exceladvisor.org\/tr\/wp-content\/uploads\/2023\/12\/exceladvisor.org_.png","contentUrl":"https:\/\/exceladvisor.org\/tr\/wp-content\/uploads\/2023\/12\/exceladvisor.org_.png","width":105,"height":36,"caption":"Excel Advisor"},"image":{"@id":"https:\/\/exceladvisor.org\/tr\/#\/schema\/logo\/image\/"}}]}},"yoast_meta":{"yoast_wpseo_title":"","yoast_wpseo_metadesc":"","yoast_wpseo_canonical":""},"_links":{"self":[{"href":"https:\/\/exceladvisor.org\/tr\/wp-json\/wp\/v2\/pages\/1804","targetHints":{"allow":["GET"]}}],"collection":[{"href":"https:\/\/exceladvisor.org\/tr\/wp-json\/wp\/v2\/pages"}],"about":[{"href":"https:\/\/exceladvisor.org\/tr\/wp-json\/wp\/v2\/types\/page"}],"author":[{"embeddable":true,"href":"https:\/\/exceladvisor.org\/tr\/wp-json\/wp\/v2\/users\/1"}],"replies":[{"embeddable":true,"href":"https:\/\/exceladvisor.org\/tr\/wp-json\/wp\/v2\/comments?post=1804"}],"version-history":[{"count":1,"href":"https:\/\/exceladvisor.org\/tr\/wp-json\/wp\/v2\/pages\/1804\/revisions"}],"predecessor-version":[{"id":2705,"href":"https:\/\/exceladvisor.org\/tr\/wp-json\/wp\/v2\/pages\/1804\/revisions\/2705"}],"wp:attachment":[{"href":"https:\/\/exceladvisor.org\/tr\/wp-json\/wp\/v2\/media?parent=1804"}],"curies":[{"name":"wp","href":"https:\/\/api.w.org\/{rel}","templated":true}]}}