{"id":1806,"date":"2023-11-03T04:05:17","date_gmt":"2023-11-03T04:05:17","guid":{"rendered":"https:\/\/exceladvisor.org\/tr\/birikimli-toplam\/"},"modified":"2023-12-10T05:58:58","modified_gmt":"2023-12-10T05:58:58","slug":"birikimli-toplam","status":"publish","type":"page","link":"https:\/\/exceladvisor.org\/tr\/birikimli-toplam\/","title":{"rendered":"Bir pivot tabloya hareketli toplam\u0131 nas\u0131l eklerim?"},"content":{"rendered":"<div class=\"excel-icerikten-once\" id=\"excel-4107455750\"><script type=\"text\/javascript\">\r\n\tatOptions = {\r\n\t\t'key' : 'c1158f160081d6540a8409e6925dab94',\r\n\t\t'format' : 'iframe',\r\n\t\t'height' : 250,\r\n\t\t'width' : 300,\r\n\t\t'params' : {}\r\n\t};\r\n<\/script>\r\n<script type=\"text\/javascript\" src=\"\/\/www.highperformanceformat.com\/c1158f160081d6540a8409e6925dab94\/invoke.js\"><\/script><\/div> <p>Pivot tablodaki cari toplam, ge\u00e7mi\u015f toplam\u0131 da i\u00e7eren cari toplamd\u0131r. \u00d6rne\u011fin, Ocak ay\u0131ndan Aral\u0131k ay\u0131na kadar ayl\u0131k verilerimiz varsa, cari toplam size her ay YTD toplam\u0131n\u0131 g\u00f6sterecektir. Hedefe g\u00f6re tam b\u00fcy\u00fcmeyi \u00f6l\u00e7mek i\u00e7in s\u00fcrekli toplam\u0131 kullanabiliriz. <\/p><div class=\"wp-block-image\"><figure class=\"aligncenter\"><img decoding=\"async\" src=\"https:\/\/exceladvisor.org\/wp-content\/uploads\/2023\/08\/en-ajoutant-le-total-cumule-dans-le-tableau-croise-dynamique-vous-obtiendrez-la-meme-valeur-pour-le-dernier-et-le-grand-total-1.png\" sizes=\"\" srcset=\"\" alt=\"pivot tabloya de\u011fi\u015fen toplam\u0131 ekleyerek son ve genel toplam i\u00e7in ayn\u0131 de\u011feri elde edersiniz\"><\/figure><\/div><h2 id=\"tab-con-1\" class=\"wp-block-heading\"> Pivot tabloda toplam \u00e7al\u0131\u015ft\u0131rma<\/h2><p> Bir ko\u015fu\/ko\u015fu toplam\u0131 eklemek sadece birka\u00e7 t\u0131klama gerektirir ve i\u015fte bunu yapmak i\u00e7in gereken ad\u0131mlar.<\/p><ol><li> <a href=\"https:\/\/exceladvisor.org\/tr\/pivot-tablo-1\/\" data-wpil=\"url\" data-wpel-link=\"internal\">Bir pivot tablo olu\u015fturduktan<\/a> sonra veri s\u00fctunundaki h\u00fccrelerden birini se\u00e7in. <br><img decoding=\"async\" title=\"pivot-tabloda-\u00e7al\u0131\u015fan-toplam-eklemek i\u00e7in pivot tabloyu se\u00e7\" src=\"https:\/\/exceladvisor.org\/wp-content\/uploads\/2023\/08\/selectionnez-le-tableau-croise-dynamique-pour-ajouter-le-total-cumule-dans-le-tableau-croise-dynamique-1.png\" sizes=\"\" srcset=\"\" alt=\"select pivot table to add running total in pivot table\"><\/li><li> \u00dczerine sa\u011f t\u0131klay\u0131n ve \u201cDe\u011fer Alan\u0131 Ayar\u0131\u201dna t\u0131klay\u0131n. <br><img decoding=\"async\" title=\"hareketli toplam\u0131 pivot tabloya eklemek i\u00e7in de\u011fer alan\u0131 ayar\u0131n\u0131 t\u0131klay\u0131n\" src=\"https:\/\/exceladvisor.org\/wp-content\/uploads\/2023\/08\/cliquez-sur-le-parametre-de-champ-de-valeur-pour-ajouter-le-total-cumule-dans-le-tableau-croise-dynamique-1.png\" sizes=\"\" srcset=\"\" alt=\"click on value field setting to add running total in pivot table\"><\/li><li> Art\u0131k \u201cDe\u011fer Alan\u0131 Ayar\u0131\u201d penceresine sahipsiniz.<\/li><li> \u201cDe\u011ferleri farkl\u0131 g\u00f6ster\u201d sekmesine gidin.<\/li><li> &#8220;De\u011ferleri \u015fu \u015fekilde g\u00f6ster&#8221; a\u00e7\u0131l\u0131r listesinde &#8220;K\u00fcm\u00fclatif toplam&#8221; se\u00e7ene\u011fini se\u00e7in. <br><img decoding=\"async\" title=\"pivot tabloya de\u011fi\u015fen toplam\u0131 eklemek i\u00e7in sekmeden cari toplam\u0131 se\u00e7in\" src=\"https:\/\/exceladvisor.org\/wp-content\/uploads\/2023\/08\/selectionnez-le-total-cumule-dans-longlet-pour-ajouter-le-total-cumule-dans-le-tableau-croise-dynamique-1.png\" sizes=\"\" srcset=\"\" alt=\"select running total from tab to add running total in pivot table\"><\/li><li> Tamam&#8217;\u0131 t\u0131klay\u0131n.<\/li><\/ol><p> Art\u0131k pivot tablomuzda her ay i\u00e7in de\u011fi\u015fen bir toplam\u0131m\u0131z var. <\/p><div class=\"wp-block-image\"><figure class=\"aligncenter\"><img decoding=\"async\" src=\"https:\/\/exceladvisor.org\/wp-content\/uploads\/2023\/08\/tableau-croise-dynamique-pour-ajouter-le-total-cumule-dans-le-tableau-croise-dynamique-1.png\" sizes=\"\" srcset=\"\" alt=\"Pivot tabloya hareketli toplam\u0131 eklemek i\u00e7in pivot tablo\"><\/figure><\/div><p class=\"qt-tip\"> <strong><span style=\"color: #ea493f;\">Not:<\/span><\/strong> De\u011fi\u015fen toplam\u0131 eklerken pivot tablonun do\u011fru \u015fekilde s\u0131raland\u0131\u011f\u0131ndan emin olun. Ocak ay\u0131ndan Aral\u0131k ay\u0131na eklemek istiyorsak de\u011ferlerin Ocak ay\u0131ndan Aral\u0131k ay\u0131na kadar s\u0131ralanm\u0131\u015f olmas\u0131 gerekir.<\/p><h2 class=\"wp-block-heading\"> Toplam\u0131 s\u0131f\u0131rdan \u00e7al\u0131\u015ft\u0131rmaya ba\u015flay\u0131n<\/h2><p> Birisi toplam\u0131 s\u0131f\u0131rdan nas\u0131l ba\u015flatabilece\u011fimizi sordu. Bunun i\u00e7in kaynak verilerimizde k\u00fc\u00e7\u00fck bir de\u011fi\u015fiklik yapmam\u0131z yeterli.<\/p><ol><li> \u00d6ncelikle kaynak veriye s\u0131f\u0131r de\u011ferli bir kukla giri\u015f girmemiz gerekiyor. <br><img decoding=\"async\" title=\"kaynak-veri-i\u00e7inde-sahte-giri\u015fli-s\u0131f\u0131rdan-ba\u015flayan-toplam-\u00e7al\u0131\u015fan-toplam-tabloyu uygula\" src=\"https:\/\/exceladvisor.org\/wp-content\/uploads\/2023\/08\/appliquer-le-total-cumule-dans-le-tableau-croise-dynamique-en-partant-de-zero-avec-une-entree-fictive-dans-les-donnees-source-1.png\" sizes=\"\" srcset=\"\" alt=\"apply running total in pivot table with starting from zero with dummy entry in source data\"><\/li><li> Burada verilerimiz 15 Ocak&#8217;tan ba\u015fl\u0131yor ve bu y\u00fczden sahte giri\u015f i\u00e7in 15 Aral\u0131k&#8217;\u0131 kulland\u0131m.<\/li><li> \u015eimdi pivot tabloya gidin ve <a href=\"https:\/\/exceladvisor.org\/tr\/her-seyi-yenile\/\" data-wpel-link=\"internal\">yenileyin<\/a> . Ve bunu yapt\u0131\u011f\u0131m\u0131zda s\u0131f\u0131rdan ba\u015flayan bir toplam elde ediyoruz. <br><img decoding=\"async\" title=\"s\u0131f\u0131rdan ba\u015flayan-tabloya-\u00e7al\u0131\u015fan-toplam-ekleme\" src=\"https:\/\/exceladvisor.org\/wp-content\/uploads\/2023\/08\/ajouter-le-total-cumule-dans-le-tableau-a-partir-de-zero-1.png\" sizes=\"\" srcset=\"\" alt=\"add running total in table starting from zero\"><\/li><\/ol><h2 class=\"wp-block-heading\"> Toplam K\u00fcm\u00fclatif Y\u00fczde<\/h2><p> De\u011ferler yerine cari toplam\u0131n y\u00fczdesini de kullanabiliriz. <\/p><ul id=\"block-d5772274-23b4-48fc-9534-bb507d9ee117\" class=\"block-editor-rich-text__editable block-editor-block-list__block wp-block is-selected rich-text\" tabindex=\"0\" role=\"group\" contenteditable=\"true\" aria-multiline=\"true\" aria-label=\"Block: List\" data-block=\"d5772274-23b4-48fc-9534-bb507d9ee117\" data-type=\"core\/list\" data-title=\"List\"><li> \u00d6ncelikle toplam s\u00fctununa sa\u011f t\u0131klay\u0131p \u201cDe\u011fer Alan\u0131 Ayar\u0131\u201dn\u0131 a\u00e7\u0131n.<\/li><li> Bundan sonra \u201cDe\u011ferleri Farkl\u0131 G\u00f6ster\u201d sekmesine gidin ve a\u00e7\u0131l\u0131r men\u00fcden \u201c\u00c7al\u0131\u015fan Toplam Giri\u015f Y\u00fczdesi\u201d se\u00e7ene\u011fini se\u00e7in. <br><img decoding=\"async\" title=\"y\u00fczdeli-\u00e7al\u0131\u015fan-toplam-pivot-tablo ekleme\" src=\"https:\/\/exceladvisor.org\/wp-content\/uploads\/2023\/08\/ajouter-le-total-cumule-dans-le-tableau-croise-dynamique-avec-pourcentage-1.png\" sizes=\"\" srcset=\"\" alt=\"add running total in pivot table with percentage\"><\/li><li> Tamam&#8217;\u0131 t\u0131klay\u0131n. <br><img decoding=\"async\" title=\"pivot tablodaki ko\u015fu toplam\u0131n\u0131 ko\u015fu y\u00fczdesi olarak ekle\" src=\"https:\/\/exceladvisor.org\/wp-content\/uploads\/2023\/08\/ajouter-le-total-cumule-dans-le-tableau-croise-dynamique-en-pourcentage-cumule-1.png\" sizes=\"\" srcset=\"\" alt=\"add running total in pivot table as cumulative percentage\"><\/li><\/ul><h2 class=\"wp-block-heading\"> Grupland\u0131r\u0131lm\u0131\u015f tarihlerle k\u00fcm\u00fclatif toplam<\/h2><p> <a href=\"https:\/\/exceladvisor.org\/tr\/grup-tarihleri\/\" data-wpel-link=\"internal\">Tarihleri bir arada gruplad\u0131\u011f\u0131m\u0131z<\/a> toplamlar\u0131 toplad\u0131\u011f\u0131m\u0131zda sorun \u00e7\u0131kabilir, size g\u00f6stereyim. A\u015fa\u011f\u0131daki pivot tabloda tarihleri gruplad\u0131k ve bunlardan &#8220;\u00c7eyrekler&#8221; ve &#8220;Aylar&#8221; olmak \u00fczere iki sat\u0131rl\u0131 etiketler olu\u015fturduk.<\/p><p> Ayr\u0131ca cari toplam\u0131 da veri alan\u0131na uygulad\u0131k. \u015eimdi bakarsan\u0131z \u00e7eyrek de\u011fi\u015fiklikten sonra k\u00fcm\u00fclatif toplam yeniden ba\u015fl\u0131yor. Ancak bunu bir yard\u0131mc\u0131 s\u00fctun kullanarak d\u00fczeltebiliriz ve i\u015fte ad\u0131mlar.<\/p><ol><li> \u00d6ncelikle kaynak verilerinize gidin ve tarih s\u00fctunundan sonra yeni bir s\u00fctun girin.<\/li><li> Daha sonra bu s\u00fctuna \u201cQM\u201d ad\u0131n\u0131 verin ve a\u015fa\u011f\u0131daki form\u00fcl\u00fc girin: <pre> =\"Qtr\"&amp;ROUNDUP(MONTH(A2)\/3,0)&amp;\"-\"&amp;TEXT(A2,\"MM\") <\/pre><img decoding=\"async\" title=\"uygulama-\u00e7al\u0131\u015fan-toplam-pivot-tablo-kullanarak-kaynak-veri-1'deki yard\u0131mc\u0131-s\u00fctun\" src=\"https:\/\/exceladvisor.org\/wp-content\/uploads\/2023\/08\/appy-cumulant-le-total-dans-le-tableau-croise-dynamique-a-laide-de-la-colonne-dassistance-dans-les-donnees-source-1-1.png\" sizes=\"\" srcset=\"\" alt=\"apply running total in pivot table using helper column in source data\"><\/li><li> \u015eimdi pivot tablonuzu yenileyin ve &#8220;\u00c7eyrekler&#8221; ve &#8220;Aylar&#8221; s\u00fctun alanlar\u0131n\u0131 kald\u0131r\u0131n ve &#8220;QM&#8221; s\u00fctununu ekleyin. <br><img decoding=\"async\" title=\"uygulama-\u00e7al\u0131\u015fan-toplam-pivot-tablo-tarihler-grupland\u0131\u011f\u0131nda-ekleme-yard\u0131mc\u0131-s\u00fctun-1\" src=\"https:\/\/exceladvisor.org\/wp-content\/uploads\/2023\/08\/appy-cumulant-le-total-dans-le-tableau-croise-dynamique-lorsque-les-dates-sont-regroupees-ajouter-la-colonne-daide-1-1.png\" sizes=\"\" srcset=\"\" alt=\"apply running total in pivot table when dates are grouped add helper column 1\"><\/li><\/ol><h2 class=\"wp-block-heading\"> PivotChart&#8217;ta toplam \u00e7al\u0131\u015ft\u0131rma<\/h2><p> De\u011fi\u015fen toplamla, de\u011fi\u015fen de\u011ferleri grafiksel olarak g\u00f6r\u00fcnt\u00fclemek i\u00e7in <a href=\"https:\/\/exceladvisor.org\/tr\/pivot-tablo-2\/\" data-wpel-link=\"internal\" data-wpil=\"url\">bir pivot tablo da olu\u015fturabiliriz<\/a> . <\/p><div class=\"wp-block-image\"><figure class=\"aligncenter\"><img decoding=\"async\" src=\"https:\/\/exceladvisor.org\/wp-content\/uploads\/2023\/08\/ajouter-le-total-cumule-dans-le-tableau-croise-dynamique-avec-le-tableau-croise-dynamique-1.png\" sizes=\"\" srcset=\"\" alt=\"pivot tabloyla pivot tabloya de\u011fi\u015fen toplam\u0131 ekleme\"><\/figure><\/div><p> Yukar\u0131daki \u00f6rnekte, aydan aya artan de\u011ferlerin e\u011filimini g\u00f6stermek i\u00e7in pivot tablonun bulundu\u011fu bir pivot tablomuz var.<\/p><h2 class=\"wp-block-heading\"> \u00d6rnek dosya<\/h2><p> <a href=\"https:\/\/exceladvisor.org\/wp-content\/uploads\/2023\/11\/total-cumule-dans-le-tableau-croise-dynamique.xlsx\" rel=\"nofollow\" data-wpel-link=\"internal\">indirmek<\/a><\/p>","protected":false},"excerpt":{"rendered":"","protected":false},"author":1,"featured_media":0,"parent":0,"menu_order":0,"comment_status":"open","ping_status":"closed","template":"","meta":{"ub_ctt_via":"","footnotes":""},"class_list":["post-1806","page","type-page","status-publish","hentry"],"featured_image_src":null,"yoast_head":"<!-- This site is optimized with the Yoast SEO plugin v25.4 - https:\/\/yoast.com\/wordpress\/plugins\/seo\/ -->\n<title>Bir pivot tabloya hareketli toplam\u0131 nas\u0131l eklerim?<\/title>\n<meta name=\"description\" content=\"Bu derste size bir pivot tabloya cari toplam\u0131n nas\u0131l eklenece\u011fini g\u00f6sterece\u011fim. Ayr\u0131ca \u015funlar\u0131 ke\u015ffedeceksiniz:\" \/>\n<meta name=\"robots\" content=\"index, follow, max-snippet:-1, max-image-preview:large, max-video-preview:-1\" \/>\n<link rel=\"canonical\" href=\"https:\/\/exceladvisor.org\/tr\/birikimli-toplam\/\" \/>\n<meta property=\"og:locale\" content=\"tr_TR\" \/>\n<meta property=\"og:type\" content=\"article\" \/>\n<meta property=\"og:title\" content=\"Bir pivot tabloya hareketli toplam\u0131 nas\u0131l eklerim?\" \/>\n<meta property=\"og:description\" content=\"Bu derste size bir pivot tabloya cari toplam\u0131n nas\u0131l eklenece\u011fini g\u00f6sterece\u011fim. Ayr\u0131ca \u015funlar\u0131 ke\u015ffedeceksiniz:\" \/>\n<meta property=\"og:url\" content=\"https:\/\/exceladvisor.org\/tr\/birikimli-toplam\/\" \/>\n<meta property=\"og:site_name\" content=\"Excel Advisor\" \/>\n<meta property=\"article:modified_time\" content=\"2023-12-10T05:58:58+00:00\" \/>\n<meta property=\"og:image\" content=\"https:\/\/exceladvisor.org\/wp-content\/uploads\/2023\/08\/en-ajoutant-le-total-cumule-dans-le-tableau-croise-dynamique-vous-obtiendrez-la-meme-valeur-pour-le-dernier-et-le-grand-total-1.png\" \/>\n<meta name=\"twitter:card\" content=\"summary_large_image\" \/>\n<meta name=\"twitter:label1\" content=\"Tahmini okuma s\u00fcresi\" \/>\n\t<meta name=\"twitter:data1\" content=\"3 dakika\" \/>\n<script type=\"application\/ld+json\" class=\"yoast-schema-graph\">{\"@context\":\"https:\/\/schema.org\",\"@graph\":[{\"@type\":\"WebPage\",\"@id\":\"https:\/\/exceladvisor.org\/tr\/birikimli-toplam\/\",\"url\":\"https:\/\/exceladvisor.org\/tr\/birikimli-toplam\/\",\"name\":\"Bir pivot tabloya hareketli toplam\u0131 nas\u0131l eklerim?\",\"isPartOf\":{\"@id\":\"https:\/\/exceladvisor.org\/tr\/#website\"},\"primaryImageOfPage\":{\"@id\":\"https:\/\/exceladvisor.org\/tr\/birikimli-toplam\/#primaryimage\"},\"image\":{\"@id\":\"https:\/\/exceladvisor.org\/tr\/birikimli-toplam\/#primaryimage\"},\"thumbnailUrl\":\"https:\/\/exceladvisor.org\/wp-content\/uploads\/2023\/08\/en-ajoutant-le-total-cumule-dans-le-tableau-croise-dynamique-vous-obtiendrez-la-meme-valeur-pour-le-dernier-et-le-grand-total-1.png\",\"datePublished\":\"2023-11-03T04:05:17+00:00\",\"dateModified\":\"2023-12-10T05:58:58+00:00\",\"description\":\"Bu derste size bir pivot tabloya cari toplam\u0131n nas\u0131l eklenece\u011fini g\u00f6sterece\u011fim. Ayr\u0131ca \u015funlar\u0131 ke\u015ffedeceksiniz:\",\"breadcrumb\":{\"@id\":\"https:\/\/exceladvisor.org\/tr\/birikimli-toplam\/#breadcrumb\"},\"inLanguage\":\"tr\",\"potentialAction\":[{\"@type\":\"ReadAction\",\"target\":[\"https:\/\/exceladvisor.org\/tr\/birikimli-toplam\/\"]}]},{\"@type\":\"ImageObject\",\"inLanguage\":\"tr\",\"@id\":\"https:\/\/exceladvisor.org\/tr\/birikimli-toplam\/#primaryimage\",\"url\":\"https:\/\/exceladvisor.org\/wp-content\/uploads\/2023\/08\/en-ajoutant-le-total-cumule-dans-le-tableau-croise-dynamique-vous-obtiendrez-la-meme-valeur-pour-le-dernier-et-le-grand-total-1.png\",\"contentUrl\":\"https:\/\/exceladvisor.org\/wp-content\/uploads\/2023\/08\/en-ajoutant-le-total-cumule-dans-le-tableau-croise-dynamique-vous-obtiendrez-la-meme-valeur-pour-le-dernier-et-le-grand-total-1.png\"},{\"@type\":\"BreadcrumbList\",\"@id\":\"https:\/\/exceladvisor.org\/tr\/birikimli-toplam\/#breadcrumb\",\"itemListElement\":[{\"@type\":\"ListItem\",\"position\":1,\"name\":\"Ev\",\"item\":\"https:\/\/exceladvisor.org\/tr\/\"},{\"@type\":\"ListItem\",\"position\":2,\"name\":\"Bir pivot tabloya hareketli toplam\u0131 nas\u0131l eklerim?\"}]},{\"@type\":\"WebSite\",\"@id\":\"https:\/\/exceladvisor.org\/tr\/#website\",\"url\":\"https:\/\/exceladvisor.org\/tr\/\",\"name\":\"Excel Advisor\",\"description\":\"Veri hakimiyetine y\u00f6nelik nihai rehberiniz!\",\"publisher\":{\"@id\":\"https:\/\/exceladvisor.org\/tr\/#organization\"},\"potentialAction\":[{\"@type\":\"SearchAction\",\"target\":{\"@type\":\"EntryPoint\",\"urlTemplate\":\"https:\/\/exceladvisor.org\/tr\/?s={search_term_string}\"},\"query-input\":{\"@type\":\"PropertyValueSpecification\",\"valueRequired\":true,\"valueName\":\"search_term_string\"}}],\"inLanguage\":\"tr\"},{\"@type\":\"Organization\",\"@id\":\"https:\/\/exceladvisor.org\/tr\/#organization\",\"name\":\"Excel Advisor\",\"url\":\"https:\/\/exceladvisor.org\/tr\/\",\"logo\":{\"@type\":\"ImageObject\",\"inLanguage\":\"tr\",\"@id\":\"https:\/\/exceladvisor.org\/tr\/#\/schema\/logo\/image\/\",\"url\":\"https:\/\/exceladvisor.org\/tr\/wp-content\/uploads\/2023\/12\/exceladvisor.org_.png\",\"contentUrl\":\"https:\/\/exceladvisor.org\/tr\/wp-content\/uploads\/2023\/12\/exceladvisor.org_.png\",\"width\":105,\"height\":36,\"caption\":\"Excel Advisor\"},\"image\":{\"@id\":\"https:\/\/exceladvisor.org\/tr\/#\/schema\/logo\/image\/\"}}]}<\/script>\n<!-- \/ Yoast SEO plugin. -->","yoast_head_json":{"title":"Bir pivot tabloya hareketli toplam\u0131 nas\u0131l eklerim?","description":"Bu derste size bir pivot tabloya cari toplam\u0131n nas\u0131l eklenece\u011fini g\u00f6sterece\u011fim. Ayr\u0131ca \u015funlar\u0131 ke\u015ffedeceksiniz:","robots":{"index":"index","follow":"follow","max-snippet":"max-snippet:-1","max-image-preview":"max-image-preview:large","max-video-preview":"max-video-preview:-1"},"canonical":"https:\/\/exceladvisor.org\/tr\/birikimli-toplam\/","og_locale":"tr_TR","og_type":"article","og_title":"Bir pivot tabloya hareketli toplam\u0131 nas\u0131l eklerim?","og_description":"Bu derste size bir pivot tabloya cari toplam\u0131n nas\u0131l eklenece\u011fini g\u00f6sterece\u011fim. Ayr\u0131ca \u015funlar\u0131 ke\u015ffedeceksiniz:","og_url":"https:\/\/exceladvisor.org\/tr\/birikimli-toplam\/","og_site_name":"Excel Advisor","article_modified_time":"2023-12-10T05:58:58+00:00","og_image":[{"url":"https:\/\/exceladvisor.org\/wp-content\/uploads\/2023\/08\/en-ajoutant-le-total-cumule-dans-le-tableau-croise-dynamique-vous-obtiendrez-la-meme-valeur-pour-le-dernier-et-le-grand-total-1.png","type":"","width":"","height":""}],"twitter_card":"summary_large_image","twitter_misc":{"Tahmini okuma s\u00fcresi":"3 dakika"},"schema":{"@context":"https:\/\/schema.org","@graph":[{"@type":"WebPage","@id":"https:\/\/exceladvisor.org\/tr\/birikimli-toplam\/","url":"https:\/\/exceladvisor.org\/tr\/birikimli-toplam\/","name":"Bir pivot tabloya hareketli toplam\u0131 nas\u0131l eklerim?","isPartOf":{"@id":"https:\/\/exceladvisor.org\/tr\/#website"},"primaryImageOfPage":{"@id":"https:\/\/exceladvisor.org\/tr\/birikimli-toplam\/#primaryimage"},"image":{"@id":"https:\/\/exceladvisor.org\/tr\/birikimli-toplam\/#primaryimage"},"thumbnailUrl":"https:\/\/exceladvisor.org\/wp-content\/uploads\/2023\/08\/en-ajoutant-le-total-cumule-dans-le-tableau-croise-dynamique-vous-obtiendrez-la-meme-valeur-pour-le-dernier-et-le-grand-total-1.png","datePublished":"2023-11-03T04:05:17+00:00","dateModified":"2023-12-10T05:58:58+00:00","description":"Bu derste size bir pivot tabloya cari toplam\u0131n nas\u0131l eklenece\u011fini g\u00f6sterece\u011fim. Ayr\u0131ca \u015funlar\u0131 ke\u015ffedeceksiniz:","breadcrumb":{"@id":"https:\/\/exceladvisor.org\/tr\/birikimli-toplam\/#breadcrumb"},"inLanguage":"tr","potentialAction":[{"@type":"ReadAction","target":["https:\/\/exceladvisor.org\/tr\/birikimli-toplam\/"]}]},{"@type":"ImageObject","inLanguage":"tr","@id":"https:\/\/exceladvisor.org\/tr\/birikimli-toplam\/#primaryimage","url":"https:\/\/exceladvisor.org\/wp-content\/uploads\/2023\/08\/en-ajoutant-le-total-cumule-dans-le-tableau-croise-dynamique-vous-obtiendrez-la-meme-valeur-pour-le-dernier-et-le-grand-total-1.png","contentUrl":"https:\/\/exceladvisor.org\/wp-content\/uploads\/2023\/08\/en-ajoutant-le-total-cumule-dans-le-tableau-croise-dynamique-vous-obtiendrez-la-meme-valeur-pour-le-dernier-et-le-grand-total-1.png"},{"@type":"BreadcrumbList","@id":"https:\/\/exceladvisor.org\/tr\/birikimli-toplam\/#breadcrumb","itemListElement":[{"@type":"ListItem","position":1,"name":"Ev","item":"https:\/\/exceladvisor.org\/tr\/"},{"@type":"ListItem","position":2,"name":"Bir pivot tabloya hareketli toplam\u0131 nas\u0131l eklerim?"}]},{"@type":"WebSite","@id":"https:\/\/exceladvisor.org\/tr\/#website","url":"https:\/\/exceladvisor.org\/tr\/","name":"Excel Advisor","description":"Veri hakimiyetine y\u00f6nelik nihai rehberiniz!","publisher":{"@id":"https:\/\/exceladvisor.org\/tr\/#organization"},"potentialAction":[{"@type":"SearchAction","target":{"@type":"EntryPoint","urlTemplate":"https:\/\/exceladvisor.org\/tr\/?s={search_term_string}"},"query-input":{"@type":"PropertyValueSpecification","valueRequired":true,"valueName":"search_term_string"}}],"inLanguage":"tr"},{"@type":"Organization","@id":"https:\/\/exceladvisor.org\/tr\/#organization","name":"Excel Advisor","url":"https:\/\/exceladvisor.org\/tr\/","logo":{"@type":"ImageObject","inLanguage":"tr","@id":"https:\/\/exceladvisor.org\/tr\/#\/schema\/logo\/image\/","url":"https:\/\/exceladvisor.org\/tr\/wp-content\/uploads\/2023\/12\/exceladvisor.org_.png","contentUrl":"https:\/\/exceladvisor.org\/tr\/wp-content\/uploads\/2023\/12\/exceladvisor.org_.png","width":105,"height":36,"caption":"Excel Advisor"},"image":{"@id":"https:\/\/exceladvisor.org\/tr\/#\/schema\/logo\/image\/"}}]}},"yoast_meta":{"yoast_wpseo_title":"","yoast_wpseo_metadesc":"","yoast_wpseo_canonical":""},"_links":{"self":[{"href":"https:\/\/exceladvisor.org\/tr\/wp-json\/wp\/v2\/pages\/1806","targetHints":{"allow":["GET"]}}],"collection":[{"href":"https:\/\/exceladvisor.org\/tr\/wp-json\/wp\/v2\/pages"}],"about":[{"href":"https:\/\/exceladvisor.org\/tr\/wp-json\/wp\/v2\/types\/page"}],"author":[{"embeddable":true,"href":"https:\/\/exceladvisor.org\/tr\/wp-json\/wp\/v2\/users\/1"}],"replies":[{"embeddable":true,"href":"https:\/\/exceladvisor.org\/tr\/wp-json\/wp\/v2\/comments?post=1806"}],"version-history":[{"count":1,"href":"https:\/\/exceladvisor.org\/tr\/wp-json\/wp\/v2\/pages\/1806\/revisions"}],"predecessor-version":[{"id":2285,"href":"https:\/\/exceladvisor.org\/tr\/wp-json\/wp\/v2\/pages\/1806\/revisions\/2285"}],"wp:attachment":[{"href":"https:\/\/exceladvisor.org\/tr\/wp-json\/wp\/v2\/media?parent=1806"}],"curies":[{"name":"wp","href":"https:\/\/api.w.org\/{rel}","templated":true}]}}