{"id":1807,"date":"2023-11-03T04:01:28","date_gmt":"2023-11-03T04:01:28","guid":{"rendered":"https:\/\/exceladvisor.org\/tr\/virgul-ekle\/"},"modified":"2023-12-10T06:03:07","modified_gmt":"2023-12-10T06:03:07","slug":"virgul-ekle","status":"publish","type":"page","link":"https:\/\/exceladvisor.org\/tr\/virgul-ekle\/","title":{"rendered":"Excel&#39;de virg\u00fcl nas\u0131l eklenir?"},"content":{"rendered":"<div class=\"excel-icerikten-once\" id=\"excel-47507027\"><script type=\"text\/javascript\">\r\n\tatOptions = {\r\n\t\t'key' : 'c1158f160081d6540a8409e6925dab94',\r\n\t\t'format' : 'iframe',\r\n\t\t'height' : 250,\r\n\t\t'width' : 300,\r\n\t\t'params' : {}\r\n\t};\r\n<\/script>\r\n<script type=\"text\/javascript\" src=\"\/\/www.highperformanceformat.com\/c1158f160081d6540a8409e6925dab94\/invoke.js\"><\/script><\/div> <p>Bir h\u00fccre de\u011ferinin \u00f6n\u00fcne veya sonras\u0131na virg\u00fcl eklemek istiyorsan\u0131z Excel&#8217;de farkl\u0131 form\u00fcller yazabilirsiniz. Bunu yapmak i\u00e7in birle\u015ftirme y\u00f6ntemlerini veya iki veya daha fazla de\u011feri birle\u015ftirmenize olanak tan\u0131yan i\u015flevi kullanman\u0131z gerekir.<\/p><p> Bu dersimizde bu form\u00fclleri detayland\u0131raca\u011f\u0131z.<\/p><h2 class=\"wp-block-heading\"> Virg\u00fcl eklemek i\u00e7in ve i\u015faretini kullanma<\/h2><p> A\u015fa\u011f\u0131daki \u00f6rnekte, metin de\u011ferlerine sahip iki h\u00fccreniz (A1 ve B1) var. Bu h\u00fccrelerdeki bu de\u011ferleri birle\u015ftirip aralar\u0131na virg\u00fcl eklemeniz gerekiyor.<\/p><p> Bunu yapmak i\u00e7in a\u015fa\u011f\u0131daki form\u00fcl\u00fc kullan\u0131n: <\/p><div class=\"wp-block-image\"><figure class=\"aligncenter size-full is-resized\"><img loading=\"lazy\" decoding=\"async\" class=\"alignnone  wp-image-13636\" src=\"https:\/\/exceladvisor.org\/wp-content\/uploads\/2023\/11\/formule-a-ajouter-virgules.png\" alt=\"virg\u00fcl eklenecek form\u00fcl\" width=\"514\" height=\"259\" srcset=\"https:\/\/exceladvisor.org\/wp-content\/uploads\/2023\/11\/formule-a-ajouter-virgules.png 582w, https:\/\/exceladvisor.org\/wp-content\/uploads\/2023\/11\/formule-a-ajouter-virgules-300x151.png 300w\" sizes=\"auto, (max-width: 514px) 100vw, 514px\"><\/figure><\/div><pre class=\"wp-block-code\"> <code class=\"language-excel-formula\" lang=\"excel-formula\">=A1&amp;\", \"&amp;B1<\/code><\/pre><p> Bu form\u00fclde A1 ve B1 h\u00fccrelerinden de\u011ferleriniz var. Ve \u00e7ift t\u0131rnak yard\u0131m\u0131yla iki de\u011fer aras\u0131nda virg\u00fcl ve bo\u015fluk bulunur.<\/p><p> Veya bunu CONCATENATE i\u015flevini kullanarak da yapabilirsiniz. <\/p><pre class=\"wp-block-code\"> <code class=\"language-excel-formula\" lang=\"excel-formula\">=CONCATENATE(A1,\", \",B1)<\/code><\/pre><div class=\"wp-block-image\"><figure class=\"aligncenter size-full is-resized\"><img loading=\"lazy\" decoding=\"async\" class=\"alignnone  wp-image-13637\" src=\"https:\/\/exceladvisor.org\/wp-content\/uploads\/2023\/11\/ajouter-une-virgule-en-utilisant-concatenation.png\" alt=\"birle\u015ftirme kullanarak virg\u00fcl ekleyin\" width=\"512\" height=\"258\" srcset=\"https:\/\/exceladvisor.org\/wp-content\/uploads\/2023\/11\/ajouter-une-virgule-en-utilisant-concatenation.png 582w, https:\/\/exceladvisor.org\/wp-content\/uploads\/2023\/11\/ajouter-une-virgule-en-utilisant-concatenation-300x151.png 300w\" sizes=\"auto, (max-width: 512px) 100vw, 512px\"><\/figure><\/div><p> Ve e\u011fer bir h\u00fccrede zaten bir virg\u00fcl varsa, bunun i\u00e7in CONCAT i\u015flevini kullanabilirsiniz. <\/p><div class=\"wp-block-image\"><figure class=\"aligncenter size-full is-resized\"><img loading=\"lazy\" decoding=\"async\" class=\"alignnone  wp-image-13638\" src=\"https:\/\/exceladvisor.org\/wp-content\/uploads\/2023\/11\/concat-si-a-deja-une-virgules.png\" alt=\"zaten-virg\u00fcl-varsa concat\" width=\"507\" height=\"202\" srcset=\"https:\/\/exceladvisor.org\/wp-content\/uploads\/2023\/11\/concat-si-a-deja-une-virgules.png 736w, https:\/\/exceladvisor.org\/wp-content\/uploads\/2023\/11\/concat-si-a-deja-une-virgules-300x119.png 300w\" sizes=\"auto, (max-width: 507px) 100vw, 507px\"><\/figure><\/div><p class=\"qt-tip\"> <strong>Not:<\/strong> Bu y\u00f6ntemi Excel&#8217;in herhangi bir s\u00fcr\u00fcm\u00fcnde kullanabilirsiniz.<\/p><h2 class=\"wp-block-heading\"> Birden \u00e7ok de\u011fer aras\u0131na virg\u00fcl eklemek i\u00e7in TEXTJOIN kullan\u0131n<\/h2><p> Bir h\u00fccre aral\u0131\u011f\u0131ndaki birden \u00e7ok de\u011fer aras\u0131na virg\u00fcl eklemek istiyorsan\u0131z TEXTJOIN en iyi i\u015flevdir. <\/p><div class=\"wp-block-image\"><figure class=\"aligncenter size-full is-resized\"><img loading=\"lazy\" decoding=\"async\" class=\"alignnone  wp-image-13639\" src=\"https:\/\/exceladvisor.org\/wp-content\/uploads\/2023\/11\/textjoin-to-add-comma.png\" alt=\"virg\u00fcl eklemek i\u00e7in metin birle\u015ftirme\" width=\"447\" height=\"342\" srcset=\"https:\/\/exceladvisor.org\/wp-content\/uploads\/2023\/11\/textjoin-to-add-comma.png 588w, https:\/\/exceladvisor.org\/wp-content\/uploads\/2023\/11\/textjoin-to-add-comma-300x230.png 300w\" sizes=\"auto, (max-width: 447px) 100vw, 447px\"><\/figure><\/div><pre class=\"wp-block-code\"> <code class=\"language-excel-formula\" lang=\"excel-formula\">=TEXTJOIN(\", \",TRUE,A1:A5)<\/code><\/pre><p> TEXTJOIN ile virg\u00fcl veya ba\u015fka bir s\u0131n\u0131rlay\u0131c\u0131 eklemek kolayd\u0131r. G\u00f6rd\u00fc\u011f\u00fcn\u00fcz gibi:<\/p><ul><li> Fonksiyonun ilk arg\u00fcman\u0131nda virg\u00fcl ve bo\u015fluk belirttik.<\/li><li> Daha sonra bo\u015f h\u00fccreleri yok saymak i\u00e7in DO\u011eRU&#8217;ya bas\u0131n.<\/li><li> Sonunda varmak istedi\u011fimiz aral\u0131\u011fa de\u011findik.<\/li><\/ul><p> Enter tu\u015funa bast\u0131\u011f\u0131n\u0131zda size t\u00fcm de\u011ferleri virg\u00fcl ve her kelimenin aras\u0131na bo\u015fluk koyarak verir. <\/p><div class=\"gb-container gb-container-52dfcee1 gb-container-sample-file\"><h2 class=\"gb-headline gb-headline-e289c143 gb-headline-text gb-headline-4f7959c2\"> Excel dosyas\u0131n\u0131 al\u0131n<\/h2> <a class=\"gb-button gb-button-e88d6bee gb-button-text gb-button-button1\" href=\"https:\/\/exceladvisor.org\/wp-content\/uploads\/2023\/11\/ajouter-une-virgule.xlsx\" rel=\"nofollow\">\u0130ndirmek<\/a><\/div><div class=\"gb-container gb-container-0df56012 gb-container-mt\"> <a class=\"gb-button gb-button-f9f432f4 gb-button-text gb-button-mt-button\" href=\"https:\/\/exceladvisor.org\/tr\/formuller\/\">Excel form\u00fcllerinin listesi<\/a><h2 class=\"gb-headline gb-headline-233444e8 gb-headline-text gb-headline-mt-heading\"> \u0130lgili form\u00fcller <\/h2><div class=\"gb-grid-wrapper gb-grid-wrapper-a16fa65c gb-grid-wrapper-mt-grid\"><div class=\"gb-grid-column gb-grid-column-50d07e0d\"><div class=\"gb-container gb-container-50d07e0d\"><ul><li> <a href=\"https:\/\/exceladvisor.org\/tr\/hucrede-yeni-satir\/\">Excel&#8217;de bir h\u00fccreye yeni bir sat\u0131r ekleme (sat\u0131r sonu)<\/a><\/li><li> <a href=\"https:\/\/exceladvisor.org\/tr\/bastaki-sifirlar\/\">Excel&#8217;de ba\u015ftaki s\u0131f\u0131rlar\u0131 ekleme<\/a><\/li><li> <a href=\"https:\/\/exceladvisor.org\/tr\/hucreleri-virgulle-birlestir\/\">Excel&#8217;de h\u00fccreleri virg\u00fclle birle\u015ftirme (birle\u015ftirme)<\/a><\/li><li> <a href=\"https:\/\/exceladvisor.org\/tr\/bir-dizi-hucreyi-birlestirmek\/\">Excel&#8217;de bir dizi h\u00fccreyi birle\u015ftirme (birle\u015ftirme)<\/a><\/li><li> <a href=\"https:\/\/exceladvisor.org\/tr\/satir-sonunu-birlestirme\/\">Excel&#8217;de sat\u0131r sonuyla birle\u015ftirme<\/a><\/li><\/ul><\/div><\/div><\/div><\/div>","protected":false},"excerpt":{"rendered":"","protected":false},"author":1,"featured_media":0,"parent":0,"menu_order":0,"comment_status":"open","ping_status":"closed","template":"","meta":{"ub_ctt_via":"","footnotes":""},"class_list":["post-1807","page","type-page","status-publish","hentry"],"featured_image_src":null,"yoast_head":"<!-- This site is optimized with the Yoast SEO plugin v25.4 - https:\/\/yoast.com\/wordpress\/plugins\/seo\/ -->\n<title>\u25b7 Excel&#039;de virg\u00fcl nas\u0131l eklenir? (H\u00fccre - Metin)<\/title>\n<meta name=\"description\" content=\"Bu e\u011fitimde size bir de\u011ferin arkas\u0131na veya \u00f6n\u00fcne virg\u00fcl eklemek i\u00e7in bir Excel form\u00fcl\u00fcn\u00fcn nas\u0131l yaz\u0131laca\u011f\u0131 \u00f6\u011fretilecektir. Bunu kontrol edelim\u2026\" \/>\n<meta name=\"robots\" content=\"index, follow, max-snippet:-1, max-image-preview:large, max-video-preview:-1\" \/>\n<link rel=\"canonical\" href=\"https:\/\/exceladvisor.org\/tr\/virgul-ekle\/\" \/>\n<meta property=\"og:locale\" content=\"tr_TR\" \/>\n<meta property=\"og:type\" content=\"article\" \/>\n<meta property=\"og:title\" content=\"\u25b7 Excel&#039;de virg\u00fcl nas\u0131l eklenir? (H\u00fccre - Metin)\" \/>\n<meta property=\"og:description\" content=\"Bu e\u011fitimde size bir de\u011ferin arkas\u0131na veya \u00f6n\u00fcne virg\u00fcl eklemek i\u00e7in bir Excel form\u00fcl\u00fcn\u00fcn nas\u0131l yaz\u0131laca\u011f\u0131 \u00f6\u011fretilecektir. Bunu kontrol edelim\u2026\" \/>\n<meta property=\"og:url\" content=\"https:\/\/exceladvisor.org\/tr\/virgul-ekle\/\" \/>\n<meta property=\"og:site_name\" content=\"Excel Advisor\" \/>\n<meta property=\"article:modified_time\" content=\"2023-12-10T06:03:07+00:00\" \/>\n<meta property=\"og:image\" content=\"https:\/\/exceladvisor.org\/wp-content\/uploads\/2023\/11\/formule-a-ajouter-virgules.png\" \/>\n<meta name=\"twitter:card\" content=\"summary_large_image\" \/>\n<meta name=\"twitter:label1\" content=\"Tahmini okuma s\u00fcresi\" \/>\n\t<meta name=\"twitter:data1\" content=\"2 dakika\" \/>\n<script type=\"application\/ld+json\" class=\"yoast-schema-graph\">{\"@context\":\"https:\/\/schema.org\",\"@graph\":[{\"@type\":\"WebPage\",\"@id\":\"https:\/\/exceladvisor.org\/tr\/virgul-ekle\/\",\"url\":\"https:\/\/exceladvisor.org\/tr\/virgul-ekle\/\",\"name\":\"\u25b7 Excel&#39;de virg\u00fcl nas\u0131l eklenir? (H\u00fccre - Metin)\",\"isPartOf\":{\"@id\":\"https:\/\/exceladvisor.org\/tr\/#website\"},\"primaryImageOfPage\":{\"@id\":\"https:\/\/exceladvisor.org\/tr\/virgul-ekle\/#primaryimage\"},\"image\":{\"@id\":\"https:\/\/exceladvisor.org\/tr\/virgul-ekle\/#primaryimage\"},\"thumbnailUrl\":\"https:\/\/exceladvisor.org\/wp-content\/uploads\/2023\/11\/formule-a-ajouter-virgules.png\",\"datePublished\":\"2023-11-03T04:01:28+00:00\",\"dateModified\":\"2023-12-10T06:03:07+00:00\",\"description\":\"Bu e\u011fitimde size bir de\u011ferin arkas\u0131na veya \u00f6n\u00fcne virg\u00fcl eklemek i\u00e7in bir Excel form\u00fcl\u00fcn\u00fcn nas\u0131l yaz\u0131laca\u011f\u0131 \u00f6\u011fretilecektir. Bunu kontrol edelim\u2026\",\"breadcrumb\":{\"@id\":\"https:\/\/exceladvisor.org\/tr\/virgul-ekle\/#breadcrumb\"},\"inLanguage\":\"tr\",\"potentialAction\":[{\"@type\":\"ReadAction\",\"target\":[\"https:\/\/exceladvisor.org\/tr\/virgul-ekle\/\"]}]},{\"@type\":\"ImageObject\",\"inLanguage\":\"tr\",\"@id\":\"https:\/\/exceladvisor.org\/tr\/virgul-ekle\/#primaryimage\",\"url\":\"https:\/\/exceladvisor.org\/wp-content\/uploads\/2023\/11\/formule-a-ajouter-virgules.png\",\"contentUrl\":\"https:\/\/exceladvisor.org\/wp-content\/uploads\/2023\/11\/formule-a-ajouter-virgules.png\"},{\"@type\":\"BreadcrumbList\",\"@id\":\"https:\/\/exceladvisor.org\/tr\/virgul-ekle\/#breadcrumb\",\"itemListElement\":[{\"@type\":\"ListItem\",\"position\":1,\"name\":\"Ev\",\"item\":\"https:\/\/exceladvisor.org\/tr\/\"},{\"@type\":\"ListItem\",\"position\":2,\"name\":\"Excel&#39;de virg\u00fcl nas\u0131l eklenir?\"}]},{\"@type\":\"WebSite\",\"@id\":\"https:\/\/exceladvisor.org\/tr\/#website\",\"url\":\"https:\/\/exceladvisor.org\/tr\/\",\"name\":\"Excel Advisor\",\"description\":\"Veri hakimiyetine y\u00f6nelik nihai rehberiniz!\",\"publisher\":{\"@id\":\"https:\/\/exceladvisor.org\/tr\/#organization\"},\"potentialAction\":[{\"@type\":\"SearchAction\",\"target\":{\"@type\":\"EntryPoint\",\"urlTemplate\":\"https:\/\/exceladvisor.org\/tr\/?s={search_term_string}\"},\"query-input\":{\"@type\":\"PropertyValueSpecification\",\"valueRequired\":true,\"valueName\":\"search_term_string\"}}],\"inLanguage\":\"tr\"},{\"@type\":\"Organization\",\"@id\":\"https:\/\/exceladvisor.org\/tr\/#organization\",\"name\":\"Excel Advisor\",\"url\":\"https:\/\/exceladvisor.org\/tr\/\",\"logo\":{\"@type\":\"ImageObject\",\"inLanguage\":\"tr\",\"@id\":\"https:\/\/exceladvisor.org\/tr\/#\/schema\/logo\/image\/\",\"url\":\"https:\/\/exceladvisor.org\/tr\/wp-content\/uploads\/2023\/12\/exceladvisor.org_.png\",\"contentUrl\":\"https:\/\/exceladvisor.org\/tr\/wp-content\/uploads\/2023\/12\/exceladvisor.org_.png\",\"width\":105,\"height\":36,\"caption\":\"Excel Advisor\"},\"image\":{\"@id\":\"https:\/\/exceladvisor.org\/tr\/#\/schema\/logo\/image\/\"}}]}<\/script>\n<!-- \/ Yoast SEO plugin. -->","yoast_head_json":{"title":"\u25b7 Excel&#39;de virg\u00fcl nas\u0131l eklenir? (H\u00fccre - Metin)","description":"Bu e\u011fitimde size bir de\u011ferin arkas\u0131na veya \u00f6n\u00fcne virg\u00fcl eklemek i\u00e7in bir Excel form\u00fcl\u00fcn\u00fcn nas\u0131l yaz\u0131laca\u011f\u0131 \u00f6\u011fretilecektir. Bunu kontrol edelim\u2026","robots":{"index":"index","follow":"follow","max-snippet":"max-snippet:-1","max-image-preview":"max-image-preview:large","max-video-preview":"max-video-preview:-1"},"canonical":"https:\/\/exceladvisor.org\/tr\/virgul-ekle\/","og_locale":"tr_TR","og_type":"article","og_title":"\u25b7 Excel&#39;de virg\u00fcl nas\u0131l eklenir? (H\u00fccre - Metin)","og_description":"Bu e\u011fitimde size bir de\u011ferin arkas\u0131na veya \u00f6n\u00fcne virg\u00fcl eklemek i\u00e7in bir Excel form\u00fcl\u00fcn\u00fcn nas\u0131l yaz\u0131laca\u011f\u0131 \u00f6\u011fretilecektir. Bunu kontrol edelim\u2026","og_url":"https:\/\/exceladvisor.org\/tr\/virgul-ekle\/","og_site_name":"Excel Advisor","article_modified_time":"2023-12-10T06:03:07+00:00","og_image":[{"url":"https:\/\/exceladvisor.org\/wp-content\/uploads\/2023\/11\/formule-a-ajouter-virgules.png","type":"","width":"","height":""}],"twitter_card":"summary_large_image","twitter_misc":{"Tahmini okuma s\u00fcresi":"2 dakika"},"schema":{"@context":"https:\/\/schema.org","@graph":[{"@type":"WebPage","@id":"https:\/\/exceladvisor.org\/tr\/virgul-ekle\/","url":"https:\/\/exceladvisor.org\/tr\/virgul-ekle\/","name":"\u25b7 Excel&#39;de virg\u00fcl nas\u0131l eklenir? (H\u00fccre - Metin)","isPartOf":{"@id":"https:\/\/exceladvisor.org\/tr\/#website"},"primaryImageOfPage":{"@id":"https:\/\/exceladvisor.org\/tr\/virgul-ekle\/#primaryimage"},"image":{"@id":"https:\/\/exceladvisor.org\/tr\/virgul-ekle\/#primaryimage"},"thumbnailUrl":"https:\/\/exceladvisor.org\/wp-content\/uploads\/2023\/11\/formule-a-ajouter-virgules.png","datePublished":"2023-11-03T04:01:28+00:00","dateModified":"2023-12-10T06:03:07+00:00","description":"Bu e\u011fitimde size bir de\u011ferin arkas\u0131na veya \u00f6n\u00fcne virg\u00fcl eklemek i\u00e7in bir Excel form\u00fcl\u00fcn\u00fcn nas\u0131l yaz\u0131laca\u011f\u0131 \u00f6\u011fretilecektir. Bunu kontrol edelim\u2026","breadcrumb":{"@id":"https:\/\/exceladvisor.org\/tr\/virgul-ekle\/#breadcrumb"},"inLanguage":"tr","potentialAction":[{"@type":"ReadAction","target":["https:\/\/exceladvisor.org\/tr\/virgul-ekle\/"]}]},{"@type":"ImageObject","inLanguage":"tr","@id":"https:\/\/exceladvisor.org\/tr\/virgul-ekle\/#primaryimage","url":"https:\/\/exceladvisor.org\/wp-content\/uploads\/2023\/11\/formule-a-ajouter-virgules.png","contentUrl":"https:\/\/exceladvisor.org\/wp-content\/uploads\/2023\/11\/formule-a-ajouter-virgules.png"},{"@type":"BreadcrumbList","@id":"https:\/\/exceladvisor.org\/tr\/virgul-ekle\/#breadcrumb","itemListElement":[{"@type":"ListItem","position":1,"name":"Ev","item":"https:\/\/exceladvisor.org\/tr\/"},{"@type":"ListItem","position":2,"name":"Excel&#39;de virg\u00fcl nas\u0131l eklenir?"}]},{"@type":"WebSite","@id":"https:\/\/exceladvisor.org\/tr\/#website","url":"https:\/\/exceladvisor.org\/tr\/","name":"Excel Advisor","description":"Veri hakimiyetine y\u00f6nelik nihai rehberiniz!","publisher":{"@id":"https:\/\/exceladvisor.org\/tr\/#organization"},"potentialAction":[{"@type":"SearchAction","target":{"@type":"EntryPoint","urlTemplate":"https:\/\/exceladvisor.org\/tr\/?s={search_term_string}"},"query-input":{"@type":"PropertyValueSpecification","valueRequired":true,"valueName":"search_term_string"}}],"inLanguage":"tr"},{"@type":"Organization","@id":"https:\/\/exceladvisor.org\/tr\/#organization","name":"Excel Advisor","url":"https:\/\/exceladvisor.org\/tr\/","logo":{"@type":"ImageObject","inLanguage":"tr","@id":"https:\/\/exceladvisor.org\/tr\/#\/schema\/logo\/image\/","url":"https:\/\/exceladvisor.org\/tr\/wp-content\/uploads\/2023\/12\/exceladvisor.org_.png","contentUrl":"https:\/\/exceladvisor.org\/tr\/wp-content\/uploads\/2023\/12\/exceladvisor.org_.png","width":105,"height":36,"caption":"Excel Advisor"},"image":{"@id":"https:\/\/exceladvisor.org\/tr\/#\/schema\/logo\/image\/"}}]}},"yoast_meta":{"yoast_wpseo_title":"","yoast_wpseo_metadesc":"","yoast_wpseo_canonical":""},"_links":{"self":[{"href":"https:\/\/exceladvisor.org\/tr\/wp-json\/wp\/v2\/pages\/1807","targetHints":{"allow":["GET"]}}],"collection":[{"href":"https:\/\/exceladvisor.org\/tr\/wp-json\/wp\/v2\/pages"}],"about":[{"href":"https:\/\/exceladvisor.org\/tr\/wp-json\/wp\/v2\/types\/page"}],"author":[{"embeddable":true,"href":"https:\/\/exceladvisor.org\/tr\/wp-json\/wp\/v2\/users\/1"}],"replies":[{"embeddable":true,"href":"https:\/\/exceladvisor.org\/tr\/wp-json\/wp\/v2\/comments?post=1807"}],"version-history":[{"count":1,"href":"https:\/\/exceladvisor.org\/tr\/wp-json\/wp\/v2\/pages\/1807\/revisions"}],"predecessor-version":[{"id":2635,"href":"https:\/\/exceladvisor.org\/tr\/wp-json\/wp\/v2\/pages\/1807\/revisions\/2635"}],"wp:attachment":[{"href":"https:\/\/exceladvisor.org\/tr\/wp-json\/wp\/v2\/media?parent=1807"}],"curies":[{"name":"wp","href":"https:\/\/api.w.org\/{rel}","templated":true}]}}