{"id":1810,"date":"2023-11-03T02:55:32","date_gmt":"2023-11-03T02:55:32","guid":{"rendered":"https:\/\/exceladvisor.org\/tr\/basit-ilgi\/"},"modified":"2023-12-10T06:00:17","modified_gmt":"2023-12-10T06:00:17","slug":"basit-ilgi","status":"publish","type":"page","link":"https:\/\/exceladvisor.org\/tr\/basit-ilgi\/","title":{"rendered":"Excel&#39;de basit faiz nas\u0131l hesaplan\u0131r?"},"content":{"rendered":"<div class=\"excel-icerikten-once\" id=\"excel-2291247035\"><script type=\"text\/javascript\">\r\n\tatOptions = {\r\n\t\t'key' : 'c1158f160081d6540a8409e6925dab94',\r\n\t\t'format' : 'iframe',\r\n\t\t'height' : 250,\r\n\t\t'width' : 300,\r\n\t\t'params' : {}\r\n\t};\r\n<\/script>\r\n<script type=\"text\/javascript\" src=\"\/\/www.highperformanceformat.com\/c1158f160081d6540a8409e6925dab94\/invoke.js\"><\/script><\/div> <p>Excel&#8217;deki basit ilgiyi hesaplamak i\u00e7in basit bir form\u00fcl kullanman\u0131z gerekir. Bu form\u00fclde anapara tutar\u0131, faiz oran\u0131 ve faiz s\u00fcresine sahip olman\u0131z ve ard\u0131ndan t\u00fcm bunlar\u0131 \u00e7arparak nihai faiz tutar\u0131n\u0131 elde etmeniz gerekir.<\/p><p> A\u015fa\u011f\u0131daki \u00f6rnekte faiz hesaplamak i\u00e7in kullanabilece\u011finiz de\u011ferlerimiz bulunmaktad\u0131r. <\/p><div class=\"wp-block-image\"><figure class=\"aligncenter size-full is-resized\"><img loading=\"lazy\" decoding=\"async\" class=\"wp-image-69897\" src=\"https:\/\/exceladvisor.org\/wp-content\/uploads\/2023\/08\/1-valeur-pour-calculer-linteret-simple.png\" sizes=\"auto, \" srcset=\"\" alt=\"hesaplanacak de\u011fer-basit-faiz\" width=\"437\" height=\"284\"><\/figure><\/div><h2 class=\"wp-block-heading\"> Basit Faiz Hesaplama Ad\u0131mlar\u0131<\/h2><ol type=\"1\"><li> \u0130lk \u00f6nce bir h\u00fccreye \u201c=\u201d i\u015faretini girin.<\/li><li> Daha sonra anapara tutar\u0131na bak\u0131n ve \u00e7arpmak i\u00e7in bir y\u0131ld\u0131z i\u015fareti girin.<\/li><li> Bundan sonra faiz oran\u0131na bak\u0131n (y\u00fczde olarak ifade edilmelidir).<\/li><li> \u015eimdi \u00e7arpmak ve terim de\u011ferini ifade etmek i\u00e7in tekrar bir y\u0131ld\u0131z i\u015fareti girin.<\/li><li> Sonunda h\u00fccredeki basit faiz de\u011feri i\u00e7in Enter tu\u015funa bas\u0131n. <\/li><\/ol><div class=\"wp-block-image\"><figure class=\"aligncenter size-full is-resized\"><img loading=\"lazy\" decoding=\"async\" class=\"wp-image-69898\" src=\"https:\/\/exceladvisor.org\/wp-content\/uploads\/2023\/08\/2-calculer-linteret-simple.png\" sizes=\"auto, \" srcset=\"\" alt=\"hesaplama-basit-faiz\" width=\"489\" height=\"386\"><\/figure><\/div><p> \u0130\u015fte bu hesaplamada kulland\u0131\u011f\u0131m\u0131z form\u00fcl. <\/p><div class=\"wp-block-image\"><figure class=\"aligncenter size-full is-resized\"><img loading=\"lazy\" decoding=\"async\" class=\"wp-image-69899\" src=\"https:\/\/exceladvisor.org\/wp-content\/uploads\/2023\/08\/Fractionnement-en-3-interets-simples.png\" sizes=\"auto, \" srcset=\"\" alt=\"b\u00f6lme-basit-faiz-form\u00fcl\u00fc\" width=\"787\" height=\"87\"><\/figure><\/div><p> Bu form\u00fcl\u00fc ve getirdi\u011fi ilgiyi anlay\u0131n. Hesaplamada be\u015f y\u0131l\u0131 d\u00f6nem olarak kulland\u0131\u011f\u0131m\u0131z i\u00e7in bunu be\u015f par\u00e7aya b\u00f6lmemiz gerekiyor.<\/p><p> Basit faizi her y\u0131l vade boyunca hesaplad\u0131\u011f\u0131m\u0131zda e\u015fit bir sonu\u00e7 elde ederiz. Sonu\u00e7ta 350.000 de\u011ferini d\u00f6nd\u00fcr\u00fcyor, bu da 5 y\u0131l kulland\u0131\u011f\u0131m\u0131z i\u00e7in y\u0131lda 70.000 anlam\u0131na geliyor. Bu, y\u0131lda 350000\/5 = 70000 anlam\u0131na gelir. <\/p><div class=\"gb-container gb-container-52dfcee1 gb-container-sample-file\"><h2 class=\"gb-headline gb-headline-e289c143 gb-headline-text gb-headline-4f7959c2\"> Excel dosyas\u0131n\u0131 al\u0131n<\/h2><p> <a class=\"gb-button gb-button-e88d6bee gb-button-text gb-button-button1\" href=\"https:\/\/exceladvisor.org\/wp-content\/uploads\/2023\/11\/interet-simple-2.xlsx\" rel=\"nofollow\">\u0130ndirmek<\/a><\/p><\/div><div class=\"gb-container gb-container-0df56012 gb-container-mt\"> <a class=\"gb-button gb-button-f9f432f4 gb-button-text gb-button-mt-button\" href=\"https:\/\/exceladvisor.org\/tr\/formuller\/\">Excel form\u00fcllerinin listesi<\/a><h2 class=\"gb-headline gb-headline-233444e8 gb-headline-text gb-headline-mt-heading\"> \u0130lgili form\u00fcller <\/h2><div class=\"gb-grid-wrapper gb-grid-wrapper-a16fa65c gb-grid-wrapper-mt-grid\"><div class=\"gb-grid-column gb-grid-column-50d07e0d\"><div class=\"gb-container gb-container-50d07e0d\"><ul><li> <a href=\"https:\/\/exceladvisor.org\/tr\/bilesik-faiz\/\">Excel&#8217;de bile\u015fik faizi hesaplay\u0131n<\/a><\/li><li> <a href=\"https:\/\/exceladvisor.org\/tr\/kar-marji\/\">Br\u00fct kar (marj ve oran)<\/a><\/li><li> <a href=\"https:\/\/exceladvisor.org\/tr\/kdv\/\">KDV&#8217;yi hesapla<\/a> <\/li><\/ul><\/div><\/div><div class=\"gb-grid-column gb-grid-column-5b4a0cf9\"><div class=\"gb-container gb-container-5b4a0cf9\"><\/div><\/div><\/div><\/div>","protected":false},"excerpt":{"rendered":"","protected":false},"author":1,"featured_media":0,"parent":0,"menu_order":0,"comment_status":"open","ping_status":"closed","template":"","meta":{"ub_ctt_via":"","footnotes":""},"class_list":["post-1810","page","type-page","status-publish","hentry"],"featured_image_src":null,"yoast_head":"<!-- This site is optimized with the Yoast SEO plugin v25.4 - https:\/\/yoast.com\/wordpress\/plugins\/seo\/ -->\n<title>Excel&#039;de basit faiz nas\u0131l hesaplan\u0131r? (Son 2023)<\/title>\n<meta name=\"description\" content=\"Bu form\u00fcl e\u011fitiminde, kullan\u0131m\u0131 kolay bir y\u00f6ntem kullanarak Excel&#039;de basit faizin nas\u0131l hesaplanaca\u011f\u0131n\u0131 ayr\u0131nt\u0131l\u0131 olarak \u00f6\u011frenece\u011fiz.\" \/>\n<meta name=\"robots\" content=\"index, follow, max-snippet:-1, max-image-preview:large, max-video-preview:-1\" \/>\n<link rel=\"canonical\" href=\"https:\/\/exceladvisor.org\/tr\/basit-ilgi\/\" \/>\n<meta property=\"og:locale\" content=\"tr_TR\" \/>\n<meta property=\"og:type\" content=\"article\" \/>\n<meta property=\"og:title\" content=\"Excel&#039;de basit faiz nas\u0131l hesaplan\u0131r? (Son 2023)\" \/>\n<meta property=\"og:description\" content=\"Bu form\u00fcl e\u011fitiminde, kullan\u0131m\u0131 kolay bir y\u00f6ntem kullanarak Excel&#039;de basit faizin nas\u0131l hesaplanaca\u011f\u0131n\u0131 ayr\u0131nt\u0131l\u0131 olarak \u00f6\u011frenece\u011fiz.\" \/>\n<meta property=\"og:url\" content=\"https:\/\/exceladvisor.org\/tr\/basit-ilgi\/\" \/>\n<meta property=\"og:site_name\" content=\"Excel Advisor\" \/>\n<meta property=\"article:modified_time\" content=\"2023-12-10T06:00:17+00:00\" \/>\n<meta property=\"og:image\" content=\"https:\/\/exceladvisor.org\/wp-content\/uploads\/2023\/08\/1-valeur-pour-calculer-linteret-simple.png\" \/>\n<meta name=\"twitter:card\" content=\"summary_large_image\" \/>\n<meta name=\"twitter:label1\" content=\"Tahmini okuma s\u00fcresi\" \/>\n\t<meta name=\"twitter:data1\" content=\"1 dakika\" \/>\n<script type=\"application\/ld+json\" class=\"yoast-schema-graph\">{\"@context\":\"https:\/\/schema.org\",\"@graph\":[{\"@type\":\"WebPage\",\"@id\":\"https:\/\/exceladvisor.org\/tr\/basit-ilgi\/\",\"url\":\"https:\/\/exceladvisor.org\/tr\/basit-ilgi\/\",\"name\":\"Excel&#39;de basit faiz nas\u0131l hesaplan\u0131r? (Son 2023)\",\"isPartOf\":{\"@id\":\"https:\/\/exceladvisor.org\/tr\/#website\"},\"primaryImageOfPage\":{\"@id\":\"https:\/\/exceladvisor.org\/tr\/basit-ilgi\/#primaryimage\"},\"image\":{\"@id\":\"https:\/\/exceladvisor.org\/tr\/basit-ilgi\/#primaryimage\"},\"thumbnailUrl\":\"https:\/\/exceladvisor.org\/wp-content\/uploads\/2023\/08\/1-valeur-pour-calculer-linteret-simple.png\",\"datePublished\":\"2023-11-03T02:55:32+00:00\",\"dateModified\":\"2023-12-10T06:00:17+00:00\",\"description\":\"Bu form\u00fcl e\u011fitiminde, kullan\u0131m\u0131 kolay bir y\u00f6ntem kullanarak Excel&#39;de basit faizin nas\u0131l hesaplanaca\u011f\u0131n\u0131 ayr\u0131nt\u0131l\u0131 olarak \u00f6\u011frenece\u011fiz.\",\"breadcrumb\":{\"@id\":\"https:\/\/exceladvisor.org\/tr\/basit-ilgi\/#breadcrumb\"},\"inLanguage\":\"tr\",\"potentialAction\":[{\"@type\":\"ReadAction\",\"target\":[\"https:\/\/exceladvisor.org\/tr\/basit-ilgi\/\"]}]},{\"@type\":\"ImageObject\",\"inLanguage\":\"tr\",\"@id\":\"https:\/\/exceladvisor.org\/tr\/basit-ilgi\/#primaryimage\",\"url\":\"https:\/\/exceladvisor.org\/wp-content\/uploads\/2023\/08\/1-valeur-pour-calculer-linteret-simple.png\",\"contentUrl\":\"https:\/\/exceladvisor.org\/wp-content\/uploads\/2023\/08\/1-valeur-pour-calculer-linteret-simple.png\"},{\"@type\":\"BreadcrumbList\",\"@id\":\"https:\/\/exceladvisor.org\/tr\/basit-ilgi\/#breadcrumb\",\"itemListElement\":[{\"@type\":\"ListItem\",\"position\":1,\"name\":\"Ev\",\"item\":\"https:\/\/exceladvisor.org\/tr\/\"},{\"@type\":\"ListItem\",\"position\":2,\"name\":\"Excel&#39;de basit faiz nas\u0131l hesaplan\u0131r?\"}]},{\"@type\":\"WebSite\",\"@id\":\"https:\/\/exceladvisor.org\/tr\/#website\",\"url\":\"https:\/\/exceladvisor.org\/tr\/\",\"name\":\"Excel Advisor\",\"description\":\"Veri hakimiyetine y\u00f6nelik nihai rehberiniz!\",\"publisher\":{\"@id\":\"https:\/\/exceladvisor.org\/tr\/#organization\"},\"potentialAction\":[{\"@type\":\"SearchAction\",\"target\":{\"@type\":\"EntryPoint\",\"urlTemplate\":\"https:\/\/exceladvisor.org\/tr\/?s={search_term_string}\"},\"query-input\":{\"@type\":\"PropertyValueSpecification\",\"valueRequired\":true,\"valueName\":\"search_term_string\"}}],\"inLanguage\":\"tr\"},{\"@type\":\"Organization\",\"@id\":\"https:\/\/exceladvisor.org\/tr\/#organization\",\"name\":\"Excel Advisor\",\"url\":\"https:\/\/exceladvisor.org\/tr\/\",\"logo\":{\"@type\":\"ImageObject\",\"inLanguage\":\"tr\",\"@id\":\"https:\/\/exceladvisor.org\/tr\/#\/schema\/logo\/image\/\",\"url\":\"https:\/\/exceladvisor.org\/tr\/wp-content\/uploads\/2023\/12\/exceladvisor.org_.png\",\"contentUrl\":\"https:\/\/exceladvisor.org\/tr\/wp-content\/uploads\/2023\/12\/exceladvisor.org_.png\",\"width\":105,\"height\":36,\"caption\":\"Excel Advisor\"},\"image\":{\"@id\":\"https:\/\/exceladvisor.org\/tr\/#\/schema\/logo\/image\/\"}}]}<\/script>\n<!-- \/ Yoast SEO plugin. -->","yoast_head_json":{"title":"Excel&#39;de basit faiz nas\u0131l hesaplan\u0131r? (Son 2023)","description":"Bu form\u00fcl e\u011fitiminde, kullan\u0131m\u0131 kolay bir y\u00f6ntem kullanarak Excel&#39;de basit faizin nas\u0131l hesaplanaca\u011f\u0131n\u0131 ayr\u0131nt\u0131l\u0131 olarak \u00f6\u011frenece\u011fiz.","robots":{"index":"index","follow":"follow","max-snippet":"max-snippet:-1","max-image-preview":"max-image-preview:large","max-video-preview":"max-video-preview:-1"},"canonical":"https:\/\/exceladvisor.org\/tr\/basit-ilgi\/","og_locale":"tr_TR","og_type":"article","og_title":"Excel&#39;de basit faiz nas\u0131l hesaplan\u0131r? (Son 2023)","og_description":"Bu form\u00fcl e\u011fitiminde, kullan\u0131m\u0131 kolay bir y\u00f6ntem kullanarak Excel&#39;de basit faizin nas\u0131l hesaplanaca\u011f\u0131n\u0131 ayr\u0131nt\u0131l\u0131 olarak \u00f6\u011frenece\u011fiz.","og_url":"https:\/\/exceladvisor.org\/tr\/basit-ilgi\/","og_site_name":"Excel Advisor","article_modified_time":"2023-12-10T06:00:17+00:00","og_image":[{"url":"https:\/\/exceladvisor.org\/wp-content\/uploads\/2023\/08\/1-valeur-pour-calculer-linteret-simple.png","type":"","width":"","height":""}],"twitter_card":"summary_large_image","twitter_misc":{"Tahmini okuma s\u00fcresi":"1 dakika"},"schema":{"@context":"https:\/\/schema.org","@graph":[{"@type":"WebPage","@id":"https:\/\/exceladvisor.org\/tr\/basit-ilgi\/","url":"https:\/\/exceladvisor.org\/tr\/basit-ilgi\/","name":"Excel&#39;de basit faiz nas\u0131l hesaplan\u0131r? (Son 2023)","isPartOf":{"@id":"https:\/\/exceladvisor.org\/tr\/#website"},"primaryImageOfPage":{"@id":"https:\/\/exceladvisor.org\/tr\/basit-ilgi\/#primaryimage"},"image":{"@id":"https:\/\/exceladvisor.org\/tr\/basit-ilgi\/#primaryimage"},"thumbnailUrl":"https:\/\/exceladvisor.org\/wp-content\/uploads\/2023\/08\/1-valeur-pour-calculer-linteret-simple.png","datePublished":"2023-11-03T02:55:32+00:00","dateModified":"2023-12-10T06:00:17+00:00","description":"Bu form\u00fcl e\u011fitiminde, kullan\u0131m\u0131 kolay bir y\u00f6ntem kullanarak Excel&#39;de basit faizin nas\u0131l hesaplanaca\u011f\u0131n\u0131 ayr\u0131nt\u0131l\u0131 olarak \u00f6\u011frenece\u011fiz.","breadcrumb":{"@id":"https:\/\/exceladvisor.org\/tr\/basit-ilgi\/#breadcrumb"},"inLanguage":"tr","potentialAction":[{"@type":"ReadAction","target":["https:\/\/exceladvisor.org\/tr\/basit-ilgi\/"]}]},{"@type":"ImageObject","inLanguage":"tr","@id":"https:\/\/exceladvisor.org\/tr\/basit-ilgi\/#primaryimage","url":"https:\/\/exceladvisor.org\/wp-content\/uploads\/2023\/08\/1-valeur-pour-calculer-linteret-simple.png","contentUrl":"https:\/\/exceladvisor.org\/wp-content\/uploads\/2023\/08\/1-valeur-pour-calculer-linteret-simple.png"},{"@type":"BreadcrumbList","@id":"https:\/\/exceladvisor.org\/tr\/basit-ilgi\/#breadcrumb","itemListElement":[{"@type":"ListItem","position":1,"name":"Ev","item":"https:\/\/exceladvisor.org\/tr\/"},{"@type":"ListItem","position":2,"name":"Excel&#39;de basit faiz nas\u0131l hesaplan\u0131r?"}]},{"@type":"WebSite","@id":"https:\/\/exceladvisor.org\/tr\/#website","url":"https:\/\/exceladvisor.org\/tr\/","name":"Excel Advisor","description":"Veri hakimiyetine y\u00f6nelik nihai rehberiniz!","publisher":{"@id":"https:\/\/exceladvisor.org\/tr\/#organization"},"potentialAction":[{"@type":"SearchAction","target":{"@type":"EntryPoint","urlTemplate":"https:\/\/exceladvisor.org\/tr\/?s={search_term_string}"},"query-input":{"@type":"PropertyValueSpecification","valueRequired":true,"valueName":"search_term_string"}}],"inLanguage":"tr"},{"@type":"Organization","@id":"https:\/\/exceladvisor.org\/tr\/#organization","name":"Excel Advisor","url":"https:\/\/exceladvisor.org\/tr\/","logo":{"@type":"ImageObject","inLanguage":"tr","@id":"https:\/\/exceladvisor.org\/tr\/#\/schema\/logo\/image\/","url":"https:\/\/exceladvisor.org\/tr\/wp-content\/uploads\/2023\/12\/exceladvisor.org_.png","contentUrl":"https:\/\/exceladvisor.org\/tr\/wp-content\/uploads\/2023\/12\/exceladvisor.org_.png","width":105,"height":36,"caption":"Excel Advisor"},"image":{"@id":"https:\/\/exceladvisor.org\/tr\/#\/schema\/logo\/image\/"}}]}},"yoast_meta":{"yoast_wpseo_title":"","yoast_wpseo_metadesc":"","yoast_wpseo_canonical":""},"_links":{"self":[{"href":"https:\/\/exceladvisor.org\/tr\/wp-json\/wp\/v2\/pages\/1810","targetHints":{"allow":["GET"]}}],"collection":[{"href":"https:\/\/exceladvisor.org\/tr\/wp-json\/wp\/v2\/pages"}],"about":[{"href":"https:\/\/exceladvisor.org\/tr\/wp-json\/wp\/v2\/types\/page"}],"author":[{"embeddable":true,"href":"https:\/\/exceladvisor.org\/tr\/wp-json\/wp\/v2\/users\/1"}],"replies":[{"embeddable":true,"href":"https:\/\/exceladvisor.org\/tr\/wp-json\/wp\/v2\/comments?post=1810"}],"version-history":[{"count":1,"href":"https:\/\/exceladvisor.org\/tr\/wp-json\/wp\/v2\/pages\/1810\/revisions"}],"predecessor-version":[{"id":2393,"href":"https:\/\/exceladvisor.org\/tr\/wp-json\/wp\/v2\/pages\/1810\/revisions\/2393"}],"wp:attachment":[{"href":"https:\/\/exceladvisor.org\/tr\/wp-json\/wp\/v2\/media?parent=1810"}],"curies":[{"name":"wp","href":"https:\/\/api.w.org\/{rel}","templated":true}]}}