{"id":1811,"date":"2023-11-03T02:39:17","date_gmt":"2023-11-03T02:39:17","guid":{"rendered":"https:\/\/exceladvisor.org\/tr\/varyasyon-katsayisi\/"},"modified":"2023-12-10T05:59:19","modified_gmt":"2023-12-10T05:59:19","slug":"varyasyon-katsayisi","status":"publish","type":"page","link":"https:\/\/exceladvisor.org\/tr\/varyasyon-katsayisi\/","title":{"rendered":"De\u011fi\u015fim katsay\u0131s\u0131 (cv) nas\u0131l hesaplan\u0131r?"},"content":{"rendered":"<div class=\"excel-icerikten-once\" id=\"excel-2545823415\"><script type=\"text\/javascript\">\r\n\tatOptions = {\r\n\t\t'key' : 'c1158f160081d6540a8409e6925dab94',\r\n\t\t'format' : 'iframe',\r\n\t\t'height' : 250,\r\n\t\t'width' : 300,\r\n\t\t'params' : {}\r\n\t};\r\n<\/script>\r\n<script type=\"text\/javascript\" src=\"\/\/www.highperformanceformat.com\/c1158f160081d6540a8409e6925dab94\/invoke.js\"><\/script><\/div> <p>Excel&#8217;deki de\u011fi\u015fim katsay\u0131s\u0131n\u0131 hesaplamak i\u00e7in STDSAPMA.P ve ORTALAMA i\u015flevlerinin bir kombinasyonunu kullanman\u0131z gerekir.<\/p><p> Bu form\u00fclde STDEV.P standart sapmay\u0131 elde etmenize, ortalama i\u015flevi ise veri noktalar\u0131n\u0131n ortalamas\u0131n\u0131 alman\u0131za yard\u0131mc\u0131 olacakt\u0131r.<\/p><p> Sonu\u00e7ta, varyasyon katsay\u0131s\u0131n\u0131 elde etmek i\u00e7in standart sapmay\u0131 ortalamaya b\u00f6lmeniz gerekir.<\/p><p> Katsay\u0131n\u0131n de\u011fi\u015fimi, verilerin ortalama etraf\u0131ndaki da\u011f\u0131l\u0131m\u0131n\u0131n (de\u011fi\u015fkenli\u011finin) bir \u00f6l\u00e7\u00fcs\u00fcd\u00fcr. De\u011fi\u015fim katsay\u0131s\u0131 ne kadar y\u00fcksek olursa, veri noktalar\u0131n\u0131n ortalamas\u0131n\u0131n da\u011f\u0131l\u0131m d\u00fczeyi de o kadar b\u00fcy\u00fck olur.<\/p><p> Bunun standart sapmay\u0131 verilerin ortalamas\u0131na b\u00f6lmek gibi oldu\u011funu da s\u00f6yleyebilirsiniz.<\/p><p> A\u015fa\u011f\u0131daki \u00f6rnekte 7 farkl\u0131 veri noktas\u0131na sahip a\u015fa\u011f\u0131daki verilere sahipsiniz ve \u015fimdi bu veri noktalar\u0131 i\u00e7in CV&#8217;yi (varyasyon katsay\u0131s\u0131) hesaplaman\u0131z gerekiyor. <\/p><div class=\"wp-block-image\"><figure class=\"aligncenter size-full is-resized\"><img loading=\"lazy\" decoding=\"async\" class=\"wp-image-69525\" src=\"https:\/\/exceladvisor.org\/wp-content\/uploads\/2023\/08\/1-donnees-avec-differents-points-de-donnees.png\" sizes=\"auto, \" srcset=\"\" alt=\"farkl\u0131-veri noktalar\u0131na sahip veriler\" width=\"462\" height=\"262\"><\/figure><\/div><h2 class=\"wp-block-heading\"> Excel&#8217;de De\u011fi\u015fim Katsay\u0131s\u0131n\u0131 Hesaplama Ad\u0131mlar\u0131 <\/h2><div class=\"wp-block-image\"><figure class=\"aligncenter size-full is-resized\"><img loading=\"lazy\" decoding=\"async\" class=\"wp-image-69526\" src=\"https:\/\/exceladvisor.org\/wp-content\/uploads\/2023\/08\/2-calculer-la-variation-du-coefficient.png\" sizes=\"auto, \" srcset=\"\" alt=\"hesaplama-katsay\u0131-varyasyonu\" width=\"581\" height=\"246\"><\/figure><\/div><ol type=\"1\"><li> \u00d6ncelikle F1 h\u00fccresine STDEV.P girin ve A1 ila E1 aral\u0131\u011f\u0131na bak\u0131n ve i\u015flevi kapat\u0131n.<\/li><li> Bundan sonra b\u00f6lme operat\u00f6r\u00fcn\u00fc girin.<\/li><li> Daha sonra bu b\u00f6lme operat\u00f6r\u00fcnden sonra ortalama fonksiyonunu girin.<\/li><li> \u015eimdi A1 ila E1 aral\u0131\u011f\u0131na bak\u0131n.<\/li><li> Sonunda kapatma parantezlerini girin ve sonucu almak i\u00e7in Enter tu\u015funa bas\u0131n.<\/li><\/ol><pre class=\"wp-block-code\"> <code class=\"language-excel-formula\" lang=\"excel-formula\">=STDEV.P(A1:E1)\/AVERAGE(A1:E1)<\/code><\/pre><p class=\"qt-tip\"> <strong>Not:<\/strong> H\u00fccre bi\u00e7imini y\u00fczde bi\u00e7imine de\u011fi\u015ftirmelisiniz.<\/p><p> Bu form\u00fcl\u00fc anlamak i\u00e7in daha \u00f6nce de s\u00f6yledi\u011fim gibi bu form\u00fcl\u00fc iki par\u00e7aya ay\u0131rmam\u0131z gerekiyor. Yani ilk b\u00f6l\u00fcmde mant\u0131ksal de\u011ferleri ve bo\u015f h\u00fccreleri g\u00f6z ard\u0131 ederek standart sapmay\u0131 hesaplayan STDEV.P fonksiyonumuz var. <\/p><div class=\"wp-block-image\"><figure class=\"aligncenter size-full is-resized\"><img loading=\"lazy\" decoding=\"async\" class=\"wp-image-69527\" src=\"https:\/\/exceladvisor.org\/wp-content\/uploads\/2023\/08\/3-diviser-la-formule.png\" sizes=\"auto, \" srcset=\"\" alt=\"form\u00fcl\u00fc b\u00f6l\" width=\"603\" height=\"264\"><\/figure><\/div><p> \u0130kinci k\u0131s\u0131mda ise veri noktalar\u0131n\u0131n ortalamas\u0131n\u0131 hesaplayan ortalama fonksiyonumuz var. <\/p><div class=\"wp-block-image\"><figure class=\"aligncenter size-full is-resized\"><img loading=\"lazy\" decoding=\"async\" class=\"wp-image-69528\" src=\"https:\/\/exceladvisor.org\/wp-content\/uploads\/2023\/08\/4-fonction-moyenne-en-deuxieme-partie.png\" sizes=\"auto, \" srcset=\"\" alt=\"ikinci-b\u00f6l\u00fcmdeki-ortalama-i\u015flev\" width=\"674\" height=\"246\"><\/figure><\/div><p> Sonu\u00e7ta 2,82842712474619&#8217;u 63&#8217;e b\u00f6ld\u00fc\u011f\u00fcn\u00fczde 0,04, y\u00fczde format\u0131na \u00e7evirdi\u011finizde ise %4 de\u011ferini veriyor. <\/p><div class=\"gb-container gb-container-52dfcee1 gb-container-sample-file\"><h2 class=\"gb-headline gb-headline-e289c143 gb-headline-text gb-headline-4f7959c2\"> Excel dosyas\u0131n\u0131 al\u0131n<\/h2><p> <a class=\"gb-button gb-button-e88d6bee gb-button-text gb-button-button1\" href=\"https:\/\/exceladvisor.org\/wp-content\/uploads\/2023\/11\/variation-du-coefficient.xlsx\" rel=\"nofollow\">\u0130ndirmek<\/a><\/p><\/div><div class=\"gb-container gb-container-0df56012 gb-container-mt\"> <a class=\"gb-button gb-button-f9f432f4 gb-button-text gb-button-mt-button\" href=\"https:\/\/exceladvisor.org\/tr\/formuller\/\">Excel form\u00fcllerinin listesi<\/a><h2 class=\"gb-headline gb-headline-233444e8 gb-headline-text gb-headline-mt-heading\"> \u0130lgili form\u00fcller <\/h2><div class=\"gb-grid-wrapper gb-grid-wrapper-a16fa65c gb-grid-wrapper-mt-grid\"><div class=\"gb-grid-column gb-grid-column-50d07e0d\"><div class=\"gb-container gb-container-50d07e0d\"><ul><li> <a href=\"https:\/\/exceladvisor.org\/tr\/maksimum-ise\/\">Excel&#8217;de MAX IF<\/a><\/li><li> <a href=\"https:\/\/exceladvisor.org\/tr\/rapor\/\">Excel&#8217;de oran\u0131 h\u0131zla hesaplay\u0131n<\/a><\/li><li> <a href=\"https:\/\/exceladvisor.org\/tr\/en-dusuk-deger\/\">Say\u0131 listesinden en d\u00fc\u015f\u00fck de\u011feri bulun (N)<\/a><\/li><li> <a href=\"https:\/\/exceladvisor.org\/tr\/en-kucuk-deger-2\/\">Bir h\u00fccre aral\u0131\u011f\u0131ndaki en k\u00fc\u00e7\u00fck de\u011feri bulun (en k\u00fc\u00e7\u00fck say\u0131)<\/a><\/li><li> <a href=\"https:\/\/exceladvisor.org\/tr\/ninci-kok-2\/\">N&#8217;inci k\u00f6k\u00fc hesapla<\/a> <\/li><\/ul><\/div><\/div><div class=\"gb-grid-column gb-grid-column-5b4a0cf9\"><div class=\"gb-container gb-container-5b4a0cf9\"><\/div><\/div><\/div><\/div>","protected":false},"excerpt":{"rendered":"","protected":false},"author":1,"featured_media":0,"parent":0,"menu_order":0,"comment_status":"open","ping_status":"closed","template":"","meta":{"ub_ctt_via":"","footnotes":""},"class_list":["post-1811","page","type-page","status-publish","hentry"],"featured_image_src":null,"yoast_head":"<!-- This site is optimized with the Yoast SEO plugin v25.4 - https:\/\/yoast.com\/wordpress\/plugins\/seo\/ -->\n<title>\u25b7 Excel&#039;de varyasyon katsay\u0131s\u0131 (CV) nas\u0131l hesaplan\u0131r?<\/title>\n<meta name=\"description\" content=\"Bu derste, varyasyon katsay\u0131s\u0131n\u0131 bulman\u0131za yard\u0131mc\u0131 olabilecek bir form\u00fcl\u00fc Excel&#039;de nas\u0131l yazaca\u011f\u0131n\u0131z\u0131 \u00f6\u011freneceksiniz.\" \/>\n<meta name=\"robots\" content=\"index, follow, max-snippet:-1, max-image-preview:large, max-video-preview:-1\" \/>\n<link rel=\"canonical\" href=\"https:\/\/exceladvisor.org\/tr\/varyasyon-katsayisi\/\" \/>\n<meta property=\"og:locale\" content=\"tr_TR\" \/>\n<meta property=\"og:type\" content=\"article\" \/>\n<meta property=\"og:title\" content=\"\u25b7 Excel&#039;de varyasyon katsay\u0131s\u0131 (CV) nas\u0131l hesaplan\u0131r?\" \/>\n<meta property=\"og:description\" content=\"Bu derste, varyasyon katsay\u0131s\u0131n\u0131 bulman\u0131za yard\u0131mc\u0131 olabilecek bir form\u00fcl\u00fc Excel&#039;de nas\u0131l yazaca\u011f\u0131n\u0131z\u0131 \u00f6\u011freneceksiniz.\" \/>\n<meta property=\"og:url\" content=\"https:\/\/exceladvisor.org\/tr\/varyasyon-katsayisi\/\" \/>\n<meta property=\"og:site_name\" content=\"Excel Advisor\" \/>\n<meta property=\"article:modified_time\" content=\"2023-12-10T05:59:19+00:00\" \/>\n<meta property=\"og:image\" content=\"https:\/\/exceladvisor.org\/wp-content\/uploads\/2023\/08\/1-donnees-avec-differents-points-de-donnees.png\" \/>\n<meta name=\"twitter:card\" content=\"summary_large_image\" \/>\n<meta name=\"twitter:label1\" content=\"Tahmini okuma s\u00fcresi\" \/>\n\t<meta name=\"twitter:data1\" content=\"2 dakika\" \/>\n<script type=\"application\/ld+json\" class=\"yoast-schema-graph\">{\"@context\":\"https:\/\/schema.org\",\"@graph\":[{\"@type\":\"WebPage\",\"@id\":\"https:\/\/exceladvisor.org\/tr\/varyasyon-katsayisi\/\",\"url\":\"https:\/\/exceladvisor.org\/tr\/varyasyon-katsayisi\/\",\"name\":\"\u25b7 Excel&#39;de varyasyon katsay\u0131s\u0131 (CV) nas\u0131l hesaplan\u0131r?\",\"isPartOf\":{\"@id\":\"https:\/\/exceladvisor.org\/tr\/#website\"},\"primaryImageOfPage\":{\"@id\":\"https:\/\/exceladvisor.org\/tr\/varyasyon-katsayisi\/#primaryimage\"},\"image\":{\"@id\":\"https:\/\/exceladvisor.org\/tr\/varyasyon-katsayisi\/#primaryimage\"},\"thumbnailUrl\":\"https:\/\/exceladvisor.org\/wp-content\/uploads\/2023\/08\/1-donnees-avec-differents-points-de-donnees.png\",\"datePublished\":\"2023-11-03T02:39:17+00:00\",\"dateModified\":\"2023-12-10T05:59:19+00:00\",\"description\":\"Bu derste, varyasyon katsay\u0131s\u0131n\u0131 bulman\u0131za yard\u0131mc\u0131 olabilecek bir form\u00fcl\u00fc Excel&#39;de nas\u0131l yazaca\u011f\u0131n\u0131z\u0131 \u00f6\u011freneceksiniz.\",\"breadcrumb\":{\"@id\":\"https:\/\/exceladvisor.org\/tr\/varyasyon-katsayisi\/#breadcrumb\"},\"inLanguage\":\"tr\",\"potentialAction\":[{\"@type\":\"ReadAction\",\"target\":[\"https:\/\/exceladvisor.org\/tr\/varyasyon-katsayisi\/\"]}]},{\"@type\":\"ImageObject\",\"inLanguage\":\"tr\",\"@id\":\"https:\/\/exceladvisor.org\/tr\/varyasyon-katsayisi\/#primaryimage\",\"url\":\"https:\/\/exceladvisor.org\/wp-content\/uploads\/2023\/08\/1-donnees-avec-differents-points-de-donnees.png\",\"contentUrl\":\"https:\/\/exceladvisor.org\/wp-content\/uploads\/2023\/08\/1-donnees-avec-differents-points-de-donnees.png\"},{\"@type\":\"BreadcrumbList\",\"@id\":\"https:\/\/exceladvisor.org\/tr\/varyasyon-katsayisi\/#breadcrumb\",\"itemListElement\":[{\"@type\":\"ListItem\",\"position\":1,\"name\":\"Ev\",\"item\":\"https:\/\/exceladvisor.org\/tr\/\"},{\"@type\":\"ListItem\",\"position\":2,\"name\":\"De\u011fi\u015fim katsay\u0131s\u0131 (cv) nas\u0131l hesaplan\u0131r?\"}]},{\"@type\":\"WebSite\",\"@id\":\"https:\/\/exceladvisor.org\/tr\/#website\",\"url\":\"https:\/\/exceladvisor.org\/tr\/\",\"name\":\"Excel Advisor\",\"description\":\"Veri hakimiyetine y\u00f6nelik nihai rehberiniz!\",\"publisher\":{\"@id\":\"https:\/\/exceladvisor.org\/tr\/#organization\"},\"potentialAction\":[{\"@type\":\"SearchAction\",\"target\":{\"@type\":\"EntryPoint\",\"urlTemplate\":\"https:\/\/exceladvisor.org\/tr\/?s={search_term_string}\"},\"query-input\":{\"@type\":\"PropertyValueSpecification\",\"valueRequired\":true,\"valueName\":\"search_term_string\"}}],\"inLanguage\":\"tr\"},{\"@type\":\"Organization\",\"@id\":\"https:\/\/exceladvisor.org\/tr\/#organization\",\"name\":\"Excel Advisor\",\"url\":\"https:\/\/exceladvisor.org\/tr\/\",\"logo\":{\"@type\":\"ImageObject\",\"inLanguage\":\"tr\",\"@id\":\"https:\/\/exceladvisor.org\/tr\/#\/schema\/logo\/image\/\",\"url\":\"https:\/\/exceladvisor.org\/tr\/wp-content\/uploads\/2023\/12\/exceladvisor.org_.png\",\"contentUrl\":\"https:\/\/exceladvisor.org\/tr\/wp-content\/uploads\/2023\/12\/exceladvisor.org_.png\",\"width\":105,\"height\":36,\"caption\":\"Excel Advisor\"},\"image\":{\"@id\":\"https:\/\/exceladvisor.org\/tr\/#\/schema\/logo\/image\/\"}}]}<\/script>\n<!-- \/ Yoast SEO plugin. -->","yoast_head_json":{"title":"\u25b7 Excel&#39;de varyasyon katsay\u0131s\u0131 (CV) nas\u0131l hesaplan\u0131r?","description":"Bu derste, varyasyon katsay\u0131s\u0131n\u0131 bulman\u0131za yard\u0131mc\u0131 olabilecek bir form\u00fcl\u00fc Excel&#39;de nas\u0131l yazaca\u011f\u0131n\u0131z\u0131 \u00f6\u011freneceksiniz.","robots":{"index":"index","follow":"follow","max-snippet":"max-snippet:-1","max-image-preview":"max-image-preview:large","max-video-preview":"max-video-preview:-1"},"canonical":"https:\/\/exceladvisor.org\/tr\/varyasyon-katsayisi\/","og_locale":"tr_TR","og_type":"article","og_title":"\u25b7 Excel&#39;de varyasyon katsay\u0131s\u0131 (CV) nas\u0131l hesaplan\u0131r?","og_description":"Bu derste, varyasyon katsay\u0131s\u0131n\u0131 bulman\u0131za yard\u0131mc\u0131 olabilecek bir form\u00fcl\u00fc Excel&#39;de nas\u0131l yazaca\u011f\u0131n\u0131z\u0131 \u00f6\u011freneceksiniz.","og_url":"https:\/\/exceladvisor.org\/tr\/varyasyon-katsayisi\/","og_site_name":"Excel Advisor","article_modified_time":"2023-12-10T05:59:19+00:00","og_image":[{"url":"https:\/\/exceladvisor.org\/wp-content\/uploads\/2023\/08\/1-donnees-avec-differents-points-de-donnees.png","type":"","width":"","height":""}],"twitter_card":"summary_large_image","twitter_misc":{"Tahmini okuma s\u00fcresi":"2 dakika"},"schema":{"@context":"https:\/\/schema.org","@graph":[{"@type":"WebPage","@id":"https:\/\/exceladvisor.org\/tr\/varyasyon-katsayisi\/","url":"https:\/\/exceladvisor.org\/tr\/varyasyon-katsayisi\/","name":"\u25b7 Excel&#39;de varyasyon katsay\u0131s\u0131 (CV) nas\u0131l hesaplan\u0131r?","isPartOf":{"@id":"https:\/\/exceladvisor.org\/tr\/#website"},"primaryImageOfPage":{"@id":"https:\/\/exceladvisor.org\/tr\/varyasyon-katsayisi\/#primaryimage"},"image":{"@id":"https:\/\/exceladvisor.org\/tr\/varyasyon-katsayisi\/#primaryimage"},"thumbnailUrl":"https:\/\/exceladvisor.org\/wp-content\/uploads\/2023\/08\/1-donnees-avec-differents-points-de-donnees.png","datePublished":"2023-11-03T02:39:17+00:00","dateModified":"2023-12-10T05:59:19+00:00","description":"Bu derste, varyasyon katsay\u0131s\u0131n\u0131 bulman\u0131za yard\u0131mc\u0131 olabilecek bir form\u00fcl\u00fc Excel&#39;de nas\u0131l yazaca\u011f\u0131n\u0131z\u0131 \u00f6\u011freneceksiniz.","breadcrumb":{"@id":"https:\/\/exceladvisor.org\/tr\/varyasyon-katsayisi\/#breadcrumb"},"inLanguage":"tr","potentialAction":[{"@type":"ReadAction","target":["https:\/\/exceladvisor.org\/tr\/varyasyon-katsayisi\/"]}]},{"@type":"ImageObject","inLanguage":"tr","@id":"https:\/\/exceladvisor.org\/tr\/varyasyon-katsayisi\/#primaryimage","url":"https:\/\/exceladvisor.org\/wp-content\/uploads\/2023\/08\/1-donnees-avec-differents-points-de-donnees.png","contentUrl":"https:\/\/exceladvisor.org\/wp-content\/uploads\/2023\/08\/1-donnees-avec-differents-points-de-donnees.png"},{"@type":"BreadcrumbList","@id":"https:\/\/exceladvisor.org\/tr\/varyasyon-katsayisi\/#breadcrumb","itemListElement":[{"@type":"ListItem","position":1,"name":"Ev","item":"https:\/\/exceladvisor.org\/tr\/"},{"@type":"ListItem","position":2,"name":"De\u011fi\u015fim katsay\u0131s\u0131 (cv) nas\u0131l hesaplan\u0131r?"}]},{"@type":"WebSite","@id":"https:\/\/exceladvisor.org\/tr\/#website","url":"https:\/\/exceladvisor.org\/tr\/","name":"Excel Advisor","description":"Veri hakimiyetine y\u00f6nelik nihai rehberiniz!","publisher":{"@id":"https:\/\/exceladvisor.org\/tr\/#organization"},"potentialAction":[{"@type":"SearchAction","target":{"@type":"EntryPoint","urlTemplate":"https:\/\/exceladvisor.org\/tr\/?s={search_term_string}"},"query-input":{"@type":"PropertyValueSpecification","valueRequired":true,"valueName":"search_term_string"}}],"inLanguage":"tr"},{"@type":"Organization","@id":"https:\/\/exceladvisor.org\/tr\/#organization","name":"Excel Advisor","url":"https:\/\/exceladvisor.org\/tr\/","logo":{"@type":"ImageObject","inLanguage":"tr","@id":"https:\/\/exceladvisor.org\/tr\/#\/schema\/logo\/image\/","url":"https:\/\/exceladvisor.org\/tr\/wp-content\/uploads\/2023\/12\/exceladvisor.org_.png","contentUrl":"https:\/\/exceladvisor.org\/tr\/wp-content\/uploads\/2023\/12\/exceladvisor.org_.png","width":105,"height":36,"caption":"Excel Advisor"},"image":{"@id":"https:\/\/exceladvisor.org\/tr\/#\/schema\/logo\/image\/"}}]}},"yoast_meta":{"yoast_wpseo_title":"","yoast_wpseo_metadesc":"","yoast_wpseo_canonical":""},"_links":{"self":[{"href":"https:\/\/exceladvisor.org\/tr\/wp-json\/wp\/v2\/pages\/1811","targetHints":{"allow":["GET"]}}],"collection":[{"href":"https:\/\/exceladvisor.org\/tr\/wp-json\/wp\/v2\/pages"}],"about":[{"href":"https:\/\/exceladvisor.org\/tr\/wp-json\/wp\/v2\/types\/page"}],"author":[{"embeddable":true,"href":"https:\/\/exceladvisor.org\/tr\/wp-json\/wp\/v2\/users\/1"}],"replies":[{"embeddable":true,"href":"https:\/\/exceladvisor.org\/tr\/wp-json\/wp\/v2\/comments?post=1811"}],"version-history":[{"count":1,"href":"https:\/\/exceladvisor.org\/tr\/wp-json\/wp\/v2\/pages\/1811\/revisions"}],"predecessor-version":[{"id":2314,"href":"https:\/\/exceladvisor.org\/tr\/wp-json\/wp\/v2\/pages\/1811\/revisions\/2314"}],"wp:attachment":[{"href":"https:\/\/exceladvisor.org\/tr\/wp-json\/wp\/v2\/media?parent=1811"}],"curies":[{"name":"wp","href":"https:\/\/api.w.org\/{rel}","templated":true}]}}