{"id":1812,"date":"2023-11-02T23:10:23","date_gmt":"2023-11-02T23:10:23","guid":{"rendered":"https:\/\/exceladvisor.org\/tr\/pekistirmek\/"},"modified":"2023-12-10T05:59:07","modified_gmt":"2023-12-10T05:59:07","slug":"pekistirmek","status":"publish","type":"page","link":"https:\/\/exceladvisor.org\/tr\/pekistirmek\/","title":{"rendered":"Birden fazla e-tablo verisi nas\u0131l birle\u015ftirilir?"},"content":{"rendered":"<div class=\"excel-icerikten-once\" id=\"excel-2446597417\"><script type=\"text\/javascript\">\r\n\tatOptions = {\r\n\t\t'key' : 'c1158f160081d6540a8409e6925dab94',\r\n\t\t'format' : 'iframe',\r\n\t\t'height' : 250,\r\n\t\t'width' : 300,\r\n\t\t'params' : {}\r\n\t};\r\n<\/script>\r\n<script type=\"text\/javascript\" src=\"\/\/www.highperformanceformat.com\/c1158f160081d6540a8409e6925dab94\/invoke.js\"><\/script><\/div> <p class=\"has-text-align-left\">Excel&#8217;i ilk kullanmaya ba\u015flad\u0131\u011f\u0131mda verileri birle\u015ftirme konusunda ger\u00e7ekten k\u00f6t\u00fcyd\u00fcm. E\u011fer benden d\u00f6rt farkl\u0131 alan\u0131n sat\u0131\u015f verilerini toplamam\u0131 isteseydiniz bunun i\u00e7in d\u00f6rt farkl\u0131 elektronik tablo olu\u015ftururdum.<\/p><p> Evet o kadar k\u00f6t\u00fcyd\u00fcm. Ama her zaman hatalar\u0131n\u0131zdan ders \u00e7\u0131kar\u0131rs\u0131n\u0131z. Hakl\u0131 m\u0131y\u0131m?<\/p><p> Ve e\u011fer siz de benimle ayn\u0131 hatalar\u0131 yap\u0131yorsan\u0131z, size harika bir tavsiyem var. Veri y\u00f6netimi hakk\u0131nda \u00f6\u011frendi\u011fim en iyi Excel se\u00e7eneklerinden biri &#8220;birden fazla \u00e7al\u0131\u015fma sayfas\u0131ndaki verileri tek bir \u00e7al\u0131\u015fma sayfas\u0131nda birle\u015ftirmek&#8221;tir.<\/p><h2 id=\"h-consolidate-data-in-excel-from-multiple-worksheets-steps\" class=\"wp-block-heading\"> Birden fazla e-tablo verisi nas\u0131l birle\u015ftirilir? [Ad\u0131mlar]<\/h2><p> Burada ayn\u0131 yap\u0131ya sahip d\u00f6rt farkl\u0131 alan i\u00e7in bu d\u00f6rt \u00e7al\u0131\u015fma sayfas\u0131na sahipsiniz ( <a href=\"https:\/\/exceladvisor.org\/wp-content\/uploads\/2023\/11\/consolider-plusieurs-feuilles-de-calcul.xlsx\" rel=\"nofollow\">bu dosyay\u0131 buradan \u0130ND\u0130R\u0130N<\/a> ). <\/p><div class=\"wp-block-image\"><figure class=\"aligncenter\"><img decoding=\"async\" src=\"https:\/\/exceladvisor.org\/wp-content\/uploads\/2023\/08\/consolider-les-donnees-de-plusieurs-feuilles-de-calcul-dans-une-seule-feuille-de-calcul-quatre-feuilles-avec-les-memes-donnees-1.png\" sizes=\"\" srcset=\"\" alt=\"birden \u00e7ok \u00e7al\u0131\u015fma sayfas\u0131ndaki verileri, ayn\u0131 verileri i\u00e7eren tek bir d\u00f6rt sayfal\u0131k \u00e7al\u0131\u015fma sayfas\u0131nda birle\u015ftirin\"><\/figure><\/div><p> Bu birden fazla sekmedeki verileri birle\u015ftirmek i\u00e7in izlenecek ad\u0131mlar a\u015fa\u011f\u0131da verilmi\u015ftir.<\/p><ul><li> \u00d6ncelikle <a href=\"https:\/\/exceladvisor.org\/tr\/eklemek\/\" data-wpil=\"url\">yeni bir \u00e7al\u0131\u015fma sayfas\u0131 ekleyin<\/a> ve &#8220;Toplam&#8221; (veya ne isterseniz) olarak adland\u0131r\u0131n, ard\u0131ndan bu \u00e7al\u0131\u015fma sayfas\u0131nda A1 h\u00fccresini se\u00e7in. <\/li><\/ul><div class=\"wp-block-image\"><figure class=\"aligncenter\"><img decoding=\"async\" src=\"https:\/\/exceladvisor.org\/wp-content\/uploads\/2023\/08\/consolider-les-donnees-de-plusieurs-feuilles-de-calcul-dans-une-seule-feuille-de-calcul-quatre-feuilles-1.png\" sizes=\"\" srcset=\"\" alt=\"birden \u00e7ok \u00e7al\u0131\u015fma sayfas\u0131ndaki verileri tek bir d\u00f6rt sayfal\u0131k \u00e7al\u0131\u015fma sayfas\u0131nda birle\u015ftirin\"><\/figure><\/div><ul><li> \u015eimdi Veri sekmesine gidin \u279c Veri Ara\u00e7lar\u0131 \u279c Birle\u015ftir. <\/li><\/ul><div class=\"wp-block-image\"><figure class=\"aligncenter\"><img decoding=\"async\" src=\"https:\/\/exceladvisor.org\/wp-content\/uploads\/2023\/08\/consolider-les-donnees-de-plusieurs-feuilles-de-calcul-dans-une-seule-feuille-de-calcul-cliquez-sur-loption-de-consolidation-min-1.png\" sizes=\"\" srcset=\"\" alt=\"birden \u00e7ok \u00e7al\u0131\u015fma sayfas\u0131ndaki verileri tek bir \u00e7al\u0131\u015fma sayfas\u0131nda birle\u015ftirin birle\u015ftir'e t\u0131klay\u0131n\"><\/figure><\/div><ul><li> Birle\u015ftir&#8217;e t\u0131klad\u0131\u011f\u0131n\u0131zda a\u015fa\u011f\u0131daki gibi bir pencereyle kar\u015f\u0131la\u015facaks\u0131n\u0131z (Sadece ad\u0131mlar\u0131 izleyin, \u015fimdilik bu pencereyi bu yaz\u0131n\u0131n ikinci b\u00f6l\u00fcm\u00fcnde a\u00e7\u0131klayaca\u011f\u0131m). <\/li><\/ul><div class=\"wp-block-image\"><figure class=\"aligncenter\"><img decoding=\"async\" src=\"https:\/\/exceladvisor.org\/wp-content\/uploads\/2023\/08\/consolider-les-donnees-de-plusieurs-feuilles-de-calcul-dans-une-seule-feuille-de-calcul-fenetre-de-consolidation-min-1.png\" sizes=\"\" srcset=\"\" alt=\"birden \u00e7ok \u00e7al\u0131\u015fma sayfas\u0131ndaki verileri tek bir \u00e7al\u0131\u015fma sayfas\u0131nda birle\u015ftirme minimum birle\u015ftirme penceresi\"><\/figure><\/div><ul><li> \u015eimdi, \u201cReferans\u201d giri\u015f kutusunu kullanarak, verilerinizin bulundu\u011fu ilk sayfadan (kuzey b\u00f6lgesi) geni\u015fletilecek verileri se\u00e7in. <\/li><\/ul><div class=\"wp-block-image\"><figure class=\"aligncenter\"><img decoding=\"async\" src=\"https:\/\/exceladvisor.org\/wp-content\/uploads\/2023\/08\/consolider-les-donnees-de-plusieurs-feuilles-de-calcul-dans-une-seule-feuille-de-calcul-selectionner-la-reference-1.png\" sizes=\"\" srcset=\"\" alt=\"birden \u00e7ok \u00e7al\u0131\u015fma sayfas\u0131ndaki verileri tek bir \u00e7al\u0131\u015fma sayfas\u0131 se\u00e7me referans\u0131nda birle\u015ftirin\"><\/figure><\/div><ul><li> Bundan sonra \u201cEkle\u201d ye t\u0131klay\u0131n. <\/li><\/ul><div class=\"wp-block-image\"><figure class=\"aligncenter\"><img decoding=\"async\" src=\"https:\/\/exceladvisor.org\/wp-content\/uploads\/2023\/08\/consolider-les-donnees-de-plusieurs-feuilles-de-calcul-dans-une-seule-feuille-de-calcul-ajouter-une-reference-pour-le-nord-1.png\" sizes=\"\" srcset=\"\" alt=\"birden fazla \u00e7al\u0131\u015fma sayfas\u0131ndaki verileri tek bir \u00e7al\u0131\u015fma sayfas\u0131nda birle\u015ftirin kuzey i\u00e7in referans ekleyin\"><\/figure><\/div><ul><li> Ayn\u0131 y\u00f6ntemi kullanarak d\u00f6rt \u00e7al\u0131\u015fma sayfas\u0131n\u0131n tamam\u0131ndan referanslar ekleyin. <\/li><\/ul><div class=\"wp-block-image\"><figure class=\"aligncenter\"><img decoding=\"async\" src=\"https:\/\/exceladvisor.org\/wp-content\/uploads\/2023\/08\/consolider-les-donnees-de-plusieurs-feuilles-de-calcul-dans-une-seule-feuille-de-calcul-ajouter-une-reference-1.png\" sizes=\"\" srcset=\"\" alt=\"birden \u00e7ok \u00e7al\u0131\u015fma sayfas\u0131ndaki verileri tek bir \u00e7al\u0131\u015fma sayfas\u0131 ekleme referans\u0131nda birle\u015ftirin\"><\/figure><\/div><ul><li> \u015eimdi pencerenin alt\u0131ndan \u201c\u00dcst Sat\u0131r\u201d ve \u201cSol S\u00fctun\u201du i\u015faretleyin (\u0130lk sat\u0131rda ve ilk s\u00fctunda etiketlerimiz oldu\u011fu i\u00e7in). <\/li><\/ul><div class=\"wp-block-image\"><figure class=\"aligncenter\"><img decoding=\"async\" src=\"https:\/\/exceladvisor.org\/wp-content\/uploads\/2023\/08\/consolider-les-donnees-de-plusieurs-feuilles-de-calcul-dans-une-seule-feuille-de-calcul-avec-loption-de-consolidation-1.png\" sizes=\"\" srcset=\"\" alt=\"\"><\/figure><\/div><ul><li> Tamam&#8217;\u0131 t\u0131klay\u0131n.<\/li><\/ul><p> Tamam&#8217;a t\u0131klad\u0131\u011f\u0131n\u0131zda, size an\u0131nda ayn\u0131 yap\u0131ya sahip birle\u015ftirilmi\u015f bir veri tablosu verecektir. <\/p><div class=\"wp-block-image\"><figure class=\"aligncenter\"><img decoding=\"async\" src=\"https:\/\/exceladvisor.org\/wp-content\/uploads\/2023\/08\/consolider-les-donnees-de-plusieurs-feuilles-de-calcul-dans-une-seule-feuille-de-calcul-donnees-copiees-1.png\" sizes=\"\" srcset=\"\" alt=\"birden fazla \u00e7al\u0131\u015fma sayfas\u0131ndaki verileri tek bir \u00e7al\u0131\u015fma sayfas\u0131nda kopyalanan verilerde birle\u015ftirin\"><\/figure><\/div><p> A1 h\u00fccresine bir tablo ba\u015fl\u0131\u011f\u0131 ekleyin; ayr\u0131ca di\u011fer \u00e7al\u0131\u015fma sayfalar\u0131ndan format\u0131 kopyalamak i\u00e7in <a href=\"https:\/\/exceladvisor.org\/tr\/ressam-formati\/\" target=\"_blank\" rel=\"noopener noreferrer\">format boyay\u0131c\u0131y\u0131<\/a> da kullanabilirsiniz. <\/p><div class=\"wp-block-image\"><figure class=\"aligncenter\"><img decoding=\"async\" src=\"https:\/\/exceladvisor.org\/wp-content\/uploads\/2023\/08\/consolider-les-donnees-de-plusieurs-feuilles-de-calcul-dans-une-seule-feuille-de-calcul-ajouter-une-mise-en-forme-1.png\" sizes=\"\" srcset=\"\" alt=\"birden \u00e7ok \u00e7al\u0131\u015fma sayfas\u0131ndaki verileri tek bir \u00e7al\u0131\u015fma sayfas\u0131nda birle\u015ftirme bi\u00e7imlendirme ekleme\"><\/figure><\/div><p> Son olarak, birle\u015ftirilmi\u015f verileri i\u00e7eren bir e-tablonuz var.<\/p><h2 id=\"h-other-options-in-consolidate\" class=\"wp-block-heading\"> Konsolidasyondaki di\u011fer se\u00e7enekler<\/h2><p> Birle\u015ftirme, birden fazla \u00e7al\u0131\u015fma sayfas\u0131n\u0131 tek bir sayfada birle\u015ftirmek i\u00e7in kullan\u0131\u015fl\u0131 bir ara\u00e7t\u0131r, ancak burada ba\u015fka bir\u00e7ok \u015fey de var. Bunlar\u0131 size tek tek a\u00e7\u0131klayay\u0131m.<\/p><ol><li> <strong><span style=\"color: #000000;\">\u0130\u015flev<\/span><\/strong> <span style=\"color: #000000;\">:<\/span> Bu a\u00e7\u0131l\u0131r men\u00fcden bir i\u015flev se\u00e7ebilirsiniz (toplam, say\u0131m, ortalama vb.).<\/li><li> <strong><span style=\"color: #000000;\">Referans:<\/span><\/strong> Birle\u015ftirmek istedi\u011finiz \u00e7al\u0131\u015fma sayfalar\u0131ndaki veri aral\u0131\u011f\u0131n\u0131 se\u00e7in.<\/li><li> <strong><span style=\"color: #000000;\">G\u00f6zat:<\/span><\/strong> Ba\u015fka bir \u00e7al\u0131\u015fma kitab\u0131nda bulunan bir \u00e7al\u0131\u015fma sayfas\u0131n\u0131 eklemek istiyorsan\u0131z bu se\u00e7ene\u011fi kullanabilirsiniz.<\/li><li> <strong>Ekle ve Kald\u0131r<\/strong> : Se\u00e7ilen referanslar\u0131 birle\u015ftirilecek sayfalar listesine ekleyin veya kald\u0131r\u0131n.<\/li><li> <strong>\u00dcst Sat\u0131r<\/strong> : \u00dcst sat\u0131r\u0131 etiket olarak kullan\u0131n.<\/li><li> <strong>Sol s\u00fctun<\/strong> : Sol s\u00fctunu etiket olarak kullan\u0131n.<\/li><li> <strong>Kaynak verilere ba\u011flant\u0131lar olu\u015fturun<\/strong> : Kaynak verileriniz i\u00e7in ba\u011flant\u0131lar olu\u015fturmak istiyorsan\u0131z bu se\u00e7ene\u011fi i\u015faretleyin. Birle\u015ftirilmi\u015f sayfan\u0131z\u0131 olu\u015fturduktan sonra kaynak verilerinizde de\u011fi\u015fiklik yapmak istiyorsan\u0131z bu kullan\u0131\u015fl\u0131d\u0131r. <\/li><\/ol><div class=\"gb-container gb-container-3044ba66 gb-container-mt\"><p class=\"gb-headline gb-headline-b5bb6270 gb-headline-text\"> <strong><a href=\"https:\/\/exceladvisor.org\/tr\/excelin-temelleri\/\">Excel Temelleri<\/a><\/strong> \/ <strong><a href=\"https:\/\/exceladvisor.org\/tr\/calisma-kagidi\/\" data-wpil=\"url\">Excel Elektronik Tablosu<\/a><\/strong><\/p><h2 class=\"gb-headline gb-headline-819d540d gb-headline-text gb-headline-mt-heading\"> Daha fazla e\u011fitim <\/h2><div class=\"gb-grid-wrapper gb-grid-wrapper-7f3d805a gb-grid-wrapper-mt-grid\"><div class=\"gb-grid-column gb-grid-column-7495e031\"><div class=\"gb-container gb-container-7495e031\"><ul><li> <a href=\"https:\/\/exceladvisor.org\/tr\/yeniden-isimlendirmek\/\">Excel&#8217;de sayfay\u0131 yeniden adland\u0131r\u0131n<\/a><\/li><li> <a href=\"https:\/\/exceladvisor.org\/tr\/grup-1\/\">Excel&#8217;de Grup \u00c7al\u0131\u015fma Sayfalar\u0131<\/a><\/li><li> <a href=\"https:\/\/exceladvisor.org\/tr\/yan-yana-gormek\/\">Excel&#8217;de iki sayfay\u0131 yan yana g\u00f6r\u00fcnt\u00fcleme<\/a><\/li><li> <a href=\"https:\/\/exceladvisor.org\/tr\/eklemek\/\">Excel&#8217;e elektronik tablo ekleme<\/a> <\/li><\/ul><\/div><\/div><div class=\"gb-grid-column gb-grid-column-530ab33a\"><div class=\"gb-container gb-container-530ab33a\"><\/div><\/div><\/div><\/div>","protected":false},"excerpt":{"rendered":"","protected":false},"author":1,"featured_media":0,"parent":0,"menu_order":0,"comment_status":"open","ping_status":"closed","template":"","meta":{"ub_ctt_via":"","footnotes":""},"class_list":["post-1812","page","type-page","status-publish","hentry"],"featured_image_src":null,"yoast_head":"<!-- This site is optimized with the Yoast SEO plugin v25.4 - https:\/\/yoast.com\/wordpress\/plugins\/seo\/ -->\n<title>Birden fazla e-tablo verisi nas\u0131l birle\u015ftirilir?<\/title>\n<meta name=\"description\" content=\"Veri y\u00f6netimi hakk\u0131nda \u00f6\u011frendi\u011fim en iyi Excel se\u00e7eneklerinden biri &quot;birden fazla \u00e7al\u0131\u015fma sayfas\u0131ndaki verileri birle\u015ftirmek...\" \/>\n<meta name=\"robots\" content=\"index, follow, max-snippet:-1, max-image-preview:large, max-video-preview:-1\" \/>\n<link rel=\"canonical\" href=\"https:\/\/exceladvisor.org\/tr\/pekistirmek\/\" \/>\n<meta property=\"og:locale\" content=\"tr_TR\" \/>\n<meta property=\"og:type\" content=\"article\" \/>\n<meta property=\"og:title\" content=\"Birden fazla e-tablo verisi nas\u0131l birle\u015ftirilir?\" \/>\n<meta property=\"og:description\" content=\"Veri y\u00f6netimi hakk\u0131nda \u00f6\u011frendi\u011fim en iyi Excel se\u00e7eneklerinden biri &quot;birden fazla \u00e7al\u0131\u015fma sayfas\u0131ndaki verileri birle\u015ftirmek...\" \/>\n<meta property=\"og:url\" content=\"https:\/\/exceladvisor.org\/tr\/pekistirmek\/\" \/>\n<meta property=\"og:site_name\" content=\"Excel Advisor\" \/>\n<meta property=\"article:modified_time\" content=\"2023-12-10T05:59:07+00:00\" \/>\n<meta property=\"og:image\" content=\"https:\/\/exceladvisor.org\/wp-content\/uploads\/2023\/08\/consolider-les-donnees-de-plusieurs-feuilles-de-calcul-dans-une-seule-feuille-de-calcul-quatre-feuilles-avec-les-memes-donnees-1.png\" \/>\n<meta name=\"twitter:card\" content=\"summary_large_image\" \/>\n<meta name=\"twitter:label1\" content=\"Tahmini okuma s\u00fcresi\" \/>\n\t<meta name=\"twitter:data1\" content=\"3 dakika\" \/>\n<script type=\"application\/ld+json\" class=\"yoast-schema-graph\">{\"@context\":\"https:\/\/schema.org\",\"@graph\":[{\"@type\":\"WebPage\",\"@id\":\"https:\/\/exceladvisor.org\/tr\/pekistirmek\/\",\"url\":\"https:\/\/exceladvisor.org\/tr\/pekistirmek\/\",\"name\":\"Birden fazla e-tablo verisi nas\u0131l birle\u015ftirilir?\",\"isPartOf\":{\"@id\":\"https:\/\/exceladvisor.org\/tr\/#website\"},\"primaryImageOfPage\":{\"@id\":\"https:\/\/exceladvisor.org\/tr\/pekistirmek\/#primaryimage\"},\"image\":{\"@id\":\"https:\/\/exceladvisor.org\/tr\/pekistirmek\/#primaryimage\"},\"thumbnailUrl\":\"https:\/\/exceladvisor.org\/wp-content\/uploads\/2023\/08\/consolider-les-donnees-de-plusieurs-feuilles-de-calcul-dans-une-seule-feuille-de-calcul-quatre-feuilles-avec-les-memes-donnees-1.png\",\"datePublished\":\"2023-11-02T23:10:23+00:00\",\"dateModified\":\"2023-12-10T05:59:07+00:00\",\"description\":\"Veri y\u00f6netimi hakk\u0131nda \u00f6\u011frendi\u011fim en iyi Excel se\u00e7eneklerinden biri &quot;birden fazla \u00e7al\u0131\u015fma sayfas\u0131ndaki verileri birle\u015ftirmek...\",\"breadcrumb\":{\"@id\":\"https:\/\/exceladvisor.org\/tr\/pekistirmek\/#breadcrumb\"},\"inLanguage\":\"tr\",\"potentialAction\":[{\"@type\":\"ReadAction\",\"target\":[\"https:\/\/exceladvisor.org\/tr\/pekistirmek\/\"]}]},{\"@type\":\"ImageObject\",\"inLanguage\":\"tr\",\"@id\":\"https:\/\/exceladvisor.org\/tr\/pekistirmek\/#primaryimage\",\"url\":\"https:\/\/exceladvisor.org\/wp-content\/uploads\/2023\/08\/consolider-les-donnees-de-plusieurs-feuilles-de-calcul-dans-une-seule-feuille-de-calcul-quatre-feuilles-avec-les-memes-donnees-1.png\",\"contentUrl\":\"https:\/\/exceladvisor.org\/wp-content\/uploads\/2023\/08\/consolider-les-donnees-de-plusieurs-feuilles-de-calcul-dans-une-seule-feuille-de-calcul-quatre-feuilles-avec-les-memes-donnees-1.png\"},{\"@type\":\"BreadcrumbList\",\"@id\":\"https:\/\/exceladvisor.org\/tr\/pekistirmek\/#breadcrumb\",\"itemListElement\":[{\"@type\":\"ListItem\",\"position\":1,\"name\":\"Ev\",\"item\":\"https:\/\/exceladvisor.org\/tr\/\"},{\"@type\":\"ListItem\",\"position\":2,\"name\":\"Birden fazla e-tablo verisi nas\u0131l birle\u015ftirilir?\"}]},{\"@type\":\"WebSite\",\"@id\":\"https:\/\/exceladvisor.org\/tr\/#website\",\"url\":\"https:\/\/exceladvisor.org\/tr\/\",\"name\":\"Excel Advisor\",\"description\":\"Veri hakimiyetine y\u00f6nelik nihai rehberiniz!\",\"publisher\":{\"@id\":\"https:\/\/exceladvisor.org\/tr\/#organization\"},\"potentialAction\":[{\"@type\":\"SearchAction\",\"target\":{\"@type\":\"EntryPoint\",\"urlTemplate\":\"https:\/\/exceladvisor.org\/tr\/?s={search_term_string}\"},\"query-input\":{\"@type\":\"PropertyValueSpecification\",\"valueRequired\":true,\"valueName\":\"search_term_string\"}}],\"inLanguage\":\"tr\"},{\"@type\":\"Organization\",\"@id\":\"https:\/\/exceladvisor.org\/tr\/#organization\",\"name\":\"Excel Advisor\",\"url\":\"https:\/\/exceladvisor.org\/tr\/\",\"logo\":{\"@type\":\"ImageObject\",\"inLanguage\":\"tr\",\"@id\":\"https:\/\/exceladvisor.org\/tr\/#\/schema\/logo\/image\/\",\"url\":\"https:\/\/exceladvisor.org\/tr\/wp-content\/uploads\/2023\/12\/exceladvisor.org_.png\",\"contentUrl\":\"https:\/\/exceladvisor.org\/tr\/wp-content\/uploads\/2023\/12\/exceladvisor.org_.png\",\"width\":105,\"height\":36,\"caption\":\"Excel Advisor\"},\"image\":{\"@id\":\"https:\/\/exceladvisor.org\/tr\/#\/schema\/logo\/image\/\"}}]}<\/script>\n<!-- \/ Yoast SEO plugin. -->","yoast_head_json":{"title":"Birden fazla e-tablo verisi nas\u0131l birle\u015ftirilir?","description":"Veri y\u00f6netimi hakk\u0131nda \u00f6\u011frendi\u011fim en iyi Excel se\u00e7eneklerinden biri &quot;birden fazla \u00e7al\u0131\u015fma sayfas\u0131ndaki verileri birle\u015ftirmek...","robots":{"index":"index","follow":"follow","max-snippet":"max-snippet:-1","max-image-preview":"max-image-preview:large","max-video-preview":"max-video-preview:-1"},"canonical":"https:\/\/exceladvisor.org\/tr\/pekistirmek\/","og_locale":"tr_TR","og_type":"article","og_title":"Birden fazla e-tablo verisi nas\u0131l birle\u015ftirilir?","og_description":"Veri y\u00f6netimi hakk\u0131nda \u00f6\u011frendi\u011fim en iyi Excel se\u00e7eneklerinden biri &quot;birden fazla \u00e7al\u0131\u015fma sayfas\u0131ndaki verileri birle\u015ftirmek...","og_url":"https:\/\/exceladvisor.org\/tr\/pekistirmek\/","og_site_name":"Excel Advisor","article_modified_time":"2023-12-10T05:59:07+00:00","og_image":[{"url":"https:\/\/exceladvisor.org\/wp-content\/uploads\/2023\/08\/consolider-les-donnees-de-plusieurs-feuilles-de-calcul-dans-une-seule-feuille-de-calcul-quatre-feuilles-avec-les-memes-donnees-1.png","type":"","width":"","height":""}],"twitter_card":"summary_large_image","twitter_misc":{"Tahmini okuma s\u00fcresi":"3 dakika"},"schema":{"@context":"https:\/\/schema.org","@graph":[{"@type":"WebPage","@id":"https:\/\/exceladvisor.org\/tr\/pekistirmek\/","url":"https:\/\/exceladvisor.org\/tr\/pekistirmek\/","name":"Birden fazla e-tablo verisi nas\u0131l birle\u015ftirilir?","isPartOf":{"@id":"https:\/\/exceladvisor.org\/tr\/#website"},"primaryImageOfPage":{"@id":"https:\/\/exceladvisor.org\/tr\/pekistirmek\/#primaryimage"},"image":{"@id":"https:\/\/exceladvisor.org\/tr\/pekistirmek\/#primaryimage"},"thumbnailUrl":"https:\/\/exceladvisor.org\/wp-content\/uploads\/2023\/08\/consolider-les-donnees-de-plusieurs-feuilles-de-calcul-dans-une-seule-feuille-de-calcul-quatre-feuilles-avec-les-memes-donnees-1.png","datePublished":"2023-11-02T23:10:23+00:00","dateModified":"2023-12-10T05:59:07+00:00","description":"Veri y\u00f6netimi hakk\u0131nda \u00f6\u011frendi\u011fim en iyi Excel se\u00e7eneklerinden biri &quot;birden fazla \u00e7al\u0131\u015fma sayfas\u0131ndaki verileri birle\u015ftirmek...","breadcrumb":{"@id":"https:\/\/exceladvisor.org\/tr\/pekistirmek\/#breadcrumb"},"inLanguage":"tr","potentialAction":[{"@type":"ReadAction","target":["https:\/\/exceladvisor.org\/tr\/pekistirmek\/"]}]},{"@type":"ImageObject","inLanguage":"tr","@id":"https:\/\/exceladvisor.org\/tr\/pekistirmek\/#primaryimage","url":"https:\/\/exceladvisor.org\/wp-content\/uploads\/2023\/08\/consolider-les-donnees-de-plusieurs-feuilles-de-calcul-dans-une-seule-feuille-de-calcul-quatre-feuilles-avec-les-memes-donnees-1.png","contentUrl":"https:\/\/exceladvisor.org\/wp-content\/uploads\/2023\/08\/consolider-les-donnees-de-plusieurs-feuilles-de-calcul-dans-une-seule-feuille-de-calcul-quatre-feuilles-avec-les-memes-donnees-1.png"},{"@type":"BreadcrumbList","@id":"https:\/\/exceladvisor.org\/tr\/pekistirmek\/#breadcrumb","itemListElement":[{"@type":"ListItem","position":1,"name":"Ev","item":"https:\/\/exceladvisor.org\/tr\/"},{"@type":"ListItem","position":2,"name":"Birden fazla e-tablo verisi nas\u0131l birle\u015ftirilir?"}]},{"@type":"WebSite","@id":"https:\/\/exceladvisor.org\/tr\/#website","url":"https:\/\/exceladvisor.org\/tr\/","name":"Excel Advisor","description":"Veri hakimiyetine y\u00f6nelik nihai rehberiniz!","publisher":{"@id":"https:\/\/exceladvisor.org\/tr\/#organization"},"potentialAction":[{"@type":"SearchAction","target":{"@type":"EntryPoint","urlTemplate":"https:\/\/exceladvisor.org\/tr\/?s={search_term_string}"},"query-input":{"@type":"PropertyValueSpecification","valueRequired":true,"valueName":"search_term_string"}}],"inLanguage":"tr"},{"@type":"Organization","@id":"https:\/\/exceladvisor.org\/tr\/#organization","name":"Excel Advisor","url":"https:\/\/exceladvisor.org\/tr\/","logo":{"@type":"ImageObject","inLanguage":"tr","@id":"https:\/\/exceladvisor.org\/tr\/#\/schema\/logo\/image\/","url":"https:\/\/exceladvisor.org\/tr\/wp-content\/uploads\/2023\/12\/exceladvisor.org_.png","contentUrl":"https:\/\/exceladvisor.org\/tr\/wp-content\/uploads\/2023\/12\/exceladvisor.org_.png","width":105,"height":36,"caption":"Excel Advisor"},"image":{"@id":"https:\/\/exceladvisor.org\/tr\/#\/schema\/logo\/image\/"}}]}},"yoast_meta":{"yoast_wpseo_title":"","yoast_wpseo_metadesc":"","yoast_wpseo_canonical":""},"_links":{"self":[{"href":"https:\/\/exceladvisor.org\/tr\/wp-json\/wp\/v2\/pages\/1812","targetHints":{"allow":["GET"]}}],"collection":[{"href":"https:\/\/exceladvisor.org\/tr\/wp-json\/wp\/v2\/pages"}],"about":[{"href":"https:\/\/exceladvisor.org\/tr\/wp-json\/wp\/v2\/types\/page"}],"author":[{"embeddable":true,"href":"https:\/\/exceladvisor.org\/tr\/wp-json\/wp\/v2\/users\/1"}],"replies":[{"embeddable":true,"href":"https:\/\/exceladvisor.org\/tr\/wp-json\/wp\/v2\/comments?post=1812"}],"version-history":[{"count":1,"href":"https:\/\/exceladvisor.org\/tr\/wp-json\/wp\/v2\/pages\/1812\/revisions"}],"predecessor-version":[{"id":2297,"href":"https:\/\/exceladvisor.org\/tr\/wp-json\/wp\/v2\/pages\/1812\/revisions\/2297"}],"wp:attachment":[{"href":"https:\/\/exceladvisor.org\/tr\/wp-json\/wp\/v2\/media?parent=1812"}],"curies":[{"name":"wp","href":"https:\/\/api.w.org\/{rel}","templated":true}]}}