{"id":1813,"date":"2023-11-02T20:51:19","date_gmt":"2023-11-02T20:51:19","guid":{"rendered":"https:\/\/exceladvisor.org\/tr\/baska-bir-sayfaya-baglanti\/"},"modified":"2023-12-10T05:58:41","modified_gmt":"2023-12-10T05:58:41","slug":"baska-bir-sayfaya-baglanti","status":"publish","type":"page","link":"https:\/\/exceladvisor.org\/tr\/baska-bir-sayfaya-baglanti\/","title":{"rendered":"Ba\u015fka bir e-tabloya nas\u0131l k\u00f6pr\u00fc olu\u015fturabilirim?"},"content":{"rendered":"<div class=\"excel-icerikten-once\" id=\"excel-3043367380\"><script type=\"text\/javascript\">\r\n\tatOptions = {\r\n\t\t'key' : 'c1158f160081d6540a8409e6925dab94',\r\n\t\t'format' : 'iframe',\r\n\t\t'height' : 250,\r\n\t\t'width' : 300,\r\n\t\t'params' : {}\r\n\t};\r\n<\/script>\r\n<script type=\"text\/javascript\" src=\"\/\/www.highperformanceformat.com\/c1158f160081d6540a8409e6925dab94\/invoke.js\"><\/script><\/div> <p>Bir \u00e7al\u0131\u015fma sayfas\u0131ndan ba\u015fka bir \u00e7al\u0131\u015fma sayfas\u0131na k\u00f6pr\u00fc olu\u015fturmak harika bir \u015fey, bu da \u00e7al\u0131\u015fma kitab\u0131nda gezinmeyi kolayla\u015ft\u0131r\u0131yor. Bu e\u011fitimde, bir sayfaya k\u00f6pr\u00fc olu\u015fturman\u0131n iki h\u0131zl\u0131 ve kolay y\u00f6ntemini \u00f6\u011frenece\u011fiz.<\/p><h2 id=\"h-use-the-link-option-from-the-menu\" class=\"wp-block-heading\"> Men\u00fc Ba\u011flant\u0131s\u0131 se\u00e7ene\u011fini kullan\u0131n<\/h2><ol><li> \u00d6ncelikle bir h\u00fccreye bir de\u011fer girin, ba\u011flam men\u00fcs\u00fcn\u00fc a\u00e7mak i\u00e7in bu de\u011fere sa\u011f t\u0131klay\u0131n ve ard\u0131ndan Ba\u011flant\u0131 &gt; Ba\u011flant\u0131 Ekle&#8217;ye t\u0131klay\u0131n. <br><img loading=\"lazy\" decoding=\"async\" title=\"Ba\u011flant\u0131ya eri\u015fmek i\u00e7in 1 sa\u011f t\u0131klay\u0131n\" src=\"https:\/\/exceladvisor.org\/wp-content\/uploads\/2023\/08\/1-clic-droit-pour-acceder-au-lien.png\" sizes=\"auto, \" srcset=\"\" alt=\"1-right-click-to-go-to-link\" width=\"504\" height=\"410\"><\/li><li> \u015eimdi, \u201cK\u00f6pr\u00fc Ekle\u201d ileti\u015fim kutusunda \u201cBu belgeye yerle\u015ftir\u201d sekmesine t\u0131klay\u0131n. Daha sonra \u201cSayfa2\u201d sayfa ad\u0131na t\u0131klay\u0131n.<\/li><li> Burada ayr\u0131ca ba\u011flanmak istedi\u011finiz sayfadaki h\u00fccrenin h\u00fccre adresini de girebilirsiniz. Ayr\u0131ca &#8220;G\u00f6r\u00fcnt\u00fclenecek metin&#8221; h\u00fccresindeki metni de d\u00fczenleyebilirsiniz. <br><img loading=\"lazy\" decoding=\"async\" title=\"2-h\u00fccre-adresini girin\" src=\"https:\/\/exceladvisor.org\/wp-content\/uploads\/2023\/08\/2-entrez-ladresse-de-la-cellule.png\" sizes=\"auto, \" srcset=\"\" alt=\"2-enter-the-cell-address\" width=\"640\" height=\"301\"><\/li><li> Sonunda, belirtti\u011finiz sayfan\u0131n ba\u011flant\u0131s\u0131n\u0131 olu\u015fturmak i\u00e7in Tamam&#8217;\u0131 t\u0131klay\u0131n.<\/li><\/ol><p> Tamam&#8217;\u0131 t\u0131klatt\u0131\u011f\u0131n\u0131zda, h\u00fccredeki metni kullanarak bir k\u00f6pr\u00fc olu\u015fturulur. Ve ba\u011flant\u0131ya t\u0131klad\u0131\u011f\u0131n\u0131zda sizi Sayfa3&#8217;e g\u00f6t\u00fcr\u00fcr. <\/p><div class=\"wp-block-image\"><figure class=\"aligncenter size-full is-resized\"><img loading=\"lazy\" decoding=\"async\" class=\"wp-image-92677\" src=\"https:\/\/exceladvisor.org\/wp-content\/uploads\/2023\/08\/3-hyperlien-cree.png\" sizes=\"auto, \" srcset=\"\" alt=\"k\u00f6pr\u00fc olu\u015fturuldu\" width=\"466\" height=\"223\"><\/figure><\/div><h2 id=\"h-use-hyperlink-function-to-create-a-link-to-another-sheet\" class=\"wp-block-heading\"> Ba\u015fka bir sayfaya ba\u011flanmak i\u00e7in k\u00f6pr\u00fc \u00f6zelli\u011fini kullan\u0131n<\/h2><ol><li> K\u00f6pr\u00fc i\u015flevini bir h\u00fccreye girin. Bu i\u015flevin belirtmeniz gereken iki ba\u011f\u0131ms\u0131z de\u011fi\u015fkeni vard\u0131r. <br><img loading=\"lazy\" decoding=\"async\" title=\"4-k\u00f6pr\u00fc i\u015flevi\" src=\"https:\/\/exceladvisor.org\/wp-content\/uploads\/2023\/08\/4-fonction-de-lien-hypertexte.png\" sizes=\"auto, \" srcset=\"\" alt=\"4-hyperlink-function\" width=\"417\" height=\"201\"><\/li><li> \u0130lk arg\u00fcmanda, ba\u011flanmak istedi\u011finiz sayfay\u0131 ve h\u00fccre adresini girmeniz gerekir.<ul><li> Adresi otomatik olarak eklemek ve bu adresin \u00f6n\u00fcne &#8220;#&#8221; karakterini girmek i\u00e7in sayfadaki h\u00fccreye gitmek \u00fczere fareyi de kullanabilirsiniz.<\/li><li> Ve bundan sonra adresi \u00e7ift t\u0131rnak i\u00e7ine al\u0131n.\u0130lk arg\u00fcmanda, sayfan\u0131n adresini ve ba\u011flanmak istedi\u011finiz adresi girmeniz gerekir. <\/li><\/ul><img loading=\"lazy\" decoding=\"async\" title=\"5-sayfa ve h\u00fccre adresini girin\" src=\"https:\/\/exceladvisor.org\/wp-content\/uploads\/2023\/08\/5-entrez-ladresse-de-la-feuille-et-de-la-cellule.png\" sizes=\"auto, \" srcset=\"\" alt=\"5-enter-sheet-and-cell-address\" width=\"542\" height=\"142\"><\/li><li> Daha sonra, h\u00fccrede olu\u015fturulacak ba\u011flant\u0131 i\u00e7in kolay bir ad girmeniz gerekir. <br><img loading=\"lazy\" decoding=\"async\" title=\"6-ba\u011flant\u0131 i\u00e7in-ad girin\" src=\"https:\/\/exceladvisor.org\/wp-content\/uploads\/2023\/08\/6-entrez-le-nom-du-lien.png\" sizes=\"auto, \" srcset=\"\" alt=\"6-enter-name-for-link\" width=\"492\" height=\"100\"><\/li><li> Sonunda h\u00fccredeki sonucu almak i\u00e7in Enter tu\u015funa bas\u0131n.<\/li><\/ol><p> Enter&#8217;a bast\u0131\u011f\u0131n\u0131z anda h\u00fccrede sizi Sayfa1&#8217;e g\u00f6t\u00fcrecek bir ba\u011flant\u0131 g\u00f6receksiniz. <\/p><div class=\"wp-block-image\"><figure class=\"aligncenter size-full is-resized\"><img loading=\"lazy\" decoding=\"async\" class=\"wp-image-92681\" src=\"https:\/\/exceladvisor.org\/wp-content\/uploads\/2023\/08\/7-lien-cree-a-laide-de-la-formule-de-lien-hypertexte.png\" sizes=\"auto, \" srcset=\"\" alt=\"k\u00f6pr\u00fc-form\u00fcl\u00fcn\u00fc kullanarak-olu\u015fturulan ba\u011flant\u0131\" width=\"536\" height=\"269\"><\/figure><\/div><p> Y\u00f6ntemin avantaj\u0131, yaln\u0131zca form\u00fcldeki adresi de\u011fi\u015ftirerek ba\u011flant\u0131y\u0131 de\u011fi\u015ftirmektir.<\/p><h2 id=\"h-create-a-link-to-the-sheet-with-drag-and-drop-menu\" class=\"wp-block-heading\"> S\u00fcr\u00fckle ve b\u0131rak men\u00fcs\u00fcn\u00fc kullanarak sayfaya bir ba\u011flant\u0131 olu\u015fturun<\/h2><p> K\u00f6pr\u00fc olu\u015fturmak istedi\u011finiz sayfaya ve h\u00fccreye gitmeniz gerekir. Diyelim ki Sayfa2&#8217;deki A5 h\u00fccresine ba\u011flanmak istiyorsunuz.<\/p><ol><li> Sayfa2&#8217;de A5 h\u00fccresini se\u00e7in, Alt tu\u015funu bas\u0131l\u0131 tutun. Bundan sonra fare imlecinizi h\u00fccrenin kenar\u0131n\u0131n \u00fczerine getirin. <br><img loading=\"lazy\" decoding=\"async\" title=\"8-drap-a\u00e7\u0131l\u0131r-men\u00fcyle-ba\u011flant\u0131-olu\u015ftur\" src=\"https:\/\/exceladvisor.org\/wp-content\/uploads\/2023\/08\/8-creer-un-lien-avec-le-menu-deroulant-drape.png\" sizes=\"auto, \" srcset=\"\" alt=\"8-create-link-with-drap-drop-menu\" width=\"510\" height=\"306\"><\/li><li> Daha sonra Alt tu\u015funu bas\u0131l\u0131 tutarak sa\u011f t\u0131klayarak imlecinizi Sayfa1 sekmesine getirin. Bununla Sayfa1 etkinle\u015ftirilecektir. <br><img loading=\"lazy\" decoding=\"async\" title=\"9-alt tu\u015funu bas\u0131l\u0131 tutun ve sa\u011f t\u0131klama d\u00fc\u011fmesi\" src=\"https:\/\/exceladvisor.org\/wp-content\/uploads\/2023\/08\/9-maintenez-la-touche-alt-enfoncee-et-le-bouton-droit-de-la-souris.png\" sizes=\"auto, \" srcset=\"\" alt=\"9-hold-alt-key-and-right-click-button\" width=\"397\" height=\"165\"><\/li><li> Buradan k\u00f6pr\u00fcy\u00fc olu\u015fturmak istedi\u011finiz h\u00fccrelere gidin, t\u0131pk\u0131 imlecimizi Sayfa1&#8217;deki A1 h\u00fccresine getirdi\u011fimiz gibi. <br><img loading=\"lazy\" decoding=\"async\" title=\"10-buradan-hypler-ba\u011flant\u0131s\u0131 olu\u015ftur\" src=\"https:\/\/exceladvisor.org\/wp-content\/uploads\/2023\/08\/10-creer-un-lien-hypertexte-a-partir-dici.png\" sizes=\"auto, \" srcset=\"\" alt=\"10-create-hyplerlink-from-here\" width=\"387\" height=\"253\"><\/li><li> Alt tu\u015funu b\u0131rak\u0131p sa\u011f t\u0131klad\u0131\u011f\u0131n\u0131zda se\u00e7eneklerin bulundu\u011fu bir men\u00fc g\u00f6sterilir. \u201cBurada k\u00f6pr\u00fc olu\u015ftur\u201d se\u00e7ene\u011fine t\u0131klaman\u0131z gerekiyor. <br><img loading=\"lazy\" decoding=\"async\" title=\"11-buraya t\u0131klay\u0131n-k\u00f6pr\u00fc olu\u015fturun\" src=\"https:\/\/exceladvisor.org\/wp-content\/uploads\/2023\/08\/11-cliquez-sur-creer-un-lien-hypertexte-ici.png\" sizes=\"auto, \" srcset=\"\" alt=\"11-click-on-create-hyperlink-here\" width=\"466\" height=\"363\"><\/li><\/ol><p> \u201cBurada K\u00f6pr\u00fc Olu\u015ftur\u201d se\u00e7ene\u011fini t\u0131klad\u0131\u011f\u0131n\u0131z anda, Sayfa1&#8217;in A1 h\u00fccresini Sayfa2&#8217;nin A5 h\u00fccresine ba\u011flar. <\/p><div class=\"gb-container gb-container-52dfcee1 gb-container-sample-file\"><h2 class=\"gb-headline gb-headline-e289c143 gb-headline-text gb-headline-4f7959c2\"> Excel dosyas\u0131n\u0131 al\u0131n<\/h2> <a class=\"gb-button gb-button-e88d6bee gb-button-text gb-button-button1\" href=\"https:\/\/exceladvisor.org\/wp-content\/uploads\/2023\/11\/lien-vers-la-fiche.xlsx\" rel=\"nofollow\">\u0130ndirmek<\/a> <\/div><div class=\"gb-container gb-container-3044ba66 gb-container-mt\"><p class=\"gb-headline gb-headline-b5bb6270 gb-headline-text\"> <strong><a href=\"https:\/\/exceladvisor.org\/tr\/excelin-temelleri\/\">Excel Temelleri<\/a><\/strong> \/ <strong><a href=\"https:\/\/exceladvisor.org\/tr\/calisma-kagidi\/\" data-wpil=\"url\">Excel Elektronik Tablosu<\/a><\/strong><\/p><h2 class=\"gb-headline gb-headline-819d540d gb-headline-text gb-headline-mt-heading\"> Daha fazla e\u011fitim <\/h2><div class=\"gb-grid-wrapper gb-grid-wrapper-7f3d805a gb-grid-wrapper-mt-grid\"><div class=\"gb-grid-column gb-grid-column-7495e031\"><div class=\"gb-container gb-container-7495e031\"><ul><li> <a href=\"https:\/\/exceladvisor.org\/tr\/pekistirmek\/\">Birden \u00e7ok e-tablodaki verileri birle\u015ftirin<\/a><\/li><li> <a href=\"https:\/\/exceladvisor.org\/tr\/yeniden-isimlendirmek\/\">Excel&#8217;de sayfay\u0131 yeniden adland\u0131r\u0131n<\/a><\/li><li> <a href=\"https:\/\/exceladvisor.org\/tr\/grup-1\/\">Excel&#8217;de Grup \u00c7al\u0131\u015fma Sayfalar\u0131<\/a><\/li><li> <a href=\"https:\/\/exceladvisor.org\/tr\/yan-yana-gormek\/\">Excel&#8217;de iki sayfay\u0131 yan yana g\u00f6r\u00fcnt\u00fcleme<\/a> <\/li><\/ul><\/div><\/div><div class=\"gb-grid-column gb-grid-column-530ab33a\"><div class=\"gb-container gb-container-530ab33a\"><\/div><\/div><\/div><\/div>","protected":false},"excerpt":{"rendered":"","protected":false},"author":1,"featured_media":0,"parent":0,"menu_order":0,"comment_status":"open","ping_status":"closed","template":"","meta":{"ub_ctt_via":"","footnotes":""},"class_list":["post-1813","page","type-page","status-publish","hentry"],"featured_image_src":null,"yoast_head":"<!-- This site is optimized with the Yoast SEO plugin v25.4 - https:\/\/yoast.com\/wordpress\/plugins\/seo\/ -->\n<title>Ba\u015fka bir e-tabloya nas\u0131l k\u00f6pr\u00fc olu\u015fturabilirim?<\/title>\n<meta name=\"description\" content=\"Bu e\u011fitim, bir sayfay\u0131 ba\u015fka bir sayfaya nas\u0131l ba\u011flayaca\u011f\u0131n\u0131z\u0131 \u00f6\u011frenmenize yard\u0131mc\u0131 olur. Bu, \u00e7al\u0131\u015fma kitaplar\u0131 aras\u0131nda kolayca gezinmenize yard\u0131mc\u0131 olabilir.\" \/>\n<meta name=\"robots\" content=\"index, follow, max-snippet:-1, max-image-preview:large, max-video-preview:-1\" \/>\n<link rel=\"canonical\" href=\"https:\/\/exceladvisor.org\/tr\/baska-bir-sayfaya-baglanti\/\" \/>\n<meta property=\"og:locale\" content=\"tr_TR\" \/>\n<meta property=\"og:type\" content=\"article\" \/>\n<meta property=\"og:title\" content=\"Ba\u015fka bir e-tabloya nas\u0131l k\u00f6pr\u00fc olu\u015fturabilirim?\" \/>\n<meta property=\"og:description\" content=\"Bu e\u011fitim, bir sayfay\u0131 ba\u015fka bir sayfaya nas\u0131l ba\u011flayaca\u011f\u0131n\u0131z\u0131 \u00f6\u011frenmenize yard\u0131mc\u0131 olur. Bu, \u00e7al\u0131\u015fma kitaplar\u0131 aras\u0131nda kolayca gezinmenize yard\u0131mc\u0131 olabilir.\" \/>\n<meta property=\"og:url\" content=\"https:\/\/exceladvisor.org\/tr\/baska-bir-sayfaya-baglanti\/\" \/>\n<meta property=\"og:site_name\" content=\"Excel Advisor\" \/>\n<meta property=\"article:modified_time\" content=\"2023-12-10T05:58:41+00:00\" \/>\n<meta property=\"og:image\" content=\"https:\/\/exceladvisor.org\/wp-content\/uploads\/2023\/08\/1-clic-droit-pour-acceder-au-lien.png\" \/>\n<meta name=\"twitter:card\" content=\"summary_large_image\" \/>\n<meta name=\"twitter:label1\" content=\"Tahmini okuma s\u00fcresi\" \/>\n\t<meta name=\"twitter:data1\" content=\"3 dakika\" \/>\n<script type=\"application\/ld+json\" class=\"yoast-schema-graph\">{\"@context\":\"https:\/\/schema.org\",\"@graph\":[{\"@type\":\"WebPage\",\"@id\":\"https:\/\/exceladvisor.org\/tr\/baska-bir-sayfaya-baglanti\/\",\"url\":\"https:\/\/exceladvisor.org\/tr\/baska-bir-sayfaya-baglanti\/\",\"name\":\"Ba\u015fka bir e-tabloya nas\u0131l k\u00f6pr\u00fc olu\u015fturabilirim?\",\"isPartOf\":{\"@id\":\"https:\/\/exceladvisor.org\/tr\/#website\"},\"primaryImageOfPage\":{\"@id\":\"https:\/\/exceladvisor.org\/tr\/baska-bir-sayfaya-baglanti\/#primaryimage\"},\"image\":{\"@id\":\"https:\/\/exceladvisor.org\/tr\/baska-bir-sayfaya-baglanti\/#primaryimage\"},\"thumbnailUrl\":\"https:\/\/exceladvisor.org\/wp-content\/uploads\/2023\/08\/1-clic-droit-pour-acceder-au-lien.png\",\"datePublished\":\"2023-11-02T20:51:19+00:00\",\"dateModified\":\"2023-12-10T05:58:41+00:00\",\"description\":\"Bu e\u011fitim, bir sayfay\u0131 ba\u015fka bir sayfaya nas\u0131l ba\u011flayaca\u011f\u0131n\u0131z\u0131 \u00f6\u011frenmenize yard\u0131mc\u0131 olur. Bu, \u00e7al\u0131\u015fma kitaplar\u0131 aras\u0131nda kolayca gezinmenize yard\u0131mc\u0131 olabilir.\",\"breadcrumb\":{\"@id\":\"https:\/\/exceladvisor.org\/tr\/baska-bir-sayfaya-baglanti\/#breadcrumb\"},\"inLanguage\":\"tr\",\"potentialAction\":[{\"@type\":\"ReadAction\",\"target\":[\"https:\/\/exceladvisor.org\/tr\/baska-bir-sayfaya-baglanti\/\"]}]},{\"@type\":\"ImageObject\",\"inLanguage\":\"tr\",\"@id\":\"https:\/\/exceladvisor.org\/tr\/baska-bir-sayfaya-baglanti\/#primaryimage\",\"url\":\"https:\/\/exceladvisor.org\/wp-content\/uploads\/2023\/08\/1-clic-droit-pour-acceder-au-lien.png\",\"contentUrl\":\"https:\/\/exceladvisor.org\/wp-content\/uploads\/2023\/08\/1-clic-droit-pour-acceder-au-lien.png\"},{\"@type\":\"BreadcrumbList\",\"@id\":\"https:\/\/exceladvisor.org\/tr\/baska-bir-sayfaya-baglanti\/#breadcrumb\",\"itemListElement\":[{\"@type\":\"ListItem\",\"position\":1,\"name\":\"Ev\",\"item\":\"https:\/\/exceladvisor.org\/tr\/\"},{\"@type\":\"ListItem\",\"position\":2,\"name\":\"Ba\u015fka bir e-tabloya nas\u0131l k\u00f6pr\u00fc olu\u015fturabilirim?\"}]},{\"@type\":\"WebSite\",\"@id\":\"https:\/\/exceladvisor.org\/tr\/#website\",\"url\":\"https:\/\/exceladvisor.org\/tr\/\",\"name\":\"Excel Advisor\",\"description\":\"Veri hakimiyetine y\u00f6nelik nihai rehberiniz!\",\"publisher\":{\"@id\":\"https:\/\/exceladvisor.org\/tr\/#organization\"},\"potentialAction\":[{\"@type\":\"SearchAction\",\"target\":{\"@type\":\"EntryPoint\",\"urlTemplate\":\"https:\/\/exceladvisor.org\/tr\/?s={search_term_string}\"},\"query-input\":{\"@type\":\"PropertyValueSpecification\",\"valueRequired\":true,\"valueName\":\"search_term_string\"}}],\"inLanguage\":\"tr\"},{\"@type\":\"Organization\",\"@id\":\"https:\/\/exceladvisor.org\/tr\/#organization\",\"name\":\"Excel Advisor\",\"url\":\"https:\/\/exceladvisor.org\/tr\/\",\"logo\":{\"@type\":\"ImageObject\",\"inLanguage\":\"tr\",\"@id\":\"https:\/\/exceladvisor.org\/tr\/#\/schema\/logo\/image\/\",\"url\":\"https:\/\/exceladvisor.org\/tr\/wp-content\/uploads\/2023\/12\/exceladvisor.org_.png\",\"contentUrl\":\"https:\/\/exceladvisor.org\/tr\/wp-content\/uploads\/2023\/12\/exceladvisor.org_.png\",\"width\":105,\"height\":36,\"caption\":\"Excel Advisor\"},\"image\":{\"@id\":\"https:\/\/exceladvisor.org\/tr\/#\/schema\/logo\/image\/\"}}]}<\/script>\n<!-- \/ Yoast SEO plugin. -->","yoast_head_json":{"title":"Ba\u015fka bir e-tabloya nas\u0131l k\u00f6pr\u00fc olu\u015fturabilirim?","description":"Bu e\u011fitim, bir sayfay\u0131 ba\u015fka bir sayfaya nas\u0131l ba\u011flayaca\u011f\u0131n\u0131z\u0131 \u00f6\u011frenmenize yard\u0131mc\u0131 olur. Bu, \u00e7al\u0131\u015fma kitaplar\u0131 aras\u0131nda kolayca gezinmenize yard\u0131mc\u0131 olabilir.","robots":{"index":"index","follow":"follow","max-snippet":"max-snippet:-1","max-image-preview":"max-image-preview:large","max-video-preview":"max-video-preview:-1"},"canonical":"https:\/\/exceladvisor.org\/tr\/baska-bir-sayfaya-baglanti\/","og_locale":"tr_TR","og_type":"article","og_title":"Ba\u015fka bir e-tabloya nas\u0131l k\u00f6pr\u00fc olu\u015fturabilirim?","og_description":"Bu e\u011fitim, bir sayfay\u0131 ba\u015fka bir sayfaya nas\u0131l ba\u011flayaca\u011f\u0131n\u0131z\u0131 \u00f6\u011frenmenize yard\u0131mc\u0131 olur. Bu, \u00e7al\u0131\u015fma kitaplar\u0131 aras\u0131nda kolayca gezinmenize yard\u0131mc\u0131 olabilir.","og_url":"https:\/\/exceladvisor.org\/tr\/baska-bir-sayfaya-baglanti\/","og_site_name":"Excel Advisor","article_modified_time":"2023-12-10T05:58:41+00:00","og_image":[{"url":"https:\/\/exceladvisor.org\/wp-content\/uploads\/2023\/08\/1-clic-droit-pour-acceder-au-lien.png","type":"","width":"","height":""}],"twitter_card":"summary_large_image","twitter_misc":{"Tahmini okuma s\u00fcresi":"3 dakika"},"schema":{"@context":"https:\/\/schema.org","@graph":[{"@type":"WebPage","@id":"https:\/\/exceladvisor.org\/tr\/baska-bir-sayfaya-baglanti\/","url":"https:\/\/exceladvisor.org\/tr\/baska-bir-sayfaya-baglanti\/","name":"Ba\u015fka bir e-tabloya nas\u0131l k\u00f6pr\u00fc olu\u015fturabilirim?","isPartOf":{"@id":"https:\/\/exceladvisor.org\/tr\/#website"},"primaryImageOfPage":{"@id":"https:\/\/exceladvisor.org\/tr\/baska-bir-sayfaya-baglanti\/#primaryimage"},"image":{"@id":"https:\/\/exceladvisor.org\/tr\/baska-bir-sayfaya-baglanti\/#primaryimage"},"thumbnailUrl":"https:\/\/exceladvisor.org\/wp-content\/uploads\/2023\/08\/1-clic-droit-pour-acceder-au-lien.png","datePublished":"2023-11-02T20:51:19+00:00","dateModified":"2023-12-10T05:58:41+00:00","description":"Bu e\u011fitim, bir sayfay\u0131 ba\u015fka bir sayfaya nas\u0131l ba\u011flayaca\u011f\u0131n\u0131z\u0131 \u00f6\u011frenmenize yard\u0131mc\u0131 olur. Bu, \u00e7al\u0131\u015fma kitaplar\u0131 aras\u0131nda kolayca gezinmenize yard\u0131mc\u0131 olabilir.","breadcrumb":{"@id":"https:\/\/exceladvisor.org\/tr\/baska-bir-sayfaya-baglanti\/#breadcrumb"},"inLanguage":"tr","potentialAction":[{"@type":"ReadAction","target":["https:\/\/exceladvisor.org\/tr\/baska-bir-sayfaya-baglanti\/"]}]},{"@type":"ImageObject","inLanguage":"tr","@id":"https:\/\/exceladvisor.org\/tr\/baska-bir-sayfaya-baglanti\/#primaryimage","url":"https:\/\/exceladvisor.org\/wp-content\/uploads\/2023\/08\/1-clic-droit-pour-acceder-au-lien.png","contentUrl":"https:\/\/exceladvisor.org\/wp-content\/uploads\/2023\/08\/1-clic-droit-pour-acceder-au-lien.png"},{"@type":"BreadcrumbList","@id":"https:\/\/exceladvisor.org\/tr\/baska-bir-sayfaya-baglanti\/#breadcrumb","itemListElement":[{"@type":"ListItem","position":1,"name":"Ev","item":"https:\/\/exceladvisor.org\/tr\/"},{"@type":"ListItem","position":2,"name":"Ba\u015fka bir e-tabloya nas\u0131l k\u00f6pr\u00fc olu\u015fturabilirim?"}]},{"@type":"WebSite","@id":"https:\/\/exceladvisor.org\/tr\/#website","url":"https:\/\/exceladvisor.org\/tr\/","name":"Excel Advisor","description":"Veri hakimiyetine y\u00f6nelik nihai rehberiniz!","publisher":{"@id":"https:\/\/exceladvisor.org\/tr\/#organization"},"potentialAction":[{"@type":"SearchAction","target":{"@type":"EntryPoint","urlTemplate":"https:\/\/exceladvisor.org\/tr\/?s={search_term_string}"},"query-input":{"@type":"PropertyValueSpecification","valueRequired":true,"valueName":"search_term_string"}}],"inLanguage":"tr"},{"@type":"Organization","@id":"https:\/\/exceladvisor.org\/tr\/#organization","name":"Excel Advisor","url":"https:\/\/exceladvisor.org\/tr\/","logo":{"@type":"ImageObject","inLanguage":"tr","@id":"https:\/\/exceladvisor.org\/tr\/#\/schema\/logo\/image\/","url":"https:\/\/exceladvisor.org\/tr\/wp-content\/uploads\/2023\/12\/exceladvisor.org_.png","contentUrl":"https:\/\/exceladvisor.org\/tr\/wp-content\/uploads\/2023\/12\/exceladvisor.org_.png","width":105,"height":36,"caption":"Excel Advisor"},"image":{"@id":"https:\/\/exceladvisor.org\/tr\/#\/schema\/logo\/image\/"}}]}},"yoast_meta":{"yoast_wpseo_title":"","yoast_wpseo_metadesc":"","yoast_wpseo_canonical":""},"_links":{"self":[{"href":"https:\/\/exceladvisor.org\/tr\/wp-json\/wp\/v2\/pages\/1813","targetHints":{"allow":["GET"]}}],"collection":[{"href":"https:\/\/exceladvisor.org\/tr\/wp-json\/wp\/v2\/pages"}],"about":[{"href":"https:\/\/exceladvisor.org\/tr\/wp-json\/wp\/v2\/types\/page"}],"author":[{"embeddable":true,"href":"https:\/\/exceladvisor.org\/tr\/wp-json\/wp\/v2\/users\/1"}],"replies":[{"embeddable":true,"href":"https:\/\/exceladvisor.org\/tr\/wp-json\/wp\/v2\/comments?post=1813"}],"version-history":[{"count":1,"href":"https:\/\/exceladvisor.org\/tr\/wp-json\/wp\/v2\/pages\/1813\/revisions"}],"predecessor-version":[{"id":2262,"href":"https:\/\/exceladvisor.org\/tr\/wp-json\/wp\/v2\/pages\/1813\/revisions\/2262"}],"wp:attachment":[{"href":"https:\/\/exceladvisor.org\/tr\/wp-json\/wp\/v2\/media?parent=1813"}],"curies":[{"name":"wp","href":"https:\/\/api.w.org\/{rel}","templated":true}]}}