{"id":1815,"date":"2023-11-02T14:37:33","date_gmt":"2023-11-02T14:37:33","guid":{"rendered":"https:\/\/exceladvisor.org\/tr\/eger-dogruysa-dur-2\/"},"modified":"2023-12-10T06:04:29","modified_gmt":"2023-12-10T06:04:29","slug":"eger-dogruysa-dur-2","status":"publish","type":"page","link":"https:\/\/exceladvisor.org\/tr\/eger-dogruysa-dur-2\/","title":{"rendered":"Ko\u015fullu bi\u00e7imlendirmede if true nas\u0131l durdurulur?"},"content":{"rendered":"<div class=\"excel-icerikten-once\" id=\"excel-997412729\"><script type=\"text\/javascript\">\r\n\tatOptions = {\r\n\t\t'key' : 'c1158f160081d6540a8409e6925dab94',\r\n\t\t'format' : 'iframe',\r\n\t\t'height' : 250,\r\n\t\t'width' : 300,\r\n\t\t'params' : {}\r\n\t};\r\n<\/script>\r\n<script type=\"text\/javascript\" src=\"\/\/www.highperformanceformat.com\/c1158f160081d6540a8409e6925dab94\/invoke.js\"><\/script><\/div> <p>Ko\u015fullu bi\u00e7imlendirmede, kural y\u00f6netimi ileti\u015fim kutusunu a\u00e7t\u0131\u011f\u0131n\u0131zda &#8220;Do\u011fruysa Durdur&#8221; onay kutusunu g\u00f6rebilirsiniz. Bu derste bu onay kutusunun nas\u0131l kullan\u0131laca\u011f\u0131n\u0131 \u00f6\u011frenece\u011fiz.<\/p><h2 class=\"wp-block-heading\"> Ko\u015fullu bi\u00e7imlendirmede Stop IF True ne i\u00e7in kullan\u0131l\u0131r?<\/h2><p> Ayn\u0131 h\u00fccre aral\u0131\u011f\u0131na iki kural\u0131n uyguland\u0131\u011f\u0131n\u0131 varsayal\u0131m. Do\u011fruysa Durdur ile Excel&#8217;e, ilk kural\u0131n DO\u011eRU oldu\u011fu h\u00fccrelerde ikinci kural\u0131 kullanmamas\u0131n\u0131 s\u00f6yleyebilirsiniz. Bu derste bunu anlamak i\u00e7in basit bir \u00f6rnek al\u0131yoruz.<\/p><h2 class=\"wp-block-heading\"> Ko\u015fullu Bi\u00e7imlendirmede Stop If True Kullanma \u00d6rne\u011fi<\/h2><p> A\u015fa\u011f\u0131daki \u00f6rnekte say\u0131lar\u0131 i\u00e7eren bir aral\u0131\u011fa ayarlanm\u0131\u015f bir simgemiz var. <\/p><div class=\"wp-block-image\"><figure class=\"aligncenter size-full is-resized\"><img loading=\"lazy\" decoding=\"async\" class=\"wp-image-91394\" src=\"https:\/\/exceladvisor.org\/wp-content\/uploads\/2023\/08\/1-une-icone-definie-sur-un-arret-de-plage-si-vrai.png\" sizes=\"auto, \" srcset=\"\" alt=\"e\u011fer do\u011fruysa bir aral\u0131kta duracak bir simge seti\" width=\"650\" height=\"312\"><\/figure><\/div><p> Bu simge seti kural\u0131nda 85&#8217;in \u00fczerindeki de\u011ferler i\u00e7in ye\u015fil noktalar\u0131n\u0131z, 84 ile 45 aras\u0131ndaki de\u011ferler i\u00e7in sar\u0131 noktalar\u0131n\u0131z ve 45&#8217;in alt\u0131ndaki de\u011ferler i\u00e7in k\u0131rm\u0131z\u0131 noktalar\u0131n\u0131z bulunur.<\/p><p> Burada yaln\u0131zca ye\u015fil noktalara ihtiyac\u0131m\u0131z var ve \u201cDo\u011fruysa Durdur\u201d onay i\u015fareti bize yard\u0131mc\u0131 olabilir. Bunu yapmak i\u00e7in yeni bir kural olu\u015ftural\u0131m. Ana Sayfa &gt; Ko\u015fullu Bi\u00e7imlendirme &gt; Yeni Kural&#8217;a gidin. <\/p><div class=\"wp-block-image\"><figure class=\"aligncenter size-full is-resized\"><img loading=\"lazy\" decoding=\"async\" class=\"wp-image-91395\" src=\"https:\/\/exceladvisor.org\/wp-content\/uploads\/2023\/08\/2-nous-navons-besoin-que-de-points-verts-sarreter-si-vrai.png\" sizes=\"auto, \" srcset=\"\" alt=\"e\u011fer do\u011fruysa-sadece-ye\u015fil-noktalara-durmaya ihtiyac\u0131m\u0131z var\" width=\"205\" height=\"346\"><\/figure><\/div><p> \u015eimdi, yeni kural ileti\u015fim kutusunda &#8220;Yaln\u0131zca \u015funu i\u00e7eren h\u00fccreleri bi\u00e7imlendir&#8221;i t\u0131klay\u0131n ve &#8220;aras\u0131nda de\u011fil&#8221;i se\u00e7in. Bundan sonra bir say\u0131 aral\u0131\u011f\u0131 olu\u015fturmak i\u00e7in 85 ve 100 girin.<\/p><p> Bununla bu aral\u0131kta olmayan say\u0131lar\u0131 bi\u00e7imlendirmek i\u00e7in bir kural olu\u015fturursunuz. Unutmay\u0131n, bu, \u00f6nceden olu\u015fturulmu\u015f simge seti kural\u0131nda ye\u015fil simgeye sahip olmayan ayn\u0131 say\u0131 aral\u0131\u011f\u0131d\u0131r. <\/p><div class=\"wp-block-image\"><figure class=\"aligncenter size-full is-resized\"><img loading=\"lazy\" decoding=\"async\" class=\"wp-image-91396\" src=\"https:\/\/exceladvisor.org\/wp-content\/uploads\/2023\/08\/3-creer-une-plage-de-nombres-stop-si-vrai.png\" sizes=\"auto, \" srcset=\"\" alt=\"bir say\u0131 aral\u0131\u011f\u0131 olu\u015ftur, do\u011fruysa durdur\" width=\"601\" height=\"372\"><\/figure><\/div><p> Bu kuralda herhangi bir bi\u00e7imlendirme belirtmenize gerek yoktur. Bu nedenle kural\u0131 olu\u015fturmak i\u00e7in Tamam&#8217;\u0131 t\u0131klay\u0131n. Ve Tamam&#8217;\u0131 t\u0131klad\u0131\u011f\u0131n\u0131zda hi\u00e7bir \u015fey yapmaz.<\/p><p> Tekrar Ana Sayfa &gt; Ko\u015fullu Bi\u00e7imlendirme &gt; Kural Y\u00f6neticisi&#8217;ne gidin. Ve oradan \u201cDo\u011fruysa Durdur\u201d kutusunu i\u015faretleyin ve Uygula&#8217;y\u0131 t\u0131klay\u0131n. <\/p><div class=\"wp-block-image\"><figure class=\"aligncenter size-full is-resized\"><img loading=\"lazy\" decoding=\"async\" class=\"wp-image-91397\" src=\"https:\/\/exceladvisor.org\/wp-content\/uploads\/2023\/08\/4-case-a-cocher-et-cliquez-sur-appliquer-stop-si-vrai.png\" sizes=\"auto, \" srcset=\"\" alt=\"onay kutusu-ve-t\u0131klay\u0131n-uygulay\u0131n-durdurun-do\u011fruysa\" width=\"811\" height=\"498\"><\/figure><\/div><p> Ve Tamam&#8217;a t\u0131klad\u0131\u011f\u0131n\u0131z anda, de\u011ferlerin 85&#8217;ten b\u00fcy\u00fck veya ona e\u015fit oldu\u011fu h\u00fccrelerin \u00fczerinde ye\u015fil bir simge g\u00f6r\u00fcnecektir.<\/p><p> Do\u011fruysa Durdur, Kural Y\u00f6neticisinde sahip oldu\u011funuz kurallar\u0131n s\u0131ras\u0131na g\u00f6re \u00e7al\u0131\u015f\u0131r. Yani kural\u0131n do\u011fru oldu\u011fu h\u00fccreler oldu\u011funda bu h\u00fccrelere ba\u015fka hi\u00e7bir kural uygulanmaz.<\/p><p> 0&#8217;dan 84&#8217;e kadar olan h\u00fccrelere uygulad\u0131\u011f\u0131m\u0131z ilk kural do\u011fru oldu\u011funda da ayn\u0131 \u015fey oluyor; ikinci kural\u0131 bu h\u00fccrelere uygulamaz, bu y\u00fczden elimizde yaln\u0131zca ye\u015fil simgeler bulunur. <\/p><div class=\"gb-container gb-container-52dfcee1 gb-container-sample-file\"><h2 class=\"gb-headline gb-headline-e289c143 gb-headline-text gb-headline-4f7959c2\"> Excel dosyas\u0131n\u0131 al\u0131n<\/h2> <a class=\"gb-button gb-button-e88d6bee gb-button-text gb-button-button1\" href=\"https:\/\/exceladvisor.org\/wp-content\/uploads\/2023\/11\/stop-si-vrai.xlsx\" rel=\"nofollow\">\u0130ndirmek<\/a><\/div><div class=\"gb-container gb-container-6076ba72 gb-container-mt\"> <a class=\"gb-button gb-button-76e6a499 gb-button-text gb-button-mt-button\" href=\"https:\/\/exceladvisor.org\/tr\/excelin-temelleri\/\">Excel&#8217;in temellerini \u00f6\u011frenin<\/a><h2 class=\"gb-headline gb-headline-a9e9e206 gb-headline-text gb-headline-mt-heading\"> <a href=\"https:\/\/exceladvisor.org\/tr\/kosullu-bicimlendirme\/\">Ko\u015fullu bi\u00e7imlendirme<\/a> hakk\u0131nda daha fazla bilgi edinin <\/h2><div class=\"gb-grid-wrapper gb-grid-wrapper-790317cb gb-grid-wrapper-mt-grid\"><div class=\"gb-grid-column gb-grid-column-a9845ede\"><div class=\"gb-container gb-container-a9845ede\"><ul><li> <a href=\"https:\/\/exceladvisor.org\/tr\/kosullu-bicimlendirmeyi-uygula\/\">Pivot tabloya ko\u015fullu bi\u00e7imlendirme uygulama<\/a><\/li><li> <a href=\"https:\/\/exceladvisor.org\/tr\/geri-cekilmek\/\">Ko\u015fullu Bi\u00e7imlendirmeyi Kald\u0131r<\/a><\/li><li> <a href=\"https:\/\/exceladvisor.org\/tr\/bos-hucreler\/\">Excel&#8217;de Bo\u015f H\u00fccrelere Ko\u015fullu Bi\u00e7imlendirme Uygulay\u0131n<\/a><\/li><li> <a href=\"https:\/\/exceladvisor.org\/tr\/sutunlari-karsilastir\/\">Ko\u015fullu bi\u00e7imlendirmeyi kullanarak iki s\u00fctunu kar\u015f\u0131la\u015ft\u0131rma<\/a><\/li><li> <a href=\"https:\/\/exceladvisor.org\/tr\/baska-bir-hucre\/\">Ba\u015fka bir h\u00fccreye dayal\u0131 ko\u015fullu bi\u00e7imlendirme uygulama<\/a><\/li><\/ul><\/div><\/div><\/div><\/div>","protected":false},"excerpt":{"rendered":"","protected":false},"author":1,"featured_media":0,"parent":0,"menu_order":0,"comment_status":"open","ping_status":"closed","template":"","meta":{"ub_ctt_via":"","footnotes":""},"class_list":["post-1815","page","type-page","status-publish","hentry"],"featured_image_src":null,"yoast_head":"<!-- This site is optimized with the Yoast SEO plugin v25.4 - https:\/\/yoast.com\/wordpress\/plugins\/seo\/ -->\n<title>Excel ko\u015fullu bi\u00e7imlendirmesinde IF True nas\u0131l durdurulur?<\/title>\n<meta name=\"description\" content=\"Kural y\u00f6netimi ileti\u015fim kutusunu a\u00e7t\u0131\u011f\u0131n\u0131zda &quot;Do\u011fruysa Durdur&quot; onay kutusunu g\u00f6rebilirsiniz.\" \/>\n<meta name=\"robots\" content=\"index, follow, max-snippet:-1, max-image-preview:large, max-video-preview:-1\" \/>\n<link rel=\"canonical\" href=\"https:\/\/exceladvisor.org\/tr\/eger-dogruysa-dur-2\/\" \/>\n<meta property=\"og:locale\" content=\"tr_TR\" \/>\n<meta property=\"og:type\" content=\"article\" \/>\n<meta property=\"og:title\" content=\"Excel ko\u015fullu bi\u00e7imlendirmesinde IF True nas\u0131l durdurulur?\" \/>\n<meta property=\"og:description\" content=\"Kural y\u00f6netimi ileti\u015fim kutusunu a\u00e7t\u0131\u011f\u0131n\u0131zda &quot;Do\u011fruysa Durdur&quot; onay kutusunu g\u00f6rebilirsiniz.\" \/>\n<meta property=\"og:url\" content=\"https:\/\/exceladvisor.org\/tr\/eger-dogruysa-dur-2\/\" \/>\n<meta property=\"og:site_name\" content=\"Excel Advisor\" \/>\n<meta property=\"article:modified_time\" content=\"2023-12-10T06:04:29+00:00\" \/>\n<meta property=\"og:image\" content=\"https:\/\/exceladvisor.org\/wp-content\/uploads\/2023\/08\/1-une-icone-definie-sur-un-arret-de-plage-si-vrai.png\" \/>\n<meta name=\"twitter:card\" content=\"summary_large_image\" \/>\n<meta name=\"twitter:label1\" content=\"Tahmini okuma s\u00fcresi\" \/>\n\t<meta name=\"twitter:data1\" content=\"2 dakika\" \/>\n<script type=\"application\/ld+json\" class=\"yoast-schema-graph\">{\"@context\":\"https:\/\/schema.org\",\"@graph\":[{\"@type\":\"WebPage\",\"@id\":\"https:\/\/exceladvisor.org\/tr\/eger-dogruysa-dur-2\/\",\"url\":\"https:\/\/exceladvisor.org\/tr\/eger-dogruysa-dur-2\/\",\"name\":\"Excel ko\u015fullu bi\u00e7imlendirmesinde IF True nas\u0131l durdurulur?\",\"isPartOf\":{\"@id\":\"https:\/\/exceladvisor.org\/tr\/#website\"},\"primaryImageOfPage\":{\"@id\":\"https:\/\/exceladvisor.org\/tr\/eger-dogruysa-dur-2\/#primaryimage\"},\"image\":{\"@id\":\"https:\/\/exceladvisor.org\/tr\/eger-dogruysa-dur-2\/#primaryimage\"},\"thumbnailUrl\":\"https:\/\/exceladvisor.org\/wp-content\/uploads\/2023\/08\/1-une-icone-definie-sur-un-arret-de-plage-si-vrai.png\",\"datePublished\":\"2023-11-02T14:37:33+00:00\",\"dateModified\":\"2023-12-10T06:04:29+00:00\",\"description\":\"Kural y\u00f6netimi ileti\u015fim kutusunu a\u00e7t\u0131\u011f\u0131n\u0131zda &quot;Do\u011fruysa Durdur&quot; onay kutusunu g\u00f6rebilirsiniz.\",\"breadcrumb\":{\"@id\":\"https:\/\/exceladvisor.org\/tr\/eger-dogruysa-dur-2\/#breadcrumb\"},\"inLanguage\":\"tr\",\"potentialAction\":[{\"@type\":\"ReadAction\",\"target\":[\"https:\/\/exceladvisor.org\/tr\/eger-dogruysa-dur-2\/\"]}]},{\"@type\":\"ImageObject\",\"inLanguage\":\"tr\",\"@id\":\"https:\/\/exceladvisor.org\/tr\/eger-dogruysa-dur-2\/#primaryimage\",\"url\":\"https:\/\/exceladvisor.org\/wp-content\/uploads\/2023\/08\/1-une-icone-definie-sur-un-arret-de-plage-si-vrai.png\",\"contentUrl\":\"https:\/\/exceladvisor.org\/wp-content\/uploads\/2023\/08\/1-une-icone-definie-sur-un-arret-de-plage-si-vrai.png\"},{\"@type\":\"BreadcrumbList\",\"@id\":\"https:\/\/exceladvisor.org\/tr\/eger-dogruysa-dur-2\/#breadcrumb\",\"itemListElement\":[{\"@type\":\"ListItem\",\"position\":1,\"name\":\"Ev\",\"item\":\"https:\/\/exceladvisor.org\/tr\/\"},{\"@type\":\"ListItem\",\"position\":2,\"name\":\"Ko\u015fullu bi\u00e7imlendirmede if true nas\u0131l durdurulur?\"}]},{\"@type\":\"WebSite\",\"@id\":\"https:\/\/exceladvisor.org\/tr\/#website\",\"url\":\"https:\/\/exceladvisor.org\/tr\/\",\"name\":\"Excel Advisor\",\"description\":\"Veri hakimiyetine y\u00f6nelik nihai rehberiniz!\",\"publisher\":{\"@id\":\"https:\/\/exceladvisor.org\/tr\/#organization\"},\"potentialAction\":[{\"@type\":\"SearchAction\",\"target\":{\"@type\":\"EntryPoint\",\"urlTemplate\":\"https:\/\/exceladvisor.org\/tr\/?s={search_term_string}\"},\"query-input\":{\"@type\":\"PropertyValueSpecification\",\"valueRequired\":true,\"valueName\":\"search_term_string\"}}],\"inLanguage\":\"tr\"},{\"@type\":\"Organization\",\"@id\":\"https:\/\/exceladvisor.org\/tr\/#organization\",\"name\":\"Excel Advisor\",\"url\":\"https:\/\/exceladvisor.org\/tr\/\",\"logo\":{\"@type\":\"ImageObject\",\"inLanguage\":\"tr\",\"@id\":\"https:\/\/exceladvisor.org\/tr\/#\/schema\/logo\/image\/\",\"url\":\"https:\/\/exceladvisor.org\/tr\/wp-content\/uploads\/2023\/12\/exceladvisor.org_.png\",\"contentUrl\":\"https:\/\/exceladvisor.org\/tr\/wp-content\/uploads\/2023\/12\/exceladvisor.org_.png\",\"width\":105,\"height\":36,\"caption\":\"Excel Advisor\"},\"image\":{\"@id\":\"https:\/\/exceladvisor.org\/tr\/#\/schema\/logo\/image\/\"}}]}<\/script>\n<!-- \/ Yoast SEO plugin. -->","yoast_head_json":{"title":"Excel ko\u015fullu bi\u00e7imlendirmesinde IF True nas\u0131l durdurulur?","description":"Kural y\u00f6netimi ileti\u015fim kutusunu a\u00e7t\u0131\u011f\u0131n\u0131zda &quot;Do\u011fruysa Durdur&quot; onay kutusunu g\u00f6rebilirsiniz.","robots":{"index":"index","follow":"follow","max-snippet":"max-snippet:-1","max-image-preview":"max-image-preview:large","max-video-preview":"max-video-preview:-1"},"canonical":"https:\/\/exceladvisor.org\/tr\/eger-dogruysa-dur-2\/","og_locale":"tr_TR","og_type":"article","og_title":"Excel ko\u015fullu bi\u00e7imlendirmesinde IF True nas\u0131l durdurulur?","og_description":"Kural y\u00f6netimi ileti\u015fim kutusunu a\u00e7t\u0131\u011f\u0131n\u0131zda &quot;Do\u011fruysa Durdur&quot; onay kutusunu g\u00f6rebilirsiniz.","og_url":"https:\/\/exceladvisor.org\/tr\/eger-dogruysa-dur-2\/","og_site_name":"Excel Advisor","article_modified_time":"2023-12-10T06:04:29+00:00","og_image":[{"url":"https:\/\/exceladvisor.org\/wp-content\/uploads\/2023\/08\/1-une-icone-definie-sur-un-arret-de-plage-si-vrai.png","type":"","width":"","height":""}],"twitter_card":"summary_large_image","twitter_misc":{"Tahmini okuma s\u00fcresi":"2 dakika"},"schema":{"@context":"https:\/\/schema.org","@graph":[{"@type":"WebPage","@id":"https:\/\/exceladvisor.org\/tr\/eger-dogruysa-dur-2\/","url":"https:\/\/exceladvisor.org\/tr\/eger-dogruysa-dur-2\/","name":"Excel ko\u015fullu bi\u00e7imlendirmesinde IF True nas\u0131l durdurulur?","isPartOf":{"@id":"https:\/\/exceladvisor.org\/tr\/#website"},"primaryImageOfPage":{"@id":"https:\/\/exceladvisor.org\/tr\/eger-dogruysa-dur-2\/#primaryimage"},"image":{"@id":"https:\/\/exceladvisor.org\/tr\/eger-dogruysa-dur-2\/#primaryimage"},"thumbnailUrl":"https:\/\/exceladvisor.org\/wp-content\/uploads\/2023\/08\/1-une-icone-definie-sur-un-arret-de-plage-si-vrai.png","datePublished":"2023-11-02T14:37:33+00:00","dateModified":"2023-12-10T06:04:29+00:00","description":"Kural y\u00f6netimi ileti\u015fim kutusunu a\u00e7t\u0131\u011f\u0131n\u0131zda &quot;Do\u011fruysa Durdur&quot; onay kutusunu g\u00f6rebilirsiniz.","breadcrumb":{"@id":"https:\/\/exceladvisor.org\/tr\/eger-dogruysa-dur-2\/#breadcrumb"},"inLanguage":"tr","potentialAction":[{"@type":"ReadAction","target":["https:\/\/exceladvisor.org\/tr\/eger-dogruysa-dur-2\/"]}]},{"@type":"ImageObject","inLanguage":"tr","@id":"https:\/\/exceladvisor.org\/tr\/eger-dogruysa-dur-2\/#primaryimage","url":"https:\/\/exceladvisor.org\/wp-content\/uploads\/2023\/08\/1-une-icone-definie-sur-un-arret-de-plage-si-vrai.png","contentUrl":"https:\/\/exceladvisor.org\/wp-content\/uploads\/2023\/08\/1-une-icone-definie-sur-un-arret-de-plage-si-vrai.png"},{"@type":"BreadcrumbList","@id":"https:\/\/exceladvisor.org\/tr\/eger-dogruysa-dur-2\/#breadcrumb","itemListElement":[{"@type":"ListItem","position":1,"name":"Ev","item":"https:\/\/exceladvisor.org\/tr\/"},{"@type":"ListItem","position":2,"name":"Ko\u015fullu bi\u00e7imlendirmede if true nas\u0131l durdurulur?"}]},{"@type":"WebSite","@id":"https:\/\/exceladvisor.org\/tr\/#website","url":"https:\/\/exceladvisor.org\/tr\/","name":"Excel Advisor","description":"Veri hakimiyetine y\u00f6nelik nihai rehberiniz!","publisher":{"@id":"https:\/\/exceladvisor.org\/tr\/#organization"},"potentialAction":[{"@type":"SearchAction","target":{"@type":"EntryPoint","urlTemplate":"https:\/\/exceladvisor.org\/tr\/?s={search_term_string}"},"query-input":{"@type":"PropertyValueSpecification","valueRequired":true,"valueName":"search_term_string"}}],"inLanguage":"tr"},{"@type":"Organization","@id":"https:\/\/exceladvisor.org\/tr\/#organization","name":"Excel Advisor","url":"https:\/\/exceladvisor.org\/tr\/","logo":{"@type":"ImageObject","inLanguage":"tr","@id":"https:\/\/exceladvisor.org\/tr\/#\/schema\/logo\/image\/","url":"https:\/\/exceladvisor.org\/tr\/wp-content\/uploads\/2023\/12\/exceladvisor.org_.png","contentUrl":"https:\/\/exceladvisor.org\/tr\/wp-content\/uploads\/2023\/12\/exceladvisor.org_.png","width":105,"height":36,"caption":"Excel Advisor"},"image":{"@id":"https:\/\/exceladvisor.org\/tr\/#\/schema\/logo\/image\/"}}]}},"yoast_meta":{"yoast_wpseo_title":"","yoast_wpseo_metadesc":"","yoast_wpseo_canonical":""},"_links":{"self":[{"href":"https:\/\/exceladvisor.org\/tr\/wp-json\/wp\/v2\/pages\/1815","targetHints":{"allow":["GET"]}}],"collection":[{"href":"https:\/\/exceladvisor.org\/tr\/wp-json\/wp\/v2\/pages"}],"about":[{"href":"https:\/\/exceladvisor.org\/tr\/wp-json\/wp\/v2\/types\/page"}],"author":[{"embeddable":true,"href":"https:\/\/exceladvisor.org\/tr\/wp-json\/wp\/v2\/users\/1"}],"replies":[{"embeddable":true,"href":"https:\/\/exceladvisor.org\/tr\/wp-json\/wp\/v2\/comments?post=1815"}],"version-history":[{"count":1,"href":"https:\/\/exceladvisor.org\/tr\/wp-json\/wp\/v2\/pages\/1815\/revisions"}],"predecessor-version":[{"id":2731,"href":"https:\/\/exceladvisor.org\/tr\/wp-json\/wp\/v2\/pages\/1815\/revisions\/2731"}],"wp:attachment":[{"href":"https:\/\/exceladvisor.org\/tr\/wp-json\/wp\/v2\/media?parent=1815"}],"curies":[{"name":"wp","href":"https:\/\/api.w.org\/{rel}","templated":true}]}}