{"id":1816,"date":"2023-11-02T14:35:11","date_gmt":"2023-11-02T14:35:11","guid":{"rendered":"https:\/\/exceladvisor.org\/tr\/rapor\/"},"modified":"2023-12-10T06:03:38","modified_gmt":"2023-12-10T06:03:38","slug":"rapor","status":"publish","type":"page","link":"https:\/\/exceladvisor.org\/tr\/rapor\/","title":{"rendered":"Excel&#39;deki oran h\u0131zl\u0131 bir \u015fekilde nas\u0131l hesaplan\u0131r?"},"content":{"rendered":"<div class=\"excel-icerikten-once\" id=\"excel-3760290092\"><script type=\"text\/javascript\">\r\n\tatOptions = {\r\n\t\t'key' : 'c1158f160081d6540a8409e6925dab94',\r\n\t\t'format' : 'iframe',\r\n\t\t'height' : 250,\r\n\t\t'width' : 300,\r\n\t\t'params' : {}\r\n\t};\r\n<\/script>\r\n<script type=\"text\/javascript\" src=\"\/\/www.highperformanceformat.com\/c1158f160081d6540a8409e6925dab94\/invoke.js\"><\/script><\/div> <p>Oran, iki de\u011feri birbiriyle kar\u015f\u0131la\u015ft\u0131rman\u0131n yayg\u0131n y\u00f6ntemlerinden biridir. Bu da bu iki de\u011fer aras\u0131ndaki farkl\u0131l\u0131klar\u0131 kar\u015f\u0131la\u015ft\u0131rman\u0131za yard\u0131mc\u0131 olabilir.<\/p><p> G\u00fcnl\u00fck ya\u015fam\u0131m\u0131zda bile iki farkl\u0131 \u015fey aras\u0131ndaki kar\u015f\u0131la\u015ft\u0131rmay\u0131 tan\u0131mlamak i\u00e7in ORAN kelimesini kullan\u0131r\u0131z. Excel s\u00f6z konusu oldu\u011funda oran hesaplamam\u0131za yard\u0131mc\u0131 olabilecek herhangi bir spesifik fonksiyonumuz yok.<\/p><p> Ancak bunu \u00f6zel form\u00fcller kullanarak hesaplayabilirsiniz. Bug\u00fcn bu makalede size oranlar\u0131n 4 farkl\u0131 y\u00f6ntemle nas\u0131l hesaplanaca\u011f\u0131n\u0131 g\u00f6stermek istiyorum.<\/p><p> Haydi ba\u015flayal\u0131m ve takip etmek i\u00e7in <a style=\"outline: none;\" href=\"https:\/\/exceladvisor.org\/wp-content\/uploads\/2023\/11\/calculer-le-ratio-dans-des-exemples-de-donnees-Excel.xlsx\" rel=\"nofollow\">bu \u00f6rnek dosyay\u0131 buradan indirdi\u011finizden<\/a> emin olun.<\/p><h2 class=\"wp-block-heading\"> 1. Oran\u0131 basit b\u00f6lme y\u00f6ntemini kullanarak hesaplay\u0131n<\/h2><p> En b\u00fcy\u00fck de\u011fer en k\u00fc\u00e7\u00fck de\u011fere b\u00f6l\u00fcnebildi\u011finde bu y\u00f6ntemi kullanabiliriz. A\u015fa\u011f\u0131daki \u00f6rnekte 10 ve 2 de\u011ferlerine sahibiz; burada 10, 2&#8217;ye b\u00f6l\u00fcnebilir. <\/p><div class=\"wp-block-image\"><figure class=\"aligncenter\"><img decoding=\"async\" src=\"https:\/\/exceladvisor.org\/wp-content\/uploads\/2023\/08\/calculer-le-rapport-dans-excel-avec-des-valeurs-de-division-simples-1.png\" sizes=\"\" srcset=\"\" alt=\"basit b\u00f6lme de\u011ferleriyle excel'de oran hesaplama\"><\/figure><\/div><p> Yani burada bu y\u00f6ntemi kullanabilirsiniz. A\u015fa\u011f\u0131daki form\u00fcl\u00fc h\u00fccreye ekleyin ve Enter tu\u015funa bas\u0131n. <\/p><pre class=\"wp-block-code\"> <code class=\"language-excel-formula\" lang=\"excel-formula\">=A2\/B2&amp;\":\"&amp;\"1\"<\/code><\/pre><div class=\"wp-block-image\"><figure class=\"aligncenter\"><img decoding=\"async\" src=\"https:\/\/exceladvisor.org\/wp-content\/uploads\/2023\/08\/calculer-le-rapport-dans-excel-avec-des-valeurs-de-division-simples-entrer-la-formule-1.png\" sizes=\"\" srcset=\"\" alt=\"excel'de basit b\u00f6lme de\u011ferleriyle oran\u0131 hesaplay\u0131n form\u00fcl\u00fc girin\"><\/figure><\/div><h4 class=\"wp-block-heading\"> i\u015fte bu form\u00fcl nas\u0131l i\u015fliyor&#8230;<\/h4><p> Bu form\u00fclde 10&#8217;u 2&#8217;ye b\u00f6ld\u00fck ve kar\u015f\u0131l\u0131\u011f\u0131nda 5 elde ettik. Yani art\u0131k 2&#8217;ye b\u00f6lerek 10 yerine 5 elde ediyoruz. Di\u011fer tarafta da 2 yerine 1 kulland\u0131k. <\/p><div class=\"wp-block-image\"><figure class=\"aligncenter\"><img decoding=\"async\" src=\"https:\/\/exceladvisor.org\/wp-content\/uploads\/2023\/08\/comprendre-comment-utiliser-une-division-simple-pour-calculer-le-rapport-dans-Excel-1.png\" sizes=\"\" srcset=\"\" alt=\"Excel'de oran\u0131 hesaplamak i\u00e7in basit b\u00f6lme i\u015fleminin nas\u0131l kullan\u0131laca\u011f\u0131n\u0131 anlamak\"><\/figure><\/div><ul><li> <strong>PRO<\/strong> : #1. Uygulamas\u0131 basit. #2. Anlamas\u0131 kolay.<\/li><li> <strong>KAR\u015eI:<\/strong> #1. S\u0131n\u0131rl\u0131 kullan\u0131m. #2. En b\u00fcy\u00fck de\u011fer en k\u00fc\u00e7\u00fck de\u011fere b\u00f6l\u00fcnemiyorsa ge\u00e7erli de\u011fildir.<\/li><\/ul><h2 class=\"wp-block-heading\"> 2. Excel&#8217;de Oran\u0131 Hesaplamak i\u00e7in GCD \u0130\u015flevi<\/h2><p> Dedi\u011fim gibi Excel&#8217;de oran\u0131 sizin i\u00e7in hesaplayacak tek bir fonksiyon yok. Ancak GCD i\u015flevi olduk\u00e7a yak\u0131nd\u0131r.<\/p><p> Bu, iki de\u011fer i\u00e7in ortak bir adland\u0131rma elde etmenize yard\u0131mc\u0131 olabilir ve ard\u0131ndan biraz birle\u015ftirme kullanarak oran\u0131 hesaplayabilirsiniz. <\/p><div class=\"wp-block-image\"><figure class=\"aligncenter\"><img decoding=\"async\" src=\"https:\/\/exceladvisor.org\/wp-content\/uploads\/2023\/08\/calculer-la-ration-dans-excel-avec-les-valeurs-de-la-fonction-pgcd-1.png\" sizes=\"\" srcset=\"\" alt=\"gcd i\u015flev de\u011ferleriyle excel'deki raporu hesaplay\u0131n\"><\/figure><\/div><p> Oran\u0131 hesaplamak i\u00e7in a\u015fa\u011f\u0131daki form\u00fcl\u00fc h\u00fccreye yerle\u015ftirin ve Enter tu\u015funa bas\u0131n. <\/p><pre class=\"wp-block-code\"> <code class=\"language-excel-formula\" lang=\"excel-formula\">=A2\/GCD(A2,B2)&amp;\":\"&amp;B2\/GCD(A2,B2)<\/code><\/pre><div class=\"wp-block-image\"><figure class=\"aligncenter\"><img decoding=\"async\" src=\"https:\/\/exceladvisor.org\/wp-content\/uploads\/2023\/08\/calculer-le-rapport-dans-excel-avec-simple-avec-les-valeurs-de-la-fonction-pgcd-entrer-la-formule-1.png\" sizes=\"\" srcset=\"\" alt=\"excel'de oran\u0131 hesaplamak i\u00e7in gcd fonksiyon de\u011ferleri ile basit form\u00fcl girin\"><\/figure><\/div><h4 id=\"tab-con-7\" class=\"wp-block-heading\"> i\u015fte bu form\u00fcl nas\u0131l i\u015fliyor&#8230;<\/h4><p> Belki bu size karma\u015f\u0131k g\u00f6r\u00fcnebilir ama asl\u0131nda basittir. Bunu iki b\u00f6l\u00fcm halinde a\u00e7\u0131klayay\u0131m. <\/p><div class=\"wp-block-image\"><figure class=\"aligncenter\"><img decoding=\"async\" src=\"https:\/\/exceladvisor.org\/wp-content\/uploads\/2023\/08\/comprendre-comment-utiliser-pgcd-pour-calculer-le-ratio-dans-excel-1.png\" sizes=\"\" srcset=\"\" alt=\"excel'de oran\u0131 hesaplamak i\u00e7in gcd'nin nas\u0131l kullan\u0131laca\u011f\u0131n\u0131 anlamak\"><\/figure><\/div><p> Dedi\u011fim gibi GCD size her iki de\u011fer i\u00e7in de ortak bir payda verebilir. Yani burada ortak bir payda elde etmek i\u00e7in form\u00fcl\u00fcn her iki k\u0131sm\u0131nda da GCD&#8217;yi kullanman\u0131z gerekiyor.<\/p><p> Bundan sonra her iki de\u011feri de bu ortak paydayla b\u00f6lmeniz gerekiyor. Ve sonunda, iki de\u011feri iki nokta \u00fcst \u00fcste kullanarak birle\u015ftirmek i\u00e7in k\u00fc\u00e7\u00fck bir birle\u015ftirme.<\/p><ul><li> <strong>PRO<\/strong> : #1. Bu dinamik bir form\u00fcld\u00fcr, de\u011ferleri de\u011fi\u015ftirmenizin bir \u00f6nemi yoktur. #2 Uygulamas\u0131 kolayd\u0131r.<\/li><li> <strong>KAR\u015eI:<\/strong> #1. GCD i\u015flevi yaln\u0131zca tam say\u0131larla \u00e7al\u0131\u015f\u0131r ve de\u011ferlerinizde ondal\u0131k say\u0131lar varsa \u00e7al\u0131\u015fmaz.<\/li><\/ul><h2 id=\"tab-con-3\" class=\"wp-block-heading\"> 3. Oran hesaplamas\u0131 i\u00e7in REPLACE ve TEXT<\/h2><p> \u0130ki etkileyici fonksiyonun birle\u015fimi. Evet, oran\u0131 hesaplamak i\u00e7in DE\u011e\u0130\u015eT\u0130R ve MET\u0130N i\u015flevlerini kullanabilirsiniz. Bu y\u00f6ntem t\u0131pk\u0131 GCD i\u015flevi gibi bir cazibe gibi \u00e7al\u0131\u015f\u0131r. Burada oran\u0131 hesaplamak i\u00e7in a\u015fa\u011f\u0131daki de\u011ferlere sahibiz. <\/p><div class=\"wp-block-image\"><figure class=\"aligncenter\"><img decoding=\"async\" src=\"https:\/\/exceladvisor.org\/wp-content\/uploads\/2023\/08\/calculer-la-ration-dans-Excel-avec-des-valeurs-de-substitution-de-texte-1.png\" sizes=\"\" srcset=\"\" alt=\"Excel'de metin de\u011fi\u015ftirme de\u011ferleriyle oran\u0131 hesaplay\u0131n\"><\/figure><\/div><p> Bir h\u00fccreye a\u015fa\u011f\u0131daki form\u00fcl\u00fc ekleyin ve Enter tu\u015funa bas\u0131n. <\/p><pre class=\"wp-block-code\"> <code class=\"language-excel-formula\" lang=\"excel-formula\">=SUBSTITUTE(TEXT(A2\/B2,\"#####\/#####\"),\"\/\",\":\")<\/code><\/pre><div class=\"wp-block-image\"><figure class=\"aligncenter\"><img decoding=\"async\" src=\"https:\/\/exceladvisor.org\/wp-content\/uploads\/2023\/08\/calculer-le-rapport-dans-excel-avec-la-formule-des-valeurs-de-remplacement-de-texte-1.png\" sizes=\"\" srcset=\"\" alt=\"metin de\u011fi\u015ftirme de\u011ferleri form\u00fcl\u00fc ile excel'de raporu hesaplay\u0131n\"><\/figure><\/div><h4 id=\"tab-con-9\" class=\"wp-block-heading\"> i\u015fte bu form\u00fcl nas\u0131l i\u015fliyor&#8230;<\/h4><p> Bu form\u00fcl ayn\u0131 zamanda MET\u0130N ve DE\u011e\u0130\u015eT\u0130RME olmak \u00fczere iki farkl\u0131 \u00e7al\u0131\u015fma b\u00f6l\u00fcm\u00fcnde de \u00e7al\u0131\u015f\u0131r. <\/p><div class=\"wp-block-image\"><figure class=\"aligncenter\"><img decoding=\"async\" src=\"https:\/\/exceladvisor.org\/wp-content\/uploads\/2023\/08\/comprendre-comment-utiliser-le-texte-de-remplacement-pour-calculer-le-ratio-dans-Excel-1.png\" sizes=\"\" srcset=\"\" alt=\"Excel'de oran\u0131 hesaplamak i\u00e7in alternatif metnin nas\u0131l kullan\u0131laca\u011f\u0131n\u0131 anlay\u0131n\"><\/figure><\/div><p> \u00d6ncelikle iki say\u0131y\u0131 b\u00f6lmek i\u00e7in metin i\u015flevini kullanman\u0131z ve ard\u0131ndan d\u00f6n\u00fc\u015f de\u011ferini kesirli bi\u00e7imde bi\u00e7imlendirmeniz gerekir.<\/p><p> \u0130kinci olarak iki de\u011feri b\u00f6lerek 10 elde edersiniz ve bu de\u011feri kesirli k\u0131sma \u00e7evirdi\u011finizde 10\/1 elde edersiniz.<\/p><p> \u00dc\u00e7\u00fcnc\u00fcs\u00fc, e\u011fik \u00e7izgiyi iki nokta \u00fcst \u00fcste ile de\u011fi\u015ftirin. Ve bunun i\u00e7in bir ikame fonksiyonumuz var.<\/p><ul><li> <strong>Avantajlar\u0131:<\/strong> #1. De\u011ferleri de\u011fi\u015ftirseniz bile dinamik bir form\u00fcl \u00f6nemli de\u011fildir. #2. Kullan\u0131m\u0131 ve anla\u015f\u0131lmas\u0131 basit.<\/li><li> <strong>Dezavantajlar\u0131:<\/strong> Oran hesaplamak i\u00e7in basit de\u011ferleriniz varsa bu y\u00f6ntemi kullanmak iyi de\u011fildir.<\/li><\/ul><h2 id=\"tab-con-4\" class=\"wp-block-heading\"> 4. Oran\u0131 Round i\u015fleviyle hesaplay\u0131n<\/h2><p> Oran hesaplamak i\u00e7in yuvarlama fonksiyonunun kullan\u0131lmas\u0131 da yararl\u0131 bir y\u00f6ntemdir. Bu, \u00f6zellikle kesin kar\u015f\u0131la\u015ft\u0131rma i\u00e7in ondal\u0131k say\u0131larla oranlar\u0131 hesaplamak istedi\u011finizde kullan\u0131\u015fl\u0131d\u0131r.<\/p><p> Burada en b\u00fcy\u00fck de\u011ferin en k\u00fc\u00e7\u00fck de\u011fere b\u00f6l\u00fcnemedi\u011fi de\u011ferlerimiz var. Yani bu durumda onlar\u0131 oldu\u011fu gibi kullanmak yerine b\u00f6lebilir ve son oran\u0131 ondal\u0131k say\u0131larla g\u00f6r\u00fcnt\u00fcleyebilirsiniz. <\/p><div class=\"wp-block-image\"><figure class=\"aligncenter\"><img decoding=\"async\" src=\"https:\/\/exceladvisor.org\/wp-content\/uploads\/2023\/08\/calculer-le-ratio-dans-excel-avec-des-valeurs-rondes-1.png\" sizes=\"\" srcset=\"\" alt=\"excel'de yuvarlak de\u011ferlerle oran\u0131 hesaplama\"><\/figure><\/div><p> A\u015fa\u011f\u0131daki form\u00fcl\u00fc h\u00fccreye ekleyip Enter tu\u015funa basman\u0131z yeterlidir. <\/p><pre class=\"wp-block-code\"> <code class=\"language-excel-formula\" lang=\"excel-formula\">=ROUND(A2\/B2,1)&amp;\":\"&amp;1<\/code><\/pre><div class=\"wp-block-image\"><figure class=\"aligncenter\"><img decoding=\"async\" src=\"https:\/\/exceladvisor.org\/wp-content\/uploads\/2023\/08\/calculer-le-ratio-dans-excel-avec-des-valeurs-rondes-1.png\" sizes=\"\" srcset=\"\" alt=\"yuvarlak de\u011ferler form\u00fcl\u00fc ile excel'de oran hesaplama\"><\/figure><\/div><p> Ve burada ondal\u0131k say\u0131lar\u0131 i\u00e7eren bir raporunuz var.<\/p><h4 id=\"tab-con-10\" class=\"wp-block-heading\"> i\u015fte bu form\u00fcl nas\u0131l i\u015fliyor&#8230;<\/h4><p> Bu form\u00fcl\u00fc anlamak i\u00e7in iki farkl\u0131 par\u00e7aya b\u00f6lebilirsiniz. <strong>\u00d6ncelikle<\/strong> , b\u00fcy\u00fck de\u011feri k\u00fc\u00e7\u00fck de\u011fere b\u00f6lmek ve sonucu bir ondal\u0131k basama\u011fa \u00e7\u0131karmak i\u00e7in yuvarlama i\u015flevini kullanman\u0131z gerekir. <strong>\u0130kincisi<\/strong> , iki nokta \u00fcst \u00fcste ve sonunda &#8220;1&#8221; kullanmal\u0131s\u0131n\u0131z.<\/p><ul><li> <strong>Avantajlar\u0131:<\/strong> #1. Ondal\u0131k basamaklarla sonu\u00e7 almak istedi\u011finizde kullan\u0131\u015fl\u0131d\u0131r. #2. Nihai de\u011fer daha kesin olacakt\u0131r.<\/li><li> <strong>KAR\u015eI:<\/strong> #1. Her durumda ge\u00e7erli de\u011fildir. <\/li><\/ul><div class=\"gb-container gb-container-52dfcee1 gb-container-sample-file\"><h2 class=\"gb-headline gb-headline-e289c143 gb-headline-text gb-headline-4f7959c2\"> Excel dosyas\u0131n\u0131 al\u0131n<\/h2><p> <a class=\"gb-button gb-button-e88d6bee gb-button-text gb-button-button1\" href=\"https:\/\/exceladvisor.org\/wp-content\/uploads\/2023\/11\/calculer-le-ratio-dans-des-exemples-de-donnees-Excel.xlsx\" rel=\"nofollow\">\u0130ndirmek<\/a><\/p><\/div><h2 class=\"wp-block-heading\"> \u00c7\u00f6z\u00fcm<\/h2><p> Oran, dedi\u011fim gibi, iki de\u011feri birbiriyle kar\u015f\u0131la\u015ft\u0131rmak i\u00e7in kullan\u0131\u015fl\u0131 bir y\u00f6ntemdir. Ve art\u0131k bunu favori uygulaman\u0131zda, evet Excel&#8217;de hesaplamak i\u00e7in farkl\u0131 y\u00f6ntemleriniz var.<\/p><p> Yukar\u0131da kulland\u0131\u011f\u0131m\u0131z t\u00fcm y\u00f6ntemler, farkl\u0131 durumlarda farkl\u0131 de\u011fer t\u00fcrleriyle oranlar\u0131 hesaplaman\u0131za yard\u0131mc\u0131 olabilir.<\/p><p> Umar\u0131m bu i\u015finizde size yard\u0131mc\u0131 olur. \u015eimdi bana bir \u015fey s\u00f6yle. Oran\u0131 hesaplamak i\u00e7in ba\u015fka bir y\u00f6nteminiz var m\u0131? L\u00fctfen yorum b\u00f6l\u00fcm\u00fcnde benimle payla\u015f\u0131n, sizden haber almay\u0131 \u00e7ok isterim.<\/p><p> Ve bu ipucunu arkada\u015flar\u0131n\u0131zla payla\u015fmay\u0131 unutmay\u0131n. Eminim takdir edeceklerdir. <\/p><div class=\"wp-block-group more-tutorials is-layout-flow\"><div class=\"wp-block-group__inner-container\"><h2 class=\"wp-block-heading\"> Daha fazla form\u00fcl<\/h2><ul><li> <a href=\"https:\/\/exceladvisor.org\/tr\/ortalama-maksimum-degerler\/\">Excel&#8217;deki En \u0130yi 5 De\u011fer<\/a><\/li><li> <a href=\"https:\/\/exceladvisor.org\/tr\/varyasyon-katsayisi\/\">Excel&#8217;de varyasyon katsay\u0131s\u0131 (CV)<\/a><\/li><li> <a href=\"https:\/\/exceladvisor.org\/tr\/maksimum-ise\/\">Excel&#8217;de MAX IF<\/a><\/li><li> <a href=\"https:\/\/exceladvisor.org\/tr\/en-dusuk-deger\/\">Say\u0131 listesinden en d\u00fc\u015f\u00fck de\u011feri bulun (N)<\/a><\/li><li> <a href=\"https:\/\/exceladvisor.org\/tr\/en-kucuk-deger-2\/\">Bir h\u00fccre aral\u0131\u011f\u0131ndaki en k\u00fc\u00e7\u00fck de\u011feri bulun (en k\u00fc\u00e7\u00fck say\u0131)<\/a><\/li><\/ul><\/div><\/div>","protected":false},"excerpt":{"rendered":"","protected":false},"author":1,"featured_media":0,"parent":0,"menu_order":0,"comment_status":"open","ping_status":"closed","template":"","meta":{"ub_ctt_via":"","footnotes":""},"class_list":["post-1816","page","type-page","status-publish","hentry"],"featured_image_src":null,"yoast_head":"<!-- This site is optimized with the Yoast SEO plugin v25.4 - https:\/\/yoast.com\/wordpress\/plugins\/seo\/ -->\n<title>Excel&#039;deki oran h\u0131zl\u0131 bir \u015fekilde nas\u0131l hesaplan\u0131r? (2023 K\u0131lavuzu)<\/title>\n<meta name=\"description\" content=\"Excel s\u00f6z konusu oldu\u011funda oran hesaplamam\u0131za yard\u0131mc\u0131 olabilecek herhangi bir spesifik fonksiyonumuz yok.\" \/>\n<meta name=\"robots\" content=\"index, follow, max-snippet:-1, max-image-preview:large, max-video-preview:-1\" \/>\n<link rel=\"canonical\" href=\"https:\/\/exceladvisor.org\/tr\/rapor\/\" \/>\n<meta property=\"og:locale\" content=\"tr_TR\" \/>\n<meta property=\"og:type\" content=\"article\" \/>\n<meta property=\"og:title\" content=\"Excel&#039;deki oran h\u0131zl\u0131 bir \u015fekilde nas\u0131l hesaplan\u0131r? (2023 K\u0131lavuzu)\" \/>\n<meta property=\"og:description\" content=\"Excel s\u00f6z konusu oldu\u011funda oran hesaplamam\u0131za yard\u0131mc\u0131 olabilecek herhangi bir spesifik fonksiyonumuz yok.\" \/>\n<meta property=\"og:url\" content=\"https:\/\/exceladvisor.org\/tr\/rapor\/\" \/>\n<meta property=\"og:site_name\" content=\"Excel Advisor\" \/>\n<meta property=\"article:modified_time\" content=\"2023-12-10T06:03:38+00:00\" \/>\n<meta property=\"og:image\" content=\"https:\/\/exceladvisor.org\/wp-content\/uploads\/2023\/08\/calculer-le-rapport-dans-excel-avec-des-valeurs-de-division-simples-1.png\" \/>\n<meta name=\"twitter:card\" content=\"summary_large_image\" \/>\n<meta name=\"twitter:label1\" content=\"Tahmini okuma s\u00fcresi\" \/>\n\t<meta name=\"twitter:data1\" content=\"5 dakika\" \/>\n<script type=\"application\/ld+json\" class=\"yoast-schema-graph\">{\"@context\":\"https:\/\/schema.org\",\"@graph\":[{\"@type\":\"WebPage\",\"@id\":\"https:\/\/exceladvisor.org\/tr\/rapor\/\",\"url\":\"https:\/\/exceladvisor.org\/tr\/rapor\/\",\"name\":\"Excel&#39;deki oran h\u0131zl\u0131 bir \u015fekilde nas\u0131l hesaplan\u0131r? (2023 K\u0131lavuzu)\",\"isPartOf\":{\"@id\":\"https:\/\/exceladvisor.org\/tr\/#website\"},\"primaryImageOfPage\":{\"@id\":\"https:\/\/exceladvisor.org\/tr\/rapor\/#primaryimage\"},\"image\":{\"@id\":\"https:\/\/exceladvisor.org\/tr\/rapor\/#primaryimage\"},\"thumbnailUrl\":\"https:\/\/exceladvisor.org\/wp-content\/uploads\/2023\/08\/calculer-le-rapport-dans-excel-avec-des-valeurs-de-division-simples-1.png\",\"datePublished\":\"2023-11-02T14:35:11+00:00\",\"dateModified\":\"2023-12-10T06:03:38+00:00\",\"description\":\"Excel s\u00f6z konusu oldu\u011funda oran hesaplamam\u0131za yard\u0131mc\u0131 olabilecek herhangi bir spesifik fonksiyonumuz yok.\",\"breadcrumb\":{\"@id\":\"https:\/\/exceladvisor.org\/tr\/rapor\/#breadcrumb\"},\"inLanguage\":\"tr\",\"potentialAction\":[{\"@type\":\"ReadAction\",\"target\":[\"https:\/\/exceladvisor.org\/tr\/rapor\/\"]}]},{\"@type\":\"ImageObject\",\"inLanguage\":\"tr\",\"@id\":\"https:\/\/exceladvisor.org\/tr\/rapor\/#primaryimage\",\"url\":\"https:\/\/exceladvisor.org\/wp-content\/uploads\/2023\/08\/calculer-le-rapport-dans-excel-avec-des-valeurs-de-division-simples-1.png\",\"contentUrl\":\"https:\/\/exceladvisor.org\/wp-content\/uploads\/2023\/08\/calculer-le-rapport-dans-excel-avec-des-valeurs-de-division-simples-1.png\"},{\"@type\":\"BreadcrumbList\",\"@id\":\"https:\/\/exceladvisor.org\/tr\/rapor\/#breadcrumb\",\"itemListElement\":[{\"@type\":\"ListItem\",\"position\":1,\"name\":\"Ev\",\"item\":\"https:\/\/exceladvisor.org\/tr\/\"},{\"@type\":\"ListItem\",\"position\":2,\"name\":\"Excel&#39;deki oran h\u0131zl\u0131 bir \u015fekilde nas\u0131l hesaplan\u0131r?\"}]},{\"@type\":\"WebSite\",\"@id\":\"https:\/\/exceladvisor.org\/tr\/#website\",\"url\":\"https:\/\/exceladvisor.org\/tr\/\",\"name\":\"Excel Advisor\",\"description\":\"Veri hakimiyetine y\u00f6nelik nihai rehberiniz!\",\"publisher\":{\"@id\":\"https:\/\/exceladvisor.org\/tr\/#organization\"},\"potentialAction\":[{\"@type\":\"SearchAction\",\"target\":{\"@type\":\"EntryPoint\",\"urlTemplate\":\"https:\/\/exceladvisor.org\/tr\/?s={search_term_string}\"},\"query-input\":{\"@type\":\"PropertyValueSpecification\",\"valueRequired\":true,\"valueName\":\"search_term_string\"}}],\"inLanguage\":\"tr\"},{\"@type\":\"Organization\",\"@id\":\"https:\/\/exceladvisor.org\/tr\/#organization\",\"name\":\"Excel Advisor\",\"url\":\"https:\/\/exceladvisor.org\/tr\/\",\"logo\":{\"@type\":\"ImageObject\",\"inLanguage\":\"tr\",\"@id\":\"https:\/\/exceladvisor.org\/tr\/#\/schema\/logo\/image\/\",\"url\":\"https:\/\/exceladvisor.org\/tr\/wp-content\/uploads\/2023\/12\/exceladvisor.org_.png\",\"contentUrl\":\"https:\/\/exceladvisor.org\/tr\/wp-content\/uploads\/2023\/12\/exceladvisor.org_.png\",\"width\":105,\"height\":36,\"caption\":\"Excel Advisor\"},\"image\":{\"@id\":\"https:\/\/exceladvisor.org\/tr\/#\/schema\/logo\/image\/\"}}]}<\/script>\n<!-- \/ Yoast SEO plugin. -->","yoast_head_json":{"title":"Excel&#39;deki oran h\u0131zl\u0131 bir \u015fekilde nas\u0131l hesaplan\u0131r? (2023 K\u0131lavuzu)","description":"Excel s\u00f6z konusu oldu\u011funda oran hesaplamam\u0131za yard\u0131mc\u0131 olabilecek herhangi bir spesifik fonksiyonumuz yok.","robots":{"index":"index","follow":"follow","max-snippet":"max-snippet:-1","max-image-preview":"max-image-preview:large","max-video-preview":"max-video-preview:-1"},"canonical":"https:\/\/exceladvisor.org\/tr\/rapor\/","og_locale":"tr_TR","og_type":"article","og_title":"Excel&#39;deki oran h\u0131zl\u0131 bir \u015fekilde nas\u0131l hesaplan\u0131r? (2023 K\u0131lavuzu)","og_description":"Excel s\u00f6z konusu oldu\u011funda oran hesaplamam\u0131za yard\u0131mc\u0131 olabilecek herhangi bir spesifik fonksiyonumuz yok.","og_url":"https:\/\/exceladvisor.org\/tr\/rapor\/","og_site_name":"Excel Advisor","article_modified_time":"2023-12-10T06:03:38+00:00","og_image":[{"url":"https:\/\/exceladvisor.org\/wp-content\/uploads\/2023\/08\/calculer-le-rapport-dans-excel-avec-des-valeurs-de-division-simples-1.png","type":"","width":"","height":""}],"twitter_card":"summary_large_image","twitter_misc":{"Tahmini okuma s\u00fcresi":"5 dakika"},"schema":{"@context":"https:\/\/schema.org","@graph":[{"@type":"WebPage","@id":"https:\/\/exceladvisor.org\/tr\/rapor\/","url":"https:\/\/exceladvisor.org\/tr\/rapor\/","name":"Excel&#39;deki oran h\u0131zl\u0131 bir \u015fekilde nas\u0131l hesaplan\u0131r? (2023 K\u0131lavuzu)","isPartOf":{"@id":"https:\/\/exceladvisor.org\/tr\/#website"},"primaryImageOfPage":{"@id":"https:\/\/exceladvisor.org\/tr\/rapor\/#primaryimage"},"image":{"@id":"https:\/\/exceladvisor.org\/tr\/rapor\/#primaryimage"},"thumbnailUrl":"https:\/\/exceladvisor.org\/wp-content\/uploads\/2023\/08\/calculer-le-rapport-dans-excel-avec-des-valeurs-de-division-simples-1.png","datePublished":"2023-11-02T14:35:11+00:00","dateModified":"2023-12-10T06:03:38+00:00","description":"Excel s\u00f6z konusu oldu\u011funda oran hesaplamam\u0131za yard\u0131mc\u0131 olabilecek herhangi bir spesifik fonksiyonumuz yok.","breadcrumb":{"@id":"https:\/\/exceladvisor.org\/tr\/rapor\/#breadcrumb"},"inLanguage":"tr","potentialAction":[{"@type":"ReadAction","target":["https:\/\/exceladvisor.org\/tr\/rapor\/"]}]},{"@type":"ImageObject","inLanguage":"tr","@id":"https:\/\/exceladvisor.org\/tr\/rapor\/#primaryimage","url":"https:\/\/exceladvisor.org\/wp-content\/uploads\/2023\/08\/calculer-le-rapport-dans-excel-avec-des-valeurs-de-division-simples-1.png","contentUrl":"https:\/\/exceladvisor.org\/wp-content\/uploads\/2023\/08\/calculer-le-rapport-dans-excel-avec-des-valeurs-de-division-simples-1.png"},{"@type":"BreadcrumbList","@id":"https:\/\/exceladvisor.org\/tr\/rapor\/#breadcrumb","itemListElement":[{"@type":"ListItem","position":1,"name":"Ev","item":"https:\/\/exceladvisor.org\/tr\/"},{"@type":"ListItem","position":2,"name":"Excel&#39;deki oran h\u0131zl\u0131 bir \u015fekilde nas\u0131l hesaplan\u0131r?"}]},{"@type":"WebSite","@id":"https:\/\/exceladvisor.org\/tr\/#website","url":"https:\/\/exceladvisor.org\/tr\/","name":"Excel Advisor","description":"Veri hakimiyetine y\u00f6nelik nihai rehberiniz!","publisher":{"@id":"https:\/\/exceladvisor.org\/tr\/#organization"},"potentialAction":[{"@type":"SearchAction","target":{"@type":"EntryPoint","urlTemplate":"https:\/\/exceladvisor.org\/tr\/?s={search_term_string}"},"query-input":{"@type":"PropertyValueSpecification","valueRequired":true,"valueName":"search_term_string"}}],"inLanguage":"tr"},{"@type":"Organization","@id":"https:\/\/exceladvisor.org\/tr\/#organization","name":"Excel Advisor","url":"https:\/\/exceladvisor.org\/tr\/","logo":{"@type":"ImageObject","inLanguage":"tr","@id":"https:\/\/exceladvisor.org\/tr\/#\/schema\/logo\/image\/","url":"https:\/\/exceladvisor.org\/tr\/wp-content\/uploads\/2023\/12\/exceladvisor.org_.png","contentUrl":"https:\/\/exceladvisor.org\/tr\/wp-content\/uploads\/2023\/12\/exceladvisor.org_.png","width":105,"height":36,"caption":"Excel Advisor"},"image":{"@id":"https:\/\/exceladvisor.org\/tr\/#\/schema\/logo\/image\/"}}]}},"yoast_meta":{"yoast_wpseo_title":"","yoast_wpseo_metadesc":"","yoast_wpseo_canonical":""},"_links":{"self":[{"href":"https:\/\/exceladvisor.org\/tr\/wp-json\/wp\/v2\/pages\/1816","targetHints":{"allow":["GET"]}}],"collection":[{"href":"https:\/\/exceladvisor.org\/tr\/wp-json\/wp\/v2\/pages"}],"about":[{"href":"https:\/\/exceladvisor.org\/tr\/wp-json\/wp\/v2\/types\/page"}],"author":[{"embeddable":true,"href":"https:\/\/exceladvisor.org\/tr\/wp-json\/wp\/v2\/users\/1"}],"replies":[{"embeddable":true,"href":"https:\/\/exceladvisor.org\/tr\/wp-json\/wp\/v2\/comments?post=1816"}],"version-history":[{"count":1,"href":"https:\/\/exceladvisor.org\/tr\/wp-json\/wp\/v2\/pages\/1816\/revisions"}],"predecessor-version":[{"id":2665,"href":"https:\/\/exceladvisor.org\/tr\/wp-json\/wp\/v2\/pages\/1816\/revisions\/2665"}],"wp:attachment":[{"href":"https:\/\/exceladvisor.org\/tr\/wp-json\/wp\/v2\/media?parent=1816"}],"curies":[{"name":"wp","href":"https:\/\/api.w.org\/{rel}","templated":true}]}}