{"id":1817,"date":"2023-11-02T05:46:50","date_gmt":"2023-11-02T05:46:50","guid":{"rendered":"https:\/\/exceladvisor.org\/tr\/hata-yok\/"},"modified":"2023-12-10T06:00:03","modified_gmt":"2023-12-10T06:00:03","slug":"hata-yok","status":"publish","type":"page","link":"https:\/\/exceladvisor.org\/tr\/hata-yok\/","title":{"rendered":"Excel&#39;de #yok hatas\u0131 nas\u0131l d\u00fczeltilir?"},"content":{"rendered":"<div class=\"excel-icerikten-once\" id=\"excel-295133850\"><script type=\"text\/javascript\">\r\n\tatOptions = {\r\n\t\t'key' : 'c1158f160081d6540a8409e6925dab94',\r\n\t\t'format' : 'iframe',\r\n\t\t'height' : 250,\r\n\t\t'width' : 300,\r\n\t\t'params' : {}\r\n\t};\r\n<\/script>\r\n<script type=\"text\/javascript\" src=\"\/\/www.highperformanceformat.com\/c1158f160081d6540a8409e6925dab94\/invoke.js\"><\/script><\/div> <p>#N\/A ile u\u011fra\u015f\u0131rken iki durum vard\u0131r:<\/p><ol type=\"1\"><li> #YOK hatas\u0131n\u0131 almak istemezsiniz.<\/li><li> Bunu kullan\u0131c\u0131ya g\u00f6stermek istemezsiniz.<\/li><\/ol><p> Bu e\u011fitim bu durumlarla ba\u015fa \u00e7\u0131kman\u0131za yard\u0131mc\u0131 olacakt\u0131r.<\/p><h2 id=\"h-n-a-error-what-does-it-mean\" class=\"wp-block-heading\"> Hata #Yok \u2013 Bu ne anlama geliyor?<\/h2><p> Ad\u0131ndan da anla\u015f\u0131laca\u011f\u0131 gibi \u201cMevcut De\u011fil\u201d. Excel&#8217;de bulma i\u015flevlerini kullanarak bir de\u011fer arad\u0131\u011f\u0131n\u0131zda ve bu de\u011fer listede veya aral\u0131kta bulunamad\u0131\u011f\u0131nda, form\u00fcl\u00fcn\u00fcz sonucu b\u00fcy\u00fck olas\u0131l\u0131kla #YOK hatas\u0131 olarak d\u00f6nd\u00fcrecektir. <\/p><div class=\"wp-block-image\"><figure class=\"aligncenter size-full is-resized\"><img loading=\"lazy\" decoding=\"async\" class=\"wp-image-82470\" src=\"https:\/\/exceladvisor.org\/wp-content\/uploads\/2023\/08\/1-na-erreur.png\" sizes=\"auto, \" srcset=\"\" alt=\"hata yok\" width=\"522\" height=\"307\"><\/figure><\/div><h2 id=\"h-when-you-get-the-n-a\" class=\"wp-block-heading\"> #Yok ifadesini ne zaman alacaks\u0131n\u0131z?<\/h2><p> Yukar\u0131daki \u00f6rnekte A s\u00fctununda 7 de\u011ferini bulmak i\u00e7in D\u00dc\u015eEYARA&#8217;y\u0131 kulland\u0131k. Ancak g\u00f6rebilece\u011finiz gibi &#8220;7&#8221; aral\u0131kta de\u011fil ve form\u00fcl sonu\u00e7ta #N\/A de\u011ferini d\u00f6nd\u00fcr\u00fcyor. <\/p><div class=\"wp-block-image\"><figure class=\"aligncenter size-full is-resized\"><img loading=\"lazy\" decoding=\"async\" class=\"wp-image-82472\" src=\"https:\/\/exceladvisor.org\/wp-content\/uploads\/2023\/08\/2-quand-tu-recois-na.png\" sizes=\"auto, \" srcset=\"\" alt=\"ne zaman-alacaks\u0131n\" width=\"555\" height=\"325\"><\/figure><\/div><p> Benzer \u015fekilde, MATCH i\u015flevini kulland\u0131\u011f\u0131n\u0131zda ve &#8220;7&#8221; i\u00e7in bir e\u015fle\u015fme elde etmeye \u00e7al\u0131\u015ft\u0131\u011f\u0131n\u0131zda form\u00fcl, sonu\u00e7ta #YOK de\u011ferini d\u00f6nd\u00fcr\u00fcr. <\/p><div class=\"wp-block-image\"><figure class=\"aligncenter size-full is-resized\"><img loading=\"lazy\" decoding=\"async\" class=\"wp-image-82473\" src=\"https:\/\/exceladvisor.org\/wp-content\/uploads\/2023\/08\/3-utiliser-la-fonction-match.png\" sizes=\"auto, \" srcset=\"\" alt=\"e\u015fle\u015ftirme i\u015flevini kullan\" width=\"544\" height=\"346\"><\/figure><\/div><p> Bunun d\u0131\u015f\u0131nda HLOOKUP, SEARCH ve INDEX+MATCH gibi ba\u015fka bir ARAMA form\u00fcl\u00fcn\u00fc kullan\u0131rsan\u0131z da ayn\u0131 hatay\u0131 al\u0131rs\u0131n\u0131z.<\/p><p class=\"qt-tip\"> <strong>Not:<\/strong> XLOOKUP ile arad\u0131\u011f\u0131n\u0131z de\u011ferin arama aral\u0131\u011f\u0131nda olmamas\u0131 durumunda alaca\u011f\u0131n\u0131z de\u011ferleri ayarlaman\u0131za olanak tan\u0131yan yerle\u015fik bir arg\u00fcman\u0131n\u0131z olur.<\/p><h2 id=\"h-how-to-deal-with-n-a\" class=\"wp-block-heading\"> #N\/A nas\u0131l y\u00f6netilir?<\/h2><p> \u0130ki \u00f6zel i\u015flevi kullanabilirsiniz.<\/p><h3 id=\"h-ifna-only-for-n-a-error\" class=\"wp-block-heading\"> IFNA: Yaln\u0131zca #Yok hatas\u0131 i\u00e7in<\/h3><p> A\u015fa\u011f\u0131daki \u00f6rnekte MATCH&#8217;i IFNA ile sararak kulland\u0131k. IFNA&#8217;da ilk ba\u011f\u0131ms\u0131z de\u011fi\u015fken, MATCH i\u015flevini ve MATCH&#8217;in #N\/A de\u011ferini d\u00f6nd\u00fcrmesi durumunda d\u00f6nd\u00fcr\u00fclecek bir de\u011feri kulland\u0131. <\/p><div class=\"wp-block-image\"><figure class=\"aligncenter size-full is-resized\"><img loading=\"lazy\" decoding=\"async\" class=\"wp-image-82475\" src=\"https:\/\/exceladvisor.org\/wp-content\/uploads\/2023\/08\/4-match-avec-ifna.png\" sizes=\"auto, \" srcset=\"\" alt=\"ifna ile e\u015fle\u015f\" width=\"525\" height=\"309\"><\/figure><\/div><h3 id=\"h-iferror-for-all-errors\" class=\"wp-block-heading\"> E\u011eERHATA: t\u00fcm hatalar i\u00e7in<\/h3><p> Ayr\u0131ca a\u015fa\u011f\u0131daki \u00f6rnekte D\u00dc\u015eEYARA ile E\u011eERHATA&#8217;y\u0131 kulland\u0131k. D\u00dc\u015eEYARA&#8217;y\u0131 E\u011eERHATA ile sard\u0131k ve sonu\u00e7ta bir hata olmas\u0131 durumunda d\u00f6nd\u00fcr\u00fclecek de\u011feri belirttik. <\/p><div class=\"wp-block-image\"><figure class=\"aligncenter size-full is-resized\"><img loading=\"lazy\" decoding=\"async\" class=\"wp-image-82476\" src=\"https:\/\/exceladvisor.org\/wp-content\/uploads\/2023\/08\/5-iferror-avec-vlookup.png\" sizes=\"auto, \" srcset=\"\" alt=\"vlookup ile iferror\" width=\"577\" height=\"310\"><\/figure><\/div><h2 id=\"h-other-points-to-remember\" class=\"wp-block-heading\"> Hat\u0131rlanmas\u0131 gereken di\u011fer noktalar<\/h2><ol><li> Arad\u0131\u011f\u0131n\u0131z de\u011feri herhangi bir arama i\u015fleviyle kontrol etmek en iyisidir. Yanl\u0131\u015f yaz\u0131lm\u0131\u015f bir de\u011fere sahipseniz ancak do\u011fru de\u011fer oradaysa, bunu bilmeniz zor olacakt\u0131r.<\/li><li> Bazen arad\u0131\u011f\u0131n\u0131z de\u011ferler, arama aral\u0131\u011f\u0131nda sahip olduklar\u0131n\u0131zdan farkl\u0131 bir formatta oldu\u011funda #N\/A hatas\u0131yla kar\u015f\u0131la\u015fabilirsiniz. \u00d6rne\u011fin, bir numara ararsan\u0131z ancak bu numara arama aral\u0131\u011f\u0131na metin olarak kaydedilirse, yine de #YOK hatas\u0131n\u0131 al\u0131rs\u0131n\u0131z.<\/li><li> Arama de\u011ferinde veya arama tablosu de\u011ferlerinde fazladan bo\u015fluk bulunmas\u0131 da #YOK hatas\u0131na neden olabilir. <\/li><\/ol><div class=\"gb-container gb-container-bafb25cc\"><div class=\"gb-grid-wrapper gb-grid-wrapper-91201309\"><div class=\"gb-grid-column gb-grid-column-15a917ef\"><div class=\"gb-container gb-container-15a917ef\"><h2 class=\"gb-headline gb-headline-f2deb261 gb-headline-text\"> \u00d6RNEK DOSYA <\/h2><\/div><\/div><div class=\"gb-grid-column gb-grid-column-18357188\"><div class=\"gb-container gb-container-18357188\"><div class=\"gb-container gb-container-76cbe15e\"> <a class=\"gb-button gb-button-509e8e50 gb-button-lead-button\" href=\"https:\/\/exceladvisor.org\/wp-content\/uploads\/2023\/11\/na-2.xlsx\" rel=\"nofollow\"><span class=\"gb-button-text\">\u0130ndirmek<\/span><\/a><\/div><\/div><\/div><\/div><\/div><div class=\"gb-container gb-container-0df56012 gb-container-mt\"> <a class=\"gb-button gb-button-f9f432f4 gb-button-text gb-button-mt-button\" href=\"https:\/\/exceladvisor.org\/tr\/formuller\/\">Excel form\u00fcllerinin listesi<\/a><h2 class=\"gb-headline gb-headline-233444e8 gb-headline-text gb-headline-mt-heading\"> \u0130lgili form\u00fcller <\/h2><div class=\"gb-grid-wrapper gb-grid-wrapper-a16fa65c gb-grid-wrapper-mt-grid\"><div class=\"gb-grid-column gb-grid-column-50d07e0d\"><div class=\"gb-container gb-container-50d07e0d\"><ul><li> <a href=\"https:\/\/exceladvisor.org\/tr\/bolme-hatasi\/\">Hata #DIV\/0<\/a><\/li><li> <a href=\"https:\/\/exceladvisor.org\/tr\/dokulme-hatasi\/\">#YAYILMAK! Hata<\/a><\/li><li> <a href=\"https:\/\/exceladvisor.org\/tr\/deger-hatasi\/\">#VALUE Hata<\/a><\/li><li> <a href=\"https:\/\/exceladvisor.org\/tr\/hatalari-gormezden-gel\/\">Excel&#8217;deki t\u00fcm hatalar\u0131 yoksay<\/a><\/li><li> <a href=\"https:\/\/exceladvisor.org\/tr\/referans-hatasi\/\">#REF! Hata<\/a> <\/li><\/ul><\/div><\/div><div class=\"gb-grid-column gb-grid-column-5b4a0cf9\"><div class=\"gb-container gb-container-5b4a0cf9\"><\/div><\/div><\/div><\/div>","protected":false},"excerpt":{"rendered":"","protected":false},"author":1,"featured_media":0,"parent":0,"menu_order":0,"comment_status":"open","ping_status":"closed","template":"","meta":{"ub_ctt_via":"","footnotes":""},"class_list":["post-1817","page","type-page","status-publish","hentry"],"featured_image_src":null,"yoast_head":"<!-- This site is optimized with the Yoast SEO plugin v25.4 - https:\/\/yoast.com\/wordpress\/plugins\/seo\/ -->\n<title>Excel&#039;de #YOK hatas\u0131 nas\u0131l d\u00fczeltilir? (E\u011fitim 2023)<\/title>\n<meta name=\"description\" content=\"Bu e\u011fitim, Excel #YOK form\u00fcl hatas\u0131n\u0131 anlaman\u0131za ve d\u00fczeltmenize yard\u0131mc\u0131 olacakt\u0131r. Bunu kontrol edelim...\" \/>\n<meta name=\"robots\" content=\"index, follow, max-snippet:-1, max-image-preview:large, max-video-preview:-1\" \/>\n<link rel=\"canonical\" href=\"https:\/\/exceladvisor.org\/tr\/hata-yok\/\" \/>\n<meta property=\"og:locale\" content=\"tr_TR\" \/>\n<meta property=\"og:type\" content=\"article\" \/>\n<meta property=\"og:title\" content=\"Excel&#039;de #YOK hatas\u0131 nas\u0131l d\u00fczeltilir? (E\u011fitim 2023)\" \/>\n<meta property=\"og:description\" content=\"Bu e\u011fitim, Excel #YOK form\u00fcl hatas\u0131n\u0131 anlaman\u0131za ve d\u00fczeltmenize yard\u0131mc\u0131 olacakt\u0131r. Bunu kontrol edelim...\" \/>\n<meta property=\"og:url\" content=\"https:\/\/exceladvisor.org\/tr\/hata-yok\/\" \/>\n<meta property=\"og:site_name\" content=\"Excel Advisor\" \/>\n<meta property=\"article:modified_time\" content=\"2023-12-10T06:00:03+00:00\" \/>\n<meta property=\"og:image\" content=\"https:\/\/exceladvisor.org\/wp-content\/uploads\/2023\/08\/1-na-erreur.png\" \/>\n<meta name=\"twitter:card\" content=\"summary_large_image\" \/>\n<meta name=\"twitter:label1\" content=\"Tahmini okuma s\u00fcresi\" \/>\n\t<meta name=\"twitter:data1\" content=\"2 dakika\" \/>\n<script type=\"application\/ld+json\" class=\"yoast-schema-graph\">{\"@context\":\"https:\/\/schema.org\",\"@graph\":[{\"@type\":\"WebPage\",\"@id\":\"https:\/\/exceladvisor.org\/tr\/hata-yok\/\",\"url\":\"https:\/\/exceladvisor.org\/tr\/hata-yok\/\",\"name\":\"Excel&#39;de #YOK hatas\u0131 nas\u0131l d\u00fczeltilir? (E\u011fitim 2023)\",\"isPartOf\":{\"@id\":\"https:\/\/exceladvisor.org\/tr\/#website\"},\"primaryImageOfPage\":{\"@id\":\"https:\/\/exceladvisor.org\/tr\/hata-yok\/#primaryimage\"},\"image\":{\"@id\":\"https:\/\/exceladvisor.org\/tr\/hata-yok\/#primaryimage\"},\"thumbnailUrl\":\"https:\/\/exceladvisor.org\/wp-content\/uploads\/2023\/08\/1-na-erreur.png\",\"datePublished\":\"2023-11-02T05:46:50+00:00\",\"dateModified\":\"2023-12-10T06:00:03+00:00\",\"description\":\"Bu e\u011fitim, Excel #YOK form\u00fcl hatas\u0131n\u0131 anlaman\u0131za ve d\u00fczeltmenize yard\u0131mc\u0131 olacakt\u0131r. Bunu kontrol edelim...\",\"breadcrumb\":{\"@id\":\"https:\/\/exceladvisor.org\/tr\/hata-yok\/#breadcrumb\"},\"inLanguage\":\"tr\",\"potentialAction\":[{\"@type\":\"ReadAction\",\"target\":[\"https:\/\/exceladvisor.org\/tr\/hata-yok\/\"]}]},{\"@type\":\"ImageObject\",\"inLanguage\":\"tr\",\"@id\":\"https:\/\/exceladvisor.org\/tr\/hata-yok\/#primaryimage\",\"url\":\"https:\/\/exceladvisor.org\/wp-content\/uploads\/2023\/08\/1-na-erreur.png\",\"contentUrl\":\"https:\/\/exceladvisor.org\/wp-content\/uploads\/2023\/08\/1-na-erreur.png\"},{\"@type\":\"BreadcrumbList\",\"@id\":\"https:\/\/exceladvisor.org\/tr\/hata-yok\/#breadcrumb\",\"itemListElement\":[{\"@type\":\"ListItem\",\"position\":1,\"name\":\"Ev\",\"item\":\"https:\/\/exceladvisor.org\/tr\/\"},{\"@type\":\"ListItem\",\"position\":2,\"name\":\"Excel&#39;de #yok hatas\u0131 nas\u0131l d\u00fczeltilir?\"}]},{\"@type\":\"WebSite\",\"@id\":\"https:\/\/exceladvisor.org\/tr\/#website\",\"url\":\"https:\/\/exceladvisor.org\/tr\/\",\"name\":\"Excel Advisor\",\"description\":\"Veri hakimiyetine y\u00f6nelik nihai rehberiniz!\",\"publisher\":{\"@id\":\"https:\/\/exceladvisor.org\/tr\/#organization\"},\"potentialAction\":[{\"@type\":\"SearchAction\",\"target\":{\"@type\":\"EntryPoint\",\"urlTemplate\":\"https:\/\/exceladvisor.org\/tr\/?s={search_term_string}\"},\"query-input\":{\"@type\":\"PropertyValueSpecification\",\"valueRequired\":true,\"valueName\":\"search_term_string\"}}],\"inLanguage\":\"tr\"},{\"@type\":\"Organization\",\"@id\":\"https:\/\/exceladvisor.org\/tr\/#organization\",\"name\":\"Excel Advisor\",\"url\":\"https:\/\/exceladvisor.org\/tr\/\",\"logo\":{\"@type\":\"ImageObject\",\"inLanguage\":\"tr\",\"@id\":\"https:\/\/exceladvisor.org\/tr\/#\/schema\/logo\/image\/\",\"url\":\"https:\/\/exceladvisor.org\/tr\/wp-content\/uploads\/2023\/12\/exceladvisor.org_.png\",\"contentUrl\":\"https:\/\/exceladvisor.org\/tr\/wp-content\/uploads\/2023\/12\/exceladvisor.org_.png\",\"width\":105,\"height\":36,\"caption\":\"Excel Advisor\"},\"image\":{\"@id\":\"https:\/\/exceladvisor.org\/tr\/#\/schema\/logo\/image\/\"}}]}<\/script>\n<!-- \/ Yoast SEO plugin. -->","yoast_head_json":{"title":"Excel&#39;de #YOK hatas\u0131 nas\u0131l d\u00fczeltilir? (E\u011fitim 2023)","description":"Bu e\u011fitim, Excel #YOK form\u00fcl hatas\u0131n\u0131 anlaman\u0131za ve d\u00fczeltmenize yard\u0131mc\u0131 olacakt\u0131r. Bunu kontrol edelim...","robots":{"index":"index","follow":"follow","max-snippet":"max-snippet:-1","max-image-preview":"max-image-preview:large","max-video-preview":"max-video-preview:-1"},"canonical":"https:\/\/exceladvisor.org\/tr\/hata-yok\/","og_locale":"tr_TR","og_type":"article","og_title":"Excel&#39;de #YOK hatas\u0131 nas\u0131l d\u00fczeltilir? (E\u011fitim 2023)","og_description":"Bu e\u011fitim, Excel #YOK form\u00fcl hatas\u0131n\u0131 anlaman\u0131za ve d\u00fczeltmenize yard\u0131mc\u0131 olacakt\u0131r. Bunu kontrol edelim...","og_url":"https:\/\/exceladvisor.org\/tr\/hata-yok\/","og_site_name":"Excel Advisor","article_modified_time":"2023-12-10T06:00:03+00:00","og_image":[{"url":"https:\/\/exceladvisor.org\/wp-content\/uploads\/2023\/08\/1-na-erreur.png","type":"","width":"","height":""}],"twitter_card":"summary_large_image","twitter_misc":{"Tahmini okuma s\u00fcresi":"2 dakika"},"schema":{"@context":"https:\/\/schema.org","@graph":[{"@type":"WebPage","@id":"https:\/\/exceladvisor.org\/tr\/hata-yok\/","url":"https:\/\/exceladvisor.org\/tr\/hata-yok\/","name":"Excel&#39;de #YOK hatas\u0131 nas\u0131l d\u00fczeltilir? (E\u011fitim 2023)","isPartOf":{"@id":"https:\/\/exceladvisor.org\/tr\/#website"},"primaryImageOfPage":{"@id":"https:\/\/exceladvisor.org\/tr\/hata-yok\/#primaryimage"},"image":{"@id":"https:\/\/exceladvisor.org\/tr\/hata-yok\/#primaryimage"},"thumbnailUrl":"https:\/\/exceladvisor.org\/wp-content\/uploads\/2023\/08\/1-na-erreur.png","datePublished":"2023-11-02T05:46:50+00:00","dateModified":"2023-12-10T06:00:03+00:00","description":"Bu e\u011fitim, Excel #YOK form\u00fcl hatas\u0131n\u0131 anlaman\u0131za ve d\u00fczeltmenize yard\u0131mc\u0131 olacakt\u0131r. Bunu kontrol edelim...","breadcrumb":{"@id":"https:\/\/exceladvisor.org\/tr\/hata-yok\/#breadcrumb"},"inLanguage":"tr","potentialAction":[{"@type":"ReadAction","target":["https:\/\/exceladvisor.org\/tr\/hata-yok\/"]}]},{"@type":"ImageObject","inLanguage":"tr","@id":"https:\/\/exceladvisor.org\/tr\/hata-yok\/#primaryimage","url":"https:\/\/exceladvisor.org\/wp-content\/uploads\/2023\/08\/1-na-erreur.png","contentUrl":"https:\/\/exceladvisor.org\/wp-content\/uploads\/2023\/08\/1-na-erreur.png"},{"@type":"BreadcrumbList","@id":"https:\/\/exceladvisor.org\/tr\/hata-yok\/#breadcrumb","itemListElement":[{"@type":"ListItem","position":1,"name":"Ev","item":"https:\/\/exceladvisor.org\/tr\/"},{"@type":"ListItem","position":2,"name":"Excel&#39;de #yok hatas\u0131 nas\u0131l d\u00fczeltilir?"}]},{"@type":"WebSite","@id":"https:\/\/exceladvisor.org\/tr\/#website","url":"https:\/\/exceladvisor.org\/tr\/","name":"Excel Advisor","description":"Veri hakimiyetine y\u00f6nelik nihai rehberiniz!","publisher":{"@id":"https:\/\/exceladvisor.org\/tr\/#organization"},"potentialAction":[{"@type":"SearchAction","target":{"@type":"EntryPoint","urlTemplate":"https:\/\/exceladvisor.org\/tr\/?s={search_term_string}"},"query-input":{"@type":"PropertyValueSpecification","valueRequired":true,"valueName":"search_term_string"}}],"inLanguage":"tr"},{"@type":"Organization","@id":"https:\/\/exceladvisor.org\/tr\/#organization","name":"Excel Advisor","url":"https:\/\/exceladvisor.org\/tr\/","logo":{"@type":"ImageObject","inLanguage":"tr","@id":"https:\/\/exceladvisor.org\/tr\/#\/schema\/logo\/image\/","url":"https:\/\/exceladvisor.org\/tr\/wp-content\/uploads\/2023\/12\/exceladvisor.org_.png","contentUrl":"https:\/\/exceladvisor.org\/tr\/wp-content\/uploads\/2023\/12\/exceladvisor.org_.png","width":105,"height":36,"caption":"Excel Advisor"},"image":{"@id":"https:\/\/exceladvisor.org\/tr\/#\/schema\/logo\/image\/"}}]}},"yoast_meta":{"yoast_wpseo_title":"","yoast_wpseo_metadesc":"","yoast_wpseo_canonical":""},"_links":{"self":[{"href":"https:\/\/exceladvisor.org\/tr\/wp-json\/wp\/v2\/pages\/1817","targetHints":{"allow":["GET"]}}],"collection":[{"href":"https:\/\/exceladvisor.org\/tr\/wp-json\/wp\/v2\/pages"}],"about":[{"href":"https:\/\/exceladvisor.org\/tr\/wp-json\/wp\/v2\/types\/page"}],"author":[{"embeddable":true,"href":"https:\/\/exceladvisor.org\/tr\/wp-json\/wp\/v2\/users\/1"}],"replies":[{"embeddable":true,"href":"https:\/\/exceladvisor.org\/tr\/wp-json\/wp\/v2\/comments?post=1817"}],"version-history":[{"count":1,"href":"https:\/\/exceladvisor.org\/tr\/wp-json\/wp\/v2\/pages\/1817\/revisions"}],"predecessor-version":[{"id":2374,"href":"https:\/\/exceladvisor.org\/tr\/wp-json\/wp\/v2\/pages\/1817\/revisions\/2374"}],"wp:attachment":[{"href":"https:\/\/exceladvisor.org\/tr\/wp-json\/wp\/v2\/media?parent=1817"}],"curies":[{"name":"wp","href":"https:\/\/api.w.org\/{rel}","templated":true}]}}