{"id":1819,"date":"2023-11-02T03:51:32","date_gmt":"2023-11-02T03:51:32","guid":{"rendered":"https:\/\/exceladvisor.org\/tr\/iki-tarih-arasindaki-yillari-say\/"},"modified":"2023-12-10T06:04:19","modified_gmt":"2023-12-10T06:04:19","slug":"iki-tarih-arasindaki-yillari-say","status":"publish","type":"page","link":"https:\/\/exceladvisor.org\/tr\/iki-tarih-arasindaki-yillari-say\/","title":{"rendered":"I\u0307ki tarih aras\u0131ndaki y\u0131llar nas\u0131l say\u0131l\u0131r?"},"content":{"rendered":"<div class=\"excel-icerikten-once\" id=\"excel-2814485384\"><script type=\"text\/javascript\">\r\n\tatOptions = {\r\n\t\t'key' : 'c1158f160081d6540a8409e6925dab94',\r\n\t\t'format' : 'iframe',\r\n\t\t'height' : 250,\r\n\t\t'width' : 300,\r\n\t\t'params' : {}\r\n\t};\r\n<\/script>\r\n<script type=\"text\/javascript\" src=\"\/\/www.highperformanceformat.com\/c1158f160081d6540a8409e6925dab94\/invoke.js\"><\/script><\/div> <p>Excel&#8217;de, iki tarih aras\u0131ndaki y\u0131l say\u0131s\u0131n\u0131 saymak i\u00e7in TAR\u0130HL\u0130 E\u011eER i\u015flevini kullanabilirsiniz. Bu derste bu say\u0131n\u0131n nas\u0131l al\u0131naca\u011f\u0131n\u0131 \u00f6\u011frenece\u011fiz.<\/p><h2 class=\"wp-block-heading\"> \u0130ki tarih aras\u0131ndaki y\u0131llar<\/h2><p> A\u015fa\u011f\u0131daki \u00f6rnekte bir ba\u015flang\u0131\u00e7 tarihiniz ve bir biti\u015f tarihiniz var. \u015eimdi C1 h\u00fccresinde bu iki tarih aras\u0131ndaki y\u0131llar\u0131 almak i\u00e7in TAR\u0130HL\u0130 E\u011eER i\u015flevini kullanaca\u011f\u0131z. <\/p><div class=\"wp-block-image\"><figure class=\"aligncenter size-full is-resized\"><img loading=\"lazy\" decoding=\"async\" class=\"wp-image-64904\" src=\"https:\/\/exceladvisor.org\/wp-content\/uploads\/2023\/08\/1-ans-entre-deux-dates.png\" sizes=\"auto, \" srcset=\"\" alt=\"tarihler aras\u0131ndaki y\u0131llar\" width=\"483\" height=\"263\"><\/figure><\/div><p> Bunun i\u00e7in bir form\u00fcl yazmak i\u00e7in a\u015fa\u011f\u0131daki ad\u0131mlar\u0131 kullan\u0131n:<\/p><ol type=\"1\"><li> \u0130\u015flevi ba\u015flatmak i\u00e7in C1 h\u00fccresine \u201c=TAR\u0130HL\u0130E\u011eER(\u201d yaz\u0131n.<\/li><li> Ba\u015flang\u0131\u00e7 tarihinizin bulundu\u011fu A1 h\u00fccresine bak\u0131n.<\/li><li> \u015eimdi bir virg\u00fcl girin ve biti\u015f tarihinin bulundu\u011fu B1 h\u00fccresine bak\u0131n.<\/li><li> Bundan sonra virg\u00fcl yaz\u0131n ve \u201cy\u201d girin.<\/li><li> Sonunda bir kapatma parantezi girin ve Enter tu\u015funa bas\u0131n. <\/li><\/ol><div class=\"wp-block-image\"><figure class=\"aligncenter size-full is-resized\"><img loading=\"lazy\" decoding=\"async\" class=\"wp-image-64905\" src=\"https:\/\/exceladvisor.org\/wp-content\/uploads\/2023\/08\/2-formules-pour-gagner-des-annees.png\" sizes=\"auto, \" srcset=\"\" alt=\"y\u0131l alma form\u00fcl\u00fc\" width=\"508\" height=\"276\"><\/figure><\/div><p> Yukar\u0131daki anl\u0131k g\u00f6r\u00fcnt\u00fcde, sonu\u00e7ta belirtti\u011finiz tarihler aras\u0131nda <strong>tamamlanan y\u0131l say\u0131s\u0131<\/strong> olan 8&#8217;in oldu\u011funu g\u00f6rebilirsiniz.<\/p><pre class=\"wp-block-code\"> <code class=\"language-excel-formula\" lang=\"excel-formula\">=DATEDIF(A1,B1,\"y\")<\/code><\/pre><p> Ancak bu iki tarih aras\u0131ndaki y\u0131llar\u0131n tam resmini g\u00f6rmek istiyorsan\u0131z a\u015fa\u011f\u0131daki form\u00fcl\u00fc kullanabilirsiniz. <\/p><pre class=\"wp-block-code\"> <code class=\"language-excel-formula\" lang=\"excel-formula\">=DATEDIF(A1,B1,\"y\")&amp;\" Year(s), \"&amp; DATEDIF(A1,B1,\"ym\")&amp; \"month(s)\"<\/code><\/pre><div class=\"wp-block-image\"><figure class=\"aligncenter size-full is-resized\"><img loading=\"lazy\" decoding=\"async\" class=\"wp-image-64906\" src=\"https:\/\/exceladvisor.org\/wp-content\/uploads\/2023\/08\/3-formules-pour-obtenir-des-annees-et-des-mois.png\" sizes=\"auto, \" srcset=\"\" alt=\"y\u0131l ve aylar\u0131 elde etme form\u00fcl\u00fc\" width=\"651\" height=\"327\"><\/figure><\/div><p> Bu form\u00fcl\u00fcn ilk k\u0131sm\u0131 tam y\u0131l say\u0131s\u0131n\u0131, ikinci k\u0131sm\u0131 ise kalan tamamlanmam\u0131\u015f y\u0131l\u0131n ay say\u0131s\u0131n\u0131 al\u0131r. <\/p><div class=\"gb-container gb-container-52dfcee1 gb-container-sample-file\"><h2 class=\"gb-headline gb-headline-e289c143 gb-headline-text gb-headline-4f7959c2\"> Excel dosyas\u0131n\u0131 al\u0131n<\/h2><p> <a class=\"gb-button gb-button-e88d6bee gb-button-text gb-button-button1\" href=\"https:\/\/exceladvisor.org\/wp-content\/uploads\/2023\/08\/compter-les-annees-entre-deux-dates-3.xlsx\" rel=\"nofollow\">\u0130ndirmek<\/a><\/p><\/div><div class=\"gb-container gb-container-0df56012 gb-container-mt\"> <a class=\"gb-button gb-button-f9f432f4 gb-button-text gb-button-mt-button\" href=\"https:\/\/exceladvisor.org\/tr\/formuller\/\">Excel form\u00fcllerinin listesi<\/a><h2 class=\"gb-headline gb-headline-233444e8 gb-headline-text gb-headline-mt-heading\"> \u0130lgili form\u00fcller <\/h2><div class=\"gb-grid-wrapper gb-grid-wrapper-a16fa65c gb-grid-wrapper-mt-grid\"><div class=\"gb-grid-column gb-grid-column-50d07e0d\"><div class=\"gb-container gb-container-50d07e0d\"><ul><li> <a href=\"https:\/\/exceladvisor.org\/tr\/bugune-yil-ekle\/\">Excel&#8217;de bug\u00fcne kadar y\u0131l ekleme<\/a><\/li><li> <a href=\"https:\/\/exceladvisor.org\/tr\/yilin-gununun-numarasini-al\/\">Excel&#8217;de y\u0131l\u0131n g\u00fcn say\u0131s\u0131n\u0131 al\u0131n<\/a><\/li><li> <a href=\"https:\/\/exceladvisor.org\/tr\/2-yil-hizmet-al\/\">Excel&#8217;de y\u0131llarca hizmet al\u0131n<\/a><\/li><li> <a href=\"https:\/\/exceladvisor.org\/tr\/tarihler-arasindaki-yillar\/\">Excel&#8217;de tarihler aras\u0131ndaki y\u0131llar<\/a><\/li><li> <a href=\"https:\/\/exceladvisor.org\/tr\/yil-ayi-cikar\/\">Excel&#8217;deki bir tarihten y\u0131l\u0131 veya ay\u0131 \u00e7\u0131kar\u0131n (Al\u0131n)<\/a> <\/li><\/ul><\/div><\/div><div class=\"gb-grid-column gb-grid-column-5b4a0cf9\"><div class=\"gb-container gb-container-5b4a0cf9\"><\/div><\/div><\/div><\/div>","protected":false},"excerpt":{"rendered":"","protected":false},"author":1,"featured_media":0,"parent":0,"menu_order":0,"comment_status":"open","ping_status":"closed","template":"","meta":{"ub_ctt_via":"","footnotes":""},"class_list":["post-1819","page","type-page","status-publish","hentry"],"featured_image_src":null,"yoast_head":"<!-- This site is optimized with the Yoast SEO plugin v25.4 - https:\/\/yoast.com\/wordpress\/plugins\/seo\/ -->\n<title>\u0130ki tarih aras\u0131ndaki y\u0131llar nas\u0131l say\u0131l\u0131r? - Excel Dan\u0131\u015fman\u0131<\/title>\n<meta name=\"description\" content=\"Bu derste, iki tarih (ba\u015flang\u0131\u00e7 tarihi ve biti\u015f tarihi) aras\u0131ndaki y\u0131llar\u0131n say\u0131s\u0131n\u0131 nas\u0131l sayaca\u011f\u0131m\u0131z\u0131 \u00f6\u011frenece\u011fiz.\" \/>\n<meta name=\"robots\" content=\"index, follow, max-snippet:-1, max-image-preview:large, max-video-preview:-1\" \/>\n<link rel=\"canonical\" href=\"https:\/\/exceladvisor.org\/tr\/iki-tarih-arasindaki-yillari-say\/\" \/>\n<meta property=\"og:locale\" content=\"tr_TR\" \/>\n<meta property=\"og:type\" content=\"article\" \/>\n<meta property=\"og:title\" content=\"\u0130ki tarih aras\u0131ndaki y\u0131llar nas\u0131l say\u0131l\u0131r? - Excel Dan\u0131\u015fman\u0131\" \/>\n<meta property=\"og:description\" content=\"Bu derste, iki tarih (ba\u015flang\u0131\u00e7 tarihi ve biti\u015f tarihi) aras\u0131ndaki y\u0131llar\u0131n say\u0131s\u0131n\u0131 nas\u0131l sayaca\u011f\u0131m\u0131z\u0131 \u00f6\u011frenece\u011fiz.\" \/>\n<meta property=\"og:url\" content=\"https:\/\/exceladvisor.org\/tr\/iki-tarih-arasindaki-yillari-say\/\" \/>\n<meta property=\"og:site_name\" content=\"Excel Advisor\" \/>\n<meta property=\"article:modified_time\" content=\"2023-12-10T06:04:19+00:00\" \/>\n<meta property=\"og:image\" content=\"https:\/\/exceladvisor.org\/wp-content\/uploads\/2023\/08\/1-ans-entre-deux-dates.png\" \/>\n<meta name=\"twitter:card\" content=\"summary_large_image\" \/>\n<meta name=\"twitter:label1\" content=\"Tahmini okuma s\u00fcresi\" \/>\n\t<meta name=\"twitter:data1\" content=\"1 dakika\" \/>\n<script type=\"application\/ld+json\" class=\"yoast-schema-graph\">{\"@context\":\"https:\/\/schema.org\",\"@graph\":[{\"@type\":\"WebPage\",\"@id\":\"https:\/\/exceladvisor.org\/tr\/iki-tarih-arasindaki-yillari-say\/\",\"url\":\"https:\/\/exceladvisor.org\/tr\/iki-tarih-arasindaki-yillari-say\/\",\"name\":\"\u0130ki tarih aras\u0131ndaki y\u0131llar nas\u0131l say\u0131l\u0131r? - Excel Dan\u0131\u015fman\u0131\",\"isPartOf\":{\"@id\":\"https:\/\/exceladvisor.org\/tr\/#website\"},\"primaryImageOfPage\":{\"@id\":\"https:\/\/exceladvisor.org\/tr\/iki-tarih-arasindaki-yillari-say\/#primaryimage\"},\"image\":{\"@id\":\"https:\/\/exceladvisor.org\/tr\/iki-tarih-arasindaki-yillari-say\/#primaryimage\"},\"thumbnailUrl\":\"https:\/\/exceladvisor.org\/wp-content\/uploads\/2023\/08\/1-ans-entre-deux-dates.png\",\"datePublished\":\"2023-11-02T03:51:32+00:00\",\"dateModified\":\"2023-12-10T06:04:19+00:00\",\"description\":\"Bu derste, iki tarih (ba\u015flang\u0131\u00e7 tarihi ve biti\u015f tarihi) aras\u0131ndaki y\u0131llar\u0131n say\u0131s\u0131n\u0131 nas\u0131l sayaca\u011f\u0131m\u0131z\u0131 \u00f6\u011frenece\u011fiz.\",\"breadcrumb\":{\"@id\":\"https:\/\/exceladvisor.org\/tr\/iki-tarih-arasindaki-yillari-say\/#breadcrumb\"},\"inLanguage\":\"tr\",\"potentialAction\":[{\"@type\":\"ReadAction\",\"target\":[\"https:\/\/exceladvisor.org\/tr\/iki-tarih-arasindaki-yillari-say\/\"]}]},{\"@type\":\"ImageObject\",\"inLanguage\":\"tr\",\"@id\":\"https:\/\/exceladvisor.org\/tr\/iki-tarih-arasindaki-yillari-say\/#primaryimage\",\"url\":\"https:\/\/exceladvisor.org\/wp-content\/uploads\/2023\/08\/1-ans-entre-deux-dates.png\",\"contentUrl\":\"https:\/\/exceladvisor.org\/wp-content\/uploads\/2023\/08\/1-ans-entre-deux-dates.png\"},{\"@type\":\"BreadcrumbList\",\"@id\":\"https:\/\/exceladvisor.org\/tr\/iki-tarih-arasindaki-yillari-say\/#breadcrumb\",\"itemListElement\":[{\"@type\":\"ListItem\",\"position\":1,\"name\":\"Ev\",\"item\":\"https:\/\/exceladvisor.org\/tr\/\"},{\"@type\":\"ListItem\",\"position\":2,\"name\":\"I\u0307ki tarih aras\u0131ndaki y\u0131llar nas\u0131l say\u0131l\u0131r?\"}]},{\"@type\":\"WebSite\",\"@id\":\"https:\/\/exceladvisor.org\/tr\/#website\",\"url\":\"https:\/\/exceladvisor.org\/tr\/\",\"name\":\"Excel Advisor\",\"description\":\"Veri hakimiyetine y\u00f6nelik nihai rehberiniz!\",\"publisher\":{\"@id\":\"https:\/\/exceladvisor.org\/tr\/#organization\"},\"potentialAction\":[{\"@type\":\"SearchAction\",\"target\":{\"@type\":\"EntryPoint\",\"urlTemplate\":\"https:\/\/exceladvisor.org\/tr\/?s={search_term_string}\"},\"query-input\":{\"@type\":\"PropertyValueSpecification\",\"valueRequired\":true,\"valueName\":\"search_term_string\"}}],\"inLanguage\":\"tr\"},{\"@type\":\"Organization\",\"@id\":\"https:\/\/exceladvisor.org\/tr\/#organization\",\"name\":\"Excel Advisor\",\"url\":\"https:\/\/exceladvisor.org\/tr\/\",\"logo\":{\"@type\":\"ImageObject\",\"inLanguage\":\"tr\",\"@id\":\"https:\/\/exceladvisor.org\/tr\/#\/schema\/logo\/image\/\",\"url\":\"https:\/\/exceladvisor.org\/tr\/wp-content\/uploads\/2023\/12\/exceladvisor.org_.png\",\"contentUrl\":\"https:\/\/exceladvisor.org\/tr\/wp-content\/uploads\/2023\/12\/exceladvisor.org_.png\",\"width\":105,\"height\":36,\"caption\":\"Excel Advisor\"},\"image\":{\"@id\":\"https:\/\/exceladvisor.org\/tr\/#\/schema\/logo\/image\/\"}}]}<\/script>\n<!-- \/ Yoast SEO plugin. -->","yoast_head_json":{"title":"\u0130ki tarih aras\u0131ndaki y\u0131llar nas\u0131l say\u0131l\u0131r? - Excel Dan\u0131\u015fman\u0131","description":"Bu derste, iki tarih (ba\u015flang\u0131\u00e7 tarihi ve biti\u015f tarihi) aras\u0131ndaki y\u0131llar\u0131n say\u0131s\u0131n\u0131 nas\u0131l sayaca\u011f\u0131m\u0131z\u0131 \u00f6\u011frenece\u011fiz.","robots":{"index":"index","follow":"follow","max-snippet":"max-snippet:-1","max-image-preview":"max-image-preview:large","max-video-preview":"max-video-preview:-1"},"canonical":"https:\/\/exceladvisor.org\/tr\/iki-tarih-arasindaki-yillari-say\/","og_locale":"tr_TR","og_type":"article","og_title":"\u0130ki tarih aras\u0131ndaki y\u0131llar nas\u0131l say\u0131l\u0131r? - Excel Dan\u0131\u015fman\u0131","og_description":"Bu derste, iki tarih (ba\u015flang\u0131\u00e7 tarihi ve biti\u015f tarihi) aras\u0131ndaki y\u0131llar\u0131n say\u0131s\u0131n\u0131 nas\u0131l sayaca\u011f\u0131m\u0131z\u0131 \u00f6\u011frenece\u011fiz.","og_url":"https:\/\/exceladvisor.org\/tr\/iki-tarih-arasindaki-yillari-say\/","og_site_name":"Excel Advisor","article_modified_time":"2023-12-10T06:04:19+00:00","og_image":[{"url":"https:\/\/exceladvisor.org\/wp-content\/uploads\/2023\/08\/1-ans-entre-deux-dates.png","type":"","width":"","height":""}],"twitter_card":"summary_large_image","twitter_misc":{"Tahmini okuma s\u00fcresi":"1 dakika"},"schema":{"@context":"https:\/\/schema.org","@graph":[{"@type":"WebPage","@id":"https:\/\/exceladvisor.org\/tr\/iki-tarih-arasindaki-yillari-say\/","url":"https:\/\/exceladvisor.org\/tr\/iki-tarih-arasindaki-yillari-say\/","name":"\u0130ki tarih aras\u0131ndaki y\u0131llar nas\u0131l say\u0131l\u0131r? - Excel Dan\u0131\u015fman\u0131","isPartOf":{"@id":"https:\/\/exceladvisor.org\/tr\/#website"},"primaryImageOfPage":{"@id":"https:\/\/exceladvisor.org\/tr\/iki-tarih-arasindaki-yillari-say\/#primaryimage"},"image":{"@id":"https:\/\/exceladvisor.org\/tr\/iki-tarih-arasindaki-yillari-say\/#primaryimage"},"thumbnailUrl":"https:\/\/exceladvisor.org\/wp-content\/uploads\/2023\/08\/1-ans-entre-deux-dates.png","datePublished":"2023-11-02T03:51:32+00:00","dateModified":"2023-12-10T06:04:19+00:00","description":"Bu derste, iki tarih (ba\u015flang\u0131\u00e7 tarihi ve biti\u015f tarihi) aras\u0131ndaki y\u0131llar\u0131n say\u0131s\u0131n\u0131 nas\u0131l sayaca\u011f\u0131m\u0131z\u0131 \u00f6\u011frenece\u011fiz.","breadcrumb":{"@id":"https:\/\/exceladvisor.org\/tr\/iki-tarih-arasindaki-yillari-say\/#breadcrumb"},"inLanguage":"tr","potentialAction":[{"@type":"ReadAction","target":["https:\/\/exceladvisor.org\/tr\/iki-tarih-arasindaki-yillari-say\/"]}]},{"@type":"ImageObject","inLanguage":"tr","@id":"https:\/\/exceladvisor.org\/tr\/iki-tarih-arasindaki-yillari-say\/#primaryimage","url":"https:\/\/exceladvisor.org\/wp-content\/uploads\/2023\/08\/1-ans-entre-deux-dates.png","contentUrl":"https:\/\/exceladvisor.org\/wp-content\/uploads\/2023\/08\/1-ans-entre-deux-dates.png"},{"@type":"BreadcrumbList","@id":"https:\/\/exceladvisor.org\/tr\/iki-tarih-arasindaki-yillari-say\/#breadcrumb","itemListElement":[{"@type":"ListItem","position":1,"name":"Ev","item":"https:\/\/exceladvisor.org\/tr\/"},{"@type":"ListItem","position":2,"name":"I\u0307ki tarih aras\u0131ndaki y\u0131llar nas\u0131l say\u0131l\u0131r?"}]},{"@type":"WebSite","@id":"https:\/\/exceladvisor.org\/tr\/#website","url":"https:\/\/exceladvisor.org\/tr\/","name":"Excel Advisor","description":"Veri hakimiyetine y\u00f6nelik nihai rehberiniz!","publisher":{"@id":"https:\/\/exceladvisor.org\/tr\/#organization"},"potentialAction":[{"@type":"SearchAction","target":{"@type":"EntryPoint","urlTemplate":"https:\/\/exceladvisor.org\/tr\/?s={search_term_string}"},"query-input":{"@type":"PropertyValueSpecification","valueRequired":true,"valueName":"search_term_string"}}],"inLanguage":"tr"},{"@type":"Organization","@id":"https:\/\/exceladvisor.org\/tr\/#organization","name":"Excel Advisor","url":"https:\/\/exceladvisor.org\/tr\/","logo":{"@type":"ImageObject","inLanguage":"tr","@id":"https:\/\/exceladvisor.org\/tr\/#\/schema\/logo\/image\/","url":"https:\/\/exceladvisor.org\/tr\/wp-content\/uploads\/2023\/12\/exceladvisor.org_.png","contentUrl":"https:\/\/exceladvisor.org\/tr\/wp-content\/uploads\/2023\/12\/exceladvisor.org_.png","width":105,"height":36,"caption":"Excel Advisor"},"image":{"@id":"https:\/\/exceladvisor.org\/tr\/#\/schema\/logo\/image\/"}}]}},"yoast_meta":{"yoast_wpseo_title":"","yoast_wpseo_metadesc":"","yoast_wpseo_canonical":""},"_links":{"self":[{"href":"https:\/\/exceladvisor.org\/tr\/wp-json\/wp\/v2\/pages\/1819","targetHints":{"allow":["GET"]}}],"collection":[{"href":"https:\/\/exceladvisor.org\/tr\/wp-json\/wp\/v2\/pages"}],"about":[{"href":"https:\/\/exceladvisor.org\/tr\/wp-json\/wp\/v2\/types\/page"}],"author":[{"embeddable":true,"href":"https:\/\/exceladvisor.org\/tr\/wp-json\/wp\/v2\/users\/1"}],"replies":[{"embeddable":true,"href":"https:\/\/exceladvisor.org\/tr\/wp-json\/wp\/v2\/comments?post=1819"}],"version-history":[{"count":1,"href":"https:\/\/exceladvisor.org\/tr\/wp-json\/wp\/v2\/pages\/1819\/revisions"}],"predecessor-version":[{"id":2711,"href":"https:\/\/exceladvisor.org\/tr\/wp-json\/wp\/v2\/pages\/1819\/revisions\/2711"}],"wp:attachment":[{"href":"https:\/\/exceladvisor.org\/tr\/wp-json\/wp\/v2\/media?parent=1819"}],"curies":[{"name":"wp","href":"https:\/\/api.w.org\/{rel}","templated":true}]}}