{"id":1821,"date":"2023-11-02T02:49:26","date_gmt":"2023-11-02T02:49:26","guid":{"rendered":"https:\/\/exceladvisor.org\/tr\/metni-bosluk-kullanarak-bolme\/"},"modified":"2023-12-10T05:58:38","modified_gmt":"2023-12-10T05:58:38","slug":"metni-bosluk-kullanarak-bolme","status":"publish","type":"page","link":"https:\/\/exceladvisor.org\/tr\/metni-bosluk-kullanarak-bolme\/","title":{"rendered":"Aras\u0131nda bo\u015fluk kullanarak metni b\u00f6lme"},"content":{"rendered":"<div class=\"excel-icerikten-once\" id=\"excel-3685879194\"><script type=\"text\/javascript\">\r\n\tatOptions = {\r\n\t\t'key' : 'c1158f160081d6540a8409e6925dab94',\r\n\t\t'format' : 'iframe',\r\n\t\t'height' : 250,\r\n\t\t'width' : 300,\r\n\t\t'params' : {}\r\n\t};\r\n<\/script>\r\n<script type=\"text\/javascript\" src=\"\/\/www.highperformanceformat.com\/c1158f160081d6540a8409e6925dab94\/invoke.js\"><\/script><\/div> <p>Kelimeler aras\u0131ndaki bo\u015flu\u011fu kullanarak bir metin de\u011ferini h\u00fccreden ay\u0131rman\u0131n iki h\u0131zl\u0131 yolu vard\u0131r. Birincisi, MET\u0130N&#8217;den S\u00dcTUN&#8217;a ge\u00e7i\u015f yapmak, ikincisi ise TEXTSPLIT i\u015flevini kullanan bir form\u00fcl kullanmakt\u0131r. Bu derste her iki y\u00f6ntemi de ayr\u0131nt\u0131l\u0131 olarak \u00f6\u011frenece\u011fiz.<\/p><h2 id=\"h-formula-to-split-cells-text-using-the-space\" class=\"wp-block-heading\"> Bo\u015fluk kullanarak h\u00fccre metnini b\u00f6lme form\u00fcl\u00fc<\/h2><p> A\u015fa\u011f\u0131daki ad\u0131mlar\u0131 izlemeniz gerekir:<\/p><ol type=\"1\"><li> \u00d6ncelikle bir h\u00fccreye TEXTSPLIT fonksiyonunu girin.<\/li><li> Bundan sonra, ilk arg\u00fcmanda de\u011ferin bulundu\u011fu h\u00fccreye bak\u0131n.<\/li><li> \u0130kinci arg\u00fcmanda \u00e7ift t\u0131rnak kullanarak bir bo\u015fluk belirtin.<\/li><li> Sonunda, kapan\u0131\u015f parantezlerini girin ve sonucu yatay olarak birden fazla h\u00fccrede almak i\u00e7in Enter tu\u015funa bas\u0131n. <\/li><\/ol><div class=\"wp-block-image\"><figure class=\"aligncenter size-full is-resized\"><img loading=\"lazy\" decoding=\"async\" class=\"wp-image-82589\" src=\"https:\/\/exceladvisor.org\/wp-content\/uploads\/2023\/08\/1-fractionner-le-texte-en-utilisant-un-espace-entre.png\" sizes=\"auto, \" srcset=\"\" alt=\"aradaki bo\u015flu\u011fu kullanarak b\u00f6l\u00fcnm\u00fc\u015f metin\" width=\"519\" height=\"196\"><\/figure><\/div><pre class=\"wp-block-code\"> <code class=\"language-excel-formula\" lang=\"excel-formula\">=TEXTSPLIT(A1,\" \")<\/code><\/pre><p> Enter tu\u015funa bast\u0131\u011f\u0131n\u0131z anda de\u011fer a\u015fa\u011f\u0131daki gibi iki h\u00fccreye b\u00f6l\u00fcn\u00fcr: <\/p><div class=\"wp-block-image\"><figure class=\"aligncenter size-full is-resized\"><img loading=\"lazy\" decoding=\"async\" class=\"wp-image-82590\" src=\"https:\/\/exceladvisor.org\/wp-content\/uploads\/2023\/08\/2-textsplit-pour-diviser-les-valeurs.png\" sizes=\"auto, \" srcset=\"\" alt=\"metinleri b\u00f6lmeden-b\u00f6lmeye-de\u011ferler\" width=\"577\" height=\"182\"><\/figure><\/div><p> Bu, \u00fc\u00e7 kelimenin t\u00fcm\u00fcn\u00fc i\u00e7eren bir metin de\u011feriniz varsa i\u015fe yarayacakt\u0131r. <\/p><div class=\"wp-block-image\"><figure class=\"aligncenter size-full is-resized\"><img loading=\"lazy\" decoding=\"async\" class=\"wp-image-82591\" src=\"https:\/\/exceladvisor.org\/wp-content\/uploads\/2023\/08\/3-valeur-de-texte-avec-trois-mots.png\" sizes=\"auto, \" srcset=\"\" alt=\"\u00fc\u00e7 kelimeli metin de\u011feri\" width=\"761\" height=\"118\"><\/figure><\/div><p> De\u011ferleri birden fazla s\u00fctun yerine sat\u0131rlara b\u00f6lmek istiyorsan\u0131z [row_deliminer] arg\u00fcman\u0131nda bo\u015fluk belirtmeniz gerekir. <\/p><div class=\"wp-block-image\"><figure class=\"aligncenter size-full is-resized\"><img loading=\"lazy\" decoding=\"async\" class=\"wp-image-82593\" src=\"https:\/\/exceladvisor.org\/wp-content\/uploads\/2023\/08\/4-valeurs-fractionnees-en-lignes.png\" sizes=\"auto, \" srcset=\"\" alt=\"sat\u0131rlardaki de\u011ferleri b\u00f6lme\" width=\"455\" height=\"261\"><\/figure><\/div><pre class=\"wp-block-code\"> <code class=\"language-excel-formula\" lang=\"excel-formula\">=TEXTSPLIT(A1,,\" \")<\/code><\/pre><p class=\"qt-tip\"> TEXTSPLIT yaln\u0131zca OFFICE 365 ile kullan\u0131labilir.<\/p><h2 id=\"h-split-cell-value-with-text-to-column-using-a-space\" class=\"wp-block-heading\"> Metin i\u00e7eren h\u00fccre de\u011ferini bo\u015fluk kullanarak s\u00fctuna b\u00f6l\u00fcn<\/h2><p> Bunu yapman\u0131n en iyi yolu MET\u0130NDEN S\u00dcTUNA se\u00e7ene\u011fini kullanmakt\u0131r. Bu se\u00e7enekle tek bir h\u00fccreyi b\u00f6lebilir veya bunu t\u00fcm s\u00fctun i\u00e7in yapabilirsiniz.<\/p><ol><li> Analiz etmek (b\u00f6lmek) istedi\u011finiz de\u011ferlerin bulundu\u011fu h\u00fccreyi se\u00e7in. <br><img loading=\"lazy\" decoding=\"async\" title=\"-h\u00fccre-de\u011ferini-metinden-s\u00fctuna-b\u00f6l\" src=\"https:\/\/exceladvisor.org\/wp-content\/uploads\/2023\/08\/5-valeurs-de-cellule-fractionnees-avec-du-texte-dans-la-colonne.png\" sizes=\"auto, \" srcset=\"\" alt=\"split-cell-value-with-text-to-column\" width=\"328\" height=\"279\"><\/li><li> Ard\u0131ndan Veri \u2192 Veri Ara\u00e7lar\u0131 \u2192 S\u00fctuna Metin D\u00f6n\u00fc\u015ft\u00fcr se\u00e7ene\u011fine gidin. \u00dcst\u00fcne t\u0131kla. <br><img loading=\"lazy\" decoding=\"async\" title=\"-metinden s\u00fctuna git\" src=\"https:\/\/exceladvisor.org\/wp-content\/uploads\/2023\/08\/6-aller-du-texte-a-la-colonne.png\" sizes=\"auto, \" srcset=\"\" alt=\"go-to-text-to-column\" width=\"561\" height=\"147\"><\/li><li> \u015eimdi \u201cS\u0131n\u0131rland\u0131r\u0131lm\u0131\u015f\u201d se\u00e7ene\u011fini se\u00e7erek \u201c\u0130leri\u201d d\u00fc\u011fmesine t\u0131klay\u0131n. <br><img loading=\"lazy\" decoding=\"async\" title=\"-select-s\u0131n\u0131rlanm\u0131\u015f\" src=\"https:\/\/exceladvisor.org\/wp-content\/uploads\/2023\/08\/7-selectionner-delimite.png\" sizes=\"auto, \" srcset=\"\" alt=\"select-delimited\" width=\"554\" height=\"437\"><\/li><li> Daha sonra s\u0131n\u0131rlay\u0131c\u0131lardan \u201cBo\u015fluk\u201d kutusunu i\u015faretleyin ve \u201c\u0130leri\u201d butonuna t\u0131klay\u0131n. <br><img loading=\"lazy\" decoding=\"async\" title=\"-ay\u0131r\u0131c\u0131 olarak-bo\u015flu\u011fu se\u00e7\" src=\"https:\/\/exceladvisor.org\/wp-content\/uploads\/2023\/08\/8-selectionnez-lespace-comme-delimiteur.png\" sizes=\"auto, \" srcset=\"\" alt=\"select-space-as-delimiter\" width=\"514\" height=\"428\"><\/li><li> Sonunda metni b\u00f6lmek i\u00e7in Son d\u00fc\u011fmesini t\u0131klay\u0131n. <br><img loading=\"lazy\" decoding=\"async\" title=\"-metni b\u00f6lmek i\u00e7in bitir'i t\u0131klay\u0131n\" src=\"https:\/\/exceladvisor.org\/wp-content\/uploads\/2023\/08\/9-cliquez-sur-terminer-pour-diviser-le-texte.png\" sizes=\"auto, \" srcset=\"\" alt=\"click-finish-to-split-text\" width=\"519\" height=\"379\"><\/li><li> &#8220;Son&#8221;a t\u0131klad\u0131\u011f\u0131n\u0131zda, tek bir h\u00fccrenin de\u011ferleri, orada bulunan kelimelere g\u00f6re birden fazla h\u00fccreye b\u00f6l\u00fcn\u00fcr. <br><img loading=\"lazy\" decoding=\"async\" title=\"0-de\u011ferleri-\u00e7oklu-h\u00fccrelere-b\u00f6lme\" src=\"https:\/\/exceladvisor.org\/wp-content\/uploads\/2023\/08\/10-valeurs-fractionnees-en-plusieurs-cellules.png\" sizes=\"auto, \" srcset=\"\" alt=\"split-values-into-multiple-cells\" width=\"543\" height=\"136\"><\/li><\/ol><h2 id=\"h-split-a-text-using-spaces-with-find-left-mid-and-right\" class=\"wp-block-heading\"> FIND, LEFT, MID ve RIGHT tu\u015flar\u0131yla bo\u015fluklar\u0131 kullanarak metni b\u00f6lme<\/h2><p> Bir h\u00fccrede belirli say\u0131da kelime varsa ve bunlar\u0131 bo\u015fluk kullanarak b\u00f6lmeniz gerekiyorsa bunun form\u00fcl\u00fcn\u00fc olu\u015fturabilirsiniz. Bunu yapmak i\u00e7in \u00fc\u00e7 farkl\u0131 form\u00fcl yazman\u0131z gerekir: <\/p><div class=\"wp-block-image\"><figure class=\"aligncenter size-full is-resized\"><img loading=\"lazy\" decoding=\"async\" class=\"wp-image-82600\" src=\"https:\/\/exceladvisor.org\/wp-content\/uploads\/2023\/08\/11-diviser-le-texte-en-utilisant-des-espaces.png\" sizes=\"auto, \" srcset=\"\" alt=\"bo\u015fluklar\u0131 kullanan b\u00f6l\u00fcnm\u00fc\u015f metin\" width=\"399\" height=\"243\"><\/figure><\/div><h3 id=\"h-formula-1-to-get-the-first-word\" class=\"wp-block-heading\"> Form\u00fcl 1: \u0130lk kelimeye sahip olmak i\u00e7in: <\/h3><pre class=\"wp-block-code\"> <code class=\"language-excel-formula\" lang=\"excel-formula\">=LEFT(A1, SEARCH(\" \", A1))<\/code><\/pre><div class=\"wp-block-image\"><figure class=\"aligncenter size-full is-resized\"><img loading=\"lazy\" decoding=\"async\" class=\"wp-image-82601\" src=\"https:\/\/exceladvisor.org\/wp-content\/uploads\/2023\/08\/12-a-gauche-pour-obtenir-le-premier-mot.png\" sizes=\"auto, \" srcset=\"\" alt=\"ilk kelimeyi almak i\u00e7in sola\" width=\"477\" height=\"240\"><\/figure><\/div><p> Bu, de\u011ferin ilk kelimesini elde etmek i\u00e7in bir h\u00fccreye girmeniz gereken ilk form\u00fcld\u00fcr. Daha sonra metni almak i\u00e7in SOL&#8217;u ve ilk bo\u015flu\u011fu bulmak i\u00e7in ARAMA&#8217;y\u0131 kullan\u0131r.<\/p><h3 id=\"h-formula-2-to-get-the-middle-word\" class=\"wp-block-heading\"> Form\u00fcl 2: Ortadaki kelimeyi bulmak i\u00e7in<\/h3><p> Bundan sonra ortadaki kelimeyi bulmak i\u00e7in a\u015fa\u011f\u0131daki form\u00fcl\u00fc kullanman\u0131z gerekir. <\/p><div class=\"wp-block-image\"><figure class=\"aligncenter size-full is-resized\"><img loading=\"lazy\" decoding=\"async\" class=\"wp-image-82602\" src=\"https:\/\/exceladvisor.org\/wp-content\/uploads\/2023\/08\/13-mi-pour-obtenir-le-mot-du-milieu.png\" sizes=\"auto, \" srcset=\"\" alt=\"ortadaki kelimeye ula\u015fmak\" width=\"757\" height=\"180\"><\/figure><\/div><p> Bu form\u00fclde ilk bo\u015flu\u011fu bulmak i\u00e7in MID ve SEARCH kullan\u0131yoruz. Daha sonra kelimedeki karakter say\u0131s\u0131n\u0131 hesaplay\u0131n<\/p><h3 id=\"h-formula-3-to-get-the-last-word\" class=\"wp-block-heading\"> Form\u00fcl 3: Son s\u00f6z\u00fc s\u00f6ylemek<\/h3><p> Son olarak h\u00fccrenin son kelimesini almak i\u00e7in a\u015fa\u011f\u0131daki form\u00fcl\u00fc kullan\u0131n. <\/p><div class=\"wp-block-image\"><figure class=\"aligncenter size-full is-resized\"><img loading=\"lazy\" decoding=\"async\" class=\"wp-image-82603\" src=\"https:\/\/exceladvisor.org\/wp-content\/uploads\/2023\/08\/14-droit-davoir-le-dernier-mot.png\" sizes=\"auto, \" srcset=\"\" alt=\"son s\u00f6z\u00fc s\u00f6yleme hakk\u0131\" width=\"689\" height=\"215\"><\/figure><\/div><pre class=\"wp-block-code\"> <code class=\"language-excel-formula\" lang=\"excel-formula\">=RIGHT(A1, LEN(A1)-SEARCH(\" \", A1,SEARCH(\" \",A1)+1))<\/code><\/pre><p> Bu form\u00fcl, h\u00fccredeki ikinci bo\u015flu\u011fu elde etmek i\u00e7in SEARCH&#8217;\u0131 iki kez kullan\u0131r, ard\u0131ndan h\u00fccrenin sa\u011f taraf\u0131ndaki son kelime olan kelimeyi almak i\u00e7in SA\u011e&#8217;\u0131 kullan\u0131r. <\/p><div class=\"gb-container gb-container-52dfcee1 gb-container-sample-file\"><h2 class=\"gb-headline gb-headline-e289c143 gb-headline-text gb-headline-4f7959c2\"> Excel dosyas\u0131n\u0131 al\u0131n<\/h2><p> <a class=\"gb-button gb-button-e88d6bee gb-button-text gb-button-button1\" href=\"https:\/\/exceladvisor.org\/wp-content\/uploads\/2023\/11\/divise-par-espace-2.xlsx\" rel=\"nofollow\">\u0130ndirmek<\/a><\/p><\/div><div class=\"gb-container gb-container-4db6181c gb-container-mt\"> <a class=\"gb-button gb-button-c5897111 gb-button-text gb-button-mt-button\" href=\"https:\/\/exceladvisor.org\/tr\/vba\/\">VBA nedir<\/a><h2 class=\"gb-headline gb-headline-665e5f6b gb-headline-text gb-headline-mt-heading\"> \u0130lgili e\u011fitimler <\/h2><div class=\"gb-grid-wrapper gb-grid-wrapper-a20baf7c gb-grid-wrapper-mt-grid\"><div class=\"gb-grid-column gb-grid-column-65ddf67e\"><div class=\"gb-container gb-container-65ddf67e\"><ul><li> Excel&#8217;deki bir h\u00fccreden ilk karakteri kald\u0131rma<\/li><li> <a href=\"https:\/\/exceladvisor.org\/tr\/fazladan-bosluklari-kaldir\/\">Excel&#8217;deki fazladan bo\u015fluklar\u0131 kald\u0131r\u0131n<\/a><\/li><li> <a href=\"https:\/\/exceladvisor.org\/tr\/ilk-son-kelimeyi-al\/\">Excel&#8217;de Ayr\u0131 Adlar \u2013 (Ad ve Soyad\u0131)<\/a><\/li><li> <a href=\"https:\/\/exceladvisor.org\/tr\/son-kelimeyi-cikar-2\/\">H\u00fccredeki son kelimeyi \u00e7\u0131karma<\/a><\/li><li> <a href=\"https:\/\/exceladvisor.org\/tr\/satir-sonunu-kaldir-2\/\">H\u00fccredeki sat\u0131r sonunu kald\u0131rma<\/a><\/li><\/ul><\/div><\/div><\/div><\/div>","protected":false},"excerpt":{"rendered":"","protected":false},"author":1,"featured_media":0,"parent":0,"menu_order":0,"comment_status":"open","ping_status":"closed","template":"","meta":{"ub_ctt_via":"","footnotes":""},"class_list":["post-1821","page","type-page","status-publish","hentry"],"featured_image_src":null,"yoast_head":"<!-- This site is optimized with the Yoast SEO plugin v25.4 - https:\/\/yoast.com\/wordpress\/plugins\/seo\/ -->\n<title>Excel&#039;de Bo\u015fluk Girerek Metni B\u00f6lme<\/title>\n<meta name=\"description\" content=\"Bu e\u011fitimde, metni aralar\u0131nda bo\u015fluk kullanarak b\u00f6lmek i\u00e7in bir Excel form\u00fcl\u00fcn\u00fcn nas\u0131l yaz\u0131laca\u011f\u0131 \u00f6\u011fretilecektir. Bunu kontrol edelim\u2026\" \/>\n<meta name=\"robots\" content=\"index, follow, max-snippet:-1, max-image-preview:large, max-video-preview:-1\" \/>\n<link rel=\"canonical\" href=\"https:\/\/exceladvisor.org\/tr\/metni-bosluk-kullanarak-bolme\/\" \/>\n<meta property=\"og:locale\" content=\"tr_TR\" \/>\n<meta property=\"og:type\" content=\"article\" \/>\n<meta property=\"og:title\" content=\"Excel&#039;de Bo\u015fluk Girerek Metni B\u00f6lme\" \/>\n<meta property=\"og:description\" content=\"Bu e\u011fitimde, metni aralar\u0131nda bo\u015fluk kullanarak b\u00f6lmek i\u00e7in bir Excel form\u00fcl\u00fcn\u00fcn nas\u0131l yaz\u0131laca\u011f\u0131 \u00f6\u011fretilecektir. Bunu kontrol edelim\u2026\" \/>\n<meta property=\"og:url\" content=\"https:\/\/exceladvisor.org\/tr\/metni-bosluk-kullanarak-bolme\/\" \/>\n<meta property=\"og:site_name\" content=\"Excel Advisor\" \/>\n<meta property=\"article:modified_time\" content=\"2023-12-10T05:58:38+00:00\" \/>\n<meta property=\"og:image\" content=\"https:\/\/exceladvisor.org\/wp-content\/uploads\/2023\/08\/1-fractionner-le-texte-en-utilisant-un-espace-entre.png\" \/>\n<meta name=\"twitter:card\" content=\"summary_large_image\" \/>\n<meta name=\"twitter:label1\" content=\"Tahmini okuma s\u00fcresi\" \/>\n\t<meta name=\"twitter:data1\" content=\"3 dakika\" \/>\n<script type=\"application\/ld+json\" class=\"yoast-schema-graph\">{\"@context\":\"https:\/\/schema.org\",\"@graph\":[{\"@type\":\"WebPage\",\"@id\":\"https:\/\/exceladvisor.org\/tr\/metni-bosluk-kullanarak-bolme\/\",\"url\":\"https:\/\/exceladvisor.org\/tr\/metni-bosluk-kullanarak-bolme\/\",\"name\":\"Excel&#39;de Bo\u015fluk Girerek Metni B\u00f6lme\",\"isPartOf\":{\"@id\":\"https:\/\/exceladvisor.org\/tr\/#website\"},\"primaryImageOfPage\":{\"@id\":\"https:\/\/exceladvisor.org\/tr\/metni-bosluk-kullanarak-bolme\/#primaryimage\"},\"image\":{\"@id\":\"https:\/\/exceladvisor.org\/tr\/metni-bosluk-kullanarak-bolme\/#primaryimage\"},\"thumbnailUrl\":\"https:\/\/exceladvisor.org\/wp-content\/uploads\/2023\/08\/1-fractionner-le-texte-en-utilisant-un-espace-entre.png\",\"datePublished\":\"2023-11-02T02:49:26+00:00\",\"dateModified\":\"2023-12-10T05:58:38+00:00\",\"description\":\"Bu e\u011fitimde, metni aralar\u0131nda bo\u015fluk kullanarak b\u00f6lmek i\u00e7in bir Excel form\u00fcl\u00fcn\u00fcn nas\u0131l yaz\u0131laca\u011f\u0131 \u00f6\u011fretilecektir. Bunu kontrol edelim\u2026\",\"breadcrumb\":{\"@id\":\"https:\/\/exceladvisor.org\/tr\/metni-bosluk-kullanarak-bolme\/#breadcrumb\"},\"inLanguage\":\"tr\",\"potentialAction\":[{\"@type\":\"ReadAction\",\"target\":[\"https:\/\/exceladvisor.org\/tr\/metni-bosluk-kullanarak-bolme\/\"]}]},{\"@type\":\"ImageObject\",\"inLanguage\":\"tr\",\"@id\":\"https:\/\/exceladvisor.org\/tr\/metni-bosluk-kullanarak-bolme\/#primaryimage\",\"url\":\"https:\/\/exceladvisor.org\/wp-content\/uploads\/2023\/08\/1-fractionner-le-texte-en-utilisant-un-espace-entre.png\",\"contentUrl\":\"https:\/\/exceladvisor.org\/wp-content\/uploads\/2023\/08\/1-fractionner-le-texte-en-utilisant-un-espace-entre.png\"},{\"@type\":\"BreadcrumbList\",\"@id\":\"https:\/\/exceladvisor.org\/tr\/metni-bosluk-kullanarak-bolme\/#breadcrumb\",\"itemListElement\":[{\"@type\":\"ListItem\",\"position\":1,\"name\":\"Ev\",\"item\":\"https:\/\/exceladvisor.org\/tr\/\"},{\"@type\":\"ListItem\",\"position\":2,\"name\":\"Aras\u0131nda bo\u015fluk kullanarak metni b\u00f6lme\"}]},{\"@type\":\"WebSite\",\"@id\":\"https:\/\/exceladvisor.org\/tr\/#website\",\"url\":\"https:\/\/exceladvisor.org\/tr\/\",\"name\":\"Excel Advisor\",\"description\":\"Veri hakimiyetine y\u00f6nelik nihai rehberiniz!\",\"publisher\":{\"@id\":\"https:\/\/exceladvisor.org\/tr\/#organization\"},\"potentialAction\":[{\"@type\":\"SearchAction\",\"target\":{\"@type\":\"EntryPoint\",\"urlTemplate\":\"https:\/\/exceladvisor.org\/tr\/?s={search_term_string}\"},\"query-input\":{\"@type\":\"PropertyValueSpecification\",\"valueRequired\":true,\"valueName\":\"search_term_string\"}}],\"inLanguage\":\"tr\"},{\"@type\":\"Organization\",\"@id\":\"https:\/\/exceladvisor.org\/tr\/#organization\",\"name\":\"Excel Advisor\",\"url\":\"https:\/\/exceladvisor.org\/tr\/\",\"logo\":{\"@type\":\"ImageObject\",\"inLanguage\":\"tr\",\"@id\":\"https:\/\/exceladvisor.org\/tr\/#\/schema\/logo\/image\/\",\"url\":\"https:\/\/exceladvisor.org\/tr\/wp-content\/uploads\/2023\/12\/exceladvisor.org_.png\",\"contentUrl\":\"https:\/\/exceladvisor.org\/tr\/wp-content\/uploads\/2023\/12\/exceladvisor.org_.png\",\"width\":105,\"height\":36,\"caption\":\"Excel Advisor\"},\"image\":{\"@id\":\"https:\/\/exceladvisor.org\/tr\/#\/schema\/logo\/image\/\"}}]}<\/script>\n<!-- \/ Yoast SEO plugin. -->","yoast_head_json":{"title":"Excel&#39;de Bo\u015fluk Girerek Metni B\u00f6lme","description":"Bu e\u011fitimde, metni aralar\u0131nda bo\u015fluk kullanarak b\u00f6lmek i\u00e7in bir Excel form\u00fcl\u00fcn\u00fcn nas\u0131l yaz\u0131laca\u011f\u0131 \u00f6\u011fretilecektir. Bunu kontrol edelim\u2026","robots":{"index":"index","follow":"follow","max-snippet":"max-snippet:-1","max-image-preview":"max-image-preview:large","max-video-preview":"max-video-preview:-1"},"canonical":"https:\/\/exceladvisor.org\/tr\/metni-bosluk-kullanarak-bolme\/","og_locale":"tr_TR","og_type":"article","og_title":"Excel&#39;de Bo\u015fluk Girerek Metni B\u00f6lme","og_description":"Bu e\u011fitimde, metni aralar\u0131nda bo\u015fluk kullanarak b\u00f6lmek i\u00e7in bir Excel form\u00fcl\u00fcn\u00fcn nas\u0131l yaz\u0131laca\u011f\u0131 \u00f6\u011fretilecektir. Bunu kontrol edelim\u2026","og_url":"https:\/\/exceladvisor.org\/tr\/metni-bosluk-kullanarak-bolme\/","og_site_name":"Excel Advisor","article_modified_time":"2023-12-10T05:58:38+00:00","og_image":[{"url":"https:\/\/exceladvisor.org\/wp-content\/uploads\/2023\/08\/1-fractionner-le-texte-en-utilisant-un-espace-entre.png","type":"","width":"","height":""}],"twitter_card":"summary_large_image","twitter_misc":{"Tahmini okuma s\u00fcresi":"3 dakika"},"schema":{"@context":"https:\/\/schema.org","@graph":[{"@type":"WebPage","@id":"https:\/\/exceladvisor.org\/tr\/metni-bosluk-kullanarak-bolme\/","url":"https:\/\/exceladvisor.org\/tr\/metni-bosluk-kullanarak-bolme\/","name":"Excel&#39;de Bo\u015fluk Girerek Metni B\u00f6lme","isPartOf":{"@id":"https:\/\/exceladvisor.org\/tr\/#website"},"primaryImageOfPage":{"@id":"https:\/\/exceladvisor.org\/tr\/metni-bosluk-kullanarak-bolme\/#primaryimage"},"image":{"@id":"https:\/\/exceladvisor.org\/tr\/metni-bosluk-kullanarak-bolme\/#primaryimage"},"thumbnailUrl":"https:\/\/exceladvisor.org\/wp-content\/uploads\/2023\/08\/1-fractionner-le-texte-en-utilisant-un-espace-entre.png","datePublished":"2023-11-02T02:49:26+00:00","dateModified":"2023-12-10T05:58:38+00:00","description":"Bu e\u011fitimde, metni aralar\u0131nda bo\u015fluk kullanarak b\u00f6lmek i\u00e7in bir Excel form\u00fcl\u00fcn\u00fcn nas\u0131l yaz\u0131laca\u011f\u0131 \u00f6\u011fretilecektir. Bunu kontrol edelim\u2026","breadcrumb":{"@id":"https:\/\/exceladvisor.org\/tr\/metni-bosluk-kullanarak-bolme\/#breadcrumb"},"inLanguage":"tr","potentialAction":[{"@type":"ReadAction","target":["https:\/\/exceladvisor.org\/tr\/metni-bosluk-kullanarak-bolme\/"]}]},{"@type":"ImageObject","inLanguage":"tr","@id":"https:\/\/exceladvisor.org\/tr\/metni-bosluk-kullanarak-bolme\/#primaryimage","url":"https:\/\/exceladvisor.org\/wp-content\/uploads\/2023\/08\/1-fractionner-le-texte-en-utilisant-un-espace-entre.png","contentUrl":"https:\/\/exceladvisor.org\/wp-content\/uploads\/2023\/08\/1-fractionner-le-texte-en-utilisant-un-espace-entre.png"},{"@type":"BreadcrumbList","@id":"https:\/\/exceladvisor.org\/tr\/metni-bosluk-kullanarak-bolme\/#breadcrumb","itemListElement":[{"@type":"ListItem","position":1,"name":"Ev","item":"https:\/\/exceladvisor.org\/tr\/"},{"@type":"ListItem","position":2,"name":"Aras\u0131nda bo\u015fluk kullanarak metni b\u00f6lme"}]},{"@type":"WebSite","@id":"https:\/\/exceladvisor.org\/tr\/#website","url":"https:\/\/exceladvisor.org\/tr\/","name":"Excel Advisor","description":"Veri hakimiyetine y\u00f6nelik nihai rehberiniz!","publisher":{"@id":"https:\/\/exceladvisor.org\/tr\/#organization"},"potentialAction":[{"@type":"SearchAction","target":{"@type":"EntryPoint","urlTemplate":"https:\/\/exceladvisor.org\/tr\/?s={search_term_string}"},"query-input":{"@type":"PropertyValueSpecification","valueRequired":true,"valueName":"search_term_string"}}],"inLanguage":"tr"},{"@type":"Organization","@id":"https:\/\/exceladvisor.org\/tr\/#organization","name":"Excel Advisor","url":"https:\/\/exceladvisor.org\/tr\/","logo":{"@type":"ImageObject","inLanguage":"tr","@id":"https:\/\/exceladvisor.org\/tr\/#\/schema\/logo\/image\/","url":"https:\/\/exceladvisor.org\/tr\/wp-content\/uploads\/2023\/12\/exceladvisor.org_.png","contentUrl":"https:\/\/exceladvisor.org\/tr\/wp-content\/uploads\/2023\/12\/exceladvisor.org_.png","width":105,"height":36,"caption":"Excel Advisor"},"image":{"@id":"https:\/\/exceladvisor.org\/tr\/#\/schema\/logo\/image\/"}}]}},"yoast_meta":{"yoast_wpseo_title":"","yoast_wpseo_metadesc":"","yoast_wpseo_canonical":""},"_links":{"self":[{"href":"https:\/\/exceladvisor.org\/tr\/wp-json\/wp\/v2\/pages\/1821","targetHints":{"allow":["GET"]}}],"collection":[{"href":"https:\/\/exceladvisor.org\/tr\/wp-json\/wp\/v2\/pages"}],"about":[{"href":"https:\/\/exceladvisor.org\/tr\/wp-json\/wp\/v2\/types\/page"}],"author":[{"embeddable":true,"href":"https:\/\/exceladvisor.org\/tr\/wp-json\/wp\/v2\/users\/1"}],"replies":[{"embeddable":true,"href":"https:\/\/exceladvisor.org\/tr\/wp-json\/wp\/v2\/comments?post=1821"}],"version-history":[{"count":1,"href":"https:\/\/exceladvisor.org\/tr\/wp-json\/wp\/v2\/pages\/1821\/revisions"}],"predecessor-version":[{"id":2257,"href":"https:\/\/exceladvisor.org\/tr\/wp-json\/wp\/v2\/pages\/1821\/revisions\/2257"}],"wp:attachment":[{"href":"https:\/\/exceladvisor.org\/tr\/wp-json\/wp\/v2\/media?parent=1821"}],"curies":[{"name":"wp","href":"https:\/\/api.w.org\/{rel}","templated":true}]}}