{"id":1822,"date":"2023-11-01T23:34:59","date_gmt":"2023-11-01T23:34:59","guid":{"rendered":"https:\/\/exceladvisor.org\/tr\/hucrede-yeni-satir\/"},"modified":"2023-12-10T06:04:11","modified_gmt":"2023-12-10T06:04:11","slug":"hucrede-yeni-satir","status":"publish","type":"page","link":"https:\/\/exceladvisor.org\/tr\/hucrede-yeni-satir\/","title":{"rendered":"H\u00fccreye yeni sat\u0131r nas\u0131l eklenir?"},"content":{"rendered":"<div class=\"excel-icerikten-once\" id=\"excel-2499389878\"><script type=\"text\/javascript\">\r\n\tatOptions = {\r\n\t\t'key' : 'c1158f160081d6540a8409e6925dab94',\r\n\t\t'format' : 'iframe',\r\n\t\t'height' : 250,\r\n\t\t'width' : 300,\r\n\t\t'params' : {}\r\n\t};\r\n<\/script>\r\n<script type=\"text\/javascript\" src=\"\/\/www.highperformanceformat.com\/c1158f160081d6540a8409e6925dab94\/invoke.js\"><\/script><\/div> <p>Excel&#8217;de bir h\u00fccreye yeni bir sat\u0131r ba\u015flatmak veya eklemek i\u00e7in \u00e7e\u015fitli y\u00f6ntemler kullanabilirsiniz. Ancak en kolay\u0131, de\u011fer girerken kullanabilece\u011finiz <strong>Alt + Enter <a href=\"https:\/\/exceladvisor.org\/tr\/klavye-kisayollari\/\">klavye k\u0131sayolunu<\/a><\/strong> kullanmakt\u0131r ve bunun d\u0131\u015f\u0131nda TEXTJOIN ve CONCATENATE gibi bir form\u00fclle de kullanabilirsiniz.<\/p><p> Bu derste t\u00fcm bu y\u00f6ntemlere bakaca\u011f\u0131z ve ihtiya\u00e7lar\u0131n\u0131za g\u00f6re bunlardan herhangi birini se\u00e7ebilirsiniz. <\/p><div class=\"gb-container gb-container-52dfcee1 gb-container-sample-file\"><h2 class=\"gb-headline gb-headline-e289c143 gb-headline-text gb-headline-4f7959c2\"> Excel dosyas\u0131n\u0131 al\u0131n<\/h2> <a class=\"gb-button gb-button-e88d6bee gb-button-text gb-button-button1\" href=\"https:\/\/exceladvisor.org\/wp-content\/uploads\/2023\/11\/ajouter-une-nouvelle-ligne.xlsx\" rel=\"nofollow\">\u0130ndirmek<\/a><\/div><h2 class=\"wp-block-heading\"> H\u00fccrede Excel&#8217;de Yeni Bir Sat\u0131r Ba\u015flatma Ad\u0131mlar\u0131 (Elle)<\/h2><p> A\u015fa\u011f\u0131daki \u00f6rnekte soyad\u0131m\u0131 A1 h\u00fccresine eklemek istiyorum ancak soyad\u0131m\u0131 yaln\u0131zca h\u00fccrenin i\u00e7indeki yeni bir sat\u0131ra eklemek istiyorum. \u00d6yleyse bunu yapmak i\u00e7in a\u015fa\u011f\u0131daki ad\u0131mlar\u0131 kullanal\u0131m: <\/p><div class=\"wp-block-image\"><figure class=\"aligncenter size-full is-resized\"><img loading=\"lazy\" decoding=\"async\" class=\"wp-image-72328\" src=\"https:\/\/exceladvisor.org\/wp-content\/uploads\/2023\/08\/1-ajouter-une-nouvelle-ligne.png\" sizes=\"auto, \" srcset=\"\" alt=\"yeni bir sat\u0131r ekle\" width=\"468\" height=\"436\"><\/figure><\/div><ol><li> Yapman\u0131z gereken ilk \u015fey <a href=\"https:\/\/exceladvisor.org\/tr\/hucreyi-duzenle\/\">h\u00fccreyi d\u00fczenlemek<\/a> ve ilk de\u011feri normal \u015fekilde yazarak girmek. <br><img loading=\"lazy\" decoding=\"async\" title=\"2-metin girin\" src=\"https:\/\/exceladvisor.org\/wp-content\/uploads\/2023\/08\/2-saisir-le-texte.png\" sizes=\"auto, \" srcset=\"\" alt=\"enter-the-text\" width=\"419\" height=\"197\"><\/li><li> Bundan sonra klavyenizdeki ALT tu\u015funu bas\u0131l\u0131 tutman\u0131z gerekir.<\/li><li> Daha sonra ALT tu\u015funu bas\u0131l\u0131 tutarken Enter tu\u015funa basman\u0131z gerekir. Bu, imlecinizi yeni sat\u0131ra ta\u015f\u0131yacakt\u0131r. <br><img loading=\"lazy\" decoding=\"async\" title=\"Enter ve Alt tu\u015flar\u0131na 3 kez bas\u0131lmas\u0131\" src=\"https:\/\/exceladvisor.org\/wp-content\/uploads\/2023\/08\/3-appuyez-sur-les-touches-entree-et-alt.png\" sizes=\"auto, \" srcset=\"\" alt=\"press-enter-and-alt-keys\" width=\"426\" height=\"166\"><\/li><li> Art\u0131k ikinci sat\u0131ra soyad\u0131n\u0131z\u0131 sadece yazarak girebilirsiniz. <br><img loading=\"lazy\" decoding=\"async\" title=\"4-ikinci sat\u0131ra girin\" src=\"https:\/\/exceladvisor.org\/wp-content\/uploads\/2023\/08\/4-entrer-en-deuxieme-ligne.png\" sizes=\"auto, \" srcset=\"\" alt=\"enter-in-second-line\" width=\"422\" height=\"203\"><\/li><li> Sonunda h\u00fccre d\u00fczenleme modundan \u00e7\u0131kmak i\u00e7in Enter tu\u015funa bas\u0131n. <br><img loading=\"lazy\" decoding=\"async\" title=\"5-enter tu\u015funa bas\u0131n\" src=\"https:\/\/exceladvisor.org\/wp-content\/uploads\/2023\/08\/5-appuyez-sur-entree.png\" sizes=\"auto, \" srcset=\"\" alt=\"hit-the-enter\" width=\"425\" height=\"158\"><\/li><\/ol><p> Yani burada, h\u00fccrenin yeni sat\u0131r\u0131nda (ikinci sat\u0131r) bir de\u011fere sahip oldu\u011funuz bir h\u00fccreniz var.<\/p><p> Ancak bilmeniz gereken bir \u015fey var, klavye k\u0131sayolunu kullanarak h\u00fccreye yeni bir sat\u0131r ekledi\u011finizde, <strong>Excel <a href=\"https:\/\/exceladvisor.org\/tr\/metni-sar\/\">otomatik olarak o h\u00fccre i\u00e7in metin kayd\u0131rmay\u0131 etkinle\u015ftirir<\/a> .<\/strong> <\/p><div class=\"wp-block-image\"><figure class=\"aligncenter size-full is-resized\"><img loading=\"lazy\" decoding=\"async\" class=\"wp-image-72333\" src=\"https:\/\/exceladvisor.org\/wp-content\/uploads\/2023\/08\/6-habillage-du-texte-active.png\" sizes=\"auto, \" srcset=\"\" alt=\"metin sarma etkin\" width=\"592\" height=\"347\"><\/figure><\/div><p> \u015eimdi, h\u00fccreden bu kayd\u0131rma metni format\u0131n\u0131 kald\u0131r\u0131rsan\u0131z, de\u011ferleri girerken ekledi\u011finiz h\u00fccredeki yeni sat\u0131r\u0131 da kald\u0131racakt\u0131r. <\/p><div class=\"wp-block-image\"><figure class=\"aligncenter size-full is-resized\"><img loading=\"lazy\" decoding=\"async\" class=\"wp-image-72334\" src=\"https:\/\/exceladvisor.org\/wp-content\/uploads\/2023\/08\/7-supprimer-le-texte-dhabillage.png\" sizes=\"auto, \" srcset=\"\" alt=\"kayd\u0131rma metnini kald\u0131r\" width=\"591\" height=\"360\"><\/figure><\/div><h2 class=\"wp-block-heading\"> Excel&#8217;de bir h\u00fccreye yeni bir sat\u0131r ekleme form\u00fcl\u00fc<\/h2><p> Ayn\u0131 anda birden fazla h\u00fccreye yeni bir sat\u0131r eklemeniz gerekiyorsa en iyi yol form\u00fcl kullanmakt\u0131r. A\u015fa\u011f\u0131daki \u00f6rnekte A ve B s\u00fctunlar\u0131nda <a href=\"https:\/\/exceladvisor.org\/tr\/ilk-son-kelimeyi-al\/\">ad\u0131n\u0131z ve soyad\u0131n\u0131z<\/a> var. <\/p><div class=\"wp-block-image\"><figure class=\"aligncenter size-full is-resized\"><img loading=\"lazy\" decoding=\"async\" class=\"wp-image-72335\" src=\"https:\/\/exceladvisor.org\/wp-content\/uploads\/2023\/08\/8-ajouter-une-nouvelle-ligne-dans-les-cellules.png\" sizes=\"auto, \" srcset=\"\" alt=\"h\u00fccrelere yeni sat\u0131r ekle\" width=\"506\" height=\"331\"><\/figure><\/div><p> \u015eimdi C s\u00fctunundaki tam ad\u0131 almak i\u00e7in her ikisini de B\u0130RLE\u015eT\u0130RMEN\u0130Z gerekiyor. Burada ayr\u0131ca h\u00fccreye yeni bir sat\u0131r girmek i\u00e7in CHAR i\u015flevini kullanman\u0131z gerekir. <\/p><div class=\"wp-block-image\"><figure class=\"aligncenter size-full is-resized\"><img loading=\"lazy\" decoding=\"async\" class=\"wp-image-72336\" src=\"https:\/\/exceladvisor.org\/wp-content\/uploads\/2023\/08\/9-concatenation-et-fonction-char.png\" sizes=\"auto, \" srcset=\"\" alt=\"birle\u015ftirme ve karakter i\u015flevi\" width=\"610\" height=\"552\"><\/figure><\/div><ol type=\"1\"><li> Yap\u0131lacak ilk \u015fey C2 h\u00fccresindeki birle\u015ftirme fonksiyonuna girmek.<\/li><li> Bundan sonra, ilk arg\u00fcmanda ad\u0131n\u0131z\u0131n bulundu\u011fu A2 h\u00fccresine bak\u0131n.<\/li><li> Daha sonra ikinci arg\u00fcmana CHAR fonksiyonunu girin ve arg\u00fcman de\u011feri olarak 10&#8217;u kullan\u0131n.<\/li><li> Buradan \u00fc\u00e7\u00fcnc\u00fc ba\u011f\u0131ms\u0131z de\u011fi\u015fkende soyad\u0131n\u0131z\u0131n bulundu\u011fu B2 h\u00fccresine bak\u0131n.<\/li><li> \u015eimdi Enter tu\u015funa bas\u0131n ve bu form\u00fcl\u00fc s\u00fctundaki t\u00fcm adlara uygulay\u0131n.<\/li><li> Son olarak sat\u0131r sonunu elde etmek i\u00e7in sarma metnini C s\u00fctununun tamam\u0131na uygulaman\u0131z gerekir.<\/li><\/ol><pre class=\"wp-block-code\"> <code class=\"language-excel-formula\" lang=\"excel-formula\">=CONCATENATE(A2,CHAR(10),B2)<\/code><\/pre><p> Ayn\u0131 \u015fekilde h\u00fccredeki iki de\u011feri birle\u015ftirmenize yard\u0131mc\u0131 olan TEXTJOIN&#8217;i de kullanabilir ve ard\u0131ndan CHAR i\u015flevini kullanarak h\u00fccreye yeni bir sat\u0131r (sat\u0131r sonu) ekleyebilirsiniz. <\/p><div class=\"wp-block-image\"><figure class=\"aligncenter size-full is-resized\"><img loading=\"lazy\" decoding=\"async\" class=\"wp-image-72337\" src=\"https:\/\/exceladvisor.org\/wp-content\/uploads\/2023\/08\/10-fonction-textjoin-et-char.png\" sizes=\"auto, \" srcset=\"\" alt=\"textjoin-ve-char-i\u015flevi\" width=\"599\" height=\"581\"><\/figure><\/div><pre class=\"wp-block-code\"> <code class=\"language-excel-formula\" lang=\"excel-formula\">=TEXTJOIN(CHAR(10),TRUE,A2:B2)<\/code><\/pre><p> TEXTJOIN ve CHAR kullanarak bir form\u00fcl olu\u015fturduktan sonra, h\u00fccreye sarma metni bi\u00e7imlendirmesi de uygulaman\u0131z gerekir; b\u00f6ylece <a href=\"https:\/\/exceladvisor.org\/tr\/satir-sonunu-birlestirme\/\">sat\u0131r sonu<\/a> kullanarak iki de\u011feri iki farkl\u0131 sat\u0131rda g\u00f6r\u00fcnt\u00fcler.<\/p><h2 class=\"wp-block-heading\"> H\u00fccreye Yeni Bir Sat\u0131r Eklemek i\u00e7in Adland\u0131r\u0131lm\u0131\u015f Aral\u0131k Hilesi<\/h2><p> Ayr\u0131ca Excel&#8217;de adland\u0131r\u0131lm\u0131\u015f bir aral\u0131k olu\u015fturabilir ve bu adland\u0131r\u0131lm\u0131\u015f aral\u0131\u011f\u0131n i\u00e7ine bir CHAR i\u015flevi ekleyebilirsiniz. Form\u00fcl sekmesine gidin \u21e2 Ad Y\u00f6neticisi \u21e2 Yeni. <\/p><div class=\"wp-block-image\"><figure class=\"aligncenter size-full is-resized\"><img loading=\"lazy\" decoding=\"async\" class=\"wp-image-72338\" src=\"https:\/\/exceladvisor.org\/wp-content\/uploads\/2023\/08\/11-plage-nommee-pour-inserer-une-ligne.png\" sizes=\"auto, \" srcset=\"\" alt=\"ekleme sat\u0131r\u0131na y\u00f6nelik adland\u0131r\u0131lm\u0131\u015f aral\u0131k\" width=\"453\" height=\"301\"><\/figure><\/div><p> Art\u0131k iki de\u011feri birle\u015ftirirken bir h\u00fccreye yeni bir sat\u0131r eklemek istiyorsan\u0131z a\u015fa\u011f\u0131daki gibi bir form\u00fcl kullanabilirsiniz. <\/p><div class=\"wp-block-image\"><figure class=\"aligncenter size-full is-resized\"><img loading=\"lazy\" decoding=\"async\" class=\"wp-image-72339\" src=\"https:\/\/exceladvisor.org\/wp-content\/uploads\/2023\/08\/12-formules-pour-combiner-des-valeurs-dans-des-lignes.png\" sizes=\"auto, \" srcset=\"\" alt=\"sat\u0131rlardaki de\u011ferleri birle\u015ftirmek i\u00e7in form\u00fcl\" width=\"600\" height=\"589\"><\/figure><\/div><p> Bu y\u00f6ntemde, yeni sat\u0131rdaki ikinci de\u011feri elde etmek i\u00e7in h\u00fccreye kayd\u0131rma metni de uygulaman\u0131z gerekir.<\/p><div class=\"gb-container gb-container-0df56012 gb-container-mt\"> <a class=\"gb-button gb-button-f9f432f4 gb-button-text gb-button-mt-button\" href=\"https:\/\/exceladvisor.org\/tr\/formuller\/\">Excel form\u00fcllerinin listesi<\/a><h2 class=\"gb-headline gb-headline-233444e8 gb-headline-text gb-headline-mt-heading\"> \u0130lgili form\u00fcller <\/h2><div class=\"gb-grid-wrapper gb-grid-wrapper-a16fa65c gb-grid-wrapper-mt-grid\"><div class=\"gb-grid-column gb-grid-column-50d07e0d\"><div class=\"gb-container gb-container-50d07e0d\"><ul><li> <a href=\"https:\/\/exceladvisor.org\/tr\/bastaki-sifirlar\/\">Excel&#8217;de ba\u015ftaki s\u0131f\u0131rlar\u0131 ekleme<\/a><\/li><li> <a href=\"https:\/\/exceladvisor.org\/tr\/hucreleri-virgulle-birlestir\/\">Excel&#8217;de h\u00fccreleri virg\u00fclle birle\u015ftirme (birle\u015ftirme)<\/a><\/li><li> <a href=\"https:\/\/exceladvisor.org\/tr\/bir-dizi-hucreyi-birlestirmek\/\">Excel&#8217;de bir dizi h\u00fccreyi birle\u015ftirme (birle\u015ftirme)<\/a><\/li><li> <a href=\"https:\/\/exceladvisor.org\/tr\/satir-sonunu-birlestirme\/\">Excel&#8217;de sat\u0131r sonuyla birle\u015ftirme<\/a><\/li><\/ul><\/div><\/div><\/div><\/div>","protected":false},"excerpt":{"rendered":"","protected":false},"author":1,"featured_media":0,"parent":0,"menu_order":0,"comment_status":"open","ping_status":"closed","template":"","meta":{"ub_ctt_via":"","footnotes":""},"class_list":["post-1822","page","type-page","status-publish","hentry"],"featured_image_src":null,"yoast_head":"<!-- This site is optimized with the Yoast SEO plugin v25.4 - https:\/\/yoast.com\/wordpress\/plugins\/seo\/ -->\n<title>\u25b7 H\u00fccreye yeni sat\u0131r nas\u0131l eklenir?<\/title>\n<meta name=\"description\" content=\"Bu dersimizde Excel&#039;de bir h\u00fccreye nas\u0131l yeni sat\u0131r eklenece\u011fini \u00f6\u011frenece\u011fiz. Bunun i\u00e7in farkl\u0131 y\u00f6ntemlerimiz var\" \/>\n<meta name=\"robots\" content=\"index, follow, max-snippet:-1, max-image-preview:large, max-video-preview:-1\" \/>\n<link rel=\"canonical\" href=\"https:\/\/exceladvisor.org\/tr\/hucrede-yeni-satir\/\" \/>\n<meta property=\"og:locale\" content=\"tr_TR\" \/>\n<meta property=\"og:type\" content=\"article\" \/>\n<meta property=\"og:title\" content=\"\u25b7 H\u00fccreye yeni sat\u0131r nas\u0131l eklenir?\" \/>\n<meta property=\"og:description\" content=\"Bu dersimizde Excel&#039;de bir h\u00fccreye nas\u0131l yeni sat\u0131r eklenece\u011fini \u00f6\u011frenece\u011fiz. Bunun i\u00e7in farkl\u0131 y\u00f6ntemlerimiz var\" \/>\n<meta property=\"og:url\" content=\"https:\/\/exceladvisor.org\/tr\/hucrede-yeni-satir\/\" \/>\n<meta property=\"og:site_name\" content=\"Excel Advisor\" \/>\n<meta property=\"article:modified_time\" content=\"2023-12-10T06:04:11+00:00\" \/>\n<meta property=\"og:image\" content=\"https:\/\/exceladvisor.org\/wp-content\/uploads\/2023\/08\/1-ajouter-une-nouvelle-ligne.png\" \/>\n<meta name=\"twitter:card\" content=\"summary_large_image\" \/>\n<meta name=\"twitter:label1\" content=\"Tahmini okuma s\u00fcresi\" \/>\n\t<meta name=\"twitter:data1\" content=\"3 dakika\" \/>\n<script type=\"application\/ld+json\" class=\"yoast-schema-graph\">{\"@context\":\"https:\/\/schema.org\",\"@graph\":[{\"@type\":\"WebPage\",\"@id\":\"https:\/\/exceladvisor.org\/tr\/hucrede-yeni-satir\/\",\"url\":\"https:\/\/exceladvisor.org\/tr\/hucrede-yeni-satir\/\",\"name\":\"\u25b7 H\u00fccreye yeni sat\u0131r nas\u0131l eklenir?\",\"isPartOf\":{\"@id\":\"https:\/\/exceladvisor.org\/tr\/#website\"},\"primaryImageOfPage\":{\"@id\":\"https:\/\/exceladvisor.org\/tr\/hucrede-yeni-satir\/#primaryimage\"},\"image\":{\"@id\":\"https:\/\/exceladvisor.org\/tr\/hucrede-yeni-satir\/#primaryimage\"},\"thumbnailUrl\":\"https:\/\/exceladvisor.org\/wp-content\/uploads\/2023\/08\/1-ajouter-une-nouvelle-ligne.png\",\"datePublished\":\"2023-11-01T23:34:59+00:00\",\"dateModified\":\"2023-12-10T06:04:11+00:00\",\"description\":\"Bu dersimizde Excel&#39;de bir h\u00fccreye nas\u0131l yeni sat\u0131r eklenece\u011fini \u00f6\u011frenece\u011fiz. Bunun i\u00e7in farkl\u0131 y\u00f6ntemlerimiz var\",\"breadcrumb\":{\"@id\":\"https:\/\/exceladvisor.org\/tr\/hucrede-yeni-satir\/#breadcrumb\"},\"inLanguage\":\"tr\",\"potentialAction\":[{\"@type\":\"ReadAction\",\"target\":[\"https:\/\/exceladvisor.org\/tr\/hucrede-yeni-satir\/\"]}]},{\"@type\":\"ImageObject\",\"inLanguage\":\"tr\",\"@id\":\"https:\/\/exceladvisor.org\/tr\/hucrede-yeni-satir\/#primaryimage\",\"url\":\"https:\/\/exceladvisor.org\/wp-content\/uploads\/2023\/08\/1-ajouter-une-nouvelle-ligne.png\",\"contentUrl\":\"https:\/\/exceladvisor.org\/wp-content\/uploads\/2023\/08\/1-ajouter-une-nouvelle-ligne.png\"},{\"@type\":\"BreadcrumbList\",\"@id\":\"https:\/\/exceladvisor.org\/tr\/hucrede-yeni-satir\/#breadcrumb\",\"itemListElement\":[{\"@type\":\"ListItem\",\"position\":1,\"name\":\"Ev\",\"item\":\"https:\/\/exceladvisor.org\/tr\/\"},{\"@type\":\"ListItem\",\"position\":2,\"name\":\"H\u00fccreye yeni sat\u0131r nas\u0131l eklenir?\"}]},{\"@type\":\"WebSite\",\"@id\":\"https:\/\/exceladvisor.org\/tr\/#website\",\"url\":\"https:\/\/exceladvisor.org\/tr\/\",\"name\":\"Excel Advisor\",\"description\":\"Veri hakimiyetine y\u00f6nelik nihai rehberiniz!\",\"publisher\":{\"@id\":\"https:\/\/exceladvisor.org\/tr\/#organization\"},\"potentialAction\":[{\"@type\":\"SearchAction\",\"target\":{\"@type\":\"EntryPoint\",\"urlTemplate\":\"https:\/\/exceladvisor.org\/tr\/?s={search_term_string}\"},\"query-input\":{\"@type\":\"PropertyValueSpecification\",\"valueRequired\":true,\"valueName\":\"search_term_string\"}}],\"inLanguage\":\"tr\"},{\"@type\":\"Organization\",\"@id\":\"https:\/\/exceladvisor.org\/tr\/#organization\",\"name\":\"Excel Advisor\",\"url\":\"https:\/\/exceladvisor.org\/tr\/\",\"logo\":{\"@type\":\"ImageObject\",\"inLanguage\":\"tr\",\"@id\":\"https:\/\/exceladvisor.org\/tr\/#\/schema\/logo\/image\/\",\"url\":\"https:\/\/exceladvisor.org\/tr\/wp-content\/uploads\/2023\/12\/exceladvisor.org_.png\",\"contentUrl\":\"https:\/\/exceladvisor.org\/tr\/wp-content\/uploads\/2023\/12\/exceladvisor.org_.png\",\"width\":105,\"height\":36,\"caption\":\"Excel Advisor\"},\"image\":{\"@id\":\"https:\/\/exceladvisor.org\/tr\/#\/schema\/logo\/image\/\"}}]}<\/script>\n<!-- \/ Yoast SEO plugin. -->","yoast_head_json":{"title":"\u25b7 H\u00fccreye yeni sat\u0131r nas\u0131l eklenir?","description":"Bu dersimizde Excel&#39;de bir h\u00fccreye nas\u0131l yeni sat\u0131r eklenece\u011fini \u00f6\u011frenece\u011fiz. Bunun i\u00e7in farkl\u0131 y\u00f6ntemlerimiz var","robots":{"index":"index","follow":"follow","max-snippet":"max-snippet:-1","max-image-preview":"max-image-preview:large","max-video-preview":"max-video-preview:-1"},"canonical":"https:\/\/exceladvisor.org\/tr\/hucrede-yeni-satir\/","og_locale":"tr_TR","og_type":"article","og_title":"\u25b7 H\u00fccreye yeni sat\u0131r nas\u0131l eklenir?","og_description":"Bu dersimizde Excel&#39;de bir h\u00fccreye nas\u0131l yeni sat\u0131r eklenece\u011fini \u00f6\u011frenece\u011fiz. Bunun i\u00e7in farkl\u0131 y\u00f6ntemlerimiz var","og_url":"https:\/\/exceladvisor.org\/tr\/hucrede-yeni-satir\/","og_site_name":"Excel Advisor","article_modified_time":"2023-12-10T06:04:11+00:00","og_image":[{"url":"https:\/\/exceladvisor.org\/wp-content\/uploads\/2023\/08\/1-ajouter-une-nouvelle-ligne.png","type":"","width":"","height":""}],"twitter_card":"summary_large_image","twitter_misc":{"Tahmini okuma s\u00fcresi":"3 dakika"},"schema":{"@context":"https:\/\/schema.org","@graph":[{"@type":"WebPage","@id":"https:\/\/exceladvisor.org\/tr\/hucrede-yeni-satir\/","url":"https:\/\/exceladvisor.org\/tr\/hucrede-yeni-satir\/","name":"\u25b7 H\u00fccreye yeni sat\u0131r nas\u0131l eklenir?","isPartOf":{"@id":"https:\/\/exceladvisor.org\/tr\/#website"},"primaryImageOfPage":{"@id":"https:\/\/exceladvisor.org\/tr\/hucrede-yeni-satir\/#primaryimage"},"image":{"@id":"https:\/\/exceladvisor.org\/tr\/hucrede-yeni-satir\/#primaryimage"},"thumbnailUrl":"https:\/\/exceladvisor.org\/wp-content\/uploads\/2023\/08\/1-ajouter-une-nouvelle-ligne.png","datePublished":"2023-11-01T23:34:59+00:00","dateModified":"2023-12-10T06:04:11+00:00","description":"Bu dersimizde Excel&#39;de bir h\u00fccreye nas\u0131l yeni sat\u0131r eklenece\u011fini \u00f6\u011frenece\u011fiz. Bunun i\u00e7in farkl\u0131 y\u00f6ntemlerimiz var","breadcrumb":{"@id":"https:\/\/exceladvisor.org\/tr\/hucrede-yeni-satir\/#breadcrumb"},"inLanguage":"tr","potentialAction":[{"@type":"ReadAction","target":["https:\/\/exceladvisor.org\/tr\/hucrede-yeni-satir\/"]}]},{"@type":"ImageObject","inLanguage":"tr","@id":"https:\/\/exceladvisor.org\/tr\/hucrede-yeni-satir\/#primaryimage","url":"https:\/\/exceladvisor.org\/wp-content\/uploads\/2023\/08\/1-ajouter-une-nouvelle-ligne.png","contentUrl":"https:\/\/exceladvisor.org\/wp-content\/uploads\/2023\/08\/1-ajouter-une-nouvelle-ligne.png"},{"@type":"BreadcrumbList","@id":"https:\/\/exceladvisor.org\/tr\/hucrede-yeni-satir\/#breadcrumb","itemListElement":[{"@type":"ListItem","position":1,"name":"Ev","item":"https:\/\/exceladvisor.org\/tr\/"},{"@type":"ListItem","position":2,"name":"H\u00fccreye yeni sat\u0131r nas\u0131l eklenir?"}]},{"@type":"WebSite","@id":"https:\/\/exceladvisor.org\/tr\/#website","url":"https:\/\/exceladvisor.org\/tr\/","name":"Excel Advisor","description":"Veri hakimiyetine y\u00f6nelik nihai rehberiniz!","publisher":{"@id":"https:\/\/exceladvisor.org\/tr\/#organization"},"potentialAction":[{"@type":"SearchAction","target":{"@type":"EntryPoint","urlTemplate":"https:\/\/exceladvisor.org\/tr\/?s={search_term_string}"},"query-input":{"@type":"PropertyValueSpecification","valueRequired":true,"valueName":"search_term_string"}}],"inLanguage":"tr"},{"@type":"Organization","@id":"https:\/\/exceladvisor.org\/tr\/#organization","name":"Excel Advisor","url":"https:\/\/exceladvisor.org\/tr\/","logo":{"@type":"ImageObject","inLanguage":"tr","@id":"https:\/\/exceladvisor.org\/tr\/#\/schema\/logo\/image\/","url":"https:\/\/exceladvisor.org\/tr\/wp-content\/uploads\/2023\/12\/exceladvisor.org_.png","contentUrl":"https:\/\/exceladvisor.org\/tr\/wp-content\/uploads\/2023\/12\/exceladvisor.org_.png","width":105,"height":36,"caption":"Excel Advisor"},"image":{"@id":"https:\/\/exceladvisor.org\/tr\/#\/schema\/logo\/image\/"}}]}},"yoast_meta":{"yoast_wpseo_title":"","yoast_wpseo_metadesc":"","yoast_wpseo_canonical":""},"_links":{"self":[{"href":"https:\/\/exceladvisor.org\/tr\/wp-json\/wp\/v2\/pages\/1822","targetHints":{"allow":["GET"]}}],"collection":[{"href":"https:\/\/exceladvisor.org\/tr\/wp-json\/wp\/v2\/pages"}],"about":[{"href":"https:\/\/exceladvisor.org\/tr\/wp-json\/wp\/v2\/types\/page"}],"author":[{"embeddable":true,"href":"https:\/\/exceladvisor.org\/tr\/wp-json\/wp\/v2\/users\/1"}],"replies":[{"embeddable":true,"href":"https:\/\/exceladvisor.org\/tr\/wp-json\/wp\/v2\/comments?post=1822"}],"version-history":[{"count":1,"href":"https:\/\/exceladvisor.org\/tr\/wp-json\/wp\/v2\/pages\/1822\/revisions"}],"predecessor-version":[{"id":2696,"href":"https:\/\/exceladvisor.org\/tr\/wp-json\/wp\/v2\/pages\/1822\/revisions\/2696"}],"wp:attachment":[{"href":"https:\/\/exceladvisor.org\/tr\/wp-json\/wp\/v2\/media?parent=1822"}],"curies":[{"name":"wp","href":"https:\/\/api.w.org\/{rel}","templated":true}]}}