{"id":1823,"date":"2023-11-01T18:30:27","date_gmt":"2023-11-01T18:30:27","guid":{"rendered":"https:\/\/exceladvisor.org\/tr\/cvnize-ekleyin\/"},"modified":"2023-12-10T06:00:00","modified_gmt":"2023-12-10T06:00:00","slug":"cvnize-ekleyin","status":"publish","type":"page","link":"https:\/\/exceladvisor.org\/tr\/cvnize-ekleyin\/","title":{"rendered":"Excel uzmanl\u0131\u011f\u0131n\u0131z\u0131 cv&#39;de nas\u0131l g\u00f6sterirsiniz?"},"content":{"rendered":"<div class=\"excel-icerikten-once\" id=\"excel-3932080248\"><script type=\"text\/javascript\">\r\n\tatOptions = {\r\n\t\t'key' : 'c1158f160081d6540a8409e6925dab94',\r\n\t\t'format' : 'iframe',\r\n\t\t'height' : 250,\r\n\t\t'width' : 300,\r\n\t\t'params' : {}\r\n\t};\r\n<\/script>\r\n<script type=\"text\/javascript\" src=\"\/\/www.highperformanceformat.com\/c1158f160081d6540a8409e6925dab94\/invoke.js\"><\/script><\/div> <p><img loading=\"lazy\" decoding=\"async\" class=\"aligncenter\" style=\"aspect-ratio: auto 500 \/ 500;\" title=\"\u00f6zge\u00e7mi\u015finize-beceri-ekleyin\" src=\"https:\/\/exceladvisor.org\/wp-content\/uploads\/2023\/08\/1-ajouter-des-competences-a-votre-CV.png\" sizes=\"auto, \" srcset=\"\" alt=\"add-skills-to-your-resume\" width=\"195\" height=\"195\" data-id=\"90027\" data-init-width=\"500\" data-init-height=\"500\" data-width=\"195\" data-height=\"195\"><\/p><p> Excel \u00e7ok geni\u015f kullan\u0131m alan\u0131na sahip bir uygulamad\u0131r ve \u00f6\u011frenmeye ba\u015flad\u0131\u011f\u0131n\u0131zda \u00f6\u011frenebilece\u011finiz y\u00fczlerce \u00f6zelli\u011fin oldu\u011funu anlayacaks\u0131n\u0131z.<\/p><p> \u015eimdi en b\u00fcy\u00fck soru, onu \u00f6\u011frendi\u011finizde ve baz\u0131 temel \u00f6zelliklerinde ve se\u00e7eneklerinde uzmanla\u015ft\u0131\u011f\u0131n\u0131zda, bunu \u00f6zge\u00e7mi\u015finizde veya CV&#8217;nizde nas\u0131l g\u00f6sterebilece\u011finizdir? Ula\u015fabilece\u011finiz \u00fc\u00e7 ana Excel beceri d\u00fczeyi vard\u0131r:<\/p><ul><li> <span data-preserver-spaces=\"true\">Temel<\/span><\/li><li> <span data-preserver-spaces=\"true\">Orta seviye<\/span><\/li><li> <span data-preserver-spaces=\"true\">\u0130lerlemek<\/span><\/li><\/ul><p> \u00c7o\u011fu Excel kullan\u0131c\u0131s\u0131 \u00f6zge\u00e7mi\u015flerinde becerilerini tan\u0131mlamak i\u00e7in bu \u00fc\u00e7 seviyeyi kullan\u0131r. Ancak anlamay\u0131 d\u00fc\u015f\u00fcn\u00fcrseniz, bu seviyelerin becerilerinizi do\u011fru \u015fekilde temsil etmedi\u011fini g\u00f6r\u00fcrs\u00fcn\u00fcz.<\/p><h2> Peki CV&#8217;de Excel becerilerimden bahsetmenin do\u011fru yolu nedir?<\/h2><p> <em>\u00d6nemli olan Microsoft Excel&#8217;i ne kadar iyi bildi\u011finiz de\u011fil, i\u015finize ve i\u015fletmenize bu konuda nas\u0131l yard\u0131mc\u0131 olabilece\u011finizdir.<\/em><\/p><p> A\u015fa\u011f\u0131da, \u00f6zge\u00e7mi\u015finizde bahsedebilece\u011finiz, i\u015finize yard\u0131mc\u0131 olmas\u0131 i\u00e7in Excel&#8217;i kullanman\u0131n be\u015f \u00f6nemli yolu bulunmaktad\u0131r. <\/p><p><img loading=\"lazy\" decoding=\"async\" style=\"aspect-ratio: auto 944 \/ 306;\" title=\"\u00d6zge\u00e7mi\u015finize-beceri-eklemek i\u00e7in beceri \u00f6l\u00e7er\" src=\"https:\/\/exceladvisor.org\/wp-content\/uploads\/2023\/08\/compteur-de-competences-pour-ajouter-des-competences-a-votre-CV.png\" sizes=\"auto, \" srcset=\"\" alt=\"skill-meter-to-add-skills-to-your-resume\" width=\"607\" height=\"197\" data-id=\"90609\" data-init-width=\"944\" data-init-height=\"306\" data-width=\"607\" data-height=\"197\"><\/p><p> <a style=\"outline: none;\" href=\"https:\/\/exceladvisor.org\/wp-content\/uploads\/2023\/11\/modele-de-competences-excel.xlsx\" rel=\"nofollow\">excel-beceri-\u015fablonu.xlsx<\/a><\/p><h3> (1). Verileri nas\u0131l y\u00f6netece\u011fimi ve yap\u0131land\u0131raca\u011f\u0131m\u0131 biliyorum<\/h3><p> Her \u015fey verilerle ba\u015flar. \u0130\u015fte bu nedenle verileri Excel ile nas\u0131l y\u00f6netece\u011finizi bilmek \u00f6nemlidir. CV verilerinizi ne kadar iyi y\u00f6netebilece\u011finizi anlatabilirsiniz.<\/p><p> Diyelim ki veri i\u00e7eren \u00e7ok say\u0131da Excel dosyan\u0131z var ve \u015fimdi t\u00fcm bu dosyalardaki verileri birle\u015ftirmeniz gerekiyor. \u015eimdi bu, bunu Excel ile nas\u0131l yapaca\u011f\u0131n\u0131z\u0131 bilmenizi gerektiriyor. Bunu ba\u015farman\u0131n en iyi yolu Power Query veya VBA kullanmakt\u0131r.<\/p><ul><li> Birden fazla Excel dosyas\u0131n\u0131 birle\u015ftirme<\/li><li> <a style=\"outline: none;\" href=\"https:\/\/exceladvisor.org\/tr\/calisma-kitaplarini-birlestir\/\">Excel \u00e7al\u0131\u015fma kitaplar\u0131n\u0131 VBA ile birle\u015ftirin<\/a><\/li><\/ul><h3> (2). Daha fazla kullan\u0131m i\u00e7in verileri temizleyebilir ve d\u00f6n\u00fc\u015ft\u00fcrebilirim<\/h3><p> Bir i\u015fletmenin \u00f6nemli ihtiya\u00e7lar\u0131ndan biri temiz ve kullan\u0131ma haz\u0131r verilere sahip olmakt\u0131r. Bunlar da ustala\u015fman\u0131z ve \u00f6zge\u00e7mi\u015finizde bu konuda bahsetmeniz gereken becerilerdir.<\/p><p> Bunun i\u00e7in form\u00fcl\u00fc, fonksiyonlar\u0131 ve g\u00fc\u00e7 sorgusunu bilmeniz gerekir. Her ikisi de ham verileri raporlar ve g\u00f6sterge tablolar\u0131 i\u00e7in kullan\u0131ma haz\u0131r verilere d\u00f6n\u00fc\u015ft\u00fcrmenize yard\u0131mc\u0131 olabilir.<\/p><ul><li> <a href=\"https:\/\/exceladvisor.org\/tr\/formuller\/\">Excel form\u00fcllerinin listesi (Temel + Geli\u015fmi\u015f)<\/a><\/li><li> <a href=\"https:\/\/exceladvisor.org\/tr\/guc-talebi\/\">Verileri d\u00f6n\u00fc\u015ft\u00fcrmek i\u00e7in Power Query&#8217;yi kullanma<\/a><\/li><\/ul><h3> (3). Verileri grafik ve infografiklerle g\u00f6rsel olarak sunabilirim<\/h3><p> Grafik olu\u015fturmak, verilerinizi sunman\u0131n en iyi ve en g\u00fc\u00e7l\u00fc yollar\u0131ndan biridir. Excel&#8217;de, \u00f6nceden tan\u0131mlanm\u0131\u015f grafiklerin ve hatta olu\u015fturabilece\u011finiz infografiklerin uzun bir listesi vard\u0131r.<\/p><p> Excel&#8217;de grafikleri \u00f6zelle\u015ftirmek i\u00e7in stilleri de\u011fi\u015ftirme ve grafik \u00f6\u011feleri ekleme ve kald\u0131rma gibi bir\u00e7ok se\u00e7enek de vard\u0131r. Excel ayr\u0131ca grafi\u011finizi kopyalay\u0131p ba\u015fka bir uygulamaya yap\u0131\u015ft\u0131rman\u0131za ve resim olarak kaydetmenize de olanak tan\u0131r.<\/p><ul><li> <a href=\"https:\/\/exceladvisor.org\/tr\/excel-cizelgeleri\/\"><strong>Excel&#8217;deki Grafik T\u00fcrleri<\/strong><\/a><\/li><li> <a href=\"https:\/\/exceladvisor.org\/tr\/gelismis-grafikler\/\"><strong>Geli\u015fmi\u015f Excel Grafikleri<\/strong><\/a><\/li><\/ul><h3> (4). Daha iyi kararlar alman\u0131za yard\u0131mc\u0131 olacak raporlar ve g\u00f6sterge tablolar\u0131 olu\u015fturabilirim<\/h3><p> Sahip olabilece\u011finiz en \u00f6nemli becerilerden biri, Excel&#8217;deki verilerden raporlar ve g\u00f6sterge tablolar\u0131 olu\u015fturmakt\u0131. Raporlar ve g\u00f6sterge tablolar\u0131 ile ba\u015fkalar\u0131n\u0131n \u00f6ng\u00f6r\u00fc kazanmas\u0131na ve i\u015fletmenin daha iyi kararlar almas\u0131na yard\u0131mc\u0131 olabilirsiniz.<\/p><p> Pivot tablolar Excel&#8217;de rapor olu\u015fturman\u0131n \u00f6nemli bir par\u00e7as\u0131d\u0131r. Verileri an\u0131nda \u00f6zetlemenize yard\u0131mc\u0131 olur ve dinamiktir; yani kayna\u011fa yeni veri ekledi\u011finizde, onu tek t\u0131klamayla pivotta g\u00fcncelleyebilirsiniz.<\/p><ul><li> <a href=\"https:\/\/exceladvisor.org\/tr\/pivot-tablo\/\">Excel&#8217;de pivot tablolar\u0131n nas\u0131l kullan\u0131laca\u011f\u0131n\u0131 \u00f6\u011frenin<\/a><\/li><li> <a href=\"https:\/\/exceladvisor.org\/tr\/satis-raporu\/\"><strong>Excel&#8217;de sat\u0131\u015f raporu olu\u015fturma<\/strong><\/a><\/li><\/ul><h3> (5). Zamandan tasarruf etmek i\u00e7in Excel etkinliklerini VBA ile otomatikle\u015ftirebilirim<\/h3><p> Excel&#8217;de kodlar yazabilir ve etkinliklerinizi otomatikle\u015ftirebilirsiniz. \u00d6rne\u011fin tek t\u0131klamayla bir pivot tablo olu\u015fturabilirsiniz. Ve e\u011fer kodlar\u0131 nas\u0131l yazaca\u011f\u0131n\u0131z\u0131 ve i\u015fleri otomatikle\u015ftirece\u011finizi biliyorsan\u0131z, bunu CV&#8217;nizde belirtebilirsiniz.<\/p><p> VBA ile otomatikle\u015ftirme, bir programc\u0131 veya otomasyon uzman\u0131 tutman\u0131za gerek olmad\u0131\u011f\u0131ndan i\u015fletmenizin b\u00fcy\u00fck oranda tasarruf etmesine yard\u0131mc\u0131 olabilir. VBA&#8217;y\u0131 bilmek, Excel bilginize ekleyebilece\u011finiz harika bir beceridir.<\/p><ul><li> <strong><a style=\"outline: none;\" href=\"https:\/\/exceladvisor.org\/tr\/vba\/\">Excel&#8217;de VBA \u2013 Programlamay\u0131 \u00d6\u011frenmenin En \u0130yi Yolu<\/a><\/strong><\/li><li> Faydal\u0131 Excel Makro \u00d6rnekleri<\/li><\/ul>","protected":false},"excerpt":{"rendered":"","protected":false},"author":1,"featured_media":0,"parent":0,"menu_order":0,"comment_status":"open","ping_status":"closed","template":"","meta":{"ub_ctt_via":"","footnotes":""},"class_list":["post-1823","page","type-page","status-publish","hentry"],"featured_image_src":null,"yoast_head":"<!-- This site is optimized with the Yoast SEO plugin v25.4 - https:\/\/yoast.com\/wordpress\/plugins\/seo\/ -->\n<title>CV&#039;nizde Excel becerilerinizi a\u00e7\u0131klay\u0131n \u2013 Excel Dan\u0131\u015fman\u0131<\/title>\n<meta name=\"description\" content=\"Excel becerilerinizi \u00f6zge\u00e7mi\u015finize nas\u0131l ekleyece\u011finizi bilmiyorsan\u0131z, bu h\u0131zl\u0131 e\u011fitim size kolayca yard\u0131mc\u0131 olabilir.\" \/>\n<meta name=\"robots\" content=\"index, follow, max-snippet:-1, max-image-preview:large, max-video-preview:-1\" \/>\n<link rel=\"canonical\" href=\"https:\/\/exceladvisor.org\/tr\/cvnize-ekleyin\/\" \/>\n<meta property=\"og:locale\" content=\"tr_TR\" \/>\n<meta property=\"og:type\" content=\"article\" \/>\n<meta property=\"og:title\" content=\"CV&#039;nizde Excel becerilerinizi a\u00e7\u0131klay\u0131n \u2013 Excel Dan\u0131\u015fman\u0131\" \/>\n<meta property=\"og:description\" content=\"Excel becerilerinizi \u00f6zge\u00e7mi\u015finize nas\u0131l ekleyece\u011finizi bilmiyorsan\u0131z, bu h\u0131zl\u0131 e\u011fitim size kolayca yard\u0131mc\u0131 olabilir.\" \/>\n<meta property=\"og:url\" content=\"https:\/\/exceladvisor.org\/tr\/cvnize-ekleyin\/\" \/>\n<meta property=\"og:site_name\" content=\"Excel Advisor\" \/>\n<meta property=\"article:modified_time\" content=\"2023-12-10T06:00:00+00:00\" \/>\n<meta property=\"og:image\" content=\"https:\/\/exceladvisor.org\/wp-content\/uploads\/2023\/08\/1-ajouter-des-competences-a-votre-CV.png\" \/>\n<meta name=\"twitter:card\" content=\"summary_large_image\" \/>\n<meta name=\"twitter:label1\" content=\"Tahmini okuma s\u00fcresi\" \/>\n\t<meta name=\"twitter:data1\" content=\"3 dakika\" \/>\n<script type=\"application\/ld+json\" class=\"yoast-schema-graph\">{\"@context\":\"https:\/\/schema.org\",\"@graph\":[{\"@type\":\"WebPage\",\"@id\":\"https:\/\/exceladvisor.org\/tr\/cvnize-ekleyin\/\",\"url\":\"https:\/\/exceladvisor.org\/tr\/cvnize-ekleyin\/\",\"name\":\"CV&#39;nizde Excel becerilerinizi a\u00e7\u0131klay\u0131n \u2013 Excel Dan\u0131\u015fman\u0131\",\"isPartOf\":{\"@id\":\"https:\/\/exceladvisor.org\/tr\/#website\"},\"primaryImageOfPage\":{\"@id\":\"https:\/\/exceladvisor.org\/tr\/cvnize-ekleyin\/#primaryimage\"},\"image\":{\"@id\":\"https:\/\/exceladvisor.org\/tr\/cvnize-ekleyin\/#primaryimage\"},\"thumbnailUrl\":\"https:\/\/exceladvisor.org\/wp-content\/uploads\/2023\/08\/1-ajouter-des-competences-a-votre-CV.png\",\"datePublished\":\"2023-11-01T18:30:27+00:00\",\"dateModified\":\"2023-12-10T06:00:00+00:00\",\"description\":\"Excel becerilerinizi \u00f6zge\u00e7mi\u015finize nas\u0131l ekleyece\u011finizi bilmiyorsan\u0131z, bu h\u0131zl\u0131 e\u011fitim size kolayca yard\u0131mc\u0131 olabilir.\",\"breadcrumb\":{\"@id\":\"https:\/\/exceladvisor.org\/tr\/cvnize-ekleyin\/#breadcrumb\"},\"inLanguage\":\"tr\",\"potentialAction\":[{\"@type\":\"ReadAction\",\"target\":[\"https:\/\/exceladvisor.org\/tr\/cvnize-ekleyin\/\"]}]},{\"@type\":\"ImageObject\",\"inLanguage\":\"tr\",\"@id\":\"https:\/\/exceladvisor.org\/tr\/cvnize-ekleyin\/#primaryimage\",\"url\":\"https:\/\/exceladvisor.org\/wp-content\/uploads\/2023\/08\/1-ajouter-des-competences-a-votre-CV.png\",\"contentUrl\":\"https:\/\/exceladvisor.org\/wp-content\/uploads\/2023\/08\/1-ajouter-des-competences-a-votre-CV.png\"},{\"@type\":\"BreadcrumbList\",\"@id\":\"https:\/\/exceladvisor.org\/tr\/cvnize-ekleyin\/#breadcrumb\",\"itemListElement\":[{\"@type\":\"ListItem\",\"position\":1,\"name\":\"Ev\",\"item\":\"https:\/\/exceladvisor.org\/tr\/\"},{\"@type\":\"ListItem\",\"position\":2,\"name\":\"Excel uzmanl\u0131\u011f\u0131n\u0131z\u0131 cv&#39;de nas\u0131l g\u00f6sterirsiniz?\"}]},{\"@type\":\"WebSite\",\"@id\":\"https:\/\/exceladvisor.org\/tr\/#website\",\"url\":\"https:\/\/exceladvisor.org\/tr\/\",\"name\":\"Excel Advisor\",\"description\":\"Veri hakimiyetine y\u00f6nelik nihai rehberiniz!\",\"publisher\":{\"@id\":\"https:\/\/exceladvisor.org\/tr\/#organization\"},\"potentialAction\":[{\"@type\":\"SearchAction\",\"target\":{\"@type\":\"EntryPoint\",\"urlTemplate\":\"https:\/\/exceladvisor.org\/tr\/?s={search_term_string}\"},\"query-input\":{\"@type\":\"PropertyValueSpecification\",\"valueRequired\":true,\"valueName\":\"search_term_string\"}}],\"inLanguage\":\"tr\"},{\"@type\":\"Organization\",\"@id\":\"https:\/\/exceladvisor.org\/tr\/#organization\",\"name\":\"Excel Advisor\",\"url\":\"https:\/\/exceladvisor.org\/tr\/\",\"logo\":{\"@type\":\"ImageObject\",\"inLanguage\":\"tr\",\"@id\":\"https:\/\/exceladvisor.org\/tr\/#\/schema\/logo\/image\/\",\"url\":\"https:\/\/exceladvisor.org\/tr\/wp-content\/uploads\/2023\/12\/exceladvisor.org_.png\",\"contentUrl\":\"https:\/\/exceladvisor.org\/tr\/wp-content\/uploads\/2023\/12\/exceladvisor.org_.png\",\"width\":105,\"height\":36,\"caption\":\"Excel Advisor\"},\"image\":{\"@id\":\"https:\/\/exceladvisor.org\/tr\/#\/schema\/logo\/image\/\"}}]}<\/script>\n<!-- \/ Yoast SEO plugin. -->","yoast_head_json":{"title":"CV&#39;nizde Excel becerilerinizi a\u00e7\u0131klay\u0131n \u2013 Excel Dan\u0131\u015fman\u0131","description":"Excel becerilerinizi \u00f6zge\u00e7mi\u015finize nas\u0131l ekleyece\u011finizi bilmiyorsan\u0131z, bu h\u0131zl\u0131 e\u011fitim size kolayca yard\u0131mc\u0131 olabilir.","robots":{"index":"index","follow":"follow","max-snippet":"max-snippet:-1","max-image-preview":"max-image-preview:large","max-video-preview":"max-video-preview:-1"},"canonical":"https:\/\/exceladvisor.org\/tr\/cvnize-ekleyin\/","og_locale":"tr_TR","og_type":"article","og_title":"CV&#39;nizde Excel becerilerinizi a\u00e7\u0131klay\u0131n \u2013 Excel Dan\u0131\u015fman\u0131","og_description":"Excel becerilerinizi \u00f6zge\u00e7mi\u015finize nas\u0131l ekleyece\u011finizi bilmiyorsan\u0131z, bu h\u0131zl\u0131 e\u011fitim size kolayca yard\u0131mc\u0131 olabilir.","og_url":"https:\/\/exceladvisor.org\/tr\/cvnize-ekleyin\/","og_site_name":"Excel Advisor","article_modified_time":"2023-12-10T06:00:00+00:00","og_image":[{"url":"https:\/\/exceladvisor.org\/wp-content\/uploads\/2023\/08\/1-ajouter-des-competences-a-votre-CV.png","type":"","width":"","height":""}],"twitter_card":"summary_large_image","twitter_misc":{"Tahmini okuma s\u00fcresi":"3 dakika"},"schema":{"@context":"https:\/\/schema.org","@graph":[{"@type":"WebPage","@id":"https:\/\/exceladvisor.org\/tr\/cvnize-ekleyin\/","url":"https:\/\/exceladvisor.org\/tr\/cvnize-ekleyin\/","name":"CV&#39;nizde Excel becerilerinizi a\u00e7\u0131klay\u0131n \u2013 Excel Dan\u0131\u015fman\u0131","isPartOf":{"@id":"https:\/\/exceladvisor.org\/tr\/#website"},"primaryImageOfPage":{"@id":"https:\/\/exceladvisor.org\/tr\/cvnize-ekleyin\/#primaryimage"},"image":{"@id":"https:\/\/exceladvisor.org\/tr\/cvnize-ekleyin\/#primaryimage"},"thumbnailUrl":"https:\/\/exceladvisor.org\/wp-content\/uploads\/2023\/08\/1-ajouter-des-competences-a-votre-CV.png","datePublished":"2023-11-01T18:30:27+00:00","dateModified":"2023-12-10T06:00:00+00:00","description":"Excel becerilerinizi \u00f6zge\u00e7mi\u015finize nas\u0131l ekleyece\u011finizi bilmiyorsan\u0131z, bu h\u0131zl\u0131 e\u011fitim size kolayca yard\u0131mc\u0131 olabilir.","breadcrumb":{"@id":"https:\/\/exceladvisor.org\/tr\/cvnize-ekleyin\/#breadcrumb"},"inLanguage":"tr","potentialAction":[{"@type":"ReadAction","target":["https:\/\/exceladvisor.org\/tr\/cvnize-ekleyin\/"]}]},{"@type":"ImageObject","inLanguage":"tr","@id":"https:\/\/exceladvisor.org\/tr\/cvnize-ekleyin\/#primaryimage","url":"https:\/\/exceladvisor.org\/wp-content\/uploads\/2023\/08\/1-ajouter-des-competences-a-votre-CV.png","contentUrl":"https:\/\/exceladvisor.org\/wp-content\/uploads\/2023\/08\/1-ajouter-des-competences-a-votre-CV.png"},{"@type":"BreadcrumbList","@id":"https:\/\/exceladvisor.org\/tr\/cvnize-ekleyin\/#breadcrumb","itemListElement":[{"@type":"ListItem","position":1,"name":"Ev","item":"https:\/\/exceladvisor.org\/tr\/"},{"@type":"ListItem","position":2,"name":"Excel uzmanl\u0131\u011f\u0131n\u0131z\u0131 cv&#39;de nas\u0131l g\u00f6sterirsiniz?"}]},{"@type":"WebSite","@id":"https:\/\/exceladvisor.org\/tr\/#website","url":"https:\/\/exceladvisor.org\/tr\/","name":"Excel Advisor","description":"Veri hakimiyetine y\u00f6nelik nihai rehberiniz!","publisher":{"@id":"https:\/\/exceladvisor.org\/tr\/#organization"},"potentialAction":[{"@type":"SearchAction","target":{"@type":"EntryPoint","urlTemplate":"https:\/\/exceladvisor.org\/tr\/?s={search_term_string}"},"query-input":{"@type":"PropertyValueSpecification","valueRequired":true,"valueName":"search_term_string"}}],"inLanguage":"tr"},{"@type":"Organization","@id":"https:\/\/exceladvisor.org\/tr\/#organization","name":"Excel Advisor","url":"https:\/\/exceladvisor.org\/tr\/","logo":{"@type":"ImageObject","inLanguage":"tr","@id":"https:\/\/exceladvisor.org\/tr\/#\/schema\/logo\/image\/","url":"https:\/\/exceladvisor.org\/tr\/wp-content\/uploads\/2023\/12\/exceladvisor.org_.png","contentUrl":"https:\/\/exceladvisor.org\/tr\/wp-content\/uploads\/2023\/12\/exceladvisor.org_.png","width":105,"height":36,"caption":"Excel Advisor"},"image":{"@id":"https:\/\/exceladvisor.org\/tr\/#\/schema\/logo\/image\/"}}]}},"yoast_meta":{"yoast_wpseo_title":"","yoast_wpseo_metadesc":"","yoast_wpseo_canonical":""},"_links":{"self":[{"href":"https:\/\/exceladvisor.org\/tr\/wp-json\/wp\/v2\/pages\/1823","targetHints":{"allow":["GET"]}}],"collection":[{"href":"https:\/\/exceladvisor.org\/tr\/wp-json\/wp\/v2\/pages"}],"about":[{"href":"https:\/\/exceladvisor.org\/tr\/wp-json\/wp\/v2\/types\/page"}],"author":[{"embeddable":true,"href":"https:\/\/exceladvisor.org\/tr\/wp-json\/wp\/v2\/users\/1"}],"replies":[{"embeddable":true,"href":"https:\/\/exceladvisor.org\/tr\/wp-json\/wp\/v2\/comments?post=1823"}],"version-history":[{"count":1,"href":"https:\/\/exceladvisor.org\/tr\/wp-json\/wp\/v2\/pages\/1823\/revisions"}],"predecessor-version":[{"id":2371,"href":"https:\/\/exceladvisor.org\/tr\/wp-json\/wp\/v2\/pages\/1823\/revisions\/2371"}],"wp:attachment":[{"href":"https:\/\/exceladvisor.org\/tr\/wp-json\/wp\/v2\/media?parent=1823"}],"curies":[{"name":"wp","href":"https:\/\/api.w.org\/{rel}","templated":true}]}}