{"id":1826,"date":"2023-11-01T00:43:37","date_gmt":"2023-11-01T00:43:37","guid":{"rendered":"https:\/\/exceladvisor.org\/tr\/pire\/"},"modified":"2023-12-10T06:03:47","modified_gmt":"2023-12-10T06:03:47","slug":"pire","status":"publish","type":"page","link":"https:\/\/exceladvisor.org\/tr\/pire\/","title":{"rendered":"Excel&#39;e madde i\u015faretleri nas\u0131l eklenir?"},"content":{"rendered":"<div class=\"excel-icerikten-once\" id=\"excel-401564571\"><script type=\"text\/javascript\">\r\n\tatOptions = {\r\n\t\t'key' : 'c1158f160081d6540a8409e6925dab94',\r\n\t\t'format' : 'iframe',\r\n\t\t'height' : 250,\r\n\t\t'width' : 300,\r\n\t\t'params' : {}\r\n\t};\r\n<\/script>\r\n<script type=\"text\/javascript\" src=\"\/\/www.highperformanceformat.com\/c1158f160081d6540a8409e6925dab94\/invoke.js\"><\/script><\/div> <p>Verileri do\u011fru \u015fekilde yakalamak \u00f6nemlidir.<\/p><p> Excel&#8217;de \u00e7o\u011fu zaman seri numaralar\u0131n\u0131 kullan\u0131r\u0131z ancak listeler \u00fczerinde \u00e7al\u0131\u015f\u0131rken en iyi yol madde i\u015faretleri kullanmakt\u0131r. \u00c7o\u011funlukla madde i\u015faretli listeleri g\u00fcnl\u00fck i\u015flerimi (yap\u0131lacaklar listeleri, \u00f6nemli noktalar) yakalamak i\u00e7in kullan\u0131yorum.<\/p><p> \u015eimdi k\u00f6t\u00fc haber \u015fu. Excel&#8217;de, Microsoft Word&#8217;de oldu\u011fu gibi madde i\u015fareti eklemenin varsay\u0131lan bir yolu yoktur.<\/p><p> Ama i\u015fte iyi haber. Birka\u00e7 g\u00fcn \u00f6nce Excel&#8217;de madde i\u015fareti eklemek i\u00e7in asl\u0131nda 8 farkl\u0131 yol kullanabilece\u011fimizi fark ettim.<\/p><p> Ve bu y\u00f6ntemlerin t\u00fcm\u00fc farkl\u0131 durumlarda faydal\u0131 olabilir. O y\u00fczden bug\u00fcn bu yaz\u0131mda sizlerle t\u00fcm bu y\u00f6ntemleri payla\u015fmak istiyorum.<\/p><p> <strong>[icon name=\u201dbell\u201d unprefixed_]<\/strong> Bu e\u011fitim <a href=\"https:\/\/exceladvisor.org\/tr\/excel-becerileri\/\">Temel Excel Becerilerimizin<\/a> bir par\u00e7as\u0131d\u0131r ve mevcut Excel becerilerinizi geli\u015ftirmek istiyorsan\u0131z bu <a href=\"https:\/\/exceladvisor.org\/tr\/tavsiye\/\" data-wpil=\"url\">Excel ipu\u00e7lar\u0131na ve p\u00fcf noktalar\u0131na<\/a> g\u00f6z at\u0131n.<\/p><h2 id=\"t-1588503264726\" class=\"wp-block-heading\"> Sembol \u0130leti\u015fim Kutusundan Madde \u0130\u015fareti Ekleme<\/h2><p> Eminim bu y\u00f6ntemi daha \u00f6nce kullanm\u0131\u015fs\u0131n\u0131zd\u0131r.<\/p><ol><li> Madde i\u015fareti eklemek istedi\u011finiz h\u00fccreyi se\u00e7in<\/li><li> Ekle sekmesine gidin \u279c Sembol&#8217;e t\u0131klay\u0131n. <br><img decoding=\"async\" title=\"Excel'e madde i\u015fareti eklemek i\u00e7in sembole t\u0131klay\u0131n\" src=\"https:\/\/exceladvisor.org\/wp-content\/uploads\/2023\/08\/Cliquez-sur-le-symbole-pour-inserer-une-puce-dans-Excel.png\" sizes=\"\" srcset=\"\" alt=\"Click On Symbol To Insert Bullet Point In Excel\"><\/li><li> Sembol d\u00fc\u011fmesine t\u0131klad\u0131\u011f\u0131n\u0131zda, bir sembol ileti\u015fim kutusu g\u00f6receksiniz.<\/li><li> Semboller ileti\u015fim kutusunda madde i\u015fareti olarak kullanabilece\u011finiz \u00e7ok say\u0131da ak\u0131ll\u0131 sembol vard\u0131r veya yaln\u0131zca siyah bir nokta kullanabilirsiniz.<\/li><li> Madde i\u015faretinizi se\u00e7tikten sonra, h\u00fccreye eklemek i\u00e7in ek par\u00e7aya t\u0131klaman\u0131z yeterlidir. <br><img decoding=\"async\" title=\"A\u00e7\u0131k-Sembol-\u0130leti\u015fim Kutusu-Eklenecek-Madde-Noktas\u0131-Excel-1\" src=\"https:\/\/exceladvisor.org\/wp-content\/uploads\/2023\/08\/Ouvrir-la-boite-de-dialogue-Symbole-pour-inserer-une-puce-dans-Excel-1.png\" sizes=\"\" srcset=\"\" alt=\"Open Symbol Dialog Box To Insert Bullet Point In Excel\"><\/li><\/ol><p> Excel&#8217;de madde i\u015faretli liste i\u00e7in kullanabilece\u011finiz baz\u0131 simgeler \u015funlard\u0131r. <\/p><div class=\"wp-block-image\"><figure class=\"aligncenter is-resized\"><img loading=\"lazy\" decoding=\"async\" src=\"https:\/\/exceladvisor.org\/wp-content\/uploads\/2023\/08\/Utiliser-un-symbole-different-de-la-boite-de-dialogue-pour-inserer-une-puce-dans-Excel-1.png\" sizes=\"auto, \" srcset=\"\" alt=\"Excel'e madde i\u015fareti eklemek i\u00e7in farkl\u0131 bir ileti\u015fim kutusu sembol\u00fc kullanma\" width=\"99\" height=\"238\"><\/figure><\/div><h2 id=\"t-1588503264727\" class=\"wp-block-heading\"> K\u0131sayol tu\u015fuyla madde i\u015faretleri ekleme<\/h2><p> K\u0131sayol tu\u015flar\u0131, sembol ileti\u015fim kutusuyla oynayacak vaktiniz yoksa madde i\u015fareti eklemenin en iyi yoludur. \u0130ki farkl\u0131 <a href=\"https:\/\/exceladvisor.org\/tr\/klavye-kisayollari\/\">k\u0131sayol tu\u015fumuz<\/a> var ve bunlardan herhangi birini kullanabilirsiniz. <\/p><div class=\"wp-block-image\"><figure class=\"aligncenter\"><img decoding=\"async\" src=\"https:\/\/exceladvisor.org\/wp-content\/uploads\/2023\/08\/Utilisez-les-touches-de-raccourci-pour-inserer-une-puce-dans-Excel.png\" sizes=\"\" srcset=\"\" alt=\"Excel'e madde i\u015fareti eklemek i\u00e7in k\u0131sayol tu\u015flar\u0131n\u0131 kullan\u0131n\"><\/figure><\/div><ol><li> Madde i\u015fareti eklemek istedi\u011finiz h\u00fccreyi se\u00e7in.<\/li><li> <a href=\"https:\/\/exceladvisor.org\/tr\/hucreyi-duzenle\/\">H\u00fccreyi d\u00fczenlemek<\/a> i\u00e7in F2 tu\u015funa bas\u0131n.<\/li><li> Madde i\u015fareti eklemek i\u00e7in alt tu\u015funu bas\u0131l\u0131 tutun ve 7 veya 9 tu\u015funa bas\u0131n.<\/li><\/ol><p> \u0130ki k\u0131sayol tu\u015fu size farkl\u0131 t\u00fcrde mermiler verecektir. Madde i\u015faretlerine siyah nokta eklemek istiyorsan\u0131z Alt+7, daire eklemek istiyorsan\u0131z alt+9 tu\u015flar\u0131n\u0131 kullanabilirsiniz.<\/p><h2 id=\"t-1588503264728\" class=\"wp-block-heading\"> Madde i\u015faretleri i\u00e7in CHAR i\u015flevini kullan\u0131n<\/h2><p> H\u00fccreye madde i\u015fareti eklemek i\u00e7in CHAR(149) komutunu da kullanabilirsiniz. Bu y\u00f6ntem, eklemeniz gereken <a href=\"https:\/\/exceladvisor.org\/tr\/excel-formul-cubugu\/\">h\u00fccrenin form\u00fcl \u00e7ubu\u011fundaki<\/a> bir form\u00fcl\u00fc kullanarak t\u00fcm h\u00fccrelere madde i\u015fareti eklemek istiyorsan\u0131z kullan\u0131\u015fl\u0131d\u0131r.<\/p><ol><li> Madde i\u015fareti eklemek istedi\u011finiz h\u00fccreyi se\u00e7in.<\/li><li> =CAR(149)&amp; \u00bb \u00ab &amp;A1 girin <br><img decoding=\"async\" title=\"Excel-1'e-madde eklemek i\u00e7in-CHAR-kullan\u0131n\" src=\"https:\/\/exceladvisor.org\/wp-content\/uploads\/2023\/08\/Utilisez-CHAR-pour-inserer-une-puce-dans-Excel-1.png\" sizes=\"\" srcset=\"\" alt=\"Use CHAR To Insert Bullet Point In Excel\"><\/li><li> \u015eimdi form\u00fcl\u00fc, madde i\u015faretini eklemek istedi\u011finiz h\u00fccreye s\u00fcr\u00fckleyin. <br><img decoding=\"async\" title=\"Excel.gif'e-bir-madde-eklemek i\u00e7in-CHAR-FUNCTION-kullan\u0131n\" src=\"https:\/\/exceladvisor.org\/wp-content\/uploads\/2023\/08\/Utilisez-CHAR-FUNCTION-pour-inserer-une-puce-dans-Excel.gif\" sizes=\"\" srcset=\"\" alt=\"Use CHAR Function To Insert Bullet Point In Excel\"><\/li><\/ol><h2 id=\"t-1588503264729\" class=\"wp-block-heading\"> Madde i\u015faretleri i\u00e7in \u00f6zel bi\u00e7imlendirme<\/h2><p> Bu benzersiz bir kurulum. Tek yapman\u0131z gereken madde i\u015faretleri eklemek i\u00e7in \u00f6zel bir format olu\u015fturmakt\u0131r. Sadece bu basit ad\u0131mlar\u0131 izleyin. <\/p><div class=\"wp-block-image\"><figure class=\"aligncenter\"><img decoding=\"async\" src=\"https:\/\/exceladvisor.org\/wp-content\/uploads\/2023\/08\/Utiliser-le-formatage-personnalise-pour-inserer-une-puce-dans-Excel.gif\" sizes=\"\" srcset=\"\" alt=\"Excel'e madde i\u015fareti eklemek i\u00e7in \u00f6zel bi\u00e7imlendirme kullanma\"><\/figure><\/div><ul><li> Ctrl+1 tu\u015flar\u0131na bast\u0131\u011f\u0131n\u0131zda <a href=\"https:\/\/exceladvisor.org\/tr\/acik-formatli-hucre-secenekleri\/\">Format ileti\u015fim kutusunu<\/a> g\u00f6receksiniz.<\/li><li> Say\u0131 sekmesi alt\u0131nda \u00d6zel&#8217;i se\u00e7in.<\/li><li> T\u00fcr giri\u015f \u00e7ubu\u011funa a\u015fa\u011f\u0131daki format\u0131 girin.<ul><li> <em><mark class=\"has-inline-color\" style=\"background-color: var(--base);\">\u25cf Genel;\u25cf Genel;\u25cf Genel;\u25cf Genel<\/mark><\/em><\/li><\/ul><\/li><li> T\u00fcr giri\u015f \u00e7ubu\u011funa a\u015fa\u011f\u0131daki format\u0131 girin.<\/li><\/ul><h3 class=\"wp-block-heading\"> Nas\u0131l \u00e7al\u0131\u015f\u0131r<\/h3><p> Madde i\u015faretleri i\u00e7in \u00f6zel bi\u00e7imlendirmeyi kullanma konusunda size k\u0131sa bir not vereyim.<\/p><p> \u00d6zel formatlamada pozitif, negatif, s\u0131f\u0131r ve metin olmak \u00fczere 4 farkl\u0131 formattan bahsetmeniz gerekmektedir. Bu d\u00f6rt t\u00fcr i\u00e7in siyah nokta kulland\u0131m.<\/p><p> Art\u0131k pozitif ya da negatif herhangi bir metin ya da say\u0131 ekledi\u011finizde \u00f6n\u00fcne bir madde i\u015fareti eklenecek.<\/p><h2 id=\"tab-con-5\" class=\"wp-block-heading\"> Metin kutusuna madde i\u015faretleri ekleme<\/h2><p> <a href=\"https:\/\/exceladvisor.org\/tr\/metin-bolgesi\/\">Metin kutusuna<\/a> madde i\u015faretleri eklemek en h\u0131zl\u0131 yoldur. Toplar y\u00fcz\u00fcnden oraya buraya ko\u015fman\u0131za gerek yok. Bu basit ad\u0131mlar\u0131 izleyin.<\/p><ol><li> \u0130lk \u00f6nce bir metin kutusu ekleyin.<\/li><li> Metin kutusunu d\u00fczenleyin ve sa\u011f t\u0131klay\u0131n<\/li><li> Madde i\u015fareti se\u00e7ene\u011fine t\u0131klay\u0131n ve uygulanacak madde i\u015fareti stilini se\u00e7in. <br><img decoding=\"async\" title=\"Excel'de-Metin-Kutu-Eklemek-Madde-noktas\u0131-Kullan\u0131m\" src=\"https:\/\/exceladvisor.org\/wp-content\/uploads\/2023\/08\/Utiliser-la-zone-de-texte-pour-inserer-une-puce-dans-Excel-1.png\" sizes=\"\" srcset=\"\" alt=\"use text box to insert bullet point in excel\"><\/li><li> Madde i\u015fareti stilinizi se\u00e7ti\u011finizde, her sat\u0131r\u0131n ba\u015f\u0131na otomatik olarak bir madde i\u015fareti eklenecektir. <br><img decoding=\"async\" title=\"Metin Kutusu-Listesi-Eklenecek-Madde \u0130\u015fareti-Excel'de\" src=\"https:\/\/exceladvisor.org\/wp-content\/uploads\/2023\/08\/Liste-des-zones-de-texte-pour-inserer-une-puce-dans-Excel.png\" sizes=\"\" srcset=\"\" alt=\"text box list to insert bullet point in excel\"><\/li><\/ol><p> Ayn\u0131 y\u00f6ntemi kullanarak metin kutusundaki say\u0131lar\u0131 da kullanabilirsiniz.<\/p><h2 id=\"tab-con-6\" class=\"wp-block-heading\"> Madde i\u015faretleri i\u00e7in Wingdings ve Webdings yaz\u0131 tiplerini kullan\u0131n<\/h2><p> Her iki yaz\u0131 tipi stili de alfabe veya say\u0131 yerine bir simge g\u00f6r\u00fcnt\u00fcleyecektir. Bir say\u0131 veya alfabe girerseniz bunun yerine harika bir simge elde edersiniz.<\/p><p> Hatta b\u00fcy\u00fck harf ve k\u00fc\u00e7\u00fck harf i\u00e7in farkl\u0131 bir sembol elde edeceksiniz. Basit bir siyah nokta eklemek i\u00e7in Webdings &amp; Wingdings&#8217;te s\u0131ras\u0131yla k\u00fc\u00e7\u00fck &#8220;l&#8221; ve k\u00fc\u00e7\u00fck &#8220;n&#8221; harflerini kullan\u0131n. <\/p><div class=\"wp-block-image\"><figure class=\"aligncenter\"><img decoding=\"async\" src=\"https:\/\/exceladvisor.org\/wp-content\/uploads\/2023\/08\/Utilisez-le-style-de-police-Wingdings-Webdings-pour-inserer-une-puce-dans-Excel.png\" sizes=\"\" srcset=\"\" alt=\"Excel'e Madde \u0130\u015fareti Eklemek i\u00e7in Wingdings &amp; Webdings Yaz\u0131 Tipi Stilini Kullan\u0131n\"><\/figure><\/div><h2 id=\"t-1588503264730\" class=\"wp-block-heading\"> H\u00fccre yorumunda madde i\u015faretleri<\/h2><p> Sembolleri kullanarak h\u00fccre yorumlar\u0131nda da madde i\u015faretleri kullanabilirsiniz.<\/p><ol><li> \u00d6ncelikle h\u00fccreye bir a\u00e7\u0131klama ekleyin.<\/li><li> Bu h\u00fccre yorumunu d\u00fczenleyin.<\/li><li> Ekle sekmesine gidin \u25ba Sembol&#8217;e t\u0131klay\u0131n.<\/li><li> Eklemek istedi\u011finiz herhangi bir sembol\u00fc ekleyin.<\/li><li> Bu sembol\u00fc her sat\u0131r\u0131n ba\u015flang\u0131c\u0131ndan \u00f6nce kopyalay\u0131n. <\/li><\/ol><div class=\"wp-block-image\"><figure class=\"aligncenter\"><img decoding=\"async\" src=\"https:\/\/exceladvisor.org\/wp-content\/uploads\/2023\/08\/Utiliser-le-commentaire-de-cellule-pour-inserer-une-puce-dans-Excel-1.png\" sizes=\"\" srcset=\"\" alt=\"Excel'de Madde \u0130\u015fareti Eklemek i\u00e7in H\u00fccre Yorumunu Kullan\u0131n\"><\/figure><\/div><h2 id=\"t-1588503264731\" class=\"wp-block-heading\"> Madde \u0130\u015faretli Liste Olu\u015fturmak i\u00e7in Ak\u0131ll\u0131 Sanat\u0131 Kullan\u0131n<\/h2><p> Ak\u0131ll\u0131 sanat ayn\u0131 zamanda madde i\u015faretlerinin d\u00fczenli bir listesini olu\u015fturman\u0131n da etkili bir yoludur.<\/p><ol><li> Ekle sekmesine gidin \u25ba Ak\u0131ll\u0131 Sanat Grafikleri.<\/li><li> Kategorilerde listeyi se\u00e7in.<\/li><li> \u0130stedi\u011finiz ak\u0131ll\u0131 sanat t\u00fcr\u00fcn\u00fc se\u00e7in ve Tamam&#8217;a t\u0131klay\u0131n. <\/li><\/ol><div class=\"wp-block-image\"><figure class=\"aligncenter\"><img decoding=\"async\" src=\"https:\/\/exceladvisor.org\/wp-content\/uploads\/2023\/08\/comment-inserer-des-puces-dans-excel-en-utilisant-smart-art-1.png\" sizes=\"\" srcset=\"\" alt=\"ak\u0131ll\u0131 sanat\u0131 kullanarak excel'e madde i\u015faretleri nas\u0131l eklenir\"><\/figure><\/div><div class=\"gb-container gb-container-4db6181c gb-container-mt\"> <a class=\"gb-button gb-button-c5897111 gb-button-text gb-button-mt-button\" href=\"https:\/\/exceladvisor.org\/tr\/excelin-temelleri\/\">Microsoft Excel Temelleri (Bile\u015fenler, Par\u00e7alar ve Bilgi Notlar\u0131)<\/a><h2 class=\"gb-headline gb-headline-665e5f6b gb-headline-text gb-headline-mt-heading\"> \u0130lgili e\u011fitimler <\/h2><div class=\"gb-grid-wrapper gb-grid-wrapper-a20baf7c gb-grid-wrapper-mt-grid\"><div class=\"gb-grid-column gb-grid-column-65ddf67e\"><div class=\"gb-container gb-container-65ddf67e\"><ul><li> <a href=\"https:\/\/exceladvisor.org\/tr\/negatif-sayiyi-pozitife-cevir\/\">Negatif bir say\u0131y\u0131 Excel&#8217;de pozitife d\u00f6n\u00fc\u015ft\u00fcrme<\/a><\/li><li> <a href=\"https:\/\/exceladvisor.org\/tr\/zaman-damgasi\/\">Excel&#8217;e zaman damgas\u0131 ekleme<\/a><\/li><li> <a href=\"https:\/\/exceladvisor.org\/tr\/bir-ok-ekle\/\">Excel&#8217;de bir h\u00fccreye ok ekleme<\/a><\/li><li> Excel&#8217;de seri numaralar\u0131n\u0131 otomatik olarak ekleme <\/li><\/ul><\/div><\/div><div class=\"gb-grid-column gb-grid-column-50067b57\"><div class=\"gb-container gb-container-50067b57\"><\/div><\/div><\/div><\/div>","protected":false},"excerpt":{"rendered":"","protected":false},"author":1,"featured_media":0,"parent":0,"menu_order":0,"comment_status":"open","ping_status":"closed","template":"","meta":{"ub_ctt_via":"","footnotes":""},"class_list":["post-1826","page","type-page","status-publish","hentry"],"featured_image_src":null,"yoast_head":"<!-- This site is optimized with the Yoast SEO plugin v25.4 - https:\/\/yoast.com\/wordpress\/plugins\/seo\/ -->\n<title>\u25b7 Excel&#039;e madde i\u015faretleri nas\u0131l eklenir? (E\u011fitim 2023)<\/title>\n<meta name=\"description\" content=\"Excel&#039;de madde i\u015fareti ekleme se\u00e7ene\u011finin olmad\u0131\u011f\u0131n\u0131 hi\u00e7 fark ettiniz mi? Mermi yerle\u015ftirmenin 6 farkl\u0131 yolu var...\" \/>\n<meta name=\"robots\" content=\"index, follow, max-snippet:-1, max-image-preview:large, max-video-preview:-1\" \/>\n<link rel=\"canonical\" href=\"https:\/\/exceladvisor.org\/tr\/pire\/\" \/>\n<meta property=\"og:locale\" content=\"tr_TR\" \/>\n<meta property=\"og:type\" content=\"article\" \/>\n<meta property=\"og:title\" content=\"\u25b7 Excel&#039;e madde i\u015faretleri nas\u0131l eklenir? (E\u011fitim 2023)\" \/>\n<meta property=\"og:description\" content=\"Excel&#039;de madde i\u015fareti ekleme se\u00e7ene\u011finin olmad\u0131\u011f\u0131n\u0131 hi\u00e7 fark ettiniz mi? Mermi yerle\u015ftirmenin 6 farkl\u0131 yolu var...\" \/>\n<meta property=\"og:url\" content=\"https:\/\/exceladvisor.org\/tr\/pire\/\" \/>\n<meta property=\"og:site_name\" content=\"Excel Advisor\" \/>\n<meta property=\"article:modified_time\" content=\"2023-12-10T06:03:47+00:00\" \/>\n<meta property=\"og:image\" content=\"https:\/\/exceladvisor.org\/wp-content\/uploads\/2023\/08\/Cliquez-sur-le-symbole-pour-inserer-une-puce-dans-Excel.png\" \/>\n<meta name=\"twitter:card\" content=\"summary_large_image\" \/>\n<meta name=\"twitter:label1\" content=\"Tahmini okuma s\u00fcresi\" \/>\n\t<meta name=\"twitter:data1\" content=\"5 dakika\" \/>\n<script type=\"application\/ld+json\" class=\"yoast-schema-graph\">{\"@context\":\"https:\/\/schema.org\",\"@graph\":[{\"@type\":\"WebPage\",\"@id\":\"https:\/\/exceladvisor.org\/tr\/pire\/\",\"url\":\"https:\/\/exceladvisor.org\/tr\/pire\/\",\"name\":\"\u25b7 Excel&#39;e madde i\u015faretleri nas\u0131l eklenir? (E\u011fitim 2023)\",\"isPartOf\":{\"@id\":\"https:\/\/exceladvisor.org\/tr\/#website\"},\"primaryImageOfPage\":{\"@id\":\"https:\/\/exceladvisor.org\/tr\/pire\/#primaryimage\"},\"image\":{\"@id\":\"https:\/\/exceladvisor.org\/tr\/pire\/#primaryimage\"},\"thumbnailUrl\":\"https:\/\/exceladvisor.org\/wp-content\/uploads\/2023\/08\/Cliquez-sur-le-symbole-pour-inserer-une-puce-dans-Excel.png\",\"datePublished\":\"2023-11-01T00:43:37+00:00\",\"dateModified\":\"2023-12-10T06:03:47+00:00\",\"description\":\"Excel&#39;de madde i\u015fareti ekleme se\u00e7ene\u011finin olmad\u0131\u011f\u0131n\u0131 hi\u00e7 fark ettiniz mi? Mermi yerle\u015ftirmenin 6 farkl\u0131 yolu var...\",\"breadcrumb\":{\"@id\":\"https:\/\/exceladvisor.org\/tr\/pire\/#breadcrumb\"},\"inLanguage\":\"tr\",\"potentialAction\":[{\"@type\":\"ReadAction\",\"target\":[\"https:\/\/exceladvisor.org\/tr\/pire\/\"]}]},{\"@type\":\"ImageObject\",\"inLanguage\":\"tr\",\"@id\":\"https:\/\/exceladvisor.org\/tr\/pire\/#primaryimage\",\"url\":\"https:\/\/exceladvisor.org\/wp-content\/uploads\/2023\/08\/Cliquez-sur-le-symbole-pour-inserer-une-puce-dans-Excel.png\",\"contentUrl\":\"https:\/\/exceladvisor.org\/wp-content\/uploads\/2023\/08\/Cliquez-sur-le-symbole-pour-inserer-une-puce-dans-Excel.png\"},{\"@type\":\"BreadcrumbList\",\"@id\":\"https:\/\/exceladvisor.org\/tr\/pire\/#breadcrumb\",\"itemListElement\":[{\"@type\":\"ListItem\",\"position\":1,\"name\":\"Ev\",\"item\":\"https:\/\/exceladvisor.org\/tr\/\"},{\"@type\":\"ListItem\",\"position\":2,\"name\":\"Excel&#39;e madde i\u015faretleri nas\u0131l eklenir?\"}]},{\"@type\":\"WebSite\",\"@id\":\"https:\/\/exceladvisor.org\/tr\/#website\",\"url\":\"https:\/\/exceladvisor.org\/tr\/\",\"name\":\"Excel Advisor\",\"description\":\"Veri hakimiyetine y\u00f6nelik nihai rehberiniz!\",\"publisher\":{\"@id\":\"https:\/\/exceladvisor.org\/tr\/#organization\"},\"potentialAction\":[{\"@type\":\"SearchAction\",\"target\":{\"@type\":\"EntryPoint\",\"urlTemplate\":\"https:\/\/exceladvisor.org\/tr\/?s={search_term_string}\"},\"query-input\":{\"@type\":\"PropertyValueSpecification\",\"valueRequired\":true,\"valueName\":\"search_term_string\"}}],\"inLanguage\":\"tr\"},{\"@type\":\"Organization\",\"@id\":\"https:\/\/exceladvisor.org\/tr\/#organization\",\"name\":\"Excel Advisor\",\"url\":\"https:\/\/exceladvisor.org\/tr\/\",\"logo\":{\"@type\":\"ImageObject\",\"inLanguage\":\"tr\",\"@id\":\"https:\/\/exceladvisor.org\/tr\/#\/schema\/logo\/image\/\",\"url\":\"https:\/\/exceladvisor.org\/tr\/wp-content\/uploads\/2023\/12\/exceladvisor.org_.png\",\"contentUrl\":\"https:\/\/exceladvisor.org\/tr\/wp-content\/uploads\/2023\/12\/exceladvisor.org_.png\",\"width\":105,\"height\":36,\"caption\":\"Excel Advisor\"},\"image\":{\"@id\":\"https:\/\/exceladvisor.org\/tr\/#\/schema\/logo\/image\/\"}}]}<\/script>\n<!-- \/ Yoast SEO plugin. -->","yoast_head_json":{"title":"\u25b7 Excel&#39;e madde i\u015faretleri nas\u0131l eklenir? (E\u011fitim 2023)","description":"Excel&#39;de madde i\u015fareti ekleme se\u00e7ene\u011finin olmad\u0131\u011f\u0131n\u0131 hi\u00e7 fark ettiniz mi? Mermi yerle\u015ftirmenin 6 farkl\u0131 yolu var...","robots":{"index":"index","follow":"follow","max-snippet":"max-snippet:-1","max-image-preview":"max-image-preview:large","max-video-preview":"max-video-preview:-1"},"canonical":"https:\/\/exceladvisor.org\/tr\/pire\/","og_locale":"tr_TR","og_type":"article","og_title":"\u25b7 Excel&#39;e madde i\u015faretleri nas\u0131l eklenir? (E\u011fitim 2023)","og_description":"Excel&#39;de madde i\u015fareti ekleme se\u00e7ene\u011finin olmad\u0131\u011f\u0131n\u0131 hi\u00e7 fark ettiniz mi? Mermi yerle\u015ftirmenin 6 farkl\u0131 yolu var...","og_url":"https:\/\/exceladvisor.org\/tr\/pire\/","og_site_name":"Excel Advisor","article_modified_time":"2023-12-10T06:03:47+00:00","og_image":[{"url":"https:\/\/exceladvisor.org\/wp-content\/uploads\/2023\/08\/Cliquez-sur-le-symbole-pour-inserer-une-puce-dans-Excel.png","type":"","width":"","height":""}],"twitter_card":"summary_large_image","twitter_misc":{"Tahmini okuma s\u00fcresi":"5 dakika"},"schema":{"@context":"https:\/\/schema.org","@graph":[{"@type":"WebPage","@id":"https:\/\/exceladvisor.org\/tr\/pire\/","url":"https:\/\/exceladvisor.org\/tr\/pire\/","name":"\u25b7 Excel&#39;e madde i\u015faretleri nas\u0131l eklenir? (E\u011fitim 2023)","isPartOf":{"@id":"https:\/\/exceladvisor.org\/tr\/#website"},"primaryImageOfPage":{"@id":"https:\/\/exceladvisor.org\/tr\/pire\/#primaryimage"},"image":{"@id":"https:\/\/exceladvisor.org\/tr\/pire\/#primaryimage"},"thumbnailUrl":"https:\/\/exceladvisor.org\/wp-content\/uploads\/2023\/08\/Cliquez-sur-le-symbole-pour-inserer-une-puce-dans-Excel.png","datePublished":"2023-11-01T00:43:37+00:00","dateModified":"2023-12-10T06:03:47+00:00","description":"Excel&#39;de madde i\u015fareti ekleme se\u00e7ene\u011finin olmad\u0131\u011f\u0131n\u0131 hi\u00e7 fark ettiniz mi? Mermi yerle\u015ftirmenin 6 farkl\u0131 yolu var...","breadcrumb":{"@id":"https:\/\/exceladvisor.org\/tr\/pire\/#breadcrumb"},"inLanguage":"tr","potentialAction":[{"@type":"ReadAction","target":["https:\/\/exceladvisor.org\/tr\/pire\/"]}]},{"@type":"ImageObject","inLanguage":"tr","@id":"https:\/\/exceladvisor.org\/tr\/pire\/#primaryimage","url":"https:\/\/exceladvisor.org\/wp-content\/uploads\/2023\/08\/Cliquez-sur-le-symbole-pour-inserer-une-puce-dans-Excel.png","contentUrl":"https:\/\/exceladvisor.org\/wp-content\/uploads\/2023\/08\/Cliquez-sur-le-symbole-pour-inserer-une-puce-dans-Excel.png"},{"@type":"BreadcrumbList","@id":"https:\/\/exceladvisor.org\/tr\/pire\/#breadcrumb","itemListElement":[{"@type":"ListItem","position":1,"name":"Ev","item":"https:\/\/exceladvisor.org\/tr\/"},{"@type":"ListItem","position":2,"name":"Excel&#39;e madde i\u015faretleri nas\u0131l eklenir?"}]},{"@type":"WebSite","@id":"https:\/\/exceladvisor.org\/tr\/#website","url":"https:\/\/exceladvisor.org\/tr\/","name":"Excel Advisor","description":"Veri hakimiyetine y\u00f6nelik nihai rehberiniz!","publisher":{"@id":"https:\/\/exceladvisor.org\/tr\/#organization"},"potentialAction":[{"@type":"SearchAction","target":{"@type":"EntryPoint","urlTemplate":"https:\/\/exceladvisor.org\/tr\/?s={search_term_string}"},"query-input":{"@type":"PropertyValueSpecification","valueRequired":true,"valueName":"search_term_string"}}],"inLanguage":"tr"},{"@type":"Organization","@id":"https:\/\/exceladvisor.org\/tr\/#organization","name":"Excel Advisor","url":"https:\/\/exceladvisor.org\/tr\/","logo":{"@type":"ImageObject","inLanguage":"tr","@id":"https:\/\/exceladvisor.org\/tr\/#\/schema\/logo\/image\/","url":"https:\/\/exceladvisor.org\/tr\/wp-content\/uploads\/2023\/12\/exceladvisor.org_.png","contentUrl":"https:\/\/exceladvisor.org\/tr\/wp-content\/uploads\/2023\/12\/exceladvisor.org_.png","width":105,"height":36,"caption":"Excel Advisor"},"image":{"@id":"https:\/\/exceladvisor.org\/tr\/#\/schema\/logo\/image\/"}}]}},"yoast_meta":{"yoast_wpseo_title":"","yoast_wpseo_metadesc":"","yoast_wpseo_canonical":""},"_links":{"self":[{"href":"https:\/\/exceladvisor.org\/tr\/wp-json\/wp\/v2\/pages\/1826","targetHints":{"allow":["GET"]}}],"collection":[{"href":"https:\/\/exceladvisor.org\/tr\/wp-json\/wp\/v2\/pages"}],"about":[{"href":"https:\/\/exceladvisor.org\/tr\/wp-json\/wp\/v2\/types\/page"}],"author":[{"embeddable":true,"href":"https:\/\/exceladvisor.org\/tr\/wp-json\/wp\/v2\/users\/1"}],"replies":[{"embeddable":true,"href":"https:\/\/exceladvisor.org\/tr\/wp-json\/wp\/v2\/comments?post=1826"}],"version-history":[{"count":1,"href":"https:\/\/exceladvisor.org\/tr\/wp-json\/wp\/v2\/pages\/1826\/revisions"}],"predecessor-version":[{"id":2674,"href":"https:\/\/exceladvisor.org\/tr\/wp-json\/wp\/v2\/pages\/1826\/revisions\/2674"}],"wp:attachment":[{"href":"https:\/\/exceladvisor.org\/tr\/wp-json\/wp\/v2\/media?parent=1826"}],"curies":[{"name":"wp","href":"https:\/\/api.w.org\/{rel}","templated":true}]}}