{"id":1827,"date":"2023-10-31T23:56:12","date_gmt":"2023-10-31T23:56:12","guid":{"rendered":"https:\/\/exceladvisor.org\/tr\/grup-1\/"},"modified":"2023-12-10T05:59:25","modified_gmt":"2023-12-10T05:59:25","slug":"grup-1","status":"publish","type":"page","link":"https:\/\/exceladvisor.org\/tr\/grup-1\/","title":{"rendered":"E-tablolar nas\u0131l grupland\u0131r\u0131l\u0131r\/gruplar\u0131 nas\u0131l \u00e7\u00f6z\u00fcl\u00fcr?"},"content":{"rendered":"<div class=\"excel-icerikten-once\" id=\"excel-3940176839\"><script type=\"text\/javascript\">\r\n\tatOptions = {\r\n\t\t'key' : 'c1158f160081d6540a8409e6925dab94',\r\n\t\t'format' : 'iframe',\r\n\t\t'height' : 250,\r\n\t\t'width' : 300,\r\n\t\t'params' : {}\r\n\t};\r\n<\/script>\r\n<script type=\"text\/javascript\" src=\"\/\/www.highperformanceformat.com\/c1158f160081d6540a8409e6925dab94\/invoke.js\"><\/script><\/div> <p>Excel&#8217;de \u00e7al\u0131\u015fma sayfalar\u0131n\u0131 gruplamak genellikle ayn\u0131 yap\u0131land\u0131r\u0131lm\u0131\u015f sayfalar\u0131n\u0131z oldu\u011funda ve bu sayfalar\u0131 ayn\u0131 anda d\u00fczenlemek istedi\u011finizde kullan\u0131l\u0131r. Bunun i\u00e7in birden fazla sayfay\u0131 ayn\u0131 anda d\u00fczenlemenin en iyi se\u00e7ene\u011fi \u00e7al\u0131\u015fma sayfalar\u0131n\u0131 gruplamakt\u0131r.<\/p><p> Bir sayfada d\u00fczenledi\u011finiz, sildi\u011finiz, ekledi\u011finiz veya di\u011fer grupland\u0131r\u0131lm\u0131\u015f sayfalarda ayn\u0131 anda ger\u00e7ekle\u015fen herhangi bir i\u015flemi yapt\u0131\u011f\u0131n\u0131zda, \u00e7al\u0131\u015fma sayfalar\u0131n\u0131 grupland\u0131rmak size \u00e7ok zaman kazand\u0131r\u0131r. <\/p><div class=\"wp-block-image\"><figure class=\"aligncenter size-full is-resized\"><img loading=\"lazy\" decoding=\"async\" class=\"wp-image-63503\" src=\"https:\/\/exceladvisor.org\/wp-content\/uploads\/2023\/08\/feuilles-de-groupe-exemple-excel.png\" sizes=\"auto, \" srcset=\"\" alt=\"\" width=\"548\" height=\"570\"><\/figure><\/div><p class=\"has-small-font-size\"> <em>\u00d6rne\u011fin, araba i\u00e7 aksesuarlar\u0131 \u00fcreten bir \u015firketiniz oldu\u011funu ve bunlar\u0131n de\u011fi\u015fken maliyetlerinin her ay biraz de\u011fi\u015fti\u011fini varsayal\u0131m. Bu durumda, veri k\u00fcmenizin format\u0131 her ay i\u00e7in sabitse ve birka\u00e7 ay sonra her ay\u0131n toplam maliyetini g\u00f6rmek istiyorsan\u0131z, bu sayfalar\u0131 bir arada gruplaman\u0131z ve form\u00fcl\u00fc sayfalardan birine girdikten sonra toplam maliyeti buldu\u011funuzda, form\u00fcl kendisini grupland\u0131r\u0131lm\u0131\u015f t\u00fcm sayfalara ayn\u0131 anda kopyalar; b\u00f6ylece form\u00fcl\u00fc her sayfaya tek tek girerek veya kopyalayarak zaman kazan\u0131rs\u0131n\u0131z.<\/em><\/p><p> Birden fazla sayfay\u0131 tek tek gizlemek yerine ayn\u0131 anda gizlemek i\u00e7in \u00e7al\u0131\u015fma sayfalar\u0131n\u0131 grupla se\u00e7ene\u011fini de kullanabilirsiniz.<\/p><h2 id=\"h-steps-to-group-worksheets-in-excel\" class=\"wp-block-heading\"> Excel&#8217;de \u00c7al\u0131\u015fma Sayfalar\u0131n\u0131 Grupland\u0131rma Ad\u0131mlar\u0131<\/h2><ol><li> \u00d6ncelikle klavyenizdeki kontrol tu\u015funu bas\u0131l\u0131 tutun.<\/li><li> Bundan sonra grupland\u0131rmak istedi\u011finiz sayfa sekmelerine t\u0131klay\u0131n (tek tek se\u00e7in). <br><img loading=\"lazy\" decoding=\"async\" title=\"sekmeler\" src=\"https:\/\/exceladvisor.org\/wp-content\/uploads\/2023\/08\/3-onglets-de-feuille-de-calcul-selectionnes.png\" sizes=\"auto, \" srcset=\"\" alt=\"select-worksheet-tabs\" width=\"382\" height=\"111\"><\/li><li> \u015eimdi kontrol tu\u015funu b\u0131rakman\u0131z gerekiyor.<\/li><li> Bu noktada se\u00e7ilen t\u00fcm sayfalar birlikte gruplan\u0131r. <br><img loading=\"lazy\" decoding=\"async\" title=\"png\" src=\"https:\/\/exceladvisor.org\/wp-content\/uploads\/2023\/08\/4-feuilles-groupees-2.png\" sizes=\"auto, \" srcset=\"\" alt=\"\" width=\"416\" height=\"251\"><\/li><\/ol><p class=\"mytip\"> Grupland\u0131rmak istedi\u011finiz \u00e7al\u0131\u015fma sayfalar\u0131 biti\u015fikse, ilk sayfa sekmesine t\u0131klay\u0131n, Shift tu\u015funu bas\u0131l\u0131 tutun ve son sayfa sekmesine t\u0131klay\u0131n.<\/p><h2 id=\"h-group-all-worksheets\" class=\"wp-block-heading\"> T\u00fcm e-tablolar\u0131 grupland\u0131r\u0131n<\/h2><ol><li> \u00d6ncelikle \u00e7al\u0131\u015fma kitab\u0131ndaki herhangi bir sayfa sekmesine sa\u011f t\u0131klay\u0131n. <br><img decoding=\"async\" title=\"G\" src=\"https:\/\/exceladvisor.org\/wp-content\/uploads\/2023\/08\/5-onglets-de-feuille-de-calcul.png\" sizes=\"\" srcset=\"\" alt=\"worksheet-tabs\"><\/li><li> Bundan sonra, \u00e7e\u015fitli se\u00e7eneklerin bulundu\u011fu bir a\u00e7\u0131l\u0131r pencere g\u00f6receksiniz.<\/li><li> \u015eimdi <strong>\u201cT\u00fcm sayfalar\u0131 se\u00e7\u201d<\/strong> se\u00e7ene\u011fini se\u00e7in. <br><img loading=\"lazy\" decoding=\"async\" title=\"\" src=\"https:\/\/exceladvisor.org\/wp-content\/uploads\/2023\/08\/6-selectionner-toutes-les-feuilles.png\" sizes=\"auto, \" srcset=\"\" alt=\"select-all-sheets\" width=\"304\" height=\"321\"><\/li><li> Bu noktada \u00e7al\u0131\u015fma kitab\u0131ndaki t\u00fcm sayfalar\u0131n\u0131z birlikte gruplan\u0131r. <br><img loading=\"lazy\" decoding=\"async\" title=\"yapraklar\" src=\"https:\/\/exceladvisor.org\/wp-content\/uploads\/2023\/08\/7-toutes-les-feuilles-de-travail-groupees.png\" sizes=\"auto, \" srcset=\"\" alt=\"all-grouped-worksheets\" width=\"447\" height=\"228\"><\/li><\/ol><h2 id=\"h-ungroup-worksheets\" class=\"wp-block-heading\"> E-tablolar\u0131n grubunu \u00e7\u00f6zme<\/h2><ol><li> \u00d6ncelikle gruptaki herhangi bir sayfa sekmesine sa\u011f t\u0131klay\u0131n. <br><img decoding=\"async\" title=\"sekmeler\" src=\"https:\/\/exceladvisor.org\/wp-content\/uploads\/2023\/08\/8-onglets-de-feuille-de-calcul-selectionnes.png\" sizes=\"\" srcset=\"\" alt=\"select-worksheet-tabs\"><\/li><li> Bundan sonra, \u00e7e\u015fitli se\u00e7eneklerin bulundu\u011fu bir a\u00e7\u0131l\u0131r pencere g\u00f6receksiniz.<\/li><li> \u015eimdi <strong>\u201cSayfalar\u0131n Grubunu \u00c7\u00f6z\u201d<\/strong> se\u00e7ene\u011fini se\u00e7in. <br><img loading=\"lazy\" decoding=\"async\" title=\"G\" src=\"https:\/\/exceladvisor.org\/wp-content\/uploads\/2023\/08\/9-feuilles-de-degroupage.png\" sizes=\"auto, \" srcset=\"\" alt=\"ungroup-sheets\" width=\"295\" height=\"329\"><\/li><li> Son olarak \u00e7al\u0131\u015fma kitab\u0131n\u0131z\u0131n grubu \u00e7\u00f6z\u00fcl\u00fcr. <br><img loading=\"lazy\" decoding=\"async\" title=\"pancar\" src=\"https:\/\/exceladvisor.org\/wp-content\/uploads\/2023\/08\/10-feuilles-de-travail-non-groupees.png\" sizes=\"auto, \" srcset=\"\" alt=\"ungrouped-worksheets\" width=\"457\" height=\"236\"><\/li><\/ol><p class=\"mytip\"> Ayr\u0131ca grubun d\u0131\u015f\u0131ndaki herhangi bir sayfa sekmesini t\u0131klad\u0131\u011f\u0131n\u0131zda grupland\u0131r\u0131lm\u0131\u015f sekmelerin grubu \u00e7\u00f6z\u00fcl\u00fcr.<\/p><h2 id=\"h-how-to-find-if-worksheets-are-grouped-in-excel\" class=\"wp-block-heading\"> \u00c7al\u0131\u015fma sayfalar\u0131n\u0131n Excel&#8217;de grupland\u0131r\u0131l\u0131p grupland\u0131r\u0131lmad\u0131\u011f\u0131n\u0131 bulma<\/h2><ol type=\"1\"><li> Sayfalar bu \u00e7al\u0131\u015fma kitab\u0131nda grupland\u0131r\u0131lm\u0131\u015fsa, dosya ad\u0131nda her zaman &#8220;Grup&#8221; kelimesini bulacaks\u0131n\u0131z.<\/li><li> Hi\u00e7 kimse bir \u00e7al\u0131\u015fma sayfas\u0131 sekmesinin sekme rengini de\u011fi\u015ftirmedi\u011fi s\u00fcrece, t\u00fcm sekmelerin arka plan rengini beyaz olarak grupland\u0131r\u0131lm\u0131\u015f olarak bulacaks\u0131n\u0131z. <\/li><\/ol><div class=\"gb-container gb-container-3044ba66 gb-container-mt\"><p class=\"gb-headline gb-headline-b5bb6270 gb-headline-text\"> <strong><a href=\"https:\/\/exceladvisor.org\/tr\/excelin-temelleri\/\">Excel Temelleri<\/a><\/strong> \/ <strong><a href=\"https:\/\/exceladvisor.org\/tr\/calisma-kagidi\/\" data-wpil=\"url\">Excel Elektronik Tablosu<\/a><\/strong><\/p><h2 class=\"gb-headline gb-headline-819d540d gb-headline-text gb-headline-mt-heading\"> Daha fazla e\u011fitim <\/h2><div class=\"gb-grid-wrapper gb-grid-wrapper-7f3d805a gb-grid-wrapper-mt-grid\"><div class=\"gb-grid-column gb-grid-column-7495e031\"><div class=\"gb-container gb-container-7495e031\"><ul><li> <a href=\"https:\/\/exceladvisor.org\/tr\/pekistirmek\/\">Birden \u00e7ok e-tablodaki verileri birle\u015ftirin<\/a><\/li><li> <a href=\"https:\/\/exceladvisor.org\/tr\/yeniden-isimlendirmek\/\">Excel&#8217;de sayfay\u0131 yeniden adland\u0131r\u0131n<\/a><\/li><li> <a href=\"https:\/\/exceladvisor.org\/tr\/yan-yana-gormek\/\">Excel&#8217;de iki sayfay\u0131 yan yana g\u00f6r\u00fcnt\u00fcleme<\/a><\/li><li> <a href=\"https:\/\/exceladvisor.org\/tr\/eklemek\/\">Excel&#8217;e elektronik tablo ekleme<\/a><\/li><li> <a href=\"https:\/\/exceladvisor.org\/tr\/sekme-rengini-degistir\/\">Excel&#8217;de Sekme Rengini De\u011fi\u015ftirme (\u00c7al\u0131\u015fma Sayfas\u0131 Sekmesi)<\/a><\/li><\/ul><\/div><\/div><\/div><\/div>","protected":false},"excerpt":{"rendered":"","protected":false},"author":1,"featured_media":0,"parent":0,"menu_order":0,"comment_status":"open","ping_status":"closed","template":"","meta":{"ub_ctt_via":"","footnotes":""},"class_list":["post-1827","page","type-page","status-publish","hentry"],"featured_image_src":null,"yoast_head":"<!-- This site is optimized with the Yoast SEO plugin v25.4 - https:\/\/yoast.com\/wordpress\/plugins\/seo\/ -->\n<title>Excel&#039;de \u00e7al\u0131\u015fma sayfalar\u0131n\u0131 grupland\u0131rma ve grupland\u0131rma nas\u0131l yap\u0131l\u0131r?<\/title>\n<meta name=\"description\" content=\"Excel&#039;de \u00e7al\u0131\u015fma sayfalar\u0131n\u0131 gruplamak, genellikle belirli bir d\u00fczende yap\u0131land\u0131r\u0131lm\u0131\u015f bir sayfa grubunuz oldu\u011funda kullan\u0131l\u0131r.\" \/>\n<meta name=\"robots\" content=\"index, follow, max-snippet:-1, max-image-preview:large, max-video-preview:-1\" \/>\n<link rel=\"canonical\" href=\"https:\/\/exceladvisor.org\/tr\/grup-1\/\" \/>\n<meta property=\"og:locale\" content=\"tr_TR\" \/>\n<meta property=\"og:type\" content=\"article\" \/>\n<meta property=\"og:title\" content=\"Excel&#039;de \u00e7al\u0131\u015fma sayfalar\u0131n\u0131 grupland\u0131rma ve grupland\u0131rma nas\u0131l yap\u0131l\u0131r?\" \/>\n<meta property=\"og:description\" content=\"Excel&#039;de \u00e7al\u0131\u015fma sayfalar\u0131n\u0131 gruplamak, genellikle belirli bir d\u00fczende yap\u0131land\u0131r\u0131lm\u0131\u015f bir sayfa grubunuz oldu\u011funda kullan\u0131l\u0131r.\" \/>\n<meta property=\"og:url\" content=\"https:\/\/exceladvisor.org\/tr\/grup-1\/\" \/>\n<meta property=\"og:site_name\" content=\"Excel Advisor\" \/>\n<meta property=\"article:modified_time\" content=\"2023-12-10T05:59:25+00:00\" \/>\n<meta property=\"og:image\" content=\"https:\/\/exceladvisor.org\/wp-content\/uploads\/2023\/08\/feuilles-de-groupe-exemple-excel.png\" \/>\n<meta name=\"twitter:card\" content=\"summary_large_image\" \/>\n<meta name=\"twitter:label1\" content=\"Tahmini okuma s\u00fcresi\" \/>\n\t<meta name=\"twitter:data1\" content=\"3 dakika\" \/>\n<script type=\"application\/ld+json\" class=\"yoast-schema-graph\">{\"@context\":\"https:\/\/schema.org\",\"@graph\":[{\"@type\":\"WebPage\",\"@id\":\"https:\/\/exceladvisor.org\/tr\/grup-1\/\",\"url\":\"https:\/\/exceladvisor.org\/tr\/grup-1\/\",\"name\":\"Excel&#39;de \u00e7al\u0131\u015fma sayfalar\u0131n\u0131 grupland\u0131rma ve grupland\u0131rma nas\u0131l yap\u0131l\u0131r?\",\"isPartOf\":{\"@id\":\"https:\/\/exceladvisor.org\/tr\/#website\"},\"primaryImageOfPage\":{\"@id\":\"https:\/\/exceladvisor.org\/tr\/grup-1\/#primaryimage\"},\"image\":{\"@id\":\"https:\/\/exceladvisor.org\/tr\/grup-1\/#primaryimage\"},\"thumbnailUrl\":\"https:\/\/exceladvisor.org\/wp-content\/uploads\/2023\/08\/feuilles-de-groupe-exemple-excel.png\",\"datePublished\":\"2023-10-31T23:56:12+00:00\",\"dateModified\":\"2023-12-10T05:59:25+00:00\",\"description\":\"Excel&#39;de \u00e7al\u0131\u015fma sayfalar\u0131n\u0131 gruplamak, genellikle belirli bir d\u00fczende yap\u0131land\u0131r\u0131lm\u0131\u015f bir sayfa grubunuz oldu\u011funda kullan\u0131l\u0131r.\",\"breadcrumb\":{\"@id\":\"https:\/\/exceladvisor.org\/tr\/grup-1\/#breadcrumb\"},\"inLanguage\":\"tr\",\"potentialAction\":[{\"@type\":\"ReadAction\",\"target\":[\"https:\/\/exceladvisor.org\/tr\/grup-1\/\"]}]},{\"@type\":\"ImageObject\",\"inLanguage\":\"tr\",\"@id\":\"https:\/\/exceladvisor.org\/tr\/grup-1\/#primaryimage\",\"url\":\"https:\/\/exceladvisor.org\/wp-content\/uploads\/2023\/08\/feuilles-de-groupe-exemple-excel.png\",\"contentUrl\":\"https:\/\/exceladvisor.org\/wp-content\/uploads\/2023\/08\/feuilles-de-groupe-exemple-excel.png\"},{\"@type\":\"BreadcrumbList\",\"@id\":\"https:\/\/exceladvisor.org\/tr\/grup-1\/#breadcrumb\",\"itemListElement\":[{\"@type\":\"ListItem\",\"position\":1,\"name\":\"Ev\",\"item\":\"https:\/\/exceladvisor.org\/tr\/\"},{\"@type\":\"ListItem\",\"position\":2,\"name\":\"E-tablolar nas\u0131l grupland\u0131r\u0131l\u0131r\/gruplar\u0131 nas\u0131l \u00e7\u00f6z\u00fcl\u00fcr?\"}]},{\"@type\":\"WebSite\",\"@id\":\"https:\/\/exceladvisor.org\/tr\/#website\",\"url\":\"https:\/\/exceladvisor.org\/tr\/\",\"name\":\"Excel Advisor\",\"description\":\"Veri hakimiyetine y\u00f6nelik nihai rehberiniz!\",\"publisher\":{\"@id\":\"https:\/\/exceladvisor.org\/tr\/#organization\"},\"potentialAction\":[{\"@type\":\"SearchAction\",\"target\":{\"@type\":\"EntryPoint\",\"urlTemplate\":\"https:\/\/exceladvisor.org\/tr\/?s={search_term_string}\"},\"query-input\":{\"@type\":\"PropertyValueSpecification\",\"valueRequired\":true,\"valueName\":\"search_term_string\"}}],\"inLanguage\":\"tr\"},{\"@type\":\"Organization\",\"@id\":\"https:\/\/exceladvisor.org\/tr\/#organization\",\"name\":\"Excel Advisor\",\"url\":\"https:\/\/exceladvisor.org\/tr\/\",\"logo\":{\"@type\":\"ImageObject\",\"inLanguage\":\"tr\",\"@id\":\"https:\/\/exceladvisor.org\/tr\/#\/schema\/logo\/image\/\",\"url\":\"https:\/\/exceladvisor.org\/tr\/wp-content\/uploads\/2023\/12\/exceladvisor.org_.png\",\"contentUrl\":\"https:\/\/exceladvisor.org\/tr\/wp-content\/uploads\/2023\/12\/exceladvisor.org_.png\",\"width\":105,\"height\":36,\"caption\":\"Excel Advisor\"},\"image\":{\"@id\":\"https:\/\/exceladvisor.org\/tr\/#\/schema\/logo\/image\/\"}}]}<\/script>\n<!-- \/ Yoast SEO plugin. -->","yoast_head_json":{"title":"Excel&#39;de \u00e7al\u0131\u015fma sayfalar\u0131n\u0131 grupland\u0131rma ve grupland\u0131rma nas\u0131l yap\u0131l\u0131r?","description":"Excel&#39;de \u00e7al\u0131\u015fma sayfalar\u0131n\u0131 gruplamak, genellikle belirli bir d\u00fczende yap\u0131land\u0131r\u0131lm\u0131\u015f bir sayfa grubunuz oldu\u011funda kullan\u0131l\u0131r.","robots":{"index":"index","follow":"follow","max-snippet":"max-snippet:-1","max-image-preview":"max-image-preview:large","max-video-preview":"max-video-preview:-1"},"canonical":"https:\/\/exceladvisor.org\/tr\/grup-1\/","og_locale":"tr_TR","og_type":"article","og_title":"Excel&#39;de \u00e7al\u0131\u015fma sayfalar\u0131n\u0131 grupland\u0131rma ve grupland\u0131rma nas\u0131l yap\u0131l\u0131r?","og_description":"Excel&#39;de \u00e7al\u0131\u015fma sayfalar\u0131n\u0131 gruplamak, genellikle belirli bir d\u00fczende yap\u0131land\u0131r\u0131lm\u0131\u015f bir sayfa grubunuz oldu\u011funda kullan\u0131l\u0131r.","og_url":"https:\/\/exceladvisor.org\/tr\/grup-1\/","og_site_name":"Excel Advisor","article_modified_time":"2023-12-10T05:59:25+00:00","og_image":[{"url":"https:\/\/exceladvisor.org\/wp-content\/uploads\/2023\/08\/feuilles-de-groupe-exemple-excel.png","type":"","width":"","height":""}],"twitter_card":"summary_large_image","twitter_misc":{"Tahmini okuma s\u00fcresi":"3 dakika"},"schema":{"@context":"https:\/\/schema.org","@graph":[{"@type":"WebPage","@id":"https:\/\/exceladvisor.org\/tr\/grup-1\/","url":"https:\/\/exceladvisor.org\/tr\/grup-1\/","name":"Excel&#39;de \u00e7al\u0131\u015fma sayfalar\u0131n\u0131 grupland\u0131rma ve grupland\u0131rma nas\u0131l yap\u0131l\u0131r?","isPartOf":{"@id":"https:\/\/exceladvisor.org\/tr\/#website"},"primaryImageOfPage":{"@id":"https:\/\/exceladvisor.org\/tr\/grup-1\/#primaryimage"},"image":{"@id":"https:\/\/exceladvisor.org\/tr\/grup-1\/#primaryimage"},"thumbnailUrl":"https:\/\/exceladvisor.org\/wp-content\/uploads\/2023\/08\/feuilles-de-groupe-exemple-excel.png","datePublished":"2023-10-31T23:56:12+00:00","dateModified":"2023-12-10T05:59:25+00:00","description":"Excel&#39;de \u00e7al\u0131\u015fma sayfalar\u0131n\u0131 gruplamak, genellikle belirli bir d\u00fczende yap\u0131land\u0131r\u0131lm\u0131\u015f bir sayfa grubunuz oldu\u011funda kullan\u0131l\u0131r.","breadcrumb":{"@id":"https:\/\/exceladvisor.org\/tr\/grup-1\/#breadcrumb"},"inLanguage":"tr","potentialAction":[{"@type":"ReadAction","target":["https:\/\/exceladvisor.org\/tr\/grup-1\/"]}]},{"@type":"ImageObject","inLanguage":"tr","@id":"https:\/\/exceladvisor.org\/tr\/grup-1\/#primaryimage","url":"https:\/\/exceladvisor.org\/wp-content\/uploads\/2023\/08\/feuilles-de-groupe-exemple-excel.png","contentUrl":"https:\/\/exceladvisor.org\/wp-content\/uploads\/2023\/08\/feuilles-de-groupe-exemple-excel.png"},{"@type":"BreadcrumbList","@id":"https:\/\/exceladvisor.org\/tr\/grup-1\/#breadcrumb","itemListElement":[{"@type":"ListItem","position":1,"name":"Ev","item":"https:\/\/exceladvisor.org\/tr\/"},{"@type":"ListItem","position":2,"name":"E-tablolar nas\u0131l grupland\u0131r\u0131l\u0131r\/gruplar\u0131 nas\u0131l \u00e7\u00f6z\u00fcl\u00fcr?"}]},{"@type":"WebSite","@id":"https:\/\/exceladvisor.org\/tr\/#website","url":"https:\/\/exceladvisor.org\/tr\/","name":"Excel Advisor","description":"Veri hakimiyetine y\u00f6nelik nihai rehberiniz!","publisher":{"@id":"https:\/\/exceladvisor.org\/tr\/#organization"},"potentialAction":[{"@type":"SearchAction","target":{"@type":"EntryPoint","urlTemplate":"https:\/\/exceladvisor.org\/tr\/?s={search_term_string}"},"query-input":{"@type":"PropertyValueSpecification","valueRequired":true,"valueName":"search_term_string"}}],"inLanguage":"tr"},{"@type":"Organization","@id":"https:\/\/exceladvisor.org\/tr\/#organization","name":"Excel Advisor","url":"https:\/\/exceladvisor.org\/tr\/","logo":{"@type":"ImageObject","inLanguage":"tr","@id":"https:\/\/exceladvisor.org\/tr\/#\/schema\/logo\/image\/","url":"https:\/\/exceladvisor.org\/tr\/wp-content\/uploads\/2023\/12\/exceladvisor.org_.png","contentUrl":"https:\/\/exceladvisor.org\/tr\/wp-content\/uploads\/2023\/12\/exceladvisor.org_.png","width":105,"height":36,"caption":"Excel Advisor"},"image":{"@id":"https:\/\/exceladvisor.org\/tr\/#\/schema\/logo\/image\/"}}]}},"yoast_meta":{"yoast_wpseo_title":"","yoast_wpseo_metadesc":"","yoast_wpseo_canonical":""},"_links":{"self":[{"href":"https:\/\/exceladvisor.org\/tr\/wp-json\/wp\/v2\/pages\/1827","targetHints":{"allow":["GET"]}}],"collection":[{"href":"https:\/\/exceladvisor.org\/tr\/wp-json\/wp\/v2\/pages"}],"about":[{"href":"https:\/\/exceladvisor.org\/tr\/wp-json\/wp\/v2\/types\/page"}],"author":[{"embeddable":true,"href":"https:\/\/exceladvisor.org\/tr\/wp-json\/wp\/v2\/users\/1"}],"replies":[{"embeddable":true,"href":"https:\/\/exceladvisor.org\/tr\/wp-json\/wp\/v2\/comments?post=1827"}],"version-history":[{"count":1,"href":"https:\/\/exceladvisor.org\/tr\/wp-json\/wp\/v2\/pages\/1827\/revisions"}],"predecessor-version":[{"id":2322,"href":"https:\/\/exceladvisor.org\/tr\/wp-json\/wp\/v2\/pages\/1827\/revisions\/2322"}],"wp:attachment":[{"href":"https:\/\/exceladvisor.org\/tr\/wp-json\/wp\/v2\/media?parent=1827"}],"curies":[{"name":"wp","href":"https:\/\/api.w.org\/{rel}","templated":true}]}}