{"id":1828,"date":"2023-10-31T23:27:44","date_gmt":"2023-10-31T23:27:44","guid":{"rendered":"https:\/\/exceladvisor.org\/tr\/yan-yana-gormek\/"},"modified":"2023-12-10T06:01:09","modified_gmt":"2023-12-10T06:01:09","slug":"yan-yana-gormek","status":"publish","type":"page","link":"https:\/\/exceladvisor.org\/tr\/yan-yana-gormek\/","title":{"rendered":"Excel&#39;de iki sayfa yan yana nas\u0131l g\u00f6r\u00fcnt\u00fclenir?"},"content":{"rendered":"<div class=\"excel-icerikten-once\" id=\"excel-2406529398\"><script type=\"text\/javascript\">\r\n\tatOptions = {\r\n\t\t'key' : 'c1158f160081d6540a8409e6925dab94',\r\n\t\t'format' : 'iframe',\r\n\t\t'height' : 250,\r\n\t\t'width' : 300,\r\n\t\t'params' : {}\r\n\t};\r\n<\/script>\r\n<script type=\"text\/javascript\" src=\"\/\/www.highperformanceformat.com\/c1158f160081d6540a8409e6925dab94\/invoke.js\"><\/script><\/div> <p>Excel&#8217;in ayn\u0131 veya farkl\u0131 \u00e7al\u0131\u015fma kitaplar\u0131ndan iki \u00e7al\u0131\u015fma sayfas\u0131n\u0131 b\u00f6lme ve kar\u015f\u0131la\u015ft\u0131rma \u00f6zelli\u011fi vard\u0131r ve bunun yard\u0131m\u0131yla kullan\u0131c\u0131lar bu sayfalardaki verileri aralar\u0131nda tekrar tekrar ge\u00e7i\u015f yapmadan h\u0131zl\u0131 bir \u015fekilde kar\u015f\u0131la\u015ft\u0131rabilir.<\/p><p> Kullan\u0131c\u0131lar ayr\u0131ca bu e-tablolar aras\u0131ndaki kayd\u0131rmay\u0131 da senkronize ederek kar\u015f\u0131la\u015ft\u0131rmay\u0131 \u00e7ok h\u0131zl\u0131 ve kolay hale getirebilirler.<\/p><p> Ayn\u0131 veya farkl\u0131 \u00e7al\u0131\u015fma kitaplar\u0131ndan iki veya daha fazla \u00e7al\u0131\u015fma sayfas\u0131n\u0131 b\u00f6lmek i\u00e7in baz\u0131 h\u0131zl\u0131 ve kolay ad\u0131mlardan bahsetmi\u015ftik.<\/p><h2 id=\"h-split-and-view-two-sheets-side-by-side-of-the-same-workbook\" class=\"wp-block-heading\">Ayn\u0131 \u00e7al\u0131\u015fma kitab\u0131ndaki iki sayfay\u0131 yan yana b\u00f6lme ve g\u00f6r\u00fcnt\u00fcleme<\/h2><ol><li> \u00d6ncelikle \u201cG\u00f6r\u00fcn\u00fcm\u201d sekmesine gidin ve \u015feritteki \u201cPencere\u201d grubunun alt\u0131ndaki \u201cYeni Pencere\u201d simgesine t\u0131klay\u0131n. <br><img loading=\"lazy\" decoding=\"async\" title=\"1-yeni pencere simgesi\" src=\"https:\/\/exceladvisor.org\/wp-content\/uploads\/2023\/08\/1-nouvelle-icone-de-fenetre.png\" sizes=\"auto, \" srcset=\"\" alt=\"new-window-icon\" width=\"495\" height=\"116\"><\/li><li> \u201cYeni Pencere\u201dyi ka\u00e7 kez t\u0131klarsan\u0131z, o anda a\u00e7\u0131k olan \u00e7al\u0131\u015fma kitab\u0131n\u0131n kopyalar\u0131n\u0131 al\u0131rs\u0131n\u0131z.<\/li><li> Excel 1, 2, 3 vb. say\u0131lar\u0131 otomatik olarak ekler. kopyalanan \u00e7al\u0131\u015fma kitaplar\u0131n\u0131n ad\u0131n\u0131n sonunda. <br><img loading=\"lazy\" decoding=\"async\" title=\"2 kopyal\u0131 ciltleyici\" src=\"https:\/\/exceladvisor.org\/wp-content\/uploads\/2023\/08\/2-cahiers-copies.png\" sizes=\"auto, \" srcset=\"\" alt=\"copied-workbook\" width=\"783\" height=\"152\"><\/li><li> Bundan sonra \u015feritteki \u201cPencere\u201d grubunun alt\u0131ndaki \u201cT\u00fcm\u00fcn\u00fc Yerle\u015ftir\u201d simgesine t\u0131klay\u0131n.<\/li><li> \u015eimdi a\u00e7\u0131l\u0131r listeden b\u00f6l\u00fcnm\u00fc\u015f ekran g\u00f6r\u00fcn\u00fcm\u00fcn\u00fc (D\u00f6\u015feme, Yatay, Dikey, \u015eelale) se\u00e7in ve Tamam&#8217;a t\u0131klay\u0131n.<\/li><li> Ayn\u0131 \u00e7al\u0131\u015fma kitab\u0131ndaki sayfalar\u0131 b\u00f6lerken \u201cEtkin \u00e7al\u0131\u015fma kitab\u0131 pencereleri\u201d se\u00e7ene\u011fi her zaman i\u015faretlenmelidir. <br><img loading=\"lazy\" decoding=\"async\" title=\"3-t\u00fcm simgeyi yeniden s\u0131rala\" src=\"https:\/\/exceladvisor.org\/wp-content\/uploads\/2023\/08\/3-organiser-toutes-les-icones.png\" sizes=\"auto, \" srcset=\"\" alt=\"arrange-all-icon\" width=\"330\" height=\"306\"><\/li><li> Bu noktada mevcut \u00e7al\u0131\u015fma kitab\u0131n\u0131z iki b\u00f6l\u00fcme ayr\u0131lm\u0131\u015ft\u0131r.<\/li><li> Sayfalar\u0131 bu ikisi aras\u0131nda de\u011fi\u015ftirmek i\u00e7in, kar\u015f\u0131la\u015ft\u0131rma amac\u0131yla g\u00f6r\u00fcnt\u00fclemek istedi\u011finiz sayfan\u0131n sekmesine t\u0131klaman\u0131z yeterlidir. <br><img loading=\"lazy\" decoding=\"async\" title=\"4 B\u00f6l\u00fcnm\u00fc\u015f \u00c7al\u0131\u015fma Sayfas\u0131\" src=\"https:\/\/exceladvisor.org\/wp-content\/uploads\/2023\/08\/4-feuilles-de-travail-divisees.png\" sizes=\"auto, \" srcset=\"\" alt=\"worksheets-split\" width=\"1152\" height=\"332\"><\/li><\/ol><p> Kullan\u0131c\u0131lar, \u015feritteki &#8220;Pencere&#8221; grubunun alt\u0131ndaki &#8220;Yeni Pencere&#8221; simgesinden \u00e7al\u0131\u015fma kitab\u0131n\u0131n daha fazla kopyas\u0131n\u0131 olu\u015fturarak ikiden fazla \u00e7al\u0131\u015fma kitab\u0131n\u0131 ayn\u0131 anda b\u00f6lebilir. <\/p><h2 id=\"h-split-and-view-two-sheets-side-by-side-of-the-different-workbooks\" class=\"wp-block-heading\"> Farkl\u0131 \u00e7al\u0131\u015fma kitaplar\u0131ndan iki sayfay\u0131 yan yana b\u00f6l\u00fcn ve g\u00f6r\u00fcnt\u00fcleyin<\/h2><ol><li> \u00d6ncelikle b\u00f6lmek ve kar\u015f\u0131la\u015ft\u0131rmak istedi\u011finiz \u00e7al\u0131\u015fma kitaplar\u0131n\u0131 a\u00e7\u0131n.<\/li><li> Bundan sonra, \u201cG\u00f6r\u00fcn\u00fcm\u201d sekmesine gidin ve \u015feritteki \u201cPencere\u201d grubunun alt\u0131ndaki \u201cT\u00fcm\u00fcn\u00fc D\u00fczenle\u201d simgesine t\u0131klay\u0131n.<\/li><li> \u015eimdi a\u00e7\u0131l\u0131r listeden b\u00f6l\u00fcnm\u00fc\u015f ekran g\u00f6r\u00fcn\u00fcm\u00fcn\u00fc (D\u00f6\u015feme, Yatay, Dikey, \u015eelale) se\u00e7in.<\/li><li> Sonunda \u201cEtkin \u00e7al\u0131\u015fma kitab\u0131ndaki Windows\u201d se\u00e7ene\u011finin i\u015faretini kald\u0131r\u0131n ve Tamam&#8217;a t\u0131klay\u0131n. <br><img loading=\"lazy\" decoding=\"async\" title=\"5-t\u00fcm\u00fcn\u00fc-organize-a\u00e7\u0131l\u0131r men\u00fc\" src=\"https:\/\/exceladvisor.org\/wp-content\/uploads\/2023\/08\/5-organiser-tous-les-menus-deroulants.png\" sizes=\"auto, \" srcset=\"\" alt=\"arrange-all-dropdown\" width=\"348\" height=\"324\"><\/li><li> Bu noktada a\u00e7\u0131k \u00e7al\u0131\u015fma kitaplar\u0131n\u0131z iki b\u00f6l\u00fcme ayr\u0131l\u0131yor. <\/li><\/ol><h2 id=\"h-synchronous-scrolling-between-the-sheets-of-the-same-or-different-workbooks\" class=\"wp-block-heading\"> Ayn\u0131 veya farkl\u0131 \u00e7al\u0131\u015fma kitaplar\u0131ndaki sayfalar aras\u0131nda e\u015fzamanl\u0131 kayd\u0131rma<\/h2><p> E\u015fzamanl\u0131 kayd\u0131rma \u00f6zelli\u011fi, kullan\u0131c\u0131lar\u0131n b\u00f6l\u00fcnm\u00fc\u015f ekran g\u00f6r\u00fcn\u00fcmlerini kullanarak \u00e7al\u0131\u015fma sayfalar\u0131n\u0131 iki \u00e7al\u0131\u015fma kitab\u0131 aras\u0131nda ayn\u0131 anda kayd\u0131rmas\u0131na olanak tan\u0131r.<\/p><ol><li> \u00d6ncelikle \u201cG\u00f6r\u00fcn\u00fcm\u201d sekmesine gidin ve \u015feritteki \u201cPencere\u201d grubunun alt\u0131ndaki \u201cYan Yana G\u00f6ster\u201d simgesine t\u0131klay\u0131n.<\/li><li> \u015eimdi, b\u00f6l\u00fcnm\u00fc\u015f ekran modunda kar\u015f\u0131la\u015ft\u0131rmak istedi\u011finiz \u00e7al\u0131\u015fma kitab\u0131n\u0131 a\u00e7\u0131l\u0131r listeden se\u00e7in ve Tamam&#8217;a t\u0131klay\u0131n. <br><img loading=\"lazy\" decoding=\"async\" title=\"Se\u00e7enek 6 yan yana g\u00f6r\u00fcn\u00fcmler\" src=\"https:\/\/exceladvisor.org\/wp-content\/uploads\/2023\/08\/Option-6-vues-cote-a-cote.png\" sizes=\"auto, \" srcset=\"\" alt=\"view-side-by-side-option\" width=\"470\" height=\"338\"><\/li><li> Tamam&#8217;\u0131 t\u0131klatt\u0131\u011f\u0131n\u0131zda, \u00e7al\u0131\u015fma kitaplar\u0131n\u0131 spit moduna alacaks\u0131n\u0131z ve b\u00f6l\u00fcnm\u00fc\u015f ekran modundaki \u00e7al\u0131\u015fma sayfalar\u0131 i\u00e7in e\u015fzamanl\u0131 kayd\u0131rma varsay\u0131lan olarak etkinle\u015ftirilecektir. <br><img loading=\"lazy\" decoding=\"async\" title=\"7 e\u015fzamanl\u0131 kayd\u0131rma se\u00e7ene\u011fi\" src=\"https:\/\/exceladvisor.org\/wp-content\/uploads\/2023\/08\/7-option-de-defilement-synchrone.png\" sizes=\"auto, \" srcset=\"\" alt=\"synchronous-scrolling-option\" width=\"557\" height=\"119\"><\/li><\/ol><div class=\"gb-container gb-container-3044ba66 gb-container-mt\"><p class=\"gb-headline gb-headline-b5bb6270 gb-headline-text\"> <strong><a href=\"https:\/\/exceladvisor.org\/tr\/excelin-temelleri\/\">Excel Temelleri<\/a><\/strong> \/ <strong><a href=\"https:\/\/exceladvisor.org\/tr\/calisma-kagidi\/\" data-wpil=\"url\">Excel Elektronik Tablosu<\/a><\/strong><\/p><h2 class=\"gb-headline gb-headline-819d540d gb-headline-text gb-headline-mt-heading\"> Daha fazla e\u011fitim <\/h2><div class=\"gb-grid-wrapper gb-grid-wrapper-7f3d805a gb-grid-wrapper-mt-grid\"><div class=\"gb-grid-column gb-grid-column-7495e031\"><div class=\"gb-container gb-container-7495e031\"><ul><li> <a href=\"https:\/\/exceladvisor.org\/tr\/pekistirmek\/\">Birden \u00e7ok e-tablodaki verileri birle\u015ftirin<\/a><\/li><li> <a href=\"https:\/\/exceladvisor.org\/tr\/yeniden-isimlendirmek\/\">Excel&#8217;de sayfay\u0131 yeniden adland\u0131r\u0131n<\/a><\/li><li> <a href=\"https:\/\/exceladvisor.org\/tr\/grup-1\/\">Excel&#8217;de Grup \u00c7al\u0131\u015fma Sayfalar\u0131<\/a><\/li><li> <a href=\"https:\/\/exceladvisor.org\/tr\/eklemek\/\">Excel&#8217;e elektronik tablo ekleme<\/a><\/li><li> <a href=\"https:\/\/exceladvisor.org\/tr\/sekme-rengini-degistir\/\">Excel&#8217;de Sekme Rengini De\u011fi\u015ftirme (\u00c7al\u0131\u015fma Sayfas\u0131 Sekmesi)<\/a><\/li><\/ul><\/div><\/div><\/div><\/div>","protected":false},"excerpt":{"rendered":"","protected":false},"author":1,"featured_media":0,"parent":0,"menu_order":0,"comment_status":"open","ping_status":"closed","template":"","meta":{"ub_ctt_via":"","footnotes":""},"class_list":["post-1828","page","type-page","status-publish","hentry"],"featured_image_src":null,"yoast_head":"<!-- This site is optimized with the Yoast SEO plugin v25.4 - https:\/\/yoast.com\/wordpress\/plugins\/seo\/ -->\n<title>Excel&#039;de iki sayfa yan yana nas\u0131l g\u00f6r\u00fcnt\u00fclenir?<\/title>\n<meta name=\"description\" content=\"Bu e\u011fitimde, tek bir \u00e7al\u0131\u015fma kitab\u0131ndan ve farkl\u0131 \u00e7al\u0131\u015fma kitaplar\u0131ndan iki sayfay\u0131 yan yana nas\u0131l g\u00f6r\u00fcnt\u00fcleyece\u011finizi \u00f6\u011freneceksiniz.\" \/>\n<meta name=\"robots\" content=\"index, follow, max-snippet:-1, max-image-preview:large, max-video-preview:-1\" \/>\n<link rel=\"canonical\" href=\"https:\/\/exceladvisor.org\/tr\/yan-yana-gormek\/\" \/>\n<meta property=\"og:locale\" content=\"tr_TR\" \/>\n<meta property=\"og:type\" content=\"article\" \/>\n<meta property=\"og:title\" content=\"Excel&#039;de iki sayfa yan yana nas\u0131l g\u00f6r\u00fcnt\u00fclenir?\" \/>\n<meta property=\"og:description\" content=\"Bu e\u011fitimde, tek bir \u00e7al\u0131\u015fma kitab\u0131ndan ve farkl\u0131 \u00e7al\u0131\u015fma kitaplar\u0131ndan iki sayfay\u0131 yan yana nas\u0131l g\u00f6r\u00fcnt\u00fcleyece\u011finizi \u00f6\u011freneceksiniz.\" \/>\n<meta property=\"og:url\" content=\"https:\/\/exceladvisor.org\/tr\/yan-yana-gormek\/\" \/>\n<meta property=\"og:site_name\" content=\"Excel Advisor\" \/>\n<meta property=\"article:modified_time\" content=\"2023-12-10T06:01:09+00:00\" \/>\n<meta property=\"og:image\" content=\"https:\/\/exceladvisor.org\/wp-content\/uploads\/2023\/08\/1-nouvelle-icone-de-fenetre.png\" \/>\n<meta name=\"twitter:card\" content=\"summary_large_image\" \/>\n<meta name=\"twitter:label1\" content=\"Tahmini okuma s\u00fcresi\" \/>\n\t<meta name=\"twitter:data1\" content=\"3 dakika\" \/>\n<script type=\"application\/ld+json\" class=\"yoast-schema-graph\">{\"@context\":\"https:\/\/schema.org\",\"@graph\":[{\"@type\":\"WebPage\",\"@id\":\"https:\/\/exceladvisor.org\/tr\/yan-yana-gormek\/\",\"url\":\"https:\/\/exceladvisor.org\/tr\/yan-yana-gormek\/\",\"name\":\"Excel&#39;de iki sayfa yan yana nas\u0131l g\u00f6r\u00fcnt\u00fclenir?\",\"isPartOf\":{\"@id\":\"https:\/\/exceladvisor.org\/tr\/#website\"},\"primaryImageOfPage\":{\"@id\":\"https:\/\/exceladvisor.org\/tr\/yan-yana-gormek\/#primaryimage\"},\"image\":{\"@id\":\"https:\/\/exceladvisor.org\/tr\/yan-yana-gormek\/#primaryimage\"},\"thumbnailUrl\":\"https:\/\/exceladvisor.org\/wp-content\/uploads\/2023\/08\/1-nouvelle-icone-de-fenetre.png\",\"datePublished\":\"2023-10-31T23:27:44+00:00\",\"dateModified\":\"2023-12-10T06:01:09+00:00\",\"description\":\"Bu e\u011fitimde, tek bir \u00e7al\u0131\u015fma kitab\u0131ndan ve farkl\u0131 \u00e7al\u0131\u015fma kitaplar\u0131ndan iki sayfay\u0131 yan yana nas\u0131l g\u00f6r\u00fcnt\u00fcleyece\u011finizi \u00f6\u011freneceksiniz.\",\"breadcrumb\":{\"@id\":\"https:\/\/exceladvisor.org\/tr\/yan-yana-gormek\/#breadcrumb\"},\"inLanguage\":\"tr\",\"potentialAction\":[{\"@type\":\"ReadAction\",\"target\":[\"https:\/\/exceladvisor.org\/tr\/yan-yana-gormek\/\"]}]},{\"@type\":\"ImageObject\",\"inLanguage\":\"tr\",\"@id\":\"https:\/\/exceladvisor.org\/tr\/yan-yana-gormek\/#primaryimage\",\"url\":\"https:\/\/exceladvisor.org\/wp-content\/uploads\/2023\/08\/1-nouvelle-icone-de-fenetre.png\",\"contentUrl\":\"https:\/\/exceladvisor.org\/wp-content\/uploads\/2023\/08\/1-nouvelle-icone-de-fenetre.png\"},{\"@type\":\"BreadcrumbList\",\"@id\":\"https:\/\/exceladvisor.org\/tr\/yan-yana-gormek\/#breadcrumb\",\"itemListElement\":[{\"@type\":\"ListItem\",\"position\":1,\"name\":\"Ev\",\"item\":\"https:\/\/exceladvisor.org\/tr\/\"},{\"@type\":\"ListItem\",\"position\":2,\"name\":\"Excel&#39;de iki sayfa yan yana nas\u0131l g\u00f6r\u00fcnt\u00fclenir?\"}]},{\"@type\":\"WebSite\",\"@id\":\"https:\/\/exceladvisor.org\/tr\/#website\",\"url\":\"https:\/\/exceladvisor.org\/tr\/\",\"name\":\"Excel Advisor\",\"description\":\"Veri hakimiyetine y\u00f6nelik nihai rehberiniz!\",\"publisher\":{\"@id\":\"https:\/\/exceladvisor.org\/tr\/#organization\"},\"potentialAction\":[{\"@type\":\"SearchAction\",\"target\":{\"@type\":\"EntryPoint\",\"urlTemplate\":\"https:\/\/exceladvisor.org\/tr\/?s={search_term_string}\"},\"query-input\":{\"@type\":\"PropertyValueSpecification\",\"valueRequired\":true,\"valueName\":\"search_term_string\"}}],\"inLanguage\":\"tr\"},{\"@type\":\"Organization\",\"@id\":\"https:\/\/exceladvisor.org\/tr\/#organization\",\"name\":\"Excel Advisor\",\"url\":\"https:\/\/exceladvisor.org\/tr\/\",\"logo\":{\"@type\":\"ImageObject\",\"inLanguage\":\"tr\",\"@id\":\"https:\/\/exceladvisor.org\/tr\/#\/schema\/logo\/image\/\",\"url\":\"https:\/\/exceladvisor.org\/tr\/wp-content\/uploads\/2023\/12\/exceladvisor.org_.png\",\"contentUrl\":\"https:\/\/exceladvisor.org\/tr\/wp-content\/uploads\/2023\/12\/exceladvisor.org_.png\",\"width\":105,\"height\":36,\"caption\":\"Excel Advisor\"},\"image\":{\"@id\":\"https:\/\/exceladvisor.org\/tr\/#\/schema\/logo\/image\/\"}}]}<\/script>\n<!-- \/ Yoast SEO plugin. -->","yoast_head_json":{"title":"Excel&#39;de iki sayfa yan yana nas\u0131l g\u00f6r\u00fcnt\u00fclenir?","description":"Bu e\u011fitimde, tek bir \u00e7al\u0131\u015fma kitab\u0131ndan ve farkl\u0131 \u00e7al\u0131\u015fma kitaplar\u0131ndan iki sayfay\u0131 yan yana nas\u0131l g\u00f6r\u00fcnt\u00fcleyece\u011finizi \u00f6\u011freneceksiniz.","robots":{"index":"index","follow":"follow","max-snippet":"max-snippet:-1","max-image-preview":"max-image-preview:large","max-video-preview":"max-video-preview:-1"},"canonical":"https:\/\/exceladvisor.org\/tr\/yan-yana-gormek\/","og_locale":"tr_TR","og_type":"article","og_title":"Excel&#39;de iki sayfa yan yana nas\u0131l g\u00f6r\u00fcnt\u00fclenir?","og_description":"Bu e\u011fitimde, tek bir \u00e7al\u0131\u015fma kitab\u0131ndan ve farkl\u0131 \u00e7al\u0131\u015fma kitaplar\u0131ndan iki sayfay\u0131 yan yana nas\u0131l g\u00f6r\u00fcnt\u00fcleyece\u011finizi \u00f6\u011freneceksiniz.","og_url":"https:\/\/exceladvisor.org\/tr\/yan-yana-gormek\/","og_site_name":"Excel Advisor","article_modified_time":"2023-12-10T06:01:09+00:00","og_image":[{"url":"https:\/\/exceladvisor.org\/wp-content\/uploads\/2023\/08\/1-nouvelle-icone-de-fenetre.png","type":"","width":"","height":""}],"twitter_card":"summary_large_image","twitter_misc":{"Tahmini okuma s\u00fcresi":"3 dakika"},"schema":{"@context":"https:\/\/schema.org","@graph":[{"@type":"WebPage","@id":"https:\/\/exceladvisor.org\/tr\/yan-yana-gormek\/","url":"https:\/\/exceladvisor.org\/tr\/yan-yana-gormek\/","name":"Excel&#39;de iki sayfa yan yana nas\u0131l g\u00f6r\u00fcnt\u00fclenir?","isPartOf":{"@id":"https:\/\/exceladvisor.org\/tr\/#website"},"primaryImageOfPage":{"@id":"https:\/\/exceladvisor.org\/tr\/yan-yana-gormek\/#primaryimage"},"image":{"@id":"https:\/\/exceladvisor.org\/tr\/yan-yana-gormek\/#primaryimage"},"thumbnailUrl":"https:\/\/exceladvisor.org\/wp-content\/uploads\/2023\/08\/1-nouvelle-icone-de-fenetre.png","datePublished":"2023-10-31T23:27:44+00:00","dateModified":"2023-12-10T06:01:09+00:00","description":"Bu e\u011fitimde, tek bir \u00e7al\u0131\u015fma kitab\u0131ndan ve farkl\u0131 \u00e7al\u0131\u015fma kitaplar\u0131ndan iki sayfay\u0131 yan yana nas\u0131l g\u00f6r\u00fcnt\u00fcleyece\u011finizi \u00f6\u011freneceksiniz.","breadcrumb":{"@id":"https:\/\/exceladvisor.org\/tr\/yan-yana-gormek\/#breadcrumb"},"inLanguage":"tr","potentialAction":[{"@type":"ReadAction","target":["https:\/\/exceladvisor.org\/tr\/yan-yana-gormek\/"]}]},{"@type":"ImageObject","inLanguage":"tr","@id":"https:\/\/exceladvisor.org\/tr\/yan-yana-gormek\/#primaryimage","url":"https:\/\/exceladvisor.org\/wp-content\/uploads\/2023\/08\/1-nouvelle-icone-de-fenetre.png","contentUrl":"https:\/\/exceladvisor.org\/wp-content\/uploads\/2023\/08\/1-nouvelle-icone-de-fenetre.png"},{"@type":"BreadcrumbList","@id":"https:\/\/exceladvisor.org\/tr\/yan-yana-gormek\/#breadcrumb","itemListElement":[{"@type":"ListItem","position":1,"name":"Ev","item":"https:\/\/exceladvisor.org\/tr\/"},{"@type":"ListItem","position":2,"name":"Excel&#39;de iki sayfa yan yana nas\u0131l g\u00f6r\u00fcnt\u00fclenir?"}]},{"@type":"WebSite","@id":"https:\/\/exceladvisor.org\/tr\/#website","url":"https:\/\/exceladvisor.org\/tr\/","name":"Excel Advisor","description":"Veri hakimiyetine y\u00f6nelik nihai rehberiniz!","publisher":{"@id":"https:\/\/exceladvisor.org\/tr\/#organization"},"potentialAction":[{"@type":"SearchAction","target":{"@type":"EntryPoint","urlTemplate":"https:\/\/exceladvisor.org\/tr\/?s={search_term_string}"},"query-input":{"@type":"PropertyValueSpecification","valueRequired":true,"valueName":"search_term_string"}}],"inLanguage":"tr"},{"@type":"Organization","@id":"https:\/\/exceladvisor.org\/tr\/#organization","name":"Excel Advisor","url":"https:\/\/exceladvisor.org\/tr\/","logo":{"@type":"ImageObject","inLanguage":"tr","@id":"https:\/\/exceladvisor.org\/tr\/#\/schema\/logo\/image\/","url":"https:\/\/exceladvisor.org\/tr\/wp-content\/uploads\/2023\/12\/exceladvisor.org_.png","contentUrl":"https:\/\/exceladvisor.org\/tr\/wp-content\/uploads\/2023\/12\/exceladvisor.org_.png","width":105,"height":36,"caption":"Excel Advisor"},"image":{"@id":"https:\/\/exceladvisor.org\/tr\/#\/schema\/logo\/image\/"}}]}},"yoast_meta":{"yoast_wpseo_title":"","yoast_wpseo_metadesc":"","yoast_wpseo_canonical":""},"_links":{"self":[{"href":"https:\/\/exceladvisor.org\/tr\/wp-json\/wp\/v2\/pages\/1828","targetHints":{"allow":["GET"]}}],"collection":[{"href":"https:\/\/exceladvisor.org\/tr\/wp-json\/wp\/v2\/pages"}],"about":[{"href":"https:\/\/exceladvisor.org\/tr\/wp-json\/wp\/v2\/types\/page"}],"author":[{"embeddable":true,"href":"https:\/\/exceladvisor.org\/tr\/wp-json\/wp\/v2\/users\/1"}],"replies":[{"embeddable":true,"href":"https:\/\/exceladvisor.org\/tr\/wp-json\/wp\/v2\/comments?post=1828"}],"version-history":[{"count":1,"href":"https:\/\/exceladvisor.org\/tr\/wp-json\/wp\/v2\/pages\/1828\/revisions"}],"predecessor-version":[{"id":2479,"href":"https:\/\/exceladvisor.org\/tr\/wp-json\/wp\/v2\/pages\/1828\/revisions\/2479"}],"wp:attachment":[{"href":"https:\/\/exceladvisor.org\/tr\/wp-json\/wp\/v2\/media?parent=1828"}],"curies":[{"name":"wp","href":"https:\/\/api.w.org\/{rel}","templated":true}]}}