{"id":1829,"date":"2023-10-31T23:04:24","date_gmt":"2023-10-31T23:04:24","guid":{"rendered":"https:\/\/exceladvisor.org\/tr\/yeniden-isimlendirmek\/"},"modified":"2023-12-10T06:00:43","modified_gmt":"2023-12-10T06:00:43","slug":"yeniden-isimlendirmek","status":"publish","type":"page","link":"https:\/\/exceladvisor.org\/tr\/yeniden-isimlendirmek\/","title":{"rendered":"Excel&#39;de bir sayfay\u0131 nas\u0131l yeniden adland\u0131rabilirim?"},"content":{"rendered":"<div class=\"excel-icerikten-once\" id=\"excel-724288204\"><script type=\"text\/javascript\">\r\n\tatOptions = {\r\n\t\t'key' : 'c1158f160081d6540a8409e6925dab94',\r\n\t\t'format' : 'iframe',\r\n\t\t'height' : 250,\r\n\t\t'width' : 300,\r\n\t\t'params' : {}\r\n\t};\r\n<\/script>\r\n<script type=\"text\/javascript\" src=\"\/\/www.highperformanceformat.com\/c1158f160081d6540a8409e6925dab94\/invoke.js\"><\/script><\/div> <p>Excel&#8217;de bir sayfay\u0131 yeniden adland\u0131rman\u0131n birka\u00e7 yolu vard\u0131r ve bu derste t\u00fcm bu y\u00f6ntemleri \u00f6\u011frenece\u011fiz.<\/p><h2 id=\"h-rename-a-sheet-from-option-menu\" class=\"wp-block-heading\"> Se\u00e7enekler men\u00fcs\u00fcnden bir sayfay\u0131 yeniden adland\u0131rma<\/h2><p> Bir sayfay\u0131 yeniden adland\u0131rman\u0131n varsay\u0131lan y\u00f6ntemi, sa\u011f t\u0131klama se\u00e7enekleri men\u00fcs\u00fcn\u00fc kullanmakt\u0131r. A\u015fa\u011f\u0131daki ad\u0131mlara bak\u0131n: <\/p><div class=\"wp-block-image\"><figure class=\"aligncenter size-full is-resized\"><img loading=\"lazy\" decoding=\"async\" class=\"wp-image-61147\" src=\"https:\/\/exceladvisor.org\/wp-content\/uploads\/2023\/08\/1-renommer-la-feuille-a-partir-du-menu-doptions.png\" sizes=\"auto, \" srcset=\"\" alt=\"se\u00e7enekler men\u00fcs\u00fcnden sayfay\u0131 yeniden adland\u0131r\" width=\"347\" height=\"407\"><\/figure><\/div><ol type=\"1\"><li> \u00d6ncelikle yeniden adland\u0131rmak istedi\u011finiz sayfay\u0131 etkinle\u015ftirin.<\/li><li> Daha sonra sayfa sekmesine sa\u011f t\u0131klay\u0131n.<\/li><li> Bundan sonra se\u00e7enekler listesinden \u201cYeniden Adland\u0131r\u201d se\u00e7ene\u011fine t\u0131klay\u0131n.<\/li><li> \u015eimdi eski ad\u0131 silin ve d\u00fczeltmek istedi\u011finiz yeni ad\u0131 yaz\u0131n.<\/li><li> Sonunda Enter tu\u015funa bas\u0131n.<\/li><\/ol><h2 id=\"h-keyboard-shortcut-to-rename-a-sheet\" class=\"wp-block-heading\"> Bir sayfay\u0131 yeniden adland\u0131rmak i\u00e7in klavye k\u0131sayolu<\/h2><p> Excel&#8217;de bir sayfay\u0131 yeniden adland\u0131rmak i\u00e7in kullanabilece\u011finiz bir klavye k\u0131sayolu da vard\u0131r. Bu klavye k\u0131sayolunu kullanmak i\u00e7in \u00f6ncelikle yeniden adland\u0131rmak istedi\u011finiz sayfay\u0131 etkinle\u015ftirmeniz ve ard\u0131ndan a\u015fa\u011f\u0131daki tu\u015flara basman\u0131z gerekir:<\/p><p> <kbd>Alt \u21e2 H \u21e2 \u00d6 \u21e2 R<\/kbd> <\/p><div class=\"wp-block-image\"><figure class=\"aligncenter size-full is-resized\"><img loading=\"lazy\" decoding=\"async\" class=\"wp-image-61148\" src=\"https:\/\/exceladvisor.org\/wp-content\/uploads\/2023\/08\/2-raccourci-clavier-pour-renommer-la-feuille.png\" sizes=\"auto, \" srcset=\"\" alt=\"sayfay\u0131 yeniden adland\u0131rmak i\u00e7in klavye k\u0131sayolu\" width=\"903\" height=\"210\"><\/figure><\/div><p> Bu k\u0131sayol tu\u015funa bast\u0131\u011f\u0131n\u0131zda sayfa ad\u0131 de\u011fi\u015fir. Daha sonra belirtmek istedi\u011finiz yeni ad\u0131 yaz\u0131p Enter tu\u015funa basabilirsiniz.<\/p><h2 id=\"h-double-click-of-rename-a-sheet\" class=\"wp-block-heading\"> Bir sayfay\u0131 yeniden adland\u0131rmak i\u00e7in \u00e7ift t\u0131klay\u0131n<\/h2><p> Sayfa ad\u0131n\u0131 d\u00fczenlemek ve daha sonra yeniden adland\u0131rmak i\u00e7in fareyi \u00e7ift t\u0131klatarak da kullanabilirsiniz.<\/p><ol type=\"1\"><li> \u00d6ncelikle yeniden adland\u0131rmak istedi\u011finiz sayfay\u0131 etkinle\u015ftirin.<\/li><li> D\u00fczenlemek i\u00e7in sayfa sekmesini \u00e7ift t\u0131klay\u0131n.<\/li><li> Orada zaten sahip oldu\u011funuz eski ad\u0131 silin.<\/li><li> Yeni ad\u0131 yaz\u0131n ve Enter tu\u015funa bas\u0131n.<\/li><\/ol><h2 id=\"h-using-the-format-options\" class=\"wp-block-heading\"> Bi\u00e7im se\u00e7eneklerini kullanma<\/h2><p> Benzer \u015fekilde, \u015feritteki bi\u00e7im se\u00e7ene\u011fini kullanarak bir \u00e7al\u0131\u015fma sayfas\u0131n\u0131 yeniden adland\u0131rabilirsiniz. <\/p><div class=\"wp-block-image\"><figure class=\"aligncenter size-full is-resized\"><img loading=\"lazy\" decoding=\"async\" class=\"wp-image-61149\" src=\"https:\/\/exceladvisor.org\/wp-content\/uploads\/2023\/08\/3-renommer-la-feuille-en-utilisant-loption-de-format.png\" sizes=\"auto, \" srcset=\"\" alt=\"format se\u00e7ene\u011fini kullanarak sayfay\u0131 yeniden adland\u0131r\u0131n\" width=\"272\" height=\"434\"><\/figure><\/div><ol><li> \u00d6ncelikle Ana Sayfa sekmesine gidin ve format se\u00e7enekleri a\u00e7\u0131l\u0131r listesini bulun.<\/li><li> Ard\u0131ndan, se\u00e7eneklerin listesini almak i\u00e7in a\u00e7\u0131l\u0131r men\u00fcye t\u0131klay\u0131n.<\/li><li> Bundan sonra sayfa ad\u0131n\u0131 de\u011fi\u015ftirmek i\u00e7in \u201cSayfay\u0131 Yeniden Adland\u0131r\u201d se\u00e7ene\u011fine t\u0131klay\u0131n.<\/li><li> Sonunda yeni ad\u0131 girin ve Enter tu\u015funa bas\u0131n.<\/li><\/ol><p> Di\u011fer t\u00fcm y\u00f6ntemler gibi bu y\u00f6ntemi de kullanabilmek i\u00e7in \u00f6ncelikle sayfay\u0131 etkinle\u015ftirmeniz gerekir.<\/p><p class=\"mytip\"> <a href=\"https:\/\/exceladvisor.org\/tr\/sayfayi-yeniden-adlandir\/\">Bir sayfay\u0131 yeniden adland\u0131rmak i\u00e7in VBA&#8217;y\u0131<\/a> da kullanabilirsiniz.<\/p><h2 id=\"h-rules-you-need-to-know-naming-a-sheet\" class=\"wp-block-heading\"> Bilmeniz gereken kurallar (bir sayfaya ad verin)<\/h2><p> Bir sayfay\u0131 yeniden adland\u0131r\u0131rken akl\u0131n\u0131zda bulundurman\u0131z gereken birka\u00e7 kural vard\u0131r.<\/p><ol type=\"1\"><li> \u0130ki farkl\u0131 sayfay\u0131 ayn\u0131 adla adland\u0131rabilirsiniz.<\/li><li> Sayfa ad\u0131 bo\u015f bir de\u011fer olamaz.<\/li><li> Bir sayfa ad\u0131nda en fazla 31 karakter kullan\u0131labilir.<\/li><li> Kesme i\u015fareti (&#8216;) ismin ba\u015f\u0131nda ve sonunda kullan\u0131lamaz ancak ortas\u0131nda bir yerde kullan\u0131labilir.<\/li><li> Ad\u0131n i\u00e7inde [ ] \\ \/? gibi baz\u0131 karakterler kullan\u0131lamaz. :*<\/li><li> Excel&#8217;in ay\u0131rd\u0131\u011f\u0131 sayfa ad\u0131 olarak &#8220;Ge\u00e7mi\u015f&#8221; kelimesini kullanamazs\u0131n\u0131z. <\/li><\/ol><div class=\"gb-container gb-container-3044ba66 gb-container-mt\"><p class=\"gb-headline gb-headline-b5bb6270 gb-headline-text\"> <strong><a href=\"https:\/\/exceladvisor.org\/tr\/excelin-temelleri\/\">Excel Temelleri<\/a><\/strong> \/ <strong><a href=\"https:\/\/exceladvisor.org\/tr\/calisma-kagidi\/\" data-wpil=\"url\">Excel Elektronik Tablosu<\/a><\/strong><\/p><h2 class=\"gb-headline gb-headline-819d540d gb-headline-text gb-headline-mt-heading\"> Daha fazla e\u011fitim <\/h2><div class=\"gb-grid-wrapper gb-grid-wrapper-7f3d805a gb-grid-wrapper-mt-grid\"><div class=\"gb-grid-column gb-grid-column-7495e031\"><div class=\"gb-container gb-container-7495e031\"><ul><li> <a href=\"https:\/\/exceladvisor.org\/tr\/eklemek\/\">Excel&#8217;e elektronik tablo ekleme<\/a><\/li><li> <a href=\"https:\/\/exceladvisor.org\/tr\/sekme-rengini-degistir\/\">Excel&#8217;de Sekme Rengini De\u011fi\u015ftirme (\u00c7al\u0131\u015fma Sayfas\u0131 Sekmesi)<\/a><\/li><li> <a href=\"https:\/\/exceladvisor.org\/tr\/baslik-ekle\/\">Excel&#8217;de \u00e7al\u0131\u015fma sayfas\u0131na ba\u015fl\u0131k ekleme<\/a><\/li><li> <a href=\"https:\/\/exceladvisor.org\/tr\/1i-kopyala\/\">Bir sayfay\u0131 (e-tablo) kopyalama veya ta\u015f\u0131ma<\/a><\/li><li> <a href=\"https:\/\/exceladvisor.org\/tr\/hepsini-sec-1\/\">T\u00fcm \u00e7al\u0131\u015fma sayfalar\u0131n\u0131 (sayfalar\u0131) se\u00e7<\/a> <\/li><\/ul><\/div><\/div><div class=\"gb-grid-column gb-grid-column-530ab33a\"><div class=\"gb-container gb-container-530ab33a\"><\/div><\/div><\/div><\/div>","protected":false},"excerpt":{"rendered":"","protected":false},"author":1,"featured_media":0,"parent":0,"menu_order":0,"comment_status":"open","ping_status":"closed","template":"","meta":{"ub_ctt_via":"","footnotes":""},"class_list":["post-1829","page","type-page","status-publish","hentry"],"featured_image_src":null,"yoast_head":"<!-- This site is optimized with the Yoast SEO plugin v25.4 - https:\/\/yoast.com\/wordpress\/plugins\/seo\/ -->\n<title>Excel&#039;de bir sayfay\u0131 nas\u0131l yeniden adland\u0131rabilirim? (E\u011fitim 2023)<\/title>\n<meta name=\"description\" content=\"Burada Excel&#039;de bir sayfay\u0131 yeniden adland\u0131rman\u0131n farkl\u0131 yollar\u0131n\u0131 \u00f6\u011frenece\u011fiz (klavye k\u0131sayolu, fare t\u0131klamas\u0131, sa\u011f t\u0131klama vb.)\" \/>\n<meta name=\"robots\" content=\"index, follow, max-snippet:-1, max-image-preview:large, max-video-preview:-1\" \/>\n<link rel=\"canonical\" href=\"https:\/\/exceladvisor.org\/tr\/yeniden-isimlendirmek\/\" \/>\n<meta property=\"og:locale\" content=\"tr_TR\" \/>\n<meta property=\"og:type\" content=\"article\" \/>\n<meta property=\"og:title\" content=\"Excel&#039;de bir sayfay\u0131 nas\u0131l yeniden adland\u0131rabilirim? (E\u011fitim 2023)\" \/>\n<meta property=\"og:description\" content=\"Burada Excel&#039;de bir sayfay\u0131 yeniden adland\u0131rman\u0131n farkl\u0131 yollar\u0131n\u0131 \u00f6\u011frenece\u011fiz (klavye k\u0131sayolu, fare t\u0131klamas\u0131, sa\u011f t\u0131klama vb.)\" \/>\n<meta property=\"og:url\" content=\"https:\/\/exceladvisor.org\/tr\/yeniden-isimlendirmek\/\" \/>\n<meta property=\"og:site_name\" content=\"Excel Advisor\" \/>\n<meta property=\"article:modified_time\" content=\"2023-12-10T06:00:43+00:00\" \/>\n<meta property=\"og:image\" content=\"https:\/\/exceladvisor.org\/wp-content\/uploads\/2023\/08\/1-renommer-la-feuille-a-partir-du-menu-doptions.png\" \/>\n<meta name=\"twitter:card\" content=\"summary_large_image\" \/>\n<meta name=\"twitter:label1\" content=\"Tahmini okuma s\u00fcresi\" \/>\n\t<meta name=\"twitter:data1\" content=\"3 dakika\" \/>\n<script type=\"application\/ld+json\" class=\"yoast-schema-graph\">{\"@context\":\"https:\/\/schema.org\",\"@graph\":[{\"@type\":\"WebPage\",\"@id\":\"https:\/\/exceladvisor.org\/tr\/yeniden-isimlendirmek\/\",\"url\":\"https:\/\/exceladvisor.org\/tr\/yeniden-isimlendirmek\/\",\"name\":\"Excel&#39;de bir sayfay\u0131 nas\u0131l yeniden adland\u0131rabilirim? (E\u011fitim 2023)\",\"isPartOf\":{\"@id\":\"https:\/\/exceladvisor.org\/tr\/#website\"},\"primaryImageOfPage\":{\"@id\":\"https:\/\/exceladvisor.org\/tr\/yeniden-isimlendirmek\/#primaryimage\"},\"image\":{\"@id\":\"https:\/\/exceladvisor.org\/tr\/yeniden-isimlendirmek\/#primaryimage\"},\"thumbnailUrl\":\"https:\/\/exceladvisor.org\/wp-content\/uploads\/2023\/08\/1-renommer-la-feuille-a-partir-du-menu-doptions.png\",\"datePublished\":\"2023-10-31T23:04:24+00:00\",\"dateModified\":\"2023-12-10T06:00:43+00:00\",\"description\":\"Burada Excel&#39;de bir sayfay\u0131 yeniden adland\u0131rman\u0131n farkl\u0131 yollar\u0131n\u0131 \u00f6\u011frenece\u011fiz (klavye k\u0131sayolu, fare t\u0131klamas\u0131, sa\u011f t\u0131klama vb.)\",\"breadcrumb\":{\"@id\":\"https:\/\/exceladvisor.org\/tr\/yeniden-isimlendirmek\/#breadcrumb\"},\"inLanguage\":\"tr\",\"potentialAction\":[{\"@type\":\"ReadAction\",\"target\":[\"https:\/\/exceladvisor.org\/tr\/yeniden-isimlendirmek\/\"]}]},{\"@type\":\"ImageObject\",\"inLanguage\":\"tr\",\"@id\":\"https:\/\/exceladvisor.org\/tr\/yeniden-isimlendirmek\/#primaryimage\",\"url\":\"https:\/\/exceladvisor.org\/wp-content\/uploads\/2023\/08\/1-renommer-la-feuille-a-partir-du-menu-doptions.png\",\"contentUrl\":\"https:\/\/exceladvisor.org\/wp-content\/uploads\/2023\/08\/1-renommer-la-feuille-a-partir-du-menu-doptions.png\"},{\"@type\":\"BreadcrumbList\",\"@id\":\"https:\/\/exceladvisor.org\/tr\/yeniden-isimlendirmek\/#breadcrumb\",\"itemListElement\":[{\"@type\":\"ListItem\",\"position\":1,\"name\":\"Ev\",\"item\":\"https:\/\/exceladvisor.org\/tr\/\"},{\"@type\":\"ListItem\",\"position\":2,\"name\":\"Excel&#39;de bir sayfay\u0131 nas\u0131l yeniden adland\u0131rabilirim?\"}]},{\"@type\":\"WebSite\",\"@id\":\"https:\/\/exceladvisor.org\/tr\/#website\",\"url\":\"https:\/\/exceladvisor.org\/tr\/\",\"name\":\"Excel Advisor\",\"description\":\"Veri hakimiyetine y\u00f6nelik nihai rehberiniz!\",\"publisher\":{\"@id\":\"https:\/\/exceladvisor.org\/tr\/#organization\"},\"potentialAction\":[{\"@type\":\"SearchAction\",\"target\":{\"@type\":\"EntryPoint\",\"urlTemplate\":\"https:\/\/exceladvisor.org\/tr\/?s={search_term_string}\"},\"query-input\":{\"@type\":\"PropertyValueSpecification\",\"valueRequired\":true,\"valueName\":\"search_term_string\"}}],\"inLanguage\":\"tr\"},{\"@type\":\"Organization\",\"@id\":\"https:\/\/exceladvisor.org\/tr\/#organization\",\"name\":\"Excel Advisor\",\"url\":\"https:\/\/exceladvisor.org\/tr\/\",\"logo\":{\"@type\":\"ImageObject\",\"inLanguage\":\"tr\",\"@id\":\"https:\/\/exceladvisor.org\/tr\/#\/schema\/logo\/image\/\",\"url\":\"https:\/\/exceladvisor.org\/tr\/wp-content\/uploads\/2023\/12\/exceladvisor.org_.png\",\"contentUrl\":\"https:\/\/exceladvisor.org\/tr\/wp-content\/uploads\/2023\/12\/exceladvisor.org_.png\",\"width\":105,\"height\":36,\"caption\":\"Excel Advisor\"},\"image\":{\"@id\":\"https:\/\/exceladvisor.org\/tr\/#\/schema\/logo\/image\/\"}}]}<\/script>\n<!-- \/ Yoast SEO plugin. -->","yoast_head_json":{"title":"Excel&#39;de bir sayfay\u0131 nas\u0131l yeniden adland\u0131rabilirim? (E\u011fitim 2023)","description":"Burada Excel&#39;de bir sayfay\u0131 yeniden adland\u0131rman\u0131n farkl\u0131 yollar\u0131n\u0131 \u00f6\u011frenece\u011fiz (klavye k\u0131sayolu, fare t\u0131klamas\u0131, sa\u011f t\u0131klama vb.)","robots":{"index":"index","follow":"follow","max-snippet":"max-snippet:-1","max-image-preview":"max-image-preview:large","max-video-preview":"max-video-preview:-1"},"canonical":"https:\/\/exceladvisor.org\/tr\/yeniden-isimlendirmek\/","og_locale":"tr_TR","og_type":"article","og_title":"Excel&#39;de bir sayfay\u0131 nas\u0131l yeniden adland\u0131rabilirim? (E\u011fitim 2023)","og_description":"Burada Excel&#39;de bir sayfay\u0131 yeniden adland\u0131rman\u0131n farkl\u0131 yollar\u0131n\u0131 \u00f6\u011frenece\u011fiz (klavye k\u0131sayolu, fare t\u0131klamas\u0131, sa\u011f t\u0131klama vb.)","og_url":"https:\/\/exceladvisor.org\/tr\/yeniden-isimlendirmek\/","og_site_name":"Excel Advisor","article_modified_time":"2023-12-10T06:00:43+00:00","og_image":[{"url":"https:\/\/exceladvisor.org\/wp-content\/uploads\/2023\/08\/1-renommer-la-feuille-a-partir-du-menu-doptions.png","type":"","width":"","height":""}],"twitter_card":"summary_large_image","twitter_misc":{"Tahmini okuma s\u00fcresi":"3 dakika"},"schema":{"@context":"https:\/\/schema.org","@graph":[{"@type":"WebPage","@id":"https:\/\/exceladvisor.org\/tr\/yeniden-isimlendirmek\/","url":"https:\/\/exceladvisor.org\/tr\/yeniden-isimlendirmek\/","name":"Excel&#39;de bir sayfay\u0131 nas\u0131l yeniden adland\u0131rabilirim? (E\u011fitim 2023)","isPartOf":{"@id":"https:\/\/exceladvisor.org\/tr\/#website"},"primaryImageOfPage":{"@id":"https:\/\/exceladvisor.org\/tr\/yeniden-isimlendirmek\/#primaryimage"},"image":{"@id":"https:\/\/exceladvisor.org\/tr\/yeniden-isimlendirmek\/#primaryimage"},"thumbnailUrl":"https:\/\/exceladvisor.org\/wp-content\/uploads\/2023\/08\/1-renommer-la-feuille-a-partir-du-menu-doptions.png","datePublished":"2023-10-31T23:04:24+00:00","dateModified":"2023-12-10T06:00:43+00:00","description":"Burada Excel&#39;de bir sayfay\u0131 yeniden adland\u0131rman\u0131n farkl\u0131 yollar\u0131n\u0131 \u00f6\u011frenece\u011fiz (klavye k\u0131sayolu, fare t\u0131klamas\u0131, sa\u011f t\u0131klama vb.)","breadcrumb":{"@id":"https:\/\/exceladvisor.org\/tr\/yeniden-isimlendirmek\/#breadcrumb"},"inLanguage":"tr","potentialAction":[{"@type":"ReadAction","target":["https:\/\/exceladvisor.org\/tr\/yeniden-isimlendirmek\/"]}]},{"@type":"ImageObject","inLanguage":"tr","@id":"https:\/\/exceladvisor.org\/tr\/yeniden-isimlendirmek\/#primaryimage","url":"https:\/\/exceladvisor.org\/wp-content\/uploads\/2023\/08\/1-renommer-la-feuille-a-partir-du-menu-doptions.png","contentUrl":"https:\/\/exceladvisor.org\/wp-content\/uploads\/2023\/08\/1-renommer-la-feuille-a-partir-du-menu-doptions.png"},{"@type":"BreadcrumbList","@id":"https:\/\/exceladvisor.org\/tr\/yeniden-isimlendirmek\/#breadcrumb","itemListElement":[{"@type":"ListItem","position":1,"name":"Ev","item":"https:\/\/exceladvisor.org\/tr\/"},{"@type":"ListItem","position":2,"name":"Excel&#39;de bir sayfay\u0131 nas\u0131l yeniden adland\u0131rabilirim?"}]},{"@type":"WebSite","@id":"https:\/\/exceladvisor.org\/tr\/#website","url":"https:\/\/exceladvisor.org\/tr\/","name":"Excel Advisor","description":"Veri hakimiyetine y\u00f6nelik nihai rehberiniz!","publisher":{"@id":"https:\/\/exceladvisor.org\/tr\/#organization"},"potentialAction":[{"@type":"SearchAction","target":{"@type":"EntryPoint","urlTemplate":"https:\/\/exceladvisor.org\/tr\/?s={search_term_string}"},"query-input":{"@type":"PropertyValueSpecification","valueRequired":true,"valueName":"search_term_string"}}],"inLanguage":"tr"},{"@type":"Organization","@id":"https:\/\/exceladvisor.org\/tr\/#organization","name":"Excel Advisor","url":"https:\/\/exceladvisor.org\/tr\/","logo":{"@type":"ImageObject","inLanguage":"tr","@id":"https:\/\/exceladvisor.org\/tr\/#\/schema\/logo\/image\/","url":"https:\/\/exceladvisor.org\/tr\/wp-content\/uploads\/2023\/12\/exceladvisor.org_.png","contentUrl":"https:\/\/exceladvisor.org\/tr\/wp-content\/uploads\/2023\/12\/exceladvisor.org_.png","width":105,"height":36,"caption":"Excel Advisor"},"image":{"@id":"https:\/\/exceladvisor.org\/tr\/#\/schema\/logo\/image\/"}}]}},"yoast_meta":{"yoast_wpseo_title":"","yoast_wpseo_metadesc":"","yoast_wpseo_canonical":""},"_links":{"self":[{"href":"https:\/\/exceladvisor.org\/tr\/wp-json\/wp\/v2\/pages\/1829","targetHints":{"allow":["GET"]}}],"collection":[{"href":"https:\/\/exceladvisor.org\/tr\/wp-json\/wp\/v2\/pages"}],"about":[{"href":"https:\/\/exceladvisor.org\/tr\/wp-json\/wp\/v2\/types\/page"}],"author":[{"embeddable":true,"href":"https:\/\/exceladvisor.org\/tr\/wp-json\/wp\/v2\/users\/1"}],"replies":[{"embeddable":true,"href":"https:\/\/exceladvisor.org\/tr\/wp-json\/wp\/v2\/comments?post=1829"}],"version-history":[{"count":1,"href":"https:\/\/exceladvisor.org\/tr\/wp-json\/wp\/v2\/pages\/1829\/revisions"}],"predecessor-version":[{"id":2430,"href":"https:\/\/exceladvisor.org\/tr\/wp-json\/wp\/v2\/pages\/1829\/revisions\/2430"}],"wp:attachment":[{"href":"https:\/\/exceladvisor.org\/tr\/wp-json\/wp\/v2\/media?parent=1829"}],"curies":[{"name":"wp","href":"https:\/\/api.w.org\/{rel}","templated":true}]}}